{"id":25412,"date":"2023-01-25T15:09:38","date_gmt":"2023-01-25T15:09:38","guid":{"rendered":"https:\/\/multicredit.ch\/credit-rating-check\/"},"modified":"2023-06-02T14:53:01","modified_gmt":"2023-06-02T14:53:01","slug":"credit-rating-check","status":"publish","type":"page","link":"https:\/\/multicredit.ch\/pt-pt\/pedido-de-credito\/credit-rating-check\/","title":{"rendered":"Conhece a sua pontua\u00e7\u00e3o de cr\u00e9dito? Verifique agora a sua classifica\u00e7\u00e3o com ZEK, CRIF, etc."},"content":{"rendered":"<section class=\"wpb-content-wrapper\">[vc_row full_width=&#8221;stretch_row&#8221; content_placement=&#8221;middle&#8221; css=&#8221;.vc_custom_1681240976640{padding-top: 16px !important;}&#8221;][vc_column][vc_empty_space][vc_column_text css=&#8221;.vc_custom_1681321846560{padding-bottom: -32px !important;}&#8221;]<\/p>\n<h2><span class=\"ez-toc-section\" id=\"Porque_e_que_precisa_de_limpar_uma_pontuacao_de_credito_negativa_para_tirar_partido_de_melhores_oportunidades\"><\/span>Porque \u00e9 que precisa de limpar uma pontua\u00e7\u00e3o de cr\u00e9dito negativa para tirar partido de melhores oportunidades?<span class=\"ez-toc-section-end\"><\/span><\/h2>\n<p>[\/vc_column_text][vc_row_inner content_placement=&#8221;middle&#8221; css=&#8221;.vc_custom_1681219929827{margin-top: -16px !important;}&#8221;][vc_column_inner width=&#8221;1\/2&#8243;][vc_column_text]Sem uma boa pontua\u00e7\u00e3o de cr\u00e9dito, n\u00e3o poder\u00e1 obter cr\u00e9dito, leasing ou pagamentos de contas atrav\u00e9s de v\u00e1rias plataformas e poder\u00e1 ser-lhe negado alojamento e empregos!<\/p>\n<p>V\u00e1rias institui\u00e7\u00f5es de verifica\u00e7\u00e3o de dados financeiros examinam as suas ac\u00e7\u00f5es em rela\u00e7\u00e3o \u00e0 regularidade dos seus pagamentos e \u00e0 regularidade dos seus compromissos (por exemplo ZEK\/IKO, Cresura, Intrum, Creditreform, CRIF,&#8230;). Procuram ver que tipo de perfil de risco se enquadra e que tipo de rigor tem em rela\u00e7\u00e3o aos seus compromissos financeiros e facturas. Assim, d\u00e3o-lhe uma pontua\u00e7\u00e3o de cr\u00e9dito, tamb\u00e9m conhecida como classifica\u00e7\u00e3o de cr\u00e9dito. Os dados em que est\u00e3o interessados s\u00e3o, por exemplo<\/p>\n<ul>\n<li class=\"ql-heading\" data-block-id=\"block-dbbef3f2-9d39-469e-80b8-5e7002fe61fc\">c\u00f3digos negativos no ZEK\/IKO<\/li>\n<li class=\"ql-heading\" data-block-id=\"block-dbbef3f2-9d39-469e-80b8-5e7002fe61fc\">pagamentos mensais e regularidade dos pagamentos<\/li>\n<li class=\"ql-heading\" data-block-id=\"block-dbbef3f2-9d39-469e-80b8-5e7002fe61fc\">saldos de cart\u00f5es de cr\u00e9dito e calend\u00e1rios de reembolso<\/li>\n<li class=\"ql-heading\" data-block-id=\"block-dbbef3f2-9d39-469e-80b8-5e7002fe61fc\">atrasos de pagamento<\/li>\n<li class=\"ql-heading\" data-block-id=\"block-dbbef3f2-9d39-469e-80b8-5e7002fe61fc\">acusa\u00e7\u00e3o\/ordem de pagamento<\/li>\n<\/ul>\n<p>[\/vc_column_text][\/vc_column_inner][vc_column_inner width=&#8221;1\/2&#8243;][vc_single_image image=&#8221;26012&#8243; img_size=&#8221;full&#8221; alignment=&#8221;center&#8221;][vc_single_image image=&#8221;25944&#8243; img_size=&#8221;full&#8221; alignment=&#8221;center&#8221;][\/vc_column_inner][\/vc_row_inner][vc_row_inner css=&#8221;.vc_custom_1681240932611{margin-top: -32px !important;}&#8221;][vc_column_inner width=&#8221;1\/12&#8243;][\/vc_column_inner][vc_column_inner width=&#8221;10\/12&#8243;][vc_column_text]<\/p>\n<ul>\n<li>Isto requer ac\u00e7\u00e3o manual e o envolvimento do seu credor (a pessoa a quem deve dinheiro) para limpar alguns dados cr\u00edticos.<\/li>\n<li>Esta limpeza \u00e9 muito importante para muitos tipos de aplica\u00e7\u00f5es comuns: quer para obter uma linha de cr\u00e9dito (leasing, hipoteca, etc.), um cart\u00e3o de cr\u00e9dito, habita\u00e7\u00e3o e, em alguns casos, um emprego (pol\u00edcia, medicina, ensino, etc.). A qualidade da sua pontua\u00e7\u00e3o \u00e9 crucial.<\/li>\n<li>Quanto mais negativa for a sua pontua\u00e7\u00e3o, ou classifica\u00e7\u00e3o de cr\u00e9dito, mais elevadas ser\u00e3o as taxas cobradas pelas institui\u00e7\u00f5es financeiras pela sua situa\u00e7\u00e3o de maior risco.<\/li>\n<\/ul>\n<p>[\/vc_column_text][\/vc_column_inner][vc_column_inner width=&#8221;1\/12&#8243;][\/vc_column_inner][\/vc_row_inner][\/vc_column][\/vc_row][vc_row full_width=&#8221;stretch_row_content&#8221; css=&#8221;.vc_custom_1680710082444{background-color: #0247d3 !important;}&#8221;][vc_column][vc_column_text]<\/p>\n<div class=\"blocktitle title-center title-light maxwidth\">\n<h2><span class=\"ez-toc-section\" id=\"As_agencias_de_credito_suicas_nao_tem_segredos_para_nos_e_a_nossa_longa_experiencia_permite-nos_saber_exactamente_que_pontuacao_de_credito_notacoes_de_credito_codigos_e_oportunidades_de_melhoria_estao_disponiveis_para_que_possa_beneficiar_das_melhores_taxas_para_o_seu_credito\"><\/span>As ag\u00eancias de cr\u00e9dito su\u00ed\u00e7as n\u00e3o t\u00eam segredos para n\u00f3s e a nossa longa experi\u00eancia permite-nos saber exactamente que pontua\u00e7\u00e3o de cr\u00e9dito, nota\u00e7\u00f5es de cr\u00e9dito, c\u00f3digos e oportunidades de melhoria est\u00e3o dispon\u00edveis para que possa beneficiar das melhores taxas para o seu cr\u00e9dito.<span class=\"ez-toc-section-end\"><\/span><\/h2>\n<\/div>\n<p>[\/vc_column_text][\/vc_column][\/vc_row][vc_row full_width=&#8221;stretch_row&#8221; css=&#8221;.vc_custom_1685717511399{background-color: #0247d3 !important;}&#8221;][vc_column][vc_raw_html]JTNDZGl2JTIwaWQlM0QlMjJ2dWUtZGlhZ25vc3RpYy1mb3JtLWNvbnRhaW5lciUyMiUyMGNsYXNzJTNEJTIyZmxleC1jZW50ZXItY2VudGVyJTIyJTNFJTNDJTJGZGl2JTNF[\/vc_raw_html][vc_raw_js]JTNDc2NyaXB0JTNFbG9hZERpYWdub3N0aWNGb3JtJTI4JTI5JTNDJTJGc2NyaXB0JTNF[\/vc_raw_js][\/vc_column][\/vc_row][vc_row full_width=&#8221;stretch_row_content&#8221; css=&#8221;.vc_custom_1681283200601{padding-bottom: 32px !important;background-color: #0247d3 !important;}&#8221;][vc_column width=&#8221;3\/12&#8243;][\/vc_column][vc_column width=&#8221;2\/12&#8243;][vc_btn title=&#8221;&#8221; align=&#8221;center&#8221; i_icon_fontawesome=&#8221;fas fa-envelope&#8221; add_icon=&#8221;true&#8221; link=&#8221;url:mailto%3Ainfo%40multicredit.ch|&#8221;][\/vc_column][vc_column width=&#8221;2\/12&#8243;][vc_btn title=&#8221;&#8221; align=&#8221;center&#8221; i_icon_fontawesome=&#8221;fas fa-phone&#8221; add_icon=&#8221;true&#8221; link=&#8221;url:tel%3A079%20936%2031%2075|&#8221;][\/vc_column][vc_column width=&#8221;2\/12&#8243;][vc_btn title=&#8221;&#8221; align=&#8221;center&#8221; i_icon_fontawesome=&#8221;fab fa-whatsapp&#8221; add_icon=&#8221;true&#8221; link=&#8221;url:https%3A%2F%2Fapi.whatsapp.com%2Fsend%3Fphone%3D41799363175|&#8221;][\/vc_column][vc_column width=&#8221;3\/12&#8243;][\/vc_column][\/vc_row][vc_row][vc_column]<\/p>\n<div class=\"blocktitle title-left title-dark\" clearfix\"><H2><span class=\"ez-toc-section\" id=\"Perguntas_frequentes_sobre_a_pontuacao_de_credito_notacao_de_credito\"><\/span>Perguntas frequentes sobre a pontua\u00e7\u00e3o de cr\u00e9dito \/ nota\u00e7\u00e3o de cr\u00e9dito<\/H2><\/div>\n<p>[vc_toggle title=&#8221;Qual \u00e9 a classifica\u00e7\u00e3o de cr\u00e9dito, tamb\u00e9m conhecida como pontua\u00e7\u00e3o de cr\u00e9dito ou classifica\u00e7\u00e3o de cr\u00e9dito?&#8221;]<\/p>\n<h3 data-block-id=\"block-a5c28f75-1808-43f6-bec1-73c5f7896563\"><\/h3>\n<p>Existem registos na Su\u00ed\u00e7a que permitem a qualquer organiza\u00e7\u00e3o descobrir a sua classifica\u00e7\u00e3o de cr\u00e9dito (tamb\u00e9m chamada pontua\u00e7\u00e3o). Bancos, gestores imobili\u00e1rios, concession\u00e1rios de autom\u00f3veis&#8230; qualquer organiza\u00e7\u00e3o que empreste dinheiro, alugue im\u00f3veis, arrendamento&#8230; consulte estes registos antes de validar uma decis\u00e3o. Escusado ser\u00e1 dizer que a sua pontua\u00e7\u00e3o pode funcionar a seu favor e contra si se for considerado um mau pagador.<\/p>\n<p>Liquidez, solvabilidade e solvabilidade s\u00e3o os tr\u00eas principais crit\u00e9rios considerados pelo banco.<\/p>\n<ul>\n<li>Liquidez: tudo isto \u00e9 dinheiro e saldos em caixa. Como regra geral, somamos o seu sal\u00e1rio, pens\u00f5es, rendas ou dividendos e subtra\u00edmos as suas maiores despesas (renda, compromissos cont\u00ednuos, tais como subscri\u00e7\u00f5es recorrentes, etc.).<\/li>\n<li>Solvabilidade: esta \u00e9 a hist\u00f3ria que tem com o Minist\u00e9rio P\u00fablico (OPP).<\/li>\n<li>Honrabilidade: \u00e9 a capacidade de uma pessoa pagar ou honrar cr\u00e9ditos, que \u00e9 o que as organiza\u00e7\u00f5es consideram, ou seja, os seus h\u00e1bitos e regularidade de pagamento.<\/li>\n<\/ul>\n<p>[\/vc_toggle][vc_row_inner equal_height=&#8221;yes&#8221; gap=&#8221;15&#8243;][vc_column_inner width=&#8221;1\/3&#8243; css=&#8221;.vc_custom_1680095002445{background-color: #0247d3 !important;border-radius: 35px !important;}&#8221;][vc_empty_space][vc_icon icon_fontawesome=&#8221;fas fa-hand-holding-usd&#8221; color=&#8221;custom&#8221; size=&#8221;xl&#8221; align=&#8221;center&#8221; custom_color=&#8221;#ffffff&#8221;][vc_custom_heading text=&#8221;Tem um fluxo de caixa regular&#8221; font_container=&#8221;tag:h2|text_align:left|color:%23ffffff&#8221; google_fonts=&#8221;font_family:Open%20Sans%3A300%2C300italic%2Cregular%2Citalic%2C600%2C600italic%2C700%2C700italic%2C800%2C800italic|font_style:400%20regular%3A400%3Anormal&#8221;][vc_column_text]<\/p>\n<p style=\"color: white;\">Existe uma diferen\u00e7a positiva entre a sua entrada de dinheiro e as suas despesas correntes.<\/p>\n<p>[\/vc_column_text][\/vc_column_inner][vc_column_inner width=&#8221;1\/3&#8243; css=&#8221;.vc_custom_1680095743564{background-color: #0247d3 !important;border-radius: 35px !important;}&#8221;][vc_empty_space][vc_icon icon_fontawesome=&#8221;fas fa-gavel&#8221; color=&#8221;custom&#8221; size=&#8221;xl&#8221; align=&#8221;center&#8221; custom_color=&#8221;#ffffff&#8221;][vc_custom_heading text=&#8221;\u00c9 relatado como digno de cr\u00e9dito&#8221; font_container=&#8221;tag:h2|text_align:left|color:%23ffffff&#8221; google_fonts=&#8221;font_family:Open%20Sans%3A300%2C300italic%2Cregular%2Citalic%2C600%2C600italic%2C700%2C700italic%2C800%2C800italic|font_style:400%20regular%3A400%3Anormal&#8221;][vc_column_text]<\/p>\n<p style=\"color: white;\">N\u00e3o h\u00e1 relat\u00f3rios negativos para o Minist\u00e9rio P\u00fablico.<\/p>\n<p>[\/vc_column_text][\/vc_column_inner][vc_column_inner width=&#8221;1\/3&#8243; css=&#8221;.vc_custom_1680095750236{background-color: #0247d3 !important;border-radius: 35px !important;}&#8221;][vc_empty_space][vc_icon icon_fontawesome=&#8221;fas fa-handshake&#8221; color=&#8221;custom&#8221; size=&#8221;xl&#8221; align=&#8221;center&#8221; custom_color=&#8221;#ffffff&#8221;][vc_custom_heading text=&#8221;\u00c9 relatado como honrado&#8221; font_container=&#8221;tag:h2|text_align:left|color:%23ffffff&#8221; google_fonts=&#8221;font_family:Open%20Sans%3A300%2C300italic%2Cregular%2Citalic%2C600%2C600italic%2C700%2C700italic%2C800%2C800italic|font_style:400%20regular%3A400%3Anormal&#8221;][vc_column_text]<\/p>\n<p style=\"color: white;\">Tem uma hist\u00f3ria positiva com o ZEK (Central de Cr\u00e9dito).<\/p>\n<p>[\/vc_column_text][\/vc_column_inner][\/vc_row_inner][vc_empty_space][vc_toggle title=&#8221;Quais s\u00e3o as bases de dados de solvabilidade na Su\u00ed\u00e7a?&#8221;]<\/p>\n<ul>\n<li>Registos cantonais de execu\u00e7\u00e3o da d\u00edvida, <a href=\"https:\/\/www.zek.ch\/fr-ch\/preneurs-de-credit-et-de-leasing\" target=\"_blank\" rel=\"noopener\">ZEK<\/a>, Cresura, <a href=\"https:\/\/www.intrum.ch\/fr\/consommateurs\/\" target=\"_blank\" rel=\"noopener\">Intrum<\/a>, Creditreform, <a href=\"https:\/\/www.crif.ch\/\" target=\"_blank\" rel=\"noopener\">CRIF<\/a>, IKO, &#8230; Estas s\u00e3o organiza\u00e7\u00f5es que acompanham os seus pagamentos tardios, classifica\u00e7\u00f5es negativas e c\u00f3digos negativos apresentados contra si, facturas n\u00e3o pagas, cr\u00e9ditos n\u00e3o pagos e quaisquer irregularidades de pagamento relacionadas com facturas, cr\u00e9ditos e cart\u00f5es de cr\u00e9dito.<\/li>\n<\/ul>\n<p><a href=\"https:\/\/www.fedlex.admin.ch\/eli\/cc\/2002\/593\/fr\" target=\"_blank\" rel=\"noopener\">A Lei do Cr\u00e9dito ao Consumo<\/a> obriga os bancos de cr\u00e9dito a verificarem os seus dados nestas bases de dados antes de aceitarem um pedido. Milh\u00f5es de ordens de pagamento e apreens\u00f5es s\u00e3o feitas todos os anos na Su\u00ed\u00e7a. Isto mostra a quantidade de informa\u00e7\u00e3o que estas bases de dados incorporam todos os dias.[\/vc_toggle][vc_toggle title=&#8221;Porqu\u00ea ter os registos oficiais verificados por um profissional?&#8221;]Como todas estas organiza\u00e7\u00f5es revendem estes dados aos bancos como uma assinatura para todas as empresas que desejam verificar a solvabilidade dos seus clientes&#8230; Pode encontrar-se numa espiral descendente ao estar registado em v\u00e1rias institui\u00e7\u00f5es que aplicam crit\u00e9rios mais ou menos intrusivos.<\/p>\n<p>Por exemplo, na base de dados CRIF, existe uma sec\u00e7\u00e3o de &#8221; processos&#8221;. Sob esta parte &#8220;oficial&#8221;, existe uma caixa para a elabora\u00e7\u00e3o de relat\u00f3rios pelas lojas parceiras. Se, por exemplo, ainda houver encargos em aberto (decidiu n\u00e3o pagar os avisos mas apenas a factura inicial) ou se tiver havido um atraso num pagamento mesmo que n\u00e3o tenha ido a tribunal, ou se tiver de renegociar um acordo de pagamento devido a circunst\u00e2ncias financeiras imprevistas, poder\u00e1 ser listado como mau pagador! Seul un professionnel conna\u00eet exactement la signification de ces codes et ce qu&#8217;il est possible de faire ainsi que les d\u00e9lais \u00e0 respecter avant de lancer une nouvelle op\u00e9ration financi\u00e8re (demande de cr\u00e9dit notamment), afin de b\u00e9n\u00e9ficier d&#8217;une classe de risque plus avantageuse et de taux minimis\u00e9s. Se for considerado um bom risco, obter\u00e1 melhores taxas e isto depende do seu historial junto das ag\u00eancias de intelig\u00eancia econ\u00f3mica.[\/vc_toggle][vc_toggle title=&#8221;Porque \u00e9 que existem dados incorrectos nestas bases de dados?&#8221;]H\u00e1 muitas raz\u00f5es para isto, tais como erro humano ou t\u00e9cnico, ou um atraso na actualiza\u00e7\u00e3o do seu estatuto. \u00c9 importante notar que os dados podem mudar consoante uma reclama\u00e7\u00e3o seja retirada, um pagamento liquidado ou uma apreens\u00e3o conclu\u00edda. No entanto, \u00e9 importante que estes dados correspondam \u00e0 sua realidade. Muitas vezes n\u00e3o \u00e9 este o caso.<\/p>\n<p>Ultimamente, alguns casos est\u00e3o abertos \u00e0 interpreta\u00e7\u00e3o para evitar um duplo efeito penalizador.[\/vc_toggle][vc_toggle title=&#8221;Como posso verificar se a minha pontua\u00e7\u00e3o de cr\u00e9dito, tamb\u00e9m chamada pontua\u00e7\u00e3o de cr\u00e9dito, \u00e9 boa?&#8221;]Frequentemente, a hist\u00f3ria \u00e9 mal interpretada ou registada nestes registos. As nossas equipas t\u00eam uma vasta experi\u00eancia nesta \u00e1rea e conhecem todos os aspectos internos e externos dos sistemas envolvidos.<\/p>\n<p>Eliminar dados negativos e assegurar que as anota\u00e7\u00f5es sejam justas e representativas da sua situa\u00e7\u00e3o actual melhorar\u00e1 a sua pontua\u00e7\u00e3o para que tenha a credibilidade certa junto dos \u00f3rg\u00e3os de decis\u00e3o. Poder\u00e1 ent\u00e3o beneficiar de melhores tarifas e de solu\u00e7\u00f5es mais vantajosas.<\/p>\n<p>Fornecemos-lhe informa\u00e7\u00f5es e ajudamo-lo a tomar as medidas necess\u00e1rias para garantir que compreende os c\u00f3digos negativos e as medidas a tomar.[\/vc_toggle][vc_toggle title=&#8221;Quais s\u00e3o as consequ\u00eancias de um historial de cr\u00e9dito negativo que resultou numa m\u00e1 pontua\u00e7\u00e3o e, portanto, numa m\u00e1 classifica\u00e7\u00e3o de cr\u00e9dito?&#8221;]\u00c9 muito dif\u00edcil obter um empr\u00e9stimo, cr\u00e9dito, leasing, cart\u00e3o de cr\u00e9dito, arrendamento, ou mesmo facilidades de pagamento mensal se estiver registado nos sistemas centrais de intelig\u00eancia econ\u00f3mica. Pode ser-lhe recusado cr\u00e9dito, leasing, um cart\u00e3o de cr\u00e9dito ou receber condi\u00e7\u00f5es menos favor\u00e1veis.<\/p>\n<ul>\n<li>N\u00e3o pagou o saldo do seu cart\u00e3o de cr\u00e9dito a tempo. Verifique o seu limite, pode n\u00e3o ser permitido transportar o saldo para a frente.<\/li>\n<li>N\u00e3o pagou as suas presta\u00e7\u00f5es mensais a tempo.<\/li>\n<\/ul>\n<p>Mas n\u00e3o s\u00f3 um mau historial de cart\u00f5es de cr\u00e9dito! Qualquer pagamento que tenha corrido mal pode causar-lhe muitos problemas.<\/p>\n<ul>\n<li>Esqueceu-se de pagar a sua assinatura telef\u00f3nica (Swisscom, Sal, Sunrise)?<\/li>\n<li>Esqueceu-se de pagar a sua conta de electricidade, e foi-lhe enviado um lembrete atrav\u00e9s de uma empresa de cobran\u00e7a?<\/li>\n<li>Esqueceu-se de pagar uma conta m\u00e9dica e foi contactado pela INTRUM, INKASSOMED?<\/li>\n<li>Est\u00e1 atrasado no pagamento da sua inscri\u00e7\u00e3o e deparou-se com uma empresa de cobran\u00e7a de algum tipo (h\u00e1 centenas delas)?<\/li>\n<\/ul>\n<p>Sim, isto tamb\u00e9m pode torn\u00e1-lo ineleg\u00edvel para muitos programas, cr\u00e9ditos, habita\u00e7\u00e3o e mesmo em alguns campos profissionais! As empresas preferem vender as suas facturas a empresas que passam 100% do seu tempo a perseguir clientes, a emitir lembretes, ordens de pagamento e procedimentos legais! Porqu\u00ea? Pela sua imagem e por serem capazes de se concentrarem no seu neg\u00f3cio principal, baixando os custos de gest\u00e3o ao mesmo tempo que reduzem o seu risco de n\u00e3o pagamento pelos clientes.[\/vc_toggle][vc_toggle title=&#8221;Quanto tempo demora um diagn\u00f3stico financeiro?&#8221;]Ap\u00f3s 24 horas de trabalho, receber\u00e1 um diagn\u00f3stico b\u00e1sico.<\/p>\n<p>Ap\u00f3s 3-5 dias \u00fateis, receber\u00e1 uma an\u00e1lise completa e um relat\u00f3rio sobre a sua situa\u00e7\u00e3o financeira e conselhos sobre o que fazer.[\/vc_toggle][vc_toggle title=&#8221;Quanto custa um diagn\u00f3stico financeiro com o Multicredit.ch?&#8221;]A partir de 200 pode usufruir de um servi\u00e7o completo, incluindo<\/p>\n<ul>\n<li>an\u00e1lise das acusa\u00e7\u00f5es<\/li>\n<li>an\u00e1lise or\u00e7amental<\/li>\n<li>an\u00e1lise dos documentos do Gabinete Central de Cr\u00e9dito (ZEK)<\/li>\n<li>investiga\u00e7\u00e3o econ\u00f3mica, estudo de caso<\/li>\n<\/ul>\n<p>[\/vc_toggle][vc_toggle title=&#8221;Porqu\u00ea escolher a Multicredit?&#8221;]<a href=\"https:\/\/multicredit.ch\/pt-pt\/melhores-taxas-de-credito-contacte-nos\/\">Os nossos conselheiros<\/a> trabalham h\u00e1 v\u00e1rios anos em v\u00e1rias institui\u00e7\u00f5es financeiras e est\u00e3o muito familiarizados com os organismos a contactar, a forma como trabalham e todas as caixas ocultas nas quais a informa\u00e7\u00e3o t\u00f3xica sobre si poderia residir.<\/p>\n<p>O nosso diagn\u00f3stico vai mais longe do que um procedimento automatizado gerado automaticamente pela maioria dos fornecedores \u00e0 medida que verificamos elementos adicionais.<\/p>\n<p>Se quiser rever a sua situa\u00e7\u00e3o, fa\u00e7a-o com um fornecedor altamente qualificado![\/vc_toggle][vc_column_text]<\/p>\n<h2><span class=\"ez-toc-section\" id=\"Porque_escolher_a_Multicredit\"><\/span>Porqu\u00ea escolher a Multicredit?<span class=\"ez-toc-section-end\"><\/span><\/h2>\n<p>Muitos dos seus projectos podem sofrer de uma situa\u00e7\u00e3o financeira com um historial negativo nos registos dos bancos, empresas de nota\u00e7\u00e3o de cr\u00e9dito e organismos de supervis\u00e3o.<br \/>\nSe j\u00e1 viu oportunidades escaparem-lhe por entre os dedos v\u00e1rias vezes, deve suspeitar que a sua classifica\u00e7\u00e3o foi um preju\u00edzo para si! Estamos aqui para lhe devolver a sua independ\u00eancia financeira, para que possa desfrutar plenamente da vida e n\u00e3o ser relegado para segundo plano.[\/vc_column_text][vc_single_image image=&#8221;23183&#8243; img_size=&#8221;FULL&#8221; alignment=&#8221;center&#8221;][vc_row_inner][vc_column_inner width=&#8221;1\/6&#8243;][\/vc_column_inner][vc_column_inner width=&#8221;2\/3&#8243;][\/vc_column_inner][vc_column_inner width=&#8221;1\/6&#8243;][\/vc_column_inner][\/vc_row_inner][\/vc_column][\/vc_row][vc_row full_width=&#8221;stretch_row&#8221; el_class=&#8221;diagonal-bck gradient-bck bigpadding full-width&#8221;][vc_column data_aos=&#8221;fade-in&#8221;][vc_column_text css=&#8221;.vc_custom_1586938811774{padding-top: 96px !important;}&#8221;]<\/p>\n<div class=\"blocktitle title-center title-light maxwidth\">\n<h2><span class=\"ez-toc-section\" id=\"A_Multicredit_beneficia_das_muitas_recomendacoes_dos_seus_clientes_e_agradece-lhes_pelo_seu_apoio\"><\/span>A Multicredit beneficia das muitas recomenda\u00e7\u00f5es dos seus clientes e agradece-lhes pelo seu apoio.<span class=\"ez-toc-section-end\"><\/span><\/h2>\n<\/div>\n<p>[\/vc_column_text][\/vc_column][\/vc_row][vc_row][vc_column][\/vc_column][\/vc_row]<\/section>\n","protected":false},"excerpt":{"rendered":"<p>[vc_row full_width=&#8221;stretch_row&#8221; content_placement=&#8221;middle&#8221; css=&#8221;.vc_custom_1681240976640{padding-top: 16px !important;}&#8221;][vc_column][vc_empty_space][vc_column_text css=&#8221;.vc_custom_1681321846560{padding-bottom: -32px !important;}&#8221;] Porque \u00e9 que precisa de limpar uma pontua\u00e7\u00e3o de cr\u00e9dito negativa para tirar partido de melhores oportunidades? [\/vc_column_text][vc_row_inner content_placement=&#8221;middle&#8221; css=&#8221;.vc_custom_1681219929827{margin-top: -16px !important;}&#8221;][vc_column_inner width=&#8221;1\/2&#8243;][vc_column_text]Sem uma boa pontua\u00e7\u00e3o de cr\u00e9dito, n\u00e3o poder\u00e1 obter cr\u00e9dito, leasing ou pagamentos de contas atrav\u00e9s de v\u00e1rias plataformas e poder\u00e1 ser-lhe negado alojamento [&hellip;]<\/p>\n","protected":false},"author":4,"featured_media":11774,"parent":13153,"menu_order":0,"comment_status":"closed","ping_status":"closed","template":"template-diagnostic.php","meta":{"inline_featured_image":false,"footnotes":"","_links_to":"","_links_to_target":""},"categories":[336,782,337],"class_list":["post-25412","page","type-page","status-publish","has-post-thumbnail","hentry","category-credito-pt-pt","category-credito-independente","category-diversos"],"_links":{"self":[{"href":"https:\/\/multicredit.ch\/pt-pt\/wp-json\/wp\/v2\/pages\/25412","targetHints":{"allow":["GET"]}}],"collection":[{"href":"https:\/\/multicredit.ch\/pt-pt\/wp-json\/wp\/v2\/pages"}],"about":[{"href":"https:\/\/multicredit.ch\/pt-pt\/wp-json\/wp\/v2\/types\/page"}],"author":[{"embeddable":true,"href":"https:\/\/multicredit.ch\/pt-pt\/wp-json\/wp\/v2\/users\/4"}],"replies":[{"embeddable":true,"href":"https:\/\/multicredit.ch\/pt-pt\/wp-json\/wp\/v2\/comments?post=25412"}],"version-history":[{"count":23,"href":"https:\/\/multicredit.ch\/pt-pt\/wp-json\/wp\/v2\/pages\/25412\/revisions"}],"predecessor-version":[{"id":26251,"href":"https:\/\/multicredit.ch\/pt-pt\/wp-json\/wp\/v2\/pages\/25412\/revisions\/26251"}],"up":[{"embeddable":true,"href":"https:\/\/multicredit.ch\/pt-pt\/wp-json\/wp\/v2\/pages\/13153"}],"wp:featuredmedia":[{"embeddable":true,"href":"https:\/\/multicredit.ch\/pt-pt\/wp-json\/wp\/v2\/media\/11774"}],"wp:attachment":[{"href":"https:\/\/multicredit.ch\/pt-pt\/wp-json\/wp\/v2\/media?parent=25412"}],"wp:term":[{"taxonomy":"category","embeddable":true,"href":"https:\/\/multicredit.ch\/pt-pt\/wp-json\/wp\/v2\/categories?post=25412"}],"curies":[{"name":"wp","href":"https:\/\/api.w.org\/{rel}","templated":true}]}}