{"id":25204,"date":"2023-04-05T12:25:05","date_gmt":"2023-04-05T12:25:05","guid":{"rendered":"https:\/\/multicredit.ch\/pedido-recusado\/"},"modified":"2023-04-26T11:02:35","modified_gmt":"2023-04-26T11:02:35","slug":"pedido-recusado","status":"publish","type":"page","link":"https:\/\/multicredit.ch\/pt-pt\/pedido-recusado\/","title":{"rendered":"Infelizmente, a sua candidatura foi rejeitada."},"content":{"rendered":"<section class=\"wpb-content-wrapper\">\n<p>[vc_row full_width=&#8221;stretch_row_content&#8221; gap=&#8221;10&#8243; equal_height=&#8221;yes&#8221; content_placement=&#8221;middle&#8221; el_class=&#8221;white-bck checklist&#8221;][vc_column data_aos=&#8221;fade-in&#8221;]<\/p>\n<div class=\"blocktitle title-center title-dark\" clearfix\"><H2>Infelizmente, o seu pedido de cr\u00e9dito foi recusado...<\/H2><\/p>\n<h4>Descobrir como desbloquear a situa\u00e7\u00e3o:<\/h4>\n<\/div>\n<p>[vc_row_inner equal_height=&#8221;yes&#8221; content_placement=&#8221;middle&#8221; gap=&#8221;25&#8243; css=&#8221;.vc_custom_1680698769522{padding-top: 48px !important;padding-right: 24px !important;padding-bottom: 48px !important;padding-left: 24px !important;background-color: #0247d3 !important;}&#8221;][vc_column_inner width=&#8221;1\/3&#8243; css=&#8221;.vc_custom_1680091712355{background-color: #ffffff !important;border-radius: 35px !important;}&#8221;][vc_icon icon_fontawesome=&#8221;fas fa-birthday-cake&#8221; color=&#8221;custom&#8221; size=&#8221;xl&#8221; align=&#8221;center&#8221; custom_color=&#8221;#df003c&#8221;]<\/p>\n<div class=\"blocktitle title-center title-dark\" clearfix\"><H3><span class=\"ez-toc-section\" id=\"1_A_sua_idade_nao_e_apropriada_demasiado_jovemtoo_velho\"><\/span>1. A sua idade n\u00e3o \u00e9 apropriada (demasiado jovem\/too velho)<\/H3><\/p>\n<h4>Verificar a data de nascimento<\/h4>\n<\/div>\n<p>[vc_column_text]<img loading=\"lazy\" decoding=\"async\" class=\"alignnone wp-image-25103\" src=\"https:\/\/multicredit.ch\/wp\/wp-content\/uploads\/Icone-croix-Branding-asset-300x300.png\" alt=\"\" width=\"24\" height=\"24\" title=\"\" srcset=\"https:\/\/multicredit.ch\/wp\/wp-content\/uploads\/Icone-croix-Branding-asset-300x300.png 300w, https:\/\/multicredit.ch\/wp\/wp-content\/uploads\/Icone-croix-Branding-asset-1024x1024.png 1024w, https:\/\/multicredit.ch\/wp\/wp-content\/uploads\/Icone-croix-Branding-asset-150x150.png 150w, https:\/\/multicredit.ch\/wp\/wp-content\/uploads\/Icone-croix-Branding-asset-768x768.png 768w, https:\/\/multicredit.ch\/wp\/wp-content\/uploads\/Icone-croix-Branding-asset.png 1080w\" sizes=\"auto, (max-width: 24px) 100vw, 24px\" \/> Cometeu um erro na sua data de nascimento.<\/p>\n<p><img loading=\"lazy\" decoding=\"async\" class=\"alignnone wp-image-25103\" src=\"https:\/\/multicredit.ch\/wp\/wp-content\/uploads\/Icone-croix-Branding-asset-300x300.png\" alt=\"\" width=\"24\" height=\"24\" title=\"\" srcset=\"https:\/\/multicredit.ch\/wp\/wp-content\/uploads\/Icone-croix-Branding-asset-300x300.png 300w, https:\/\/multicredit.ch\/wp\/wp-content\/uploads\/Icone-croix-Branding-asset-1024x1024.png 1024w, https:\/\/multicredit.ch\/wp\/wp-content\/uploads\/Icone-croix-Branding-asset-150x150.png 150w, https:\/\/multicredit.ch\/wp\/wp-content\/uploads\/Icone-croix-Branding-asset-768x768.png 768w, https:\/\/multicredit.ch\/wp\/wp-content\/uploads\/Icone-croix-Branding-asset.png 1080w\" sizes=\"auto, (max-width: 24px) 100vw, 24px\" \/> Tem menos de 18 anos de idade.<\/p>\n<p><img loading=\"lazy\" decoding=\"async\" class=\"alignnone wp-image-25103\" src=\"https:\/\/multicredit.ch\/wp\/wp-content\/uploads\/Icone-croix-Branding-asset-300x300.png\" alt=\"\" width=\"24\" height=\"24\" title=\"\" srcset=\"https:\/\/multicredit.ch\/wp\/wp-content\/uploads\/Icone-croix-Branding-asset-300x300.png 300w, https:\/\/multicredit.ch\/wp\/wp-content\/uploads\/Icone-croix-Branding-asset-1024x1024.png 1024w, https:\/\/multicredit.ch\/wp\/wp-content\/uploads\/Icone-croix-Branding-asset-150x150.png 150w, https:\/\/multicredit.ch\/wp\/wp-content\/uploads\/Icone-croix-Branding-asset-768x768.png 768w, https:\/\/multicredit.ch\/wp\/wp-content\/uploads\/Icone-croix-Branding-asset.png 1080w\" sizes=\"auto, (max-width: 24px) 100vw, 24px\" \/> Tem mais de 69 anos de idade. Infelizmente, n\u00e3o poderemos responder ao seu pedido.<\/p>\n<p>A idade \u00e9 um crit\u00e9rio essencial no pedido de cr\u00e9dito. N\u00e3o \u00e9 nossa responsabilidade, mas sim as regras e leis em vigor.[\/vc_column_text][\/vc_column_inner][vc_column_inner width=&#8221;1\/3&#8243; css=&#8221;.vc_custom_1680091902238{background-color: #ffffff !important;border-radius: 35px !important;}&#8221;][vc_icon icon_fontawesome=&#8221;fas fa-briefcase&#8221; color=&#8221;custom&#8221; size=&#8221;xl&#8221; align=&#8221;center&#8221; custom_color=&#8221;#df003c&#8221;]<\/p>\n<div class=\"blocktitle title-center title-dark\" clearfix\"><H3><span class=\"ez-toc-section\" id=\"O_seu_estatuto_profissional_eou_pessoal_nao_e_apropriado\"><\/span>O seu estatuto profissional e\/ou pessoal n\u00e3o \u00e9 apropriado.<\/H3><\/p>\n<h4>Deve esperar por uma mudan\u00e7a na sua situa\u00e7\u00e3o<\/h4>\n<\/div>\n<p>[vc_column_text]<!--more--><img loading=\"lazy\" decoding=\"async\" class=\"alignnone wp-image-25103\" src=\"https:\/\/multicredit.ch\/wp\/wp-content\/uploads\/Icone-croix-Branding-asset-300x300.png\" alt=\"\" width=\"24\" height=\"24\" title=\"\" srcset=\"https:\/\/multicredit.ch\/wp\/wp-content\/uploads\/Icone-croix-Branding-asset-300x300.png 300w, https:\/\/multicredit.ch\/wp\/wp-content\/uploads\/Icone-croix-Branding-asset-1024x1024.png 1024w, https:\/\/multicredit.ch\/wp\/wp-content\/uploads\/Icone-croix-Branding-asset-150x150.png 150w, https:\/\/multicredit.ch\/wp\/wp-content\/uploads\/Icone-croix-Branding-asset-768x768.png 768w, https:\/\/multicredit.ch\/wp\/wp-content\/uploads\/Icone-croix-Branding-asset.png 1080w\" sizes=\"auto, (max-width: 24px) 100vw, 24px\" \/> O seu rendimento l\u00edquido \u00e9 inferior a 2.700 francos su\u00ed\u00e7os por m\u00eas e \u00e9 solteiro.<\/p>\n<p><img loading=\"lazy\" decoding=\"async\" class=\"alignnone wp-image-25103\" src=\"https:\/\/multicredit.ch\/wp\/wp-content\/uploads\/Icone-croix-Branding-asset-300x300.png\" alt=\"\" width=\"24\" height=\"24\" title=\"\" srcset=\"https:\/\/multicredit.ch\/wp\/wp-content\/uploads\/Icone-croix-Branding-asset-300x300.png 300w, https:\/\/multicredit.ch\/wp\/wp-content\/uploads\/Icone-croix-Branding-asset-1024x1024.png 1024w, https:\/\/multicredit.ch\/wp\/wp-content\/uploads\/Icone-croix-Branding-asset-150x150.png 150w, https:\/\/multicredit.ch\/wp\/wp-content\/uploads\/Icone-croix-Branding-asset-768x768.png 768w, https:\/\/multicredit.ch\/wp\/wp-content\/uploads\/Icone-croix-Branding-asset.png 1080w\" sizes=\"auto, (max-width: 24px) 100vw, 24px\" \/> Encontra-se actualmente desempregado.<\/p>\n<p>Telefone-nos quando a situa\u00e7\u00e3o tiver mudado ou se se tiver esquecido de fornecer certas informa\u00e7\u00f5es que possam alterar a situa\u00e7\u00e3o. Se se esqueceu de indicar qualquer rendimento adicional, por favor contacte-nos para recome\u00e7ar o processo.[\/vc_column_text][\/vc_column_inner][vc_column_inner width=&#8221;1\/3&#8243; css=&#8221;.vc_custom_1680091912255{background-color: #ffffff !important;border-radius: 35px !important;}&#8221;][vc_icon icon_fontawesome=&#8221;fas fa-exclamation-triangle&#8221; color=&#8221;custom&#8221; size=&#8221;xl&#8221; align=&#8221;center&#8221; custom_color=&#8221;#df003c&#8221;]<\/p>\n<div class=\"blocktitle title-center title-dark\" clearfix\"><H3><span class=\"ez-toc-section\" id=\"3_A_sua_pontuacao_de_credito_e_negativa\"><\/span>3. A sua pontua\u00e7\u00e3o de cr\u00e9dito \u00e9 negativa!<\/H3><\/p>\n<h4>Os dados financeiros precisam de ser limpos<\/h4>\n<\/div>\n<p>[vc_column_text]<img loading=\"lazy\" decoding=\"async\" class=\"alignnone wp-image-25103\" src=\"https:\/\/multicredit.ch\/wp\/wp-content\/uploads\/Icone-croix-Branding-asset-300x300.png\" alt=\"\" width=\"24\" height=\"24\" title=\"\" srcset=\"https:\/\/multicredit.ch\/wp\/wp-content\/uploads\/Icone-croix-Branding-asset-300x300.png 300w, https:\/\/multicredit.ch\/wp\/wp-content\/uploads\/Icone-croix-Branding-asset-1024x1024.png 1024w, https:\/\/multicredit.ch\/wp\/wp-content\/uploads\/Icone-croix-Branding-asset-150x150.png 150w, https:\/\/multicredit.ch\/wp\/wp-content\/uploads\/Icone-croix-Branding-asset-768x768.png 768w, https:\/\/multicredit.ch\/wp\/wp-content\/uploads\/Icone-croix-Branding-asset.png 1080w\" sizes=\"auto, (max-width: 24px) 100vw, 24px\" \/> Est\u00e1 incorrectamente registado nos registos de controlo financeiro: processos judiciais, ZEK, IKO, CRIF, etc.<\/p>\n<p><img loading=\"lazy\" decoding=\"async\" class=\"alignnone wp-image-25103\" src=\"https:\/\/multicredit.ch\/wp\/wp-content\/uploads\/Icone-croix-Branding-asset-300x300.png\" alt=\"\" width=\"24\" height=\"24\" title=\"\" srcset=\"https:\/\/multicredit.ch\/wp\/wp-content\/uploads\/Icone-croix-Branding-asset-300x300.png 300w, https:\/\/multicredit.ch\/wp\/wp-content\/uploads\/Icone-croix-Branding-asset-1024x1024.png 1024w, https:\/\/multicredit.ch\/wp\/wp-content\/uploads\/Icone-croix-Branding-asset-150x150.png 150w, https:\/\/multicredit.ch\/wp\/wp-content\/uploads\/Icone-croix-Branding-asset-768x768.png 768w, https:\/\/multicredit.ch\/wp\/wp-content\/uploads\/Icone-croix-Branding-asset.png 1080w\" sizes=\"auto, (max-width: 24px) 100vw, 24px\" \/> Est\u00e1 incorrectamente registado nos registos de controlo financeiro: processos judiciais, ZEK, IKO, CRIF, entre outros.<\/p>\n<p>Se a sua pontua\u00e7\u00e3o de cr\u00e9dito for negativa, n\u00e3o conseguir\u00e1 obter um cart\u00e3o de cr\u00e9dito ou um empr\u00e9stimo. Contacte-nos para um diagn\u00f3stico financeiro.[\/vc_column_text][vc_btn title=&#8221;Melhore hoje a sua pontua\u00e7\u00e3o de cr\u00e9dito e tire partido das baixas taxas&#8221; align=&#8221;center&#8221; button_block=&#8221;true&#8221; link=&#8221;url:https%3A%2F%2Fmulticredit.ch%2Fpt-pt%2Fcredit-rating-check%2F|title:Conhece%20a%20sua%20pontua%C3%A7%C3%A3o%20de%20cr%C3%A9dito%3F%20Verifique%20agora%20a%20sua%20pontua%C3%A7%C3%A3o%20de%20financiamento%20com%20ZEK%2C%20CRIF%2C%20etc.|&#8221;][\/vc_column_inner][\/vc_row_inner][vc_row_inner css=&#8221;.vc_custom_1681211908106{background-color: #0247d3 !important;}&#8221;][vc_column_inner width=&#8221;1\/3&#8243; css=&#8221;.vc_custom_1680097392694{border-radius: 35px !important;}&#8221;][vc_btn title=&#8221;Contacte-nos por telefone&#8221; align=&#8221;center&#8221; i_icon_fontawesome=&#8221;fas fa-phone&#8221; button_block=&#8221;true&#8221; add_icon=&#8221;true&#8221; link=&#8221;url:tel%3A079%20936%2031%2075|&#8221;][\/vc_column_inner][vc_column_inner width=&#8221;1\/3&#8243;][vc_btn title=&#8221;Contacte-nos por e-Mail&#8221; align=&#8221;center&#8221; i_icon_fontawesome=&#8221;fas fa-envelope&#8221; button_block=&#8221;true&#8221; add_icon=&#8221;true&#8221; link=&#8221;url:http%3A%2F%2Finfo%40multicredit.ch|&#8221;][\/vc_column_inner][vc_column_inner width=&#8221;1\/3&#8243;][vc_btn title=&#8221;Contacte-nos atrav\u00e9s da Whatsapp&#8221; align=&#8221;center&#8221; i_icon_fontawesome=&#8221;fab fa-whatsapp&#8221; button_block=&#8221;true&#8221; add_icon=&#8221;true&#8221; link=&#8221;url:https%3A%2F%2Fapi.whatsapp.com%2Fsend%3Fphone%3D41799363175|&#8221;][\/vc_column_inner][\/vc_row_inner][\/vc_column][\/vc_row][vc_row full_width=&#8221;stretch_row&#8221; content_placement=&#8221;middle&#8221; el_class=&#8221;white-bck bigpadding checklist&#8221;][vc_column data_aos=&#8221;fade-in&#8221;][vc_empty_space height=&#8221;35px&#8221;][vc_icon icon_fontawesome=&#8221;fas fa-info-circle&#8221; color=&#8221;custom&#8221; size=&#8221;xl&#8221; align=&#8221;center&#8221; custom_color=&#8221;#df003c&#8221;]<\/p>\n<div class=\"blocktitle title-center title-dark\" clearfix\"><H2><span class=\"ez-toc-section\" id=\"Sabia_que\"><\/span>Sabia que?<\/H2><\/div>\n<p>[vc_column_text el_class=&#8221;maxwidth&#8221; css=&#8221;.vc_custom_1681455200638{padding-bottom: 48px !important;}&#8221;]Se o cr\u00e9dito n\u00e3o for poss\u00edvel, existem outras solu\u00e7\u00f5es. Se o cr\u00e9dito n\u00e3o for poss\u00edvel, existem outras solu\u00e7\u00f5es.<\/p>\n<ul>\n<li>Modalidades de pagamento<\/li>\n<li>Processos judiciais<\/li>\n<li>Agradecimentos de d\u00edvidas<\/li>\n<li>Probl\u00e8mes li\u00e9s \u00e0 un cr\u00e9dit pass\u00e9 ou actuel ?<\/li>\n<\/ul>\n<p>Podemos oferecer-lhe ajuda profissional para equilibrar o seu or\u00e7amento e voltar a p\u00f4-lo no bom caminho. A nossa equipa permanece \u00e0 sua disposi\u00e7\u00e3o caso necessite de mais informa\u00e7\u00f5es.[\/vc_column_text][vc_row_inner][vc_column_inner width=&#8221;1\/3&#8243;][\/vc_column_inner][vc_column_inner width=&#8221;1\/3&#8243;][\/vc_column_inner][vc_column_inner width=&#8221;1\/3&#8243;][\/vc_column_inner][\/vc_row_inner][vc_empty_space height=&#8221;150px&#8221;][\/vc_column][\/vc_row][vc_row full_width=&#8221;stretch_row&#8221; el_class=&#8221;diagonal-bck gradient-bck bigpadding full-width&#8221;][vc_column data_aos=&#8221;fade-in&#8221;][vc_column_text css=&#8221;.vc_custom_1681455483047{padding-top: 96px !important;}&#8221;]<\/p>\n<div class=\"blocktitle title-center title-light maxwidth\">\n<h2><span class=\"ez-toc-section\" id=\"A_MultiCredit_beneficia_das_muitas_c_dos_seus_clientes_e_agradece-lhes_pelo_seu_apoio\"><\/span>A MultiCredit beneficia das muitas c dos seus clientes e agradece-lhes pelo seu apoio.<span class=\"ez-toc-section-end\"><\/span><\/h2>\n<\/div>\n<p>[\/vc_column_text][\/vc_column][\/vc_row]<\/p>\n<\/section>\n","protected":false},"excerpt":{"rendered":"<p>Receber\u00e1 mais informa\u00e7\u00f5es por correio e SMS em breve, por favor verifique as suas mensagens de spam. O nosso consultor tamb\u00e9m lhe telefonar\u00e1.<\/p>\n","protected":false},"author":4,"featured_media":24793,"parent":0,"menu_order":0,"comment_status":"closed","ping_status":"closed","template":"template-basic.php","meta":{"inline_featured_image":false,"footnotes":"","_links_to":"","_links_to_target":""},"categories":[336,339,759,343,697,698,699,337,338],"class_list":["post-25204","page","type-page","status-publish","has-post-thumbnail","hentry","category-credito-pt-pt","category-cartao-de-credito","category-credit-pme-pt-pt","category-credito-automovel","category-credito-de-formacao","category-credito-imobiliario","category-credito-saude","category-diversos","category-recompra-de-credito"],"_links":{"self":[{"href":"https:\/\/multicredit.ch\/pt-pt\/wp-json\/wp\/v2\/pages\/25204","targetHints":{"allow":["GET"]}}],"collection":[{"href":"https:\/\/multicredit.ch\/pt-pt\/wp-json\/wp\/v2\/pages"}],"about":[{"href":"https:\/\/multicredit.ch\/pt-pt\/wp-json\/wp\/v2\/types\/page"}],"author":[{"embeddable":true,"href":"https:\/\/multicredit.ch\/pt-pt\/wp-json\/wp\/v2\/users\/4"}],"replies":[{"embeddable":true,"href":"https:\/\/multicredit.ch\/pt-pt\/wp-json\/wp\/v2\/comments?post=25204"}],"version-history":[{"count":7,"href":"https:\/\/multicredit.ch\/pt-pt\/wp-json\/wp\/v2\/pages\/25204\/revisions"}],"predecessor-version":[{"id":26103,"href":"https:\/\/multicredit.ch\/pt-pt\/wp-json\/wp\/v2\/pages\/25204\/revisions\/26103"}],"wp:featuredmedia":[{"embeddable":true,"href":"https:\/\/multicredit.ch\/pt-pt\/wp-json\/wp\/v2\/media\/24793"}],"wp:attachment":[{"href":"https:\/\/multicredit.ch\/pt-pt\/wp-json\/wp\/v2\/media?parent=25204"}],"wp:term":[{"taxonomy":"category","embeddable":true,"href":"https:\/\/multicredit.ch\/pt-pt\/wp-json\/wp\/v2\/categories?post=25204"}],"curies":[{"name":"wp","href":"https:\/\/api.w.org\/{rel}","templated":true}]}}