{"id":17745,"date":"2021-06-28T09:47:37","date_gmt":"2021-06-28T09:47:37","guid":{"rendered":"https:\/\/www.multicredit.ch\/credito\/credito-pessoal\/"},"modified":"2025-01-23T08:04:35","modified_gmt":"2025-01-23T08:04:35","slug":"credito-pessoal","status":"publish","type":"page","link":"https:\/\/multicredit.ch\/pt-pt\/credito\/credito-pessoal\/","title":{"rendered":"Cr\u00e9dito pessoal"},"content":{"rendered":"<section class=\"wpb-content-wrapper\">[vc_row][vc_column][vc_empty_space height=&#8221;100px&#8221;]<\/p>\n<div class=\"blocktitle title-left title-dark\" clearfix\"><H2><span class=\"ez-toc-section\" id=\"Credito_pessoal_nas_melhores_condicoes_na_MultiCredit\"><\/span>Cr\u00e9dito pessoal nas melhores condi\u00e7\u00f5es na MultiCredit<\/H2><\/p>\n<h4>MultiCredit, conselhos valiosos e muitas vantagens<\/h4>\n<\/div>\n<p>[vc_column_text]<\/p>\n<ul>\n<li><strong>Taxa de juro mais bem negociada<\/strong><\/li>\n<li>Valores que variam entre <strong>3.000 e 400.000<\/strong> francos su\u00ed\u00e7os<\/li>\n<li>Prazo de reembolso flex\u00edvel de <strong>6 a 84 meses<\/strong><\/li>\n<li>Poss\u00edvel reembolso antecipado <strong> a qualquer momento<\/strong>, redu\u00e7\u00e3o de juros<\/li>\n<li>Resgate e saldo do cart\u00e3o de cr\u00e9dito<\/li>\n<li>Decis\u00e3o em princ\u00edpio em <strong>5 minutos<\/strong>.<\/li>\n<li>Os juros s\u00e3o <strong>dedut\u00edveis de imposto<\/strong>do seu rendimento tribut\u00e1vel<\/li>\n<li>Aconselhamento personalizado de uma equipa especializada em cr\u00e9dito privado<\/li>\n<\/ul>\n<p>Com o MultiCredit, <a href=\"https:\/\/www.multicredit.ch\/fr\/\">o especialista em cr\u00e9dito pessoal na Su\u00ed\u00e7a<\/a><strong> desde 1999<\/strong>, beneficia das vantagens de um cr\u00e9dito \u00e0 melhor taxa. Tem um projecto como a compra de um carro, mobili\u00e1rio, renova\u00e7\u00f5es, forma\u00e7\u00e3o, sa\u00fade, lazer, etc.? Contacte-nos e encontraremos a <strong>solu\u00e7\u00e3o certa para as suas necessidades<\/strong>.[\/vc_column_text][\/vc_column][\/vc_row][vc_row][vc_column width=&#8221;1\/2&#8243;][vc_single_image image=&#8221;17138&#8243; img_size=&#8221;full&#8221;][\/vc_column][vc_column width=&#8221;1\/2&#8243;]<\/p>\n<div class=\"blocktitle title-left title-dark\" clearfix\"><H2><span class=\"ez-toc-section\" id=\"Condicoes_de_concessao_de_credito\"><\/span>Condi\u00e7\u00f5es de concess\u00e3o de cr\u00e9dito<\/H2><\/div>\n<p>[vc_column_text]<\/p>\n<ul>\n<li>S\u00ea um <a href=\"https:\/\/www.sem.admin.ch\/sem\/fr\/home\/themen\/aufenthalt\/eu_efta.html\" target=\"_blank\" rel=\"noopener\"><strong>Swiss national, licen\u00e7a C, licen\u00e7a B, licen\u00e7a G ou cart\u00e3o de legitima\u00e7\u00e3o<\/strong><\/a><\/li>\n<li>Trabalho na Su\u00ed\u00e7a e ter um contrato de dura\u00e7\u00e3o indeterminada ou a longo prazo<\/li>\n<li>N\u00e3o tem qualquer processo judicial pendent<\/li>\n<li>Ter 18 <strong> anos<\/strong><\/li>\n<li>Para pessoas tempor\u00e1rias que trabalhem durante <strong>6 meses no m\u00ednimo<\/strong> com a mesma ag\u00eancia<\/li>\n<li>Para reformados, IA e AVS, n\u00e3o <strong>receber<\/strong>benef\u00edcios suplementares<\/li>\n<li>Para trabalhadores independentes inscritos no Registo Comercial h\u00e1 <strong>m\u00ednimo 2 anos<\/strong><\/li>\n<li>Para pessoas titulares de uma licen\u00e7a B, sendo estabelecidas na Su\u00ed\u00e7a <strong>por pelo menos 12 mese<\/strong><\/li>\n<li>Para pessoas titulares de cart\u00e3o de legitima\u00e7\u00e3o, sendo estabelecidas na Su\u00ed\u00e7a <strong>por pelo menos 6 mese<\/strong><\/li>\n<\/ul>\n<p>[\/vc_column_text][\/vc_column][\/vc_row][vc_row][vc_column][vc_column_text]A fim de beneficiar da melhor taxa num empr\u00e9stimo pessoal, \u00e9 importante ter uma pontua\u00e7\u00e3o de cr\u00e9dito muito boa, que \u00e9 determinada em particular pela boa solvabilidade, solvabilidade e liquidez, a fim de poder reembolsar o empr\u00e9stimo privado. Contacte a equipa MultiCredit sem demora e ter\u00e3o todo o prazer em aconselh\u00e1-lo sobre o financiamento do seu projecto.[\/vc_column_text][\/vc_column][\/vc_row]<\/section>\n","protected":false},"excerpt":{"rendered":"<p>[vc_row][vc_column][vc_empty_space height=&#8221;100px&#8221;][vc_column_text] Taxa de juro mais bem negociada Valores que variam entre 3.000 e 400.000 francos su\u00ed\u00e7os Prazo de reembolso flex\u00edvel de 6 a 84 meses Poss\u00edvel reembolso antecipado a qualquer momento, redu\u00e7\u00e3o de juros Resgate e saldo do cart\u00e3o de cr\u00e9dito Decis\u00e3o em princ\u00edpio em 5 minutos. Os juros s\u00e3o dedut\u00edveis de impostodo seu [&hellip;]<\/p>\n","protected":false},"author":4,"featured_media":17196,"parent":13395,"menu_order":0,"comment_status":"closed","ping_status":"closed","template":"template-credit-full.php","meta":{"inline_featured_image":false,"footnotes":"","_links_to":"","_links_to_target":""},"categories":[],"class_list":["post-17745","page","type-page","status-publish","has-post-thumbnail","hentry"],"_links":{"self":[{"href":"https:\/\/multicredit.ch\/pt-pt\/wp-json\/wp\/v2\/pages\/17745","targetHints":{"allow":["GET"]}}],"collection":[{"href":"https:\/\/multicredit.ch\/pt-pt\/wp-json\/wp\/v2\/pages"}],"about":[{"href":"https:\/\/multicredit.ch\/pt-pt\/wp-json\/wp\/v2\/types\/page"}],"author":[{"embeddable":true,"href":"https:\/\/multicredit.ch\/pt-pt\/wp-json\/wp\/v2\/users\/4"}],"replies":[{"embeddable":true,"href":"https:\/\/multicredit.ch\/pt-pt\/wp-json\/wp\/v2\/comments?post=17745"}],"version-history":[{"count":11,"href":"https:\/\/multicredit.ch\/pt-pt\/wp-json\/wp\/v2\/pages\/17745\/revisions"}],"predecessor-version":[{"id":27865,"href":"https:\/\/multicredit.ch\/pt-pt\/wp-json\/wp\/v2\/pages\/17745\/revisions\/27865"}],"up":[{"embeddable":true,"href":"https:\/\/multicredit.ch\/pt-pt\/wp-json\/wp\/v2\/pages\/13395"}],"wp:featuredmedia":[{"embeddable":true,"href":"https:\/\/multicredit.ch\/pt-pt\/wp-json\/wp\/v2\/media\/17196"}],"wp:attachment":[{"href":"https:\/\/multicredit.ch\/pt-pt\/wp-json\/wp\/v2\/media?parent=17745"}],"wp:term":[{"taxonomy":"category","embeddable":true,"href":"https:\/\/multicredit.ch\/pt-pt\/wp-json\/wp\/v2\/categories?post=17745"}],"curies":[{"name":"wp","href":"https:\/\/api.w.org\/{rel}","templated":true}]}}