{"id":16600,"date":"2021-06-11T08:32:02","date_gmt":"2021-06-11T08:32:02","guid":{"rendered":"https:\/\/www.multicredit.ch\/obrigado-pelo-seu-pedido\/"},"modified":"2023-04-05T08:21:47","modified_gmt":"2023-04-05T08:21:47","slug":"obrigado-pelo-seu-pedido","status":"publish","type":"page","link":"https:\/\/multicredit.ch\/pt-pt\/obrigado-pelo-seu-pedido\/","title":{"rendered":"Obrigado pelo seu pedido"},"content":{"rendered":"<section class=\"wpb-content-wrapper\">\n<p>[vc_row full_width=&#8221;stretch_row_content&#8221; gap=&#8221;10&#8243; equal_height=&#8221;yes&#8221; content_placement=&#8221;middle&#8221; el_class=&#8221;white-bck checklist&#8221;][vc_column data_aos=&#8221;fade-in&#8221;]<\/p>\n<div class=\"blocktitle title-center title-dark\" clearfix\"><H2><span class=\"ez-toc-section\" id=\"Recebemos_o_seu_pedido_de_credito_obrigado\"><\/span>Recebemos o seu pedido de cr\u00e9dito, obrigado!<\/H2><\/p>\n<h4>A fim de processar o seu dossier o mais rapidamente poss\u00edvel, siga estes 3 etapas para que possamos ter todos os elementos para estabelecer um contrato.<\/h4>\n<\/div>\n<p>[vc_row_inner equal_height=&#8221;yes&#8221; gap=&#8221;25&#8243; css=&#8221;.vc_custom_1680092313719{padding-top: 48px !important;padding-right: 24px !important;padding-bottom: 48px !important;padding-left: 24px !important;background-color: #0247d3 !important;}&#8221;][vc_column_inner width=&#8221;1\/3&#8243; css=&#8221;.vc_custom_1680091712355{background-color: #ffffff !important;border-radius: 35px !important;}&#8221;][vc_icon icon_fontawesome=&#8221;fas fa-question-circle&#8221; color=&#8221;custom&#8221; size=&#8221;xl&#8221; align=&#8221;center&#8221; custom_color=&#8221;#df003c&#8221;]<\/p>\n<div class=\"blocktitle title-center title-dark\" clearfix\"><H3><span class=\"ez-toc-section\" id=\"1_Preparar_esta_informacao\"><\/span>1. Preparar esta informa\u00e7\u00e3o<\/H3><\/p>\n<h4>T\u00ea-los \u00e0 disposi\u00e7\u00e3o<\/h4>\n<\/div>\n<p>[vc_column_text]<\/p>\n<ul>\n<li>H\u00e1 quanto tempo trabalha na sua empresa (meses\/anos)?<\/li>\n<li>Qual \u00e9 o seu aluguer mensal\/<span class=\"ui-provider gp b c d e f g h i j k l m n o p q r s t u v w x y z ab ac ae af ag ah ai aj ak\" dir=\"ltr\">Hipoteca<\/span>?<\/li>\n<li>H\u00e1 quanto tempo vive no seu endere\u00e7o actual (meses\/anos)?<\/li>\n<li>Se tem filhos a cargo, quais s\u00e3o os seus anos de nascimento?<\/li>\n<\/ul>\n<p>[\/vc_column_text][\/vc_column_inner][vc_column_inner width=&#8221;1\/3&#8243; css=&#8221;.vc_custom_1680091902238{background-color: #ffffff !important;border-radius: 35px !important;}&#8221;][vc_icon icon_fontawesome=&#8221;fas fa-file-alt&#8221; color=&#8221;custom&#8221; size=&#8221;xl&#8221; align=&#8221;center&#8221; custom_color=&#8221;#df003c&#8221;]<\/p>\n<div class=\"blocktitle title-center title-dark\" clearfix\"><H3><span class=\"ez-toc-section\" id=\"2_Obtencao_destes_documentos\"><\/span>2. Obten\u00e7\u00e3o destes documentos<\/H3><\/p>\n<h4>E digitaliz\u00e1-los ou tirar uma fotografia<\/h4>\n<\/div>\n<p>[vc_column_text]<\/p>\n<ul>\n<li>As suas tr\u00eas \u00faltimas folhas de vencimento<\/li>\n<li>C\u00f3pia de ambos os lados do seu cart\u00e3o de identidade CH ou autoriza\u00e7\u00e3o de resid\u00eancia su\u00ed\u00e7a ( permis\/ Ausweis\/bilhete de identidade)<\/li>\n<li>C\u00f3pia da sua ap\u00f3lice de seguro sa\u00fade do ano em curso (se for casado, com toda a fam\u00edlia)<\/li>\n<\/ul>\n<p>[\/vc_column_text][\/vc_column_inner][vc_column_inner width=&#8221;1\/3&#8243; css=&#8221;.vc_custom_1680091912255{background-color: #ffffff !important;border-radius: 35px !important;}&#8221;][vc_icon icon_fontawesome=&#8221;fas fa-paper-plane&#8221; color=&#8221;custom&#8221; size=&#8221;xl&#8221; align=&#8221;center&#8221; custom_color=&#8221;#df003c&#8221;]<\/p>\n<div class=\"blocktitle title-center title-dark\" clearfix\"><H3><span class=\"ez-toc-section\" id=\"3_Enviar_as_ultimas_informacoes\"><\/span>3. Enviar as \u00faltimas informa\u00e7\u00f5es<\/H3><\/p>\n<h4>Por Whatsapp, e-Mail ou correio<\/h4>\n<\/div>\n<p>[vc_column_text]<\/p>\n<ul>\n<li style=\"text-align: left;\">Assim que tivermos estes elementos, iniciaremos o processo de an\u00e1lise que levar\u00e1 cerca de 1 a 2 dias \u00fateis e permitir-nos-\u00e1 estabelecer uma proposta feita \u00e0 medida.<\/li>\n<li style=\"text-align: left;\">Gostar\u00edamos de lhe assegurar que o ficheiro ser\u00e1 tratado de forma gratuita e confidencial.<\/li>\n<\/ul>\n<p>[\/vc_column_text][\/vc_column_inner][\/vc_row_inner][vc_row_inner css=&#8221;.vc_custom_1680097548143{padding-right: 24px !important;padding-bottom: 48px !important;padding-left: 24px !important;background-color: #0247d3 !important;}&#8221;][vc_column_inner width=&#8221;1\/3&#8243; css=&#8221;.vc_custom_1680097392694{border-radius: 35px !important;}&#8221;][\/vc_column_inner][vc_column_inner width=&#8221;1\/3&#8243;][vc_btn title=&#8221;Envio de documentos por e-Mail&#8221; align=&#8221;center&#8221; i_icon_fontawesome=&#8221;fas fa-envelope&#8221; button_block=&#8221;true&#8221; add_icon=&#8221;true&#8221; link=&#8221;url:http%3A%2F%2Finfo%40multicredit.ch|&#8221;][vc_btn title=&#8221;Envio de documentos atrav\u00e9s do Whatsapp&#8221; align=&#8221;center&#8221; i_icon_fontawesome=&#8221;fab fa-whatsapp&#8221; button_block=&#8221;true&#8221; add_icon=&#8221;true&#8221; link=&#8221;url:https%3A%2F%2Fapi.whatsapp.com%2Fsend%3Fphone%3D41799363175|&#8221;][\/vc_column_inner][vc_column_inner width=&#8221;1\/3&#8243;][\/vc_column_inner][\/vc_row_inner][\/vc_column][\/vc_row][vc_row full_width=&#8221;stretch_row&#8221; content_placement=&#8221;middle&#8221; el_class=&#8221;white-bck bigpadding checklist&#8221;][vc_column data_aos=&#8221;fade-in&#8221;][vc_icon icon_fontawesome=&#8221;fas fa-info-circle&#8221; color=&#8221;custom&#8221; size=&#8221;xl&#8221; align=&#8221;center&#8221; custom_color=&#8221;#df003c&#8221;]<\/p>\n<div class=\"blocktitle title-center title-dark\" clearfix\"><H2><span class=\"ez-toc-section\" id=\"Sabia_disso\"><\/span>Sabia disso?<\/H2><\/div>\n<p>[vc_column_text el_class=&#8221;maxwidth&#8221; css=&#8221;.vc_custom_1680102320644{padding-bottom: 48px !important;}&#8221;]<\/p>\n<ul>\n<li class=\"ql-block\" data-block-id=\"block-0bad60c5-6ddc-4833-96d2-32b8fea4c3ed\">Pode reembolsar o seu empr\u00e9stimo antecipadamente em qualquer altura e obter uma redu\u00e7\u00e3o nos juros sobre o per\u00edodo de empr\u00e9stimo n\u00e3o utilizado<\/li>\n<li class=\"ql-block\" data-block-id=\"block-0bad60c5-6ddc-4833-96d2-32b8fea4c3ed\">O seguro de morte inclui a cobertura do saldo do cr\u00e9dito (protec\u00e7\u00e3o da fam\u00edlia)<\/li>\n<li class=\"ql-block\" data-block-id=\"block-0bad60c5-6ddc-4833-96d2-32b8fea4c3ed\">Decis\u00e3o de princ\u00edpio no prazo de 5 minutos durante o primeiro contacto telef\u00f3nico<\/li>\n<\/ul>\n<p>[\/vc_column_text][\/vc_column][\/vc_row][vc_row full_width=&#8221;stretch_row&#8221; el_class=&#8221;diagonal-bck gradient-bck bigpadding full-width&#8221;][vc_column data_aos=&#8221;fade-in&#8221;][vc_column_text css=&#8221;.vc_custom_1680102300403{padding-top: 96px !important;}&#8221;]<\/p>\n<div class=\"blocktitle title-center title-light maxwidth\">\n<h2><span class=\"ez-toc-section\" id=\"A_Multicredit_beneficia_das_muitas_recomendacoes_dos_seus_clientes_e_agradece-lhes_pelo_seu_apoio\"><\/span>A Multicredit beneficia das muitas recomenda\u00e7\u00f5es dos seus clientes e agradece-lhes pelo seu apoio.<span class=\"ez-toc-section-end\"><\/span><\/h2>\n<\/div>\n<p>[\/vc_column_text][\/vc_column][\/vc_row]<\/p>\n<\/section>\n","protected":false},"excerpt":{"rendered":"<p>[vc_row full_width=&#8221;stretch_row_content&#8221; gap=&#8221;10&#8243; equal_height=&#8221;yes&#8221; content_placement=&#8221;middle&#8221; el_class=&#8221;white-bck checklist&#8221;][vc_column data_aos=&#8221;fade-in&#8221;][vc_row_inner equal_height=&#8221;yes&#8221; gap=&#8221;25&#8243; css=&#8221;.vc_custom_1680092313719{padding-top: 48px !important;padding-right: 24px !important;padding-bottom: 48px !important;padding-left: 24px !important;background-color: #0247d3 !important;}&#8221;][vc_column_inner width=&#8221;1\/3&#8243; css=&#8221;.vc_custom_1680091712355{background-color: #ffffff !important;border-radius: 35px !important;}&#8221;][vc_icon icon_fontawesome=&#8221;fas fa-question-circle&#8221; color=&#8221;custom&#8221; size=&#8221;xl&#8221; align=&#8221;center&#8221; custom_color=&#8221;#df003c&#8221;][vc_column_text] H\u00e1 quanto tempo trabalha na sua empresa (meses\/anos)? Qual \u00e9 o seu aluguer mensal\/Hipoteca? H\u00e1 quanto tempo vive no seu endere\u00e7o actual [&hellip;]<\/p>\n","protected":false},"author":4,"featured_media":24793,"parent":0,"menu_order":0,"comment_status":"closed","ping_status":"closed","template":"template-basic.php","meta":{"inline_featured_image":false,"footnotes":"","_links_to":"","_links_to_target":""},"categories":[336,339,759,343,697,698,699,338],"class_list":["post-16600","page","type-page","status-publish","has-post-thumbnail","hentry","category-credito-pt-pt","category-cartao-de-credito","category-credit-pme-pt-pt","category-credito-automovel","category-credito-de-formacao","category-credito-imobiliario","category-credito-saude","category-recompra-de-credito"],"_links":{"self":[{"href":"https:\/\/multicredit.ch\/pt-pt\/wp-json\/wp\/v2\/pages\/16600","targetHints":{"allow":["GET"]}}],"collection":[{"href":"https:\/\/multicredit.ch\/pt-pt\/wp-json\/wp\/v2\/pages"}],"about":[{"href":"https:\/\/multicredit.ch\/pt-pt\/wp-json\/wp\/v2\/types\/page"}],"author":[{"embeddable":true,"href":"https:\/\/multicredit.ch\/pt-pt\/wp-json\/wp\/v2\/users\/4"}],"replies":[{"embeddable":true,"href":"https:\/\/multicredit.ch\/pt-pt\/wp-json\/wp\/v2\/comments?post=16600"}],"version-history":[{"count":14,"href":"https:\/\/multicredit.ch\/pt-pt\/wp-json\/wp\/v2\/pages\/16600\/revisions"}],"predecessor-version":[{"id":25092,"href":"https:\/\/multicredit.ch\/pt-pt\/wp-json\/wp\/v2\/pages\/16600\/revisions\/25092"}],"wp:featuredmedia":[{"embeddable":true,"href":"https:\/\/multicredit.ch\/pt-pt\/wp-json\/wp\/v2\/media\/24793"}],"wp:attachment":[{"href":"https:\/\/multicredit.ch\/pt-pt\/wp-json\/wp\/v2\/media?parent=16600"}],"wp:term":[{"taxonomy":"category","embeddable":true,"href":"https:\/\/multicredit.ch\/pt-pt\/wp-json\/wp\/v2\/categories?post=16600"}],"curies":[{"name":"wp","href":"https:\/\/api.w.org\/{rel}","templated":true}]}}