{"id":16235,"date":"2020-03-10T09:53:00","date_gmt":"2020-03-10T09:53:00","guid":{"rendered":"https:\/\/www.multicredit.ch\/faq\/"},"modified":"2021-06-02T10:49:07","modified_gmt":"2021-06-02T10:49:07","slug":"faq","status":"publish","type":"page","link":"https:\/\/multicredit.ch\/pt-pt\/faq\/","title":{"rendered":"FAQ"},"content":{"rendered":"<section class=\"wpb-content-wrapper\">[vc_row][vc_column]<\/p>\n<div class=\"blocktitle title-left title-dark\" clearfix\"><H2> MultiCredit FAQ - Respondemos a todas as suas perguntas Perguntas MultiCredit<\/H2><\/p>\n<h4>A MultiCredit tem respostas a todas as suas perguntas!<\/h4>\n<\/div>\n<p>[vc_column_text]Provavelmente tem muitas perguntas sobre aplica\u00e7\u00f5es de cr\u00e9dito e os diferentes aspectos relacionados com as mesmas. A MultiCredit tem respostas a todas as suas perguntas. N\u00e3o hesite em contactar-nos para qualquer outra quest\u00e3o![\/vc_column_text][\/vc_column][\/vc_row][vc_row][vc_column][vc_column_text]<\/p>\n<p>&nbsp;<\/p>\n<h3><span class=\"ez-toc-section\" id=\"Como_posso_obter_um_emprestimo_e_que_taxas_tenho_de_pagar\"><\/span><strong>Como posso obter um empr\u00e9stimo e que taxas tenho de pagar?\u00a0<\/strong><span class=\"ez-toc-section-end\"><\/span><\/h3>\n<p>Pode obter uma oferta gratuita sem compromisso fazendo um pedido (no website, por telefone ou pessoalmente). N\u00e3o h\u00e1 custos para obter o empr\u00e9stimo ou para o estudo do processo, mas ter\u00e1 de reembolsar o empr\u00e9stimo (e os juros) se o contrato for aprovado.<\/p>\n<p>&nbsp;<\/p>\n<h3><span class=\"ez-toc-section\" id=\"Tenho_uma_autorizacao_de_estabelecimento_B_ou_C_Posso_obter_um_credito_ao_consumidor_na_Suica\"><\/span><strong>Tenho uma autoriza\u00e7\u00e3o de estabelecimento B ou C. Posso obter um cr\u00e9dito ao consumidor na Su\u00ed\u00e7a?<\/strong><span class=\"ez-toc-section-end\"><\/span><\/h3>\n<p>Qualquer pessoa com uma autoriza\u00e7\u00e3o de estabelecimento B, C ou G ou um cart\u00e3o de legitima\u00e7\u00e3o pode solicitar um empr\u00e9stimo pessoal na Su\u00ed\u00e7a.<\/p>\n<p>&nbsp;<\/p>\n<h3><span class=\"ez-toc-section\" id=\"E_possivel_pagar_um_emprestimo_privado_antes_do_fim_do_contrato_Ha_alguma_vantagem_em_faze-lo\"><\/span><strong>\u00c9 poss\u00edvel pagar um empr\u00e9stimo privado antes do fim do contrato? H\u00e1 alguma vantagem em faz\u00ea-lo?<\/strong><span class=\"ez-toc-section-end\"><\/span><\/h3>\n<p>De acordo com a lei sobre o cr\u00e9dito ao consumo, \u00e9 poss\u00edvel reembolsar o seu cr\u00e9dito antes da sua data de expira\u00e7\u00e3o ou em qualquer altura sem custos adicionais. Basta encomendar a sua declara\u00e7\u00e3o final e beneficiar de uma redu\u00e7\u00e3o nos juros ou pode tamb\u00e9m pagar um montante mais elevado a cada m\u00eas e antecipar nos reembolsos. Pe\u00e7a-nos uma simula\u00e7\u00e3o!<\/p>\n<p>&nbsp;<\/p>\n<h3><span class=\"ez-toc-section\" id=\"Como_posso_beneficiar_da_recompra_reagrupamento_ou_consolidacao_dos_meus_saldos_de_credito_leasing_ou_cartao_de_credito\"><\/span><strong>Como posso beneficiar da recompra, reagrupamento ou consolida\u00e7\u00e3o dos meus saldos de cr\u00e9dito, leasing ou cart\u00e3o de cr\u00e9dito?<\/strong><span class=\"ez-toc-section-end\"><\/span><\/h3>\n<p>Tratamos de todos os procedimentos administrativos relativos \u00e0 sua reaquisi\u00e7\u00e3o ou consolida\u00e7\u00e3o de cr\u00e9ditos. Gra\u00e7as a esta solu\u00e7\u00e3o, reduz as suas despesas mensais, beneficia de uma melhor taxa e tem apenas uma conta a pagar por m\u00eas.<\/p>\n<p>&nbsp;<\/p>\n<h3><span class=\"ez-toc-section\" id=\"Os_pensionistas_IV_seguro_de_invalidez_e_os_pensionistas_AHVAVS_pensionistas_podem_obter_um_emprestimo_pessoal\"><\/span><strong>Os pensionistas IV (seguro de invalidez) e os pensionistas AHV\/AVS (pensionistas) podem obter um empr\u00e9stimo pessoal?<\/strong><span class=\"ez-toc-section-end\"><\/span><\/h3>\n<p>O cr\u00e9dito \u00e9 concedido aos pensionistas do seguro de invalidez e aos pensionistas do seguro AHV com base nos seus rendimentos. Levamos em conta os rendimentos na conta banc\u00e1ria, bem como o documento de identidade ou a autoriza\u00e7\u00e3o de resid\u00eancia. Claro que n\u00e3o deve receber presta\u00e7\u00f5es suplementares, n\u00e3o deve estar em d\u00edvida e a idade m\u00e1xima \u00e9 68 anos. Convidamo-lo a fazer um pedido para saber o montante exacto que pode obter.<\/p>\n<p>&nbsp;<\/p>\n<h3><span class=\"ez-toc-section\" id=\"Os_trabalhadores_independentes_executivos_directores_ou_gestores_de_uma_empresa_podem_contrair_um_emprestimo_pessoal\"><\/span><strong>Os trabalhadores independentes, executivos, directores ou gestores de uma empresa podem contrair um empr\u00e9stimo pessoal?<\/strong><span class=\"ez-toc-section-end\"><\/span><\/h3>\n<p>Um trabalhador independente, um s\u00f3cio gerente, um director da sua empresa ou um executivo podem requerer um empr\u00e9stimo pessoal sem problemas e usufruir dos benef\u00edcios. \u00c9 r\u00e1pido, simples e discreto! Os montantes variam de 3&#8217;000 a 400&#8217;000 CHF e os reembolsos podem ir de 12 a 84 meses. Evidentemente, \u00e9 poss\u00edvel reembolsar o empr\u00e9stimo antecipadamente e beneficiar de uma redu\u00e7\u00e3o dos juros.<\/p>\n<p>&nbsp;<\/p>\n<h3><span class=\"ez-toc-section\" id=\"Quais_sao_as_diferencas_entre_o_leasing_e_o_credito_ao_consumo\"><\/span><strong>Quais s\u00e3o as diferen\u00e7as entre o leasing e o cr\u00e9dito ao consumo?<\/strong><span class=\"ez-toc-section-end\"><\/span><\/h3>\n<p>Com um cr\u00e9dito ao consumidor, os juros s\u00e3o dedut\u00edveis nos impostos, o ve\u00edculo pertence-lhe, \u00e9 livre de fazer um seguro completo, pode vender o ve\u00edculo em qualquer altura sem penaliza\u00e7\u00e3o. Quando paga em dinheiro pelo seu carro, pode negociar o montante. Com um leasing, n\u00e3o tem estas vantagens porque est\u00e1 a alugar o ve\u00edculo e, portanto, tem menos flexibilidade. \u00c9 importante calcular todos os custos associados ao aluguer e compar\u00e1-los. Recomendamos a contrac\u00e7\u00e3o de um empr\u00e9stimo de autom\u00f3vel.<\/p>\n<p>&nbsp;<\/p>\n<h3><span class=\"ez-toc-section\" id=\"Quais_sao_as_opcoes_para_o_periodo_de_reembolso_de_um_emprestimo_pessoal\"><\/span><strong>Quais s\u00e3o as op\u00e7\u00f5es para o per\u00edodo de reembolso de um empr\u00e9stimo pessoal?<\/strong><span class=\"ez-toc-section-end\"><\/span><\/h3>\n<p>Tem a op\u00e7\u00e3o de reembolsar de 12 a 84 meses, mas isto depender\u00e1 da sua situa\u00e7\u00e3o financeira, bem como da sua autoriza\u00e7\u00e3o de resid\u00eancia. Contacte-nos para mais informa\u00e7\u00f5es.<\/p>\n<p>&nbsp;<\/p>\n<h3><span class=\"ez-toc-section\" id=\"Quem_pode_contrair_um_emprestimo_ao_consumidor\"><\/span><strong>Quem pode contrair um empr\u00e9stimo ao consumidor?<\/strong><span class=\"ez-toc-section-end\"><\/span><\/h3>\n<p>Em primeiro lugar, deve estar a trabalhar na Su\u00ed\u00e7a e n\u00e3o ter nenhum processo judicial no seu registo. Deve ser cidad\u00e3o su\u00ed\u00e7o ou ter uma autoriza\u00e7\u00e3o de resid\u00eancia (B, C, G ou cart\u00e3o de legitima\u00e7\u00e3o) e ter entre 20 e 68 anos de idade. \u00c9 necess\u00e1rio solicitar uma oferta gratuita e n\u00e3o vinculativa.<\/p>\n<p>&nbsp;<\/p>\n<h3><span class=\"ez-toc-section\" id=\"As_taxas_de_juro_de_um_emprestimo_ao_consumidor_sao_fixas_durante_todo_o_periodo_do_contrato\"><\/span><strong>As taxas de juro de um empr\u00e9stimo ao consumidor s\u00e3o fixas durante todo o per\u00edodo do contrato?<\/strong><span class=\"ez-toc-section-end\"><\/span><\/h3>\n<p>Sim, quando se pede um empr\u00e9stimo pessoal, a taxa de juro \u00e9 fixa durante todo o per\u00edodo do contrato, pelo que n\u00e3o h\u00e1 varia\u00e7\u00e3o ou flutua\u00e7\u00e3o na taxa de juro. Mant\u00e9m a mesma taxa de juro desde o in\u00edcio.<\/p>\n<p>&nbsp;<\/p>\n<h3><span class=\"ez-toc-section\" id=\"Posso_obter_credito_adicional_se_ja_tiver_credito_com_outro_banco\"><\/span><strong>Posso obter cr\u00e9dito adicional se j\u00e1 tiver cr\u00e9dito com outro banco?<\/strong><span class=\"ez-toc-section-end\"><\/span><\/h3>\n<p>Evidentemente, tem o direito de obter um suplemento de cr\u00e9dito desde que a sua situa\u00e7\u00e3o financeira o permita, ter\u00e1 de fazer um pedido para saber o montante que pode obter.<\/p>\n<p>&nbsp;<\/p>\n<h3><span class=\"ez-toc-section\" id=\"Contratei_um_seguro_opcional_de_%E2%80%9Cseguro_de_proteccao_de_pagamento_mensal_ou_PPI%E2%80%9D_em_caso_de_incapacidade_para_o_trabalho_e_desemprego\"><\/span><strong>Contratei um seguro opcional de &#8220;seguro de protec\u00e7\u00e3o de pagamento mensal ou PPI&#8221; em caso de incapacidade para o trabalho e desemprego.<\/strong><span class=\"ez-toc-section-end\"><\/span><\/h3>\n<p>Estou agora desempregado, por exemplo. Se tiver contratado esta cobertura de seguro desde o in\u00edcio, poder\u00e1 beneficiar da cobertura, ou seja, a companhia de seguros pagar\u00e1 ao banco por um m\u00e1ximo de 9 a 12 meses (dependendo da institui\u00e7\u00e3o). Assim que tiver encontrado um emprego, a cobertura ir\u00e1 parar. Naturalmente, \u00e9 necess\u00e1rio ler as condi\u00e7\u00f5es gerais da companhia de seguros para mais informa\u00e7\u00f5es.<\/p>\n<p>&nbsp;<\/p>\n<h3><span class=\"ez-toc-section\" id=\"Quando_vou_receber_um_certificado_fiscal_para_a_minha_declaracao_de_impostos\"><\/span><strong>Quando vou receber um certificado fiscal para a minha declara\u00e7\u00e3o de impostos?<\/strong><span class=\"ez-toc-section-end\"><\/span><\/h3>\n<p>Normalmente, o certificado \u00e9 enviado automaticamente a cada cliente por volta de meados de Janeiro. N\u00e3o hesite em contactar-nos para encomendar.<\/p>\n<p>&nbsp;<\/p>\n<h3><span class=\"ez-toc-section\" id=\"Quem_e_a_Cashflex_MultiCredit\"><\/span><strong>Quem \u00e9 a Cashflex MultiCredit?<\/strong><span class=\"ez-toc-section-end\"><\/span><\/h3>\n<p>Somos uma empresa neutra e independente de consultoria e corretagem de cr\u00e9dito ao consumo e prestamos aconselhamento em toda a Su\u00ed\u00e7a. A empresa est\u00e1 inscrita no Registo Comercial de Fribourg. Os nossos empregados falam alem\u00e3o, italiano, ingl\u00eas, portugu\u00eas, espanhol e turco.<\/p>\n<p>&nbsp;<\/p>\n<h3><span class=\"ez-toc-section\" id=\"Tenho_de_pagar_uma_taxa_para_um_pedido_a_Cashflex_MultiCredit\"><\/span><strong>Tenho de pagar uma taxa para um pedido \u00e0 Cashflex<\/strong><strong>\u00a0MultiCredit ?<\/strong><span class=\"ez-toc-section-end\"><\/span><\/h3>\n<p>N\u00e3o h\u00e1 taxas a pagar, as ofertas s\u00e3o gratuitas e sem compromisso da sua parte.<\/p>\n<p>&nbsp;<\/p>\n<p>&nbsp;<\/p>\n<h3><span class=\"ez-toc-section\" id=\"Ha_quanto_tempo_a_Cashflex_MultiCredit_esta_no_mercado\"><\/span><strong>H\u00e1 quanto tempo a Cashflex MultiCredit est\u00e1 no mercado?<\/strong><span class=\"ez-toc-section-end\"><\/span><\/h3>\n<p>Temos estado activos no mercado de financiamento desde 1999, por isso temos muita experi\u00eancia e per\u00edcia.<\/p>\n<p>&nbsp;<\/p>\n<h3><span class=\"ez-toc-section\" id=\"Quem_gere_a_Cashflex_MultiCredit\"><\/span><strong>Quem gere a <a href=\"https:\/\/g.page\/Multicredit?share\">Cashflex MultiCredit<\/a>?<\/strong><span class=\"ez-toc-section-end\"><\/span><\/h3>\n<p>A empresa \u00e9 gerida desde 1999 pelo O <a href=\"https:\/\/www.linkedin.com\/in\/m\u00fcn\u00fcr-aslan-credit-leasing-factoring\/\" target=\"_blank\" rel=\"noopener\">Sr. ASLAN<\/a> \u00e9 um chefe de fam\u00edlia, vivendo no cant\u00e3o de Zug com a sua companheira e as suas 3 filhas.residente no cant\u00e3o de Zug. Possui um diploma federal em economia banc\u00e1ria (ISFB) e um diploma em gest\u00e3o de risco empresarial (DAS, UNIGE). A empresa tem 8 empregados em Fribourg.<\/p>\n<p>&nbsp;<\/p>\n<p>[\/vc_column_text][\/vc_column][\/vc_row]<\/section>\n","protected":false},"excerpt":{"rendered":"<p>Pe\u00e7a-nos conselhos gratuitos.<\/p>\n","protected":false},"author":4,"featured_media":11644,"parent":0,"menu_order":100,"comment_status":"closed","ping_status":"closed","template":"","meta":{"inline_featured_image":false,"footnotes":"","_links_to":"","_links_to_target":""},"categories":[],"class_list":["post-16235","page","type-page","status-publish","has-post-thumbnail","hentry"],"_links":{"self":[{"href":"https:\/\/multicredit.ch\/pt-pt\/wp-json\/wp\/v2\/pages\/16235","targetHints":{"allow":["GET"]}}],"collection":[{"href":"https:\/\/multicredit.ch\/pt-pt\/wp-json\/wp\/v2\/pages"}],"about":[{"href":"https:\/\/multicredit.ch\/pt-pt\/wp-json\/wp\/v2\/types\/page"}],"author":[{"embeddable":true,"href":"https:\/\/multicredit.ch\/pt-pt\/wp-json\/wp\/v2\/users\/4"}],"replies":[{"embeddable":true,"href":"https:\/\/multicredit.ch\/pt-pt\/wp-json\/wp\/v2\/comments?post=16235"}],"version-history":[{"count":6,"href":"https:\/\/multicredit.ch\/pt-pt\/wp-json\/wp\/v2\/pages\/16235\/revisions"}],"predecessor-version":[{"id":16256,"href":"https:\/\/multicredit.ch\/pt-pt\/wp-json\/wp\/v2\/pages\/16235\/revisions\/16256"}],"wp:featuredmedia":[{"embeddable":true,"href":"https:\/\/multicredit.ch\/pt-pt\/wp-json\/wp\/v2\/media\/11644"}],"wp:attachment":[{"href":"https:\/\/multicredit.ch\/pt-pt\/wp-json\/wp\/v2\/media?parent=16235"}],"wp:term":[{"taxonomy":"category","embeddable":true,"href":"https:\/\/multicredit.ch\/pt-pt\/wp-json\/wp\/v2\/categories?post=16235"}],"curies":[{"name":"wp","href":"https:\/\/api.w.org\/{rel}","templated":true}]}}