{"id":14266,"date":"2020-06-17T15:06:06","date_gmt":"2020-06-17T15:06:06","guid":{"rendered":"https:\/\/www.multicredit.ch\/credito\/credit-pme\/"},"modified":"2021-05-21T17:31:34","modified_gmt":"2021-05-21T17:31:34","slug":"credito-para-empresas","status":"publish","type":"page","link":"https:\/\/multicredit.ch\/pt-pt\/credito\/credito-para-empresas\/","title":{"rendered":"Cr\u00e9dito para empresas"},"content":{"rendered":"<section class=\"wpb-content-wrapper\">[vc_row el_class=&#8221;white-bck bigpadding&#8221;][vc_column data_aos=&#8221;fade-in&#8221;]<\/p>\n<div class=\"blocktitle title-center title-dark\" clearfix\"><H2><span class=\"ez-toc-section\" id=\"Prestaflex_um_parceiro_de_longa_data_no_dominio_do_credito_para_empresas\"><\/span>Prestaflex, um parceiro de longa data no dom\u00ednio do cr\u00e9dito para empresas<\/H2><\/p>\n<h4>Uma solu\u00e7\u00e3o para independentes, empresas e privados<\/h4>\n<\/div>\n<p>[vc_column_text el_class=&#8221;maxwidth&#8221;]<\/p>\n<p style=\"text-align: center;\"><strong>A <a href=\"https:\/\/prestaflex.ch\" target=\"_blank\" rel=\"noopener\">Prestaflex Service<\/a> \u00e9 nossa parceira j\u00e1 h\u00e1 um bom tempo. Em opera\u00e7\u00e3o desde 2013, possui uma equipe competente, composta por v\u00e1rios especialistas. <\/strong><\/p>\n<p style=\"text-align: center;\">Portanto, \u00e9 mais do que capaz de ajud\u00e1-lo a financiar seu projeto de maneira simples e vantajosa.<\/p>\n<p style=\"text-align: center;\">Nossos associados da Prestaflex oferecem financiamento de 100&#8217;000.- a 5&#8217;000&#8217;000.- CHF, com um r\u00e1pido processo de tomada de decis\u00e3o (3 a 5 dias \u00fateis ap\u00f3s o recebimento de todos os documentos) e um prazo de entrega do cr\u00e9dito de 10 dias \u00fateis ap\u00f3s assinatura do contrato.<\/p>\n<p style=\"text-align: center;\">Al\u00e9m disso, nossos colaboradores acreditam que \u00e9 essencial fornecer solu\u00e7\u00f5es individualizadas e, portanto, favorecem a escuta e o relacionamento pr\u00f3ximo com o cliente para melhor responder a cada solicita\u00e7\u00e3o, por meio de conselhos neutros e uma an\u00e1lise global de sua situa\u00e7\u00e3o.<\/p>\n<p style=\"text-align: center;\"><strong>Seja para obter um cr\u00e9dito empresarial ou um cr\u00e9dito para independentes, os especialistas da Prestaflex est\u00e3o aqui para lhe auxiliar.<\/strong><\/p>\n<p>[\/vc_column_text][vc_btn title=&#8221;Visite o website Prestaflex&#8221; align=&#8221;center&#8221; link=&#8221;url:https%3A%2F%2Fprestaflex.ch|title:Cr%C3%A9dito%20para%20empresas|&#8221;][\/vc_column][\/vc_row][vc_row full_width=&#8221;stretch_row&#8221; el_class=&#8221;lightgrey-bck diagonal-bottom-bck bigpadding&#8221;][vc_column width=&#8221;1\/2&#8243; data_aos=&#8221;fade-in&#8221; data_aos_delay=&#8221;250&#8243; el_class=&#8221;checklist&#8221;]<\/p>\n<div class=\"blocktitle title-left title-dark\" clearfix\"><H2><span class=\"ez-toc-section\" id=\"Credito_rotativo_Financiamento_a_partir_de_200000-_CHF\"><\/span>Cr\u00e9dito rotativo. Financiamento a partir de 200&#8217;000.- CHF<\/H2><\/p>\n<h4>Empr\u00e9stimo sob medida. Renova\u00e7\u00e3o flex\u00edvel.<\/h4>\n<\/div>\n<p>[vc_column_text]O cr\u00e9dito rotativo \u00e9 um empr\u00e9stimo no qual, durante o prazo contratado, voc\u00ea s\u00f3 paga os juros. Ap\u00f3s vencimento do prazo, voc\u00ea pode escolher entre um reembolso total ou a renova\u00e7\u00e3o do contrato por um novo per\u00edodo.<\/p>\n<p><strong>Gra\u00e7as a esta solu\u00e7\u00e3o flex\u00edvel, voc\u00ea tem sempre \u00e0 sua disposi\u00e7\u00e3o uma quantia em dinheiro, o que lhe permitir\u00e1 satisfazer qualquer necessidade de liquidez.<\/strong><\/p>\n<ul>\n<li>Cr\u00e9dito rotativo: modalidades<\/li>\n<li>Montante do empr\u00e9stimo rotativo<\/li>\n<li>Montante a partir de CHF 200&#8217;000.- CHF<\/li>\n<\/ul>\n<p><strong>Escolha o valor necess\u00e1rio e pague apenas os juros.<\/strong><\/p>\n<ul>\n<li>Renova\u00e7\u00e3o poss\u00edvel ap\u00f3s vencimento do contrato<\/li>\n<li>Renova\u00e7\u00e3o flex\u00edvel<\/li>\n<\/ul>\n<p><strong>O contrato \u00e9 estabelecido por um per\u00edodo de 6 a 36 meses, com possibilidade de renova\u00e7\u00e3o ap\u00f3s o vencimento do mesmo.<\/strong><\/p>\n<ul>\n<li>Reembolso do cr\u00e9dito rotativo<\/li>\n<li>Reembolso no vencimento<\/li>\n<\/ul>\n<p><strong>Ao t\u00e9rmino do contrato, o valor do empr\u00e9stimo deve ser pago em uma \u00fanica parcela.<\/strong>[\/vc_column_text][\/vc_column][vc_column width=&#8221;1\/2&#8243; data_aos=&#8221;fade-left&#8221; el_class=&#8221;sticky&#8221;][vc_single_image image=&#8221;11556&#8243; img_size=&#8221;full&#8221; alignment=&#8221;center&#8221; css_animation=&#8221;none&#8221;][\/vc_column][\/vc_row][vc_row el_class=&#8221;white-bck bigpadding checklist&#8221;][vc_column width=&#8221;1\/2&#8243; data_aos=&#8221;fade-right&#8221; el_class=&#8221;sticky&#8221;][vc_single_image image=&#8221;11546&#8243; img_size=&#8221;full&#8221; alignment=&#8221;center&#8221; css_animation=&#8221;none&#8221;][\/vc_column][vc_column width=&#8221;1\/2&#8243; data_aos=&#8221;fade-in&#8221; data_aos_delay=&#8221;250&#8243;]<\/p>\n<div class=\"blocktitle title-left title-dark\" clearfix\"><H2><span class=\"ez-toc-section\" id=\"Credito_empresarial_financiamento_com_ou_sem_bancos\"><\/span>Cr\u00e9dito empresarial, financiamento com ou sem bancos<\/H2><\/p>\n<h4>A liquidez que voc\u00ea precisa<\/h4>\n<\/div>\n<p>[vc_column_text]Um cr\u00e9dito empresarial permite que voc\u00ea obtenha o montante necess\u00e1rio para materializar seus projetos e financiar o desenvolvimento de sua empresa.<\/p>\n<p><strong>N\u00e3o perca uma oportunidade por falta de dinheiro.<\/strong><\/p>\n<ul>\n<li>Cr\u00e9dito empresarial: modalidades<\/li>\n<li>Montante do cr\u00e9dito empresarial<\/li>\n<li>Montante a partir de 100&#8217;000.- CHF<\/li>\n<\/ul>\n<p><strong>Escolha a quantia que voc\u00ea precisa para realizar seus projetos.<\/strong><\/p>\n<ul>\n<li>Limite de empr\u00e9stimo<\/li>\n<li>Limite de cr\u00e9dito<\/li>\n<\/ul>\n<p><strong>Tenha um limite maior e pe\u00e7a at\u00e9 10&#8217;000&#8217;000.- CHF de empr\u00e9stimo.<\/strong><\/p>\n<ul>\n<li>Escolha do reembolso<\/li>\n<li>Reembolso de 6 a 60 meses<\/li>\n<\/ul>\n<p><strong>Desfrute de uma maior flexibilidade gra\u00e7as aos diferentes m\u00e9todos de reembolso, mensal ou anual.<\/strong><br \/>\n[\/vc_column_text][\/vc_column][\/vc_row][vc_row full_width=&#8221;stretch_row&#8221; css=&#8221;.vc_custom_1592472624932{padding-bottom: 48px !important;}&#8221;][vc_column][vc_btn title=&#8221;Pedido online (empresas)&#8221; align=&#8221;center&#8221; button_block=&#8221;true&#8221; link=&#8221;url:https%3A%2F%2Fwww.prestaflex.ch%2F|title:Pedido%20online%20%28empresas%29|target:%20_blank|&#8221;][\/vc_column][\/vc_row]<\/section>\n","protected":false},"excerpt":{"rendered":"<p>Mais liquidez com ou sem banco<\/p>\n","protected":false},"author":4,"featured_media":14240,"parent":13395,"menu_order":0,"comment_status":"closed","ping_status":"closed","template":"template-w-stats.php","meta":{"inline_featured_image":false,"footnotes":"","_links_to":"","_links_to_target":""},"categories":[337,754,759,31],"class_list":["post-14266","page","type-page","status-publish","has-post-thumbnail","hentry","category-diversos","category-credit-pme","category-credit-pme-pt-pt","category-divers"],"_links":{"self":[{"href":"https:\/\/multicredit.ch\/pt-pt\/wp-json\/wp\/v2\/pages\/14266","targetHints":{"allow":["GET"]}}],"collection":[{"href":"https:\/\/multicredit.ch\/pt-pt\/wp-json\/wp\/v2\/pages"}],"about":[{"href":"https:\/\/multicredit.ch\/pt-pt\/wp-json\/wp\/v2\/types\/page"}],"author":[{"embeddable":true,"href":"https:\/\/multicredit.ch\/pt-pt\/wp-json\/wp\/v2\/users\/4"}],"replies":[{"embeddable":true,"href":"https:\/\/multicredit.ch\/pt-pt\/wp-json\/wp\/v2\/comments?post=14266"}],"version-history":[{"count":6,"href":"https:\/\/multicredit.ch\/pt-pt\/wp-json\/wp\/v2\/pages\/14266\/revisions"}],"predecessor-version":[{"id":15383,"href":"https:\/\/multicredit.ch\/pt-pt\/wp-json\/wp\/v2\/pages\/14266\/revisions\/15383"}],"up":[{"embeddable":true,"href":"https:\/\/multicredit.ch\/pt-pt\/wp-json\/wp\/v2\/pages\/13395"}],"wp:featuredmedia":[{"embeddable":true,"href":"https:\/\/multicredit.ch\/pt-pt\/wp-json\/wp\/v2\/media\/14240"}],"wp:attachment":[{"href":"https:\/\/multicredit.ch\/pt-pt\/wp-json\/wp\/v2\/media?parent=14266"}],"wp:term":[{"taxonomy":"category","embeddable":true,"href":"https:\/\/multicredit.ch\/pt-pt\/wp-json\/wp\/v2\/categories?post=14266"}],"curies":[{"name":"wp","href":"https:\/\/api.w.org\/{rel}","templated":true}]}}