{"id":13395,"date":"2020-03-10T09:48:45","date_gmt":"2020-03-10T09:48:45","guid":{"rendered":"https:\/\/www.multicredit.ch\/credito\/"},"modified":"2023-03-23T12:05:07","modified_gmt":"2023-03-23T12:05:07","slug":"credito","status":"publish","type":"page","link":"https:\/\/multicredit.ch\/pt-pt\/credito\/","title":{"rendered":"Cr\u00e9dito"},"content":{"rendered":"<section class=\"wpb-content-wrapper\">\n<p>[vc_row full_width=&#8221;stretch_row&#8221; el_class=&#8221;white-bck bigpadding&#8221; css=&#8221;.vc_custom_1586929679182{padding-bottom: 24px !important;}&#8221;][vc_column data_aos=&#8221;fade-in&#8221;]<\/p>\n<div class=\"blocktitle title-center title-dark\" clearfix\"><H2><span class=\"ez-toc-section\" id=\"Credito_com_a_sua_situacao_actual\"><\/span>Cr\u00e9dito com a sua situa\u00e7\u00e3o actual?<\/H2><\/p>\n<h4>Para cada situa\u00e7\u0101o<\/h4>\n<\/div>\n<p>[vc_column_text el_class=&#8221;pb-2 maxwidth&#8221;]<\/p>\n<p class=\"p1\" style=\"text-align: center;\"><span class=\"s1\">A MultiCredit, especialista em solu\u00e7\u00f5es de cr\u00e9dito pessoal, de consolida\u00e7\u00e3o e recompra de d\u00edvidas, lhe prop\u00f5e as melhores taxas de juros praticadas na Su\u00ed\u00e7a para cr\u00e9ditos de CHF 3&#8217;000 a CHF 400&#8217;000. Damos particular import\u00e2ncia a cada situa\u00e7\u00e3o afim de fornecer conselhos pertinentes e eficazes.<\/span><\/p>\n<p>[\/vc_column_text][\/vc_column][\/vc_row][vc_row full_width=&#8221;stretch_row&#8221; el_class=&#8221;white-bck&#8221; css=&#8221;.vc_custom_1586930817763{padding-top: 24px !important;padding-bottom: 0px !important;}&#8221;][vc_column width=&#8221;1\/2&#8243; data_aos=&#8221;fade-up&#8221; el_class=&#8221;checklist&#8221;][vc_column_text]<\/p>\n<ul class=\"ul1\">\n<li class=\"li1\"><span class=\"s2\">Decis\u00e3o de princ\u00edpio em 5 minutos a partir do pedido do cliente.<\/span><\/li>\n<li class=\"li1\"><span class=\"s2\">Tratamento gratuito e sem compromisso do seu pedido.<\/span><\/li>\n<li class=\"li1\"><span class=\"s2\">Confidencialidade garantida pelo segredo banc\u00e1rio.<\/span><\/li>\n<li class=\"li1\"><span class=\"s2\">Reembolso flex\u00edvel, de 12 a 84 meses.<\/span><\/li>\n<li class=\"li1\"><span class=\"s2\">Mensalidades adaptadas e redu\u00e7\u00e3o dos juros.<\/span><\/li>\n<li class=\"li1\"><span class=\"s2\">Modalidades (dura\u00e7\u00e3o, taxa de juros, quantia) flex\u00edveis e adapt\u00e1veis.<\/span><\/li>\n<li class=\"li1\"><span class=\"s2\">Reembolso antecipado poss\u00edvel.<\/span><\/li>\n<\/ul>\n<p>[\/vc_column_text][\/vc_column][vc_column width=&#8221;1\/2&#8243; data_aos=&#8221;fade-up&#8221; data_aos_delay=&#8221;250&#8243; el_class=&#8221;checklist&#8221;][vc_column_text]<\/p>\n<ul class=\"ul1\">\n<li class=\"li1\"><span class=\"s2\">Su\u00ed\u00e7os e portadores do permis C podem obter dedu\u00e7\u00f5es fiscais sobre os juros da d\u00edvida.<\/span><\/li>\n<li class=\"li1\"><span class=\"s2\">Procedimento simplificado e mais r\u00e1pido que a hipoteca ou o leasing.<\/span><\/li>\n<li class=\"li1\"><span class=\"s2\">Nos encarregamos de todo o processo administrativo para si.<\/span><\/li>\n<li class=\"li1\"><span class=\"s2\">Discri\u00e7\u00e3o e seguran\u00e7a.<\/span><\/li>\n<li class=\"li1\"><span class=\"s2\">Constru\u00e7\u00e3o do seu dossi\u00ea por um especialista.<\/span><\/li>\n<li class=\"li1\"><span class=\"s2\">Conselho personalizado a domic\u00edlio ou em nosso escrit\u00f3rio.<\/span><\/li>\n<\/ul>\n<p>[\/vc_column_text][\/vc_column][\/vc_row][vc_row full_width=&#8221;stretch_row&#8221; el_class=&#8221;white-bck bigpadding&#8221; css=&#8221;.vc_custom_1586929684389{padding-top: 24px !important;}&#8221;][vc_column data_aos=&#8221;fade-in&#8221;][vc_column_text el_class=&#8221;pt-2&#8243;]<\/p>\n<p class=\"p1\" style=\"text-align: center;\"><strong><span class=\"s1\">Privados residindo na Su\u00ed\u00e7a, su\u00ed\u00e7os ou detentores de um permis B, C ou uma carta de legitima\u00e7\u00e3o (D, E, G e H): aumentar a sua liquidez \u00e9 poss\u00edvel e economizar tamb\u00e9m. Obtenha o nosso conselho e o estudo personalizado do seu caso, depois do que voc\u00ea obter\u00e1 uma proposta de empr\u00e9stimo sob medida.<\/span><\/strong><\/p>\n<p>[\/vc_column_text][\/vc_column][\/vc_row][vc_row full_width=&#8221;stretch_row&#8221; equal_height=&#8221;yes&#8221; el_class=&#8221;lightgrey-bck bigpadding flex-eq-height diagonal-top-bck one-fifth-link-bloc&#8221;][vc_column width=&#8221;1\/5&#8243; data_aos=&#8221;fade-down&#8221; data_aos_delay=&#8221;0&#8243;]<\/p>\n<div class=\"wpb_single_image wpb_content_element vc_align_center  wpb_animate_when_almost_visible wpb_top-to-bottom top-to-bottom wpb_start_animation animated\">\n<figure class=\"wpb_wrapper vc_figure\">\n<div class=\"vc_single_image-wrapper\"><img decoding=\"async\" src=\"https:\/\/multicredit.ch\/wp\/wp-content\/uploads\/c-hab.jpg\" alt=\"\" title=\"\"><\/div><figcaption>\n<h4>Cr\u00e9dito habita\u00e7\u00e3o<\/h4>\n<p>Financie im\u00f3veis, decora\u00e7\u00f5es e mudan\u00e7as<\/p>\n<\/figcaption><\/figure>\n<\/div>\n<div class=\"vc_btn3-container text-center\"><a class=\"btn-circle-2\" href=\"https:\/\/www.multicredit.ch\/pt-pt\/credito-habitacao\/\" title=\"Cr\u00e9dito habita\u00e7\u00e3o\" ><span class=\"round\">&gt;<\/span><\/a><\/div>\n<p>[\/vc_column][vc_column width=&#8221;1\/5&#8243; data_aos=&#8221;fade-down&#8221; data_aos_delay=&#8221;50&#8243;]<\/p>\n<div class=\"wpb_single_image wpb_content_element vc_align_center  wpb_animate_when_almost_visible wpb_top-to-bottom top-to-bottom wpb_start_animation animated\">\n<figure class=\"wpb_wrapper vc_figure\">\n<div class=\"vc_single_image-wrapper\"><img decoding=\"async\" src=\"https:\/\/multicredit.ch\/wp\/wp-content\/uploads\/c-auto.jpg\" alt=\"\" title=\"\"><\/div><figcaption>\n<h4>Cr\u00e9dito autom\u00f3vel<\/h4>\n<p>Compre o seu autom\u00f3vel gra\u00e7as a um cr\u00e9dito<\/p>\n<\/figcaption><\/figure>\n<\/div>\n<div class=\"vc_btn3-container text-center\"><a class=\"btn-circle-2\" href=\"https:\/\/www.multicredit.ch\/pt-pt\/credito-automovel\/\" title=\"Cr\u00e9dito habita\u00e7\u00e3o\" ><span class=\"round\">&gt;<\/span><\/a><\/div>\n<p>[\/vc_column][vc_column width=&#8221;1\/5&#8243; data_aos=&#8221;fade-down&#8221; data_aos_delay=&#8221;100&#8243;]<\/p>\n<div class=\"wpb_single_image wpb_content_element vc_align_center  wpb_animate_when_almost_visible wpb_top-to-bottom top-to-bottom wpb_start_animation animated\">\n<figure class=\"wpb_wrapper vc_figure\">\n<div class=\"vc_single_image-wrapper\"><img decoding=\"async\" src=\"https:\/\/multicredit.ch\/wp\/wp-content\/uploads\/c-form.jpg\" alt=\"\" title=\"\"><\/div><figcaption>\n<h4>Cr\u00e9dito para estudos<\/h4>\n<p>Financie os seus estudos<\/p>\n<\/figcaption><\/figure>\n<\/div>\n<div class=\"vc_btn3-container text-center\"><a class=\"btn-circle-2\" href=\"https:\/\/www.multicredit.ch\/pt-pt\/credito-para-estudos\/\" title=\"Cr\u00e9dito habita\u00e7\u00e3o\" ><span class=\"round\">&gt;<\/span><\/a><\/div>\n<p>[\/vc_column][vc_column width=&#8221;1\/5&#8243; data_aos=&#8221;fade-down&#8221; data_aos_delay=&#8221;150&#8243;]<\/p>\n<div class=\"wpb_single_image wpb_content_element vc_align_center  wpb_animate_when_almost_visible wpb_top-to-bottom top-to-bottom wpb_start_animation animated\">\n<figure class=\"wpb_wrapper vc_figure\">\n<div class=\"vc_single_image-wrapper\"><img decoding=\"async\" src=\"https:\/\/multicredit.ch\/wp\/wp-content\/uploads\/c-med.jpg\" alt=\"\" title=\"\"><\/div><figcaption>\n<h4>Empr\u00e9stimo m\u00e9dico<\/h4>\n<p>Financie a sua cirurgia ou cuidados m\u00e9dicos com um cr\u00e9dito<\/p>\n<\/figcaption><\/figure>\n<\/div>\n<div class=\"vc_btn3-container text-center\"><a class=\"btn-circle-2\" href=\"https:\/\/www.multicredit.ch\/pt-pt\/emprestimo-medico\/\" title=\"Cr\u00e9dito habita\u00e7\u00e3o\" ><span class=\"round\">&gt;<\/span><\/a><\/div>\n<p>[\/vc_column][vc_column width=&#8221;1\/5&#8243; data_aos=&#8221;fade-down&#8221; data_aos_delay=&#8221;200&#8243;]<\/p>\n<div class=\"wpb_single_image wpb_content_element vc_align_center  wpb_animate_when_almost_visible wpb_top-to-bottom top-to-bottom wpb_start_animation animated\">\n<figure class=\"wpb_wrapper vc_figure\">\n<div class=\"vc_single_image-wrapper\"><img decoding=\"async\" src=\"https:\/\/multicredit.ch\/wp\/wp-content\/uploads\/c-all.jpg\" alt=\"\" title=\"\"><\/div><figcaption>\n<h4>Cr\u00e9ditos diversos<\/h4>\n<p>Para todos os outros projectos<\/p>\n<\/figcaption><\/figure>\n<\/div>\n<div class=\"vc_btn3-container text-center\"><a class=\"btn-circle-2\" href=\"https:\/\/www.multicredit.ch\/pt-pt\/creditos-diversos\/\" title=\"Cr\u00e9dito habita\u00e7\u00e3o\" ><span class=\"round\">&gt;<\/span><\/a><\/div>\n<p>[\/vc_column][\/vc_row][vc_row full_width=&#8221;stretch_row&#8221; el_class=&#8221;white-bck regularpadding steps&#8221;][vc_column data_aos=&#8221;fade-in&#8221;]<\/p>\n<div class=\"blocktitle title-center title-dark\" clearfix\"><H2><span class=\"ez-toc-section\" id=\"O_seu_credito_em_4_etapas\"><\/span>O seu cr\u00e9dito em 4 etapas<\/H2><\/p>\n<h4>Simples e r\u00e0pido<\/h4>\n<\/div>\n<p>[vc_row_inner equal_height=&#8221;yes&#8221;][vc_column_inner width=&#8221;1\/4&#8243;][vc_pie value=&#8221;25&#8243; label_value=&#8221;1&#8243; color=&#8221;custom&#8221; title=&#8221;Pedido&#8221; custom_color=&#8221;#df003c&#8221;][vc_column_text]<\/p>\n<p style=\"text-align: center;\">Preencha o formul\u00e1rio de pedido de cr\u00e9dito de acordo com as suas necessidades.<\/p>\n<h5 style=\"text-align: center;\">2 mins<\/h5>\n<p>[\/vc_column_text][\/vc_column_inner][vc_column_inner width=&#8221;1\/4&#8243;][vc_pie label_value=&#8221;2&#8243; color=&#8221;custom&#8221; title=&#8221;Proposta&#8221; custom_color=&#8221;#df003c&#8221;][vc_column_text]<\/p>\n<p style=\"text-align: center;\">Analisamos o seu pedido e propomos uma solu\u00e7\u00e3o adaptada ao seu perfil.<\/p>\n<h5 style=\"text-align: center;\">12 horas<\/h5>\n<p>[\/vc_column_text][\/vc_column_inner][vc_column_inner width=&#8221;1\/4&#8243;][vc_pie value=&#8221;75&#8243; label_value=&#8221;3&#8243; color=&#8221;custom&#8221; title=&#8221;Assinatura&#8221; custom_color=&#8221;#df003c&#8221;][vc_column_text]<\/p>\n<p style=\"text-align: center;\">Uma vez estabelecido o contrato, tudo o que tem de fazer \u00e9 assin\u00e1-lo e envi\u00e1-lo para n\u00f3s.<\/p>\n<h5 style=\"text-align: center;\">Este passo depende da sua reactividade.<\/h5>\n<p>[\/vc_column_text][\/vc_column_inner][vc_column_inner width=&#8221;1\/4&#8243;][vc_pie value=&#8221;100&#8243; label_value=&#8221;4&#8243; color=&#8221;custom&#8221; title=&#8221;Transfer\u00eancia banc\u00e1ria&#8221; custom_color=&#8221;#df003c&#8221;][vc_column_text]<\/p>\n<p style=\"text-align: center;\">O montante \u00e9 transferido para a sua conta.<\/p>\n<h5 style=\"text-align: center;\">14 dias (Prazo legal)<\/h5>\n<p>[\/vc_column_text][\/vc_column_inner][\/vc_row_inner][\/vc_column][\/vc_row][vc_row full_width=&#8221;stretch_row&#8221; content_placement=&#8221;middle&#8221; el_class=&#8221;lightgrey-bck bigpadding checklist&#8221;][vc_column data_aos=&#8221;fade-in&#8221;]<\/p>\n<div class=\"blocktitle title-left title-dark\" clearfix\"><H2><span class=\"ez-toc-section\" id=\"MultiCredit\"><\/span>MultiCredit<\/H2><\/p>\n<h4>Nossa principal miss\u00e3o \u00e9 obter a melhor solu\u00e7\u00e3o para o nosso cliente.<\/h4>\n<\/div>\n<p>[vc_row_inner][vc_column_inner width=&#8221;1\/2&#8243;][vc_column_text]A miss\u00e3o da MultiCredit \u00e9 apoiar os seus clientes no dia-a-dia com um aconselhamento personalizado e relevante para solu\u00e7\u00f5es sustent\u00e1veis feitas \u00e0 medida.<\/p>\n<p>Cr\u00e9dito pessoal, recompra de empr\u00e9stimos, recompra de leasing, recompra e consolida\u00e7\u00e3o de saldos de cart\u00f5es de cr\u00e9dito, cart\u00f5es de cr\u00e9dito, mas tamb\u00e9m ajuda na redu\u00e7\u00e3o da d\u00edvida : os nossos especialistas acompanham-no e aconselham-no em todas estas \u00e1reas.[\/vc_column_text][vc_btn title=&#8221;Descobrir&#8221; link=&#8221;url:https%3A%2F%2Fwww.multicredit.ch%2Fpt-pt%2Fsobre-nos%2F|title:Sobre%20n%C3%B3s|&#8221;][\/vc_column_inner][vc_column_inner width=&#8221;1\/2&#8243;][vc_column_text]<\/p>\n<ul>\n<li><strong>Seguran\u00e7a e confidencialidade<\/strong><\/li>\n<li><strong>Proximidade e responsabilidade<\/strong><\/li>\n<li><strong>Tratamento do pedido em menos de 24 horas<\/strong><\/li>\n<li><strong>Taxa de juros inferior \u00e0 da concorr\u00eancia<\/strong><\/li>\n<\/ul>\n<p>[\/vc_column_text][\/vc_column_inner][\/vc_row_inner][\/vc_column][\/vc_row]<\/p>\n<\/section>\n","protected":false},"excerpt":{"rendered":"<p>Fa\u00e7a do seu projeto uma realidade<\/p>\n","protected":false},"author":4,"featured_media":11774,"parent":0,"menu_order":-9,"comment_status":"closed","ping_status":"closed","template":"template-credit.php","meta":{"inline_featured_image":false,"footnotes":"","_links_to":"","_links_to_target":""},"categories":[33,336],"class_list":["post-13395","page","type-page","status-publish","has-post-thumbnail","hentry","category-credit","category-credito-pt-pt"],"_links":{"self":[{"href":"https:\/\/multicredit.ch\/pt-pt\/wp-json\/wp\/v2\/pages\/13395","targetHints":{"allow":["GET"]}}],"collection":[{"href":"https:\/\/multicredit.ch\/pt-pt\/wp-json\/wp\/v2\/pages"}],"about":[{"href":"https:\/\/multicredit.ch\/pt-pt\/wp-json\/wp\/v2\/types\/page"}],"author":[{"embeddable":true,"href":"https:\/\/multicredit.ch\/pt-pt\/wp-json\/wp\/v2\/users\/4"}],"replies":[{"embeddable":true,"href":"https:\/\/multicredit.ch\/pt-pt\/wp-json\/wp\/v2\/comments?post=13395"}],"version-history":[{"count":11,"href":"https:\/\/multicredit.ch\/pt-pt\/wp-json\/wp\/v2\/pages\/13395\/revisions"}],"predecessor-version":[{"id":24749,"href":"https:\/\/multicredit.ch\/pt-pt\/wp-json\/wp\/v2\/pages\/13395\/revisions\/24749"}],"wp:featuredmedia":[{"embeddable":true,"href":"https:\/\/multicredit.ch\/pt-pt\/wp-json\/wp\/v2\/media\/11774"}],"wp:attachment":[{"href":"https:\/\/multicredit.ch\/pt-pt\/wp-json\/wp\/v2\/media?parent=13395"}],"wp:term":[{"taxonomy":"category","embeddable":true,"href":"https:\/\/multicredit.ch\/pt-pt\/wp-json\/wp\/v2\/categories?post=13395"}],"curies":[{"name":"wp","href":"https:\/\/api.w.org\/{rel}","templated":true}]}}