{"id":13392,"date":"2020-03-10T09:57:09","date_gmt":"2020-03-10T09:57:09","guid":{"rendered":"https:\/\/www.multicredit.ch\/contacto\/pedido-de-patrocinio\/"},"modified":"2020-05-28T09:58:44","modified_gmt":"2020-05-28T09:58:44","slug":"pedido-de-patrocinio","status":"publish","type":"page","link":"https:\/\/multicredit.ch\/pt-pt\/melhores-taxas-de-credito-contacte-nos\/pedido-de-patrocinio\/","title":{"rendered":"Pedido de patroc\u00ednio"},"content":{"rendered":"<section class=\"wpb-content-wrapper\">[vc_row el_class=&#8221;bigpadding&#8221;][vc_column][vc_column_text el_class=&#8221;maxwidth&#8221;]<\/p>\n<p style=\"text-align: center; font-size: 28px;\">Na MultiCredit, temos um interesse especial no desenvolvimento das associa\u00e7\u00f5es locais e regionais. Representa um clube desportivo, uma associa\u00e7\u00e3o, uma amizade e gostaria de se candidatar a um patroc\u00ednio? Teremos todo o prazer em ajud\u00e1-lo.<\/p>\n<p>[\/vc_column_text][\/vc_column][\/vc_row][vc_row full_width=&#8221;stretch_row&#8221; content_placement=&#8221;middle&#8221; el_class=&#8221;lightgrey-bck biggerpadding diagonal-top-bck&#8221;][vc_column width=&#8221;1\/2&#8243; data_aos=&#8221;fade-in&#8221; data_aos_delay=&#8221;250&#8243;][vc_column_text el_class=&#8221;checklist&#8221;]<\/p>\n<h2><span class=\"ez-toc-section\" id=\"As_nossas_solucoes_para_pedidos_de_patrocinio\"><\/span>As nossas solu\u00e7\u00f5es para pedidos de patroc\u00ednio<span class=\"ez-toc-section-end\"><\/span><\/h2>\n<p>N\u00e3o hesite em pedir um patrocinador \u00e0 nossa equipa. Temos o prazer de patrocinar o seu evento em troca da oportunidade de fazer alguma publicidade (distribui\u00e7\u00e3o de folhetos, cart\u00f5es de visita e gadgets publicit\u00e1rios), tais como:<\/p>\n<ul>\n<li>Noites, refei\u00e7\u00f5es, eventos especiais<\/li>\n<li>Exposi\u00e7\u00e3o, conven\u00e7\u00e3o, reuni\u00e3o, dia aberto, &#8230;<\/li>\n<li>Evento desportivo, dia desportivo<\/li>\n<\/ul>\n<p>[\/vc_column_text][\/vc_column][vc_column width=&#8221;1\/2&#8243; data_aos=&#8221;fade-left&#8221;][vc_single_image image=&#8221;11536&#8243; img_size=&#8221;full&#8221; alignment=&#8221;center&#8221;][\/vc_column][\/vc_row][vc_row full_width=&#8221;stretch_row&#8221; content_placement=&#8221;middle&#8221; el_class=&#8221;lightgrey-bck biggerpadding&#8221; css=&#8221;.vc_custom_1587476806347{padding-bottom: 128px !important;}&#8221;][vc_column width=&#8221;1\/2&#8243; data_aos=&#8221;fade-right&#8221;][vc_single_image image=&#8221;11541&#8243; img_size=&#8221;full&#8221; alignment=&#8221;center&#8221;][\/vc_column][vc_column width=&#8221;1\/2&#8243; data_aos=&#8221;fade-in&#8221; data_aos_delay=&#8221;250&#8243; el_class=&#8221;checklist&#8221;][vc_column_text el_class=&#8221;checklist&#8221;]<\/p>\n<h2><span class=\"ez-toc-section\" id=\"Como_posso_candidatar-me_ao_patrocinio\"><\/span>Como posso candidatar-me ao patroc\u00ednio?<span class=\"ez-toc-section-end\"><\/span><\/h2>\n<p>Todos os anos, a MultiCredit patrocina in\u00fameros clubes, eventos e associa\u00e7\u00f5es (tamb\u00e9m oferecemos solu\u00e7\u00f5es de patroc\u00ednio de clubes desportivos), ent\u00e3o porque n\u00e3o voc\u00ea? Por favor n\u00e3o hesite em contactar-nos para um pedido de patroc\u00ednio, indicando na sua candidatura:<\/p>\n<ul>\n<li>Clube, associa\u00e7\u00e3o ou tipo de empresa para a qual se est\u00e1 a candidatar ao patroc\u00ednio<\/li>\n<li>Evento a patrocinar e descri\u00e7\u00e3o do evento<\/li>\n<li>Data exacta do evento<\/li>\n<li>N\u00famero de pessoas previstas (aprox.)<\/li>\n<li>Tipo de p\u00fablico presente<\/li>\n<li>Montante solicitado para o patrocinador<\/li>\n<li>Possibilidades para a nossa equipa fazer publicidade (distribui\u00e7\u00e3o de gadgets publicit\u00e1rios, outros?)<\/li>\n<\/ul>\n<p>[\/vc_column_text][\/vc_column][\/vc_row][vc_row full_width=&#8221;stretch_row&#8221; el_class=&#8221;diagonal-bck gradient-bck bigpadding full-width&#8221;][vc_column data_aos=&#8221;fade-in&#8221;][vc_column_text css=&#8221;.vc_custom_1590659589399{padding-top: 96px !important;}&#8221;]<\/p>\n<div class=\"blocktitle title-center title-light maxwidth\">\n<h2 style=\"text-align: center;\"><span class=\"ez-toc-section\" id=\"Contacte-nos_agora\"><\/span>Contacte-nos agora<span class=\"ez-toc-section-end\"><\/span><\/h2>\n<p style=\"text-align: center;\">Estamos empenhados em promover as <strong>v\u00e1rias actividades locais e regionais em toda a Su\u00ed\u00e7a<\/strong>.<\/p>\n<p style=\"text-align: center;\">Por favor n\u00e3o hesite em contactar-nos: a nossa equipa ter\u00e1 todo o prazer em responder rapidamente.<\/p>\n<\/div>\n<p>[\/vc_column_text][vc_btn title=&#8221;Candidatura a patroc\u00ednio&#8221; align=&#8221;center&#8221; link=&#8221;url:https%3A%2F%2Fwww.multicredit.ch%2Fpt-pt%2Fcontacto%2F|title:Contacto|&#8221;][\/vc_column][\/vc_row]<\/section>\n","protected":false},"excerpt":{"rendered":"<p>O cr\u00e9dito como compromisso econ\u00f3mico e social<\/p>\n","protected":false},"author":4,"featured_media":11664,"parent":13379,"menu_order":0,"comment_status":"closed","ping_status":"closed","template":"","meta":{"inline_featured_image":false,"footnotes":"","_links_to":"","_links_to_target":""},"categories":[],"class_list":["post-13392","page","type-page","status-publish","has-post-thumbnail","hentry"],"_links":{"self":[{"href":"https:\/\/multicredit.ch\/pt-pt\/wp-json\/wp\/v2\/pages\/13392","targetHints":{"allow":["GET"]}}],"collection":[{"href":"https:\/\/multicredit.ch\/pt-pt\/wp-json\/wp\/v2\/pages"}],"about":[{"href":"https:\/\/multicredit.ch\/pt-pt\/wp-json\/wp\/v2\/types\/page"}],"author":[{"embeddable":true,"href":"https:\/\/multicredit.ch\/pt-pt\/wp-json\/wp\/v2\/users\/4"}],"replies":[{"embeddable":true,"href":"https:\/\/multicredit.ch\/pt-pt\/wp-json\/wp\/v2\/comments?post=13392"}],"version-history":[{"count":3,"href":"https:\/\/multicredit.ch\/pt-pt\/wp-json\/wp\/v2\/pages\/13392\/revisions"}],"predecessor-version":[{"id":13965,"href":"https:\/\/multicredit.ch\/pt-pt\/wp-json\/wp\/v2\/pages\/13392\/revisions\/13965"}],"up":[{"embeddable":true,"href":"https:\/\/multicredit.ch\/pt-pt\/wp-json\/wp\/v2\/pages\/13379"}],"wp:featuredmedia":[{"embeddable":true,"href":"https:\/\/multicredit.ch\/pt-pt\/wp-json\/wp\/v2\/media\/11664"}],"wp:attachment":[{"href":"https:\/\/multicredit.ch\/pt-pt\/wp-json\/wp\/v2\/media?parent=13392"}],"wp:term":[{"taxonomy":"category","embeddable":true,"href":"https:\/\/multicredit.ch\/pt-pt\/wp-json\/wp\/v2\/categories?post=13392"}],"curies":[{"name":"wp","href":"https:\/\/api.w.org\/{rel}","templated":true}]}}