{"id":13386,"date":"2020-03-24T08:14:50","date_gmt":"2020-03-24T08:14:50","guid":{"rendered":"https:\/\/www.multicredit.ch\/calculador-orcamental\/"},"modified":"2020-05-25T12:56:01","modified_gmt":"2020-05-25T12:56:01","slug":"calculador-orcamental","status":"publish","type":"page","link":"https:\/\/multicredit.ch\/pt-pt\/calculador-orcamental\/","title":{"rendered":"Calculador Or\u00e7amental"},"content":{"rendered":"<section class=\"wpb-content-wrapper\">[vc_row full_width=&#8221;stretch_row&#8221; el_class=&#8221;gradient-bck bigpadding&#8221;][vc_column]<\/p>\n<div class=\"blocktitle title-center title-light\" clearfix\"><H2><span class=\"ez-toc-section\" id=\"Depoimentos\"><\/span>Depoimentos<\/H2><\/p>\n<h4>Eles contam-nos os seus planos<\/h4>\n<\/div>\n<p>[\/vc_column][\/vc_row][vc_row full_width=&#8221;stretch_row&#8221; el_class=&#8221;light-grey-bck bigpadding&#8221;][vc_column width=&#8221;1\/2&#8243; data_aos=&#8221;fade-in&#8221; data_aos_delay=&#8221;250&#8243;][vc_column_text]<\/p>\n<h2><span class=\"ez-toc-section\" id=\"O_testemunho_de_Maria_e_Joao_um_emprestimo_rapido_e_facil_de_renovar\"><\/span>O testemunho de Maria e Jo\u00e3o, um empr\u00e9stimo r\u00e1pido e f\u00e1cil de renovar<span class=\"ez-toc-section-end\"><\/span><\/h2>\n<p>Jovens propriet\u00e1rios reformados de uma casa com jardim, Marie e Jean desejavam poder dispor do seu terreno para acrescentar uma piscina, pensando em particular nas visitas frequentes dos seus netos.<\/p>\n<h3><span class=\"ez-toc-section\" id=\"O_seu_projecto\"><\/span>O seu projecto<span class=\"ez-toc-section-end\"><\/span><\/h3>\n<p>Marie e Jean n\u00e3o sabem o custo exacto do trabalho, mas estimam-no em 20&#8217;000 Chf e desejam inici\u00e1-lo sem demora. Por conseguinte, recorrem ao MultiCredit para obterem um<strong> cr\u00e9dito rotativo r\u00e1pido<\/strong> que possa ser <strong>facilmente adaptado \u00e0s suas necessidades<\/strong>.<\/p>\n<h3><span class=\"ez-toc-section\" id=\"O_pedido_de_emprestimo_rotativo\"><\/span>O pedido de empr\u00e9stimo rotativo<span class=\"ez-toc-section-end\"><\/span><\/h3>\n<p>Para obter uma oferta gratuita e n\u00e3o vinculativa, um casal reformado s\u00f3 precisa de fornecer como documentos uma c\u00f3pia dos seus documentos de identidade, uma c\u00f3pia da ap\u00f3lice KVG\/LAMal (seguro b\u00e1sico de sa\u00fade) e uma c\u00f3pia das suas decis\u00f5es em mat\u00e9ria de pens\u00e3o. Como Marie e Jean preferem utilizar o telefone, puderam fazer o seu pedido muito simplesmente contactando a nossa ag\u00eancia e enviando-nos uma c\u00f3pia dos seus documentos por correio.<\/p>\n<h3><span class=\"ez-toc-section\" id=\"A_nossa_oferta\"><\/span>A nossa oferta<span class=\"ez-toc-section-end\"><\/span><\/h3>\n<p>Uma vez recebidos os documentos, a nossa equipa prop\u00f4s rapidamente uma solu\u00e7\u00e3o de empr\u00e9stimo de 25.000 em 60 meses. Com uma taxa de 6,9%, isto representa um pagamento mensal fixo de apenas 595, que inclui o reembolso do empr\u00e9stimo e o pagamento de juros. Uma vez recebido e assinado o contrato, Mary e John puderam receber o seu dinheiro directamente na sua conta banc\u00e1ria no prazo de 14 dias.[\/vc_column_text][\/vc_column][vc_column width=&#8221;1\/2&#8243; data_aos=&#8221;fade-left&#8221; el_class=&#8221;sticky&#8221;][vc_single_image image=&#8221;11516&#8243; img_size=&#8221;full&#8221; alignment=&#8221;center&#8221;][\/vc_column][\/vc_row][vc_row full_width=&#8221;stretch_row&#8221; el_class=&#8221;white-bck bigpadding&#8221;][vc_column width=&#8221;1\/2&#8243; data_aos=&#8221;fade-right&#8221; el_class=&#8221;sticky&#8221;][vc_single_image image=&#8221;11511&#8243; img_size=&#8221;full&#8221; alignment=&#8221;center&#8221;][\/vc_column][vc_column width=&#8221;1\/2&#8243; data_aos=&#8221;fade-in&#8221; data_aos_delay=&#8221;250&#8243;][vc_column_text]<\/p>\n<h2><span class=\"ez-toc-section\" id=\"O_testemunho_de_Lucie_e_Antoine_sobre_uma_reserva_de_5000_%E2%80%93\"><\/span>O testemunho de Lucie e Antoine, sobre uma reserva de 5.000. &#8211;<span class=\"ez-toc-section-end\"><\/span><\/h2>\n<p>Antoine trabalha como enfermeira em Genebra, enquanto Lucie cuida da sua \u00fanica filha de 3 anos. Devido a v\u00e1rias despesas relacionadas com o mobili\u00e1rio da sua sala,<strong> o casal necessita de uma reserva financeira de cerca de 5.000 francos su\u00ed\u00e7os<\/strong>.<\/p>\n<h3><span class=\"ez-toc-section\" id=\"A_procura_de_credito\"><\/span>A procura de cr\u00e9dito<span class=\"ez-toc-section-end\"><\/span><\/h3>\n<p>Para solicitar o seu empr\u00e9stimo, Lucie e Antoine contactaram directamente a MultiCredit por telefone. Optaram por um plano de reembolso de 24 meses, o que lhes deixa uma margem or\u00e7amental confort\u00e1vel para fazer face ao inesperado.<\/p>\n<h3><span class=\"ez-toc-section\" id=\"A_nossa_proposta\"><\/span>A nossa proposta<span class=\"ez-toc-section-end\"><\/span><\/h3>\n<p>Ap\u00f3s o estudo do processo e dos documentos enviados, a nossa equipa p\u00f4de negociar com os nossos parceiros uma oferta de empr\u00e9stimo at\u00e9 10&#8217;000 Chf em 24 meses, com uma taxa de 6,9%. N\u00e3o necessitando dessa reserva de dinheiro, o casal escolheu um empr\u00e9stimo de 8&#8217;000 Chf, um custo mensal de 357 Chf.<\/p>\n<h3><span class=\"ez-toc-section\" id=\"Utilizacao_da_reserva_financeira\"><\/span>Utiliza\u00e7\u00e3o da reserva financeira<span class=\"ez-toc-section-end\"><\/span><\/h3>\n<p>Uma vez pago o empr\u00e9stimo, Lucie e Antoine s\u00e3o livres de utilizar o montante obtido de acordo com as suas necessidades e desejos. Com esta reserva de dinheiro, Antoine p\u00f4de pagar as \u00faltimas contas relacionadas com o mobili\u00e1rio da sua sala, comprar uma cama nova para a sua filha e uma bicicleta nova para si e para a sua mulher.[\/vc_column_text][\/vc_column][\/vc_row][vc_row full_width=&#8221;stretch_row&#8221; el_class=&#8221;light-grey-bck bigpadding&#8221;][vc_column width=&#8221;1\/2&#8243; data_aos=&#8221;fade-in&#8221; data_aos_delay=&#8221;250&#8243;][vc_column_text]<\/p>\n<h2><span class=\"ez-toc-section\" id=\"O_testemunho_de_Hanelore_e_Kevin_compra_de_um_caiaque_com_um_emprestimo_privado\"><\/span>O testemunho de Hanelore e Kevin: compra de um caiaque com um empr\u00e9stimo privado<span class=\"ez-toc-section-end\"><\/span><\/h2>\n<p>A Hanelore \u00e9 cabeleireira e o Kevin \u00e9 veterin\u00e1rio. Ambos vivem juntos h\u00e1 j\u00e1 dois anos. Para tentar novas aventuras, o casal decidiu comprar dois caiaques e estudou a solu\u00e7\u00e3o de um empr\u00e9stimo privado para financiar este projecto.<\/p>\n<h3><span class=\"ez-toc-section\" id=\"O_projecto_a_escolha_do_modelo_de_caiaque\"><\/span>O projecto: a escolha do modelo de caiaque<span class=\"ez-toc-section-end\"><\/span><\/h3>\n<p>Embora seja poss\u00edvel comprar caiaques insufl\u00e1veis a pre\u00e7os de cerca de 500 Chf, o casal preferiu optar pela qualidade. No final, eles optaram por isso:<\/p>\n<ul>\n<li>Dois caiaques de lazer, de um s\u00f3 lugar, a 1680 cada<\/li>\n<li>Um reboque de transporte para caiaques no valor de 2&#8217;200,-<\/li>\n<li>O custo total \u00e9 de<strong> 4&#8217;580.-<\/strong><\/li>\n<\/ul>\n<h3><span class=\"ez-toc-section\" id=\"Em_que_nome_devo_solicitar_o_emprestimo\"><\/span>Em que nome devo solicitar o empr\u00e9stimo?<span class=\"ez-toc-section-end\"><\/span><\/h3>\n<p>Como Hanelore e Kevin n\u00e3o eram casados, n\u00e3o tiveram a oportunidade de apresentar um pedido &#8220;conjunto&#8221; que tivesse em conta os seus rendimentos combinados. Como Kevin, um m\u00e9dico de profiss\u00e3o e empregado numa cl\u00ednica, ganha mais do que Hanelore, decidiram contrair o empr\u00e9stimo em seu nome. Uma vez que vivem num agregado familiar, foi poss\u00edvel optimizar o or\u00e7amento, considerando que Kevin paga &#8220;apenas&#8221; metade da renda.<\/p>\n<h3><span class=\"ez-toc-section\" id=\"A_oferta\"><\/span>A oferta<span class=\"ez-toc-section-end\"><\/span><\/h3>\n<p>Estando o Kevin numa boa situa\u00e7\u00e3o, a nossa equipa conseguiu oferecer-lhes um empr\u00e9stimo de 5&#8217;000 Chf durante 12 meses. Com um curto per\u00edodo de reembolso, o pagamento mensal \u00e9 um pouco mais elevado, mas o total dos juros \u00e9 muito vantajoso. De facto, com uma taxa de 6,9%, o casal s\u00f3 ter\u00e1 de pagar <strong>183 Chf de juros no total<\/strong>! Com o dinheiro obtido, o casal p\u00f4de financiar a compra de um caiaque cada um sem dificuldades.[\/vc_column_text][\/vc_column][vc_column width=&#8221;1\/2&#8243; data_aos=&#8221;fade-left&#8221; el_class=&#8221;sticky&#8221;][vc_single_image image=&#8221;12121&#8243; img_size=&#8221;full&#8221; alignment=&#8221;center&#8221;][\/vc_column][\/vc_row]<\/section>\n","protected":false},"excerpt":{"rendered":"<p>Calcule o seu or\u00e7amento em alguns clics<\/p>\n","protected":false},"author":4,"featured_media":11659,"parent":0,"menu_order":-2,"comment_status":"closed","ping_status":"closed","template":"template-budget-calculator.php","meta":{"inline_featured_image":false,"footnotes":"","_links_to":"","_links_to_target":""},"categories":[],"class_list":["post-13386","page","type-page","status-publish","has-post-thumbnail","hentry"],"_links":{"self":[{"href":"https:\/\/multicredit.ch\/pt-pt\/wp-json\/wp\/v2\/pages\/13386","targetHints":{"allow":["GET"]}}],"collection":[{"href":"https:\/\/multicredit.ch\/pt-pt\/wp-json\/wp\/v2\/pages"}],"about":[{"href":"https:\/\/multicredit.ch\/pt-pt\/wp-json\/wp\/v2\/types\/page"}],"author":[{"embeddable":true,"href":"https:\/\/multicredit.ch\/pt-pt\/wp-json\/wp\/v2\/users\/4"}],"replies":[{"embeddable":true,"href":"https:\/\/multicredit.ch\/pt-pt\/wp-json\/wp\/v2\/comments?post=13386"}],"version-history":[{"count":5,"href":"https:\/\/multicredit.ch\/pt-pt\/wp-json\/wp\/v2\/pages\/13386\/revisions"}],"predecessor-version":[{"id":13697,"href":"https:\/\/multicredit.ch\/pt-pt\/wp-json\/wp\/v2\/pages\/13386\/revisions\/13697"}],"wp:featuredmedia":[{"embeddable":true,"href":"https:\/\/multicredit.ch\/pt-pt\/wp-json\/wp\/v2\/media\/11659"}],"wp:attachment":[{"href":"https:\/\/multicredit.ch\/pt-pt\/wp-json\/wp\/v2\/media?parent=13386"}],"wp:term":[{"taxonomy":"category","embeddable":true,"href":"https:\/\/multicredit.ch\/pt-pt\/wp-json\/wp\/v2\/categories?post=13386"}],"curies":[{"name":"wp","href":"https:\/\/api.w.org\/{rel}","templated":true}]}}