{"id":13379,"date":"2020-02-10T15:28:42","date_gmt":"2020-02-10T15:28:42","guid":{"rendered":"https:\/\/www.multicredit.ch\/contacto\/"},"modified":"2023-01-24T15:22:13","modified_gmt":"2023-01-24T15:22:13","slug":"melhores-taxas-de-credito-contacte-nos","status":"publish","type":"page","link":"https:\/\/multicredit.ch\/pt-pt\/melhores-taxas-de-credito-contacte-nos\/","title":{"rendered":"Contacto"},"content":{"rendered":"<section class=\"wpb-content-wrapper\">[vc_row el_class=&#8221;white-bck bigpadding white-bg-form&#8221;][vc_column width=&#8221;1\/2&#8243;]<\/p>\n<div class=\"blocktitle title-left title-dark\" clearfix\"><H2><span class=\"ez-toc-section\" id=\"Estamos_aqui_para_lhe_conseguir_a_melhor_taxa_de_credito\"><\/span>Estamos aqui para lhe conseguir a melhor taxa de cr\u00e9dito<\/H2><\/p>\n<h4>A nossa equipa ter\u00e1 todo o prazer em responder \u00e0s suas perguntas<\/h4>\n<\/div>\n<p>[vc_column_text]Tamb\u00e9m nos pode contactar directamente atrav\u00e9s de :<\/p>\n<p>Telefone : <a href=\"tel:0263222310\">026 322 23 10<\/a><br \/>\nTelem\u00f3vel : <a href=\"tel:0799363175\">079 936 31 75<\/a><br \/>\nMail : info@multicredit.ch[\/vc_column_text]<\/p>\n<div class=\"blocktitle title-left title-dark\" clearfix\"><H3><span class=\"ez-toc-section\" id=\"A_garantia_das_melhores_condicoes_na_Suica\"><\/span>A garantia das melhores condi\u00e7\u00f5es na Su\u00ed\u00e7a!<\/H3><\/p>\n<h4>MultiCr\u00e9dit aconselha-o rapidamente e de gra\u00e7a<\/h4>\n<\/div>\n<p>[vc_column_text]<\/p>\n<ul>\n<li><a href=\"https:\/\/multicredit.ch\/pt-pt\/pedido-de-credito\/\">Conselhos feitos \u00e0 medida para financiar o seu projecto<\/a><\/li>\n<li>Garantia da melhor taxa de cr\u00e9dito<\/li>\n<li><a href=\"https:\/\/www.google.com\/maps\/place\/Rue+de+la+Banque+4,+1700+Fribourg\/@46.8039045,7.1526062,17z\/data=!3m1!4b1!4m5!3m4!1s0x478e692e6f35c2fb:0xb945e3fefdcb12d4!8m2!3d46.8039045!4d7.1547949\" target=\"_blank\" rel=\"noopener\">Podemos tamb\u00e9m receb\u00ea-lo na rue de la banque 4, em Fribourg<\/a><\/li>\n<\/ul>\n<p>[\/vc_column_text][\/vc_column][vc_column width=&#8221;1\/2&#8243;][vc_empty_space]<\/p>\n<div class=\"wpcf7 no-js\" id=\"wpcf7-f13510-o1\" lang=\"pt-PT\" dir=\"ltr\" data-wpcf7-id=\"13510\">\n<div class=\"screen-reader-response\">\n<p role=\"status\" aria-live=\"polite\" aria-atomic=\"true\">\n<ul><\/ul>\n<\/div>\n<form action=\"\/pt-pt\/wp-json\/wp\/v2\/pages\/13379#wpcf7-f13510-o1\" method=\"post\" class=\"wpcf7-form init\" aria-label=\"Contact form\" novalidate=\"novalidate\" data-status=\"init\">\n<fieldset class=\"hidden-fields-container\"><input type=\"hidden\" name=\"_wpcf7\" value=\"13510\" \/><input type=\"hidden\" name=\"_wpcf7_version\" value=\"6.1.5\" \/><input type=\"hidden\" name=\"_wpcf7_locale\" value=\"pt_PT\" \/><input type=\"hidden\" name=\"_wpcf7_unit_tag\" value=\"wpcf7-f13510-o1\" \/><input type=\"hidden\" name=\"_wpcf7_container_post\" value=\"0\" \/><input type=\"hidden\" name=\"_wpcf7_posted_data_hash\" value=\"\" \/><input type=\"hidden\" name=\"_wpcf7_recaptcha_response\" value=\"\" \/><br \/>\n<\/fieldset>\n<p><span class=\"wpcf7-form-control-wrap\" data-name=\"Sujet\"><select class=\"wpcf7-form-control wpcf7-select wpcf7-validates-as-required\" id=\"sujet\" aria-required=\"true\" aria-invalid=\"false\" name=\"Sujet\"><option value=\"Por que assunto gostaria de nos contactar ?\">Por que assunto gostaria de nos contactar ?<\/option><option value=\"Pedido Geral\">Pedido Geral<\/option><option value=\"Cr\u00e9dito\">Cr\u00e9dito<\/option><option value=\"Recompra de cr\u00e9ditos\">Recompra de cr\u00e9ditos<\/option><option value=\"Cart\u00e3o de cr\u00e9dito\">Cart\u00e3o de cr\u00e9dito<\/option><option value=\"Pedido de patroc\u00ednio\">Pedido de patroc\u00ednio<\/option><\/select><\/span><br \/>\n<span class=\"wpcf7-form-control-wrap\" data-name=\"Prenom\"><input size=\"40\" maxlength=\"400\" class=\"wpcf7-form-control wpcf7-text wpcf7-validates-as-required\" id=\"prenom\" aria-required=\"true\" aria-invalid=\"false\" placeholder=\"Primeiro nome*\" value=\"\" type=\"text\" name=\"Prenom\" \/><\/span><br \/>\n<span class=\"wpcf7-form-control-wrap\" data-name=\"Nom\"><input size=\"40\" maxlength=\"400\" class=\"wpcf7-form-control wpcf7-text wpcf7-validates-as-required\" aria-required=\"true\" aria-invalid=\"false\" placeholder=\"Nome de familia*\" value=\"\" type=\"text\" name=\"Nom\" \/><\/span><br \/>\n<span class=\"wpcf7-form-control-wrap\" data-name=\"Mail\"><input size=\"40\" maxlength=\"400\" class=\"wpcf7-form-control wpcf7-email wpcf7-validates-as-required wpcf7-text wpcf7-validates-as-email\" id=\"mail\" aria-required=\"true\" aria-invalid=\"false\" placeholder=\"eMail*\" value=\"\" type=\"email\" name=\"Mail\" \/><\/span><br \/>\n<span class=\"wpcf7-form-control-wrap\" data-name=\"NPA\"><input size=\"40\" maxlength=\"400\" class=\"wpcf7-form-control wpcf7-text wpcf7-validates-as-required\" id=\"npa\" aria-required=\"true\" aria-invalid=\"false\" placeholder=\"Codigo postal*\" value=\"\" type=\"text\" name=\"NPA\" \/><\/span><span class=\"wpcf7-form-control-wrap\" data-name=\"Localite\"><input size=\"40\" maxlength=\"400\" class=\"wpcf7-form-control wpcf7-text wpcf7-validates-as-required\" id=\"localite\" aria-required=\"true\" aria-invalid=\"false\" placeholder=\"Localidade*\" value=\"\" type=\"text\" name=\"Localite\" \/><\/span><br \/>\n<span class=\"wpcf7-form-control-wrap\" data-name=\"Telephone\"><input size=\"40\" maxlength=\"400\" class=\"wpcf7-form-control wpcf7-tel wpcf7-validates-as-required wpcf7-text wpcf7-validates-as-tel\" id=\"tel\" aria-required=\"true\" aria-invalid=\"false\" placeholder=\"Telefone*\" value=\"\" type=\"tel\" name=\"Telephone\" \/><\/span><br \/>\n<span class=\"wpcf7-form-control-wrap\" data-name=\"Message\"><textarea cols=\"40\" rows=\"10\" maxlength=\"2000\" class=\"wpcf7-form-control wpcf7-textarea\" id=\"message\" aria-invalid=\"false\" placeholder=\"Mensagem\" name=\"Message\"><\/textarea><\/span><br \/>\n<span class=\"wpcf7-form-control-wrap recaptcha\" data-name=\"recaptcha\"><span data-sitekey=\"6Lej-V0hAAAAABusoaMDgoDayHEFIPrpWqD34283\" class=\"wpcf7-form-control wpcf7-recaptcha g-recaptcha mb-4\"><\/span><br \/>\n<noscript><\/p>\n<div class=\"grecaptcha-noscript\">\n\t\t<iframe loading=\"lazy\" src=\"https:\/\/www.google.com\/recaptcha\/api\/fallback?k=6Lej-V0hAAAAABusoaMDgoDayHEFIPrpWqD34283\" frameborder=\"0\" scrolling=\"no\" width=\"310\" height=\"430\"><br \/>\n\t\t<\/iframe><br \/>\n\t\t<textarea name=\"g-recaptcha-response\" rows=\"3\" cols=\"40\" placeholder=\"reCaptcha Response Here\"><br \/>\n\t\t<\/textarea>\n\t<\/div>\n<p><\/noscript><br \/>\n<\/span><br \/>\n<input class=\"wpcf7-form-control wpcf7-submit has-spinner\" id=\"submit\" type=\"submit\" value=\"Enviar\" \/>\n<\/p>\n<p><input type=\"hidden\" id=\"ct_checkjs_cf7_d4c2e4a3297fe25a71d030b67eb83bfc\" name=\"ct_checkjs_cf7\" value=\"0\" \/><script >setTimeout(function(){var ct_input_name = \"ct_checkjs_cf7_d4c2e4a3297fe25a71d030b67eb83bfc\";if (document.getElementById(ct_input_name) !== null) {var ct_input_value = document.getElementById(ct_input_name).value;document.getElementById(ct_input_name).value = document.getElementById(ct_input_name).value.replace(ct_input_value, 'f350882909af177e6ae7f21ccaa78745bceacc83bdcef37d25207814ac5fc89e');}}, 1000);<\/script><input\n                    class=\"apbct_special_field apbct_email_id__wp_contact_form_7\"\n                    name=\"apbct__email_id__wp_contact_form_7\"\n                    aria-label=\"apbct__label_id__wp_contact_form_7\"\n                    type=\"text\" size=\"30\" maxlength=\"200\" autocomplete=\"off\"\n                    value=\"\"\n                \/><\/p>\n<div class=\"wpcf7-response-output\" aria-hidden=\"true\"><\/div>\n<\/form>\n<\/div>\n<p>[\/vc_column][\/vc_row]<\/section>\n","protected":false},"excerpt":{"rendered":"<p>Entre em contato conosco para obter mais informa\u00e7\u00f5es ou para marcar um encontro<\/p>\n","protected":false},"author":4,"featured_media":11649,"parent":0,"menu_order":-4,"comment_status":"closed","ping_status":"closed","template":"template-w-stats.php","meta":{"inline_featured_image":false,"footnotes":"","_links_to":"","_links_to_target":""},"categories":[],"class_list":["post-13379","page","type-page","status-publish","has-post-thumbnail","hentry"],"_links":{"self":[{"href":"https:\/\/multicredit.ch\/pt-pt\/wp-json\/wp\/v2\/pages\/13379","targetHints":{"allow":["GET"]}}],"collection":[{"href":"https:\/\/multicredit.ch\/pt-pt\/wp-json\/wp\/v2\/pages"}],"about":[{"href":"https:\/\/multicredit.ch\/pt-pt\/wp-json\/wp\/v2\/types\/page"}],"author":[{"embeddable":true,"href":"https:\/\/multicredit.ch\/pt-pt\/wp-json\/wp\/v2\/users\/4"}],"replies":[{"embeddable":true,"href":"https:\/\/multicredit.ch\/pt-pt\/wp-json\/wp\/v2\/comments?post=13379"}],"version-history":[{"count":25,"href":"https:\/\/multicredit.ch\/pt-pt\/wp-json\/wp\/v2\/pages\/13379\/revisions"}],"predecessor-version":[{"id":23046,"href":"https:\/\/multicredit.ch\/pt-pt\/wp-json\/wp\/v2\/pages\/13379\/revisions\/23046"}],"wp:featuredmedia":[{"embeddable":true,"href":"https:\/\/multicredit.ch\/pt-pt\/wp-json\/wp\/v2\/media\/11649"}],"wp:attachment":[{"href":"https:\/\/multicredit.ch\/pt-pt\/wp-json\/wp\/v2\/media?parent=13379"}],"wp:term":[{"taxonomy":"category","embeddable":true,"href":"https:\/\/multicredit.ch\/pt-pt\/wp-json\/wp\/v2\/categories?post=13379"}],"curies":[{"name":"wp","href":"https:\/\/api.w.org\/{rel}","templated":true}]}}