{"id":13361,"date":"2020-03-10T09:52:42","date_gmt":"2020-03-10T09:52:42","guid":{"rendered":"https:\/\/www.multicredit.ch\/recompra-de-creditos\/"},"modified":"2023-03-23T10:57:54","modified_gmt":"2023-03-23T10:57:54","slug":"recompra-de-creditos","status":"publish","type":"page","link":"https:\/\/multicredit.ch\/pt-pt\/credito\/recompra-de-creditos\/","title":{"rendered":"Recompra de cr\u00e9ditos"},"content":{"rendered":"<section class=\"wpb-content-wrapper\">\n<p>[vc_row el_class=&#8221;white-bck bigpadding&#8221; css=&#8221;.vc_custom_1594909734511{padding-top: 0px !important;}&#8221;][vc_column data_aos=&#8221;fade-in&#8221;]<\/p>\n<div class=\"blocktitle title-center title-dark\" clearfix\"><H2><span class=\"ez-toc-section\" id=\"A_consolidacao_de_emprestimos\"><\/span>A consolida\u00e7\u00e3o de empr\u00e9stimos<\/H2><\/p>\n<h4>Tem v\u00e1rios cr\u00e9ditos pendentes, paga demasiadas presta\u00e7\u00f5es mensais, a sua taxa \u00e9 demasiado elevada ?<\/h4>\n<\/div>\n<p>[vc_column_text el_class=&#8221;maxwidth&#8221;]<\/p>\n<p style=\"text-align: center;\">Tem v\u00e1rios empr\u00e9stimos pendentes, est\u00e1 a pagar demasiadas presta\u00e7\u00f5es mensais, a sua taxa de juro \u00e9 demasiado elevada? A acumula\u00e7\u00e3o de cr\u00e9dito pode levar ao sobreendividamento.<\/p>\n<p style=\"text-align: center;\">A MultiCredit estudar\u00e1 a possibilidade de comprar de volta o(s) seu(s) cr\u00e9dito(s), a fim de optimizar o seu or\u00e7amento. As nossas solu\u00e7\u00f5es financeiras oferecem-lhe flexibilidade.<\/p>\n<p style=\"text-align: center;\"><strong>Empr\u00e9stimos privados, saldos de cart\u00f5es e leasing; e se o ajud\u00e1ssemos a planear as suas finan\u00e7as com as solu\u00e7\u00f5es certas para o seu perfil?<\/strong><\/p>\n<p>[\/vc_column_text][\/vc_column][\/vc_row][vc_row full_width=&#8221;stretch_row&#8221; el_class=&#8221;video-bck homevideopadding&#8221; css=&#8221;.vc_custom_1596785696376{padding-top: 0px !important;background-color: #f9f9f9 !important;}&#8221;][vc_column data_aos=&#8221;fade-in&#8221;][vc_column_text]<\/p>\n<div data-video-id=\"\" class='wp-block-html5-player-video html5_video_players' class=\"wp-block-html5-player-video\" data-nonce=\"\n    89afc90b0e\" data-attributes=\"\n    {&quot;provider&quot;:&quot;self-hosted&quot;,&quot;imported&quot;:false,&quot;clientId&quot;:&quot;&quot;,&quot;uniqueId&quot;:&quot;h5vp1&quot;,&quot;source&quot;:&quot;https:\\\/\\\/www.multicredit.ch\\\/wp\\\/wp-content\\\/uploads\\\/MULTICREDIT_ANIMATION_RACHAT_MIX_V1.mp4&quot;,&quot;poster&quot;:&quot;https:\\\/\\\/www.multicredit.ch\\\/wp\\\/wp-content\\\/uploads\\\/mc-pret-fr.jpg&quot;,&quot;options&quot;:{&quot;controls&quot;:[&quot;play-large&quot;,&quot;play&quot;,&quot;progress&quot;,&quot;current-time&quot;,&quot;mute&quot;,&quot;volume&quot;,&quot;settings&quot;,&quot;pip&quot;,&quot;download&quot;,&quot;fullscreen&quot;],&quot;settings&quot;:[&quot;captions&quot;,&quot;quality&quot;,&quot;speed&quot;,&quot;loop&quot;],&quot;loadSprite&quot;:true,&quot;autoplay&quot;:false,&quot;playsinline&quot;:true,&quot;seekTime&quot;:10,&quot;volume&quot;:1,&quot;muted&quot;:false,&quot;hideControls&quot;:false,&quot;resetOnEnd&quot;:false,&quot;tooltips&quot;:{&quot;controls&quot;:true,&quot;seek&quot;:true},&quot;captions&quot;:{&quot;active&quot;:false,&quot;language&quot;:&quot;auto&quot;,&quot;update&quot;:true},&quot;ratio&quot;:null,&quot;storage&quot;:{&quot;enabled&quot;:true,&quot;key&quot;:&quot;plyr&quot;},&quot;speed&quot;:{&quot;options&quot;:[&quot;0.5&quot;,&quot; 0.75&quot;,&quot; 1&quot;,&quot; 1.25&quot;,&quot; 1.5&quot;,&quot; 1.75&quot;,&quot; 2&quot;,&quot; 4&quot;]},&quot;loop&quot;:{&quot;active&quot;:false},&quot;ads&quot;:{&quot;enabled&quot;:true,&quot;tagUrl&quot;:null},&quot;urls&quot;:{&quot;enabled&quot;:false,&quot;download&quot;:null},&quot;markers&quot;:{&quot;enabled&quot;:false,&quot;points&quot;:[]},&quot;preload&quot;:&quot;metadata&quot;},&quot;features&quot;:{&quot;popup&quot;:{&quot;enabled&quot;:false,&quot;selector&quot;:null,&quot;hasBtn&quot;:false,&quot;type&quot;:&quot;poster&quot;,&quot;btnText&quot;:&quot;Watch Video&quot;,&quot;align&quot;:&quot;center&quot;,&quot;btnStyle&quot;:{&quot;color&quot;:&quot;#fff&quot;,&quot;backgroundColor&quot;:&quot;#006BA1&quot;,&quot;fontSize&quot;:&quot;16px&quot;,&quot;padding&quot;:{&quot;top&quot;:&quot;10px&quot;,&quot;right&quot;:&quot;20px&quot;,&quot;bottom&quot;:&quot;10px&quot;,&quot;left&quot;:&quot;20px&quot;}}},&quot;overlay&quot;:{&quot;enabled&quot;:false,&quot;items&quot;:[{&quot;color&quot;:&quot;#ffffff&quot;,&quot;backgroundColor&quot;:&quot;#333&quot;,&quot;fontSize&quot;:&quot;16px&quot;,&quot;link&quot;:&quot;&quot;,&quot;logo&quot;:null,&quot;text&quot;:&quot;&quot;,&quot;position&quot;:&quot;top_right&quot;,&quot;type&quot;:&quot;logo&quot;,&quot;opacity&quot;:0.7}]},&quot;endScreen&quot;:{&quot;enabled&quot;:false,&quot;text&quot;:&quot;End Screen Text&quot;,&quot;btnText&quot;:&quot;Visit&quot;,&quot;btnLink&quot;:&quot;&quot;,&quot;btnStyle&quot;:[]},&quot;thumbInPause&quot;:{&quot;enabled&quot;:false,&quot;type&quot;:&quot;default&quot;},&quot;watermark&quot;:{&quot;enabled&quot;:false,&quot;type&quot;:&quot;email&quot;,&quot;text&quot;:&quot;&quot;,&quot;color&quot;:&quot;#f00&quot;},&quot;passwordProtected&quot;:{&quot;enabled&quot;:false,&quot;errorMessage&quot;:&quot;Password didn&#039;t matched&quot;,&quot;heading&quot;:&quot;Please Entire the password to access the video&quot;,&quot;key&quot;:&quot;propagans_14670&quot;,&quot;button&quot;:{&quot;text&quot;:&quot;Access&quot;,&quot;color&quot;:&quot;#222&quot;,&quot;backgroundColor&quot;:&quot;#ffffffe3&quot;},&quot;password&quot;:null},&quot;sticky&quot;:{&quot;enabled&quot;:false,&quot;position&quot;:&quot;top_right&quot;},&quot;playWhenVisible&quot;:false,&quot;disablePause&quot;:false,&quot;hideYoutubeUI&quot;:false,&quot;startTime&quot;:0,&quot;hideLoadingPlaceholder&quot;:false,&quot;customPlayButtonSelector&quot;:&quot;&quot;,&quot;saveState&quot;:true},&quot;onlyLoggedIn&quot;:{&quot;whoCanSeeThisVideo&quot;:&quot;everyone&quot;,&quot;allowedRoles&quot;:[],&quot;message&quot;:&quot;This video is only for registered users. Please login to view the video.&quot;},&quot;seo&quot;:{&quot;name&quot;:&quot;&quot;,&quot;description&quot;:&quot;&quot;,&quot;duration&quot;:0},&quot;thumbInPause&quot;:false,&quot;hideYoutubeUI&quot;:false,&quot;additionalCSS&quot;:&quot;&quot;,&quot;additionalID&quot;:&quot;&quot;,&quot;autoplayWhenVisible&quot;:false,&quot;styles&quot;:{&quot;plyr_wrapper&quot;:{&quot;width&quot;:&quot;100%&quot;,&quot;borderRadius&quot;:&quot;0px&quot;,&quot;overflow&quot;:&quot;hidden&quot;},&quot;.plyr&quot;:{&quot;--plyr-color-main&quot;:&quot;#00b2ff&quot;}},&quot;CSS&quot;:&quot;&quot;,&quot;isCDURL&quot;:false,&quot;CDURL&quot;:&quot;&quot;,&quot;posterTime&quot;:20,&quot;brandColor&quot;:&quot;#00B3FF&quot;,&quot;radius&quot;:{&quot;number&quot;:0,&quot;unit&quot;:&quot;px&quot;},&quot;protected&quot;:false,&quot;password&quot;:&quot;&quot;,&quot;protectedText&quot;:&quot;Please enter password to wath the video&quot;,&quot;seekTime&quot;:10,&quot;startTime&quot;:0,&quot;preload&quot;:&quot;metadata&quot;,&quot;streaming&quot;:false,&quot;streamingType&quot;:&quot;hls&quot;,&quot;captionEnabled&quot;:false,&quot;vastTag&quot;:&quot;&quot;,&quot;saveState&quot;:true,&quot;quality&quot;:[],&quot;subtitle&quot;:[{&quot;label&quot;:&quot;English\\\/en&quot;,&quot;caption_file&quot;:&quot;&quot;}],&quot;chapters&quot;:[],&quot;controls&quot;:{&quot;play-large&quot;:true,&quot;restart&quot;:false,&quot;rewind&quot;:false,&quot;play&quot;:true,&quot;fast-forward&quot;:false,&quot;progress&quot;:true,&quot;current-time&quot;:true,&quot;duration&quot;:false,&quot;mute&quot;:true,&quot;volume&quot;:true,&quot;pip&quot;:false,&quot;airplay&quot;:false,&quot;settings&quot;:true,&quot;downlaod&quot;:false,&quot;fullscreen&quot;:true},&quot;width&quot;:{&quot;deprecated&quot;:true,&quot;number&quot;:100,&quot;unit&quot;:&quot;%&quot;},&quot;repeat&quot;:false,&quot;autoplay&quot;:false,&quot;muted&quot;:false,&quot;sticky&quot;:false,&quot;stickyPosition&quot;:&quot;top-right&quot;,&quot;popup&quot;:false,&quot;popupType&quot;:&quot;button&quot;,&quot;playsinline&quot;:false,&quot;popupBtnStyle&quot;:[],&quot;popupBtnText&quot;:&quot;Watch Video&quot;,&quot;disablePause&quot;:false,&quot;thumbStyle&quot;:&quot;default&quot;,&quot;resetOnEnd&quot;:false,&quot;autoHideControl&quot;:true,&quot;overlay&quot;:false,&quot;overlayType&quot;:&quot;text&quot;,&quot;overlayText&quot;:&quot;Simple Text&quot;,&quot;overlayPosition&quot;:&quot;top_right&quot;,&quot;overlayBackground&quot;:&quot;#333&quot;,&quot;overlayOpacity&quot;:0.8,&quot;overlayTextColor&quot;:&quot;#ffffff&quot;,&quot;overlayFontSize&quot;:{&quot;number&quot;:20,&quot;unit&quot;:&quot;px&quot;},&quot;overlayTextHoverColor&quot;:&quot;#ffffff&quot;,&quot;endScreen&quot;:{&quot;enabled&quot;:false,&quot;text&quot;:&quot;Simple Text&quot;,&quot;btnText&quot;:&quot;Click Here&quot;,&quot;btnLink&quot;:&quot;&quot;,&quot;btnStyle&quot;:[]},&quot;endscreen&quot;:false,&quot;endscreenText&quot;:&quot;Endscreen text&quot;,&quot;endscreenTextLink&quot;:&quot;#&quot;,&quot;speed&quot;:{&quot;1&quot;:true,&quot;2&quot;:true,&quot;3&quot;:true,&quot;0.5&quot;:true,&quot;0.75&quot;:true,&quot;1.25&quot;:true,&quot;1.5&quot;:true,&quot;1.75&quot;:true,&quot;2.5&quot;:true}}\" data-preset=\"\n    null\"><\/p>\n<style>\n            .preload_poster svg {\n                background: var(--plyr-video-control-background-hover, var(--plyr-color-main, var(--plyr-color-main,\n                                #1ABAFF                            )));\n                border: 0;\n                border-radius: 100%;\n                left: 50%;\n                opacity: .9;\n                padding: calc(var(--plyr-control-spacing, 8px) * 1.5);\n                position: absolute;\n                top: 50%;\n                transform: translate(-50%, -50%);\n                transition: .3s;\n                z-index: 2;\n                box-sizing: content-box;\n                fill: #fff;\n            }<\/p>\n<p>            .preload_poster {\n                display:\n                    block            }\n        <\/style>\n<div class=\"preload_poster\"\n            style=\"overflow:hidden;aspect-ratio:16\/9;background-image:url(https:\/\/www.multicredit.ch\/wp\/wp-content\/uploads\/mc-pret-fr.jpg)\"><br \/>\n            <svg width=\"24px\" height=\"24px\" viewBox=\"0 0 15 15\" fill=\"none\" xmlns=\"http:\/\/www.w3.org\/2000\/svg\">\n                <path\n                    d=\"M4.79062 2.09314C4.63821 1.98427 4.43774 1.96972 4.27121 2.05542C4.10467 2.14112 4 2.31271 4 2.5V12.5C4 12.6873 4.10467 12.8589 4.27121 12.9446C4.43774 13.0303 4.63821 13.0157 4.79062 12.9069L11.7906 7.90687C11.922 7.81301 12 7.66148 12 7.5C12 7.33853 11.922 7.18699 11.7906 7.09314L4.79062 2.09314Z\" \/>\n            <\/svg>\n        <\/div>\n<\/p><\/div>\n<p>[\/vc_column_text][\/vc_column][\/vc_row][vc_row full_width=&#8221;stretch_row&#8221; equal_height=&#8221;yes&#8221; el_class=&#8221;lightgrey-bck bigpadding flex-eq-height diagonal-top-bck one-fourth-link-bloc undervideo&#8221;][vc_column css_animation=&#8221;none&#8221; width=&#8221;1\/4&#8243; data_aos=&#8221;fade-up&#8221; data_aos_delay=&#8221;0&#8243;]<\/p>\n<div class=\"wpb_single_image wpb_content_element vc_align_center  wpb_animate_when_almost_visible wpb_top-to-bottom top-to-bottom wpb_start_animation animated\">\n<figure class=\"wpb_wrapper vc_figure\">\n<div class=\"vc_single_image-wrapper\"><img decoding=\"async\" src=\"https:\/\/multicredit.ch\/wp\/wp-content\/uploads\/c-link-r-credit-en-cours.png\" alt=\"\" title=\"\"><\/div><figcaption>\n<h4>Recompra de cr\u00e9ditos actuais<\/h4>\n<p>Recompre os seus cr\u00e9ditos para optimizar o seu or\u00e7amento<\/p>\n<\/figcaption><\/figure>\n<\/div>\n<div class=\"vc_btn3-container text-center\"><a class=\"btn-circle-2\" href=\"https:\/\/www.multicredit.ch\/pt-pt\/consolidacao-de-creditos\/\" title=\"Recompra de cr\u00e9ditos pendentes\" ><span class=\"round\">&gt;<\/span><\/a><\/div>\n<p>[\/vc_column][vc_column css_animation=&#8221;none&#8221; width=&#8221;1\/4&#8243; data_aos=&#8221;fade-up&#8221; data_aos_delay=&#8221;100&#8243;]<\/p>\n<div class=\"wpb_single_image wpb_content_element vc_align_center  wpb_animate_when_almost_visible wpb_top-to-bottom top-to-bottom wpb_start_animation animated\">\n<figure class=\"wpb_wrapper vc_figure\">\n<div class=\"vc_single_image-wrapper\"><img decoding=\"async\" src=\"https:\/\/multicredit.ch\/wp\/wp-content\/uploads\/c-link-r-leasing.png\" alt=\"\" title=\"\"><\/div><figcaption>\n<h4>Recompra de Leasing<\/h4>\n<p>Analise os seus custos e poupe dinheiro<\/p>\n<\/figcaption><\/figure>\n<\/div>\n<div class=\"vc_btn3-container text-center\"><a class=\"btn-circle-2\" href=\"https:\/\/www.multicredit.ch\/pt-pt\/recompra-de-leasing\/\" title=\"Recompra de Leasing\" ><span class=\"round\">&gt;<\/span><\/a><\/div>\n<p>[\/vc_column][vc_column css_animation=&#8221;none&#8221; width=&#8221;1\/4&#8243; data_aos=&#8221;fade-up&#8221; data_aos_delay=&#8221;200&#8243;]<\/p>\n<div class=\"wpb_single_image wpb_content_element vc_align_center  wpb_animate_when_almost_visible wpb_top-to-bottom top-to-bottom wpb_start_animation animated\">\n<figure class=\"wpb_wrapper vc_figure\">\n<div class=\"vc_single_image-wrapper\"><img decoding=\"async\" src=\"https:\/\/multicredit.ch\/wp\/wp-content\/uploads\/c-link-r-soldecartes.png\" alt=\"\" title=\"\"><\/div><figcaption>\n<h4>Saldo do cart\u00e3o de cr\u00e9dito<\/h4>\n<p>Atingiu ou ultrapassou o limite do seu cart\u00e3o de cr\u00e9dito<\/p>\n<\/figcaption><\/figure>\n<\/div>\n<div class=\"vc_btn3-container text-center\"><a class=\"btn-circle-2\" href=\"https:\/\/www.multicredit.ch\/pt-pt\/saldo-do-cartao-de-credito\/\" title=\"Saldo do cart\u00e3o de cr\u00e9dito\" ><span class=\"round\">&gt;<\/span><\/a><\/div>\n<p>[\/vc_column][vc_column css_animation=&#8221;none&#8221; width=&#8221;1\/4&#8243; data_aos=&#8221;fade-up&#8221; data_aos_delay=&#8221;300&#8243;]<\/p>\n<div class=\"wpb_single_image wpb_content_element vc_align_center  wpb_animate_when_almost_visible wpb_top-to-bottom top-to-bottom wpb_start_animation animated\">\n<figure class=\"wpb_wrapper vc_figure\">\n<div class=\"vc_single_image-wrapper\"><img decoding=\"async\" src=\"https:\/\/multicredit.ch\/wp\/wp-content\/uploads\/c-link-r-regroupement.png\" alt=\"\" title=\"\"><\/div><figcaption>\n<h4>Consolida\u00e7\u00e3o de d\u00edvidas<\/h4>\n<p>Uma solu\u00e7\u00e3o para racionalizar o seu or\u00e7amento<\/p>\n<\/figcaption><\/figure>\n<\/div>\n<div class=\"vc_btn3-container text-center\"><a class=\"btn-circle-2\" href=\"https:\/\/www.multicredit.ch\/pt-pt\/agrupamento-de-creditos\/\" title=\"Consolida\u00e7\u00e3o de d\u00edvidas\" ><span class=\"round\">&gt;<\/span><\/a><\/div>\n<p>[\/vc_column][\/vc_row][vc_row full_width=&#8221;stretch_row&#8221; content_placement=&#8221;middle&#8221; el_class=&#8221;diagonal-bck bigpadding gradient-bck&#8221;][vc_column data_aos=&#8221;fade-in&#8221;]<\/p>\n<div class=\"blocktitle title-center title-light\" clearfix\"><H2><span class=\"ez-toc-section\" id=\"Maior_flexibilidade_maior_simplicidade\"><\/span>Maior flexibilidade, maior simplicidade<\/H2><\/p>\n<h4>Torne o seu or\u00e7amento mais simples e ganhe em efici\u00eancia.<\/h4>\n<\/div>\n<p>[vc_column_text el_class=&#8221;title-light maxwidth&#8221;]<\/p>\n<p style=\"text-align: center;\">Substitua os v\u00e1rios pagamentos mensais de diferentes emprestadores por um pagamento \u00fanico mensal significativamente mais baixo. A recompra de cr\u00e9ditos permite-lhe ter apenas uma pessoa de contacto. Recebe uma \u00fanica factura mensal para todos os seus empr\u00e9stimos.<\/p>\n<p style=\"text-align: center;\"><strong>A MultiCredit fornece-lhe documentos claros, leg\u00edveis e de compreens\u00e3o f\u00e1cil.<\/strong><\/p>\n<p>[\/vc_column_text][\/vc_column][\/vc_row][vc_row content_placement=&#8221;middle&#8221; css_animation=&#8221;none&#8221; el_class=&#8221;white-bck bigpadding checklist&#8221;][vc_column width=&#8221;1\/2&#8243; data_aos=&#8221;fade-right&#8221; data_aos_delay=&#8221;0&#8243;][vc_single_image image=&#8221;11496&#8243; img_size=&#8221;full&#8221; alignment=&#8221;center&#8221; css_animation=&#8221;none&#8221;][\/vc_column][vc_column width=&#8221;1\/2&#8243; data_aos=&#8221;fade-in&#8221; data_aos_delay=&#8221;250&#8243;]<\/p>\n<div class=\"blocktitle title-left title-dark\" clearfix\"><H2><span class=\"ez-toc-section\" id=\"Recompra_de_creditos_as_vantagens\"><\/span>Recompra de cr\u00e9ditos: as vantagens<\/H2><\/p>\n<h4>Muitas d\u00edvidas por pagar ? Taxas abusivas ? Temos a solu\u00e7\u00e3o para si.<\/h4>\n<\/div>\n<p>[vc_column_text]A <a href=\"https:\/\/www.cgd.pt\/Site\/Saldo-Positivo\/o-banco-e-eu\/Pages\/consolidar-ou-renegociar-creditos.aspx\" target=\"_blank\" rel=\"noopener\">consolida\u00e7\u00e3o de cr\u00e9ditos<\/a> \u00e9 uma solu\u00e7\u00e3o financeira interessante para reequilibrar o seu or\u00e7amento e otimizar as suas necessidades de financiamento.<\/p>\n<ul>\n<li>Negociamos para si as melhores taxas de juros.<\/li>\n<li>Quando muitas mensalidades diferentes se acumulam, a consolida\u00e7\u00e3o lhe permite reorganizar e simplificar o reembolso das suas d\u00edvidas.<\/li>\n<li>Aliviamos portanto a sua vida financeira em geral.<\/li>\n<\/ul>\n<p>[\/vc_column_text][vc_column_text]<strong>A MultiCredit ajuda-o a escolher a melhor modalidade de gest\u00e3o para si e d\u00e0 um tratamento atencioso e personalizado ao seu or\u00e7amento.<\/strong>[\/vc_column_text][\/vc_column][\/vc_row][vc_row full_width=&#8221;stretch_row&#8221; content_placement=&#8221;middle&#8221; el_class=&#8221;lightgrey-bck bigpadding checklist&#8221;][vc_column data_aos=&#8221;fade-in&#8221;]<\/p>\n<div class=\"blocktitle title-left title-dark\" clearfix\"><H2><span class=\"ez-toc-section\" id=\"MultiCredit\"><\/span>MultiCredit<\/H2><\/p>\n<h4>A nossa miss\u00e3o principal \u00e9 obter a melhor solu\u00e7\u00e3o para o nosso cliente<\/h4>\n<\/div>\n<p>[vc_row_inner][vc_column_inner width=&#8221;1\/2&#8243;][vc_column_text]A miss\u00e3o da MultiCredit \u00e9 apoiar os seus clientes no dia-a-dia com um aconselhamento personalizado e relevante para solu\u00e7\u00f5es sustent\u00e1veis feitas \u00e0 medida.<\/p>\n<p>Cr\u00e9dito pessoal, recompra de empr\u00e9stimos, recompra de leasing, recompra e consolida\u00e7\u00e3o de saldos de cart\u00f5es de cr\u00e9dito, cart\u00f5es de cr\u00e9dito, mas tamb\u00e9m ajuda na redu\u00e7\u00e3o da d\u00edvida : os nossos especialistas acompanham-no e aconselham-no em todas estas \u00e1reas.[\/vc_column_text][vc_btn title=&#8221;Descobrir&#8221; link=&#8221;url:https%3A%2F%2Fwww.multicredit.ch%2Fpt-pt%2Fsobre-nos%2F|title:Sobre%20n%C3%B3s|&#8221;][\/vc_column_inner][vc_column_inner width=&#8221;1\/2&#8243;][vc_column_text]<\/p>\n<ul>\n<li><strong>Seguran\u00e7a e confidencialidade<\/strong><\/li>\n<li><strong>Proximidade e responsabilidade<\/strong><\/li>\n<li><strong>Pick-up garantido em menos de 24 horas<\/strong><\/li>\n<li><strong>Taxa de cr\u00e9dito inferior \u00e0 da concorr\u00eancia<\/strong><\/li>\n<\/ul>\n<p>[\/vc_column_text][\/vc_column_inner][\/vc_row_inner][\/vc_column][\/vc_row][vc_row full_width=&#8221;stretch_row&#8221; el_class=&#8221;white-bck regularpadding steps&#8221; css=&#8221;.vc_custom_1586442286210{padding-bottom: 164px !important;}&#8221;][vc_column data_aos=&#8221;fade-in&#8221;]<\/p>\n<div class=\"blocktitle title-center title-dark\" clearfix\"><H2><span class=\"ez-toc-section\" id=\"O_seu_credito_em_4_etapas\"><\/span>O seu cr\u00e9dito em 4 etapas<\/H2><\/p>\n<h4>Simples e r\u00e0pido<\/h4>\n<\/div>\n<p>[vc_row_inner equal_height=&#8221;yes&#8221;][vc_column_inner width=&#8221;1\/4&#8243;][vc_pie value=&#8221;25&#8243; label_value=&#8221;1&#8243; color=&#8221;custom&#8221; title=&#8221;Pedido&#8221; custom_color=&#8221;#df003c&#8221;][vc_column_text]<\/p>\n<p style=\"text-align: center;\">Preencha o formul\u00e1rio de pedido de cr\u00e9dito de acordo com as suas necessidades.<\/p>\n<h5 style=\"text-align: center;\">2 mins<\/h5>\n<p>[\/vc_column_text][\/vc_column_inner][vc_column_inner width=&#8221;1\/4&#8243;][vc_pie label_value=&#8221;2&#8243; color=&#8221;custom&#8221; title=&#8221;Proposta&#8221; custom_color=&#8221;#df003c&#8221;][vc_column_text]<\/p>\n<p style=\"text-align: center;\">Analisamos o seu pedido e propomos uma solu\u00e7\u00e3o adaptada ao seu perfil.<\/p>\n<h5 style=\"text-align: center;\">12 horas<\/h5>\n<p>[\/vc_column_text][\/vc_column_inner][vc_column_inner width=&#8221;1\/4&#8243;][vc_pie value=&#8221;75&#8243; label_value=&#8221;3&#8243; color=&#8221;custom&#8221; title=&#8221;Assinatura&#8221; custom_color=&#8221;#df003c&#8221;][vc_column_text]<\/p>\n<p style=\"text-align: center;\">Uma vez estabelecido o contrato, tudo o que tem de fazer \u00e9 assin\u00e1-lo e envi\u00e1-lo para n\u00f3s.<\/p>\n<h5 style=\"text-align: center;\">Este passo depende da sua reactividade.<\/h5>\n<p>[\/vc_column_text][\/vc_column_inner][vc_column_inner width=&#8221;1\/4&#8243;][vc_pie value=&#8221;100&#8243; label_value=&#8221;4&#8243; color=&#8221;custom&#8221; title=&#8221;Transfer\u00eancia banc\u00e1ria&#8221; custom_color=&#8221;#df003c&#8221;][vc_column_text]<\/p>\n<p style=\"text-align: center;\">O montante \u00e9 transferido para a sua conta.<\/p>\n<h5 style=\"text-align: center;\">14 dias (Prazo legal)<\/h5>\n<p>[\/vc_column_text][\/vc_column_inner][\/vc_row_inner][\/vc_column][\/vc_row]<\/p>\n<\/section>\n","protected":false},"excerpt":{"rendered":"<p>Uma solu\u00e7\u00e3o simplificada que merece ser conhecida<\/p>\n","protected":false},"author":4,"featured_media":11741,"parent":13395,"menu_order":-8,"comment_status":"closed","ping_status":"closed","template":"template-rachat.php","meta":{"inline_featured_image":false,"footnotes":"","_links_to":"","_links_to_target":""},"categories":[35,338],"class_list":["post-13361","page","type-page","status-publish","has-post-thumbnail","hentry","category-rachat-de-credit","category-recompra-de-credito"],"_links":{"self":[{"href":"https:\/\/multicredit.ch\/pt-pt\/wp-json\/wp\/v2\/pages\/13361","targetHints":{"allow":["GET"]}}],"collection":[{"href":"https:\/\/multicredit.ch\/pt-pt\/wp-json\/wp\/v2\/pages"}],"about":[{"href":"https:\/\/multicredit.ch\/pt-pt\/wp-json\/wp\/v2\/types\/page"}],"author":[{"embeddable":true,"href":"https:\/\/multicredit.ch\/pt-pt\/wp-json\/wp\/v2\/users\/4"}],"replies":[{"embeddable":true,"href":"https:\/\/multicredit.ch\/pt-pt\/wp-json\/wp\/v2\/comments?post=13361"}],"version-history":[{"count":15,"href":"https:\/\/multicredit.ch\/pt-pt\/wp-json\/wp\/v2\/pages\/13361\/revisions"}],"predecessor-version":[{"id":24734,"href":"https:\/\/multicredit.ch\/pt-pt\/wp-json\/wp\/v2\/pages\/13361\/revisions\/24734"}],"up":[{"embeddable":true,"href":"https:\/\/multicredit.ch\/pt-pt\/wp-json\/wp\/v2\/pages\/13395"}],"wp:featuredmedia":[{"embeddable":true,"href":"https:\/\/multicredit.ch\/pt-pt\/wp-json\/wp\/v2\/media\/11741"}],"wp:attachment":[{"href":"https:\/\/multicredit.ch\/pt-pt\/wp-json\/wp\/v2\/media?parent=13361"}],"wp:term":[{"taxonomy":"category","embeddable":true,"href":"https:\/\/multicredit.ch\/pt-pt\/wp-json\/wp\/v2\/categories?post=13361"}],"curies":[{"name":"wp","href":"https:\/\/api.w.org\/{rel}","templated":true}]}}