{"id":13349,"date":"2024-11-17T08:25:31","date_gmt":"2024-11-17T08:25:31","guid":{"rendered":"https:\/\/www.multicredit.ch\/a-multicredit-financia-os-seus-projectos\/"},"modified":"2023-04-20T10:36:05","modified_gmt":"2023-04-20T10:36:05","slug":"a-multicredit-financia-os-seus-projetos","status":"publish","type":"page","link":"https:\/\/multicredit.ch\/pt-pt\/","title":{"rendered":"A MultiCredit financia os seus projetos"},"content":{"rendered":"<section class=\"wpb-content-wrapper\">[vc_row][vc_column][vc_empty_space][\/vc_column][\/vc_row][vc_row full_width=&#8221;stretch_row_content&#8221; gap=&#8221;15&#8243; equal_height=&#8221;yes&#8221; css=&#8221;.vc_custom_1681826880724{background-color: #0049d7 !important;}&#8221;][vc_column][vc_empty_space][vc_custom_heading text=&#8221;O seu cr\u00e9dito em 4 passos f\u00e1ceis com MultiCredit&#8221; font_container=&#8221;tag:h2|text_align:left|color:%23ffffff&#8221; google_fonts=&#8221;font_family:Open%20Sans%3A300%2C300italic%2Cregular%2Citalic%2C600%2C600italic%2C700%2C700italic%2C800%2C800italic|font_style:400%20regular%3A400%3Anormal&#8221;][vc_row_inner equal_height=&#8221;yes&#8221; gap=&#8221;15&#8243;][vc_column_inner width=&#8221;1\/4&#8243; css=&#8221;.vc_custom_1681371049621{background-color: #ffffff !important;border-radius: 35px !important;}&#8221;][vc_column_text]<\/p>\n<h4 style=\"text-align: center;\"><img loading=\"lazy\" decoding=\"async\" class=\"alignnone wp-image-25781\" src=\"https:\/\/multicredit.ch\/wp\/wp-content\/uploads\/2-2.png\" alt=\"1\" width=\"50\" height=\"50\" title=\"\"><br \/>\nIn\u00edcio da aplica\u00e7\u00e3o de cr\u00e9dito<\/h4>\n<p style=\"text-align: center;\">Preenche o formul\u00e1rio de pedido de cr\u00e9dito de acordo com as suas necessidades e possibilidades e envia-nos os documentos necess\u00e1rios.<\/p>\n<h5 style=\"text-align: center;\">2 mins<\/h5>\n<p>[\/vc_column_text][\/vc_column_inner][vc_column_inner width=&#8221;1\/4&#8243; css=&#8221;.vc_custom_1681371060445{background-color: #ffffff !important;border-radius: 35px !important;}&#8221;][vc_column_text]<\/p>\n<h4 style=\"text-align: center;\"><img loading=\"lazy\" decoding=\"async\" class=\"alignnone wp-image-25790\" src=\"https:\/\/multicredit.ch\/wp\/wp-content\/uploads\/3-4.png\" alt=\"\" width=\"50\" height=\"50\" title=\"\"><br \/>\nAn\u00e1lise da forma e da proposta<\/h4>\n<p style=\"text-align: center;\">N\u00f3s oferecemos-lhe uma solu\u00e7\u00e3o adaptada ao seu projecto e ao seu perfil, de acordo com os dados recolhidos atrav\u00e9s do formul\u00e1rio e dos documentos de apoio transmitidos.<\/p>\n<h5 style=\"text-align: center;\">12 horas<\/h5>\n<p>[\/vc_column_text][\/vc_column_inner][vc_column_inner width=&#8221;1\/4&#8243; css=&#8221;.vc_custom_1681371071281{background-color: #ffffff !important;border-radius: 35px !important;}&#8221;][vc_column_text]<\/p>\n<h4 style=\"text-align: center;\"><img loading=\"lazy\" decoding=\"async\" class=\"alignnone wp-image-25799\" src=\"https:\/\/multicredit.ch\/wp\/wp-content\/uploads\/4-2.png\" alt=\"\" width=\"50\" height=\"50\" title=\"\"><br \/>\nLeitura e assinatura cuidadosa do contrato<\/h4>\n<p style=\"text-align: center;\">Uma vez estabelecido o contrato, tudo o que tem de fazer \u00e9 assin\u00e1-lo e envi\u00e1-lo para n\u00f3s o mais rapidamente poss\u00edvel.<\/p>\n<h5 style=\"text-align: center;\">Este passo depende da sua capacidade de resposta.<\/h5>\n<p>[\/vc_column_text][\/vc_column_inner][vc_column_inner width=&#8221;1\/4&#8243; css=&#8221;.vc_custom_1681371079223{background-color: #ffffff !important;border-radius: 35px !important;}&#8221;][vc_column_text]<\/p>\n<h4 style=\"text-align: center;\"><img loading=\"lazy\" decoding=\"async\" class=\"alignnone wp-image-25772\" src=\"https:\/\/multicredit.ch\/wp\/wp-content\/uploads\/5.png\" alt=\"\" width=\"50\" height=\"50\" title=\"\"><br \/>\nTransfer\u00eancia de fundos para a sua conta<\/h4>\n<p style=\"text-align: center;\">O montante \u00e9 pago na sua conta banc\u00e1ria e est\u00e1 livremente dispon\u00edvel para si.<\/p>\n<h5 style=\"text-align: center;\">14 dias<br \/>\n(prazo legal)<\/h5>\n<p>[\/vc_column_text][\/vc_column_inner][\/vc_row_inner][vc_empty_space][vc_row_inner][vc_column_inner width=&#8221;1\/3&#8243;][\/vc_column_inner][vc_column_inner width=&#8221;1\/3&#8243;][vc_btn title=&#8221;Iniciar um pedido de cr\u00e9dito&#8221; align=&#8221;center&#8221; button_block=&#8221;true&#8221; link=&#8221;url:https%3A%2F%2Fmulticredit.ch%2Fpt-pt%2Fpedido-de-credito%2F&#8221;][\/vc_column_inner][vc_column_inner width=&#8221;1\/3&#8243;][\/vc_column_inner][\/vc_row_inner][vc_empty_space][\/vc_column][\/vc_row][vc_row el_class=&#8221;white-bck bigpadding&#8221; css=&#8221;.vc_custom_1585226965127{padding-bottom: 0px !important;}&#8221;][vc_column data_aos=&#8221;fade-in&#8221;]<\/p>\n<div class=\"blocktitle title-center title-dark\" clearfix\"><H2><span class=\"ez-toc-section\" id=\"As_nossas_solucoes_de_financiamento\"><\/span>As nossas solu\u00e7\u00f5es de financiamento<\/H2><\/p>\n<h4>Para cada situa\u00e7\u0101o<\/h4>\n<\/div>\n<p>[\/vc_column][\/vc_row][vc_row equal_height=&#8221;yes&#8221; el_class=&#8221;white-bck bigpadding flex-eq-height linkblocsimg one-third-link-bloc&#8221; css=&#8221;.vc_custom_1587385837990{padding-top: 0px !important;}&#8221;][vc_column width=&#8221;1\/3&#8243; data_aos_delay=&#8221;0&#8243; data_aos=&#8221;fade-up&#8221;][vc_single_image image=&#8221;158&#8243; img_size=&#8221;full&#8221; css_animation=&#8221;none&#8221;]<\/p>\n<div class=\"blocktitle title-left title-dark\" clearfix\"><H3><span class=\"ez-toc-section\" id=\"Emprestimo_pessoal\"><\/span>Empr\u00e9stimo pessoal<\/H3><\/p>\n<h4>Para os seus projetos<\/h4>\n<\/div>\n<p>[vc_column_text]<\/p>\n<ul>\n<li><a href=\"https:\/\/multicredit.ch\/pt-pt\/credito\/credito-automovel\/\">Compra de autom\u00f3veis<\/a><\/li>\n<li><a href=\"https:\/\/multicredit.ch\/pt-pt\/credito\/credito-habitacao\/\">Imobili\u00e1rio<\/a><\/li>\n<li><a href=\"https:\/\/multicredit.ch\/pt-pt\/credito\/credito-para-estudos\/\">Forma\u00e7\u00e3o<\/a><\/li>\n<li><a href=\"https:\/\/multicredit.ch\/pt-pt\/credito\/emprestimo-medico\/\">Sa\u00fade<\/a><\/li>\n<li><a href=\"https:\/\/multicredit.ch\/pt-pt\/credito\/creditos-diversos\/\">Cr\u00e9ditos diversos<\/a><\/li>\n<\/ul>\n<p>[\/vc_column_text][vc_btn title=&#8221;Descobrir&#8221; link=&#8221;url:https%3A%2F%2Fwww.multicredit.ch%2Fpt-pt%2Fcredit%2F|title:Empr%C3%A9stimo%20pessoal|&#8221;][\/vc_column][vc_column width=&#8221;1\/3&#8243; data_aos=&#8221;fade-up&#8221; data_aos_delay=&#8221;150&#8243;][vc_single_image image=&#8221;160&#8243; img_size=&#8221;full&#8221; css_animation=&#8221;none&#8221;]<\/p>\n<div class=\"blocktitle title-left title-dark\" clearfix\"><H3><span class=\"ez-toc-section\" id=\"Recompra_de_creditos\"><\/span>Recompra de cr\u00e9ditos<\/H3><\/p>\n<h4>Para reunir os seus cr\u00e9ditos<\/h4>\n<\/div>\n<p>[vc_column_text]<\/p>\n<ul>\n<li><a href=\"https:\/\/multicredit.ch\/pt-pt\/credito\/recompra-de-creditos\/consolidacao-de-creditos\/\">Recompra de cr\u00e9ditos por liquidar<\/a><\/li>\n<li><a href=\"https:\/\/multicredit.ch\/pt-pt\/credito\/recompra-de-creditos\/recompra-de-leasing\/\">Recompra de leasing<\/a><\/li>\n<li><a href=\"https:\/\/multicredit.ch\/pt-pt\/credito\/recompra-de-creditos\/saldo-do-cartao-de-credito\/\">Saldo do cart\u00e3o de cr\u00e9dito<\/a><\/li>\n<li><a href=\"https:\/\/multicredit.ch\/pt-pt\/credito\/recompra-de-creditos\/agrupamento-de-creditos\/\">Consolida\u00e7\u00e3o de cr\u00e9ditos<\/a><\/li>\n<\/ul>\n<p>[\/vc_column_text][vc_btn title=&#8221;Descobrir&#8221; link=&#8221;url:https%3A%2F%2Fwww.multicredit.ch%2Fpt-pt%2Frecompra-de-creditos%2F|title:Recompra%20de%20cr%C3%A9ditos|&#8221;][\/vc_column][vc_column width=&#8221;1\/3&#8243; data_aos=&#8221;fade-up&#8221; data_aos_delay=&#8221;300&#8243;][vc_single_image image=&#8221;159&#8243; img_size=&#8221;full&#8221; css_animation=&#8221;none&#8221;]<\/p>\n<div class=\"blocktitle title-left title-dark\" clearfix\"><H3><span class=\"ez-toc-section\" id=\"Cartao_de_credito\"><\/span>Cart\u0101o de cr\u00e9dito<\/H3><\/p>\n<h4>Para mais flexibilidade<\/h4>\n<\/div>\n<p>[vc_column_text]<\/p>\n<ul>\n<li><a href=\"https:\/\/multicredit.ch\/pt-pt\/cartao-de-credito\/\">Pedido de cart\u0101o de cr\u00e9dito<\/a><\/li>\n<\/ul>\n<p>[\/vc_column_text][vc_btn title=&#8221;Descobrir&#8221; link=&#8221;url:https%3A%2F%2Fwww.multicredit.ch%2Fpt-pt%2Fcartao-de-credito%2F|title:Cart%C4%81o%20de%20cr%C3%A9dito|&#8221;][\/vc_column][\/vc_row][vc_row full_width=&#8221;stretch_row&#8221; css=&#8221;.vc_custom_1681986962689{background-color: #f0f0f0 !important;}&#8221;][vc_column][vc_wp_text]<\/p>\n<h2><span class=\"ez-toc-section\" id=\"Sobre_o_MultiCredit\"><\/span>Sobre o MultiCredit<span class=\"ez-toc-section-end\"><\/span><\/h2>\n<h4>Encontrar a melhor solu\u00e7\u00e3o no interesse do nosso cliente \u00e9 a nossa primeira miss\u00e3o<\/h4>\n<div style=\"text-align: esquerda;\">\n<p>O MultiCredit dedica-se a apoiar os nossos clientes na sua vida quotidiana com solu\u00e7\u00f5es \u00e0 medida e relevantes vigoroso&gt; para solu\u00e7\u00f5es sustent\u00e1veis tailored solutions.<\/p>\n<p><strong>Empr\u00e9stimo pessoal, recompra de empr\u00e9stimos, recompra de leasing, recompra e consolida\u00e7\u00e3o de saldos de cart\u00f5es de cr\u00e9dito, cart\u00e3o de cr\u00e9dito<\/strong>: os nossos especialistas acompanham-no e aconselham-no em todas estas \u00e1reas.<\/p>\n<\/div>\n<p>[\/vc_wp_text][vc_btn title=&#8221;Descobrir&#8221; link=&#8221;url:https%3A%2F%2Fwww.multicredit.ch%2Fpt-pt%2Fsobre-nos%2F|title:%C3%80%20propos|&#8221;][\/vc_column][\/vc_row][vc_row][vc_column]<\/p>\n<div class=\"blocktitle title-left title-dark\" clearfix\"><H2><span class=\"ez-toc-section\" id=\"A_procura_de_financiamento_para_PME\"><\/span>\u00c0 procura de financiamento para PME?<\/H2><\/div>\n<p>[vc_wp_text]Entre em contacto com o nosso parceiro <a href=\"https:\/\/prestaflex.ch\" target=\"_blank\" rel=\"noopener\">Prestaflex<\/a><\/p>\n<p>Prestaflex Service \u00e9 o nosso parceiro de longo prazo, activo desde 2013 e forte com uma equipa de v\u00e1rios especialistas. Capaz de o ajudar a financiar as suas necessidades de uma forma simples e vantajosa.<\/p>\n<p>Prestaflex Service oferece financiamento de CHF 100&#8217;000 a 5 milh\u00f5es com um processo de decis\u00e3o r\u00e1pido (3 a 5 dias \u00fateis ap\u00f3s a recep\u00e7\u00e3o de todos os documentos) e um pagamento no prazo de 10 dias ap\u00f3s a assinatura do contrato.<\/p>\n<p>Ansiosos por fornecer solu\u00e7\u00f5es individualizadas, d\u00e3o prioridade \u00e0 escuta e \u00e0s rela\u00e7\u00f5es com os clientes, a fim de melhor responder a cada pedido atrav\u00e9s de conselhos neutros, bem como de uma an\u00e1lise global da sua situa\u00e7\u00e3o.[\/vc_wp_text][vc_btn title=&#8221;Visite o website Prestaflex&#8221; link=&#8221;url:https%3A%2F%2Fprestaflex.ch|&#8221;][\/vc_column][\/vc_row]<\/section>\n","protected":false},"excerpt":{"rendered":"<p>Encontrar a melhor solu\u00e7\u00e3o para o seu projetos \u00e9 o nosso compromisso<\/p>\n","protected":false},"author":4,"featured_media":11736,"parent":0,"menu_order":-10,"comment_status":"closed","ping_status":"closed","template":"","meta":{"inline_featured_image":false,"footnotes":"","_links_to":"","_links_to_target":""},"categories":[336],"class_list":["post-13349","page","type-page","status-publish","has-post-thumbnail","hentry","category-credito-pt-pt"],"_links":{"self":[{"href":"https:\/\/multicredit.ch\/pt-pt\/wp-json\/wp\/v2\/pages\/13349","targetHints":{"allow":["GET"]}}],"collection":[{"href":"https:\/\/multicredit.ch\/pt-pt\/wp-json\/wp\/v2\/pages"}],"about":[{"href":"https:\/\/multicredit.ch\/pt-pt\/wp-json\/wp\/v2\/types\/page"}],"author":[{"embeddable":true,"href":"https:\/\/multicredit.ch\/pt-pt\/wp-json\/wp\/v2\/users\/4"}],"replies":[{"embeddable":true,"href":"https:\/\/multicredit.ch\/pt-pt\/wp-json\/wp\/v2\/comments?post=13349"}],"version-history":[{"count":45,"href":"https:\/\/multicredit.ch\/pt-pt\/wp-json\/wp\/v2\/pages\/13349\/revisions"}],"predecessor-version":[{"id":26068,"href":"https:\/\/multicredit.ch\/pt-pt\/wp-json\/wp\/v2\/pages\/13349\/revisions\/26068"}],"wp:featuredmedia":[{"embeddable":true,"href":"https:\/\/multicredit.ch\/pt-pt\/wp-json\/wp\/v2\/media\/11736"}],"wp:attachment":[{"href":"https:\/\/multicredit.ch\/pt-pt\/wp-json\/wp\/v2\/media?parent=13349"}],"wp:term":[{"taxonomy":"category","embeddable":true,"href":"https:\/\/multicredit.ch\/pt-pt\/wp-json\/wp\/v2\/categories?post=13349"}],"curies":[{"name":"wp","href":"https:\/\/api.w.org\/{rel}","templated":true}]}}