{"id":13275,"date":"2020-03-10T15:27:09","date_gmt":"2020-03-10T15:27:09","guid":{"rendered":"https:\/\/www.multicredit.ch\/cg\/"},"modified":"2026-02-27T19:03:06","modified_gmt":"2026-02-27T19:03:06","slug":"cg","status":"publish","type":"page","link":"https:\/\/multicredit.ch\/pt-pt\/cg\/","title":{"rendered":"Termos e condi\u00e7\u00f5es gerais"},"content":{"rendered":"<h1><span class=\"ez-toc-section\" id=\"Condicoes_de_uso_do_site_wwwmulticreditch\"><\/span>Condi\u00e7\u00f5es de uso do site www.multicredit.ch<span class=\"ez-toc-section-end\"><\/span><\/h1>\n<p class=\"p3\"><b>(Actualizado em 27 de Fevereiro de 2026)<\/b><\/p>\n<p>Por favor, consulte tamb\u00e9m a nossa <a href=\"https:\/\/multicredit.ch\/pt-pt\/pc\/\">pol\u00edtica de privacidade<\/a>.<\/p>\n<p>Ao acessar o site www.multicredit.ch, declaro que entendo e aceito as seguintes condi\u00e7\u00f5es de uso, em particular no que diz respeito ao processamento de meus dados pessoais, de acordo com o que \u00e9 disposto no Regulamento (UE) 2016 \/ 679 do Parlamento Europeu e do Conselho de 27 de abril de 2016 sobre a prote\u00e7\u00e3o das pessoas singulares no que diz respeito ao tratamento de dados pessoais e \u00e0 livre circula\u00e7\u00e3o desses dados.<\/p>\n<h2><span class=\"ez-toc-section\" id=\"1_Ambito_de_aplicacao\"><\/span>1. \u00c2mbito de aplica\u00e7\u00e3o<span class=\"ez-toc-section-end\"><\/span><\/h2>\n<p>Estas condi\u00e7\u00f5es gerais de uso se aplicam \u00e0 visita ao site www.multicredit.ch e se referem, em particular, ao processamento de meus dados pessoais (doravante referidos como \u201cdados\u201d) que podem ser coletados ao acessar o site e preencher os campos nas se\u00e7\u00f5es em quest\u00e3o. \u00c9 indiferente se estes dados foram compartilhados com a Cashflex MultiCredit S\u00e0rl via formul\u00e1rios em papel ou eletr\u00f4nicos, por telefone, pelos canais de comunica\u00e7\u00e3o de m\u00eddia social ou por qualquer outro meio de comunica\u00e7\u00e3o (email, WhatsApp, Facebook, Twitter, LinkedIn, etc.); Ademais, observo que a Cashflex MultiCredit S\u00e0rl n\u00e3o envia nenhum documento por esses meios e n\u00e3o assume qualquer responsabilidade com rela\u00e7\u00e3o \u00e0 confidencialidade de tal comunica\u00e7\u00e3o.<\/p>\n<p>Visto o que se afirma acima, declaro estar atento aos pontos a seguir. Ao acessar o site www.multicredit.ch, declaro que entendo e aceito estes pontos na \u00edntegra.<\/p>\n<h2><span class=\"ez-toc-section\" id=\"2_Responsaveis\"><\/span>2. Respons\u00e1veis<span class=\"ez-toc-section-end\"><\/span><\/h2>\n<p>O respons\u00e1vel pelo tratamento de dados \u00e9 a Cashflex MultiCredit S\u00e0rl, Dorfplatz 4, 6330 Cham. A Cashflex MultiCredit S\u00e0rl est\u00e1 registrada no servi\u00e7o de com\u00e9rcio do cant\u00e3o de Zugo desde abril de 2007 (IDE: CHE-113.592.711).<\/p>\n<p>O delegado \u00e0 prote\u00e7\u00e3o de dados \u00e9 o Oficio Federal de Prote\u00e7\u00e3o de Dados e Transpar\u00eancia (Pr\u00e9pos\u00e9 f\u00e9d\u00e9ral \u00e0 la protection des donn\u00e9es et \u00e0 la transparence PFPDT), situado em Feldeggweg 1, 3003 Bern.<\/p>\n<h2><span class=\"ez-toc-section\" id=\"3_Finalidade_de_tratamento\"><\/span>3. Finalidade de tratamento<span class=\"ez-toc-section-end\"><\/span><\/h2>\n<p>A Cashflex MultiCredit S\u00e0rl processa meus dados para poder fornecer as informa\u00e7\u00f5es e servi\u00e7os que solicitei, para melhorar seu site, seus produtos e servi\u00e7os. Ela tamb\u00e9m os utiliza para poder entrar em contato comigo, principalmente para poder me oferecer novos produtos e \/ ou servi\u00e7os.<\/p>\n<p>Tomo nota e aceito o fato de que as conversas telef\u00f4nicas com a Cashflex MultiCredit S\u00e0rl podem ser gravadas, por exemplo, para fins de controle de qualidade e treinamento, e que existem medidas destinadas \u00e0 seguran\u00e7a dos edif\u00edcios e equipamentos (em particular videovigil\u00e2ncia do edif\u00edcio e acesso aos escrit\u00f3rios).<\/p>\n<p>Tamb\u00e9m noto que posso receber mensagens (por exemplo, boletim informativo, an\u00fancios) nos n\u00fameros ou endere\u00e7os que comuniquei \u00e0 Cashflex MultiCredit S\u00e0rl. Estou ciente de que, portanto, n\u00e3o devo comunicar meus dados profissionais \u00e0 Cashflex MultiCredit S\u00e0rl.<\/p>\n<p>Tomo nota e autorizo a CashFlex MultiCredit a comunicar os meus dados pessoais a fim de ser contactado pelos seus parceiros de seguros exclusivos a fim de optimizar o meu ficheiro.<\/p>\n<h2><span class=\"ez-toc-section\" id=\"4_Transmissao_de_dados\"><\/span>4. Transmiss\u00e3o de dados<span class=\"ez-toc-section-end\"><\/span><\/h2>\n<p>Tomei conhecimento de que a institui\u00e7\u00e3o financeira pode tratar os meus dados para efeitos de processamento da minha candidatura e para fins de avalia\u00e7\u00e3o de riscos e de marketing (avalia\u00e7\u00e3o de dados e defini\u00e7\u00e3o de perfis). Al\u00e9m disso, podem ser-me propostos outros produtos e servi\u00e7os, incluindo os das empresas do grupo da institui\u00e7\u00e3o financeira e de terceiros, por correio ou telefone. Posso revogar este tratamento dos meus dados para fins de marketing em qualquer altura. Ao fornecer o meu endere\u00e7o de correio electr\u00f3nico, concordo igualmente que a institui\u00e7\u00e3o financeira me possa enviar as ofertas acima referidas por correio electr\u00f3nico. No contexto da comunica\u00e7\u00e3o aberta por correio electr\u00f3nico, aceito expressamente o risco de que os meus dados possam ser interceptados ou divulgados por terceiros durante a transmiss\u00e3o, ou que terceiros n\u00e3o autorizados possam deduzir dos mesmos a exist\u00eancia de uma rela\u00e7\u00e3o contratual entre a institui\u00e7\u00e3o financeira e eu pr\u00f3prio e que, consequentemente, a protec\u00e7\u00e3o de informa\u00e7\u00f5es confidenciais ou a confidencialidade banco-cliente n\u00e3o seja garantida. Posso revogar o meu consentimento para o envio electr\u00f3nico de mensagens publicit\u00e1rias em qualquer momento.<\/p>\n<p><strong>4.1 Institui\u00e7\u00f5es financeiras<\/strong><br \/>\nReconhe\u00e7o e aceito que o Cashflex MultiCredit S\u00e0rl pode transmitir o meu pedido de considera\u00e7\u00e3o ao Cembra Money Bank SA, ao Bank-now SA, ao CG24 ou a outros bancos ou institui\u00e7\u00f5es financeiras parceiras (a seguir designados individualmente como &#8220;institui\u00e7\u00e3o financeira&#8221;) por Internet, correio electr\u00f3nico ou fax\/correio. Tamb\u00e9m reconhe\u00e7o e confirmo o seguinte:<br \/>\nAutorizo as institui\u00e7\u00f5es financeiras e a Cashflex MultICredit S\u00e0rl a tratar e a analisar os meus dados para fins de marketing e de gest\u00e3o de riscos e a elaborar perfis a este respeito. Autorizo igualmente as institui\u00e7\u00f5es financeiras e a Cashflex MultiCredit S\u00e0rl a propor-me outros produtos e servi\u00e7os (servi\u00e7os de seguros com a Axa, Swica, Gestifin, etc.), incluindo os das empresas do seu grupo ou rede de empresas (PrestaFlex, etc.). Posso revogar esta autoriza\u00e7\u00e3o de tratamento dos meus dados para fins de marketing ou de informa\u00e7\u00e3o em qualquer altura.<\/p>\n<p><strong>4.2 Colabora\u00e7\u00e3o com intermedi\u00e1rios<\/strong><br \/>\nReconhe\u00e7o que, no caso de pedidos apresentados atrav\u00e9s de um intermedi\u00e1rio, a institui\u00e7\u00e3o financeira pode trocar as informa\u00e7\u00f5es necess\u00e1rias com este intermedi\u00e1rio no \u00e2mbito da verifica\u00e7\u00e3o do pedido\/da solvabilidade e da celebra\u00e7\u00e3o e execu\u00e7\u00e3o do contrato (por exemplo, os par\u00e2metros e o resultado da verifica\u00e7\u00e3o do pedido, a apresenta\u00e7\u00e3o de documentos contratuais, informa\u00e7\u00f5es sobre o estado do contrato e o comportamento de pagamento, bem como o saldo) e liberto a institui\u00e7\u00e3o financeira da confidencialidade banco-cliente neste contexto e na medida do necess\u00e1rio.<\/p>\n<p><strong>4.3. Coopera\u00e7\u00e3o com prestadores de servi\u00e7os (externaliza\u00e7\u00e3o)<\/strong><br \/>\nReconhe\u00e7o que a institui\u00e7\u00e3o financeira pode subcontratar servi\u00e7os a terceiros (&#8220;prestadores de servi\u00e7os&#8221;), nomeadamente nas \u00e1reas do processamento de processos comerciais, seguran\u00e7a inform\u00e1tica e controlo de sistemas, pesquisa e desenvolvimento de mercado, c\u00e1lculo de riscos de cr\u00e9dito e de mercado relacionados com a actividade e administra\u00e7\u00e3o de rela\u00e7\u00f5es contratuais (por exemplo, processamento de pedidos e contratos, cobran\u00e7a, comunica\u00e7\u00e3o com o cliente). A institui\u00e7\u00e3o financeira fornece a estes prestadores de servi\u00e7os os dados necess\u00e1rios ao cumprimento das suas obriga\u00e7\u00f5es contratuais e pode tamb\u00e9m transmitir estes dados ao estrangeiro para este efeito. Os prestadores de servi\u00e7os, os seus empregados e subcontratantes est\u00e3o contratualmente obrigados a manter a confidencialidade. Os prestadores de servi\u00e7os est\u00e3o geralmente localizados na Su\u00ed\u00e7a ou na UE\/EEE, mas podem, em princ\u00edpio, estar estabelecidos em qualquer parte do mundo. Se os dados pessoais forem transferidos para um pa\u00eds que, no entender da Su\u00ed\u00e7a, n\u00e3o possua um n\u00edvel adequado de protec\u00e7\u00e3o de dados, a institui\u00e7\u00e3o de financiamento tomar\u00e1 as medidas de seguran\u00e7a adequadas para garantir que os dados em causa s\u00e3o devidamente protegidos (nomeadamente atrav\u00e9s da aplica\u00e7\u00e3o de cl\u00e1usulas-tipo de protec\u00e7\u00e3o de dados).<br \/>\nReconhe\u00e7o que a comunica\u00e7\u00e3o entre a institui\u00e7\u00e3o de financiamento e eu pr\u00f3prio ou o intermedi\u00e1rio pode ser feita por via electr\u00f3nica. O intermedi\u00e1rio e a institui\u00e7\u00e3o financeira n\u00e3o podem garantir a confidencialidade dos dados transmitidos atrav\u00e9s da Internet. Por conseguinte, terceiros podem deduzir a exist\u00eancia ou a imin\u00eancia de uma rela\u00e7\u00e3o comercial (eventualmente uma rela\u00e7\u00e3o banc\u00e1ria) entre mim e a institui\u00e7\u00e3o financeira.<br \/>\nPara mais informa\u00e7\u00f5es sobre o tratamento de dados pessoais pela institui\u00e7\u00e3o financeira, consultar a declara\u00e7\u00e3o de protec\u00e7\u00e3o de dados no s\u00edtio Web da institui\u00e7\u00e3o financeira ou contactar a institui\u00e7\u00e3o financeira.<\/p>\n<h2><span class=\"ez-toc-section\" id=\"5_Autorizacao_para_solicitar_informacoes_sobre_o_credito\"><\/span>5. Autoriza\u00e7\u00e3o para solicitar informa\u00e7\u00f5es sobre o cr\u00e9dito<span class=\"ez-toc-section-end\"><\/span><\/h2>\n<p>Confirmo que todas as informa\u00e7\u00f5es fornecidas no meu pedido s\u00e3o completas, actualizadas e exactas e autorizo o mutuante a obter informa\u00e7\u00f5es sobre mim junto de terceiros, nomeadamente bancos, o Servi\u00e7o Central de Informa\u00e7\u00f5es de Cr\u00e9dito (ZEK), autoridades (por exemplo, ag\u00eancias de execu\u00e7\u00e3o de d\u00edvidas, conservat\u00f3rias do registo predial, autoridades fiscais, servi\u00e7os de registo de residentes, autoridades de protec\u00e7\u00e3o de crian\u00e7as e adultos), autoridades fiscais e outras autoridades, a fim de processar o meu pedido e de executar a rela\u00e7\u00e3o contratual. Isto inclui bancos, o Gabinete Central de Informa\u00e7\u00e3o de Cr\u00e9dito (ZEK), autoridades (por exemplo, ag\u00eancias de execu\u00e7\u00e3o de d\u00edvidas, conservat\u00f3rias do registo predial, autoridades fiscais, servi\u00e7os de registo de residentes, autoridades de protec\u00e7\u00e3o de crian\u00e7as e adultos), ag\u00eancias de refer\u00eancia de cr\u00e9dito, intermedi\u00e1rios de cr\u00e9dito, empregadores, empresas do grupo da institui\u00e7\u00e3o financeira e, quando aplic\u00e1vel, o Centro de Informa\u00e7\u00e3o de Cr\u00e9dito ao Consumidor (IKO). Para os fins acima referidos, liberto estas organiza\u00e7\u00f5es do sigilo banc\u00e1rio, do sigilo postal, do sigilo oficial e do sigilo comercial. Reconhe\u00e7o que a institui\u00e7\u00e3o financeira \u00e9 obrigada, se for caso disso, a comunicar ao Centro de Informa\u00e7\u00e3o de Cr\u00e9dito ao Consumo (IKO) qualquer loca\u00e7\u00e3o financeira ao consumidor ou cr\u00e9dito ao consumo a conceder ou concedido. Autorizo igualmente a institui\u00e7\u00e3o financeira a comunicar o presente pedido ao ZEK e, se exigido por lei, a outros organismos. Em particular, ser\u00e3o comunicados o tipo, o montante e as condi\u00e7\u00f5es do cr\u00e9dito ou do financiamento, bem como os dados pessoais do(s) locat\u00e1rio(s) e qualquer atraso qualificado ou utiliza\u00e7\u00e3o indevida dos fundos. Reconhe\u00e7o que o ZEK tem o direito de informar os seus membros sobre os dados apresentados. A institui\u00e7\u00e3o de financiamento pode recusar o pedido sem indicar os motivos.<br \/>\nO pedido de diagn\u00f3stico financeiro ou de pontua\u00e7\u00e3o\/classifica\u00e7\u00e3o de cr\u00e9dito s\u00f3 pode ser efectuado a pedido expresso do cliente. Trata-se, nomeadamente, de encomendar e comentar o extracto ZEK\/IKO e o extracto CRIF ou a sociedade de informa\u00e7\u00e3o econ\u00f3mica, elaborar um or\u00e7amento financeiro, aconselhar sobre os c\u00f3digos negativos e a cobran\u00e7a de d\u00edvidas, etc. Este servi\u00e7o ser\u00e1 facturado separadamente a uma taxa fixa de 250 francos su\u00ed\u00e7os por pessoa (cerca de 2 horas de trabalho) e n\u00e3o tem qualquer rela\u00e7\u00e3o com o tratamento ou a prepara\u00e7\u00e3o de um pedido de cr\u00e9dito pessoal, que \u00e9 gratuito e sem compromisso.<\/p>\n<h2><span class=\"ez-toc-section\" id=\"6_Dados_do_parceiro\"><\/span>6. Dados do parceiro<span class=\"ez-toc-section-end\"><\/span><\/h2>\n<p>Se no pedido de cr\u00e9dito tiver fornecido informa\u00e7\u00f5es sobre o meu c\u00f4njuge ou o meu parceiro registado (doravante designado por &#8220;parceiro&#8221;), confirmo que (i) informei o meu parceiro do presente pedido, (ii) a institui\u00e7\u00e3o de financiamento pode verificar as informa\u00e7\u00f5es acima referidas contactando directamente o meu parceiro e (iii) o meu parceiro aceita que a institui\u00e7\u00e3o de financiamento obtenha informa\u00e7\u00f5es sobre ele ou ela nos termos acima descritos (incluindo o envio de pedidos de informa\u00e7\u00e3o \u00e0 ZEK).<\/p>\n<h2><span class=\"ez-toc-section\" id=\"7_Duracao_do_armazenamento_de_dados\"><\/span>7. Dura\u00e7\u00e3o do armazenamento de dados<span class=\"ez-toc-section-end\"><\/span><\/h2>\n<p>A Cashflex MultiCredit S\u00e0rl mant\u00e9m meus dados no \u00e2mbito da nossa rela\u00e7\u00e3o contratual e pelo tempo correspondente ao objetivo estabelecido de acordo com a se\u00e7\u00e3o 3. Eles ser\u00e3o destru\u00eddos assim que se verificar o t\u00e9rmino da rela\u00e7\u00e3o contratual com a Cashflex MultiCredit S\u00e0rl. Em todos os casos, os dados ser\u00e3o mantidos por um per\u00edodo m\u00e1ximo de 10 anos ap\u00f3s o t\u00e9rmino de todas as rela\u00e7\u00f5es com o Cashflex MultiCredit S\u00e0rl.<\/p>\n<h2><span class=\"ez-toc-section\" id=\"8_Meus_direitos\"><\/span>8. Meus direitos<span class=\"ez-toc-section-end\"><\/span><\/h2>\n<p>Eu tenho o direito de solicitar acesso aos meus dados pessoais, retifica\u00e7\u00e3o ou exclus\u00e3o dos mesmos, ou uma restri\u00e7\u00e3o do uso relacionado ao titular dos dados. Tamb\u00e9m tenho o direito de contestar o uso dos meus dados e o direito \u00e0 portabilidade dos dados.<\/p>\n<p>Eu tenho o direito de revogar meu consentimento para o tratamento de meus dados pessoais, no todo ou em parte, a qualquer momento, principalmente se este tiver sido dado para fins de marketing ou envio de informa\u00e7\u00f5es.<\/p>\n<p>No entanto, tomo nota de que a Cashflex MultiCredit S\u00e0rl precisa desses dados para cumprir suas obriga\u00e7\u00f5es contratuais comigo e que o uso desses direitos pode dificultar ou at\u00e9 mesmo impossibilitar a Cashflex MultiCredit S\u00e0rl de executar sua tarefa. Portanto, neste caso, a Cashflex MultiCredit S\u00e0rl pode preferir encerrar os relacionamentos contratuais.<\/p>\n<p>Posso entrar em contato diretamente com o Cashflex MultiCredit S\u00e0rl (info@multicredit.ch) se desejar receber informa\u00e7\u00f5es sobre meus dados ou se desejar solicitar sua retifica\u00e7\u00e3o ou apagamento.<\/p>\n<p class=\"p1\">De resto, os meus direitos est\u00e3o previstos na Lei Federal Su\u00ed\u00e7a sobre a Prote\u00e7\u00e3o de Dados (LPD; RS 235.1), na sua vers\u00e3o revista, em vigor desde 1 de setembro de 2023, e \u2014 quando aplic\u00e1vel \u2014 no Regulamento Geral sobre a Prote\u00e7\u00e3o de Dados (RGPD\/GDPR).<\/p>\n<h2><span class=\"ez-toc-section\" id=\"9_Exclusao_de_responsabilidade\"><\/span>9. Exclus\u00e3o de responsabilidade<span class=\"ez-toc-section-end\"><\/span><\/h2>\n<p>Tomo nota de que a Cashflex MultiCredit S\u00e0rl nega expl\u00edcitamente qualquer responsabilidade (tamb\u00e9m no caso de neglig\u00eancia) por danos (diretos ou indiretos) ou por perdas de qualquer esp\u00e9cie resultantes do acesso ao site, do uso de informa\u00e7\u00f5es ou opini\u00f5es dispon\u00edveis neste site, da impossibilidade de acessar ou usar as informa\u00e7\u00f5es ou opini\u00f5es dispon\u00edveis neste site ou pelo tratamento de meus dados.<\/p>\n<h2><span class=\"ez-toc-section\" id=\"10_Ausencia_de_garantia\"><\/span>10. Aus\u00eancia de garantia<span class=\"ez-toc-section-end\"><\/span><\/h2>\n<p>A Cashflex MultiCredit S\u00e0rl vela por que as informa\u00e7\u00f5es no site www.multicredit.ch sejam precisas na data de sua publica\u00e7\u00e3o. No entanto, nem a Cashflex MultiCredit S\u00e0rl nem seus parceiros podem garantir sua precis\u00e3o, confiabilidade, atualidade e completude o tempo todo.<\/p>\n<p>A Cashflex MultiCredit S\u00e0rl se exime expl\u00edcitamente de toda responsabilidade e n\u00e3o d\u00e1 garantia quanto \u00e0s informa\u00e7\u00f5es encontradas no site www.multicredit.ch e quanto \u00e0 aus\u00eancia de erros ou v\u00edrus nele.<\/p>\n<h2><span class=\"ez-toc-section\" id=\"11_Informacoes_juridicas\"><\/span>11. Informa\u00e7\u00f5es jur\u00eddicas<span class=\"ez-toc-section-end\"><\/span><\/h2>\n<p>As informa\u00e7\u00f5es publicadas neste site n\u00e3o representam um convite, uma oferta ou uma recomenda\u00e7\u00e3o para comprar ou vender um produto, realizar uma transa\u00e7\u00e3o ou realizar qualquer outro ato de natureza legal.<\/p>\n<p>Todos os elementos deste site pertencem exclusiva e totalmente a Cashflex MultiCredit S\u00e0rl, em particular no que diz respeito a direitos autorais e outros direitos de propriedade intelectual. Qualquer reprodu\u00e7\u00e3o, transmiss\u00e3o, modifica\u00e7\u00e3o, cria\u00e7\u00e3o de links ou uso deste site requer o consentimento pr\u00e9vio por escrito da Cashflex MultiCredit S\u00e0rl.<\/p>\n<p>Este site n\u00e3o se destina a pessoas sujeitas a uma jurisdi\u00e7\u00e3o que pro\u00edbe a publica\u00e7\u00e3o ou acesso ao site Cashflex MultiCredit S\u00e0rl. \u00c9 proibido o acesso a pessoas a quem essas restri\u00e7\u00f5es se aplicam. O site www.multicredit.ch destina-se exclusivamente a pessoas f\u00edsicas e jur\u00eddicas domiciliadas e trabalhando na Su\u00ed\u00e7a ou no Principado do Liechtenstein.<\/p>\n<p>Pol\u00edtica do WhatsApp Business: <a href=\"https:\/\/www.whatsapp.com\/legal\/business-policy\/?lang=pt_pt\" target=\"_blank\" rel=\"noopener\">https:\/\/www.whatsapp.com\/legal\/business-policy\/?lang=pt_pt<\/a><\/p>\n<h2><span class=\"ez-toc-section\" id=\"12_Modificacao_das_presentes_condicoes\"><\/span>12. Modifica\u00e7\u00e3o das presentes condi\u00e7\u00f5es<span class=\"ez-toc-section-end\"><\/span><\/h2>\n<p>Estas condi\u00e7\u00f5es de uso podem ser modificadas ou complementadas a qualquer momento unilateralmente pela Cashflex MultiCredit S\u00e0rl, e sem aviso pr\u00e9vio. Aceito e tomo nota de que \u00e9 a vers\u00e3o atual das condi\u00e7\u00f5es de uso publicada no site que \u00e9 aut\u00eantica e vigente.<\/p>\n<p>Visto isso, a Cashflex MultiCredit S\u00e0rl convida voc\u00ea a consultar regularmente as condi\u00e7\u00f5es de uso.<\/p>\n<h2><span class=\"ez-toc-section\" id=\"13_Idioma\"><\/span>13. Idioma<span class=\"ez-toc-section-end\"><\/span><\/h2>\n<p>Em caso de contradi\u00e7\u00e3o entre as diferentes vers\u00f5es lingu\u00edsticas desses termos de uso, a vers\u00e3o francesa prevalece.<\/p>\n<h2><span class=\"ez-toc-section\" id=\"14_Foro_juridico_e_direito_aplicavel\"><\/span>14. Foro jur\u00eddico e direito aplic\u00e1vel<span class=\"ez-toc-section-end\"><\/span><\/h2>\n<p>Para qualquer disputa entre os usu\u00e1rios deste site e a Cashflex MultiCredit S\u00e0rl resultante do uso ou da visita do site, ou para qualquer disputa relacionada ao tratamento de dados, os tribunais da Zugo. foram estipulados como foro jur\u00eddico exclusivo. No entanto, a Cashflex MultiCredit S\u00e0rl tem liberdade para abrir processo na localidade \/ sede do usu\u00e1rio. A lei su\u00ed\u00e7a se aplica.<\/p>\n<h2><span class=\"ez-toc-section\" id=\"15_Endividamento\"><\/span>15. Endividamento<span class=\"ez-toc-section-end\"><\/span><\/h2>\n<p>Noto que a concess\u00e3o de um cr\u00e9dito \u00e9 proibida se dela decorrer o sobre-endividamento do solicitante (art. 3 LCD).<\/p>\n<h2><span class=\"ez-toc-section\" id=\"16_Confirmacao\"><\/span>16. Confirma\u00e7\u00e3o<span class=\"ez-toc-section-end\"><\/span><\/h2>\n<p>Confirmo ter lido as informa\u00e7\u00f5es legais na \u00edntegra e declaro aceit\u00e1-las em todos os aspectos.<\/p>\n","protected":false},"excerpt":{"rendered":"<p>Condi\u00e7\u00f5es de uso do site www.multicredit.ch (Actualizado em 27 de Fevereiro de 2026) Por favor, consulte tamb\u00e9m a nossa pol\u00edtica de privacidade. Ao acessar o site www.multicredit.ch, declaro que entendo e aceito as seguintes condi\u00e7\u00f5es de uso, em particular no que diz respeito ao processamento de meus dados pessoais, de acordo com o que \u00e9 [&hellip;]<\/p>\n","protected":false},"author":4,"featured_media":0,"parent":0,"menu_order":1,"comment_status":"closed","ping_status":"closed","template":"page-empty.php","meta":{"inline_featured_image":false,"footnotes":"","_links_to":"","_links_to_target":""},"categories":[],"class_list":["post-13275","page","type-page","status-publish","hentry"],"_links":{"self":[{"href":"https:\/\/multicredit.ch\/pt-pt\/wp-json\/wp\/v2\/pages\/13275","targetHints":{"allow":["GET"]}}],"collection":[{"href":"https:\/\/multicredit.ch\/pt-pt\/wp-json\/wp\/v2\/pages"}],"about":[{"href":"https:\/\/multicredit.ch\/pt-pt\/wp-json\/wp\/v2\/types\/page"}],"author":[{"embeddable":true,"href":"https:\/\/multicredit.ch\/pt-pt\/wp-json\/wp\/v2\/users\/4"}],"replies":[{"embeddable":true,"href":"https:\/\/multicredit.ch\/pt-pt\/wp-json\/wp\/v2\/comments?post=13275"}],"version-history":[{"count":7,"href":"https:\/\/multicredit.ch\/pt-pt\/wp-json\/wp\/v2\/pages\/13275\/revisions"}],"predecessor-version":[{"id":30493,"href":"https:\/\/multicredit.ch\/pt-pt\/wp-json\/wp\/v2\/pages\/13275\/revisions\/30493"}],"wp:attachment":[{"href":"https:\/\/multicredit.ch\/pt-pt\/wp-json\/wp\/v2\/media?parent=13275"}],"wp:term":[{"taxonomy":"category","embeddable":true,"href":"https:\/\/multicredit.ch\/pt-pt\/wp-json\/wp\/v2\/categories?post=13275"}],"curies":[{"name":"wp","href":"https:\/\/api.w.org\/{rel}","templated":true}]}}