{"id":13260,"date":"2020-04-20T07:50:35","date_gmt":"2020-04-20T07:50:35","guid":{"rendered":"https:\/\/www.multicredit.ch\/?page_id=13260"},"modified":"2023-04-12T14:17:53","modified_gmt":"2023-04-12T14:17:53","slug":"pc","status":"publish","type":"page","link":"https:\/\/multicredit.ch\/pt-pt\/pc\/","title":{"rendered":"Pol\u00edtica de privacidade"},"content":{"rendered":"<section class=\"wpb-content-wrapper\">[vc_row][vc_column][vc_column_text]<\/p>\n<h1><span class=\"ez-toc-section\" id=\"Politica_de_privacidade\"><\/span>Pol\u00edtica de privacidade<span class=\"ez-toc-section-end\"><\/span><\/h1><div id=\"ez-toc-container\" class=\"ez-toc-v2_0_82_2 counter-hierarchy ez-toc-counter ez-toc-grey ez-toc-container-direction\">\n<label for=\"ez-toc-cssicon-toggle-item-69e9fe2ae334e\" class=\"ez-toc-cssicon-toggle-label\"><div class=\"ez-toc-title\" style=\"cursor:inherit\">Sommaire<\/div>\n<span class=\"ez-toc-cssicon\"><span class=\"eztoc-hide\" style=\"display:none;\">Toggle<\/span><span class=\"ez-toc-icon-toggle-span\"><svg style=\"fill: #999;color:#999\" xmlns=\"http:\/\/www.w3.org\/2000\/svg\" class=\"list-377408\" width=\"20px\" height=\"20px\" viewBox=\"0 0 24 24\" fill=\"none\"><path d=\"M6 6H4v2h2V6zm14 0H8v2h12V6zM4 11h2v2H4v-2zm16 0H8v2h12v-2zM4 16h2v2H4v-2zm16 0H8v2h12v-2z\" fill=\"currentColor\"><\/path><\/svg><svg style=\"fill: #999;color:#999\" class=\"arrow-unsorted-368013\" xmlns=\"http:\/\/www.w3.org\/2000\/svg\" width=\"10px\" height=\"10px\" viewBox=\"0 0 24 24\" version=\"1.2\" baseProfile=\"tiny\"><path d=\"M18.2 9.3l-6.2-6.3-6.2 6.3c-.2.2-.3.4-.3.7s.1.5.3.7c.2.2.4.3.7.3h11c.3 0 .5-.1.7-.3.2-.2.3-.5.3-.7s-.1-.5-.3-.7zM5.8 14.7l6.2 6.3 6.2-6.3c.2-.2.3-.5.3-.7s-.1-.5-.3-.7c-.2-.2-.4-.3-.7-.3h-11c-.3 0-.5.1-.7.3-.2.2-.3.5-.3.7s.1.5.3.7z\"\/><\/svg><\/span><\/span><\/label><input type=\"checkbox\"  id=\"ez-toc-cssicon-toggle-item-69e9fe2ae334e\" checked \/><nav><ul class='ez-toc-list ez-toc-list-level-1 ' ><li class='ez-toc-page-1 ez-toc-heading-level-1'><a class=\"ez-toc-link ez-toc-heading-1\" href=\"https:\/\/multicredit.ch\/pt-pt\/pc\/#Politica_de_privacidade\" >Pol\u00edtica de privacidade<\/a><\/li><li class='ez-toc-page-1 ez-toc-heading-level-1'><a class=\"ez-toc-link ez-toc-heading-2\" href=\"https:\/\/multicredit.ch\/pt-pt\/pc\/#Politica_de_privacidade-2\" >Pol\u00edtica de privacidade<\/a><ul class='ez-toc-list-level-3' ><li class='ez-toc-heading-level-3'><ul class='ez-toc-list-level-3' ><li class='ez-toc-heading-level-3'><a class=\"ez-toc-link ez-toc-heading-3\" href=\"https:\/\/multicredit.ch\/pt-pt\/pc\/#Mouseflow\" >Mouseflow<\/a><\/li><li class='ez-toc-page-1 ez-toc-heading-level-3'><a class=\"ez-toc-link ez-toc-heading-4\" href=\"https:\/\/multicredit.ch\/pt-pt\/pc\/#Anuncios_Microsoft\" >An\u00fancios Microsoft<\/a><\/li><li class='ez-toc-page-1 ez-toc-heading-level-3'><a class=\"ez-toc-link ez-toc-heading-5\" href=\"https:\/\/multicredit.ch\/pt-pt\/pc\/#Anuncios_no_Linkedin\" >An\u00fancios no Linkedin<\/a><\/li><li class='ez-toc-page-1 ez-toc-heading-level-3'><a class=\"ez-toc-link ez-toc-heading-6\" href=\"https:\/\/multicredit.ch\/pt-pt\/pc\/#Customer_Relationship_Management_CRM_Mastige_uma_ferramenta_proprietaria_da_Cashflex_MultiCredit_Ltd\" >Customer Relationship Management, CRM Mastige, uma ferramenta propriet\u00e1ria da Cashflex MultiCredit Ltd.<\/a><\/li><li class='ez-toc-page-1 ez-toc-heading-level-3'><a class=\"ez-toc-link ez-toc-heading-7\" href=\"https:\/\/multicredit.ch\/pt-pt\/pc\/#Cookies_para_analise_do_publico_Google_Analytics\" >Cookies para an\u00e1lise do p\u00fablico  Google Analytics<\/a><\/li><li class='ez-toc-page-1 ez-toc-heading-level-3'><a class=\"ez-toc-link ez-toc-heading-8\" href=\"https:\/\/multicredit.ch\/pt-pt\/pc\/#Cookies_de_rastreamento_de_conversao_do_Google_Ads\" >Cookies de rastreamento de convers\u00e3o do Google Ads<\/a><\/li><li class='ez-toc-page-1 ez-toc-heading-level-3'><a class=\"ez-toc-link ez-toc-heading-9\" href=\"https:\/\/multicredit.ch\/pt-pt\/pc\/#Pixel_do_Facebook\" >Pixel do Facebook<\/a><\/li><li class='ez-toc-page-1 ez-toc-heading-level-3'><a class=\"ez-toc-link ez-toc-heading-10\" href=\"https:\/\/multicredit.ch\/pt-pt\/pc\/#Re-direcionamento\" >Re-direcionamento<\/a><\/li><li class='ez-toc-page-1 ez-toc-heading-level-3'><a class=\"ez-toc-link ez-toc-heading-11\" href=\"https:\/\/multicredit.ch\/pt-pt\/pc\/#Farois_de_redireccionamento\" >Far\u00f3is de redireccionamento<\/a><\/li><li class='ez-toc-page-1 ez-toc-heading-level-3'><a class=\"ez-toc-link ez-toc-heading-12\" href=\"https:\/\/multicredit.ch\/pt-pt\/pc\/#Cookies_de_navegacao\" >Cookies de navega\u00e7\u00e3o<\/a><\/li><li class='ez-toc-page-1 ez-toc-heading-level-3'><a class=\"ez-toc-link ez-toc-heading-13\" href=\"https:\/\/multicredit.ch\/pt-pt\/pc\/#Conteudo_incorporado_de_outros_sites\" >Conte\u00fado incorporado de outros sites<\/a><\/li><\/ul><\/li><\/ul><\/li><\/ul><\/nav><\/div>\n\n<h3><span class=\"ez-toc-section\" id=\"Mouseflow\"><\/span>Mouseflow<span class=\"ez-toc-section-end\"><\/span><\/h3>\n<p>Este website utiliza Mouseflow: uma ferramenta de an\u00e1lise do website que fornece repeti\u00e7\u00e3o de sess\u00f5es, mapas de calor, funis, an\u00e1lise de formul\u00e1rios, campanhas de feedback e outras caracter\u00edsticas\/fun\u00e7\u00f5es semelhantes. O Mouseflow pode registar os seus cliques, movimentos do rato, deslocamentos, preenchimento de formul\u00e1rios (teclas) em campos n\u00e3o exclu\u00eddos, p\u00e1ginas visitadas e conte\u00fado, tempo passado no s\u00edtio, browser, sistema operativo, tipo de dispositivo (desktop\/tabela\/telefone), resolu\u00e7\u00e3o de ecr\u00e3, tipo de visitante (primeira vez\/retorno), refer\u00eancia, endere\u00e7o IP an\u00f3nimo, localiza\u00e7\u00e3o (cidade\/pa\u00eds), l\u00edngua e outros metadados semelhantes. O Mouseflow n\u00e3o recolhe qualquer informa\u00e7\u00e3o em p\u00e1ginas onde n\u00e3o esteja instalado, e n\u00e3o rastreia ou recolhe informa\u00e7\u00e3o fora do seu navegador web. Se desejar cancelar a sua inscri\u00e7\u00e3o, pode faz\u00ea-lo em https:\/\/mouseflow.com\/opt-out. Se desejar obter uma c\u00f3pia dos seus dados, corrigi-los ou pedir a sua elimina\u00e7\u00e3o, queira contactar-nos primeiro ou, como op\u00e7\u00e3o secund\u00e1ria, contactar a Mouseflow em privacy@mouseflow.com.<\/p>\n<p>Para mais informa\u00e7\u00f5es, consulte a pol\u00edtica de privacidade da Mouseflow em <a href=\"http:\/\/mouseflow.com\/privacy\/\" target=\"_blank\" rel=\"noopener\">http:\/\/mouseflow.com\/privacy\/<\/a>.<\/p>\n<p>Para mais informa\u00e7\u00f5es sobre a Mouseflow e a GDPR, visite <a href=\"https:\/\/mouseflow.com\/gdpr\/\" target=\"_blank\" rel=\"noopener\">https:\/\/mouseflow.com\/gdpr\/<\/a>.<\/p>\n<h3><span class=\"ez-toc-section\" id=\"Anuncios_Microsoft\"><\/span>An\u00fancios Microsoft<span class=\"ez-toc-section-end\"><\/span><\/h3>\n<p>Solu\u00e7\u00e3o para a gest\u00e3o de campanhas de pesquisa pagas no Bing &amp; Yahoo. Os dados s\u00e3o armazenados pela Microsoft e alojados em servidores nos EUA. Permite-nos personalizar os an\u00fancios que servimos e medir o impacto das nossas campanhas publicit\u00e1rias.<br \/>\nMeta An\u00fancios, Facebook e Instagram An\u00fancios<br \/>\nUma solu\u00e7\u00e3o para a gest\u00e3o de campanhas publicit\u00e1rias em redes sociais. Os dados s\u00e3o armazenados pelo Facebook e alojados em servidores nos EUA. Permite-nos personalizar os an\u00fancios que s\u00e3o exibidos e medir o impacto das campanhas publicit\u00e1rias.<\/p>\n<h3><span class=\"ez-toc-section\" id=\"Anuncios_no_Linkedin\"><\/span>An\u00fancios no Linkedin<span class=\"ez-toc-section-end\"><\/span><\/h3>\n<p>Uma solu\u00e7\u00e3o para a gest\u00e3o de campanhas publicit\u00e1rias em redes sociais. A informa\u00e7\u00e3o do LinkedIn Ads est\u00e1 alojada em servidores nos Estados Unidos. Permite-nos personalizar os an\u00fancios que servimos e medir o impacto das nossas campanhas publicit\u00e1rias.<\/p>\n<h3><span class=\"ez-toc-section\" id=\"Customer_Relationship_Management_CRM_Mastige_uma_ferramenta_proprietaria_da_Cashflex_MultiCredit_Ltd\"><\/span>Customer Relationship Management, CRM Mastige, uma ferramenta propriet\u00e1ria da Cashflex MultiCredit Ltd.<span class=\"ez-toc-section-end\"><\/span><\/h3>\n<p>A nossa pr\u00f3pria solu\u00e7\u00e3o de gest\u00e3o desenvolvida internamente e cujos dados s\u00e3o armazenados na Infomaniak Network SA, o anfitri\u00e3o n\u00famero um da Internet na Su\u00ed\u00e7a. Temos o maior cuidado em assegurar que os dados dos nossos clientes sejam protegidos de acordo com a Lei de Protec\u00e7\u00e3o de Dados (GDPR). Pode contactar-nos em qualquer altura pelo correio para remover esta informa\u00e7\u00e3o da nossa base de dados.<\/p>\n<h3><span class=\"ez-toc-section\" id=\"Cookies_para_analise_do_publico_Google_Analytics\"><\/span>Cookies para an\u00e1lise do p\u00fablico : Google Analytics<span class=\"ez-toc-section-end\"><\/span><\/h3>\n<p>Este site utiliza o Google Analytics. O Google Analytics utiliza &#8220;cookies&#8221;, que s\u00e3o ficheiros de texto colocados no seu computador para ajudar o site a analisar a forma como os utilizadores utilizam o site. A informa\u00e7\u00e3o gerada pelo cookie sobre o seu uso do site \u00e9 transferida para um servidor do Google nos EUA e armazenada l\u00e1. O seu endere\u00e7o IP ser\u00e1, no entanto, primeiro abreviado e anonimizado pelo Google dentro dos estados membros da UE ou de outros estados do Acordo sobre o Espa\u00e7o Econ\u00f3mico Europeu. S\u00f3 em casos excepcionais \u00e9 que o endere\u00e7o IP completo \u00e9 transferido para um servidor Google nos EUA e \u00e9 l\u00e1 abreviado. O Google utilizar\u00e1 estas informa\u00e7\u00f5es em nome do operador do website para avaliar a sua utiliza\u00e7\u00e3o do website, para compilar relat\u00f3rios sobre as actividades do website e para fornecer ao operador do website outros servi\u00e7os relacionados com a utiliza\u00e7\u00e3o do website e da Internet em geral. O Google tamb\u00e9m transferir\u00e1 essas informa\u00e7\u00f5es para terceiros quando exigido por lei, ou quando esses terceiros processarem as informa\u00e7\u00f5es em nome do Google. O endere\u00e7o IP transmitido no \u00e2mbito do Google Analytics pelo seu navegador n\u00e3o \u00e9 combinado com outros dados do Google. Voc\u00ea pode recusar o uso de cookies, selecionando as configura\u00e7\u00f5es apropriadas no software do seu navegador. No entanto, gostar\u00edamos de salientar que, neste caso, voc\u00ea pode n\u00e3o ser capaz de usar todas as fun\u00e7\u00f5es oferecidas por este site em toda a sua extens\u00e3o. Al\u00e9m disso, voc\u00ea pode impedir a coleta dos dados relacionados ao seu uso do site (incluindo seu endere\u00e7o IP) gerados pelo cookie para o Google e o processamento desses dados pelo Google, baixando e instalando o plug-in do navegador dispon\u00edvel no link a seguir (https:\/\/tools.google.com\/dlpage\/gaoptout?hl=fr). Voc\u00ea tamb\u00e9m pode clicar neste link para evitar a coleta pelo Google Analytics. Um cookie opt-out \u00e9 assim armazenado no seu dispositivo e ir\u00e1 impedir a recolha dos seus dados quando visitar este website no futuro. Por favor visite https:\/\/www.google.com\/intl\/de\/analytics\/privacyoverview.html para mais informa\u00e7\u00f5es sobre este assunto.<\/p>\n<h3><span class=\"ez-toc-section\" id=\"Cookies_de_rastreamento_de_conversao_do_Google_Ads\"><\/span>Cookies de rastreamento de convers\u00e3o do Google Ads<span class=\"ez-toc-section-end\"><\/span><\/h3>\n<p>Este site utiliza o programa de publicidade online &#8220;Google Ads&#8221; e, como parte deste, o rastreamento de convers\u00e3o. O cookie para rastreamento de convers\u00e3o \u00e9 ativado quando um usu\u00e1rio clica em um an\u00fancio publicado pelo Google. Estes cookies perdem a sua validade ap\u00f3s 90 dias e n\u00e3o s\u00e3o utilizados para identifica\u00e7\u00e3o pessoal. Se voc\u00ea visitar determinadas p\u00e1ginas deste site e o cookie ainda n\u00e3o tiver expirado, o Google e n\u00f3s podemos saber que voc\u00ea clicou no an\u00fancio e foi redirecionado para esta p\u00e1gina. Cada cliente do Google Ads recebe um cookie diferente. Portanto, os cookies n\u00e3o podem ser rastreados atrav\u00e9s dos websites dos clientes do AdWords. As informa\u00e7\u00f5es obtidas atrav\u00e9s do cookie de convers\u00e3o permitem a CASHFLEX MULTICREDIT S\u00c0RL compilar estat\u00edsticas de convers\u00e3o. Somos informados do n\u00famero total de utilizadores que clicaram no nosso an\u00fancio e que foram redireccionados para uma p\u00e1gina com uma etiqueta de seguimento de convers\u00e3o. No entanto, n\u00e3o obtemos qualquer informa\u00e7\u00e3o pessoal identific\u00e1vel sobre os utilizadores. Se n\u00e3o desejar participar do rastreamento, voc\u00ea pode desativar facilmente o cookie de rastreamento de convers\u00e3o do Google nas configura\u00e7\u00f5es de usu\u00e1rio do seu navegador da web. Voc\u00ea n\u00e3o ser\u00e1 inclu\u00eddo nas estat\u00edsticas de acompanhamento de convers\u00f5es.<\/p>\n<h3><span class=\"ez-toc-section\" id=\"Pixel_do_Facebook\"><\/span>Pixel do Facebook<span class=\"ez-toc-section-end\"><\/span><\/h3>\n<p>A ferramenta de comunica\u00e7\u00e3o Website Audi\u00eancias Personalizadas do Facebook \u00e9 utilizada neste website. Para seu uso, os pixels do Facebook est\u00e3o integrados em nossos sites, que o marcam como visitante do nosso site de forma an\u00f4nima, ou seja, sem poder identific\u00e1-lo como uma pessoa. Quando voc\u00ea logar posteriormente no Facebook, um checksum (valor hash) n\u00e3o revers\u00edvel e, portanto, n\u00e3o-pessoal dos seus dados de uso \u00e9 enviado ao Facebook para fins de an\u00e1lise e marketing. Isto permite que o Facebook atribua a visita \u00e0s nossas p\u00e1ginas \u00e0 sua conta de utilizador. Podemos usar essas informa\u00e7\u00f5es para exibir an\u00fancios no Facebook. Para o site do produto Audi\u00eancias personalizadas, o cookie do Facebook \u00e9 mencionado. Para mais informa\u00e7\u00f5es sobre a finalidade e o escopo da coleta de dados e o processamento e uso de dados pelo Facebook, bem como as possibilidades de configura\u00e7\u00e3o de configura\u00e7\u00f5es para proteger a sua privacidade, consulte as diretrizes de prote\u00e7\u00e3o de dados do Facebook, que voc\u00ea pode encontrar em www.facebook.com\/ads\/website_custom_audiences e https:\/\/www.facebook.com\/privacy\/explanation. Se voc\u00ea deseja se opor ao uso do Facebook Website Custom Audiences, voc\u00ea pode fazer isso aqui: www.facebook.com\/ads\/website_custom_audiences.<\/p>\n<h3><span class=\"ez-toc-section\" id=\"Re-direcionamento\"><\/span>Re-direcionamento<span class=\"ez-toc-section-end\"><\/span><\/h3>\n<p>O nosso site utiliza tecnologias de redireccionamento. N\u00f3s usamos estas tecnologias para tornar a oferta da Internet mais interessante para voc\u00ea. Esta t\u00e9cnica permite chegar aos utilizadores da Internet que j\u00e1 demonstraram interesse na nossa loja e nos nossos produtos atrav\u00e9s de an\u00fancios nos sites dos nossos parceiros. Estamos convencidos de que \u00e9 mais interessante para os utilizadores da Internet ver um an\u00fancio direccionado por \u00e1reas de interesse do que um an\u00fancio sem tal refer\u00eancia a \u00e1reas de interesse. A exibi\u00e7\u00e3o destes suportes publicit\u00e1rios nas p\u00e1ginas dos nossos parceiros baseia-se na tecnologia de cookies e numa an\u00e1lise do comportamento de utiliza\u00e7\u00e3o anterior. Esta forma de publicidade \u00e9 realizada de forma completamente an\u00f3nima. Nenhum dado pessoal \u00e9 armazenado e nenhum perfil de utiliza\u00e7\u00e3o est\u00e1 associado aos seus dados pessoais. Voc\u00ea concorda com o uso de cookies para a coleta, armazenamento e avalia\u00e7\u00e3o dos seus dados de uso. Voc\u00ea tamb\u00e9m concorda que seus dados podem ser armazenados em cookies ap\u00f3s o final da sess\u00e3o do seu navegador e que eles podem ser recuperados, por exemplo, da pr\u00f3xima vez que visitar o site. Voc\u00ea pode revogar esta aceita\u00e7\u00e3o a qualquer momento com efeito para o futuro, rejeitando o uso de cookies nas configura\u00e7\u00f5es do seu navegador.<\/p>\n<h3><span class=\"ez-toc-section\" id=\"Farois_de_redireccionamento\"><\/span>Far\u00f3is de redireccionamento<span class=\"ez-toc-section-end\"><\/span><\/h3>\n<p>Este site utiliza tags de redirecionamento. Estas tags correspondem a um elemento JavaScript colocado no c\u00f3digo fonte do site. Quando um usu\u00e1rio visita uma p\u00e1gina deste site que cont\u00e9m uma tag de redirecionamento, um provedor de publicidade online (como o Google) coloca um cookie no computador do usu\u00e1rio e o atribui a listas de grupos alvo de redirecionamento correspondentes. Este cookie tamb\u00e9m \u00e9 utilizado para ativar campanhas de redirecionamento (&#8220;publicidade baseada em juros&#8221;) em outros sites. Estudos demonstraram que a exibi\u00e7\u00e3o de publicidade baseada em interesses \u00e9 mais interessante do que a publicidade sem refer\u00eancia direta a interesses ou websites previamente visitados. Fornecedores terceiros, incluindo o Google, utilizam estes cookies para exibir an\u00fancios com base nas visitas anteriores de um usu\u00e1rio ao nosso site. Nenhum dado pessoal \u00e9 registado a este respeito. Os usu\u00e1rios deste website podem desativar o uso de cookies pelo Google visitando a p\u00e1gina &#8220;Configura\u00e7\u00f5es de an\u00fancios&#8221; do Google. Al\u00e9m disso, os usu\u00e1rios podem desativar o uso de cookies por fornecedores terceiros visitando a p\u00e1gina de desativa\u00e7\u00e3o da &#8220;Network Advertising Initiative&#8221; e fazendo as configura\u00e7\u00f5es apropriadas l\u00e1.<\/p>\n<h3><span class=\"ez-toc-section\" id=\"Cookies_de_navegacao\"><\/span>Cookies de navega\u00e7\u00e3o<span class=\"ez-toc-section-end\"><\/span><\/h3>\n<p>Se voc\u00ea for para a p\u00e1gina de login, um cookie tempor\u00e1rio ser\u00e1 criado para determinar se o seu navegador aceita cookies. Ele n\u00e3o cont\u00e9m dados pessoais e ser\u00e1 exclu\u00eddo automaticamente quando voc\u00ea fechar o navegador.<\/p>\n<p>Quando voc\u00ea faz login, definiremos v\u00e1rios cookies para armazenar suas informa\u00e7\u00f5es de login e prefer\u00eancias de tela. O tempo de vida de um cookie de login \u00e9 de dois dias; o de um cookie de op\u00e7\u00e3o de tela \u00e9 de um ano. Se voc\u00ea marcar &#8220;Lembrar-me&#8221;, seu cookie de login ser\u00e1 mantido por duas semanas. Se voc\u00ea sair da sua conta, o cookie de login ser\u00e1 exclu\u00eddo.<\/p>\n<p>Ao modificar ou publicar uma publica\u00e7\u00e3o, um cookie adicional ser\u00e1 salvo no seu navegador. Este cookie n\u00e3o inclui nenhum dado pessoal. Diz apenas o ID da postagem que voc\u00ea acabou de editar. Ele expira ap\u00f3s um dia.<\/p>\n<h3><span class=\"ez-toc-section\" id=\"Conteudo_incorporado_de_outros_sites\"><\/span>Conte\u00fado incorporado de outros sites<span class=\"ez-toc-section-end\"><\/span><\/h3>\n<p>Os artigos deste site podem incluir conte\u00fado integrado (por exemplo, v\u00eddeos, imagens, artigos etc.). O conte\u00fado incorporado de outros sites se comporta da mesma maneira como se o visitante fosse para esse outro site.<\/p>\n<p>Esses sites podem coletar dados sobre voc\u00ea, usar cookies, incorporar ferramentas de rastreamento de terceiros, rastrear suas intera\u00e7\u00f5es com esse conte\u00fado incorporado, se voc\u00ea tiver uma conta conectada ao site deles.<\/p>\n<p>Para mais informa\u00e7\u00f5es, acesse a p\u00e1gina de<a href=\"https:\/\/multicredit.ch\/pt-pt\/cg\/\"> nossas condi\u00e7\u00f5es gerais<\/a>.[\/vc_column_text][vc_empty_space][\/vc_column][\/vc_row]<\/section>\n","protected":false},"excerpt":{"rendered":"<p>[vc_row][vc_column][vc_column_text] Pol\u00edtica de privacidade Mouseflow Este website utiliza Mouseflow: uma ferramenta de an\u00e1lise do website que fornece repeti\u00e7\u00e3o de sess\u00f5es, mapas de calor, funis, an\u00e1lise de formul\u00e1rios, campanhas de feedback e outras caracter\u00edsticas\/fun\u00e7\u00f5es semelhantes. O Mouseflow pode registar os seus cliques, movimentos do rato, deslocamentos, preenchimento de formul\u00e1rios (teclas) em campos n\u00e3o exclu\u00eddos, p\u00e1ginas visitadas [&hellip;]<\/p>\n","protected":false},"author":4,"featured_media":0,"parent":0,"menu_order":0,"comment_status":"closed","ping_status":"closed","template":"template-w-calc.php","meta":{"inline_featured_image":false,"footnotes":"","_links_to":"","_links_to_target":""},"categories":[],"class_list":["post-13260","page","type-page","status-publish","hentry"],"_links":{"self":[{"href":"https:\/\/multicredit.ch\/pt-pt\/wp-json\/wp\/v2\/pages\/13260","targetHints":{"allow":["GET"]}}],"collection":[{"href":"https:\/\/multicredit.ch\/pt-pt\/wp-json\/wp\/v2\/pages"}],"about":[{"href":"https:\/\/multicredit.ch\/pt-pt\/wp-json\/wp\/v2\/types\/page"}],"author":[{"embeddable":true,"href":"https:\/\/multicredit.ch\/pt-pt\/wp-json\/wp\/v2\/users\/4"}],"replies":[{"embeddable":true,"href":"https:\/\/multicredit.ch\/pt-pt\/wp-json\/wp\/v2\/comments?post=13260"}],"version-history":[{"count":5,"href":"https:\/\/multicredit.ch\/pt-pt\/wp-json\/wp\/v2\/pages\/13260\/revisions"}],"predecessor-version":[{"id":25683,"href":"https:\/\/multicredit.ch\/pt-pt\/wp-json\/wp\/v2\/pages\/13260\/revisions\/25683"}],"wp:attachment":[{"href":"https:\/\/multicredit.ch\/pt-pt\/wp-json\/wp\/v2\/media?parent=13260"}],"wp:term":[{"taxonomy":"category","embeddable":true,"href":"https:\/\/multicredit.ch\/pt-pt\/wp-json\/wp\/v2\/categories?post=13260"}],"curies":[{"name":"wp","href":"https:\/\/api.w.org\/{rel}","templated":true}]}}