{"id":13202,"date":"2020-02-10T15:28:42","date_gmt":"2020-02-10T15:28:42","guid":{"rendered":"https:\/\/www.multicredit.ch\/sobre-nos\/"},"modified":"2024-12-10T15:35:59","modified_gmt":"2024-12-10T15:35:59","slug":"multicredit-fribourg-sobre-nos","status":"publish","type":"page","link":"https:\/\/multicredit.ch\/pt-pt\/multicredit-fribourg-sobre-nos\/","title":{"rendered":"Sobre n\u00f3s"},"content":{"rendered":"<section class=\"wpb-content-wrapper\">[vc_row content_placement=&#8221;middle&#8221; el_class=&#8221;white-bck bigpadding&#8221; css=&#8221;.vc_custom_1586936879557{padding-bottom: 0px !important;}&#8221;][vc_column width=&#8221;1\/2&#8243; data_aos=&#8221;fade-right&#8221;][vc_single_image image=&#8221;11762&#8243; img_size=&#8221;full&#8221; alignment=&#8221;center&#8221;][\/vc_column][vc_column width=&#8221;1\/2&#8243; data_aos=&#8221;fade-in&#8221; data_aos_delay=&#8221;250&#8243;]<\/p>\n<div class=\"blocktitle title-left title-dark\" clearfix\"><H2><span class=\"ez-toc-section\" id=\"MultiCredit_em_Fribourg\"><\/span>MultiCredit em Fribourg<\/H2><\/p>\n<h4>Nossa principal miss\u00e3o \u00e9 obter a melhor solu\u00e7\u00e3o para o nosso cliente.<\/h4>\n<\/div>\n<p>[vc_column_text]<\/p>\n<p style=\"text-align: left;\">O objetivo da MultiCredit em Fribourg \u00e9 apoiar os clientes em suas vidas cotidianas, gra\u00e7as a conselhos financeiros sob medida.<\/p>\n<p style=\"text-align: left;\">Para tanto, nossa ag\u00eancia estuda cada caso a fundo e analisa todas as op\u00e7\u00f5es do mercado, at\u00e9 encontrar algo compat\u00edvel e vantajoso para o cliente.<\/p>\n<p style=\"text-align: left;\">Um dos principais m\u00e9ritos da MultiCredit \u00e9 a quantidade de parceiros que possu\u00edmos, o que nos permite obter as melhores ofertas e taxas de juros para a nossa clientela.<\/p>\n<p>[\/vc_column_text][\/vc_column][\/vc_row][vc_row full_width=&#8221;stretch_row&#8221; el_class=&#8221;lightgrey-bck biggerpadding diagonal-top-bck&#8221;][vc_column width=&#8221;1\/2&#8243; data_aos=&#8221;fade-in&#8221; data_aos_delay=&#8221;250&#8243; el_class=&#8221;checklist&#8221;]<\/p>\n<div class=\"blocktitle title-left title-dark\" clearfix\"><H2><span class=\"ez-toc-section\" id=\"Historico\"><\/span>Hist\u00f3rico<\/H2><\/div>\n<p>[vc_column_text]<strong>Em 1999,<\/strong> M. Aslan decide fundar MultiCredit em Fribourg, <strong>seguindo seus valores<\/strong> :<\/p>\n<p><em style=\"font-size: 22px;\">&#8220;O respeito e a comunica\u00e7\u00e3o resultam em qualidade na arte de servir&#8221;<\/em><\/p>\n<p><strong>O seu objetivo :<\/strong> privilegiar um financiamento razo\u00e1vel e acess\u00edvel aos clientes.[\/vc_column_text][vc_column_text]<strong>Ajudamos os nossos clientes a faz\u00ea-lo:<\/strong><\/p>\n<ul>\n<li>Realizar um sonho, um projeto.<\/li>\n<li>Resolver uma situa\u00e7\u00e3o tempor\u00e1ria por\u00e9m complicada.<\/li>\n<li>Simplificar o seu cotidiano.<\/li>\n<li>Ter uma alternativa \u00e0 rejei\u00e7\u00e3o de um pedido de empr\u00e9stimo pelos bancos tradicionais.<\/li>\n<li>Ter maior autonomia financeira em um contexto dado.<\/li>\n<\/ul>\n<p>[\/vc_column_text][\/vc_column][vc_column width=&#8221;1\/2&#8243; data_aos=&#8221;fade-left&#8221;][vc_single_image image=&#8221;13016&#8243; img_size=&#8221;full&#8221; alignment=&#8221;center&#8221;][vc_column_text]<\/p>\n<p style=\"font-size: 14px; text-align: right; margin-bottom: 4px;\"><strong>Senhor M\u00fcn\u00fcr ASLAN &#8211; Diretor<\/strong><\/p>\n<p style=\"text-align: right;\"><a href=\"https:\/\/www.linkedin.com\/in\/maslan-credit-kredit-loan\/\" target=\"_blank\" rel=\"noopener noreferrer\"><img decoding=\"async\" src=\"https:\/\/www.multicredit.ch\/wp\/wp-content\/uploads\/icons-linkedin.svg\" width=\"30px\" height=\"30px\" alt=\"\" title=\"\"><\/a><a style=\"margin-left: 6px;\" href=\"mailto:info@multicredit.ch\" target=\"_blank\" rel=\"noopener noreferrer\"><img decoding=\"async\" src=\"https:\/\/www.multicredit.ch\/wp\/wp-content\/uploads\/icons-email.svg\" width=\"30px\" height=\"30px\" alt=\"\" title=\"\"><\/a><\/p>\n<p>[\/vc_column_text][\/vc_column][\/vc_row][vc_row full_width=&#8221;stretch_row&#8221; el_class=&#8221;lightgrey-bck biggerpadding&#8221;][vc_column width=&#8221;1\/2&#8243; data_aos=&#8221;fade-right&#8221;][vc_single_image image=&#8221;11665&#8243; img_size=&#8221;full&#8221; alignment=&#8221;center&#8221;][\/vc_column][vc_column width=&#8221;1\/2&#8243; data_aos=&#8221;fade-in&#8221; data_aos_delay=&#8221;250&#8243;]<\/p>\n<div class=\"blocktitle title-left title-dark\" clearfix\"><H2><span class=\"ez-toc-section\" id=\"Desde_1999_a_MultiCredit\"><\/span>Desde 1999, a MultiCredit<\/H2><\/div>\n<p>[vc_column_text el_class=&#8221;checklist&#8221;]<\/p>\n<ul>\n<li>Tratou mais de 15\u2019000 pedidos de cr\u00e9dito.<\/li>\n<li>Conserva uma carteira de mais de 65\u2019000 clientes.<\/li>\n<li>Assegura um servi\u00e7o realizado exclusivamente na Su\u00ed\u00e7a, o que protege os seus dados pessoais.<\/li>\n<li>Garante a melhor taxa de juros.<\/li>\n<li>Traz conselhos adaptados e pertinentes.<\/li>\n<li>Agrega valor \u00e0 vida financeira dos seus clientes.<\/li>\n<li>Defende ao m\u00e1ximo os interesses dos seus clientes.<\/li>\n<\/ul>\n<p>[\/vc_column_text][vc_column_text el_class=&#8221;checklist&#8221;]<strong>Essas qualidades colocaram a MultiCredit na posi\u00e7\u00e3o de um dos maiores agentes de corretagem financeira de toda a Su\u00ed\u00e7a.<\/strong>[\/vc_column_text][\/vc_column][\/vc_row][vc_row full_width=&#8221;stretch_row&#8221; content_placement=&#8221;middle&#8221; el_class=&#8221;white-bck bigpadding checklist&#8221;][vc_column data_aos=&#8221;fade-in&#8221;]<\/p>\n<div class=\"blocktitle title-center title-dark\" clearfix\"><H2><span class=\"ez-toc-section\" id=\"Nossos_valores\"><\/span>Nossos valores<\/H2><\/p>\n<h4>Os valores da MultiCredit giram em torno do bem-estar do cliente. Prezamos antes de mais nada pelo respeito dos seus interesses e da sua privacidade. Al\u00e9m disso, defendemos a proximidade e um contato transparente com os clientes. De fato, este comprometimento com os clientes vem construindo a reputa\u00e7\u00e3o e a credibilidade da MultiCredit desde 1999.<\/h4>\n<\/div>\n<p>[vc_column_text el_class=&#8221;maxwidth&#8221; css=&#8221;.vc_custom_1586939010736{padding-bottom: 48px !important;}&#8221;]<\/p>\n<p style=\"text-align: center;\">Nossa ag\u00eancia aplica os seus valores fundamentais para manter a pertin\u00eancia das suas ofertas e a durabilidade das suas parcerias.<\/p>\n<p style=\"text-align: center;\"><strong>Conhecer os nossos valores \u00e9 compreender at\u00e9 que ponto n\u00f3s estamos comprometidos em defender o seu melhor interesse:<\/strong><\/p>\n<p>[\/vc_column_text][vc_row_inner css=&#8221;.vc_custom_1586939025248{padding-bottom: 48px !important;}&#8221;][vc_column_inner width=&#8221;1\/3&#8243;]<\/p>\n<div class=\"blocktitle title-center title-dark\" clearfix\"><H3><span class=\"ez-toc-section\" id=\"Opcoes_diversas\"><\/span>Op\u00e7\u00f5es diversas<\/H3><\/p>\n<h4>para casos diversos<\/h4>\n<\/div>\n<p>[vc_column_text]<\/p>\n<p style=\"text-align: center;\">A MultiCredit almeja tratar as demandas mais variadas, provenientes dos seus clientes residindo na Su\u00ed\u00e7a, por\u00e9m em situa\u00e7\u00f5es diferentes.<\/p>\n<p style=\"text-align: center;\">\u201cEncontrar a nossa clientela pessoalmente e poder conversar com cada um na sua l\u00edngua materna \u00e9 algo que n\u00f3s prezamos. A nossa equipe de expertos \u00e9 toda poliglota, o que demonstra o qu\u00e3o importante isso \u00e9 para n\u00f3s.\u201d<\/p>\n<p>[\/vc_column_text][\/vc_column_inner][vc_column_inner width=&#8221;1\/3&#8243;]<\/p>\n<div class=\"blocktitle title-center title-dark\" clearfix\"><H3><span class=\"ez-toc-section\" id=\"Um_tratamento_de_humano\"><\/span>Um tratamento de humano<\/H3><\/p>\n<h4>para humano<\/h4>\n<\/div>\n<p>[vc_column_text]<\/p>\n<p style=\"text-align: center;\">Por tr\u00e1s de cada pedido existe uma situa\u00e7\u00e3o particular, \u00e9 por isso que a MultiCredit leva em conta cada dossi\u00ea no seu contexto.<\/p>\n<p style=\"text-align: center;\">Damos privil\u00e9gio ao cr\u00e9dito razo\u00e1vel e respons\u00e1vel, sem p\u00f4r o cliente em risco de sobre-endividamento.<\/p>\n<p>[\/vc_column_text][\/vc_column_inner][vc_column_inner width=&#8221;1\/3&#8243;]<\/p>\n<div class=\"blocktitle title-center title-dark\" clearfix\"><H3><span class=\"ez-toc-section\" id=\"Um_servico\"><\/span>Um servi\u00e7o<\/H3><\/p>\n<h4>sob medida<\/h4>\n<\/div>\n<p>[vc_column_text]<\/p>\n<p style=\"text-align: center;\">Nossa preocupa\u00e7\u00e3o principal \u00e9 propor uma solu\u00e7\u00e3o adaptada a sua situa\u00e7\u00e3o pessoal. Isso significa, \u00e0s vezes, propor-lhe um produto financeiro alternativo, caso o seu pedido original n\u00e3o for aceito, por exemplo.<\/p>\n<p style=\"text-align: center;\">Tudo isso \u00e9 obviamente feito em di\u00e1logo cont\u00ednuo com o cliente, em todo sigilo e seguran\u00e7a dos seus dados pessoais.<\/p>\n<p>[\/vc_column_text][\/vc_column_inner][\/vc_row_inner][\/vc_column][\/vc_row][vc_row full_width=&#8221;stretch_row&#8221; el_class=&#8221;diagonal-bck gradient-bck bigpadding full-width&#8221;][vc_column data_aos=&#8221;fade-in&#8221;][vc_column_text css=&#8221;.vc_custom_1587638218714{padding-top: 96px !important;}&#8221;]<\/p>\n<div class=\"blocktitle title-center title-light maxwidth\">\n<h2><span class=\"ez-toc-section\" id=\"A_MultiCredit_se_beneficia_muito_com_as_recomendacoes_dos_seus_clientes_e_portanto_lhes_e_grata\"><\/span>A MultiCredit se beneficia muito com as recomenda\u00e7\u00f5es dos seus clientes e portanto lhes \u00e9 grata!<span class=\"ez-toc-section-end\"><\/span><\/h2>\n<\/div>\n<p>[\/vc_column_text][\/vc_column][\/vc_row][vc_row full_width=&#8221;stretch_row&#8221; el_class=&#8221;white-bck bigpadding&#8221;][vc_column data_aos=&#8221;fade-in&#8221;]<\/p>\n<div class=\"blocktitle title-center title-dark\" clearfix\"><H2><span class=\"ez-toc-section\" id=\"Servicos\"><\/span>Servi\u00e7os<\/H2><\/p>\n<h4>Cr\u00e9dito pessoal, consolida\u00e7\u00e3o de cr\u00e9dito, recompra de leasing, recompra de saldo de cart\u00e3o de cr\u00e9dito, cart\u00e3o de cr\u00e9dito, ajuda no desendividamento e muito mais. Nossos especialistas s\u00e3o muito experientes e saber\u00e3o tratar o seu caso da melhor maneira poss\u00edvel.<\/h4>\n<\/div>\n<p>[vc_row_inner][vc_column_inner el_class=&#8221;checklist&#8221; width=&#8221;1\/2&#8243;][vc_column_text]<\/p>\n<h3 style=\"text-align: left;\"><span class=\"ez-toc-section\" id=\"Seja_voce\"><\/span>Seja voc\u00ea :<span class=\"ez-toc-section-end\"><\/span><\/h3>\n<p>Empregado, funcion\u00e1rio, diretor de empresa, diplomata, funcion\u00e1rio internacional, frontalier, expatriado\u2026 N\u00f3s trabalhamos com uma variedade incr\u00edvel de casos e buscamos solu\u00e7\u00f5es para todos.<\/p>\n<p style=\"text-align: left;\">Nous travaillons r\u00e9guli\u00e8rement avec vous pour une nouvelle offre ou simplement un conseil.<\/p>\n<p>[\/vc_column_text][vc_empty_space][vc_column_text css=&#8221;.vc_custom_1622033567808{padding-top: 32px !important;}&#8221;]<\/p>\n<h3 style=\"text-align: left;\"><span class=\"ez-toc-section\" id=\"Esta_a_procura_de_uma_solucao_especifica_para_a_sua_vida_financeira\"><\/span>Est\u00e1 a procura de uma solu\u00e7\u00e3o espec\u00edfica para a sua vida financeira ?<span class=\"ez-toc-section-end\"><\/span><\/h3>\n<p>Entre em contato com a nossa equipe atrav\u00e9s <a href=\"https:\/\/multicredit.ch\/pt-pt\/pedido-de-credito\/\">do nosso formul\u00e1rio online<\/a> e obtenha um conselho personalizado, ou ent\u00e3o navegue pelo nosso site.<br \/>\n[\/vc_column_text][\/vc_column_inner][vc_column_inner el_class=&#8221;checklist&#8221; width=&#8221;1\/2&#8243;][vc_column_text]<\/p>\n<ul>\n<li>Tratamos pedidos de cr\u00e9dito <strong>em toda a Su\u00ed\u00e7a<\/strong>.<\/li>\n<li>Tratamos mais de <strong>15\u2019000 pedidos por ano<\/strong>.<\/li>\n<li>Nossa ag\u00eancia \u00e9 composta por uma dezena de colaboradores\/<strong>expertos<\/strong>\/<strong>conselheiros<\/strong> prontos para atend\u00ea-lo.<\/li>\n<li>Tratamos casos nas mais diversas l\u00ednguas gra\u00e7as a nossa equipe poliglota (<strong>franc\u00eas, alem\u00e3o, ingl\u00eas, italiano, portugu\u00eas, espanhol, turco, etc.<\/strong>).<\/li>\n<li>Propomos aos nossos clientes um <strong>conselho global<\/strong> para qualquer situa\u00e7\u00e3o.<\/li>\n<li>Temos <strong>v\u00e1rios produtos financeiros<\/strong> para propor aos nossos clientes.<\/li>\n<li>Guardamos as suas informa\u00e7\u00f5es em <strong>servidores su\u00ed\u00e7os altamente protegidos<\/strong>.<\/li>\n<li>Propomos as <strong>menores taxas de juros do mercado<\/strong>.<\/li>\n<\/ul>\n<p>[\/vc_column_text][\/vc_column_inner][\/vc_row_inner][vc_empty_space][vc_separator][\/vc_column][\/vc_row]<\/section>\n","protected":false},"excerpt":{"rendered":"<p>Perto de voc\u00ea desde 1999<\/p>\n","protected":false},"author":4,"featured_media":30789,"parent":0,"menu_order":-6,"comment_status":"closed","ping_status":"closed","template":"","meta":{"inline_featured_image":false,"footnotes":"","_links_to":"","_links_to_target":""},"categories":[],"class_list":["post-13202","page","type-page","status-publish","has-post-thumbnail","hentry"],"_links":{"self":[{"href":"https:\/\/multicredit.ch\/pt-pt\/wp-json\/wp\/v2\/pages\/13202","targetHints":{"allow":["GET"]}}],"collection":[{"href":"https:\/\/multicredit.ch\/pt-pt\/wp-json\/wp\/v2\/pages"}],"about":[{"href":"https:\/\/multicredit.ch\/pt-pt\/wp-json\/wp\/v2\/types\/page"}],"author":[{"embeddable":true,"href":"https:\/\/multicredit.ch\/pt-pt\/wp-json\/wp\/v2\/users\/4"}],"replies":[{"embeddable":true,"href":"https:\/\/multicredit.ch\/pt-pt\/wp-json\/wp\/v2\/comments?post=13202"}],"version-history":[{"count":36,"href":"https:\/\/multicredit.ch\/pt-pt\/wp-json\/wp\/v2\/pages\/13202\/revisions"}],"predecessor-version":[{"id":27642,"href":"https:\/\/multicredit.ch\/pt-pt\/wp-json\/wp\/v2\/pages\/13202\/revisions\/27642"}],"wp:featuredmedia":[{"embeddable":true,"href":"https:\/\/multicredit.ch\/pt-pt\/wp-json\/wp\/v2\/media\/30789"}],"wp:attachment":[{"href":"https:\/\/multicredit.ch\/pt-pt\/wp-json\/wp\/v2\/media?parent=13202"}],"wp:term":[{"taxonomy":"category","embeddable":true,"href":"https:\/\/multicredit.ch\/pt-pt\/wp-json\/wp\/v2\/categories?post=13202"}],"curies":[{"name":"wp","href":"https:\/\/api.w.org\/{rel}","templated":true}]}}