{"id":13149,"date":"2020-03-10T09:52:52","date_gmt":"2020-03-10T09:52:52","guid":{"rendered":"https:\/\/www.multicredit.ch\/cartao-de-credito\/"},"modified":"2023-06-28T09:08:02","modified_gmt":"2023-06-28T09:08:02","slug":"cartao-de-credito","status":"publish","type":"page","link":"https:\/\/multicredit.ch\/pt-pt\/cartao-de-credito\/","title":{"rendered":"Cart\u00e3o de cr\u00e9dito"},"content":{"rendered":"<section class=\"wpb-content-wrapper\">\n<p>[vc_row el_class=&#8221;white-bck bigpadding&#8221;][vc_column data_aos=&#8221;fade-in&#8221;]<\/p>\n<div class=\"blocktitle title-center title-dark\" clearfix\"><H2>Seu limite de cr\u00e9dito aumentado<\/H2><\/p>\n<h4>Nossas solu\u00e7\u00f5es para quando estiver no negativo em um ou v\u00e1rios cart\u00f5es.<\/h4>\n<\/div>\n<p>[vc_column_text el_class=&#8221;maxwidth&#8221;]<\/p>\n<p style=\"text-align: center;\">Voc\u00ea deseja obter um teto de gastos mais elevado? Quer um limite de cr\u00e9dito maior e portanto mais liquidez?<\/p>\n<p style=\"text-align: center;\">Desde que voc\u00ea seja maior de idade e tenha solvabilidade financeira, e at\u00e9 mesmo depois dos 70 anos, n\u00f3s podemos conseguir-lhe um novo cart\u00e3o com um teto de gastos mais elevado.<\/p>\n<p style=\"text-align: center;\"><strong>Isso mesmo, obtenha entre CHF 3\u2019000 e CHF 400\u2019000 de cr\u00e9dito global e aproveite do conforto de ter um or\u00e7amento mais permiss\u00edvel.<\/strong><\/p>\n<p>[\/vc_column_text][\/vc_column][\/vc_row][vc_row full_width=&#8221;stretch_row&#8221; content_placement=&#8221;middle&#8221; el_class=&#8221;lightgrey-bck diagonal-bottom-bck bigpadding&#8221;][vc_column width=&#8221;1\/2&#8243; data_aos=&#8221;fade-in&#8221; data_aos_delay=&#8221;250&#8243; el_class=&#8221;checklist&#8221;]<\/p>\n<div class=\"blocktitle title-left title-dark\" clearfix\"><H2>Estudo de solvabilidade e idoneidade<\/H2><\/p>\n<h4>Um novo cart\u00e3o de cr\u00e9dito mantendo a razoabilidade !<\/h4>\n<\/div>\n<p>[vc_column_text]Desde 1999, a expertise da MultiCredit vem permitindo o acesso a novos cart\u00f5es de cr\u00e9dito a milhares de clientes.<\/p>\n<p>Gra\u00e7as ao estudo aprofundado do seu caso pelos nossos especialistas, voc\u00ea poder\u00e1 obter as seguintes vantagens:<\/p>\n<ul>\n<li>Mensalidades flex\u00edveis e adapt\u00e1veis com o tempo.<\/li>\n<li>Escolha m\u00ednima do montante a ser debitado de 10% a 15% do saldo aberto.<\/li>\n<li>\u00a0Possibilidade de obter uma maior reserva financeira.<\/li>\n<li>Meio de pagamento seguro e vantajoso, incluindo sistemas de pontos.<\/li>\n<li>Pagamentos \u201ccontactless\u201d.<\/li>\n<li>F\u00e1cil acesso a conta online e ao servi\u00e7o de atendimento ao cliente.<\/li>\n<li>\u00a0Compras online com seguran\u00e7a, modernidade e o m\u00e1ximo de conforto.<\/li>\n<\/ul>\n<p>[\/vc_column_text][\/vc_column][vc_column width=&#8221;1\/2&#8243; data_aos=&#8221;fade-left&#8221;][vc_single_image image=&#8221;11536&#8243; img_size=&#8221;full&#8221; alignment=&#8221;center&#8221; css_animation=&#8221;none&#8221;][\/vc_column][\/vc_row][vc_row el_class=&#8221;white-bck bigpadding&#8221;][vc_column data_aos=&#8221;fade-in&#8221;]<\/p>\n<div class=\"blocktitle title-center title-dark\" clearfix\"><H2>Maior flexibilidade, maior simplicidade<\/H2><\/p>\n<h4>Precisa melhorar o seu or\u00e7amento?<\/h4>\n<\/div>\n<p>[vc_column_text el_class=&#8221;maxwidth&#8221;]<\/p>\n<p style=\"text-align: center;\">Voc\u00ea j\u00e1 atingiu o seu limite do cart\u00e3o de cr\u00e9dito? N\u00e3o consegue pagar todas as suas contas devido a uma situa\u00e7\u00e3o particular no trabalho ou a um evento inesperado?<\/p>\n<p style=\"text-align: center;\">Ent\u00e3o voc\u00ea precisa de liquidez. Para manter a sua autonomia financeira e a sua operacionalidade, nossos especialistas da MultiCredit podem analisar a sua situa\u00e7\u00e3o espec\u00edfica e propor-lhe uma solu\u00e7\u00e3o personalizada.<\/p>\n<p style=\"text-align: center;\"><a href=\"https:\/\/multicredit.ch\/pt-pt\/cartao-de-credito\/pedido\/\"><strong>O conselho \u00e9 gratuito e sem compromisso, portanto, aproveite!<\/strong><\/a><\/p>\n<p>[\/vc_column_text][\/vc_column][\/vc_row][vc_row full_width=&#8221;stretch_row&#8221; content_placement=&#8221;middle&#8221; el_class=&#8221;lightgrey-bck bigpadding comp-neg-margin-bottom checklist&#8221;][vc_column data_aos=&#8221;fade-in&#8221;]<\/p>\n<div class=\"blocktitle title-left title-dark\" clearfix\"><H2>Cart\u00e3o de cr\u00e9dito: simples e r\u00e1pido !<\/H2><\/p>\n<h4>Pe\u00e7a o seu cart\u00e3o de cr\u00e9dito em 2 minutos<\/h4>\n<\/div>\n<p>[vc_row_inner][vc_column_inner width=&#8221;1\/2&#8243;][vc_column_text]Atrav\u00e9s do nosso formul\u00e1rio online, fa\u00e7a o seu pedido e confie-nos o seu caso. Nosso conselho r\u00e1pido, gratuito e personalizado \u00e9 a melhor solu\u00e7\u00e3o para otimizar o seu tempo e deixar todas as complica\u00e7\u00f5es em nossas m\u00e3os.<\/p>\n<p>Trabalhamos sempre protegendo os interesses dos nossos clientes, logo pode ter certeza de que conosco voc\u00ea obter\u00e1 o maior teto de gastos poss\u00edvel para o seu cart\u00e3o de cr\u00e9dito, de acordo com a sua solvabilidade.<\/p>\n<p><a href=\"https:\/\/www.bfs.admin.ch\/bfs\/fr\/home\/statistiques\/situation-economique-sociale-population\/revenus-consommation-et-fortune\/endettement.html\" target=\"_blank\" rel=\"noopener\"><strong>N\u00f3s da MultiCredit nos comprometemos a melhorar o seu or\u00e7amento sem exp\u00f4-lo ao risco de sobre-endividamento.<\/strong><\/a>[\/vc_column_text][\/vc_column_inner][vc_column_inner width=&#8221;1\/2&#8243;][vc_column_text]<\/p>\n<ul>\n<li><strong>Seguran\u00e7a e confidencialidade<\/strong><\/li>\n<li><strong>Proximidade e responsabilidade<\/strong><\/li>\n<li><strong>Pick-up garantido em menos de 24 horas<\/strong><\/li>\n<li><strong>Taxa de cr\u00e9dito inferior \u00e0 da concorr\u00eancia<\/strong><\/li>\n<\/ul>\n<p>[\/vc_column_text][\/vc_column_inner][\/vc_row_inner][\/vc_column][\/vc_row]<\/p>\n<\/section>\n","protected":false},"excerpt":{"rendered":"<p>Um leque de op\u00e7\u00f5es que cabe no seu bolso<\/p>\n","protected":false},"author":4,"featured_media":11626,"parent":0,"menu_order":-7,"comment_status":"closed","ping_status":"closed","template":"template-w-calc.php","meta":{"inline_featured_image":false,"footnotes":"","_links_to":"","_links_to_target":""},"categories":[339,51],"class_list":["post-13149","page","type-page","status-publish","has-post-thumbnail","hentry","category-cartao-de-credito","category-carte-de-credit"],"_links":{"self":[{"href":"https:\/\/multicredit.ch\/pt-pt\/wp-json\/wp\/v2\/pages\/13149","targetHints":{"allow":["GET"]}}],"collection":[{"href":"https:\/\/multicredit.ch\/pt-pt\/wp-json\/wp\/v2\/pages"}],"about":[{"href":"https:\/\/multicredit.ch\/pt-pt\/wp-json\/wp\/v2\/types\/page"}],"author":[{"embeddable":true,"href":"https:\/\/multicredit.ch\/pt-pt\/wp-json\/wp\/v2\/users\/4"}],"replies":[{"embeddable":true,"href":"https:\/\/multicredit.ch\/pt-pt\/wp-json\/wp\/v2\/comments?post=13149"}],"version-history":[{"count":7,"href":"https:\/\/multicredit.ch\/pt-pt\/wp-json\/wp\/v2\/pages\/13149\/revisions"}],"predecessor-version":[{"id":26376,"href":"https:\/\/multicredit.ch\/pt-pt\/wp-json\/wp\/v2\/pages\/13149\/revisions\/26376"}],"wp:featuredmedia":[{"embeddable":true,"href":"https:\/\/multicredit.ch\/pt-pt\/wp-json\/wp\/v2\/media\/11626"}],"wp:attachment":[{"href":"https:\/\/multicredit.ch\/pt-pt\/wp-json\/wp\/v2\/media?parent=13149"}],"wp:term":[{"taxonomy":"category","embeddable":true,"href":"https:\/\/multicredit.ch\/pt-pt\/wp-json\/wp\/v2\/categories?post=13149"}],"curies":[{"name":"wp","href":"https:\/\/api.w.org\/{rel}","templated":true}]}}