{"id":13147,"date":"2020-03-10T09:56:11","date_gmt":"2020-03-10T09:56:11","guid":{"rendered":"https:\/\/www.multicredit.ch\/consolidacao-de-creditos\/"},"modified":"2023-03-23T11:43:27","modified_gmt":"2023-03-23T11:43:27","slug":"consolidacao-de-creditos","status":"publish","type":"page","link":"https:\/\/multicredit.ch\/pt-pt\/credito\/recompra-de-creditos\/consolidacao-de-creditos\/","title":{"rendered":"Consolida\u00e7\u00e3o de cr\u00e9ditos"},"content":{"rendered":"<section class=\"wpb-content-wrapper\">\n<p>[vc_row el_class=&#8221;white-bck bigpadding&#8221;][vc_column data_aos=&#8221;fade-in&#8221;]<\/p>\n<div class=\"blocktitle title-center title-dark\" clearfix\"><H2><span class=\"ez-toc-section\" id=\"A_consolidacao_de_emprestimos\"><\/span>A consolida\u00e7\u00e3o de empr\u00e9stimos<\/H2><\/p>\n<h4>Uma solu\u00e7\u00e3o simples e pouco conhecida.<\/h4>\n<\/div>\n<p>[vc_column_text el_class=&#8221;maxwidth&#8221;]<\/p>\n<p style=\"text-align: center;\">Tem v\u00e1rios empr\u00e9stimos pendentes, est\u00e1 a pagar demasiadas presta\u00e7\u00f5es mensais, a sua taxa de juro \u00e9 demasiado elevada? A acumula\u00e7\u00e3o de cr\u00e9dito pode levar ao sobreendividamento.<\/p>\n<p style=\"text-align: center;\">A MultiCredit estudar\u00e1 a possibilidade de comprar de volta o(s) seu(s) cr\u00e9dito(s), a fim de optimizar o seu or\u00e7amento. As nossas solu\u00e7\u00f5es financeiras oferecem-lhe flexibilidade.<\/p>\n<p style=\"text-align: center;\"><strong>Empr\u00e9stimos privados, saldos de cart\u00f5es e leasing; e se o ajud\u00e1ssemos a planear as suas finan\u00e7as com as solu\u00e7\u00f5es certas para o seu perfil?<\/strong><\/p>\n<p>[\/vc_column_text][\/vc_column][\/vc_row][vc_row full_width=&#8221;stretch_row&#8221; content_placement=&#8221;middle&#8221; el_class=&#8221;lightgrey-bck diagonal-bottom-bck bigpadding&#8221;][vc_column width=&#8221;1\/2&#8243; data_aos=&#8221;fade-in&#8221; data_aos_delay=&#8221;250&#8243;]<\/p>\n<div class=\"blocktitle title-left title-dark\" clearfix\"><H2><span class=\"ez-toc-section\" id=\"As_vantagens\"><\/span>As vantagens<\/H2><\/p>\n<h4>Muitas d\u00edvidas a pagar? Taxas abusivas? Temos a solu\u00e7\u00e3o para si.<\/h4>\n<\/div>\n<p>[vc_column_text]A consolida\u00e7\u00e3o de cr\u00e9ditos \u00e9 uma solu\u00e7\u00e3o financeira interessante para reequilibrar o seu or\u00e7amento e otimizar as suas necessidades de financiamento.<\/p>\n<ul>\n<li>Negociamos para si as melhores taxas de juros.<\/li>\n<li>Quando muitas mensalidades diferentes se acumulam, a consolida\u00e7\u00e3o lhe permite reorganizar e simplificar o reembolso das suas d\u00edvidas.<\/li>\n<li>Aliviamos portanto a sua vida financeira em geral.<\/li>\n<\/ul>\n<p>[\/vc_column_text][vc_column_text]<strong>N\u00f3s da MultiCredit o ajudamos a escolher a modalidade de gest\u00e3o que melhor lhe convenha, dando um tratamento atencioso e personalizado ao seu or\u00e7amento.<\/strong>[\/vc_column_text][\/vc_column][vc_column width=&#8221;1\/2&#8243; data_aos=&#8221;fade-left&#8221;][vc_single_image image=&#8221;11521&#8243; img_size=&#8221;full&#8221; alignment=&#8221;center&#8221; css_animation=&#8221;none&#8221;][\/vc_column][\/vc_row][vc_row el_class=&#8221;white-bck bigpadding&#8221;][vc_column data_aos=&#8221;fade-in&#8221;]<\/p>\n<div class=\"blocktitle title-center title-dark\" clearfix\"><H2><span class=\"ez-toc-section\" id=\"Maior_flexibilidade_maior_simplicidade\"><\/span>Maior flexibilidade, maior simplicidade<\/H2><\/p>\n<h4>Torne o seu or\u00e7amento mais simples e ganhe em efici\u00eancia.<\/h4>\n<\/div>\n<p>[vc_column_text el_class=&#8221;maxwidth&#8221;]<\/p>\n<p style=\"text-align: center;\">Substitua seus diversos pagamentos mensais, mesmo que provenientes de casas de empr\u00e9stimo diferentes, por uma s\u00f3 mensalidade mais leve pro seu bolso.<\/p>\n<p style=\"text-align: center;\">Al\u00e9m disso, ao optar pela consolida\u00e7\u00e3o de cr\u00e9dito voc\u00ea passa a lidar com apenas um interlocutor, que resolve tudo no seu lugar.<\/p>\n<p style=\"text-align: center;\"><strong>Prezando a transpar\u00eancia, a MultiCredit lhe fornece documentos claros e facilmente compreens\u00edveis.<\/strong><\/p>\n<p>[\/vc_column_text][\/vc_column][\/vc_row][vc_row full_width=&#8221;stretch_row&#8221; content_placement=&#8221;middle&#8221; el_class=&#8221;lightgrey-bck bigpadding comp-neg-margin-bottom checklist&#8221;][vc_column data_aos=&#8221;fade-in&#8221;]<\/p>\n<div class=\"blocktitle title-left title-dark\" clearfix\"><H2><span class=\"ez-toc-section\" id=\"Pedido_simples_e_rapido\"><\/span>Pedido simples e r\u00e1pido<\/H2><\/p>\n<h4>Envie o seu pedido em menos de 2 minutos.<\/h4>\n<\/div>\n<p>[vc_row_inner][vc_column_inner width=&#8221;1\/2&#8243;][vc_column_text]<strong>Est\u00e1 interessado pela consolida\u00e7\u00e3o de cr\u00e9dito?<\/strong> N\u00e3o hesite em completar o nosso formul\u00e1rio de pedido online, 100% protegido e confidencial.<\/p>\n<p>A nossa equipe entrar\u00e1 em contato consigo o mais r\u00e1pido poss\u00edvel com uma proposta gr\u00e1tis e sem compromisso. Basta completar o formul\u00e1rio indicando no espa\u00e7o \u201cquantia\u201d o total das d\u00edvidas que voc\u00ea deseja reagrupar.[\/vc_column_text][\/vc_column_inner][vc_column_inner width=&#8221;1\/2&#8243;][vc_column_text]<\/p>\n<ul>\n<li><strong>Seguran\u00e7a e confidencialidade<\/strong><\/li>\n<li><strong>Proximidade e responsabilidade<\/strong><\/li>\n<li><strong>Tratamento do pedido em menos de 24 horas<\/strong><\/li>\n<li><strong>Taxa de juros inferior \u00e0 da concorr\u00eancia<\/strong><\/li>\n<\/ul>\n<p>[\/vc_column_text][\/vc_column_inner][\/vc_row_inner][vc_raw_html css=&#8221;.vc_custom_1655189096220{margin-top: 32px !important;margin-bottom: 55px !important;}&#8221;]JTNDaW5wdXQlMjBzdHlsZSUzRCUyMm1hcmdpbiUzQSUyMGF1dG8lM0JkaXNwbGF5JTNBJTIwYmxvY2slM0J3aWR0aCUzQSUyMDQwJTI1JTNCJTIyJTIwdHlwZSUzRCUyMmJ1dHRvbiUyMiUyMGNsYXNzJTNEJTIyYnRuJTIyJTIwaWQlM0QlMjJib3V0b24tc2F2b2lyLXBsdXMlMjIlMjB2YWx1ZSUzRCUyMkxlaWElMjBtYWlzJTIyJTNFJTBBJTNDZGl2JTIwaWQlM0QlMjJwYXJhZ3JhcGhlLWNhY2hlJTIyJTIwc3R5bGUlM0QlMjJkaXNwbGF5JTNBbm9uZSUzQnRleHQtYWxpZ24lM0FqdXN0aWZ5JTNCJTIyJTNFJTBBJTNDaDIlMjBjbGFzcyUzRCUyMnRpdGxlLWxlZnQlMjIlM0VBcHJlbmRhJTIwdHVkbyUyMG8lMjBxdWUlMjBwcmVjaXNhJTIwZGUlMjBzYWJlciUyMHNvYnJlJTIwbyUyMHJlZmluYW5jaWFtZW50byUyMGRvJTIwc2V1JTIwZW1wciVDMyVBOXN0aW1vJTIwYWN0dWFsJTIxJTIwJTNDJTJGaDIlM0UlMEFNdWx0aWNyZWRpdC5jaCUyMGd1aWEtbyUyMGFiYWl4byUyMGUlMjBkZXNjcmV2ZSUyMG8lMjBxdWUlMjBwcmVjaXNhJTIwZGUlMjB0ZXIlMjBlbSUyMGF0ZW4lQzMlQTclQzMlQTNvJTIwcXVhbmRvJTIwdGVybWluYSUyMHVtJTIwZW1wciVDMyVBOXN0aW1vJTIwZW0lMjB0cm9jYSUyMGRlJTIwdW1hJTIwbXVkYW4lQzMlQTdhJTIwZGUlMjBtdXR1YW50ZS4lMjAlQzMlODklMjBzZW1wcmUlMjB1bWElMjBtJUMzJUExJTIwaWRlaWElMjBjb250cmFpciUyMG5vdmFzJTIwZCVDMyVBRHZpZGFzJTIwcGFyYSUyMGNvYnJpciUyMG9zJTIwc2V1cyUyMHJlZW1ib2xzb3MlMjByZWd1bGFyZXMlMjBkZSUyMGVtcHIlQzMlQTlzdGltb3MlMjBleGlzdGVudGVzLiUyMFMlQzMlQjMlMjBpciVDMyVBMSUyMGF1bWVudGFyJTIwYSUyMHN1YSUyMGNhcmdhJTIwZmluYW5jZWlyYSUyMGVtJTIwdmV6JTIwZGUlMjBhJTIwYWxpdmlhci4lMjBDb250dWRvJTJDJTIwYSUyMHN1YnN0aXR1aSVDMyVBNyVDMyVBM28lMjBkbyUyMHNldSUyMGVtcHIlQzMlQTlzdGltbyUyMGV4aXN0ZW50ZSUyMHBvciUyMHVtJTIwZW1wciVDMyVBOXN0aW1vJTIwb25saW5lJTIwbWFpcyUyMGFjZXNzJUMzJUFEdmVsJTIwcG9kZSUyQyUyMGVtJTIwYWxndW5zJTIwY2Fzb3MlMkMlMjBzZXIlMjBjb21wZW5zYWRhLiUyMFF1YW5kbyUyMHJlZmluYW5jaWElMjB1bSUyMGVtcHIlQzMlQTlzdGltbyUyQyUyMGVzdCVDMyVBMSUyMGElMjBzdWJzdGl0dWlyJTIwY29tcGxldGFtZW50ZSUyMG8lMjBzZXUlMjBlbXByJUMzJUE5c3RpbW8lMjBleGlzdGVudGUlMjBwb3IlMjB1bWElMjBhbHRlcm5hdGl2YSUyMG1haXMlMjBiYXJhdGEuJTBBJTBBJTNDaDIlMjBjbGFzcyUzRCUyMnRpdGxlLWxlZnQlMjIlM0VRdWFudG8lMjBjdXN0YSUyMGNhbmNlbGFyJTIwdW0lMjBlbXByJUMzJUE5c3RpbW8lM0YlM0MlMkZoMiUzRSUwQUFvJTIwYWJyaWdvJTIwZGElMjBsZWklMjBzdSVDMyVBRCVDMyVBN2ElMjBkZSUyMGNyJUMzJUE5ZGl0byUyMGFvJTIwY29uc3VtbyUyQyUyMG9zJTIwY3JlZG9yZXMlMjBuJUMzJUEzbyUyMHBvZGVtJTIwY29icmFyJTIwdW1hJTIwcGVuYWxpemElQzMlQTclQzMlQTNvJTIwc2UlMjBjYW5jZWxhciUyMHVtJTIwZW1wciVDMyVBOXN0aW1vJTIwYW50ZXMlMjBkbyUyMHNldSUyMHZlbmNpbWVudG8uJTIwUG9kZSUyMHJlZW1ib2xzYXIlMjB1bSUyMGVtcHIlQzMlQTlzdGltbyUyMGVtJTIwcXVhbHF1ZXIlMjBhbHR1cmElMkMlMjBzZW0lMjB0ZXIlMjBkZSUyMHBhZ2FyJTIwcGVuYWxpemElQzMlQTclQzMlQjVlcyUyMHBhcmElMjBjb2JyaXIlMjBvJTIwZCVDMyVBOWZpY2UlMjBkbyUyMG11dHVhbnRlJTIwbm8lMjBwYWdhbWVudG8lMjBkZSUyMGp1cm9zJTIwZnV0dXJvcy4lMjBEZSUyMGZhY3RvJTJDJTIwdG9kb3MlMjBvcyUyMGZvcm5lY2Vkb3JlcyUyMHN1JUMzJUFEJUMzJUE3b3MlMjBhY2VpdGFtJTIwYSUyMHJlY29tcHJhJTIwZGUlMjBlbXByJUMzJUE5c3RpbW9zLiUyMEFsZ3VucyUyMGZvcm5lY2Vkb3JlcyUyQyUyMHRhaXMlMjBjb21vJTIwbyUyMEJhbmNvJTIwTWlncm9zJTJDJTIwZXhpZ2VtJTIwbWVzbW8lMjBxdWUlMjB0YW1iJUMzJUE5bSUyMHRyYW5zZmlyYSUyMGNyJUMzJUE5ZGl0b3MlMjBleGlzdGVudGVzJTIwZGUlMjBvdXRyb3MlMjBtdXR1YW50ZXMlMjBxdWFuZG8lMjBjb250cmFpJTIwdW0lMjBlbXByJUMzJUE5c3RpbW8uJTIwTm8lMjBjYXNvJTIwZGUlMjByZWZpbmFuY2lhbWVudG8lMkMlMjBvcyUyMG5vdm9zJTIwbXV0dWFudGVzJTIwZXhpZ2VtJTIwbm9ybWFsbWVudGUlMjB1bWElMjBkZWNsYXJhJUMzJUE3JUMzJUEzbyUyMGZpbmFsJTIwZG8lMjAlQzMlQkFsdGltbyUyMGZvcm5lY2Vkb3IlMjBkZSUyMGNyJUMzJUE5ZGl0by4lMjBJbmZlbGl6bWVudGUlMkMlMjBoJUMzJUExJTIwY3VzdG9zJTIwYXNzb2NpYWRvcyUyMGElMjBpc3RvJTIwZW0lMjBhbGd1bnMlMjBiYW5jb3MlMjBkZSUyMGNyJUMzJUE5ZGl0by4lMjBQb3IlMjBleGVtcGxvJTJDJTIwbyUyMENlbWJyYSUyME1vbmV5JTIwQmFuayUyMGNvYnJhJTIwdW1hJTIwdGF4YSUyMGRlJTIwQ0hGJTIwMTUwJTIwcG9yJTIwdW1hJTIwZGVjbGFyYSVDMyVBNyVDMyVBM28lMjBkZSUyMGVtcHIlQzMlQTlzdGltbyUyMGZpbmFsLiUyME8lMjBCYW5rLW5vdyUyMCVDMyVBOSUyMHVtJTIwcG91Y28lMjBtYWlzJTIwY29tcGxpY2FkbyUyMGUlMjBjb2JyYSUyMHVtYSUyMHRheGElMjBwZWxhJTIwZGVjbGFyYSVDMyVBNyVDMyVBM28lMjBmaW5hbCUyQyUyMHF1ZSUyMHZhcmlhJTIwZGVwZW5kZW5kbyUyMGRvJTIwZW1wciVDMyVBOXN0aW1vJTIwJTI4bSVDMyVBMXhpbW8lMjAyMDAlMjBDSEYlMjkuJTBBJTBBJTNDaDIlMjBjbGFzcyUzRCUyMnRpdGxlLWxlZnQlMjIlM0VSZWZpbmFuY2lhbWVudG8lMjBkbyUyMGNyJUMzJUE5ZGl0byUzQSUyMHZhbGUlMjBhJTIwcGVuYSUzRiUzQyUyRmgyJTNFJTBBTyUyMGp1cm8lMjBkZSUyMHVtJTIwcmVmaW5hbmNpYW1lbnRvJTIwZGUlMjBjciVDMyVBOWRpdG8lMjBkZXBlbmRlJTIwZG9zJTIwZW5jYXJnb3MlMjBjb20lMjBqdXJvcyUyMGRvJTIwY3IlQzMlQTlkaXRvJTIwZXhpc3RlbnRlJTIwZW0lMjBjb21wYXJhJUMzJUE3JUMzJUEzbyUyMGNvbSUyMG8lMjBub3ZvJTIwY3IlQzMlQTlkaXRvLiUyMFVtYSUyMHZleiUyMHF1ZSUyMG9zJTIwY3VzdG9zJTIwZG9zJTIwanVyb3MlMjBhdW1lbnRhbSUyMHF1YW5kbyUyMGElMjB0YXhhJTIwZGUlMjBqdXJvJTIwYW51YWwlMjBlZmVjdGl2YSUyMHNvYmUlMkMlMjB1bWElMjBpbnN0aXR1aSVDMyVBNyVDMyVBM28lMjBmaW5hbmNlaXJhJTIwY29tJTIwdW1hJTIwdGF4YSUyMGRlJTIwanVybyUyMGFudWFsJTIwbWFpcyUyMGJhaXhhJTIwZGV2ZSUyMHNlciUyMGNvbnNpZGVyYWRhJTIwcGFyYSUyMGElMjBzdWJzdGl0dWklQzMlQTclQzMlQTNvJTIwZGElMjBkJUMzJUFEdmlkYS4lMjBTZSUyMGElMjBkaWZlcmVuJUMzJUE3YSUyMG5vJTIwY3VzdG8lMjBkbyUyMGNyJUMzJUE5ZGl0byUyMHBhcmElMjBvJTIwcHJhem8lMjByZXN0YW50ZSUyMGZvciUyMHRhbWIlQzMlQTltJTIwZWxldmFkYSUyQyUyMG91JTIwc2VqYSUyQyUyMG8lMjBub3ZvJTIwY3IlQzMlQTlkaXRvJTIwJUMzJUE5JTIwc2lnbmlmaWNhdGl2YW1lbnRlJTIwbWFpcyUyMGJhcmF0byUyQyUyMG8lMjByZWZpbmFuY2lhbWVudG8lMjBkbyUyMGVtcHIlQzMlQTlzdGltbyUyMCVDMyVBOSUyMGNlcnRhbWVudGUlMjB2YW50YWpvc28uJTIwUG9kZSUyMGZhY2lsbWVudGUlMjBjb21wYXJhciUyMG9zJTIwY3VzdG9zJTIwc2UlMjBjb250YWN0YXIlMjBvcyUyMG5vc3NvcyUyMGVzcGVjaWFsaXN0YXMlMjBwYXJhJTIwdW1hJTIwb2ZlcnRhJTIwc2VtJTIwY29tcHJvbWlzc28uJTIwTyUyMGV4ZW1wbG8lMjBzZWd1aW50ZSUyMHBvZGUlMjBpbHVzdHJhciUyMG8lMjBjJUMzJUExbGN1bG8lMjBkZSUyMHJlZmluYW5jaWFtZW50byUzQSUyMENvbnRyYWl1JTIwdW0lMjBlbXByJUMzJUE5c3RpbW8lMjBwZXNzb2FsJTIwZGUlMjA1MC4wMDAlMjBmcmFuY29zJTIwc3UlQzMlQUQlQzMlQTdvcyUyMGNvbSUyMHVtJTIwcHJhem8lMjBkZSUyMDg0JTIwbWVzZXMlMjBlJTIwdW1hJTIwdGF4YSUyMGRlJTIwanVybyUyMGRlJTIwOSUyQzklMjUlMkMlMjBsZXZhbmRvJTIwYSUyMHVtJTIwY3VzdG8lMjB0b3RhbCUyMGRlJTIwanVyb3MlMjBkZSUyMDE4LjU5NiUyMGZyYW5jb3MlMjBzdSVDMyVBRCVDMyVBN29zLiUyMEFwJUMzJUIzcyUyMHVtJTIwYW5vJTJDJTIwZGVjaWRlJTIwcmVmaW5hbmNpYXIlMjBvJTIwZW1wciVDMyVBOXN0aW1vJTIwY29tJTIwdW0lMjBub3ZvJTJDJTIwdW1hJTIwdmV6JTIwcXVlJTIwbGhlJTIwJUMzJUE5JTIwb2ZlcmVjaWRhJTIwdW1hJTIwbm92YSUyMHRheGElMjBkZSUyMGp1cm8lMjBkZSUyMDUlMkM5JTI1JTJDJTIwcmVzdWx0YW5kbyUyMG51bSUyMGN1c3RvJTIwdG90YWwlMjBkZSUyMGp1cm9zJTIwcGFyYSUyMG9zJTIwcmVzdGFudGVzJTIwNzIlMjBtZXNlcyUyMGRlJTIwOS4yMzIlMjBmcmFuY29zJTIwc3UlQzMlQUQlQzMlQTdvcy4lMjBHcmElQzMlQTdhcyUyMGElMjBlc3RhJTIwbXVkYW4lQzMlQTdhJTJDJTIwcG91cGFyJUMzJUExJTIwY2VyY2ElMjBkZSUyMDYuMDAwJTIwZnJhbmNvcyUyMGVtJTIwY3VzdG9zJTIwZGUlMjBqdXJvcyUyMGF0JUMzJUE5JTIwYW8lMjBmaW5hbCUyMGRvJTIwcHJhem8uJTIwRGVzdGUlMjBtb250YW50ZSUyQyUyMGRldmVyJUMzJUExJTIwYWluZGElMjBkZWR1emlyJTIwcXVhaXNxdWVyJTIwdGF4YXMlMjBjb2JyYWRhcyUyMHBlbGElMjBhbnRpZ2ElMjBpbnN0aXR1aSVDMyVBNyVDMyVBM28lMjBkZSUyMGNyJUMzJUE5ZGl0byUyMHBhcmElMjB1bSUyMGV4dHJhY3RvJTIwZmluYWwuJTIwU2UlMjBlc3RlcyUyMGN1c3RvcyUyMGFzY2VuZGVyZW0lMjBhJTIwMTUwJTIwZnJhbmNvcyUyQyUyMHBvciUyMGV4ZW1wbG8lMkMlMjBwb3VwYXIlQzMlQTElMjB1bSUyMHRvdGFsJTIwZGUlMjBjZXJjYSUyMGRlJTIwNS44NTAlMjBmcmFuY29zLiUyMENvbW8lMjBvJTIwY3VzdG8lMjBkYSUyMHRheGElMjBkZSUyMGp1cm8lMjBubyUyMGluJUMzJUFEY2lvJTIwZG8lMjBwZXIlQzMlQURvZG8lMjBkZSUyMGVtcHIlQzMlQTlzdGltbyUyMCVDMyVBOSUyMG1haXMlMjBlbGV2YWRvJTIwZSUyMGRpbWludWklMjBjb20lMjBvJTIwdGVtcG8lMkMlMjBhJTIwTXVsdGlDcmVkaXQlMjBhY29uc2VsaGElMjBvcyUyMHNldXMlMjBjbGllbnRlcyUyMGElMjBjb25zaWRlcmFyZW0lMjBvJTIwcmVmaW5hbmNpYW1lbnRvJTIwZG8lMjBjciVDMyVBOWRpdG8lMjBub3MlMjBwcmltZWlyb3MlMjBhbm9zJTIwZG8lMjBwcmF6byUyMGRvJTIwZW1wciVDMyVBOXN0aW1vJTJDJTIwdW1hJTIwdmV6JTIwcXVlJTIwaXN0byUyMHJlc3VsdGFyJUMzJUExJTIwbnVtYSUyMG1haW9yJTIwcG91cGFuJUMzJUE3YS4lMjAlMEElMEElMEElM0NoMiUyMGNsYXNzJTNEJTIydGl0bGUtbGVmdCUyMiUzRUluZmVsaXptZW50ZSUyQyUyMG8lMjByZWZpbmFuY2lhbWVudG8lMjBuZW0lMjBzZW1wcmUlMjAlQzMlQTklMjBwb3NzJUMzJUFEdmVsJTIxJTNDJTJGaDIlM0UlMEFQb2RlJTIwc2VyJTIwc3VmaWNpZW50ZW1lbnRlJTIwZiVDMyVBMWNpbCUyMGVuY29udHJhciUyMHVtJTIwZW1wciVDMyVBOXN0aW1vJTIwcXVlJTIwY3VzdGUlMjBtZW5vcyUyMGRvJTIwcXVlJTIwbyUyMHNldSUyMGVtcHIlQzMlQTlzdGltbyUyMGFjdHVhbCUyQyUyMG1hcyUyMG8lMjByZWZpbmFuY2lhbWVudG8lMjBjb20lMjBlbXByJUMzJUE5c3RpbW9zJTIwbWFpcyUyMGFjZXNzJUMzJUFEdmVpcyUyMG5lbSUyMHNlbXByZSUyMCVDMyVBOSUyMHBvc3MlQzMlQUR2ZWwuJTIwSXN0byUyMHBvcnF1ZSUyMG9zJTIwbXV0dWFudGVzJTIwbWFpcyUyMGJhcmF0b3MlMjAlMjhmb3JuZWNlZG9yZXMlMjBkZSUyMGVtcHIlQzMlQTlzdGltb3MlMjBkZSUyMGJhaXhvJTIwY3VzdG8lMjklMjBlc3RhYmVsZWNlbSUyMGZyZXF1ZW50ZW1lbnRlJTIwcmVxdWlzaXRvcyUyMGVsZXZhZG9zJTIwcGFyYSUyMGElMjBjb25jZXNzJUMzJUEzbyUyMGRlJTIwcGVkaWRvcyUyMGRlJTIwZW1wciVDMyVBOXN0aW1vLiUyMFBvciUyMGNvbnNlZ3VpbnRlJTJDJTIwJUMzJUE5JTIwaW1wb3J0YW50ZSUyMHF1ZSUyMG9idGVuaGElMjBhJTIwY29uZmlybWElQzMlQTclQzMlQTNvJTIwZGUlMjB1bSUyMHN1YnN0aXR1dG8lMjBkbyUyMGVtcHIlQzMlQTlzdGltbyUyMGRvJTIwbm92byUyMG11dHVhbnRlJTIwYW50ZXMlMjBkZSUyMGNhbmNlbGFyJTIwbyUyMHNldSUyMGVtcHIlQzMlQTlzdGltbyUyMGNvbSUyMG8lMjBiYW5jbyUyMGFudGlnbyUyQyUyMHBvaXMlMjBpc3RvJTIwZXZpdGFyJUMzJUExJTIwcXVlJTIwZmlxdWUlMjBibG9xdWVhZG8lMjBzZSUyMG8lMjBub3ZvJTIwbXV0dWFudGUlMjBhY2FiYXIlMjBwb3IlMjBvJTIwcmVqZWl0YXIlMjBzZSUyMG4lQzMlQTNvJTIwY3VtcHJpciUyMG9zJTIwc2V1cyUyMGNyaXQlQzMlQTlyaW9zLiUwQSUwQSUzQ2gyJTIwY2xhc3MlM0QlMjJ0aXRsZS1sZWZ0JTIyJTNFQXVtZW50YXIlMjBvJTIwbW9udGFudGUlMjBvdSUyMG8lMjBwcmF6byUyMGRlJTIwdW0lMjBlbXByJUMzJUE5c3RpbW8lM0MlMkZoMiUzRSUwQVNlJTIwcHJlY2lzYXIlMjBkZSUyMG1haXMlMjBkaW5oZWlybyUyMGRvJTIwcXVlJTIwbyUyMHNldSUyMGVtcHIlQzMlQTlzdGltbyUyMGFjdHVhbCUyQyUyMCVDMyVBOSUyMGNvbXVtJTIwcmVmaW5hbmNpYXIlMjBvJTIwc2V1JTIwZW1wciVDMyVBOXN0aW1vJTIwYWN0dWFsJTIwY29tJTIwdW0lMjBlbXByJUMzJUE5c3RpbW8lMjBtYWlvci4lMjBUYW1iJUMzJUE5bSUyMHBvZGUlMjByZWZpbmFuY2lhciUyMG8lMjBzZXUlMjBlbXByJUMzJUE5c3RpbW8lMjBhY3R1YWwlMjBjb20lMjB1bSUyMG5vdm8lMjBlbXByJUMzJUE5c3RpbW8lMjBxdWUlMjB0YW1iJUMzJUE5bSUyMHRlbSUyMHVtJTIwcGVyJUMzJUFEb2RvJTIwZGUlMjBhbW9ydGl6YSVDMyVBNyVDMyVBM28lMjBtYWlzJTIwbG9uZ28lMkMlMjBtYW50ZW5kbyUyMG8lMjBtZXNtbyUyMG1vbnRhbnRlLiUyMEVtYm9yYSUyMGlzdG8lMjBwb3NzYSUyMGFqdWRhciUyMGElMjBhbGl2aWFyJTIwbyUyMHN0cmVzcyUyMGZpbmFuY2Vpcm8lMkMlMjBkZXZlJTIwY29tcHJlZW5kZXIlMjBxdWUlMjBxdWFudG8lMjBtYWlzJTIwbG9uZ28lMjBmb3IlMjBvJTIwcHJhem8lMjBkbyUyMGVtcHIlQzMlQTlzdGltbyUyQyUyMG1haXMlMjBlbGV2YWRvJTIwc2VyJUMzJUExJTIwbyUyMGN1c3RvJTIwdG90YWwlMjBkbyUyMGVtcHIlQzMlQTlzdGltby4lMEElMEElM0NoMiUyMGNsYXNzJTNEJTIydGl0bGUtbGVmdCUyMiUzRVF1YWlzJTIwcyVDMyVBM28lMjBhcyUyMGV0YXBhcyUyMHBhcmElMjByZWZpbmFuY2lhciUyMHVtJTIwZW1wciVDMyVBOXN0aW1vJTIwbmElMjBTdSVDMyVBRCVDMyVBN2ElM0YlM0MlMkZoMiUzRSUwQTEuJTIwQ29tcGFyZSUyMG9zJTIwY3VzdG9zJTIwZGFzJTIwdGF4YXMlMjBkZSUyMGp1cm8lMjBwYXJhJTIwbyUyMHBlciVDMyVBRG9kbyUyMHJlc3RhbnRlJTIwZG8lMjBzZXUlMjBlbXByJUMzJUE5c3RpbW8lMjBleGlzdGVudGUlMjBjb20lMjBvcyUyMGRlJTIwb3V0cmFzJTIwb2ZlcnRhcyUyMGRlJTIwZW1wciVDMyVBOXN0aW1vJTIwLSUzRSUyMGVzdGElMjBpbmZvcm1hJUMzJUE3JUMzJUEzbyUyMHNlci1saGUtJUMzJUExJTIwZm9ybmVjaWRhJTIwcGVsb3MlMjBub3Nzb3MlMjBlc3BlY2lhbGlzdGFzJTIwbnVtYSUyMG9mZXJ0YSUyMGRldGFsaGFkYSUyMHNlbSUyMGNvbXByb21pc3NvLiUyME9zJTIwbm9zc29zJTIwcGVyaXRvcyUyMHRhbWIlQzMlQTltJTIwY2FsY3VsYXIlQzMlQTNvJTIwbyUyMHBvdGVuY2lhbCUyMGRlJTIwcG91cGFuJUMzJUE3YSUyMGRvJTIwcmVmaW5hbmNpYW1lbnRvJTJDJTIwcGFyYSUyMHF1ZSUyMHBvc3NhJTIwdG9tYXIlMjB1bWElMjBkZWNpcyVDMyVBM28lMjBmJUMzJUExY2lsLiUwQSUwQTIuJTIwVGVuaGElMjBlbSUyMGNvbnRhJTIwYXMlMjB0YXhhcyUyMGNvYnJhZGFzJTIwcGVsbyUyMHNldSUyMGFjdHVhbCUyMG11dHVhbnRlJTIwcGFyYSUyMHVtJTIwcGFnYW1lbnRvJTIwZmluYWwlMjBkbyUyMGVtcHIlQzMlQTlzdGltbyUyMC0lM0UlMjBPcyUyMHBlcml0b3MlMjBkYSUyME11bHRpQ3JlZGl0JTIwZGlyLWxoZS0lQzMlQTNvJTIwZXN0ZSUyMG1vbnRhbnRlJTJDJTIwcGVsbyUyMHF1ZSUyMG4lQzMlQTNvJTIwaCVDMyVBMSUyMG5lY2Vzc2lkYWRlJTIwZGUlMjBwcm9jdXJhciUyMGVzdGElMjBpbmZvcm1hJUMzJUE3JUMzJUEzby4lMjBEZXNkZSUyMHF1ZSUyMGVzdGFzJTIwdGF4YXMlMjBzZWphbSUyMGluZmVyaW9yZXMlMjAlQzMlQTBzJTIwcG91cGFuJUMzJUE3YXMlMjBwb3RlbmNpYWlzJTIwZG8lMjByZWZpbmFuY2lhbWVudG8lMjBkbyUyMHNldSUyMGVtcHIlQzMlQTlzdGltbyUyQyUyMHZhbGUlMjBub3JtYWxtZW50ZSUyMGElMjBwZW5hJTIwbXVkYXIlMjBwYXJhJTIwbyUyMGVtcHIlQzMlQTlzdGltbyUyMG1haXMlMjBiYXJhdG8uJTBBMy4lMjBDb25maXJtYXIlMjBhJTIwbm92YSUyMG9mZXJ0YSUyMGRlJTIwcmVmaW5hbmNpYW1lbnRvJTIwZGUlMjBiYWl4byUyMGN1c3RvJTIwZG8lMjBub3ZvJTIwZW1wcmVzdGFkb3IuJTIwJTBBNC4lMjBDYW5jZWxlJTIwbyUyMHNldSUyMGVtcHIlQzMlQTlzdGltbyUyMGFjdHVhbCUyMC0lM0UlMjBNdWx0aUNyZWRpdCUyMGVuY2FycmVnYXItc2UtJUMzJUExJTIwZGVzdGUlMjBlJTIwZGUlMjBxdWFscXVlciUyMG91dHJvJTIwdHJhYmFsaG8lMjBhZG1pbmlzdHJhdGl2byUyMHBhcmElMjBzaSUyQyUyMHBhcmElMjBxdWUlMjBuJUMzJUEzbyUyMHRlbmhhJTIwZGUlMjBzZSUyMHByZW9jdXBhciUyMGNvbSUyMGlzc28uJTBBJTNDJTJGZGl2JTNF[\/vc_raw_html][\/vc_column][\/vc_row]<\/p>\n<\/section>\n","protected":false},"excerpt":{"rendered":"<p>Um cr\u00e9dito, um boleto: economize!<\/p>\n","protected":false},"author":4,"featured_media":11600,"parent":13361,"menu_order":0,"comment_status":"closed","ping_status":"closed","template":"template-rachat.php","meta":{"inline_featured_image":false,"footnotes":"","_links_to":"","_links_to_target":""},"categories":[338],"class_list":["post-13147","page","type-page","status-publish","has-post-thumbnail","hentry","category-recompra-de-credito"],"_links":{"self":[{"href":"https:\/\/multicredit.ch\/pt-pt\/wp-json\/wp\/v2\/pages\/13147","targetHints":{"allow":["GET"]}}],"collection":[{"href":"https:\/\/multicredit.ch\/pt-pt\/wp-json\/wp\/v2\/pages"}],"about":[{"href":"https:\/\/multicredit.ch\/pt-pt\/wp-json\/wp\/v2\/types\/page"}],"author":[{"embeddable":true,"href":"https:\/\/multicredit.ch\/pt-pt\/wp-json\/wp\/v2\/users\/4"}],"replies":[{"embeddable":true,"href":"https:\/\/multicredit.ch\/pt-pt\/wp-json\/wp\/v2\/comments?post=13147"}],"version-history":[{"count":7,"href":"https:\/\/multicredit.ch\/pt-pt\/wp-json\/wp\/v2\/pages\/13147\/revisions"}],"predecessor-version":[{"id":24741,"href":"https:\/\/multicredit.ch\/pt-pt\/wp-json\/wp\/v2\/pages\/13147\/revisions\/24741"}],"up":[{"embeddable":true,"href":"https:\/\/multicredit.ch\/pt-pt\/wp-json\/wp\/v2\/pages\/13361"}],"wp:featuredmedia":[{"embeddable":true,"href":"https:\/\/multicredit.ch\/pt-pt\/wp-json\/wp\/v2\/media\/11600"}],"wp:attachment":[{"href":"https:\/\/multicredit.ch\/pt-pt\/wp-json\/wp\/v2\/media?parent=13147"}],"wp:term":[{"taxonomy":"category","embeddable":true,"href":"https:\/\/multicredit.ch\/pt-pt\/wp-json\/wp\/v2\/categories?post=13147"}],"curies":[{"name":"wp","href":"https:\/\/api.w.org\/{rel}","templated":true}]}}