{"id":13145,"date":"2020-03-10T09:56:50","date_gmt":"2020-03-10T09:56:50","guid":{"rendered":"https:\/\/www.multicredit.ch\/agrupamento-de-creditos\/"},"modified":"2021-05-26T11:59:56","modified_gmt":"2021-05-26T11:59:56","slug":"agrupamento-de-creditos","status":"publish","type":"page","link":"https:\/\/multicredit.ch\/pt-pt\/credito\/recompra-de-creditos\/agrupamento-de-creditos\/","title":{"rendered":"Agrupamento de cr\u00e9ditos"},"content":{"rendered":"<section class=\"wpb-content-wrapper\">[vc_row el_class=&#8221;white-bck bigpadding&#8221; css=&#8221;.vc_custom_1594909801977{padding-top: 0px !important;}&#8221;][vc_column data_aos=&#8221;fade-in&#8221;]<\/p>\n<div class=\"blocktitle title-center title-dark\" clearfix\"><H2><span class=\"ez-toc-section\" id=\"Consolidacao_de_dividas\"><\/span>Consolida\u00e7\u00e3o de d\u00edvidas<\/H2><\/p>\n<h4>Comum na Su\u00ed\u00e7a, esta solu\u00e7\u00e3o que otimiza o seu or\u00e7amento merece ser conhecida.<\/h4>\n<\/div>\n<p>[vc_column_text el_class=&#8221;maxwidth&#8221;]<\/p>\n<p style=\"text-align: center;\">Quer economizar at\u00e9 40% nas suas mensalidades provenientes de empr\u00e9stimos e cart\u00e3o de cr\u00e9dito (MasterCard, Visa, American Express, Diners Club)\u00a0?<\/p>\n<p style=\"text-align: center;\">O reembolso mensal acumulado est\u00e1 pesando no seu bolso? Pois ent\u00e3o voc\u00ea deveria considerar a consolida\u00e7\u00e3o de d\u00edvida, solu\u00e7\u00e3o financeira cujo objetivo \u00e9 ajudar justamente em situa\u00e7\u00f5es como essa.<\/p>\n<p style=\"text-align: center;\"><a href=\"https:\/\/www.gestifin.ch\/?gclid=CjwKCAjw47eFBhA9EiwAy8kzNO8i6SEWA1-yqyow6_D2wbs2djUFitjopSHygekD1WXs6j7uoCfBShoCsp4QAvD_BwE\" target=\"_blank\" rel=\"noopener\"><strong>N\u00f3s da MultiCredit podemos estudar o seu caso e aconselh\u00e1-lo de forma personalizada, sem compromisso.<\/strong><\/a><\/p>\n<p>[\/vc_column_text][\/vc_column][\/vc_row][vc_row full_width=&#8221;stretch_row&#8221; content_placement=&#8221;middle&#8221; el_class=&#8221;lightgrey-bck diagonal-bottom-bck bigpadding&#8221;][vc_column width=&#8221;1\/2&#8243; data_aos=&#8221;fade-in&#8221; data_aos_delay=&#8221;250&#8243; el_class=&#8221;checklist&#8221;]<\/p>\n<div class=\"blocktitle title-left title-dark\" clearfix\"><H2><span class=\"ez-toc-section\" id=\"Que_e_o_agrupamento_de_credito\"><\/span>Que \u00e9 o agrupamento de cr\u00e9dito?<\/H2><\/p>\n<h4>O agrupamento de cr\u00e9ditos: escolha o simples na dificuldade.<\/h4>\n<\/div>\n<p>[vc_column_text]Esta solu\u00e7\u00e3o consiste em agrupar as suas diferentes obriga\u00e7\u00f5es financeiras em um s\u00f3 cr\u00e9dito, com melhores condi\u00e7\u00f5es contratuais.<\/p>\n<ul>\n<li>Todas as suas d\u00edvidas transformadas em um s\u00f3 cr\u00e9dito pessoal.<\/li>\n<li>Um s\u00f3 intermedi\u00e1rio, a Multicr\u00e9dit, substitui todos os estabelecimentos financeiros com os quais voc\u00ea tem contrato.<\/li>\n<li>N\u00f3s nos encarregamos de tudo, desde o reembolso dos estabelecimentos financeiros com os quais voc\u00ea obteve o empr\u00e9stimo, ao processo administrativo.<\/li>\n<li>Voc\u00ea obt\u00e9m uma melhor taxa de juros e um prazo de reembolso mais vantajoso.<\/li>\n<li>Respondemos rapidamente aos seus pedidos.<\/li>\n<\/ul>\n<p>[\/vc_column_text][\/vc_column][vc_column width=&#8221;1\/2&#8243; data_aos=&#8221;fade-left&#8221;][vc_single_image image=&#8221;11546&#8243; img_size=&#8221;full&#8221; alignment=&#8221;center&#8221; css_animation=&#8221;none&#8221;][\/vc_column][\/vc_row][vc_row el_class=&#8221;white-bck bigpadding&#8221;][vc_column data_aos=&#8221;fade-in&#8221;]<\/p>\n<div class=\"blocktitle title-center title-dark\" clearfix\"><H2><span class=\"ez-toc-section\" id=\"Faca_um_pedido\"><\/span>Fa\u00e7a um pedido<\/H2><\/p>\n<h4>Conselho gratuito e vantagens claras.<\/h4>\n<\/div>\n<p>[vc_column_text el_class=&#8221;maxwidth&#8221;]<\/p>\n<p style=\"text-align: center;\">Voc\u00ea possui contratos de empr\u00e9stimo em andamento? Deseja agrupar os seus cr\u00e9ditos sob a gest\u00e3o de especialistas da \u00e1rea? N\u00e3o espere mais, confie-nos o seu caso.<\/p>\n<p>[\/vc_column_text][vc_row_inner css=&#8221;.vc_custom_1586934012676{padding-top: 48px !important;padding-bottom: 48px !important;}&#8221; el_class=&#8221;checklist&#8221;][vc_column_inner width=&#8221;1\/2&#8243;][vc_column_text]<\/p>\n<ul>\n<li>Garantimos um tratamento r\u00e1pido e sem compromisso.<\/li>\n<li>A an\u00e1lise do seu caso \u00e9 gratuita.<\/li>\n<li>Reembolso flex\u00edvel em at\u00e9 84 meses.<\/li>\n<li>Cr\u00e9ditos indo de CHF 3&#8217;000 at\u00e9 CHF 400&#8217;000.<\/li>\n<\/ul>\n<p>[\/vc_column_text][vc_column_text]Fazer o seu pedido leva menos de 2 minutos gra\u00e7as ao nosso formul\u00e1rio online.<\/p>\n<p>O tratamento \u00e9 gr\u00e1tis e confidencial, al\u00e9m de ser super r\u00e1pido e seguro. Est\u00e1 esperando o que?<\/p>\n<p><a href=\"https:\/\/multicredit.ch\/pt-pt\/formulario-de-reaquisicao-de-emprestimo\/\"><strong> Confie o seu caso a um especialista e economize!<\/strong><\/a>[\/vc_column_text][\/vc_column_inner][vc_column_inner width=&#8221;1\/2&#8243;][vc_column_text]<\/p>\n<ul>\n<li><strong>Seguran\u00e7a e confidencialidade<\/strong><\/li>\n<li><strong>Proximidade e responsabilidade<\/strong><\/li>\n<li><strong>Pick-up garantido em menos de 24 horas<\/strong><\/li>\n<li><strong>Taxa de cr\u00e9dito inferior \u00e0 da concorr\u00eancia<\/strong><\/li>\n<\/ul>\n<p>[\/vc_column_text][\/vc_column_inner][\/vc_row_inner][\/vc_column][\/vc_row]<\/section>\n","protected":false},"excerpt":{"rendered":"<p>Escolha o simples quando tudo estiver complicado<\/p>\n","protected":false},"author":4,"featured_media":11614,"parent":13361,"menu_order":0,"comment_status":"closed","ping_status":"closed","template":"template-rachat.php","meta":{"inline_featured_image":false,"footnotes":"","_links_to":"","_links_to_target":""},"categories":[35,338],"class_list":["post-13145","page","type-page","status-publish","has-post-thumbnail","hentry","category-rachat-de-credit","category-recompra-de-credito"],"_links":{"self":[{"href":"https:\/\/multicredit.ch\/pt-pt\/wp-json\/wp\/v2\/pages\/13145","targetHints":{"allow":["GET"]}}],"collection":[{"href":"https:\/\/multicredit.ch\/pt-pt\/wp-json\/wp\/v2\/pages"}],"about":[{"href":"https:\/\/multicredit.ch\/pt-pt\/wp-json\/wp\/v2\/types\/page"}],"author":[{"embeddable":true,"href":"https:\/\/multicredit.ch\/pt-pt\/wp-json\/wp\/v2\/users\/4"}],"replies":[{"embeddable":true,"href":"https:\/\/multicredit.ch\/pt-pt\/wp-json\/wp\/v2\/comments?post=13145"}],"version-history":[{"count":5,"href":"https:\/\/multicredit.ch\/pt-pt\/wp-json\/wp\/v2\/pages\/13145\/revisions"}],"predecessor-version":[{"id":15597,"href":"https:\/\/multicredit.ch\/pt-pt\/wp-json\/wp\/v2\/pages\/13145\/revisions\/15597"}],"up":[{"embeddable":true,"href":"https:\/\/multicredit.ch\/pt-pt\/wp-json\/wp\/v2\/pages\/13361"}],"wp:featuredmedia":[{"embeddable":true,"href":"https:\/\/multicredit.ch\/pt-pt\/wp-json\/wp\/v2\/media\/11614"}],"wp:attachment":[{"href":"https:\/\/multicredit.ch\/pt-pt\/wp-json\/wp\/v2\/media?parent=13145"}],"wp:term":[{"taxonomy":"category","embeddable":true,"href":"https:\/\/multicredit.ch\/pt-pt\/wp-json\/wp\/v2\/categories?post=13145"}],"curies":[{"name":"wp","href":"https:\/\/api.w.org\/{rel}","templated":true}]}}