{"id":13143,"date":"2020-03-10T09:56:39","date_gmt":"2020-03-10T09:56:39","guid":{"rendered":"https:\/\/www.multicredit.ch\/saldo-do-cartao-de-credito\/"},"modified":"2021-05-26T12:37:26","modified_gmt":"2021-05-26T12:37:26","slug":"saldo-do-cartao-de-credito","status":"publish","type":"page","link":"https:\/\/multicredit.ch\/pt-pt\/credito\/recompra-de-creditos\/saldo-do-cartao-de-credito\/","title":{"rendered":"Saldo do cart\u00e3o de cr\u00e9dito"},"content":{"rendered":"<section class=\"wpb-content-wrapper\">[vc_row el_class=&#8221;white-bck bigpadding&#8221; css=&#8221;.vc_custom_1594909812588{padding-top: 0px !important;}&#8221;][vc_column data_aos=&#8221;fade-in&#8221;]<\/p>\n<div class=\"blocktitle title-center title-dark\" clearfix\"><H2><span class=\"ez-toc-section\" id=\"Para_recuperar_o_controlo_do_saldo_do_seu_cartao_de_credito\"><\/span>Para recuperar o controlo do saldo do seu cart\u00e3o de cr\u00e9dito<\/H2><\/p>\n<h4>Voc\u00ea atingiu ou ultrapassou o limite do seu cart\u00e3o de cr\u00e9dito?<\/h4>\n<\/div>\n<p>[vc_column_text el_class=&#8221;maxwidth&#8221;]<\/p>\n<p style=\"text-align: center;\">Se isto aconteceu com voc\u00ea, pode ser que precise de uma solu\u00e7\u00e3o financeira. N\u00f3s podemos propor-lhe a recompra do saldo do seu cart\u00e3o de cr\u00e9dito, assim como de outras d\u00edvidas que voc\u00ea tiver.<\/p>\n<p style=\"text-align: center;\">Dessa forma, voc\u00ea agrupa v\u00e1rias d\u00edvidas em uma s\u00f3, podendo obter melhores condi\u00e7\u00f5es de reembolso, com uma melhor taxa de juros e um prazo mais longo. De acordo com a nossa experi\u00eancia, este tipo de solu\u00e7\u00e3o pode gerar economias de at\u00e9 40% nas suas mensalidades!<\/p>\n<p style=\"text-align: center;\"><strong>Portanto, se deseja melhorar o seu or\u00e7amento e at\u00e9 mesmo obter um maior teto de gastos para o seu cart\u00e3o de cr\u00e9dito, entre em contato conosco da MultiCredit!<\/strong><\/p>\n<p>[\/vc_column_text][\/vc_column][\/vc_row][vc_row full_width=&#8221;stretch_row&#8221; content_placement=&#8221;middle&#8221; el_class=&#8221;lightgrey-bck diagonal-bottom-bck bigpadding&#8221;][vc_column width=&#8221;1\/2&#8243; data_aos=&#8221;fade-in&#8221; data_aos_delay=&#8221;250&#8243; el_class=&#8221;checklist&#8221;]<\/p>\n<div class=\"blocktitle title-left title-dark\" clearfix\"><H2><span class=\"ez-toc-section\" id=\"Um_produto_financeiro_para_que_situacao\"><\/span>Um produto financeiro para que situa\u00e7\u00e3o?<\/H2><\/p>\n<h4>Saiba quais solu\u00e7\u00f5es a sua situa\u00e7\u00e3o atual permite acatar.<\/h4>\n<\/div>\n<p>[vc_column_text]Os especialistas da MultiCredit estudar\u00e3o o seu caso de forma personalizada para saber o melhor modo de agrupar os seus empr\u00e9stimos privados, saldo de cart\u00e3o de cr\u00e9dito Visa, Mastercard, American Express e Diners Club, al\u00e9m do leasing, em um s\u00f3 cr\u00e9dito de at\u00e9 CHF 400&#8217;000.<\/p>\n<p>De fato, ter v\u00e1rias d\u00edvidas diferentes pode provocar confus\u00e3o, estresse e at\u00e9 o risco de sobre-endividamento. O agrupamento de d\u00edvidas \u00e9 justamente a solu\u00e7\u00e3o que veio para simplificar essa situa\u00e7\u00e3o.<\/p>\n<p><strong>Portanto deixe o seu caso em nossas m\u00e3os e tomaremos conta de tudo para voc\u00ea, comunicando o necess\u00e1rio de forma clara e simples.\u00a0<\/strong>[\/vc_column_text][\/vc_column][vc_column width=&#8221;1\/2&#8243; data_aos=&#8221;fade-left&#8221;][vc_single_image image=&#8221;11511&#8243; img_size=&#8221;full&#8221; alignment=&#8221;center&#8221; css_animation=&#8221;none&#8221;][\/vc_column][\/vc_row][vc_row content_placement=&#8221;middle&#8221; el_class=&#8221;white-bck bigpadding checklist&#8221;][vc_column width=&#8221;1\/2&#8243; data_aos=&#8221;fade-right&#8221;][vc_single_image image=&#8221;11556&#8243; img_size=&#8221;full&#8221; alignment=&#8221;center&#8221; css_animation=&#8221;none&#8221;][\/vc_column][vc_column width=&#8221;1\/2&#8243; data_aos=&#8221;fade-in&#8221; data_aos_delay=&#8221;250&#8243;]<\/p>\n<div class=\"blocktitle title-left title-dark\" clearfix\"><H2><span class=\"ez-toc-section\" id=\"MasterCard_Visa_American_Express_Diners_Club\"><\/span>MasterCard, Visa, American Express, Diners Club<\/H2><\/p>\n<h4>Veja todas as vantagens que voc\u00ea pode obter desde j\u00e1.<\/h4>\n<\/div>\n<p>[vc_column_text]A recompra do saldo do cart\u00e3o de cr\u00e9dito \u00e9 tratada de forma id\u00eantica a um pedido de empr\u00e9stimo pessoal. Podemos propor-lhe essa solu\u00e7\u00e3o caso voc\u00ea possua contratos das seguintes formas:<\/p>\n<ul>\n<li>Cr\u00e9ditos pessoais: independentemente do banco que lhe outorgou o empr\u00e9stimo, n\u00f3s nos encarregamos das formalidades para recomprar a sua d\u00edvida.<\/li>\n<li>Nossa oferta tamb\u00e9m vale para leasings em andamento.<\/li>\n<li>Cart\u00f5es de cr\u00e9dito: recompramos o saldo do seu cart\u00e3o de cr\u00e9dito independentemente da bandeira.<\/li>\n<li>Para Su\u00ed\u00e7os ou portadores do<a href=\"https:\/\/www.sem.admin.ch\/sem\/it\/home\/themen\/aufenthalt\/eu_efta.html\" target=\"_blank\" rel=\"noopener\"> permis C<\/a>, dedu\u00e7\u00f5es fiscais poss\u00edveis.<\/li>\n<li>Para pessoas trabalhando na Su\u00ed\u00e7a com ficha limpa e prova de solvabilidade e idoneidade.<\/li>\n<\/ul>\n<p>[\/vc_column_text][vc_column_text]<strong>Esta solu\u00e7\u00e3o lhe permite prolongar o prazo de reembolso das suas d\u00edvidas, al\u00e9m de conseguir-lhe melhores taxas de juros.<\/strong>[\/vc_column_text][\/vc_column][\/vc_row][vc_row full_width=&#8221;stretch_row&#8221; content_placement=&#8221;middle&#8221; el_class=&#8221;lightgrey-bck bigpadding comp-neg-margin-bottom checklist&#8221;][vc_column]<\/p>\n<div class=\"blocktitle title-left title-dark\" clearfix\"><H2><span class=\"ez-toc-section\" id=\"Interessado_pela_recompra_do_saldo_dos_seus_cartoes_de_credito\"><\/span>Interessado pela recompra do saldo dos seus cart\u00f5es de cr\u00e9dito?<\/H2><\/p>\n<h4>Nossas solu\u00e7\u00f5es, suas vantagens<\/h4>\n<\/div>\n<p>[vc_row_inner][vc_column_inner width=&#8221;1\/2&#8243;][vc_column_text]Entre em contato conosco atrav\u00e9s do nosso formul\u00e1rio online, o tratamento \u00e9 gr\u00e1tis, seguro e confidencial.<\/p>\n<p>Indique no espa\u00e7o \u201cquantia\u201d a soma das d\u00edvidas que voc\u00ea deseja agrupar neste produto financeiro.<\/p>\n<p><a href=\"https:\/\/multicredit.ch\/pt-pt\/pedido-de-credito\/\"><strong>A nossa equipe entrar\u00e1 em contato rapidamente com uma proposta individualizada, gr\u00e1tis e sem compromisso.<\/strong><\/a>[\/vc_column_text][\/vc_column_inner][vc_column_inner width=&#8221;1\/2&#8243;][vc_column_text]<\/p>\n<ul>\n<li><strong>Seguran\u00e7a e confidencialidade<\/strong><\/li>\n<li><strong>Proximidade e responsabilidade<\/strong><\/li>\n<li><strong>Pick-up garantido em menos de 24 horas<\/strong><\/li>\n<li><strong>Taxa de cr\u00e9dito inferior \u00e0 da concorr\u00eancia<\/strong><\/li>\n<\/ul>\n<p>[\/vc_column_text][\/vc_column_inner][\/vc_row_inner][\/vc_column][\/vc_row]<\/section>\n","protected":false},"excerpt":{"rendered":"<p>Um quotidiano mais leve com um teto mais alto<\/p>\n","protected":false},"author":4,"featured_media":11620,"parent":13361,"menu_order":0,"comment_status":"closed","ping_status":"closed","template":"template-rachat.php","meta":{"inline_featured_image":false,"footnotes":"","_links_to":"","_links_to_target":""},"categories":[339,51],"class_list":["post-13143","page","type-page","status-publish","has-post-thumbnail","hentry","category-cartao-de-credito","category-carte-de-credit"],"_links":{"self":[{"href":"https:\/\/multicredit.ch\/pt-pt\/wp-json\/wp\/v2\/pages\/13143","targetHints":{"allow":["GET"]}}],"collection":[{"href":"https:\/\/multicredit.ch\/pt-pt\/wp-json\/wp\/v2\/pages"}],"about":[{"href":"https:\/\/multicredit.ch\/pt-pt\/wp-json\/wp\/v2\/types\/page"}],"author":[{"embeddable":true,"href":"https:\/\/multicredit.ch\/pt-pt\/wp-json\/wp\/v2\/users\/4"}],"replies":[{"embeddable":true,"href":"https:\/\/multicredit.ch\/pt-pt\/wp-json\/wp\/v2\/comments?post=13143"}],"version-history":[{"count":7,"href":"https:\/\/multicredit.ch\/pt-pt\/wp-json\/wp\/v2\/pages\/13143\/revisions"}],"predecessor-version":[{"id":15653,"href":"https:\/\/multicredit.ch\/pt-pt\/wp-json\/wp\/v2\/pages\/13143\/revisions\/15653"}],"up":[{"embeddable":true,"href":"https:\/\/multicredit.ch\/pt-pt\/wp-json\/wp\/v2\/pages\/13361"}],"wp:featuredmedia":[{"embeddable":true,"href":"https:\/\/multicredit.ch\/pt-pt\/wp-json\/wp\/v2\/media\/11620"}],"wp:attachment":[{"href":"https:\/\/multicredit.ch\/pt-pt\/wp-json\/wp\/v2\/media?parent=13143"}],"wp:term":[{"taxonomy":"category","embeddable":true,"href":"https:\/\/multicredit.ch\/pt-pt\/wp-json\/wp\/v2\/categories?post=13143"}],"curies":[{"name":"wp","href":"https:\/\/api.w.org\/{rel}","templated":true}]}}