{"id":13141,"date":"2020-03-10T09:56:22","date_gmt":"2020-03-10T09:56:22","guid":{"rendered":"https:\/\/www.multicredit.ch\/recompra-de-leasing\/"},"modified":"2021-05-27T08:27:55","modified_gmt":"2021-05-27T08:27:55","slug":"recompra-de-leasing","status":"publish","type":"page","link":"https:\/\/multicredit.ch\/pt-pt\/credito\/recompra-de-creditos\/recompra-de-leasing\/","title":{"rendered":"Recompra de leasing"},"content":{"rendered":"<section class=\"wpb-content-wrapper\">[vc_row el_class=&#8221;white-bck bigpadding&#8221; css=&#8221;.vc_custom_1594909790748{padding-top: 0px !important;}&#8221;][vc_column data_aos=&#8221;fade-in&#8221;]<\/p>\n<div class=\"blocktitle title-center title-dark\" clearfix\"><H2><span class=\"ez-toc-section\" id=\"Recompra_de_Leasing_credito_VS_Leasing_uma_reflexao\"><\/span>Recompra de Leasing (cr\u00e9dito) VS Leasing, uma reflex\u00e3o<\/H2><\/p>\n<h4>Com a MultiCredit, analise as suas despesas e economize.<\/h4>\n<\/div>\n<p>[vc_column_text el_class=&#8221;maxwidth&#8221;]<\/p>\n<p style=\"text-align: center;\">Um cr\u00e9dito pode ser mais adaptado do que um<a href=\"https:\/\/www.tcs.ch\/fr\/tests-conseils\/conseils\/achat-vente-vehicule\/financement.php\" target=\"_blank\" rel=\"noopener\"> leasing<\/a> para financiar um bem de consumo.<\/p>\n<p style=\"text-align: center;\">Considere financiar o valor residual do seu ve\u00edculo atualmente sob leasing. Indo de CHF 3\u2019000 a CHF 400\u2019000, a recompra de leasing permite um reembolso a menor prazo, com um custo total menor e com taxas muitas vezes mais interessantes.<\/p>\n<p style=\"text-align: center;\"><strong>Livre-se das limita\u00e7\u00f5es para a venda, o seguro, o mantimento e a quilometragem do seu autom\u00f3vel.<\/strong><\/p>\n<p>[\/vc_column_text][\/vc_column][\/vc_row][vc_row full_width=&#8221;stretch_row&#8221; content_placement=&#8221;middle&#8221; el_class=&#8221;lightgrey-bck diagonal-bottom-bck bigpadding&#8221;][vc_column width=&#8221;1\/2&#8243; data_aos=&#8221;fade-in&#8221; data_aos_delay=&#8221;250&#8243; el_class=&#8221;checklist&#8221;]<\/p>\n<div class=\"blocktitle title-left title-dark\" clearfix\"><H2><span class=\"ez-toc-section\" id=\"Quais_vantagens_obtenho_com_a_recompra_de_leasing\"><\/span>Quais vantagens obtenho com a recompra de leasing?<\/H2><\/p>\n<h4>Alivie o seu or\u00e7amento, otimize sua capacidade de financiamento, torne-se propriet\u00e1rio.<\/h4>\n<\/div>\n<p>[vc_column_text]<\/p>\n<ul>\n<li>Compra total do bem (seja um carro ou outra coisa).<\/li>\n<li>Menor taxa de juros poss\u00edvel em fun\u00e7\u00e3o da sua situa\u00e7\u00e3o.<\/li>\n<li>Possibilidade de escolher voc\u00ea mesmo o prazo de reembolso do empr\u00e9stimo.<\/li>\n<li>Caso necess\u00e1rio, voc\u00ea poder\u00e1 tamb\u00e9m pedir um suplemento de cr\u00e9dito.<\/li>\n<li>Nossos seguros poder\u00e3o proteger o seu cr\u00e9dito em caso de \u00f3bito e opcionalmente em caso de doen\u00e7a, acidente, invalidez e incapacidade de trabalhar.<\/li>\n<\/ul>\n<p>[\/vc_column_text][vc_column_text]<strong>A recompra de leasing \u00e9 uma solu\u00e7\u00e3o mais r\u00e1pida, pr\u00e1tica e compensadora, pois o torna propriet\u00e1rio real do seu ve\u00edculo.<\/strong>[\/vc_column_text][\/vc_column][vc_column width=&#8221;1\/2&#8243; data_aos=&#8221;fade-left&#8221;][vc_single_image image=&#8221;11556&#8243; img_size=&#8221;full&#8221; alignment=&#8221;center&#8221; css_animation=&#8221;none&#8221;][\/vc_column][\/vc_row][vc_row content_placement=&#8221;middle&#8221; el_class=&#8221;white-bck bigpadding&#8221;][vc_column width=&#8221;1\/2&#8243; data_aos=&#8221;fade-right&#8221;][vc_single_image image=&#8221;11551&#8243; img_size=&#8221;full&#8221; alignment=&#8221;center&#8221; css_animation=&#8221;none&#8221;][\/vc_column][vc_column width=&#8221;1\/2&#8243; data_aos=&#8221;fade-in&#8221; data_aos_delay=&#8221;250&#8243; el_class=&#8221;checklist&#8221;]<\/p>\n<div class=\"blocktitle title-center title-dark\" clearfix\"><H2><span class=\"ez-toc-section\" id=\"Recompra_de_leasing_automovel\"><\/span>Recompra de leasing autom\u00f3vel<\/H2><\/p>\n<h4>Ofere\u00e7a a si mesmo mais op\u00e7\u00f5es para maior liberdade.<\/h4>\n<\/div>\n<p>[vc_column_text]Quando da recompra do seu leasing autom\u00f3vel, voc\u00ea poder\u00e1 enfim:<\/p>\n<ul>\n<li>Escolher livremente os seus seguros.<\/li>\n<li>Esquecer os limites de quilometragem.<\/li>\n<li>Revender o seu ve\u00edculo quando quiser e por quanto quiser.<\/li>\n<li>Financiar um novo ve\u00edculo.<\/li>\n<li>Dividir o seu reembolso de 12 a 84 parcelas mensais.<\/li>\n<\/ul>\n<p>[\/vc_column_text][vc_column_text]<strong>Oferta gratuita e sem compromisso para a recompra de leasing de qualquer ve\u00edculo (menos caminh\u00e3o).<\/strong>[\/vc_column_text][\/vc_column][\/vc_row][vc_row full_width=&#8221;stretch_row&#8221; content_placement=&#8221;middle&#8221; el_class=&#8221;lightgrey-bck bigpadding comp-neg-margin-bottom checklist&#8221;][vc_column]<\/p>\n<div class=\"blocktitle title-center title-dark\" clearfix\"><H2><span class=\"ez-toc-section\" id=\"Simples_rapido_e_sem_compromisso\"><\/span>Simples, r\u00e1pido e sem compromisso<\/H2><\/p>\n<h4>Cr\u00e9dito autom\u00f3vel, simples como preencher um pedido em 2 minutos!<\/h4>\n<\/div>\n<p>[vc_column_text]<\/p>\n<p style=\"text-align: center;\">A MultiCredit quer simplificar a sua vida. Nossa equipe se encarrega no seu lugar de todos os processos administrativos para recomprar o seu contrato de leasing.<\/p>\n<p style=\"text-align: center;\"><strong>N\u00e3o hesite em contactar-nos para saber mais e obter um conselho gratuito e confidencial!<\/strong><\/p>\n<p style=\"text-align: center;\"><a href=\"https:\/\/multicredit.ch\/pt-pt\/formulario-de-reaquisicao-de-emprestimo\/?montantcredit1&#038;montantcredit2&#038;montantcredit3&#038;montantcredit4&#038;dureerachat=12\">Preencher o nosso formul\u00e1rio online n\u00e3o leva nem 2 minutos.<\/a><\/p>\n<p>[\/vc_column_text][\/vc_column][\/vc_row]<\/section>\n","protected":false},"excerpt":{"rendered":"<p>Passe sua vida \u00e0 pr\u00f3xima marcha<\/p>\n","protected":false},"author":4,"featured_media":11606,"parent":13361,"menu_order":0,"comment_status":"closed","ping_status":"closed","template":"template-rachat.php","meta":{"inline_featured_image":false,"footnotes":"","_links_to":"","_links_to_target":""},"categories":[7,343,35,338],"class_list":["post-13141","page","type-page","status-publish","has-post-thumbnail","hentry","category-credit-auto","category-credito-automovel","category-rachat-de-credit","category-recompra-de-credito"],"_links":{"self":[{"href":"https:\/\/multicredit.ch\/pt-pt\/wp-json\/wp\/v2\/pages\/13141","targetHints":{"allow":["GET"]}}],"collection":[{"href":"https:\/\/multicredit.ch\/pt-pt\/wp-json\/wp\/v2\/pages"}],"about":[{"href":"https:\/\/multicredit.ch\/pt-pt\/wp-json\/wp\/v2\/types\/page"}],"author":[{"embeddable":true,"href":"https:\/\/multicredit.ch\/pt-pt\/wp-json\/wp\/v2\/users\/4"}],"replies":[{"embeddable":true,"href":"https:\/\/multicredit.ch\/pt-pt\/wp-json\/wp\/v2\/comments?post=13141"}],"version-history":[{"count":8,"href":"https:\/\/multicredit.ch\/pt-pt\/wp-json\/wp\/v2\/pages\/13141\/revisions"}],"predecessor-version":[{"id":15878,"href":"https:\/\/multicredit.ch\/pt-pt\/wp-json\/wp\/v2\/pages\/13141\/revisions\/15878"}],"up":[{"embeddable":true,"href":"https:\/\/multicredit.ch\/pt-pt\/wp-json\/wp\/v2\/pages\/13361"}],"wp:featuredmedia":[{"embeddable":true,"href":"https:\/\/multicredit.ch\/pt-pt\/wp-json\/wp\/v2\/media\/11606"}],"wp:attachment":[{"href":"https:\/\/multicredit.ch\/pt-pt\/wp-json\/wp\/v2\/media?parent=13141"}],"wp:term":[{"taxonomy":"category","embeddable":true,"href":"https:\/\/multicredit.ch\/pt-pt\/wp-json\/wp\/v2\/categories?post=13141"}],"curies":[{"name":"wp","href":"https:\/\/api.w.org\/{rel}","templated":true}]}}