{"id":13137,"date":"2020-03-10T14:39:48","date_gmt":"2020-03-10T14:39:48","guid":{"rendered":"https:\/\/www.multicredit.ch\/credit\/credito-habitacao\/"},"modified":"2021-05-26T12:12:38","modified_gmt":"2021-05-26T12:12:38","slug":"credito-habitacao","status":"publish","type":"page","link":"https:\/\/multicredit.ch\/pt-pt\/credito\/credito-habitacao\/","title":{"rendered":"Cr\u00e9dito habita\u00e7\u00e3o"},"content":{"rendered":"<section class=\"wpb-content-wrapper\">[vc_row el_class=&#8221;white-bck bigpadding&#8221;][vc_column data_aos=&#8221;fade-in&#8221;]<\/p>\n<div class=\"blocktitle title-center title-dark\" clearfix\"><H2><span class=\"ez-toc-section\" id=\"Financie_imoveis_decoracoes_e_mudancas\"><\/span>Financie im\u00f3veis, decora\u00e7\u00f5es e mudan\u00e7as<\/H2><\/p>\n<h4>Mais r\u00e1pido e simples que uma hipoteca, com as melhores taxas do mercado<\/h4>\n<\/div>\n<p>[vc_column_text el_class=&#8221;maxwidth&#8221;]<\/p>\n<p style=\"text-align: center;\">Seja para fazer mudan\u00e7a, obras de renova\u00e7\u00e3o ou decorar o seu im\u00f3vel, a Multicr\u00e9dit pode lhe ajudar a obter a melhor f\u00f3rmula de cr\u00e9dito habita\u00e7\u00e3o, em fun\u00e7\u00e3o da sua situa\u00e7\u00e3o.<\/p>\n<p style=\"text-align: center;\">Tome um empr\u00e9stimo razo\u00e1vel entre CHF 3&#8217;000 e CHF 400&#8217;000.<\/p>\n<p style=\"text-align: center;\"><strong>Compromissados com nossos clientes desde 1999, buscamos sempre as melhores taxas do mercado.<\/strong><\/p>\n<p>[\/vc_column_text][\/vc_column][\/vc_row][vc_row full_width=&#8221;stretch_row&#8221; content_placement=&#8221;middle&#8221; el_class=&#8221;lightgrey-bck diagonal-bottom-bck bigpadding&#8221;][vc_column width=&#8221;1\/2&#8243; data_aos=&#8221;fade-in&#8221; data_aos_delay=&#8221;250&#8243; el_class=&#8221;checklist&#8221;]<\/p>\n<div class=\"blocktitle title-left title-dark\" clearfix\"><H2><span class=\"ez-toc-section\" id=\"Solucao_flexivel_e_adaptavel\"><\/span>Solu\u00e7\u00e3o flex\u00edvel e adapt\u00e1vel<\/H2><\/p>\n<h4>Or\u00e7amento apertado e despesas sufocantes? Obtenha um cr\u00e9dito adaptado.<\/h4>\n<\/div>\n<p>[vc_column_text]A MultiCredit lhe fornece uma resposta personalizada para o financiamento dos seus projetos.<\/p>\n<ul>\n<li>Mensalidades adaptadas ao seu or\u00e7amento e um prazo de 12 a 84 meses<\/li>\n<li>Processos administrativos simplificados<\/li>\n<li>Tratamento r\u00e1pido do seu caso<\/li>\n<li>Reembolso modelado de acordo com as suas prefer\u00eancias<\/li>\n<li>Negociamos as melhores condi\u00e7\u00f5es de empr\u00e9stimo do mercado para voc\u00ea<\/li>\n<\/ul>\n<p>[\/vc_column_text][\/vc_column][vc_column width=&#8221;1\/2&#8243; data_aos=&#8221;fade-left&#8221;][vc_single_image image=&#8221;11511&#8243; img_size=&#8221;full&#8221; alignment=&#8221;center&#8221; css_animation=&#8221;none&#8221;][\/vc_column][\/vc_row][vc_row el_class=&#8221;white-bck bigpadding&#8221;][vc_column data_aos=&#8221;fade-in&#8221;]<\/p>\n<div class=\"blocktitle title-center title-dark\" clearfix\"><H2><span class=\"ez-toc-section\" id=\"Simplifique_a_sua_vida\"><\/span>Simplifique a sua vida<\/H2><\/p>\n<h4>Confie-nos o seu caso que n\u00f3s faremos tudo para voc\u00ea.<\/h4>\n<\/div>\n<p>[vc_column_text el_class=&#8221;maxwidth&#8221;]<\/p>\n<p style=\"text-align: center;\">Para cada caso tratado, n\u00f3s simplificamos e aceleramos os processos administrativos, al\u00e9m de darmos conselhos especializados. Escolha o conforto e a efic\u00e1cia, escolha a Multicr\u00e9dit.<\/p>\n<p style=\"text-align: center;\">N\u00f3s adaptamos as nossas ofertas a sua situa\u00e7\u00e3o espec\u00edfica para atender aos seus interesses. N\u00e3o hesite mais pois a consulta \u00e9 gratuita!<\/p>\n<p>[\/vc_column_text][\/vc_column][\/vc_row][vc_row full_width=&#8221;stretch_row&#8221; content_placement=&#8221;middle&#8221; el_class=&#8221;lightgrey-bck bigpadding comp-neg-margin-bottom checklist&#8221;][vc_column width=&#8221;1\/2&#8243; data_aos=&#8221;fade-right&#8221;][vc_single_image image=&#8221;11516&#8243; img_size=&#8221;full&#8221; alignment=&#8221;center&#8221; css_animation=&#8221;none&#8221;][\/vc_column][vc_column width=&#8221;1\/2&#8243; data_aos=&#8221;fade-in&#8221; data_aos_delay=&#8221;250&#8243;]<\/p>\n<div class=\"blocktitle title-left title-dark\" clearfix\"><H2><span class=\"ez-toc-section\" id=\"Muito_mais_do_que_um_financiamento\"><\/span>Muito mais do que um financiamento<\/H2><\/p>\n<h4>Tomar um cr\u00e9dito conosco \u00e9 realizar tamb\u00e9m economias.<\/h4>\n<\/div>\n<p>[vc_column_text]O cr\u00e9dito habita\u00e7\u00e3o lhe oferece v\u00e1rias vantagens:<\/p>\n<ul>\n<li>Ao contr\u00e1rio da hipoteca, o reembolso antecipado \u00e9 poss\u00edvel e pode ser total ou parcial, a qualquer momento.<\/li>\n<li>Uma solu\u00e7\u00e3o r\u00e1pida e razo\u00e1vel a sua necessidade de liquidez.<\/li>\n<li>Mensalidades leves que n\u00e3o pesam no seu or\u00e7amento.<\/li>\n<li>Possibilidade de obter seguros para o seu cr\u00e9dito em caso de \u00f3bito, doen\u00e7a, acidente, incapacidade de trabalhar.<\/li>\n<\/ul>\n<p>[\/vc_column_text][vc_column_text]Para obter mais informa\u00e7\u00f5es, entre em contato conosco atrav\u00e9s do nosso formul\u00e1rio online.<\/p>\n<p><strong>Ele \u00e9 gratuito e seguro, al\u00e9m de levar apenas 2 minutos para ser completado. Nossa proposta \u00e9 gratuita e sem compromisso.<\/strong>[\/vc_column_text][\/vc_column][\/vc_row]<\/section>\n","protected":false},"excerpt":{"rendered":"<p>A melhor taxa para uma mudan\u00e7a de verdade<\/p>\n","protected":false},"author":4,"featured_media":11567,"parent":13395,"menu_order":0,"comment_status":"closed","ping_status":"closed","template":"template-credit.php","meta":{"inline_featured_image":false,"footnotes":"","_links_to":"","_links_to_target":""},"categories":[8,698],"class_list":["post-13137","page","type-page","status-publish","has-post-thumbnail","hentry","category-credit-immobilier","category-credito-imobiliario"],"_links":{"self":[{"href":"https:\/\/multicredit.ch\/pt-pt\/wp-json\/wp\/v2\/pages\/13137","targetHints":{"allow":["GET"]}}],"collection":[{"href":"https:\/\/multicredit.ch\/pt-pt\/wp-json\/wp\/v2\/pages"}],"about":[{"href":"https:\/\/multicredit.ch\/pt-pt\/wp-json\/wp\/v2\/types\/page"}],"author":[{"embeddable":true,"href":"https:\/\/multicredit.ch\/pt-pt\/wp-json\/wp\/v2\/users\/4"}],"replies":[{"embeddable":true,"href":"https:\/\/multicredit.ch\/pt-pt\/wp-json\/wp\/v2\/comments?post=13137"}],"version-history":[{"count":7,"href":"https:\/\/multicredit.ch\/pt-pt\/wp-json\/wp\/v2\/pages\/13137\/revisions"}],"predecessor-version":[{"id":15619,"href":"https:\/\/multicredit.ch\/pt-pt\/wp-json\/wp\/v2\/pages\/13137\/revisions\/15619"}],"up":[{"embeddable":true,"href":"https:\/\/multicredit.ch\/pt-pt\/wp-json\/wp\/v2\/pages\/13395"}],"wp:featuredmedia":[{"embeddable":true,"href":"https:\/\/multicredit.ch\/pt-pt\/wp-json\/wp\/v2\/media\/11567"}],"wp:attachment":[{"href":"https:\/\/multicredit.ch\/pt-pt\/wp-json\/wp\/v2\/media?parent=13137"}],"wp:term":[{"taxonomy":"category","embeddable":true,"href":"https:\/\/multicredit.ch\/pt-pt\/wp-json\/wp\/v2\/categories?post=13137"}],"curies":[{"name":"wp","href":"https:\/\/api.w.org\/{rel}","templated":true}]}}