{"id":13133,"date":"2020-03-10T09:55:50","date_gmt":"2020-03-10T09:55:50","guid":{"rendered":"https:\/\/www.multicredit.ch\/credit\/creditos-diversos\/"},"modified":"2021-05-26T08:53:27","modified_gmt":"2021-05-26T08:53:27","slug":"creditos-diversos","status":"publish","type":"page","link":"https:\/\/multicredit.ch\/pt-pt\/credito\/creditos-diversos\/","title":{"rendered":"Cr\u00e9ditos diversos"},"content":{"rendered":"<section class=\"wpb-content-wrapper\">[vc_row el_class=&#8221;white-bck bigpadding&#8221;][vc_column data_aos=&#8221;fade-in&#8221;]<\/p>\n<div class=\"blocktitle title-center title-dark\" clearfix\"><H2><span class=\"ez-toc-section\" id=\"Um_projecto_creditos_diversos\"><\/span>Um projecto, cr\u00e9ditos diversos<\/H2><\/p>\n<h4>Tem um projeto em mente? Descubra o que voc\u00ea pode fazer a respeito<\/h4>\n<\/div>\n<p>[vc_column_text el_class=&#8221;maxwidth&#8221;]<\/p>\n<p style=\"text-align: center;\">Qualquer que seja o seu projeto, voc\u00ea pode obter um empr\u00e9stimo ou cr\u00e9ditos diversos para financiar algo espec\u00edfico ou simplesmente para ter liquidez na sua conta e dispor dela como desejar, confidencialmente.<\/p>\n<p style=\"text-align: center;\">Na MultiCredit, n\u00f3s obtemos para voc\u00ea as melhores taxas de juros para empr\u00e9stimos de CHF 3&#8217;000 a CHF 400&#8217;000.<\/p>\n<p style=\"text-align: center;\"><strong>Nossos especialistas se encarregam de tudo para simplificar-lhe a vida administrativa e tratam o seu caso gratuitamente.<\/strong><\/p>\n<p>[\/vc_column_text][\/vc_column][\/vc_row][vc_row full_width=&#8221;stretch_row&#8221; content_placement=&#8221;middle&#8221; el_class=&#8221;lightgrey-bck diagonal-bottom-bck bigpadding&#8221;][vc_column width=&#8221;1\/2&#8243; data_aos=&#8221;fade-in&#8221; data_aos_delay=&#8221;250&#8243; el_class=&#8221;checklist&#8221;]<\/p>\n<div class=\"blocktitle title-left title-dark\" clearfix\"><H2><span class=\"ez-toc-section\" id=\"Tomar_um_emprestimo_na_Suica_sem_justificativas\"><\/span>Tomar um empr\u00e9stimo na Su\u00ed\u00e7a sem justificativas<\/H2><\/p>\n<h4>A MultiCredit lhe ajuda a obter um cr\u00e9dito respons\u00e1vel e com discri\u00e7\u00e3o.<\/h4>\n<\/div>\n<p>[vc_column_text]<\/p>\n<ul>\n<li>O reembolso do empr\u00e9stimo se efetua num prazo de 12 a 84 meses.<\/li>\n<li>Obtenha mensalidades fixas com as melhores taxas de juros do mercado.<\/li>\n<li>Receba um dossi\u00ea claro e compreens\u00edvel para um gest\u00e3o or\u00e7ament\u00e1ria facilitada.<\/li>\n<li>Adapte as modalidades do seu empr\u00e9stimo e economize.<\/li>\n<li>Beneficie de um servi\u00e7o online moderno e protegido.<\/li>\n<\/ul>\n<p>M<strong>antenha a confidencialidade do seu projeto. N\u00e3o precisamos de nenhuma justifica\u00e7\u00e3o de gasto.<\/strong>[\/vc_column_text][\/vc_column][vc_column width=&#8221;1\/2&#8243; data_aos=&#8221;fade-left&#8221;][vc_single_image image=&#8221;11526&#8243; img_size=&#8221;full&#8221; alignment=&#8221;center&#8221; css_animation=&#8221;none&#8221;][\/vc_column][\/vc_row][vc_row content_placement=&#8221;middle&#8221; el_class=&#8221;white-bck bigpadding checklist&#8221;][vc_column width=&#8221;1\/2&#8243; data_aos=&#8221;fade-right&#8221;][vc_single_image image=&#8221;11501&#8243; img_size=&#8221;full&#8221; alignment=&#8221;center&#8221; css_animation=&#8221;none&#8221;][\/vc_column][vc_column width=&#8221;1\/2&#8243; data_aos=&#8221;fade-in&#8221; data_aos_delay=&#8221;250&#8243;]<\/p>\n<div class=\"blocktitle title-left title-dark\" clearfix\"><H2><span class=\"ez-toc-section\" id=\"Creditos_diversos_uma_solucao_flexivel\"><\/span>Cr\u00e9ditos diversos: uma solu\u00e7\u00e3o flex\u00edvel<\/H2><\/p>\n<h4>An\u00e1lise e oferta sob medida<\/h4>\n<\/div>\n<p>[vc_column_text]<\/p>\n<ul>\n<li>Escolha livremente a quantia necess\u00e1ria para o seu projeto.<\/li>\n<li>Prazo de reembolso adapt\u00e1vel.<\/li>\n<li>Reembolso antecipado poss\u00edvel, com redu\u00e7\u00e3o de juros.<\/li>\n<li>Para <a href=\"https:\/\/www.seco.admin.ch\/seco\/fr\/home\/Arbeit\/Personenfreizugigkeit_Arbeitsbeziehungen\/schwarzarbeit\/Arbeit_korrekt_melden\/Selbstaendige.html\" target=\"_blank\" rel=\"noopener\">empregados fixos ou tempor\u00e1rios.<\/a><\/li>\n<li>Solu\u00e7\u00f5es complementares para aliviar os seus reembolsos e mensalidades.<\/li>\n<\/ul>\n<p>[\/vc_column_text][\/vc_column][\/vc_row][vc_row full_width=&#8221;stretch_row&#8221; content_placement=&#8221;middle&#8221; el_class=&#8221;lightgrey-bck bigpadding checklist comp-neg-margin-bottom&#8221;][vc_column data_aos=&#8221;fade-in&#8221;]<\/p>\n<div class=\"blocktitle title-center title-dark\" clearfix\"><H2><span class=\"ez-toc-section\" id=\"Nossas_solucoes_seus_beneficios\"><\/span>Nossas solu\u00e7\u00f5es, seus benef\u00edcios<\/H2><\/p>\n<h4>Fazemos de tudo para que voc\u00ea obtenha mais vantagens<\/h4>\n<\/div>\n<p>[vc_row_inner css=&#8221;.vc_custom_1586932436543{padding-top: 48px !important;padding-bottom: 48px !important;}&#8221;][vc_column_inner width=&#8221;1\/2&#8243;][vc_column_text]<\/p>\n<ul>\n<li>Estudo gratuito e confidencial.<\/li>\n<li>Envio r\u00e1pido e gratuito da nossa oferta sem compromisso.<\/li>\n<li>Em caso de aceita\u00e7\u00e3o do pedido, voc\u00ea recebe o seu dinheiro em 14 dias a partir da assinatura do contrato.<\/li>\n<li>Contacte-nos para obter as melhores ofertas do mercado.<\/li>\n<\/ul>\n<p>[\/vc_column_text][\/vc_column_inner][vc_column_inner width=&#8221;1\/2&#8243;][vc_column_text]<\/p>\n<ul>\n<li><strong>Seguran\u00e7a e confidencialidade<\/strong><\/li>\n<li><strong>Proximidade e responsabilidade<\/strong><\/li>\n<li><strong>Pick-up garantido em menos de 24 horas<\/strong><\/li>\n<li><strong>Taxa de cr\u00e9dito inferior \u00e0 da concorr\u00eancia<\/strong><\/li>\n<\/ul>\n<p>[\/vc_column_text][\/vc_column_inner][\/vc_row_inner][vc_column_text el_class=&#8221;maxwidth&#8221;]<\/p>\n<p style=\"text-align: center;\">Qualquer que seja o seu projeto, fa\u00e7a um pedido atrav\u00e9s do nosso formul\u00e1rio online, \u00e9 seguro, r\u00e1pido e gratuito.<\/p>\n<p style=\"text-align: center;\"><a href=\"https:\/\/multicredit.ch\/pt-pt\/pedido-de-credito\/\"><strong>A MultiCredit lhe aconselhar\u00e1 da melhor forma poss\u00edvel, de modo totalmente personalizado.<\/strong><\/a><\/p>\n<p>[\/vc_column_text][\/vc_column][\/vc_row]<\/section>\n","protected":false},"excerpt":{"rendered":"<p>Seu problema \u00e9 especial? Nossas solu\u00e7\u00f5es s\u00e3o mais<\/p>\n","protected":false},"author":4,"featured_media":11573,"parent":13395,"menu_order":0,"comment_status":"closed","ping_status":"closed","template":"template-credit.php","meta":{"inline_featured_image":false,"footnotes":"","_links_to":"","_links_to_target":""},"categories":[33],"class_list":["post-13133","page","type-page","status-publish","has-post-thumbnail","hentry","category-credit"],"_links":{"self":[{"href":"https:\/\/multicredit.ch\/pt-pt\/wp-json\/wp\/v2\/pages\/13133","targetHints":{"allow":["GET"]}}],"collection":[{"href":"https:\/\/multicredit.ch\/pt-pt\/wp-json\/wp\/v2\/pages"}],"about":[{"href":"https:\/\/multicredit.ch\/pt-pt\/wp-json\/wp\/v2\/types\/page"}],"author":[{"embeddable":true,"href":"https:\/\/multicredit.ch\/pt-pt\/wp-json\/wp\/v2\/users\/4"}],"replies":[{"embeddable":true,"href":"https:\/\/multicredit.ch\/pt-pt\/wp-json\/wp\/v2\/comments?post=13133"}],"version-history":[{"count":12,"href":"https:\/\/multicredit.ch\/pt-pt\/wp-json\/wp\/v2\/pages\/13133\/revisions"}],"predecessor-version":[{"id":15419,"href":"https:\/\/multicredit.ch\/pt-pt\/wp-json\/wp\/v2\/pages\/13133\/revisions\/15419"}],"up":[{"embeddable":true,"href":"https:\/\/multicredit.ch\/pt-pt\/wp-json\/wp\/v2\/pages\/13395"}],"wp:featuredmedia":[{"embeddable":true,"href":"https:\/\/multicredit.ch\/pt-pt\/wp-json\/wp\/v2\/media\/11573"}],"wp:attachment":[{"href":"https:\/\/multicredit.ch\/pt-pt\/wp-json\/wp\/v2\/media?parent=13133"}],"wp:term":[{"taxonomy":"category","embeddable":true,"href":"https:\/\/multicredit.ch\/pt-pt\/wp-json\/wp\/v2\/categories?post=13133"}],"curies":[{"name":"wp","href":"https:\/\/api.w.org\/{rel}","templated":true}]}}