{"id":13131,"date":"2020-03-10T09:55:39","date_gmt":"2020-03-10T09:55:39","guid":{"rendered":"https:\/\/www.multicredit.ch\/credit\/emprestimo-medico\/"},"modified":"2021-05-26T09:42:05","modified_gmt":"2021-05-26T09:42:05","slug":"emprestimo-medico","status":"publish","type":"page","link":"https:\/\/multicredit.ch\/pt-pt\/credito\/emprestimo-medico\/","title":{"rendered":"Empr\u00e9stimo m\u00e9dico"},"content":{"rendered":"<section class=\"wpb-content-wrapper\">[vc_row el_class=&#8221;white-bck bigpadding&#8221;][vc_column]<\/p>\n<div class=\"blocktitle title-center title-dark\" clearfix\"><H2><span class=\"ez-toc-section\" id=\"Emprestimo_medico_financie_a_sua_cirurgia_ou_cuidados_medicos_com_um_credito\"><\/span>Empr\u00e9stimo m\u00e9dico : financie a sua cirurgia ou cuidados m\u00e9dicos com um cr\u00e9dito<\/H2><\/p>\n<h4>Empr\u00e9stimo m\u00e9dico, uma resposta discreta em casos urgentes ou n\u00e3o<\/h4>\n<\/div>\n<p>[vc_column_text]<\/p>\n<p style=\"text-align: center;\"><a href=\"https:\/\/www.proinfirmis.ch\/fr\/guide-juridique\/assistance\/le-financement-des-soins-par-lassurance-maladie-lassurance-accidents-et-lassurance-invalidite.html\" target=\"_blank\" rel=\"noopener\">Para muitos cuidados m\u00e9dicos n\u00e3o cobertos pelo seu seguro de sa\u00fade<\/a>, como o dentista, a cirurgia pl\u00e1stica, etc. o empr\u00e9stimo m\u00e9dico \u00e9 uma \u00f3tima op\u00e7\u00e3o.<\/p>\n<p style=\"text-align: center;\">Variando de CHF 3&#8217;000 a CHF 400&#8217;000, nossas ofertas de cr\u00e9dito v\u00eam acompanhadas de conselhos personalizados e solu\u00e7\u00f5es a circunst\u00e2ncias da sua vida particular, prezando sempre pela privacidade e confidencialidade.<\/p>\n<p>[\/vc_column_text][\/vc_column][\/vc_row][vc_row full_width=&#8221;stretch_row&#8221; content_placement=&#8221;middle&#8221; el_class=&#8221;lightgrey-bck diagonal-bottom-bck bigpadding&#8221;][vc_column width=&#8221;1\/2&#8243;]<\/p>\n<div class=\"blocktitle title-left title-dark\" clearfix\"><H2><span class=\"ez-toc-section\" id=\"Simplifique_a_sua_vida\"><\/span>Simplifique a sua vida<\/H2><\/p>\n<h4>Nosso objetivo \u00e9 facilitar a sua vida<\/h4>\n<\/div>\n<p>[vc_column_text]Estamos sempre atentos \u00e0 situa\u00e7\u00e3o dos nossos clientes e nos encarregamos totalmente de todo o processo administrativo implicado nessas solu\u00e7\u00f5es financeiras.<\/p>\n<p>Dessa forma, nossos clientes ficam sossegados e o procedimento \u00e9 acelerado, pois \u00e9 liderado por especialistas. Al\u00e9m disso, o nosso contato \u00e9 transparente e r\u00e1pido, o que tranquiliza o cliente.<\/p>\n<p>Entre em contato com a MultiCredit de forma gratuita e sem compromisso e obtenha um cr\u00e9dito m\u00e9dico em toda confidencialidade para financiar o seu cuidado m\u00e9dico.[\/vc_column_text][\/vc_column][vc_column width=&#8221;1\/2&#8243;][vc_single_image image=&#8221;11516&#8243; img_size=&#8221;full&#8221; alignment=&#8221;center&#8221; css_animation=&#8221;top-to-bottom&#8221;][\/vc_column][\/vc_row][vc_row el_class=&#8221;white-bck bigpadding&#8221;][vc_column el_class=&#8221;checklist&#8221;]<\/p>\n<div class=\"blocktitle title-center title-dark\" clearfix\"><H2><span class=\"ez-toc-section\" id=\"Emprestimo_medico_nossas_solucoes_seus_beneficios\"><\/span>Empr\u00e9stimo m\u00e9dico : nossas solu\u00e7\u00f5es, seus benef\u00edcios<\/H2><\/p>\n<h4>Um cr\u00e9dito sob medida para que voc\u00ea cuide de si mesmo<\/h4>\n<\/div>\n<p>[vc_column_text]Nossos especialistas estudam a sua situa\u00e7\u00e3o por inteiro e lhe prop\u00f5em as solu\u00e7\u00f5es mais adaptadas. As suas vantagens resumidas:<\/p>\n<ul>\n<li>Sem taxas de tratamento ou custos escondidos.<\/li>\n<li>Taxa de reembolso fixa durante toda a dura\u00e7\u00e3o do contrato.<\/li>\n<li>Confidencialidade e seguran\u00e7a do in\u00edcio ao fim.<\/li>\n<li>Adapta\u00e7\u00e3o das suas mensalidades ao seu or\u00e7amento.<\/li>\n<li>Escolha o prazo de reembolso de 12 a 84 meses.<\/li>\n<li>Obtenha as melhores taxas de juros gra\u00e7as \u00e0s nossas negocia\u00e7\u00f5es.<\/li>\n<\/ul>\n<p><strong>O cr\u00e9dito m\u00e9dico \u00e9 uma solu\u00e7\u00e3o discreta para os seus gastos com a sa\u00fade e est\u00e9tica do seu corpo.<\/strong>[\/vc_column_text][\/vc_column][\/vc_row][vc_row full_width=&#8221;stretch_row&#8221; content_placement=&#8221;middle&#8221; el_class=&#8221;lightgrey-bck bigpadding comp-neg-margin-bottom checklist&#8221;][vc_column]<\/p>\n<div class=\"blocktitle title-left title-dark\" clearfix\"><H2><span class=\"ez-toc-section\" id=\"Opcoes_vantajosas\"><\/span>Op\u00e7\u00f5es vantajosas<\/H2><\/p>\n<h4>Analisamos a sua situa\u00e7\u00e3o particular e fazemos mais com menos!<\/h4>\n<\/div>\n<p>[vc_row_inner][vc_column_inner width=&#8221;1\/2&#8243;][vc_column_text]O cr\u00e9dito m\u00e9dico \u00e9 uma solu\u00e7\u00e3o r\u00e1pida e confidencial, perfeita para quando uma situa\u00e7\u00e3o exige uma resposta personalizada e otimizada. Al\u00e9m disso, voc\u00ea n\u00e3o precisa justificar as suas despesas para obter um cr\u00e9dito m\u00e9dico, voc\u00ea pode us\u00e1-lo como bem entender em fun\u00e7\u00e3o das suas necessidades.<\/p>\n<p><a href=\"https:\/\/multicredit.ch\/pt-pt\/credito\/emprestimo-medico\/\">Entre em contato conosco atrav\u00e9s do nosso formul\u00e1rio online e obtenha ajuda financeira profissional<\/a>. N\u00f3s podemos tamb\u00e9m ajud\u00e1-lo comprando as suas d\u00edvidas provenientes de cr\u00e9ditos privados, cart\u00f5es de cr\u00e9dito, leasing, etc. Obtenha mais detalhes com os nossos especialistas.[\/vc_column_text][\/vc_column_inner][vc_column_inner width=&#8221;1\/2&#8243;][vc_column_text]<\/p>\n<ul>\n<li>Seguran\u00e7a e confidencialidade<\/li>\n<li>Proximidade e responsabilidade<\/li>\n<li>Pick-up garantido em menos de 24 horas<\/li>\n<li>Taxa de cr\u00e9dito inferior \u00e0 da concorr\u00eancia<\/li>\n<\/ul>\n<p>[\/vc_column_text][\/vc_column_inner][\/vc_row_inner][\/vc_column][\/vc_row]<\/section>\n","protected":false},"excerpt":{"rendered":"<p>O cr\u00e9dito que toma conta de voc\u00ea<\/p>\n","protected":false},"author":4,"featured_media":11594,"parent":13395,"menu_order":0,"comment_status":"closed","ping_status":"closed","template":"template-credit.php","meta":{"inline_featured_image":false,"footnotes":"","_links_to":"","_links_to_target":""},"categories":[665,699],"class_list":["post-13131","page","type-page","status-publish","has-post-thumbnail","hentry","category-credit-sante","category-credito-saude"],"_links":{"self":[{"href":"https:\/\/multicredit.ch\/pt-pt\/wp-json\/wp\/v2\/pages\/13131","targetHints":{"allow":["GET"]}}],"collection":[{"href":"https:\/\/multicredit.ch\/pt-pt\/wp-json\/wp\/v2\/pages"}],"about":[{"href":"https:\/\/multicredit.ch\/pt-pt\/wp-json\/wp\/v2\/types\/page"}],"author":[{"embeddable":true,"href":"https:\/\/multicredit.ch\/pt-pt\/wp-json\/wp\/v2\/users\/4"}],"replies":[{"embeddable":true,"href":"https:\/\/multicredit.ch\/pt-pt\/wp-json\/wp\/v2\/comments?post=13131"}],"version-history":[{"count":7,"href":"https:\/\/multicredit.ch\/pt-pt\/wp-json\/wp\/v2\/pages\/13131\/revisions"}],"predecessor-version":[{"id":15457,"href":"https:\/\/multicredit.ch\/pt-pt\/wp-json\/wp\/v2\/pages\/13131\/revisions\/15457"}],"up":[{"embeddable":true,"href":"https:\/\/multicredit.ch\/pt-pt\/wp-json\/wp\/v2\/pages\/13395"}],"wp:featuredmedia":[{"embeddable":true,"href":"https:\/\/multicredit.ch\/pt-pt\/wp-json\/wp\/v2\/media\/11594"}],"wp:attachment":[{"href":"https:\/\/multicredit.ch\/pt-pt\/wp-json\/wp\/v2\/media?parent=13131"}],"wp:term":[{"taxonomy":"category","embeddable":true,"href":"https:\/\/multicredit.ch\/pt-pt\/wp-json\/wp\/v2\/categories?post=13131"}],"curies":[{"name":"wp","href":"https:\/\/api.w.org\/{rel}","templated":true}]}}