{"id":13129,"date":"2020-03-10T09:55:15","date_gmt":"2020-03-10T09:55:15","guid":{"rendered":"https:\/\/www.multicredit.ch\/credit\/credito-para-estudos\/"},"modified":"2021-05-26T11:53:16","modified_gmt":"2021-05-26T11:53:16","slug":"credito-para-estudos","status":"publish","type":"page","link":"https:\/\/multicredit.ch\/pt-pt\/credito\/credito-para-estudos\/","title":{"rendered":"Cr\u00e9dito para estudos e forma\u00e7\u00f5es"},"content":{"rendered":"<section class=\"wpb-content-wrapper\">[vc_row el_class=&#8221;white-bck bigpadding&#8221;][vc_column]<\/p>\n<div class=\"blocktitle title-center title-dark\" clearfix\"><H2><span class=\"ez-toc-section\" id=\"Financiar_os_estudos_e_formacoes\"><\/span><span class=\"ez-toc-section\" id=\"Financiar_os_estudos_e_formacoes-2\"><\/span>Financiar os estudos e forma\u00e7\u00f5es<\/H2><\/p>\n<h4>Financiar os estudos e forma\u00e7\u00f5es p\u00f3s-gradua\u00e7\u00e3o, forma\u00e7\u00e3o cont\u00ednua ou escola privada com as melhores op\u00e7\u00f5es de cr\u00e9dito para estudos.<\/h4>\n<\/div>\n<p>[vc_column_text]<\/p>\n<p style=\"text-align: center;\">Apoie financeiramente os estudos dos seus pr\u00f3ximos, aprenda uma l\u00edngua, capacite-se para o seu trabalho ou coloque o seu filho em uma escola privada.<\/p>\n<p style=\"text-align: center;\">Na MultiCredit, obtenha as melhores taxas de juros praticadas no mercado de cr\u00e9dito.<\/p>\n<p style=\"text-align: center;\"><a href=\"https:\/\/www.ch.ch\/fr\/degre-tertiaire\/\" target=\"_blank\" rel=\"noopener\"><strong>O cr\u00e9dito para estudos, o investimento seguro para o futuro.<\/strong><\/a><\/p>\n<p>[\/vc_column_text][\/vc_column][\/vc_row][vc_row full_width=&#8221;stretch_row&#8221; content_placement=&#8221;middle&#8221; el_class=&#8221;lightgrey-bck diagonal-bottom-bck bigpadding&#8221;][vc_column width=&#8221;1\/2&#8243;]<\/p>\n<div class=\"blocktitle title-left title-dark\" clearfix\"><H2>Financiar os estudos e forma\u00e7\u00f5es<\/H2><\/p>\n<h4>Uma solu\u00e7\u00e3o r\u00e1pida e simples para a sua forma\u00e7\u00e3o<\/h4>\n<\/div>\n<p>[vc_column_text]Acreditamos que financiar os estudos para uma melhora na sua carreira deve ser algo simples e f\u00e1cil que realizar. Portanto, n\u00f3s da MultiCredit nos encarregamos de todo o processo administrativo implicado, o que agiliza bastante as coisas al\u00e9m de deixar o cliente tranquilo. Nosso servi\u00e7o se resume em:<\/p>\n<ul>\n<li>Seguran\u00e7a: todos os seus dados s\u00e3o tratados confidencialmente.<\/li>\n<li>Profissionalismo: nossa ag\u00eancia atua na \u00e1rea desde 1999.<\/li>\n<li>Vantagens: obtenha flexibilidade para o seu empr\u00e9stimo e taxas de juros baixas.<\/li>\n<li>Empr\u00e9stimo de CHF 3\u2019000 a CHF 400&#8217;000.<\/li>\n<li>Prote\u00e7\u00e3o contra acidentes, doen\u00e7as, div\u00f3rcio, desemprego e outros eventos inesperados.<\/li>\n<\/ul>\n<p>Pe\u00e7a hoje mesmo um conselho aos nossos especialistas e receba uma oferta gratuita e sem compromisso.[\/vc_column_text][\/vc_column][vc_column width=&#8221;1\/2&#8243;][vc_single_image image=&#8221;11531&#8243; img_size=&#8221;full&#8221; alignment=&#8221;center&#8221; css_animation=&#8221;top-to-bottom&#8221;][\/vc_column][\/vc_row][vc_row el_class=&#8221;white-bck bigpadding&#8221;][vc_column]<\/p>\n<div class=\"blocktitle title-center title-dark\" clearfix\"><H2><span class=\"ez-toc-section\" id=\"Uma_solucao_flexivel\"><\/span>Uma solu\u00e7\u00e3o flex\u00edvel<\/H2><\/p>\n<h4>Para melhor atender \u00e0s suas necessidades ao longo da forma\u00e7\u00e3o, o financiamento deve ser adapt\u00e1vel.<\/h4>\n<\/div>\n<p>[vc_column_text]<\/p>\n<p style=\"text-align: center;\">As suas vantagens: estudamos a sua situa\u00e7\u00e3o de gra\u00e7a para entender a sua capacidade financeira.<\/p>\n<p style=\"text-align: center;\">Assim, podemos oferecer-lhe o cr\u00e9dito para estudos ideal, respeitando o seu or\u00e7amento b\u00e1sico. O prazo de reembolso varia de 12 a 84 meses e pode ser antecipado.<\/p>\n<p>[\/vc_column_text][\/vc_column][\/vc_row][vc_row full_width=&#8221;stretch_row&#8221; content_placement=&#8221;middle&#8221; el_class=&#8221;lightgrey-bck bigpadding comp-neg-margin-bottom checklist&#8221;][vc_column]<\/p>\n<div class=\"blocktitle title-left title-dark\" clearfix\"><H2><span class=\"ez-toc-section\" id=\"Nossas_solucoes_suas_vantagens\"><\/span>Nossas solu\u00e7\u00f5es, suas vantagens<\/H2><\/p>\n<h4>Fa\u00e7a economias atrav\u00e9s do cr\u00e9dito<\/h4>\n<\/div>\n<p>[vc_row_inner][vc_column_inner width=&#8221;1\/2&#8243;][vc_column_text]Voc\u00ea sabia que \u00e9 poss\u00edvel obter dedu\u00e7\u00f5es fiscais em muitos casos gra\u00e7as a um cr\u00e9dito? Para maiores detalhes, consulte os nossos especialistas em agrupamento de cr\u00e9ditos e consolida\u00e7\u00e3o de d\u00edvidas.<\/p>\n<p>O conselho \u00e9 gratuito e sem compromisso!<\/p>\n<p><a href=\"https:\/\/multicredit.ch\/pt-pt\/pedido-de-credito\/\"><strong>Preencha o nosso formul\u00e1rio online e um colaborador ir\u00e1 entrar em contato brevemente.<\/strong><\/a>[\/vc_column_text][\/vc_column_inner][vc_column_inner width=&#8221;1\/2&#8243;][vc_column_text]<\/p>\n<ul>\n<li>Seguran\u00e7a e confidencialidade<\/li>\n<li>Proximidade e responsabilidade<\/li>\n<li>Pick-up garantido em menos de 24 horas<\/li>\n<li>Taxa de cr\u00e9dito inferior \u00e0 da concorr\u00eancia<\/li>\n<\/ul>\n<p>[\/vc_column_text][\/vc_column_inner][\/vc_row_inner][\/vc_column][\/vc_row]<\/section>\n","protected":false},"excerpt":{"rendered":"<p>Voc\u00ea \u00e9 o seu maior investimento<\/p>\n","protected":false},"author":4,"featured_media":11588,"parent":13395,"menu_order":0,"comment_status":"closed","ping_status":"closed","template":"template-credit.php","meta":{"inline_featured_image":false,"footnotes":"","_links_to":"","_links_to_target":""},"categories":[667,697],"class_list":["post-13129","page","type-page","status-publish","has-post-thumbnail","hentry","category-credit-formation","category-credito-de-formacao"],"_links":{"self":[{"href":"https:\/\/multicredit.ch\/pt-pt\/wp-json\/wp\/v2\/pages\/13129","targetHints":{"allow":["GET"]}}],"collection":[{"href":"https:\/\/multicredit.ch\/pt-pt\/wp-json\/wp\/v2\/pages"}],"about":[{"href":"https:\/\/multicredit.ch\/pt-pt\/wp-json\/wp\/v2\/types\/page"}],"author":[{"embeddable":true,"href":"https:\/\/multicredit.ch\/pt-pt\/wp-json\/wp\/v2\/users\/4"}],"replies":[{"embeddable":true,"href":"https:\/\/multicredit.ch\/pt-pt\/wp-json\/wp\/v2\/comments?post=13129"}],"version-history":[{"count":8,"href":"https:\/\/multicredit.ch\/pt-pt\/wp-json\/wp\/v2\/pages\/13129\/revisions"}],"predecessor-version":[{"id":15574,"href":"https:\/\/multicredit.ch\/pt-pt\/wp-json\/wp\/v2\/pages\/13129\/revisions\/15574"}],"up":[{"embeddable":true,"href":"https:\/\/multicredit.ch\/pt-pt\/wp-json\/wp\/v2\/pages\/13395"}],"wp:featuredmedia":[{"embeddable":true,"href":"https:\/\/multicredit.ch\/pt-pt\/wp-json\/wp\/v2\/media\/11588"}],"wp:attachment":[{"href":"https:\/\/multicredit.ch\/pt-pt\/wp-json\/wp\/v2\/media?parent=13129"}],"wp:term":[{"taxonomy":"category","embeddable":true,"href":"https:\/\/multicredit.ch\/pt-pt\/wp-json\/wp\/v2\/categories?post=13129"}],"curies":[{"name":"wp","href":"https:\/\/api.w.org\/{rel}","templated":true}]}}