{"id":30654,"date":"2024-11-18T19:21:33","date_gmt":"2024-11-18T19:21:33","guid":{"rendered":"https:\/\/multicredit.ch\/credito\/offre-credit\/droit-de-revocation\/"},"modified":"2026-03-11T08:24:16","modified_gmt":"2026-03-11T08:24:16","slug":"droit-de-revocation","status":"publish","type":"page","link":"https:\/\/multicredit.ch\/it\/credito\/offre-credit\/droit-de-revocation\/","title":{"rendered":"Diritto di revoca"},"content":{"rendered":"<section class=\"wpb-content-wrapper\">[vc_row full_width=&#8221;stretch_row&#8221; el_class=&#8221;white-bck bigpadding&#8221; css=&#8221;.vc_custom_1586929679182{padding-bottom: 24px !important;}&#8221;][vc_column data_aos=&#8221;fade-in&#8221;]<\/p>\n<div class=\"blocktitle title-center title-dark\" clearfix\"><H2><span class=\"ez-toc-section\" id=\"Diritto_di_revoca_in_una_richiesta_di_credito\"><\/span>Diritto di revoca in una richiesta di credito<\/H2><\/div>\n<p>[vc_column_text]Il diritto di recesso, sancito dall&#8217;articolo 16 della Legge federale sul credito al consumo (LCC), consente ai mutuatari di recedere da un contratto di credito privato senza dover fornire alcuna giustificazione o sostenere alcun costo. Questo diritto \u00e8 una misura essenziale per proteggere i consumatori dal prendere decisioni impulsive o pressanti che potrebbero portare a difficolt\u00e0 finanziarie. Dal 1\u00b0 gennaio 2016, il periodo di recesso \u00e8 stato esteso da 7 a 14 giorni. Questa estensione offre ai consumatori un tempo supplementare per riflettere con calma sul loro impegno finanziario.[\/vc_column_text][vc_column_text el_class=&#8221;pb-2 maxwidth&#8221;]<\/p>\n<h3><span class=\"ez-toc-section\" id=\"Menzione_obbligatoria_nel_contratto\"><\/span>Menzione obbligatoria nel contratto<span class=\"ez-toc-section-end\"><\/span><\/h3>\n<p>Per garantire la trasparenza e la tutela dei consumatori, il diritto di recesso deve essere indicato in modo chiaro ed esplicito nel contratto di prestito. In caso contrario, il mutuante potrebbe subire delle conseguenze, aumentando cos\u00ec la sicurezza del mutuatario.[\/vc_column_text][vc_column_text]<\/p>\n<h3><span class=\"ez-toc-section\" id=\"I_nostri_punti_di_forza_per_ottenere_le_migliori_offerte_possibili_per_i_nostri_clienti_in_tutta_la_Svizzera_sono_i_seguenti\"><\/span>I nostri punti di forza per ottenere le migliori offerte possibili per i nostri clienti in tutta la Svizzera sono i seguenti<span class=\"ez-toc-section-end\"><\/span><\/h3>\n<p>[\/vc_column_text][\/vc_column][\/vc_row][vc_row full_width=&#8221;stretch_row&#8221; el_class=&#8221;white-bck&#8221; css=&#8221;.vc_custom_1586930817763{padding-top: 24px !important;padding-bottom: 0px !important;}&#8221;][vc_column width=&#8221;1\/2&#8243; data_aos=&#8221;fade-up&#8221; el_class=&#8221;checklist&#8221;][vc_column_text]<\/p>\n<ul>\n<li>Ricevi una decisione preliminare in soli 5 minuti, durante il primo contatto telefonico<\/li>\n<li>La tua richiesta verr\u00e0 elaborata gratuitamente e riceverai un&#8217;offerta non vincolante.<\/li>\n<li>Garanzia di riservatezza (siamo vincolati al segreto bancario)<\/li>\n<li>Rimborso flessibile da 12 a 84 mesi<\/li>\n<li>Pagamenti mensili adeguati e interessi pi\u00f9 bassi<\/li>\n<li>Condizioni flessibili e adattabili (durata, tasso, importo)<\/li>\n<li>Estinguere il prestito in anticipo in qualsiasi momento<\/li>\n<\/ul>\n<p>[\/vc_column_text][\/vc_column][vc_column width=&#8221;1\/2&#8243; data_aos=&#8221;fade-up&#8221; data_aos_delay=&#8221;250&#8243; el_class=&#8221;checklist&#8221;][vc_column_text]<\/p>\n<ul>\n<li>Per i cittadini svizzeri e i titolari di permesso C sono possibili detrazioni fiscali per gli interessi sui debiti<\/li>\n<li>Pi\u00f9 facile e veloce dei mutui e dei leasing<\/li>\n<li>Occuparsi di tutte le formalit\u00e0 amministrative<\/li>\n<li>Procedure semplici, veloci e discrete<\/li>\n<li>Il tuo file compilato da uno specialista<\/li>\n<li>Consulenza personale a domicilio o presso il nostro ufficio<\/li>\n<\/ul>\n<p>[\/vc_column_text][\/vc_column][\/vc_row][vc_row full_width=&#8221;stretch_row&#8221; el_class=&#8221;white-bck bigpadding&#8221; css=&#8221;.vc_custom_1586929684389{padding-top: 24px !important;}&#8221;][vc_column data_aos=&#8221;fade-in&#8221;][vc_column_text el_class=&#8221;pt-2&#8243;]<\/p>\n<p style=\"text-align: center;\"><strong>Per i privati che vivono in Svizzera, i cittadini svizzeri o i <a href=\"https:\/\/www.sem.admin.ch\/sem\/fr\/home\/themen\/aufenthalt\/eu_efta.html\" target=\"_blank\" rel=\"noopener\">titolari di un permesso B o C o di una carta di legittimazione (D, E, G e H)<\/a>, \u00e8 possibile aumentare la propria liquidit\u00e0 e risparmiare. Approfitta di uno studio personalizzato del tuo progetto e di un&#8217;offerta di prestito su misura in tempi brevissimi. <\/strong><\/p>\n<h3><span class=\"ez-toc-section\" id=\"Estensione_del_periodo_di_revoca\"><\/span>Estensione del periodo di revoca<span class=\"ez-toc-section-end\"><\/span><\/h3>\n<p>Secondo alcune banche, il periodo di riflessione di 14 giorni pu\u00f2 essere esteso di altri 10 giorni. Questa estensione, offerta da alcuni istituti di credito, d\u00e0 ai mutuatari un massimo di 24 giorni per riconsiderare la loro decisione, sempre gratuitamente e senza alcuna giustificazione. Ci\u00f2 offre un&#8217;ulteriore flessibilit\u00e0 ai consumatori che desiderano riconsiderare il proprio impegno in tutta tranquillit\u00e0.  <\/p>\n<h3><span class=\"ez-toc-section\" id=\"Punto_di_partenza_del_diritto_di_revoca\"><\/span>Punto di partenza del diritto di revoca<span class=\"ez-toc-section-end\"><\/span><\/h3>\n<p>In teoria, il periodo di revoca inizia il giorno in cui il mutuatario riceve una copia firmata del contratto di prestito. Tuttavia, \u00e8 importante chiarire questo punto con l&#8217;istituto di credito, poich\u00e9 alcune organizzazioni considerano come punto di partenza la data riportata sul contratto e non il giorno di ricezione. Questo chiarimento pu\u00f2 fare la differenza nel calcolare il numero esatto di giorni rimanenti al mutuatario per esercitare il diritto di recesso.  <\/p>\n<h3><span class=\"ez-toc-section\" id=\"Come_inviare_la_revoca\"><\/span>Come inviare la revoca<span class=\"ez-toc-section-end\"><\/span><\/h3>\n<p>Per esercitare il tuo diritto di revoca, devi presentare la richiesta entro la scadenza. La richiesta pu\u00f2 essere consegnata direttamente all&#8217;istituto di credito o inviata per posta. \u00c8 fondamentale assicurarsi che la richiesta venga inviata entro e non oltre l&#8217;ultimo giorno della scadenza, per garantirne la validit\u00e0.[\/vc_column_text][\/vc_column][\/vc_row][vc_row full_width=&#8221;stretch_row&#8221; equal_height=&#8221;yes&#8221; el_class=&#8221;lightgrey-bck bigpadding flex-eq-height diagonal-top-bck one-fifth-link-bloc&#8221;][vc_column width=&#8221;1\/5&#8243; data_aos=&#8221;fade-down&#8221; data_aos_delay=&#8221;0&#8243;]<\/p>\n<div class=\"wpb_single_image wpb_content_element vc_align_center  wpb_animate_when_almost_visible wpb_top-to-bottom top-to-bottom wpb_start_animation animated\">\n<figure class=\"wpb_wrapper vc_figure\">\n<div class=\"vc_single_image-wrapper\"><img decoding=\"async\" src=\"https:\/\/multicredit.ch\/wp\/wp-content\/uploads\/c-hab.jpg\" alt=\"\" title=\"\"><\/div><figcaption>\n<h4>Credito per l&#039;alloggio<\/h4>\n<p>Finanziare sviluppi e abitazioni<\/p>\n<\/figcaption><\/figure>\n<\/div>\n<div class=\"vc_btn3-container text-center\"><a class=\"btn-circle-2\" href=\"https:\/\/www.multicredit.ch\/fr\/credit\/credit-habitation\/\" title=\"Credito domestico\"><span class=\"round\">&gt;<\/span><\/a><\/div>\n<p>[\/vc_column][vc_column width=&#8221;1\/5&#8243; data_aos=&#8221;fade-down&#8221; data_aos_delay=&#8221;50&#8243;]<\/p>\n<div class=\"wpb_single_image wpb_content_element vc_align_center  wpb_animate_when_almost_visible wpb_top-to-bottom top-to-bottom wpb_start_animation animated\">\n<figure class=\"wpb_wrapper vc_figure\">\n<div class=\"vc_single_image-wrapper\"><img decoding=\"async\" src=\"https:\/\/multicredit.ch\/wp\/wp-content\/uploads\/c-auto.jpg\" alt=\"\" title=\"\"><\/div><figcaption>\n<h4>Credito auto<\/h4>\n<p>Acquista il tuo veicolo a credito<\/p>\n<\/figcaption><\/figure>\n<\/div>\n<div class=\"vc_btn3-container text-center\"><a class=\"btn-circle-2\" href=\"https:\/\/www.multicredit.ch\/fr\/credit\/credit-auto\" title=\"Credito domestico\"><span class=\"round\">&gt;<\/span><\/a><\/div>\n<p>[\/vc_column][vc_column width=&#8221;1\/5&#8243; data_aos=&#8221;fade-down&#8221; data_aos_delay=&#8221;100&#8243;]<\/p>\n<div class=\"wpb_single_image wpb_content_element vc_align_center  wpb_animate_when_almost_visible wpb_top-to-bottom top-to-bottom wpb_start_animation animated\">\n<figure class=\"wpb_wrapper vc_figure\">\n<div class=\"vc_single_image-wrapper\"><img decoding=\"async\" src=\"https:\/\/multicredit.ch\/wp\/wp-content\/uploads\/c-form.jpg\" alt=\"\" title=\"\"><\/div><figcaption>\n<h4>Crediti formativi<\/h4>\n<p>Finanziare gli studi<\/p>\n<\/figcaption><\/figure>\n<\/div>\n<div class=\"vc_btn3-container text-center\"><a class=\"btn-circle-2\" href=\"https:\/\/www.multicredit.ch\/fr\/credit\/financement-d-etudes-et-de-formations\/\" title=\"Credito domestico\"><span class=\"round\">&gt;<\/span><\/a><\/div>\n<p>[\/vc_column][vc_column width=&#8221;1\/5&#8243; data_aos=&#8221;fade-down&#8221; data_aos_delay=&#8221;150&#8243;]<\/p>\n<div class=\"wpb_single_image wpb_content_element vc_align_center  wpb_animate_when_almost_visible wpb_top-to-bottom top-to-bottom wpb_start_animation animated\">\n<figure class=\"wpb_wrapper vc_figure\">\n<div class=\"vc_single_image-wrapper\"><img decoding=\"async\" src=\"https:\/\/multicredit.ch\/wp\/wp-content\/uploads\/c-med.jpg\" alt=\"\" title=\"\"><\/div><figcaption>\n<h4>Credito medico<\/h4>\n<p>Finanziare l&#039;intervento e le cure mediche<\/p>\n<\/figcaption><\/figure>\n<\/div>\n<div class=\"vc_btn3-container text-center\"><a class=\"btn-circle-2\" href=\"https:\/\/www.multicredit.ch\/fr\/credit\/pret-medical\/\" title=\"Credito domestico\"><span class=\"round\">&gt;<\/span><\/a><\/div>\n<p>[\/vc_column][vc_column width=&#8221;1\/5&#8243; data_aos=&#8221;fade-down&#8221; data_aos_delay=&#8221;200&#8243;]<\/p>\n<div class=\"wpb_single_image wpb_content_element vc_align_center  wpb_animate_when_almost_visible wpb_top-to-bottom top-to-bottom wpb_start_animation animated\">\n<figure class=\"wpb_wrapper vc_figure\">\n<div class=\"vc_single_image-wrapper\"><img decoding=\"async\" src=\"https:\/\/multicredit.ch\/wp\/wp-content\/uploads\/c-all.jpg\" alt=\"\" title=\"\"><\/div><figcaption>\n<h4>Crediti vari<\/h4>\n<p>Per tutti gli altri progetti<\/p>\n<\/figcaption><\/figure>\n<\/div>\n<div class=\"vc_btn3-container text-center\"><a class=\"btn-circle-2\" href=\"https:\/\/www.multicredit.ch\/fr\/credit\/credits-divers\/\" title=\"Credito domestico\"><span class=\"round\">&gt;<\/span><\/a><\/div>\n<p>[\/vc_column][\/vc_row][vc_row full_width=&#8221;stretch_row&#8221; el_class=&#8221;white-bck regularpadding steps&#8221;][vc_column data_aos=&#8221;fade-in&#8221;]<\/p>\n<div class=\"blocktitle title-center title-dark\" clearfix\"><H2><span class=\"ez-toc-section\" id=\"Il_tuo_credito_in_4_passi\"><\/span>Il tuo credito in 4 passi<\/H2><\/p>\n<h4>Facile e veloce<\/h4>\n<\/div>\n<p>[vc_row_inner equal_height=&#8221;yes&#8221;][vc_column_inner width=&#8221;1\/4&#8243;][vc_pie value=&#8221;25&#8243; label_value=&#8221;1&#8243; color=&#8221;custom&#8221; title=&#8221;Richiesta&#8221; custom_color=&#8221;#df003c&#8221;][vc_column_text]<\/p>\n<p style=\"text-align: center;\">Compila il modulo di richiesta di credito in base alle tue esigenze.<\/p>\n<h5 style=\"text-align: center;\">2 min<\/h5>\n<p>[\/vc_column_text][\/vc_column_inner][vc_column_inner width=&#8221;1\/4&#8243;][vc_pie label_value=&#8221;2&#8243; color=&#8221;custom&#8221; title=&#8221;Proposta&#8221; custom_color=&#8221;#df003c&#8221;][vc_column_text]<\/p>\n<p style=\"text-align: center;\">Analizziamo la tua richiesta e ti offriamo una soluzione su misura per il tuo profilo.<\/p>\n<h5 style=\"text-align: center;\">12 ore<\/h5>\n<p>[\/vc_column_text][\/vc_column_inner][vc_column_inner width=&#8221;1\/4&#8243;][vc_pie value=&#8221;75&#8243; label_value=&#8221;3&#8243; color=&#8221;custom&#8221; title=&#8221;Firma&#8221; custom_color=&#8221;#df003c&#8221;][vc_column_text]<\/p>\n<p style=\"text-align: center;\">Una volta redatto il contratto, non dovrai fare altro che firmarlo e inviarcelo.<\/p>\n<h5 style=\"text-align: center;\">Questa fase dipende dalla tua reattivit\u00e0.<\/h5>\n<p>[\/vc_column_text][\/vc_column_inner][vc_column_inner width=&#8221;1\/4&#8243;][vc_pie value=&#8221;100&#8243; label_value=&#8221;4&#8243; color=&#8221;custom&#8221; title=&#8221;Trasferimento&#8221; custom_color=&#8221;#df003c&#8221;][vc_column_text]<\/p>\n<p style=\"text-align: center;\">L&#8217;importo sar\u00e0 trasferito sul tuo conto.<\/p>\n<h5 style=\"text-align: center;\">14 giorni (termine legale)<\/h5>\n<p>[\/vc_column_text][\/vc_column_inner][\/vc_row_inner][\/vc_column][\/vc_row][vc_row full_width=&#8221;stretch_row&#8221; content_placement=&#8221;middle&#8221; el_class=&#8221;lightgrey-bck bigpadding checklist&#8221;][vc_column data_aos=&#8221;fade-in&#8221;]<\/p>\n<div class=\"blocktitle title-left title-dark\" clearfix\"><H3><span class=\"ez-toc-section\" id=\"Lascia_che_ti_aiutiamo_a_trovare_la_migliore_offerta_di_credito_possibile\"><\/span>Lascia che ti aiutiamo a trovare la migliore offerta di credito possibile<\/H3><\/p>\n<h4>Siamo sempre alla ricerca della migliore offerta possibile per i nostri clienti in tutta la Svizzera.<\/h4>\n<\/div>\n<p>[vc_row_inner][vc_column_inner width=&#8221;1\/2&#8243;][vc_column_text]<\/p>\n<h3><span class=\"ez-toc-section\" id=\"Impatto_sul_pagamento_dei_fondi\"><\/span>Impatto sul pagamento dei fondi<span class=\"ez-toc-section-end\"><\/span><\/h3>\n<p>Uno degli effetti collaterali del diritto di recesso \u00e8 che il pagamento dei fondi viene automaticamente ritardato. Indipendentemente dall&#8217;istituto di credito, il denaro non verr\u00e0 versato sul conto del mutuatario fino alla scadenza del periodo di recesso, ossia almeno 14 giorni dopo la firma del contratto. Lo scopo di questo periodo obbligatorio \u00e8 quello di dare al mutuatario pi\u00f9 tempo per riflettere, aumentando cos\u00ec la sicurezza della transazione.  <\/p>\n<p>In sintesi, il diritto di revoca previsto dalla LCC \u00e8 un&#8217;importante salvaguardia per proteggere i mutuatari da impegni affrettati. \u00c8 quindi fondamentale comprendere appieno le condizioni e le implicazioni di questo diritto per evitare qualsiasi malinteso e ottimizzare la gestione del credito.[\/vc_column_text][vc_btn title=&#8221;Scoprire&#8221; link=&#8221;url:https%3A%2F%2Fwww.multicredit.ch%2Ffr%2Fa-propos%2F|title:Chi%20siamo|&#8221;][\/vc_column_inner][vc_column_inner width=&#8221;1\/2&#8243;][vc_column_text]<\/p>\n<ul>\n<li><strong>Sicurezza e riservatezza<\/strong><\/li>\n<li><strong>Prossimit\u00e0 e responsabilit\u00e0<\/strong><\/li>\n<li><strong>Ritiro garantito in meno di 24 ore<\/strong><\/li>\n<li><strong>Tariffe pi\u00f9 basse rispetto alla concorrenza<\/strong><\/li>\n<\/ul>\n<p>[\/vc_column_text][\/vc_column_inner][\/vc_row_inner][\/vc_column][\/vc_row]<\/section>\n","protected":false},"excerpt":{"rendered":"<p>Trasforma il tuo progetto in realt\u00e0<\/p>\n","protected":false},"author":25,"featured_media":11773,"parent":30588,"menu_order":-9,"comment_status":"closed","ping_status":"closed","template":"template-credit.php","meta":{"inline_featured_image":false,"footnotes":"","_links_to":"","_links_to_target":""},"categories":[298],"class_list":["post-30654","page","type-page","status-publish","has-post-thumbnail","hentry","category-credito"],"_links":{"self":[{"href":"https:\/\/multicredit.ch\/it\/wp-json\/wp\/v2\/pages\/30654","targetHints":{"allow":["GET"]}}],"collection":[{"href":"https:\/\/multicredit.ch\/it\/wp-json\/wp\/v2\/pages"}],"about":[{"href":"https:\/\/multicredit.ch\/it\/wp-json\/wp\/v2\/types\/page"}],"author":[{"embeddable":true,"href":"https:\/\/multicredit.ch\/it\/wp-json\/wp\/v2\/users\/25"}],"replies":[{"embeddable":true,"href":"https:\/\/multicredit.ch\/it\/wp-json\/wp\/v2\/comments?post=30654"}],"version-history":[{"count":2,"href":"https:\/\/multicredit.ch\/it\/wp-json\/wp\/v2\/pages\/30654\/revisions"}],"predecessor-version":[{"id":30656,"href":"https:\/\/multicredit.ch\/it\/wp-json\/wp\/v2\/pages\/30654\/revisions\/30656"}],"up":[{"embeddable":true,"href":"https:\/\/multicredit.ch\/it\/wp-json\/wp\/v2\/pages\/30588"}],"wp:featuredmedia":[{"embeddable":true,"href":"https:\/\/multicredit.ch\/it\/wp-json\/wp\/v2\/media\/11773"}],"wp:attachment":[{"href":"https:\/\/multicredit.ch\/it\/wp-json\/wp\/v2\/media?parent=30654"}],"wp:term":[{"taxonomy":"category","embeddable":true,"href":"https:\/\/multicredit.ch\/it\/wp-json\/wp\/v2\/categories?post=30654"}],"curies":[{"name":"wp","href":"https:\/\/api.w.org\/{rel}","templated":true}]}}