{"id":30636,"date":"2024-11-18T19:04:06","date_gmt":"2024-11-18T19:04:06","guid":{"rendered":"https:\/\/multicredit.ch\/credito\/offre-credit\/frais-dossier\/"},"modified":"2026-03-10T16:01:41","modified_gmt":"2026-03-10T16:01:41","slug":"frais-dossier","status":"publish","type":"page","link":"https:\/\/multicredit.ch\/it\/credito\/offre-credit\/frais-dossier\/","title":{"rendered":"Tasse di iscrizione"},"content":{"rendered":"<section class=\"wpb-content-wrapper\">[vc_row full_width=&#8221;stretch_row&#8221; el_class=&#8221;white-bck bigpadding&#8221; css=&#8221;.vc_custom_1586929679182{padding-bottom: 24px !important;}&#8221;][vc_column data_aos=&#8221;fade-in&#8221;]<\/p>\n<div class=\"blocktitle title-center title-dark\" clearfix\"><H2><span class=\"ez-toc-section\" id=\"Non_ci_sono_spese_di_iscrizione_per_richiedere_un_credito_con_Multicredit\"><\/span>Non ci sono spese di iscrizione per richiedere un credito con Multicredit<\/H2><\/div>\n<p>[vc_column_text]Le spese di richiesta sono un aspetto importante da considerare quando si richiede un prestito, sia esso un mutuo, un credito al consumo o qualsiasi altro tipo di finanziamento. Queste commissioni sono i costi amministrativi sostenuti dall&#8217;istituto finanziario per elaborare la richiesta di prestito del mutuatario.[\/vc_column_text][vc_column_text el_class=&#8221;pb-2 maxwidth&#8221;]<\/p>\n<h2><span class=\"ez-toc-section\" id=\"Quali_sono_le_spese_di_iscrizione\"><\/span>Quali sono le spese di iscrizione?<span class=\"ez-toc-section-end\"><\/span><\/h2>\n<p>Le spese di richiesta coprono tutte le fasi di organizzazione di un prestito. In particolare, le spese comprendono: <\/p>\n<ul>\n<li><strong>Analisi della pratica<\/strong>: la banca o l&#8217;istituto di credito deve verificare la completezza e la validit\u00e0 dei documenti presentati, come le prove di reddito, gli estratti conto e qualsiasi altro documento necessario per valutare l&#8217;affidabilit\u00e0 creditizia del mutuatario.<\/li>\n<li><strong>Valutazione della solvibilit\u00e0<\/strong>: viene effettuato uno studio approfondito per verificare che il mutuatario sia in grado di rimborsare il prestito. Questa valutazione prende in considerazione diversi criteri come il livello di indebitamento, la stabilit\u00e0 della situazione professionale e la storia finanziaria del mutuatario. <\/li>\n<li><strong>Preparazione ed emissione dell&#8217;offerta di prestito<\/strong>: una volta confermata l&#8217;affidabilit\u00e0 creditizia, la banca redige e formalizza l&#8217;offerta di prestito, un processo che richiede tempo e risorse.<\/li>\n<\/ul>\n<p>[\/vc_column_text][vc_column_text]<\/p>\n<h3><span class=\"ez-toc-section\" id=\"I_nostri_punti_di_forza_per_ottenere_le_migliori_offerte_possibili_per_i_nostri_clienti_in_tutta_la_Svizzera_sono_i_seguenti\"><\/span>I nostri punti di forza per ottenere le migliori offerte possibili per i nostri clienti in tutta la Svizzera sono i seguenti<span class=\"ez-toc-section-end\"><\/span><\/h3>\n<p>[\/vc_column_text][\/vc_column][\/vc_row][vc_row full_width=&#8221;stretch_row&#8221; el_class=&#8221;white-bck&#8221; css=&#8221;.vc_custom_1586930817763{padding-top: 24px !important;padding-bottom: 0px !important;}&#8221;][vc_column width=&#8221;1\/2&#8243; data_aos=&#8221;fade-up&#8221; el_class=&#8221;checklist&#8221;][vc_column_text]<\/p>\n<ul>\n<li>Ricevi una decisione preliminare in soli 5 minuti, durante il primo contatto telefonico<\/li>\n<li>La tua richiesta verr\u00e0 elaborata gratuitamente e riceverai un&#8217;offerta non vincolante.<\/li>\n<li>Garanzia di riservatezza (siamo vincolati al segreto bancario)<\/li>\n<li>Rimborso flessibile da 12 a 84 mesi<\/li>\n<li>Pagamenti mensili adeguati e interessi pi\u00f9 bassi<\/li>\n<li>Condizioni flessibili e adattabili (durata, tasso, importo)<\/li>\n<li>Estinguere il prestito in anticipo in qualsiasi momento<\/li>\n<\/ul>\n<p>[\/vc_column_text][\/vc_column][vc_column width=&#8221;1\/2&#8243; data_aos=&#8221;fade-up&#8221; data_aos_delay=&#8221;250&#8243; el_class=&#8221;checklist&#8221;][vc_column_text]<\/p>\n<ul>\n<li>Per i cittadini svizzeri e i titolari di permesso C sono possibili detrazioni fiscali per gli interessi sui debiti<\/li>\n<li>Pi\u00f9 facile e veloce dei mutui e dei leasing<\/li>\n<li>Occuparsi di tutte le formalit\u00e0 amministrative<\/li>\n<li>Procedure semplici, veloci e discrete<\/li>\n<li>Il tuo file compilato da uno specialista<\/li>\n<li>Consulenza personale a domicilio o presso il nostro ufficio<\/li>\n<\/ul>\n<p>[\/vc_column_text][\/vc_column][\/vc_row][vc_row full_width=&#8221;stretch_row&#8221; el_class=&#8221;white-bck bigpadding&#8221; css=&#8221;.vc_custom_1586929684389{padding-top: 24px !important;}&#8221;][vc_column data_aos=&#8221;fade-in&#8221;][vc_column_text el_class=&#8221;pt-2&#8243;]<\/p>\n<p style=\"text-align: center;\"><strong>Per i privati che vivono in Svizzera, i cittadini svizzeri o i <a href=\"https:\/\/www.sem.admin.ch\/sem\/fr\/home\/themen\/aufenthalt\/eu_efta.html\" target=\"_blank\" rel=\"noopener\">titolari di un permesso B o C o di una carta di legittimazione (D, E, G e H)<\/a>, \u00e8 possibile aumentare la propria liquidit\u00e0 e risparmiare. Approfitta di uno studio personalizzato del tuo progetto e di un&#8217;offerta di prestito su misura in tempi brevissimi. <\/strong><\/p>\n<h3><span class=\"ez-toc-section\" id=\"Fatturazione_delle_spese_di_gestione\"><\/span>Fatturazione delle spese di gestione<span class=\"ez-toc-section-end\"><\/span><\/h3>\n<p>Le spese di iscrizione possono essere addebitate in diversi modi:<\/p>\n<ul>\n<li><strong>Pagamento anticipato<\/strong>: alcuni istituti di credito richiedono il pagamento della tassa di richiesta al momento della firma dell&#8217;offerta di prestito.<\/li>\n<li><strong>Inclusione nell&#8217;importo del prestito<\/strong>: altri includono queste spese nell&#8217;importo totale del prestito, il che significa che il mutuatario le rimborsa allo stesso modo del capitale e degli interessi.<\/li>\n<li><strong>Gratuito in alcuni casi<\/strong>: alcuni tipi di prestito, come i prestiti agevolati come il Pr\u00eat \u00e0 Taux Z\u00e9ro (PTZ), possono non comportare spese di amministrazione.<\/li>\n<\/ul>\n<h3><span class=\"ez-toc-section\" id=\"Negoziazione_e_rinuncia_alle_tasse_di_iscrizione\"><\/span>Negoziazione e rinuncia alle tasse di iscrizione<span class=\"ez-toc-section-end\"><\/span><\/h3>\n<p>Le spese di richiesta non sono sempre fisse e spesso possono essere negoziate, soprattutto se il mutuatario ha un buon profilo (reddito stabile, basso livello di indebitamento, ecc.). Le banche e gli istituti di credito possono essere aperti ad aggiustamenti in base alla loro politica commerciale o al rapporto a lungo termine con il cliente. In alcuni casi \u00e8 possibile ottenere l&#8217;esenzione totale dalle spese di richiesta.  <\/p>\n<h3><span class=\"ez-toc-section\" id=\"Impatto_sul_costo_totale_del_credito\"><\/span>Impatto sul costo totale del credito<span class=\"ez-toc-section-end\"><\/span><\/h3>\n<p>\u00c8 fondamentale notare che le spese amministrative contribuiscono al calcolo del Tasso Annuo Effettivo Globale (TAEG), che rappresenta il costo totale del credito. Il TAEG include non solo il tasso di interesse nominale, ma anche tutti i costi accessori, come le spese amministrative e qualsiasi altro onere. Quindi un TAEG basso, anche con costi amministrativi relativamente alti, pu\u00f2 essere pi\u00f9 vantaggioso di un tasso nominale interessante con costi accessori nascosti.  <\/p>\n<h3><span class=\"ez-toc-section\" id=\"Consigli_per_i_mutuatari\"><\/span>Consigli per i mutuatari<span class=\"ez-toc-section-end\"><\/span><\/h3>\n<ul>\n<li><strong>Confronta le offerte<\/strong>: per ottenere il miglior affare, \u00e8 consigliabile confrontare le offerte di diversi istituti finanziari. Ogni banca ha una propria struttura di commissioni e politiche. <\/li>\n<li><strong>Usare un broker<\/strong>: l&#8217;uso di un broker pu\u00f2 rendere pi\u00f9 facile la negoziazione delle spese di prestito, in quanto questi professionisti hanno partnership con diverse banche e possono ottenere condizioni preferenziali per i loro clienti.<\/li>\n<li><strong>Chiedi un esonero<\/strong>: a seconda del tuo profilo e della politica della banca, spesso \u00e8 possibile negoziare una riduzione o addirittura l&#8217;abolizione delle spese di iscrizione.<\/li>\n<\/ul>\n<p>[\/vc_column_text][\/vc_column][\/vc_row][vc_row full_width=&#8221;stretch_row&#8221; equal_height=&#8221;yes&#8221; el_class=&#8221;lightgrey-bck bigpadding flex-eq-height diagonal-top-bck one-fifth-link-bloc&#8221;][vc_column width=&#8221;1\/5&#8243; data_aos=&#8221;fade-down&#8221; data_aos_delay=&#8221;0&#8243;]<\/p>\n<div class=\"wpb_single_image wpb_content_element vc_align_center  wpb_animate_when_almost_visible wpb_top-to-bottom top-to-bottom wpb_start_animation animated\">\n<figure class=\"wpb_wrapper vc_figure\">\n<div class=\"vc_single_image-wrapper\"><img decoding=\"async\" src=\"https:\/\/multicredit.ch\/wp\/wp-content\/uploads\/c-hab.jpg\" alt=\"\" title=\"\"><\/div><figcaption>\n<h4>Credito per l&#039;alloggio<\/h4>\n<p>Finanziare sviluppi e abitazioni<\/p>\n<\/figcaption><\/figure>\n<\/div>\n<div class=\"vc_btn3-container text-center\"><a class=\"btn-circle-2\" href=\"https:\/\/www.multicredit.ch\/fr\/credit\/credit-habitation\/\" title=\"Credito domestico\"><span class=\"round\">&gt;<\/span><\/a><\/div>\n<p>[\/vc_column][vc_column width=&#8221;1\/5&#8243; data_aos=&#8221;fade-down&#8221; data_aos_delay=&#8221;50&#8243;]<\/p>\n<div class=\"wpb_single_image wpb_content_element vc_align_center  wpb_animate_when_almost_visible wpb_top-to-bottom top-to-bottom wpb_start_animation animated\">\n<figure class=\"wpb_wrapper vc_figure\">\n<div class=\"vc_single_image-wrapper\"><img decoding=\"async\" src=\"https:\/\/multicredit.ch\/wp\/wp-content\/uploads\/c-auto.jpg\" alt=\"\" title=\"\"><\/div><figcaption>\n<h4>Credito auto<\/h4>\n<p>Acquista il tuo veicolo a credito<\/p>\n<\/figcaption><\/figure>\n<\/div>\n<div class=\"vc_btn3-container text-center\"><a class=\"btn-circle-2\" href=\"https:\/\/www.multicredit.ch\/fr\/credit\/credit-auto\" title=\"Credito domestico\"><span class=\"round\">&gt;<\/span><\/a><\/div>\n<p>[\/vc_column][vc_column width=&#8221;1\/5&#8243; data_aos=&#8221;fade-down&#8221; data_aos_delay=&#8221;100&#8243;]<\/p>\n<div class=\"wpb_single_image wpb_content_element vc_align_center  wpb_animate_when_almost_visible wpb_top-to-bottom top-to-bottom wpb_start_animation animated\">\n<figure class=\"wpb_wrapper vc_figure\">\n<div class=\"vc_single_image-wrapper\"><img decoding=\"async\" src=\"https:\/\/multicredit.ch\/wp\/wp-content\/uploads\/c-form.jpg\" alt=\"\" title=\"\"><\/div><figcaption>\n<h4>Crediti formativi<\/h4>\n<p>Finanziare gli studi<\/p>\n<\/figcaption><\/figure>\n<\/div>\n<div class=\"vc_btn3-container text-center\"><a class=\"btn-circle-2\" href=\"https:\/\/www.multicredit.ch\/fr\/credit\/financement-d-etudes-et-de-formations\/\" title=\"Credito domestico\"><span class=\"round\">&gt;<\/span><\/a><\/div>\n<p>[\/vc_column][vc_column width=&#8221;1\/5&#8243; data_aos=&#8221;fade-down&#8221; data_aos_delay=&#8221;150&#8243;]<\/p>\n<div class=\"wpb_single_image wpb_content_element vc_align_center  wpb_animate_when_almost_visible wpb_top-to-bottom top-to-bottom wpb_start_animation animated\">\n<figure class=\"wpb_wrapper vc_figure\">\n<div class=\"vc_single_image-wrapper\"><img decoding=\"async\" src=\"https:\/\/multicredit.ch\/wp\/wp-content\/uploads\/c-med.jpg\" alt=\"\" title=\"\"><\/div><figcaption>\n<h4>Credito medico<\/h4>\n<p>Finanziare l&#039;intervento e le cure mediche<\/p>\n<\/figcaption><\/figure>\n<\/div>\n<div class=\"vc_btn3-container text-center\"><a class=\"btn-circle-2\" href=\"https:\/\/www.multicredit.ch\/fr\/credit\/pret-medical\/\" title=\"Credito domestico\"><span class=\"round\">&gt;<\/span><\/a><\/div>\n<p>[\/vc_column][vc_column width=&#8221;1\/5&#8243; data_aos=&#8221;fade-down&#8221; data_aos_delay=&#8221;200&#8243;]<\/p>\n<div class=\"wpb_single_image wpb_content_element vc_align_center  wpb_animate_when_almost_visible wpb_top-to-bottom top-to-bottom wpb_start_animation animated\">\n<figure class=\"wpb_wrapper vc_figure\">\n<div class=\"vc_single_image-wrapper\"><img decoding=\"async\" src=\"https:\/\/multicredit.ch\/wp\/wp-content\/uploads\/c-all.jpg\" alt=\"\" title=\"\"><\/div><figcaption>\n<h4>Crediti vari<\/h4>\n<p>Per tutti gli altri progetti<\/p>\n<\/figcaption><\/figure>\n<\/div>\n<div class=\"vc_btn3-container text-center\"><a class=\"btn-circle-2\" href=\"https:\/\/www.multicredit.ch\/fr\/credit\/credits-divers\/\" title=\"Credito domestico\"><span class=\"round\">&gt;<\/span><\/a><\/div>\n<p>[\/vc_column][\/vc_row][vc_row full_width=&#8221;stretch_row&#8221; el_class=&#8221;white-bck regularpadding steps&#8221;][vc_column data_aos=&#8221;fade-in&#8221;]<\/p>\n<div class=\"blocktitle title-center title-dark\" clearfix\"><H2><span class=\"ez-toc-section\" id=\"Il_tuo_credito_in_4_passi\"><\/span>Il tuo credito in 4 passi<\/H2><\/p>\n<h4>Facile e veloce<\/h4>\n<\/div>\n<p>[vc_row_inner equal_height=&#8221;yes&#8221;][vc_column_inner width=&#8221;1\/4&#8243;][vc_pie value=&#8221;25&#8243; label_value=&#8221;1&#8243; color=&#8221;custom&#8221; title=&#8221;Richiesta&#8221; custom_color=&#8221;#df003c&#8221;][vc_column_text]<\/p>\n<p style=\"text-align: center;\">Compila il modulo di richiesta di credito in base alle tue esigenze.<\/p>\n<h5 style=\"text-align: center;\">2 min<\/h5>\n<p>[\/vc_column_text][\/vc_column_inner][vc_column_inner width=&#8221;1\/4&#8243;][vc_pie label_value=&#8221;2&#8243; color=&#8221;custom&#8221; title=&#8221;Proposta&#8221; custom_color=&#8221;#df003c&#8221;][vc_column_text]<\/p>\n<p style=\"text-align: center;\">Analizziamo la tua richiesta e ti offriamo una soluzione su misura per il tuo profilo.<\/p>\n<h5 style=\"text-align: center;\">12 ore<\/h5>\n<p>[\/vc_column_text][\/vc_column_inner][vc_column_inner width=&#8221;1\/4&#8243;][vc_pie value=&#8221;75&#8243; label_value=&#8221;3&#8243; color=&#8221;custom&#8221; title=&#8221;Firma&#8221; custom_color=&#8221;#df003c&#8221;][vc_column_text]<\/p>\n<p style=\"text-align: center;\">Una volta redatto il contratto, non dovrai fare altro che firmarlo e inviarcelo.<\/p>\n<h5 style=\"text-align: center;\">Questa fase dipende dalla tua reattivit\u00e0.<\/h5>\n<p>[\/vc_column_text][\/vc_column_inner][vc_column_inner width=&#8221;1\/4&#8243;][vc_pie value=&#8221;100&#8243; label_value=&#8221;4&#8243; color=&#8221;custom&#8221; title=&#8221;Trasferimento&#8221; custom_color=&#8221;#df003c&#8221;][vc_column_text]<\/p>\n<p style=\"text-align: center;\">L&#8217;importo sar\u00e0 trasferito sul tuo conto.<\/p>\n<h5 style=\"text-align: center;\">14 giorni (termine legale)<\/h5>\n<p>[\/vc_column_text][\/vc_column_inner][\/vc_row_inner][\/vc_column][\/vc_row][vc_row full_width=&#8221;stretch_row&#8221; content_placement=&#8221;middle&#8221; el_class=&#8221;lightgrey-bck bigpadding checklist&#8221;][vc_column data_aos=&#8221;fade-in&#8221;]<\/p>\n<div class=\"blocktitle title-left title-dark\" clearfix\"><H3><span class=\"ez-toc-section\" id=\"Lascia_che_ti_aiutiamo_a_trovare_la_migliore_offerta_di_credito_possibile\"><\/span>Lascia che ti aiutiamo a trovare la migliore offerta di credito possibile<\/H3><\/p>\n<h4>Siamo sempre alla ricerca della migliore offerta possibile per i nostri clienti in tutta la Svizzera.<\/h4>\n<\/div>\n<p>[vc_row_inner][vc_column_inner width=&#8221;1\/2&#8243;][vc_column_text]Le spese di istruttoria di un&#8217;<a href=\"https:\/\/multicredit.ch\/it\/credito\/offre-credit\/\">offerta di credito<\/a> sono un elemento essenziale quando si accende un prestito in Svizzera. Sebbene possano rappresentare un onere significativo, \u00e8 possibile ridurle o addirittura eliminarle seguendo un approccio strategico e studiando le varie offerte presenti sul mercato. Noi di Multicr\u00e9dit aiutiamo i nostri clienti a comprendere questi costi e ad esplorare tutte le opzioni possibili per ridurre al minimo il costo totale del credito, in modo da rendere il prestito il pi\u00f9 vantaggioso possibile.[\/vc_column_text][vc_btn title=&#8221;Scoprire&#8221; link=&#8221;url:https%3A%2F%2Fwww.multicredit.ch%2Ffr%2Fa-propos%2F|title:Chi%20siamo|&#8221;][\/vc_column_inner][vc_column_inner width=&#8221;1\/2&#8243;][vc_column_text]<\/p>\n<ul>\n<li><strong>Sicurezza e riservatezza<\/strong><\/li>\n<li><strong>Prossimit\u00e0 e responsabilit\u00e0<\/strong><\/li>\n<li><strong>Ritiro garantito in meno di 24 ore<\/strong><\/li>\n<li><strong>Tariffe pi\u00f9 basse rispetto alla concorrenza<\/strong><\/li>\n<\/ul>\n<p>[\/vc_column_text][\/vc_column_inner][\/vc_row_inner][\/vc_column][\/vc_row]<\/section>\n","protected":false},"excerpt":{"rendered":"<p>Trasforma il tuo progetto in realt\u00e0<\/p>\n","protected":false},"author":25,"featured_media":11773,"parent":30588,"menu_order":-9,"comment_status":"closed","ping_status":"closed","template":"template-credit.php","meta":{"inline_featured_image":false,"footnotes":"","_links_to":"","_links_to_target":""},"categories":[298],"class_list":["post-30636","page","type-page","status-publish","has-post-thumbnail","hentry","category-credito"],"_links":{"self":[{"href":"https:\/\/multicredit.ch\/it\/wp-json\/wp\/v2\/pages\/30636","targetHints":{"allow":["GET"]}}],"collection":[{"href":"https:\/\/multicredit.ch\/it\/wp-json\/wp\/v2\/pages"}],"about":[{"href":"https:\/\/multicredit.ch\/it\/wp-json\/wp\/v2\/types\/page"}],"author":[{"embeddable":true,"href":"https:\/\/multicredit.ch\/it\/wp-json\/wp\/v2\/users\/25"}],"replies":[{"embeddable":true,"href":"https:\/\/multicredit.ch\/it\/wp-json\/wp\/v2\/comments?post=30636"}],"version-history":[{"count":2,"href":"https:\/\/multicredit.ch\/it\/wp-json\/wp\/v2\/pages\/30636\/revisions"}],"predecessor-version":[{"id":30638,"href":"https:\/\/multicredit.ch\/it\/wp-json\/wp\/v2\/pages\/30636\/revisions\/30638"}],"up":[{"embeddable":true,"href":"https:\/\/multicredit.ch\/it\/wp-json\/wp\/v2\/pages\/30588"}],"wp:featuredmedia":[{"embeddable":true,"href":"https:\/\/multicredit.ch\/it\/wp-json\/wp\/v2\/media\/11773"}],"wp:attachment":[{"href":"https:\/\/multicredit.ch\/it\/wp-json\/wp\/v2\/media?parent=30636"}],"wp:term":[{"taxonomy":"category","embeddable":true,"href":"https:\/\/multicredit.ch\/it\/wp-json\/wp\/v2\/categories?post=30636"}],"curies":[{"name":"wp","href":"https:\/\/api.w.org\/{rel}","templated":true}]}}