{"id":30627,"date":"2024-11-18T19:25:42","date_gmt":"2024-11-18T19:25:42","guid":{"rendered":"https:\/\/multicredit.ch\/offre-credit\/remboursement\/"},"modified":"2026-03-10T15:54:28","modified_gmt":"2026-03-10T15:54:28","slug":"remboursement","status":"publish","type":"page","link":"https:\/\/multicredit.ch\/it\/credito\/offre-credit\/remboursement\/","title":{"rendered":"Rimborso"},"content":{"rendered":"<section class=\"wpb-content-wrapper\">[vc_row full_width=&#8221;stretch_row&#8221; el_class=&#8221;white-bck bigpadding&#8221; css=&#8221;.vc_custom_1586929679182{padding-bottom: 24px !important;}&#8221;][vc_column data_aos=&#8221;fade-in&#8221;]<\/p>\n<div class=\"blocktitle title-center title-dark\" clearfix\"><H2><span class=\"ez-toc-section\" id=\"Rimborso_anticipato_di_una_richiesta_di_credito\"><\/span>Rimborso anticipato di una richiesta di credito<\/H2><\/div>\n<p>[vc_column_text]Secondo l&#8217;articolo 17 della Legge Federale sul Credito al Consumo (LCC), i mutuatari hanno il diritto di rimborsare il loro credito in qualsiasi momento. Questo diritto, che \u00e8 parte integrante di qualsiasi contratto di prestito personale, \u00e8 stato concepito per offrire ai mutuatari flessibilit\u00e0 finanziaria e consentire loro di ridurre il costo complessivo del credito. Un intermediario coscienzioso ha la responsabilit\u00e0 di informare il mutuatario di questo diritto al rimborso anticipato e dei termini e delle condizioni ad esso associati.[\/vc_column_text][vc_column_text el_class=&#8221;pb-2 maxwidth&#8221;]<\/p>\n<h3><span class=\"ez-toc-section\" id=\"Domande_sul_rimborso_anticipato\"><\/span>Domande sul rimborso anticipato?<span class=\"ez-toc-section-end\"><\/span><\/h3>\n<p>Non esitare a farci qualsiasi domanda sul tema del rimborso anticipato.[\/vc_column_text][vc_column_text]<\/p>\n<h3><span class=\"ez-toc-section\" id=\"I_nostri_punti_di_forza_per_ottenere_le_migliori_offerte_possibili_per_i_nostri_clienti_in_tutta_la_Svizzera_sono_i_seguenti\"><\/span>I nostri punti di forza per ottenere le migliori offerte possibili per i nostri clienti in tutta la Svizzera sono i seguenti<span class=\"ez-toc-section-end\"><\/span><\/h3>\n<p>[\/vc_column_text][\/vc_column][\/vc_row][vc_row full_width=&#8221;stretch_row&#8221; el_class=&#8221;white-bck&#8221; css=&#8221;.vc_custom_1586930817763{padding-top: 24px !important;padding-bottom: 0px !important;}&#8221;][vc_column width=&#8221;1\/2&#8243; data_aos=&#8221;fade-up&#8221; el_class=&#8221;checklist&#8221;][vc_column_text]<\/p>\n<ul>\n<li>Ricevi una decisione preliminare in soli 5 minuti, durante il primo contatto telefonico<\/li>\n<li>La tua richiesta verr\u00e0 elaborata gratuitamente e riceverai un&#8217;offerta non vincolante.<\/li>\n<li>Garanzia di riservatezza (siamo vincolati al segreto bancario)<\/li>\n<li>Rimborso flessibile da 12 a 84 mesi<\/li>\n<li>Pagamenti mensili adeguati e interessi pi\u00f9 bassi<\/li>\n<li>Condizioni flessibili e adattabili (durata, tasso, importo)<\/li>\n<li>Estinguere il prestito in anticipo in qualsiasi momento<\/li>\n<\/ul>\n<p>[\/vc_column_text][\/vc_column][vc_column width=&#8221;1\/2&#8243; data_aos=&#8221;fade-up&#8221; data_aos_delay=&#8221;250&#8243; el_class=&#8221;checklist&#8221;][vc_column_text]<\/p>\n<ul>\n<li>Per i cittadini svizzeri e i titolari di permesso C sono possibili detrazioni fiscali per gli interessi sui debiti<\/li>\n<li>Pi\u00f9 facile e veloce dei mutui e dei leasing<\/li>\n<li>Occuparsi di tutte le formalit\u00e0 amministrative<\/li>\n<li>Procedure semplici, veloci e discrete<\/li>\n<li>Il tuo file compilato da uno specialista<\/li>\n<li>Consulenza personale a domicilio o presso il nostro ufficio<\/li>\n<\/ul>\n<p>[\/vc_column_text][\/vc_column][\/vc_row][vc_row full_width=&#8221;stretch_row&#8221; el_class=&#8221;white-bck bigpadding&#8221; css=&#8221;.vc_custom_1586929684389{padding-top: 24px !important;}&#8221;][vc_column data_aos=&#8221;fade-in&#8221;][vc_column_text el_class=&#8221;pt-2&#8243;]<\/p>\n<p style=\"text-align: center;\"><strong>Per i privati che vivono in Svizzera, i cittadini svizzeri o i <a href=\"https:\/\/www.sem.admin.ch\/sem\/fr\/home\/themen\/aufenthalt\/eu_efta.html\" target=\"_blank\" rel=\"noopener\">titolari di un permesso B o C o di una carta di legittimazione (D, E, G e H)<\/a>, \u00e8 possibile aumentare la propria liquidit\u00e0 e risparmiare. Approfitta di uno studio personalizzato del tuo progetto e di un&#8217;offerta di prestito su misura in tempi brevissimi. <\/strong><\/p>\n<h3><span class=\"ez-toc-section\" id=\"Quali_importi_devono_essere_pagati_in_caso_di_rimborso_anticipato\"><\/span>Quali importi devono essere pagati in caso di rimborso anticipato?<span class=\"ez-toc-section-end\"><\/span><\/h3>\n<p>Quando un mutuatario decide di rimborsare anticipatamente il proprio prestito, ci sono una serie di spese da tenere in considerazione:<\/p>\n<ul>\n<li><strong>Interessi maturati<\/strong>: il mutuatario deve pagare gli interessi maturati fino al giorno del rimborso totale del prestito. Questa somma corrisponde agli interessi calcolati sul periodo effettivo di utilizzo del credito. <\/li>\n<li><strong>Spese amministrative<\/strong>: a seconda dell&#8217;istituto finanziario, possono essere applicate delle spese amministrative. In genere ammontano a poche centinaia di franchi e coprono i costi amministrativi legati all&#8217;elaborazione del rimborso anticipato. <\/li>\n<\/ul>\n<p>\u00c8 importante notare che, a seconda dell&#8217;istituto di credito, il mutuatario pu\u00f2 avere la possibilit\u00e0 di rimborsare il credito entro 10 giorni dal periodo di revoca senza costi aggiuntivi.<\/p>\n<h3><span class=\"ez-toc-section\" id=\"Conseguenze_dei_pagamenti_mensili_in_ritardo\"><\/span>Conseguenze dei pagamenti mensili in ritardo<span class=\"ez-toc-section-end\"><\/span><\/h3>\n<p>\u00c8 fondamentale tenere d&#8217;occhio i ritardi nei pagamenti, perch\u00e9 le ripercussioni possono essere significative e avere un impatto diretto sulla capacit\u00e0 del mutuatario di ottenere credito in futuro. Ecco cosa devi sapere: <\/p>\n<ul>\n<li><strong>Pagamento su sollecito<\/strong>: effettuare sistematicamente un pagamento dopo aver ricevuto un sollecito pu\u00f2 sembrare irrilevante, ma viene percepito dagli istituti finanziari come un segno di cattiva gestione finanziaria. In questo caso, nel registro ZEK (Ufficio Centrale per le Informazioni Creditizie) verr\u00e0 inserito il codice 03, che costituisce un serio ostacolo all&#8217;ottenimento di nuovi prestiti o leasing per un periodo di 5 anni. A seconda della politica della banca, il mutuatario pu\u00f2 avere diritto a due dilazioni dei pagamenti mensili senza ulteriori addebiti di interessi, ma questo deve essere confermato con l&#8217;istituto di credito.  <\/li>\n<li><strong>Ridurre il pagamento mensile<\/strong>: se il mutuatario si trova nell&#8217;impossibilit\u00e0 di far fronte ai pagamenti mensili, \u00e8 consigliabile non lasciare che la situazione peggiori. \u00c8 fondamentale contattare rapidamente l&#8217;istituto finanziario per spiegare la difficolt\u00e0 e negoziare una soluzione adeguata, come ad esempio una riduzione temporanea delle rate mensili. Anche se questo comporter\u00e0 un codice ZEK 04 (meno grave di un codice 03), questo approccio proattivo \u00e8 preferibile all&#8217;accumulo di debiti che potrebbero portare ad azioni legali.  <\/li>\n<li><strong>Arretrati cumulativi pari al 10% del debito totale<\/strong>: quando un mutuatario supera questo limite, la situazione diventa critica. In questi casi, la banca ha il diritto di chiedere il rimborso immediato dell&#8217;intero prestito, pi\u00f9 gli interessi. Questa situazione pu\u00f2 portare a un procedimento legale, mettendo il mutuatario in una situazione complessa e stressante.  <\/li>\n<\/ul>\n<p>[\/vc_column_text][\/vc_column][\/vc_row][vc_row full_width=&#8221;stretch_row&#8221; equal_height=&#8221;yes&#8221; el_class=&#8221;lightgrey-bck bigpadding flex-eq-height diagonal-top-bck one-fifth-link-bloc&#8221;][vc_column width=&#8221;1\/5&#8243; data_aos=&#8221;fade-down&#8221; data_aos_delay=&#8221;0&#8243;]<\/p>\n<div class=\"wpb_single_image wpb_content_element vc_align_center  wpb_animate_when_almost_visible wpb_top-to-bottom top-to-bottom wpb_start_animation animated\">\n<figure class=\"wpb_wrapper vc_figure\">\n<div class=\"vc_single_image-wrapper\"><img decoding=\"async\" src=\"https:\/\/multicredit.ch\/wp\/wp-content\/uploads\/c-hab.jpg\" alt=\"\" title=\"\"><\/div><figcaption>\n<h4>Credito per l&#039;alloggio<\/h4>\n<p>Finanziare sviluppi e abitazioni<\/p>\n<\/figcaption><\/figure>\n<\/div>\n<div class=\"vc_btn3-container text-center\"><a class=\"btn-circle-2\" href=\"https:\/\/www.multicredit.ch\/fr\/credit\/credit-habitation\/\" title=\"Credito domestico\"><span class=\"round\">&gt;<\/span><\/a><\/div>\n<p>[\/vc_column][vc_column width=&#8221;1\/5&#8243; data_aos=&#8221;fade-down&#8221; data_aos_delay=&#8221;50&#8243;]<\/p>\n<div class=\"wpb_single_image wpb_content_element vc_align_center  wpb_animate_when_almost_visible wpb_top-to-bottom top-to-bottom wpb_start_animation animated\">\n<figure class=\"wpb_wrapper vc_figure\">\n<div class=\"vc_single_image-wrapper\"><img decoding=\"async\" src=\"https:\/\/multicredit.ch\/wp\/wp-content\/uploads\/c-auto.jpg\" alt=\"\" title=\"\"><\/div><figcaption>\n<h4>Credito auto<\/h4>\n<p>Acquista il tuo veicolo a credito<\/p>\n<\/figcaption><\/figure>\n<\/div>\n<div class=\"vc_btn3-container text-center\"><a class=\"btn-circle-2\" href=\"https:\/\/www.multicredit.ch\/fr\/credit\/credit-auto\" title=\"Credito domestico\"><span class=\"round\">&gt;<\/span><\/a><\/div>\n<p>[\/vc_column][vc_column width=&#8221;1\/5&#8243; data_aos=&#8221;fade-down&#8221; data_aos_delay=&#8221;100&#8243;]<\/p>\n<div class=\"wpb_single_image wpb_content_element vc_align_center  wpb_animate_when_almost_visible wpb_top-to-bottom top-to-bottom wpb_start_animation animated\">\n<figure class=\"wpb_wrapper vc_figure\">\n<div class=\"vc_single_image-wrapper\"><img decoding=\"async\" src=\"https:\/\/multicredit.ch\/wp\/wp-content\/uploads\/c-form.jpg\" alt=\"\" title=\"\"><\/div><figcaption>\n<h4>Crediti formativi<\/h4>\n<p>Finanziare gli studi<\/p>\n<\/figcaption><\/figure>\n<\/div>\n<div class=\"vc_btn3-container text-center\"><a class=\"btn-circle-2\" href=\"https:\/\/www.multicredit.ch\/fr\/credit\/financement-d-etudes-et-de-formations\/\" title=\"Credito domestico\"><span class=\"round\">&gt;<\/span><\/a><\/div>\n<p>[\/vc_column][vc_column width=&#8221;1\/5&#8243; data_aos=&#8221;fade-down&#8221; data_aos_delay=&#8221;150&#8243;]<\/p>\n<div class=\"wpb_single_image wpb_content_element vc_align_center  wpb_animate_when_almost_visible wpb_top-to-bottom top-to-bottom wpb_start_animation animated\">\n<figure class=\"wpb_wrapper vc_figure\">\n<div class=\"vc_single_image-wrapper\"><img decoding=\"async\" src=\"https:\/\/multicredit.ch\/wp\/wp-content\/uploads\/c-med.jpg\" alt=\"\" title=\"\"><\/div><figcaption>\n<h4>Credito medico<\/h4>\n<p>Finanziare l&#039;intervento e le cure mediche<\/p>\n<\/figcaption><\/figure>\n<\/div>\n<div class=\"vc_btn3-container text-center\"><a class=\"btn-circle-2\" href=\"https:\/\/www.multicredit.ch\/fr\/credit\/pret-medical\/\" title=\"Credito domestico\"><span class=\"round\">&gt;<\/span><\/a><\/div>\n<p>[\/vc_column][vc_column width=&#8221;1\/5&#8243; data_aos=&#8221;fade-down&#8221; data_aos_delay=&#8221;200&#8243;]<\/p>\n<div class=\"wpb_single_image wpb_content_element vc_align_center  wpb_animate_when_almost_visible wpb_top-to-bottom top-to-bottom wpb_start_animation animated\">\n<figure class=\"wpb_wrapper vc_figure\">\n<div class=\"vc_single_image-wrapper\"><img decoding=\"async\" src=\"https:\/\/multicredit.ch\/wp\/wp-content\/uploads\/c-all.jpg\" alt=\"\" title=\"\"><\/div><figcaption>\n<h4>Crediti vari<\/h4>\n<p>Per tutti gli altri progetti<\/p>\n<\/figcaption><\/figure>\n<\/div>\n<div class=\"vc_btn3-container text-center\"><a class=\"btn-circle-2\" href=\"https:\/\/www.multicredit.ch\/fr\/credit\/credits-divers\/\" title=\"Credito domestico\"><span class=\"round\">&gt;<\/span><\/a><\/div>\n<p>[\/vc_column][\/vc_row][vc_row full_width=&#8221;stretch_row&#8221; el_class=&#8221;white-bck regularpadding steps&#8221;][vc_column data_aos=&#8221;fade-in&#8221;]<\/p>\n<div class=\"blocktitle title-center title-dark\" clearfix\"><H2><span class=\"ez-toc-section\" id=\"Il_tuo_credito_in_4_passi\"><\/span>Il tuo credito in 4 passi<\/H2><\/p>\n<h4>Facile e veloce<\/h4>\n<\/div>\n<p>[vc_row_inner equal_height=&#8221;yes&#8221;][vc_column_inner width=&#8221;1\/4&#8243;][vc_pie value=&#8221;25&#8243; label_value=&#8221;1&#8243; color=&#8221;custom&#8221; title=&#8221;Richiesta&#8221; custom_color=&#8221;#df003c&#8221;][vc_column_text]<\/p>\n<p style=\"text-align: center;\">Compila il modulo di richiesta di credito in base alle tue esigenze.<\/p>\n<h5 style=\"text-align: center;\">2 min<\/h5>\n<p>[\/vc_column_text][\/vc_column_inner][vc_column_inner width=&#8221;1\/4&#8243;][vc_pie label_value=&#8221;2&#8243; color=&#8221;custom&#8221; title=&#8221;Proposta&#8221; custom_color=&#8221;#df003c&#8221;][vc_column_text]<\/p>\n<p style=\"text-align: center;\">Analizziamo la tua richiesta e ti offriamo una soluzione su misura per il tuo profilo.<\/p>\n<h5 style=\"text-align: center;\">12 ore<\/h5>\n<p>[\/vc_column_text][\/vc_column_inner][vc_column_inner width=&#8221;1\/4&#8243;][vc_pie value=&#8221;75&#8243; label_value=&#8221;3&#8243; color=&#8221;custom&#8221; title=&#8221;Firma&#8221; custom_color=&#8221;#df003c&#8221;][vc_column_text]<\/p>\n<p style=\"text-align: center;\">Una volta redatto il contratto, non dovrai fare altro che firmarlo e inviarcelo.<\/p>\n<h5 style=\"text-align: center;\">Questa fase dipende dalla tua reattivit\u00e0.<\/h5>\n<p>[\/vc_column_text][\/vc_column_inner][vc_column_inner width=&#8221;1\/4&#8243;][vc_pie value=&#8221;100&#8243; label_value=&#8221;4&#8243; color=&#8221;custom&#8221; title=&#8221;Trasferimento&#8221; custom_color=&#8221;#df003c&#8221;][vc_column_text]<\/p>\n<p style=\"text-align: center;\">L&#8217;importo sar\u00e0 trasferito sul tuo conto.<\/p>\n<h5 style=\"text-align: center;\">14 giorni (termine legale)<\/h5>\n<p>[\/vc_column_text][\/vc_column_inner][\/vc_row_inner][\/vc_column][\/vc_row][vc_row full_width=&#8221;stretch_row&#8221; content_placement=&#8221;middle&#8221; el_class=&#8221;lightgrey-bck bigpadding checklist&#8221;][vc_column data_aos=&#8221;fade-in&#8221;]<\/p>\n<div class=\"blocktitle title-left title-dark\" clearfix\"><H3><span class=\"ez-toc-section\" id=\"Lascia_che_ti_aiutiamo_a_trovare_la_migliore_offerta_di_credito_possibile\"><\/span>Lascia che ti aiutiamo a trovare la migliore offerta di credito possibile<\/H3><\/p>\n<h4>Siamo sempre alla ricerca della migliore offerta possibile per i nostri clienti in tutta la Svizzera.<\/h4>\n<\/div>\n<p>[vc_row_inner][vc_column_inner width=&#8221;1\/2&#8243;][vc_column_text]L&#8217;obiettivo di Multicr\u00e9dit \u00e8 fare in modo che i nostri clienti non si trovino in una situazione finanziaria precaria. Analizziamo attentamente la situazione finanziaria di ogni mutuatario per consigliargli un margine di sicurezza adeguato da inserire nel suo budget. Inoltre, informiamo i nostri clienti sulle varie assicurazioni disponibili per proteggerli da eventi imprevisti come problemi di salute, perdita del lavoro o cambiamenti nella loro vita personale, come un divorzio. Queste soluzioni garantiscono la stabilit\u00e0 finanziaria e prevengono situazioni rischiose.   <\/p>\n<p>In breve, comprendere i diritti e le responsabilit\u00e0 associati a un contratto di prestito \u00e8 fondamentale per gestire il credito in modo proattivo e sicuro. Incoraggiamo i nostri clienti a rimanere informati e a vigilare per evitare complicazioni finanziarie e garantire un&#8217;esperienza di prestito senza preoccupazioni.[\/vc_column_text][vc_btn title=&#8221;Scoprire&#8221; link=&#8221;url:https%3A%2F%2Fwww.multicredit.ch%2Ffr%2Fa-propos%2F|title:Chi%20siamo|&#8221;][\/vc_column_inner][vc_column_inner width=&#8221;1\/2&#8243;][vc_column_text]<\/p>\n<ul>\n<li><strong>Sicurezza e riservatezza<\/strong><\/li>\n<li><strong>Prossimit\u00e0 e responsabilit\u00e0<\/strong><\/li>\n<li><strong>Ritiro garantito in meno di 24 ore<\/strong><\/li>\n<li><strong>Tariffe pi\u00f9 basse rispetto alla concorrenza<\/strong><\/li>\n<\/ul>\n<p>[\/vc_column_text][\/vc_column_inner][\/vc_row_inner][\/vc_column][\/vc_row]<\/section>\n","protected":false},"excerpt":{"rendered":"<p>Trasforma il tuo progetto in realt\u00e0<\/p>\n","protected":false},"author":25,"featured_media":11773,"parent":30588,"menu_order":-9,"comment_status":"closed","ping_status":"closed","template":"template-credit.php","meta":{"inline_featured_image":false,"footnotes":"","_links_to":"","_links_to_target":""},"categories":[298],"class_list":["post-30627","page","type-page","status-publish","has-post-thumbnail","hentry","category-credito"],"_links":{"self":[{"href":"https:\/\/multicredit.ch\/it\/wp-json\/wp\/v2\/pages\/30627","targetHints":{"allow":["GET"]}}],"collection":[{"href":"https:\/\/multicredit.ch\/it\/wp-json\/wp\/v2\/pages"}],"about":[{"href":"https:\/\/multicredit.ch\/it\/wp-json\/wp\/v2\/types\/page"}],"author":[{"embeddable":true,"href":"https:\/\/multicredit.ch\/it\/wp-json\/wp\/v2\/users\/25"}],"replies":[{"embeddable":true,"href":"https:\/\/multicredit.ch\/it\/wp-json\/wp\/v2\/comments?post=30627"}],"version-history":[{"count":2,"href":"https:\/\/multicredit.ch\/it\/wp-json\/wp\/v2\/pages\/30627\/revisions"}],"predecessor-version":[{"id":30629,"href":"https:\/\/multicredit.ch\/it\/wp-json\/wp\/v2\/pages\/30627\/revisions\/30629"}],"up":[{"embeddable":true,"href":"https:\/\/multicredit.ch\/it\/wp-json\/wp\/v2\/pages\/30588"}],"wp:featuredmedia":[{"embeddable":true,"href":"https:\/\/multicredit.ch\/it\/wp-json\/wp\/v2\/media\/11773"}],"wp:attachment":[{"href":"https:\/\/multicredit.ch\/it\/wp-json\/wp\/v2\/media?parent=30627"}],"wp:term":[{"taxonomy":"category","embeddable":true,"href":"https:\/\/multicredit.ch\/it\/wp-json\/wp\/v2\/categories?post=30627"}],"curies":[{"name":"wp","href":"https:\/\/api.w.org\/{rel}","templated":true}]}}