{"id":30618,"date":"2024-11-18T19:34:50","date_gmt":"2024-11-18T19:34:50","guid":{"rendered":"https:\/\/multicredit.ch\/offre-credit\/interets-deductibles\/"},"modified":"2026-03-10T15:48:52","modified_gmt":"2026-03-10T15:48:52","slug":"interets-deductibles","status":"publish","type":"page","link":"https:\/\/multicredit.ch\/it\/credito\/offre-credit\/interets-deductibles\/","title":{"rendered":"Interessi deducibili"},"content":{"rendered":"<section class=\"wpb-content-wrapper\">[vc_row full_width=&#8221;stretch_row&#8221; el_class=&#8221;white-bck bigpadding&#8221; css=&#8221;.vc_custom_1586929679182{padding-bottom: 24px !important;}&#8221;][vc_column data_aos=&#8221;fade-in&#8221;]<\/p>\n<div class=\"blocktitle title-center title-dark\" clearfix\"><H2><span class=\"ez-toc-section\" id=\"Interessi_deducibili_in_una_richiesta_di_credito\"><\/span>Interessi deducibili in una richiesta di credito<\/H2><\/div>\n<p>[vc_column_text]In Svizzera, gli interessi pagati su un prestito bancario o su una carta di credito sono deducibili dalle tasse. Questa deducibilit\u00e0 rappresenta un grande vantaggio fiscale per i mutuatari, in quanto contribuisce a ridurre il carico fiscale complessivo.[\/vc_column_text][vc_column_text el_class=&#8221;pb-2 maxwidth&#8221;]<\/p>\n<h3><span class=\"ez-toc-section\" id=\"Interessi_deducibili_il_caso_di_un_prestito_bancario\"><\/span>Interessi deducibili: il caso di un prestito bancario<span class=\"ez-toc-section-end\"><\/span><\/h3>\n<p>Quando i mutuatari accendono un mutuo con una banca, hanno il diritto di detrarre dal loro reddito imponibile gli interessi pagati durante l&#8217;anno. Alla fine di ogni anno, la banca che eroga il prestito \u00e8 tenuta a fornire al mutuatario un certificato fiscale che riporta l&#8217;importo totale degli interessi pagati nell&#8217;ultimo anno. Questo certificato \u00e8 essenziale affinch\u00e9 il mutuatario possa giustificare la detrazione alle autorit\u00e0 fiscali.  <\/p>\n<p>\u00c8 importante notare che solo gli interessi sul prestito sono deducibili dalle tasse. Il capitale preso in prestito, cio\u00e8 l&#8217;importo del prestito, non pu\u00f2 essere detratto dalle tasse. Questa regola si applica a tutti i tipi di prestito bancario, siano essi mutui, prestiti personali o credito al consumo.[\/vc_column_text][vc_column_text]<\/p>\n<h3><span class=\"ez-toc-section\" id=\"I_nostri_punti_di_forza_per_ottenere_le_migliori_offerte_possibili_per_i_nostri_clienti_in_tutta_la_Svizzera_sono_i_seguenti\"><\/span>I nostri punti di forza per ottenere le migliori offerte possibili per i nostri clienti in tutta la Svizzera sono i seguenti<span class=\"ez-toc-section-end\"><\/span><\/h3>\n<p>[\/vc_column_text][\/vc_column][\/vc_row][vc_row full_width=&#8221;stretch_row&#8221; el_class=&#8221;white-bck&#8221; css=&#8221;.vc_custom_1586930817763{padding-top: 24px !important;padding-bottom: 0px !important;}&#8221;][vc_column width=&#8221;1\/2&#8243; data_aos=&#8221;fade-up&#8221; el_class=&#8221;checklist&#8221;][vc_column_text]<\/p>\n<ul>\n<li>Ricevi una decisione preliminare in soli 5 minuti, durante il primo contatto telefonico<\/li>\n<li>La tua richiesta verr\u00e0 elaborata gratuitamente e riceverai un&#8217;offerta non vincolante.<\/li>\n<li>Garanzia di riservatezza (siamo vincolati al segreto bancario)<\/li>\n<li>Rimborso flessibile da 12 a 84 mesi<\/li>\n<li>Pagamenti mensili adeguati e interessi pi\u00f9 bassi<\/li>\n<li>Condizioni flessibili e adattabili (durata, tasso, importo)<\/li>\n<li>Estinguere il prestito in anticipo in qualsiasi momento<\/li>\n<\/ul>\n<p>[\/vc_column_text][\/vc_column][vc_column width=&#8221;1\/2&#8243; data_aos=&#8221;fade-up&#8221; data_aos_delay=&#8221;250&#8243; el_class=&#8221;checklist&#8221;][vc_column_text]<\/p>\n<ul>\n<li>Per i cittadini svizzeri e i titolari di permesso C sono possibili detrazioni fiscali per gli interessi sui debiti<\/li>\n<li>Pi\u00f9 facile e veloce dei mutui e dei leasing<\/li>\n<li>Occuparsi di tutte le formalit\u00e0 amministrative<\/li>\n<li>Procedure semplici, veloci e discrete<\/li>\n<li>Il tuo file compilato da uno specialista<\/li>\n<li>Consulenza personale a domicilio o presso il nostro ufficio<\/li>\n<\/ul>\n<p>[\/vc_column_text][\/vc_column][\/vc_row][vc_row full_width=&#8221;stretch_row&#8221; el_class=&#8221;white-bck bigpadding&#8221; css=&#8221;.vc_custom_1586929684389{padding-top: 24px !important;}&#8221;][vc_column data_aos=&#8221;fade-in&#8221;][vc_column_text el_class=&#8221;pt-2&#8243;]<\/p>\n<p style=\"text-align: center;\"><strong>Per i privati che vivono in Svizzera, i cittadini svizzeri o i <a href=\"https:\/\/www.sem.admin.ch\/sem\/fr\/home\/themen\/aufenthalt\/eu_efta.html\" target=\"_blank\" rel=\"noopener\">titolari di un permesso B o C o di una carta di legittimazione (D, E, G e H)<\/a>, \u00e8 possibile aumentare la propria liquidit\u00e0 e risparmiare. Approfitta di uno studio personalizzato del tuo progetto e di un&#8217;offerta di prestito su misura in tempi brevissimi. <\/strong><\/p>\n<h3><span class=\"ez-toc-section\" id=\"Interessi_deducibili_il_caso_di_un_prestito_bancario-2\"><\/span>Interessi deducibili: il caso di un prestito bancario<span class=\"ez-toc-section-end\"><\/span><\/h3>\n<p>Quando un mutuatario accetta un&#8217;<a href=\"https:\/\/multicredit.ch\/it\/credito\/offre-credit\/\">offerta di credito<\/a> da parte di una banca, ha diritto a dedurre dal proprio reddito imponibile gli interessi pagati durante l&#8217;anno. Alla fine di ogni anno, la banca che eroga il credito \u00e8 tenuta a fornire al mutuatario un certificato fiscale che riporta l&#8217;importo totale degli interessi pagati nell&#8217;ultimo anno. Questo certificato \u00e8 essenziale affinch\u00e9 il mutuatario possa giustificare la detrazione alle autorit\u00e0 fiscali.  <\/p>\n<p>\u00c8 importante notare che solo gli interessi sul prestito sono deducibili dalle tasse. Il capitale preso in prestito, cio\u00e8 l&#8217;importo del prestito, non pu\u00f2 essere detratto dalle tasse. Questa regola si applica a tutti i tipi di prestito bancario, siano essi mutui, prestiti personali o credito al consumo.  <\/p>\n<h3><span class=\"ez-toc-section\" id=\"Interessi_deducibili_il_caso_di_un_prestatore_privato\"><\/span>Interessi deducibili: il caso di un prestatore privato<span class=\"ez-toc-section-end\"><\/span><\/h3>\n<p>Se il prestito viene stipulato con un privato (un prestatore privato), anche il mutuatario pu\u00f2 detrarre gli interessi pagati, ma solo a determinate condizioni. Affinch\u00e9 la detrazione sia valida, \u00e8 necessario disporre di documenti giustificativi precisi, datati e firmati da entrambe le parti coinvolte, che attestino gli importi pagati. Questi documenti servono a dimostrare la legittimit\u00e0 della detrazione in caso di verifica fiscale.  <\/p>\n<h3><span class=\"ez-toc-section\" id=\"Leasing_interessi_non_deducibili\"><\/span>Leasing: interessi non deducibili<span class=\"ez-toc-section-end\"><\/span><\/h3>\n<p>\u00c8 fondamentale capire che il leasing di un veicolo non gode degli stessi vantaggi fiscali. A differenza dei prestiti convenzionali, gli interessi pagati su un leasing non sono deducibili dalle tasse. Questa distinzione si spiega con la natura stessa del leasing, che \u00e8 considerato un noleggio a lungo termine con opzione di acquisto e non un prestito convenzionale. Ci\u00f2 significa che gli importi pagati nell&#8217;ambito di un contratto di leasing, anche se includono gli interessi, non possono essere dedotti dal reddito imponibile.   <\/p>\n<h3><span class=\"ez-toc-section\" id=\"Importanza_del_certificato_fiscale\"><\/span>Importanza del certificato fiscale<span class=\"ez-toc-section-end\"><\/span><\/h3>\n<p>Il certificato fiscale fornito dalla banca \u00e8 un documento fondamentale per la dichiarazione dei redditi. Garantisce la trasparenza degli interessi pagati e fornisce la prova necessaria per beneficiare della detrazione. Nel caso di un prestito privato, il mutuatario deve assicurarsi di ottenere un accordo formale, firmato e datato, per giustificare il pagamento degli interessi. Senza questi documenti, la detrazione potrebbe essere rifiutata dalle autorit\u00e0 fiscali.[\/vc_column_text][\/vc_column][\/vc_row][vc_row full_width=&#8221;stretch_row&#8221; equal_height=&#8221;yes&#8221; el_class=&#8221;lightgrey-bck bigpadding flex-eq-height diagonal-top-bck one-fifth-link-bloc&#8221;][vc_column width=&#8221;1\/5&#8243; data_aos=&#8221;fade-down&#8221; data_aos_delay=&#8221;0&#8243;]<\/p>\n<div class=\"wpb_single_image wpb_content_element vc_align_center  wpb_animate_when_almost_visible wpb_top-to-bottom top-to-bottom wpb_start_animation animated\">\n<figure class=\"wpb_wrapper vc_figure\">\n<div class=\"vc_single_image-wrapper\"><img decoding=\"async\" src=\"https:\/\/multicredit.ch\/wp\/wp-content\/uploads\/c-hab.jpg\" alt=\"\" title=\"\"><\/div><figcaption>\n<h4>Credito per l&#039;alloggio<\/h4>\n<p>Finanziare sviluppi e abitazioni<\/p>\n<\/figcaption><\/figure>\n<\/div>\n<div class=\"vc_btn3-container text-center\"><a class=\"btn-circle-2\" href=\"https:\/\/www.multicredit.ch\/fr\/credit\/credit-habitation\/\" title=\"Credito domestico\"><span class=\"round\">&gt;<\/span><\/a><\/div>\n<p>[\/vc_column][vc_column width=&#8221;1\/5&#8243; data_aos=&#8221;fade-down&#8221; data_aos_delay=&#8221;50&#8243;]<\/p>\n<div class=\"wpb_single_image wpb_content_element vc_align_center  wpb_animate_when_almost_visible wpb_top-to-bottom top-to-bottom wpb_start_animation animated\">\n<figure class=\"wpb_wrapper vc_figure\">\n<div class=\"vc_single_image-wrapper\"><img decoding=\"async\" src=\"https:\/\/multicredit.ch\/wp\/wp-content\/uploads\/c-auto.jpg\" alt=\"\" title=\"\"><\/div><figcaption>\n<h4>Credito auto<\/h4>\n<p>Acquista il tuo veicolo a credito<\/p>\n<\/figcaption><\/figure>\n<\/div>\n<div class=\"vc_btn3-container text-center\"><a class=\"btn-circle-2\" href=\"https:\/\/www.multicredit.ch\/fr\/credit\/credit-auto\" title=\"Credito domestico\"><span class=\"round\">&gt;<\/span><\/a><\/div>\n<p>[\/vc_column][vc_column width=&#8221;1\/5&#8243; data_aos=&#8221;fade-down&#8221; data_aos_delay=&#8221;100&#8243;]<\/p>\n<div class=\"wpb_single_image wpb_content_element vc_align_center  wpb_animate_when_almost_visible wpb_top-to-bottom top-to-bottom wpb_start_animation animated\">\n<figure class=\"wpb_wrapper vc_figure\">\n<div class=\"vc_single_image-wrapper\"><img decoding=\"async\" src=\"https:\/\/multicredit.ch\/wp\/wp-content\/uploads\/c-form.jpg\" alt=\"\" title=\"\"><\/div><figcaption>\n<h4>Crediti formativi<\/h4>\n<p>Finanziare gli studi<\/p>\n<\/figcaption><\/figure>\n<\/div>\n<div class=\"vc_btn3-container text-center\"><a class=\"btn-circle-2\" href=\"https:\/\/www.multicredit.ch\/fr\/credit\/financement-d-etudes-et-de-formations\/\" title=\"Credito domestico\"><span class=\"round\">&gt;<\/span><\/a><\/div>\n<p>[\/vc_column][vc_column width=&#8221;1\/5&#8243; data_aos=&#8221;fade-down&#8221; data_aos_delay=&#8221;150&#8243;]<\/p>\n<div class=\"wpb_single_image wpb_content_element vc_align_center  wpb_animate_when_almost_visible wpb_top-to-bottom top-to-bottom wpb_start_animation animated\">\n<figure class=\"wpb_wrapper vc_figure\">\n<div class=\"vc_single_image-wrapper\"><img decoding=\"async\" src=\"https:\/\/multicredit.ch\/wp\/wp-content\/uploads\/c-med.jpg\" alt=\"\" title=\"\"><\/div><figcaption>\n<h4>Credito medico<\/h4>\n<p>Finanziare l&#039;intervento e le cure mediche<\/p>\n<\/figcaption><\/figure>\n<\/div>\n<div class=\"vc_btn3-container text-center\"><a class=\"btn-circle-2\" href=\"https:\/\/www.multicredit.ch\/fr\/credit\/pret-medical\/\" title=\"Credito domestico\"><span class=\"round\">&gt;<\/span><\/a><\/div>\n<p>[\/vc_column][vc_column width=&#8221;1\/5&#8243; data_aos=&#8221;fade-down&#8221; data_aos_delay=&#8221;200&#8243;]<\/p>\n<div class=\"wpb_single_image wpb_content_element vc_align_center  wpb_animate_when_almost_visible wpb_top-to-bottom top-to-bottom wpb_start_animation animated\">\n<figure class=\"wpb_wrapper vc_figure\">\n<div class=\"vc_single_image-wrapper\"><img decoding=\"async\" src=\"https:\/\/multicredit.ch\/wp\/wp-content\/uploads\/c-all.jpg\" alt=\"\" title=\"\"><\/div><figcaption>\n<h4>Crediti vari<\/h4>\n<p>Per tutti gli altri progetti<\/p>\n<\/figcaption><\/figure>\n<\/div>\n<div class=\"vc_btn3-container text-center\"><a class=\"btn-circle-2\" href=\"https:\/\/www.multicredit.ch\/fr\/credit\/credits-divers\/\" title=\"Credito domestico\"><span class=\"round\">&gt;<\/span><\/a><\/div>\n<p>[\/vc_column][\/vc_row][vc_row full_width=&#8221;stretch_row&#8221; el_class=&#8221;white-bck regularpadding steps&#8221;][vc_column data_aos=&#8221;fade-in&#8221;]<\/p>\n<div class=\"blocktitle title-center title-dark\" clearfix\"><H2><span class=\"ez-toc-section\" id=\"Il_tuo_credito_in_4_passi\"><\/span>Il tuo credito in 4 passi<\/H2><\/p>\n<h4>Facile e veloce<\/h4>\n<\/div>\n<p>[vc_row_inner equal_height=&#8221;yes&#8221;][vc_column_inner width=&#8221;1\/4&#8243;][vc_pie value=&#8221;25&#8243; label_value=&#8221;1&#8243; color=&#8221;custom&#8221; title=&#8221;Richiesta&#8221; custom_color=&#8221;#df003c&#8221;][vc_column_text]<\/p>\n<p style=\"text-align: center;\">Compila il modulo di richiesta di credito in base alle tue esigenze.<\/p>\n<h5 style=\"text-align: center;\">2 min<\/h5>\n<p>[\/vc_column_text][\/vc_column_inner][vc_column_inner width=&#8221;1\/4&#8243;][vc_pie label_value=&#8221;2&#8243; color=&#8221;custom&#8221; title=&#8221;Proposta&#8221; custom_color=&#8221;#df003c&#8221;][vc_column_text]<\/p>\n<p style=\"text-align: center;\">Analizziamo la tua richiesta e ti offriamo una soluzione su misura per il tuo profilo.<\/p>\n<h5 style=\"text-align: center;\">12 ore<\/h5>\n<p>[\/vc_column_text][\/vc_column_inner][vc_column_inner width=&#8221;1\/4&#8243;][vc_pie value=&#8221;75&#8243; label_value=&#8221;3&#8243; color=&#8221;custom&#8221; title=&#8221;Firma&#8221; custom_color=&#8221;#df003c&#8221;][vc_column_text]<\/p>\n<p style=\"text-align: center;\">Una volta redatto il contratto, non dovrai fare altro che firmarlo e inviarcelo.<\/p>\n<h5 style=\"text-align: center;\">Questa fase dipende dalla tua reattivit\u00e0.<\/h5>\n<p>[\/vc_column_text][\/vc_column_inner][vc_column_inner width=&#8221;1\/4&#8243;][vc_pie value=&#8221;100&#8243; label_value=&#8221;4&#8243; color=&#8221;custom&#8221; title=&#8221;Trasferimento&#8221; custom_color=&#8221;#df003c&#8221;][vc_column_text]<\/p>\n<p style=\"text-align: center;\">L&#8217;importo sar\u00e0 trasferito sul tuo conto.<\/p>\n<h5 style=\"text-align: center;\">14 giorni (termine legale)<\/h5>\n<p>[\/vc_column_text][\/vc_column_inner][\/vc_row_inner][\/vc_column][\/vc_row][vc_row full_width=&#8221;stretch_row&#8221; content_placement=&#8221;middle&#8221; el_class=&#8221;lightgrey-bck bigpadding checklist&#8221;][vc_column data_aos=&#8221;fade-in&#8221;]<\/p>\n<div class=\"blocktitle title-left title-dark\" clearfix\"><H3><span class=\"ez-toc-section\" id=\"Lascia_che_ti_aiutiamo_a_trovare_la_migliore_offerta_di_credito_possibile\"><\/span>Lascia che ti aiutiamo a trovare la migliore offerta di credito possibile<\/H3><\/p>\n<h4>Siamo sempre alla ricerca della migliore offerta possibile per i nostri clienti in tutta la Svizzera.<\/h4>\n<\/div>\n<p>[vc_row_inner][vc_column_inner width=&#8221;1\/2&#8243;][vc_column_text]<\/p>\n<div class=\"flex max-w-full flex-col flex-grow\">\n<div class=\"min-h-8 text-message flex w-full flex-col items-end gap-2 whitespace-normal break-words [.text-message+&amp;]:mt-5\" dir=\"auto\" data-message-author-role=\"assistant\" data-message-id=\"9192edd4-92d6-41be-ba73-847e8056cd37\" data-message-model-slug=\"gpt-4o\">\n<div class=\"flex w-full flex-col gap-1 empty:hidden first:pt-[3px]\">\n<div class=\"markdown prose w-full break-words dark:prose-invert light\">\n<h3><span class=\"ez-toc-section\" id=\"Consigli_pratici\"><\/span>Consigli pratici<span class=\"ez-toc-section-end\"><\/span><\/h3>\n<p>Per ottimizzare la tua situazione fiscale:<\/p>\n<ul>\n<li><strong>Conserva i certificati<\/strong>: Assicurati di ricevere e conservare tutti i certificati fiscali rilasciati dalla tua banca o dal tuo creditore privato.<\/li>\n<li><strong>Controlla le tue dichiarazioni<\/strong>: Quando prepari la tua dichiarazione dei redditi, assicurati di includere correttamente gli interessi pagati e di allegare i documenti di supporto richiesti.<\/li>\n<li><strong>Anticipa le regole specifiche<\/strong>: se utilizzi un contratto di leasing per finanziare il tuo veicolo, sappi che gli interessi passivi potrebbero non essere deducibili e pianifica di conseguenza.<\/li>\n<\/ul>\n<p>In sintesi, la deducibilit\u00e0 degli interessi sui prestiti bancari e privati \u00e8 un vantaggio fiscale significativo in Svizzera. Tuttavia, \u00e8 fondamentale conoscere le condizioni associate e disporre dei documenti necessari per giustificare tali detrazioni. Per coloro che finanziano gli acquisti tramite leasing, \u00e8 bene ricordare che non \u00e8 prevista alcuna detrazione fiscale per gli interessi pagati.  <\/p>\n<\/div>\n<\/div>\n<\/div>\n<\/div>\n<div class=\"mb-2 flex gap-3 empty:hidden -ml-2\">\n<div class=\"items-center justify-start rounded-xl p-1 flex\">\n<div class=\"flex items-center\"><\/div>\n<\/div>\n<\/div>\n<p>[\/vc_column_text][vc_btn title=&#8221;Scoprire&#8221; link=&#8221;url:https%3A%2F%2Fwww.multicredit.ch%2Ffr%2Fa-propos%2F|title:Chi%20siamo|&#8221;][\/vc_column_inner][vc_column_inner width=&#8221;1\/2&#8243;][vc_column_text]<\/p>\n<ul>\n<li><strong>Sicurezza e riservatezza<\/strong><\/li>\n<li><strong>Prossimit\u00e0 e responsabilit\u00e0<\/strong><\/li>\n<li><strong>Ritiro garantito in meno di 24 ore<\/strong><\/li>\n<li><strong>Tariffe pi\u00f9 basse rispetto alla concorrenza<\/strong><\/li>\n<\/ul>\n<p>[\/vc_column_text][\/vc_column_inner][\/vc_row_inner][\/vc_column][\/vc_row]<\/section>\n","protected":false},"excerpt":{"rendered":"<p>Trasforma il tuo progetto in realt\u00e0<\/p>\n","protected":false},"author":25,"featured_media":11773,"parent":30588,"menu_order":-9,"comment_status":"closed","ping_status":"closed","template":"template-credit.php","meta":{"inline_featured_image":false,"footnotes":"","_links_to":"","_links_to_target":""},"categories":[298],"class_list":["post-30618","page","type-page","status-publish","has-post-thumbnail","hentry","category-credito"],"_links":{"self":[{"href":"https:\/\/multicredit.ch\/it\/wp-json\/wp\/v2\/pages\/30618","targetHints":{"allow":["GET"]}}],"collection":[{"href":"https:\/\/multicredit.ch\/it\/wp-json\/wp\/v2\/pages"}],"about":[{"href":"https:\/\/multicredit.ch\/it\/wp-json\/wp\/v2\/types\/page"}],"author":[{"embeddable":true,"href":"https:\/\/multicredit.ch\/it\/wp-json\/wp\/v2\/users\/25"}],"replies":[{"embeddable":true,"href":"https:\/\/multicredit.ch\/it\/wp-json\/wp\/v2\/comments?post=30618"}],"version-history":[{"count":2,"href":"https:\/\/multicredit.ch\/it\/wp-json\/wp\/v2\/pages\/30618\/revisions"}],"predecessor-version":[{"id":30620,"href":"https:\/\/multicredit.ch\/it\/wp-json\/wp\/v2\/pages\/30618\/revisions\/30620"}],"up":[{"embeddable":true,"href":"https:\/\/multicredit.ch\/it\/wp-json\/wp\/v2\/pages\/30588"}],"wp:featuredmedia":[{"embeddable":true,"href":"https:\/\/multicredit.ch\/it\/wp-json\/wp\/v2\/media\/11773"}],"wp:attachment":[{"href":"https:\/\/multicredit.ch\/it\/wp-json\/wp\/v2\/media?parent=30618"}],"wp:term":[{"taxonomy":"category","embeddable":true,"href":"https:\/\/multicredit.ch\/it\/wp-json\/wp\/v2\/categories?post=30618"}],"curies":[{"name":"wp","href":"https:\/\/api.w.org\/{rel}","templated":true}]}}