{"id":30609,"date":"2024-11-18T15:49:16","date_gmt":"2024-11-18T15:49:16","guid":{"rendered":"https:\/\/multicredit.ch\/offre-credit\/taux-interet\/"},"modified":"2026-03-10T15:47:00","modified_gmt":"2026-03-10T15:47:00","slug":"taux-interet","status":"publish","type":"page","link":"https:\/\/multicredit.ch\/it\/credito\/offre-credit\/taux-interet\/","title":{"rendered":"Tasso di interesse"},"content":{"rendered":"<section class=\"wpb-content-wrapper\">[vc_row full_width=&#8221;stretch_row&#8221; el_class=&#8221;white-bck bigpadding&#8221; css=&#8221;.vc_custom_1586929679182{padding-bottom: 24px !important;}&#8221;][vc_column data_aos=&#8221;fade-in&#8221;]<\/p>\n<div class=\"blocktitle title-center title-dark\" clearfix\"><H2><span class=\"ez-toc-section\" id=\"Tassi_di_interesse_sui_prestiti_in_Svizzera\"><\/span>Tassi di interesse sui prestiti in Svizzera<\/H2><\/div>\n<p>[vc_column_text]Noi di Multcredit.ch sappiamo che trovare il miglior tasso di interesse per un prestito privato \u00e8 fondamentale per i nostri clienti. Ecco perch\u00e9 il nostro team si impegna a fondo per garantire una ricerca approfondita e personalizzata della <a href=\"https:\/\/multicredit.ch\/it\/credito\/offre-credit\/\">migliore offerta di credito possibile<\/a>. I nostri esperti si prendono il tempo necessario per analizzare il profilo di ogni cliente e determinare le soluzioni di finanziamento pi\u00f9 vantaggiose sul mercato.[\/vc_column_text][vc_column_text el_class=&#8221;pb-2 maxwidth&#8221;]<\/p>\n<h3><span class=\"ez-toc-section\" id=\"Perche_scegliere_Multicreditch\"><\/span>Perch\u00e9 scegliere Multicredit.ch?<span class=\"ez-toc-section-end\"><\/span><\/h3>\n<p>Il nostro obiettivo \u00e8 chiaro: guidarti attraverso l&#8217;intero processo, dalla consultazione iniziale all&#8217;approvazione della tua richiesta, in modo trasparente ed efficiente. Su Multcredit.ch puoi contare su un servizio di qualit\u00e0 che si concentra sulle tue esigenze e priorit\u00e0. La nostra missione \u00e8 quella di trovare il miglior tasso di interesse, in modo che tu possa ottenere un prestito in tutta tranquillit\u00e0.  <\/p>\n<p>Lavoriamo con un&#8217;ampia rete di partner finanziari che ci permette di confrontare le offerte e negoziare le condizioni ottimali. Grazie alla nostra esperienza e al nostro impegno, siamo in grado di decifrare le sottigliezze dei contratti di credito in modo che tu possa approfittare dei migliori tassi disponibili, riducendo i costi totali del tuo prestito.[\/vc_column_text][vc_column_text]<\/p>\n<h3><span class=\"ez-toc-section\" id=\"I_nostri_punti_di_forza_per_ottenere_le_migliori_offerte_possibili_per_i_nostri_clienti_in_tutta_la_Svizzera_sono_i_seguenti\"><\/span>I nostri punti di forza per ottenere le migliori offerte possibili per i nostri clienti in tutta la Svizzera sono i seguenti<span class=\"ez-toc-section-end\"><\/span><\/h3>\n<p>[\/vc_column_text][\/vc_column][\/vc_row][vc_row full_width=&#8221;stretch_row&#8221; el_class=&#8221;white-bck&#8221; css=&#8221;.vc_custom_1586930817763{padding-top: 24px !important;padding-bottom: 0px !important;}&#8221;][vc_column width=&#8221;1\/2&#8243; data_aos=&#8221;fade-up&#8221; el_class=&#8221;checklist&#8221;][vc_column_text]<\/p>\n<ul>\n<li>Ricevi una decisione preliminare in soli 5 minuti, durante il primo contatto telefonico<\/li>\n<li>La tua richiesta verr\u00e0 elaborata gratuitamente e riceverai un&#8217;offerta non vincolante.<\/li>\n<li>Garanzia di riservatezza (siamo vincolati al segreto bancario)<\/li>\n<li>Rimborso flessibile da 12 a 84 mesi<\/li>\n<li>Pagamenti mensili adeguati e interessi pi\u00f9 bassi<\/li>\n<li>Condizioni flessibili e adattabili (durata, tasso, importo)<\/li>\n<li>Estinguere il prestito in anticipo in qualsiasi momento<\/li>\n<\/ul>\n<p>[\/vc_column_text][\/vc_column][vc_column width=&#8221;1\/2&#8243; data_aos=&#8221;fade-up&#8221; data_aos_delay=&#8221;250&#8243; el_class=&#8221;checklist&#8221;][vc_column_text]<\/p>\n<ul>\n<li>Per i cittadini svizzeri e i titolari di permesso C sono possibili detrazioni fiscali per gli interessi sui debiti<\/li>\n<li>Pi\u00f9 facile e veloce dei mutui e dei leasing<\/li>\n<li>Occuparsi di tutte le formalit\u00e0 amministrative<\/li>\n<li>Procedure semplici, veloci e discrete<\/li>\n<li>Il tuo file compilato da uno specialista<\/li>\n<li>Consulenza personale a domicilio o presso il nostro ufficio<\/li>\n<\/ul>\n<p>[\/vc_column_text][\/vc_column][\/vc_row][vc_row full_width=&#8221;stretch_row&#8221; el_class=&#8221;white-bck bigpadding&#8221; css=&#8221;.vc_custom_1586929684389{padding-top: 24px !important;}&#8221;][vc_column data_aos=&#8221;fade-in&#8221;][vc_column_text el_class=&#8221;pt-2&#8243;]<\/p>\n<p style=\"text-align: center;\"><strong>Per i privati che vivono in Svizzera, i cittadini svizzeri o i <a href=\"https:\/\/www.sem.admin.ch\/sem\/fr\/home\/themen\/aufenthalt\/eu_efta.html\" target=\"_blank\" rel=\"noopener\">titolari di un permesso B o C o di una carta di legittimazione (D, E, G e H)<\/a>, \u00e8 possibile aumentare la propria liquidit\u00e0 e risparmiare. Approfitta di uno studio personalizzato del tuo progetto e di un&#8217;offerta di prestito su misura in tempi brevissimi. <\/strong><\/p>\n<h3><span class=\"ez-toc-section\" id=\"Un_servizio_incentrato_su_di_te\"><\/span>Un servizio incentrato su di te<span class=\"ez-toc-section-end\"><\/span><\/h3>\n<p>Quando ti rivolgi a Multcredit.ch, puoi essere certo di ricevere un servizio incentrato sulle tue specifiche esigenze. Iniziamo ascoltando e comprendendo la tua situazione finanziaria, i tuoi obiettivi e le tue aspettative. Questa fase di consultazione ci permette di costruire un solido dossier che corrisponde perfettamente al tuo profilo e alle tue esigenze.  <\/p>\n<h3><span class=\"ez-toc-section\" id=\"Una_vasta_rete_di_partner\"><\/span>Una vasta rete di partner<span class=\"ez-toc-section-end\"><\/span><\/h3>\n<p>Il nostro punto di forza \u00e8 la capacit\u00e0 di accedere a una vasta rete di partner finanziari, che vanno dai principali istituti bancari alle organizzazioni specializzate. Grazie a questa diversit\u00e0, possiamo confrontare un&#8217;ampia gamma di offerte e condizioni, permettendoci di selezionare quelle che offrono i migliori tassi di interesse e vantaggi per te. <\/p>\n<h3><span class=\"ez-toc-section\" id=\"Analisi_approfondita_per_risultati_ottimali\"><\/span>Analisi approfondita per risultati ottimali<span class=\"ez-toc-section-end\"><\/span><\/h3>\n<p>Il team di Multcredit.ch utilizza strumenti avanzati e competenze all&#8217;avanguardia per analizzare ogni dettaglio delle offerte di credito. Prendiamo in considerazione diversi elementi, come l&#8217;importo preso in prestito, la durata del prestito, i costi accessori e la flessibilit\u00e0 di rimborso, per negoziare condizioni che agevolino il tuo budget. Ogni dettaglio viene esaminato per massimizzare i tuoi vantaggi e ridurre i costi del prestito.  <\/p>\n<h3><span class=\"ez-toc-section\" id=\"Negoziati_strategici_e_trasparenti\"><\/span>Negoziati strategici e trasparenti<span class=\"ez-toc-section-end\"><\/span><\/h3>\n<p>Il nostro team \u00e8 proattivo e negozia per conto tuo per ottenere i termini e le condizioni pi\u00f9 competitive del mercato. Questa \u00e8 una fase cruciale, perch\u00e9 un buon tasso di interesse pu\u00f2 fare la differenza sul costo complessivo del tuo credito. I nostri esperti negoziano in totale trasparenza, tenendoti informato in ogni fase del processo. In questo modo sarai sempre aggiornato sui progressi e sulle scelte a tua disposizione.   <\/p>\n<h3><span class=\"ez-toc-section\" id=\"Assistenza_e_monitoraggio_personalizzati_per_il_tuo_credito\"><\/span>Assistenza e monitoraggio personalizzati per il tuo credito<span class=\"ez-toc-section-end\"><\/span><\/h3>\n<p>Noi di Multcredit.ch non ci limitiamo a trovare il tasso migliore: ti supportiamo durante l&#8217;intero processo, dalla presentazione della domanda all&#8217;ottenimento dei fondi. La nostra missione \u00e8 quella di rendere questa esperienza fluida e rassicurante. Ci occupiamo di tutte le pratiche burocratiche, cos\u00ec non dovrai preoccuparti di stress e complicazioni. Inoltre, siamo a disposizione per rispondere a tutte le tue domande anche dopo l&#8217;approvazione del credito, per un follow-up efficiente e un&#8217;assistenza continua.[\/vc_column_text][\/vc_column][\/vc_row][vc_row full_width=&#8221;stretch_row&#8221; equal_height=&#8221;yes&#8221; el_class=&#8221;lightgrey-bck bigpadding flex-eq-height diagonal-top-bck one-fifth-link-bloc&#8221;][vc_column width=&#8221;1\/5&#8243; data_aos=&#8221;fade-down&#8221; data_aos_delay=&#8221;0&#8243;]<\/p>\n<div class=\"wpb_single_image wpb_content_element vc_align_center  wpb_animate_when_almost_visible wpb_top-to-bottom top-to-bottom wpb_start_animation animated\">\n<figure class=\"wpb_wrapper vc_figure\">\n<div class=\"vc_single_image-wrapper\"><img decoding=\"async\" src=\"https:\/\/multicredit.ch\/wp\/wp-content\/uploads\/c-hab.jpg\" alt=\"\" title=\"\"><\/div><figcaption>\n<h4>Credito per l&#039;alloggio<\/h4>\n<p>Finanziare sviluppi e abitazioni<\/p>\n<\/figcaption><\/figure>\n<\/div>\n<div class=\"vc_btn3-container text-center\"><a class=\"btn-circle-2\" href=\"https:\/\/www.multicredit.ch\/fr\/credit\/credit-habitation\/\" title=\"Credito domestico\"><span class=\"round\">&gt;<\/span><\/a><\/div>\n<p>[\/vc_column][vc_column width=&#8221;1\/5&#8243; data_aos=&#8221;fade-down&#8221; data_aos_delay=&#8221;50&#8243;]<\/p>\n<div class=\"wpb_single_image wpb_content_element vc_align_center  wpb_animate_when_almost_visible wpb_top-to-bottom top-to-bottom wpb_start_animation animated\">\n<figure class=\"wpb_wrapper vc_figure\">\n<div class=\"vc_single_image-wrapper\"><img decoding=\"async\" src=\"https:\/\/multicredit.ch\/wp\/wp-content\/uploads\/c-auto.jpg\" alt=\"\" title=\"\"><\/div><figcaption>\n<h4>Credito auto<\/h4>\n<p>Acquista il tuo veicolo a credito<\/p>\n<\/figcaption><\/figure>\n<\/div>\n<div class=\"vc_btn3-container text-center\"><a class=\"btn-circle-2\" href=\"https:\/\/www.multicredit.ch\/fr\/credit\/credit-auto\" title=\"Credito domestico\"><span class=\"round\">&gt;<\/span><\/a><\/div>\n<p>[\/vc_column][vc_column width=&#8221;1\/5&#8243; data_aos=&#8221;fade-down&#8221; data_aos_delay=&#8221;100&#8243;]<\/p>\n<div class=\"wpb_single_image wpb_content_element vc_align_center  wpb_animate_when_almost_visible wpb_top-to-bottom top-to-bottom wpb_start_animation animated\">\n<figure class=\"wpb_wrapper vc_figure\">\n<div class=\"vc_single_image-wrapper\"><img decoding=\"async\" src=\"https:\/\/multicredit.ch\/wp\/wp-content\/uploads\/c-form.jpg\" alt=\"\" title=\"\"><\/div><figcaption>\n<h4>Crediti formativi<\/h4>\n<p>Finanziare gli studi<\/p>\n<\/figcaption><\/figure>\n<\/div>\n<div class=\"vc_btn3-container text-center\"><a class=\"btn-circle-2\" href=\"https:\/\/www.multicredit.ch\/fr\/credit\/financement-d-etudes-et-de-formations\/\" title=\"Credito domestico\"><span class=\"round\">&gt;<\/span><\/a><\/div>\n<p>[\/vc_column][vc_column width=&#8221;1\/5&#8243; data_aos=&#8221;fade-down&#8221; data_aos_delay=&#8221;150&#8243;]<\/p>\n<div class=\"wpb_single_image wpb_content_element vc_align_center  wpb_animate_when_almost_visible wpb_top-to-bottom top-to-bottom wpb_start_animation animated\">\n<figure class=\"wpb_wrapper vc_figure\">\n<div class=\"vc_single_image-wrapper\"><img decoding=\"async\" src=\"https:\/\/multicredit.ch\/wp\/wp-content\/uploads\/c-med.jpg\" alt=\"\" title=\"\"><\/div><figcaption>\n<h4>Credito medico<\/h4>\n<p>Finanziare l&#039;intervento e le cure mediche<\/p>\n<\/figcaption><\/figure>\n<\/div>\n<div class=\"vc_btn3-container text-center\"><a class=\"btn-circle-2\" href=\"https:\/\/www.multicredit.ch\/fr\/credit\/pret-medical\/\" title=\"Credito domestico\"><span class=\"round\">&gt;<\/span><\/a><\/div>\n<p>[\/vc_column][vc_column width=&#8221;1\/5&#8243; data_aos=&#8221;fade-down&#8221; data_aos_delay=&#8221;200&#8243;]<\/p>\n<div class=\"wpb_single_image wpb_content_element vc_align_center  wpb_animate_when_almost_visible wpb_top-to-bottom top-to-bottom wpb_start_animation animated\">\n<figure class=\"wpb_wrapper vc_figure\">\n<div class=\"vc_single_image-wrapper\"><img decoding=\"async\" src=\"https:\/\/multicredit.ch\/wp\/wp-content\/uploads\/c-all.jpg\" alt=\"\" title=\"\"><\/div><figcaption>\n<h4>Crediti vari<\/h4>\n<p>Per tutti gli altri progetti<\/p>\n<\/figcaption><\/figure>\n<\/div>\n<div class=\"vc_btn3-container text-center\"><a class=\"btn-circle-2\" href=\"https:\/\/www.multicredit.ch\/fr\/credit\/credits-divers\/\" title=\"Credito domestico\"><span class=\"round\">&gt;<\/span><\/a><\/div>\n<p>[\/vc_column][\/vc_row][vc_row full_width=&#8221;stretch_row&#8221; el_class=&#8221;white-bck regularpadding steps&#8221;][vc_column data_aos=&#8221;fade-in&#8221;]<\/p>\n<div class=\"blocktitle title-center title-dark\" clearfix\"><H2><span class=\"ez-toc-section\" id=\"Il_tuo_credito_in_4_passi\"><\/span>Il tuo credito in 4 passi<\/H2><\/p>\n<h4>Facile e veloce<\/h4>\n<\/div>\n<p>[vc_row_inner equal_height=&#8221;yes&#8221;][vc_column_inner width=&#8221;1\/4&#8243;][vc_pie value=&#8221;25&#8243; label_value=&#8221;1&#8243; color=&#8221;custom&#8221; title=&#8221;Richiesta&#8221; custom_color=&#8221;#df003c&#8221;][vc_column_text]<\/p>\n<p style=\"text-align: center;\">Compila il modulo di richiesta di credito in base alle tue esigenze.<\/p>\n<h5 style=\"text-align: center;\">2 min<\/h5>\n<p>[\/vc_column_text][\/vc_column_inner][vc_column_inner width=&#8221;1\/4&#8243;][vc_pie label_value=&#8221;2&#8243; color=&#8221;custom&#8221; title=&#8221;Proposta&#8221; custom_color=&#8221;#df003c&#8221;][vc_column_text]<\/p>\n<p style=\"text-align: center;\">Analizziamo la tua richiesta e ti offriamo una soluzione su misura per il tuo profilo.<\/p>\n<h5 style=\"text-align: center;\">12 ore<\/h5>\n<p>[\/vc_column_text][\/vc_column_inner][vc_column_inner width=&#8221;1\/4&#8243;][vc_pie value=&#8221;75&#8243; label_value=&#8221;3&#8243; color=&#8221;custom&#8221; title=&#8221;Firma&#8221; custom_color=&#8221;#df003c&#8221;][vc_column_text]<\/p>\n<p style=\"text-align: center;\">Una volta redatto il contratto, non dovrai fare altro che firmarlo e inviarcelo.<\/p>\n<h5 style=\"text-align: center;\">Questa fase dipende dalla tua reattivit\u00e0.<\/h5>\n<p>[\/vc_column_text][\/vc_column_inner][vc_column_inner width=&#8221;1\/4&#8243;][vc_pie value=&#8221;100&#8243; label_value=&#8221;4&#8243; color=&#8221;custom&#8221; title=&#8221;Trasferimento&#8221; custom_color=&#8221;#df003c&#8221;][vc_column_text]<\/p>\n<p style=\"text-align: center;\">L&#8217;importo sar\u00e0 trasferito sul tuo conto.<\/p>\n<h5 style=\"text-align: center;\">14 giorni (termine legale)<\/h5>\n<p>[\/vc_column_text][\/vc_column_inner][\/vc_row_inner][\/vc_column][\/vc_row][vc_row full_width=&#8221;stretch_row&#8221; content_placement=&#8221;middle&#8221; el_class=&#8221;lightgrey-bck bigpadding checklist&#8221;][vc_column data_aos=&#8221;fade-in&#8221;]<\/p>\n<div class=\"blocktitle title-left title-dark\" clearfix\"><H3><span class=\"ez-toc-section\" id=\"Lascia_che_ti_aiutiamo_a_trovare_la_migliore_offerta_di_credito_possibile\"><\/span>Lascia che ti aiutiamo a trovare la migliore offerta di credito possibile<\/H3><\/p>\n<h4>Siamo sempre alla ricerca della migliore offerta possibile per i nostri clienti in tutta la Svizzera.<\/h4>\n<\/div>\n<p>[vc_row_inner][vc_column_inner width=&#8221;1\/2&#8243;][vc_column_text]<\/p>\n<h3><span class=\"ez-toc-section\" id=\"Risultati_concreti\"><\/span>Risultati concreti<span class=\"ez-toc-section-end\"><\/span><\/h3>\n<p>Grazie alla nostra esperienza e al nostro impegno, i nostri clienti beneficiano regolarmente di tassi di interesse inferiori alla media del mercato. Questo sostanziale risparmio sulla durata del prestito permette ai nostri clienti di realizzare i loro progetti mantenendo la loro stabilit\u00e0 finanziaria. <\/p>\n<h3><span class=\"ez-toc-section\" id=\"La_soddisfazione_al_centro_del_nostro_approccio\"><\/span>La soddisfazione al centro del nostro approccio<span class=\"ez-toc-section-end\"><\/span><\/h3>\n<p>Sappiamo che la fiducia va guadagnata e che la soddisfazione del cliente \u00e8 la nostra migliore pubblicit\u00e0. Ecco perch\u00e9 facciamo tutto il possibile per superare le tue aspettative. Il tuo successo \u00e8 il nostro successo e noi di Multcredit.ch ci impegniamo a fornirti un&#8217;esperienza trasparente, conveniente e adatta alle tue esigenze.  <\/p>\n<p>Scegliendo Multcredit.ch, scegli un partner di fiducia che si impegna a trovare il miglior tasso di interesse per il tuo prestito privato. Il nostro team si impegna a rendere il processo semplice, veloce e finanziariamente vantaggioso, in modo che tu possa ottenere il prestito in tutta tranquillit\u00e0 e con la certezza di aver fatto la scelta giusta.[\/vc_column_text][vc_btn title=&#8221;Scoprire&#8221; link=&#8221;url:https%3A%2F%2Fwww.multicredit.ch%2Ffr%2Fa-propos%2F|title:Chi%20siamo|&#8221;][\/vc_column_inner][vc_column_inner width=&#8221;1\/2&#8243;][vc_column_text]<\/p>\n<ul>\n<li><strong>Sicurezza e riservatezza<\/strong><\/li>\n<li><strong>Prossimit\u00e0 e responsabilit\u00e0<\/strong><\/li>\n<li><strong>Ritiro garantito in meno di 24 ore<\/strong><\/li>\n<li><strong>Tariffe pi\u00f9 basse rispetto alla concorrenza<\/strong><\/li>\n<\/ul>\n<p>[\/vc_column_text][\/vc_column_inner][\/vc_row_inner][\/vc_column][\/vc_row]<\/section>\n","protected":false},"excerpt":{"rendered":"<p>Trasforma il tuo progetto in realt\u00e0<\/p>\n","protected":false},"author":25,"featured_media":11773,"parent":30588,"menu_order":-9,"comment_status":"closed","ping_status":"closed","template":"template-credit.php","meta":{"inline_featured_image":false,"footnotes":"","_links_to":"","_links_to_target":""},"categories":[298],"class_list":["post-30609","page","type-page","status-publish","has-post-thumbnail","hentry","category-credito"],"_links":{"self":[{"href":"https:\/\/multicredit.ch\/it\/wp-json\/wp\/v2\/pages\/30609","targetHints":{"allow":["GET"]}}],"collection":[{"href":"https:\/\/multicredit.ch\/it\/wp-json\/wp\/v2\/pages"}],"about":[{"href":"https:\/\/multicredit.ch\/it\/wp-json\/wp\/v2\/types\/page"}],"author":[{"embeddable":true,"href":"https:\/\/multicredit.ch\/it\/wp-json\/wp\/v2\/users\/25"}],"replies":[{"embeddable":true,"href":"https:\/\/multicredit.ch\/it\/wp-json\/wp\/v2\/comments?post=30609"}],"version-history":[{"count":2,"href":"https:\/\/multicredit.ch\/it\/wp-json\/wp\/v2\/pages\/30609\/revisions"}],"predecessor-version":[{"id":30611,"href":"https:\/\/multicredit.ch\/it\/wp-json\/wp\/v2\/pages\/30609\/revisions\/30611"}],"up":[{"embeddable":true,"href":"https:\/\/multicredit.ch\/it\/wp-json\/wp\/v2\/pages\/30588"}],"wp:featuredmedia":[{"embeddable":true,"href":"https:\/\/multicredit.ch\/it\/wp-json\/wp\/v2\/media\/11773"}],"wp:attachment":[{"href":"https:\/\/multicredit.ch\/it\/wp-json\/wp\/v2\/media?parent=30609"}],"wp:term":[{"taxonomy":"category","embeddable":true,"href":"https:\/\/multicredit.ch\/it\/wp-json\/wp\/v2\/categories?post=30609"}],"curies":[{"name":"wp","href":"https:\/\/api.w.org\/{rel}","templated":true}]}}