{"id":30588,"date":"2024-11-07T13:11:12","date_gmt":"2024-11-07T13:11:12","guid":{"rendered":"https:\/\/multicredit.ch\/offre-credit\/"},"modified":"2026-03-10T14:46:48","modified_gmt":"2026-03-10T14:46:48","slug":"offre-credit","status":"publish","type":"page","link":"https:\/\/multicredit.ch\/it\/credito\/offre-credit\/","title":{"rendered":"Offerte di credito: ottenere le migliori offerte"},"content":{"rendered":"<section class=\"wpb-content-wrapper\">[vc_row full_width=&#8221;stretch_row&#8221; el_class=&#8221;white-bck bigpadding&#8221; css=&#8221;.vc_custom_1586929679182{padding-bottom: 24px !important;}&#8221;][vc_column data_aos=&#8221;fade-in&#8221;]<\/p>\n<div class=\"blocktitle title-center title-dark\" clearfix\"><H2><span class=\"ez-toc-section\" id=\"Ottieni_subito_la_migliore_offerta_di_credito_con_noi\"><\/span>Ottieni subito la migliore offerta di credito con noi!<\/H2><\/div>\n<p>[vc_column_text]Hai gi\u00e0 richiesto un prestito in Svizzera in passato e stai cercando una soluzione adatta, sostenibile e sicura per i tuoi progetti futuri a un <a href=\"https:\/\/multicredit.ch\/fr\/credit\/offre-credit\/taux-interet\/\">tasso di interesse interessante<\/a>? Noi di MultiCredit sappiamo che le tue aspettative cambiano nel tempo e che le tue priorit\u00e0 sono chiare: un servizio trasparente, risposte precise e una gestione efficiente della tua pratica per ottenere la migliore offerta possibile per il tuo credito. <a href=\"https:\/\/multicredit.ch\/it\/credito\/simulateur\/\">Prova subito il nostro simulatore di credito<\/a>! <\/p>\n<p>Ottenere un credito a un <strong>tasso vantaggioso<\/strong> dipende principalmente dalla <strong>tua affidabilit\u00e0 creditizia, dalla tua gestione finanziaria e dalla qualit\u00e0 del tuo dossier<\/strong>. Ecco i passi fondamentali per ottimizzare la tua richiesta e massimizzare le possibilit\u00e0 di essere approvato alle <strong>migliori condizioni possibili<\/strong>. <\/p>\n<hr>\n<h2><span class=\"ez-toc-section\" id=\"Preparare_un_solido_dossier_finanziario\"><\/span><strong>Preparare un solido dossier finanziario<\/strong><span class=\"ez-toc-section-end\"><\/span><\/h2>\n<p>Gli istituti di credito considerano una serie di fattori per valutare la tua capacit\u00e0 di rimborso. Per rafforzare la tua credibilit\u00e0: <\/p>\n<p>\u2705 <strong>Un lavoro stabile<\/strong>: avere un contratto a tempo indeterminato o un impiego pubblico \u00e8 un vantaggio importante. Per i lavoratori autonomi, \u00e8 consigliabile avere un reddito stabile per <strong>2 o 3 anni<\/strong>.<br \/>\n\u2705 <strong>Un reddito sufficiente<\/strong>: assicurati che il tuo <strong>rapporto di indebitamento rimanga al di sotto del 33%<\/strong> del tuo reddito netto.<br \/>\n\u2705 <strong>Una situazione bancaria impeccabile<\/strong>: evita gli scoperti e dimostra una buona gestione del tuo conto.<br \/>\n\u2705 <strong>Un estratto di recupero crediti pulito<\/strong>: chiedi un estratto del registro dei crediti per verificare che non ci siano debiti insoluti. <\/p>\n<p>\ud83d\udccc <strong>Consiglio:<\/strong> se hai dei debiti in sospeso, cerca di saldarli prima di presentare una nuova domanda.<\/p>\n<hr>\n<h2><span class=\"ez-toc-section\" id=\"Migliorare_il_tuo_punteggio_di_credito\"><\/span><strong>Migliorare il tuo punteggio di credito<\/strong><span class=\"ez-toc-section-end\"><\/span><\/h2>\n<p>Il tuo <strong>rating creditizio<\/strong> (noto anche come <strong>scoring bancario<\/strong>) influisce notevolmente sui tassi offerti dalle banche. Per migliorarlo: <\/p>\n<p>\u2714 <strong>Paga i prestiti in corso<\/strong> prima di accenderne uno nuovo.<br \/>\n\u2714 <strong>Evita di richiedere pi\u00f9 crediti contemporaneamente<\/strong>: questo pu\u00f2 segnalare un bisogno urgente di denaro ed essere un segnale d&#8217;allarme per le banche.<br \/>\n\u2714 <strong>Non usare troppo la carta di credito<\/strong>: un saldo elevato ogni mese pu\u00f2 essere visto come un segno di sovraindebitamento.<br \/>\n\u2714 <strong>Tieni un buon risparmio<\/strong>: avere dei risparmi dimostra che sai gestire le tue finanze.<\/p>\n<p>\ud83d\udccc <strong>Consiglio:<\/strong> ordina l&#8217;<strong>estratto di credito ZEK<\/strong> (Zentralstelle f\u00fcr Kreditinformation) per vedere il tuo rating prima di fare domanda.<\/p>\n<hr>\n<h2><span class=\"ez-toc-section\" id=\"Scegliere_limporto_e_la_durata_giusta\"><\/span><strong>Scegliere l&#8217;importo e la durata giusta<\/strong><span class=\"ez-toc-section-end\"><\/span><\/h2>\n<p>\ud83d\udca1 <strong>Evita di chiedere un importo troppo elevato<\/strong>: pi\u00f9 grande \u00e8 il prestito, pi\u00f9 la banca sar\u00e0 restia a concederlo.<br \/>\n\ud83d\udca1 <strong>Opta per una durata ragionevole<\/strong>: un prestito di <strong>48-60 mesi<\/strong> pu\u00f2 offrire un buon compromesso tra rate mensili basse e costi totali contenuti.<\/p>\n<p>\ud83d\udccc <strong>Consiglio:<\/strong> simula diversi scenari prima di iscriverti per trovare l&#8217;opzione che massimizza le tue possibilit\u00e0 di essere accettato.<\/p>\n<hr>\n<h2><span class=\"ez-toc-section\" id=\"Garanzie_aggiuntive\"><\/span><strong>Garanzie aggiuntive<\/strong><span class=\"ez-toc-section-end\"><\/span><\/h2>\n<p>Pi\u00f9 riuscirai a rassicurare l&#8217;istituto di credito, pi\u00f9 basso sar\u00e0 il tasso che otterrai. Ecco alcune strategie efficaci: <\/p>\n<p>\ud83d\udd39 <strong>Un co-mutuatario<\/strong> (coniuge, genitore) pu\u00f2 rassicurare la banca e migliorare le condizioni del tuo prestito.<br \/>\n\ud83d\udd39 <strong>Un deposito personale<\/strong> (10-20% dell&#8217;importo preso in prestito) dimostra il tuo impegno e riduce il rischio per la banca.<br \/>\n\ud83d\udd39 Un <strong>reddito aggiuntivo<\/strong> (affitto percepito, reddito da investimento) pu\u00f2 rafforzare il tuo caso.<\/p>\n<hr>\n<h2><span class=\"ez-toc-section\" id=\"Giustificare_luso_del_credito\"><\/span><strong>Giustificare l&#8217;uso del credito<\/strong><span class=\"ez-toc-section-end\"><\/span><\/h2>\n<p>Le banche preferiscono finanziare progetti concreti che hanno un impatto positivo sulla tua situazione finanziaria.<br \/>\nUn <strong>mutuo per la casa<\/strong> \u00e8 percepito meglio di un credito al consumo.<br \/>\nUn <strong>riacquisto del credito<\/strong> per ottimizzare il tuo debito \u00e8 una buona giustificazione.<br \/>\nIl <strong>finanziamento di un veicolo per uso professionale<\/strong> pu\u00f2 essere un argomento favorevole.<\/p>\n<p>\ud83d\udccc <strong>Suggerimento:<\/strong> evita di specificare una destinazione vaga come &#8220;esigenze di liquidit\u00e0&#8221;, che pu\u00f2 preoccupare le banche.<\/p>\n<hr>\n<h2><span class=\"ez-toc-section\" id=\"Utilizzare_un_mediatore_creditizio\"><\/span><strong>Utilizzare un mediatore creditizio<\/strong><span class=\"ez-toc-section-end\"><\/span><\/h2>\n<p>Un <strong>broker specializzato<\/strong> come <strong>MultiCredit, Lend.ch o Cashare<\/strong> pu\u00f2:<br \/>\n\ud83d\udd39 Trovare le migliori offerte confrontando diversi istituti.<br \/>\n\ud83d\udd39 Negoziare una <strong>tariffa pi\u00f9 bassa<\/strong> grazie al loro volume di affari.<br \/>\n\ud83d\udd39 Ti aiutano a evitare le richieste multiple e a proteggere il tuo rating creditizio.<\/p>\n<p>\ud83d\udccc <strong>Suggerimento:<\/strong> un broker addebita le commissioni solo se il credito viene concesso.<\/p>\n<hr>\n<h2><span class=\"ez-toc-section\" id=\"Controlla_i_documenti_da_fornire\"><\/span><strong>Controlla i documenti da fornire<\/strong><span class=\"ez-toc-section-end\"><\/span><\/h2>\n<p>Una domanda <strong>completa e ben preparata<\/strong> accelera l&#8217;elaborazione e aumenta le possibilit\u00e0 di essere accettato.<br \/>\n\ud83d\udccc  <strong>Documenti generalmente richiesti :<\/strong><\/p>\n<ul>\n<li>Carta d&#8217;identit\u00e0 o permesso di soggiorno (B o C per i cittadini stranieri).<\/li>\n<li>Buste paga degli ultimi 3 mesi.<\/li>\n<li>Ultimo accertamento fiscale.<\/li>\n<li>Estratti conto bancari recenti.<\/li>\n<li>Estratto dal registro dei procedimenti giudiziari.<\/li>\n<\/ul>\n<hr>\n<h2><span class=\"ez-toc-section\" id=\"Confronta_le_offerte_e_negozia\"><\/span><strong>Confronta le offerte e negozia<\/strong><span class=\"ez-toc-section-end\"><\/span><\/h2>\n<p>Anche se una banca accetta la tua richiesta, <strong>non accettare la prima offerta senza averla confrontata!<\/strong><br \/>\n\u2714 Confronta il <strong>TAEG (Tasso Annuo Percentuale)<\/strong> delle diverse offerte.<br \/>\nControlla che non ci siano <strong>costi nascosti<\/strong>.<br \/>\nNegoziare il tasso se hai una buona affidabilit\u00e0 creditizia.<\/p>\n<p>\ud83d\udccc <strong>Suggerimento: le<\/strong> banche online spesso offrono <strong>tassi migliori<\/strong> rispetto agli istituti tradizionali.<\/p>\n<hr>\n<p>&nbsp;<\/p>\n<p>Per ottenere il <strong>miglior tasso sul tuo prestito<\/strong>, devi:<br \/>\n\u2705 <strong>curare il tuo dossier creditizio<\/strong> (reddito stabile, basso indebitamento, storia bancaria pulita).<br \/>\n\u2705 <strong>migliorare il tuo punteggio creditizio<\/strong> (nessun debito in sospeso, risparmi solidi).<br \/>\n\u2705 <strong>utilizzare un broker<\/strong> per confrontare e negoziare le offerte.<br \/>\n\u2705 <strong>evitare di fare pi\u00f9 richieste<\/strong>, che possono influire sul tuo rating.<\/p>\n<p><strong>Una buona domanda e un approccio strategico aumentano le tue possibilit\u00e0 di essere accettato e ti permettono di ottenere il tasso pi\u00f9 basso possibile!<\/strong><\/p>\n<p>Hai bisogno di aiuto per strutturare la tua domanda?[\/vc_column_text][vc_column_text el_class=&#8221;pb-2 maxwidth&#8221;]<\/p>\n<h3><span class=\"ez-toc-section\" id=\"Perche_scegliere_Multicreditch_per_la_migliore_offerta_di_credito\"><\/span>Perch\u00e9 scegliere Multicredit.ch per la migliore offerta di credito?<span class=\"ez-toc-section-end\"><\/span><\/h3>\n<ul>\n<li><strong>Sostenibilit\u00e0<\/strong>: le nostre soluzioni di <a href=\"https:\/\/multicredit.ch\/it\/\">credito<\/a> sono progettate per integrarsi perfettamente nella tua gestione finanziaria a lungo termine. Ci assicuriamo che il tuo credito sia adattato alla tua situazione e che rimanga una risorsa, non un vincolo che ti impedisce di andare avanti. <\/li>\n<li><strong>Competenza<\/strong>: con anni di esperienza nel settore del <a href=\"https:\/\/multicredit.ch\/it\/credito\/\">credito privato in Svizzera<\/a>, il nostro team conosce le caratteristiche specifiche del mercato e sa come personalizzare ogni richiesta di finanziamento per soddisfare le esigenze individuali dei nostri clienti da Losanna a Ginevra e da Friburgo a Martigny.<\/li>\n<li><strong>Sicurezza<\/strong>: la tua tranquillit\u00e0 \u00e8 al centro del nostro impegno. La tua richiesta sar\u00e0 gestita con la massima riservatezza e saremo al tuo fianco in ogni fase del processo per assicurarti un processo fluido e trasparente per la tua richiesta di credito o di <a href=\"https:\/\/multicredit.ch\/it\/credito\/offre-credit\/carta-di-credito\/\">carta di credito<\/a>, a seconda delle tue esigenze! <\/li>\n<\/ul>\n<p>[\/vc_column_text][vc_column_text]<\/p>\n<h3><span class=\"ez-toc-section\" id=\"I_nostri_punti_di_forza_per_ottenere_le_migliori_offerte_possibili_per_i_nostri_clienti_in_tutta_la_Svizzera_sono_i_seguenti\"><\/span>I nostri punti di forza per ottenere le migliori offerte possibili per i nostri clienti in tutta la Svizzera sono i seguenti<span class=\"ez-toc-section-end\"><\/span><\/h3>\n<p>[\/vc_column_text][\/vc_column][\/vc_row][vc_row full_width=&#8221;stretch_row&#8221; el_class=&#8221;white-bck&#8221; css=&#8221;.vc_custom_1586930817763{padding-top: 24px !important;padding-bottom: 0px !important;}&#8221;][vc_column width=&#8221;1\/2&#8243; data_aos=&#8221;fade-up&#8221; el_class=&#8221;checklist&#8221;][vc_column_text]<\/p>\n<ul>\n<li>Riceverai una decisione preliminare sulla tua offerta di credito in soli 5 minuti, durante il primo contatto telefonico.<\/li>\n<li>Elaborazione gratuita della tua domanda e offerta di credito senza impegno<\/li>\n<li>Garanzia di riservatezza (siamo vincolati al segreto bancario)<\/li>\n<li>Rimborso flessibile del tuo credito da 12 a 84 mesi<\/li>\n<li>Pagamenti mensili adeguati e interessi pi\u00f9 bassi<\/li>\n<li>Condizioni flessibili e adattabili (durata, tasso, importo)<\/li>\n<li>Rimborso anticipato del prestito in qualsiasi momento senza penalit\u00e0<\/li>\n<\/ul>\n<p>[\/vc_column_text][\/vc_column][vc_column width=&#8221;1\/2&#8243; data_aos=&#8221;fade-up&#8221; data_aos_delay=&#8221;250&#8243; el_class=&#8221;checklist&#8221;][vc_column_text]<\/p>\n<ul>\n<li>Per i cittadini svizzeri e i titolari di permesso C sono possibili detrazioni fiscali per gli interessi sui debiti<\/li>\n<li>Pi\u00f9 facile e veloce dei mutui e dei leasing<\/li>\n<li>Il nostro team si occuper\u00e0 di tutte le formalit\u00e0 amministrative<\/li>\n<li>Procedure semplici, veloci e discrete<\/li>\n<li>Il tuo file compilato da uno specialista del credito<\/li>\n<li>Consulenza personale a domicilio o presso il nostro ufficio per ottimizzare la tua richiesta di credito in Svizzera<\/li>\n<\/ul>\n<p>[\/vc_column_text][\/vc_column][\/vc_row][vc_row full_width=&#8221;stretch_row&#8221; el_class=&#8221;white-bck bigpadding&#8221; css=&#8221;.vc_custom_1586929684389{padding-top: 24px !important;}&#8221;][vc_column data_aos=&#8221;fade-in&#8221;][vc_column_text el_class=&#8221;pt-2&#8243;]<\/p>\n<p style=\"text-align: center;\"><strong>Per i privati che vivono in Svizzera, i cittadini svizzeri o i <a href=\"https:\/\/www.sem.admin.ch\/sem\/fr\/home\/themen\/aufenthalt\/eu_efta.html\" target=\"_blank\" rel=\"noopener\">titolari di un permesso B o C o di una carta di legittimazione (D, E, G e H)<\/a>, \u00e8 possibile aumentare la propria liquidit\u00e0 e risparmiare. Approfitta di uno studio personalizzato del tuo progetto e di un&#8217;offerta di prestito su misura in tempi brevissimi. <\/strong><\/p>\n<h3><span class=\"ez-toc-section\" id=\"Anticipare_le_tue_preoccupazioni\"><\/span>Anticipare le tue preoccupazioni<span class=\"ez-toc-section-end\"><\/span><\/h3>\n<p>Sappiamo che, anche dopo aver sottoscritto un prestito, rimangono alcune domande:<\/p>\n<ul>\n<li><strong>Posso ottenere condizioni di credito migliori questa volta?<\/strong><\/li>\n<li><strong>Il mio credito attuale pu\u00f2 essere ottimizzato o consolidato con una nuova soluzione pi\u00f9 vantaggiosa?<\/strong><\/li>\n<li><strong>La gestione dei rimborsi sar\u00e0 pi\u00f9 semplice e sicura?<\/strong><\/li>\n<\/ul>\n<p>Noi di Multicredit.ch ci prendiamo il tempo necessario per analizzare la tua situazione attuale e offrirti soluzioni su misura che tengano conto del tuo background e dei tuoi obiettivi futuri.<\/p>\n<h3><span class=\"ez-toc-section\" id=\"Un_servizio_che_comprende_le_tue_esigenze_di_finanziamento\"><\/span>Un servizio che comprende le tue esigenze di finanziamento<span class=\"ez-toc-section-end\"><\/span><\/h3>\n<p>Il nostro approccio alla ricerca della tua offerta di credito \u00e8 empatico e si basa su una comprensione approfondita delle tue aspettative nella ricerca della tua offerta di credito. Sappiamo che ogni decisione finanziaria \u00e8 importante ed \u00e8 per questo che siamo qui per consigliarti in modo trasparente e attento. Ti meriti un partner che ti ascolti e ti aiuti a gestire il processo in modo efficiente e senza stress. La nostra esperienza si estende anche al <a href=\"https:\/\/multicredit.ch\/it\/credito\/riacquisto-prestito\/riacquisto-credito\/\">riacquisto del credito<\/a>, quindi non esitare a chiederci maggiori informazioni.[\/vc_column_text][\/vc_column][\/vc_row][vc_row full_width=&#8221;stretch_row&#8221; equal_height=&#8221;yes&#8221; el_class=&#8221;lightgrey-bck bigpadding flex-eq-height diagonal-top-bck one-fifth-link-bloc&#8221;][vc_column width=&#8221;1\/5&#8243; data_aos=&#8221;fade-down&#8221; data_aos_delay=&#8221;0&#8243;]<\/p>\n<div class=\"wpb_single_image wpb_content_element vc_align_center  wpb_animate_when_almost_visible wpb_top-to-bottom top-to-bottom wpb_start_animation animated\">\n<figure class=\"wpb_wrapper vc_figure\">\n<div class=\"vc_single_image-wrapper\"><img decoding=\"async\" src=\"https:\/\/multicredit.ch\/wp\/wp-content\/uploads\/c-hab.jpg\" alt=\"\" title=\"\"><\/div><figcaption>\n<h4>Credito per l&#039;alloggio<\/h4>\n<p>Finanziare sviluppi e abitazioni<\/p>\n<\/figcaption><\/figure>\n<\/div>\n<div class=\"vc_btn3-container text-center\"><a class=\"btn-circle-2\" href=\"https:\/\/www.multicredit.ch\/fr\/credit\/credit-habitation\/\" title=\"Credito domestico\"><span class=\"round\">&gt;<\/span><\/a><\/div>\n<p>[\/vc_column][vc_column width=&#8221;1\/5&#8243; data_aos=&#8221;fade-down&#8221; data_aos_delay=&#8221;50&#8243;]<\/p>\n<div class=\"wpb_single_image wpb_content_element vc_align_center  wpb_animate_when_almost_visible wpb_top-to-bottom top-to-bottom wpb_start_animation animated\">\n<figure class=\"wpb_wrapper vc_figure\">\n<div class=\"vc_single_image-wrapper\"><img decoding=\"async\" src=\"https:\/\/multicredit.ch\/wp\/wp-content\/uploads\/c-auto.jpg\" alt=\"\" title=\"\"><\/div><figcaption>\n<h4>Credito auto<\/h4>\n<p>Acquista il tuo veicolo a credito<\/p>\n<\/figcaption><\/figure>\n<\/div>\n<div class=\"vc_btn3-container text-center\"><a class=\"btn-circle-2\" href=\"https:\/\/multicredit.ch\/fr\/credit-vehicule\/financement-automobile\/\" title=\"Credito domestico\" target=\"_blank\"><span class=\"round\">&gt;<\/span><\/a><\/div>\n<p>[\/vc_column][vc_column width=&#8221;1\/5&#8243; data_aos=&#8221;fade-down&#8221; data_aos_delay=&#8221;100&#8243;]<\/p>\n<div class=\"wpb_single_image wpb_content_element vc_align_center  wpb_animate_when_almost_visible wpb_top-to-bottom top-to-bottom wpb_start_animation animated\">\n<figure class=\"wpb_wrapper vc_figure\">\n<div class=\"vc_single_image-wrapper\"><img decoding=\"async\" src=\"https:\/\/multicredit.ch\/wp\/wp-content\/uploads\/c-form.jpg\" alt=\"\" title=\"\"><\/div><figcaption>\n<h4>Crediti formativi<\/h4>\n<p>Finanziare gli studi<\/p>\n<\/figcaption><\/figure>\n<\/div>\n<div class=\"vc_btn3-container text-center\"><a class=\"btn-circle-2\" href=\"https:\/\/www.multicredit.ch\/fr\/credit\/financement-d-etudes-et-de-formations\/\" title=\"Credito domestico\"><span class=\"round\">&gt;<\/span><\/a><\/div>\n<p>[\/vc_column][vc_column width=&#8221;1\/5&#8243; data_aos=&#8221;fade-down&#8221; data_aos_delay=&#8221;150&#8243;]<\/p>\n<div class=\"wpb_single_image wpb_content_element vc_align_center  wpb_animate_when_almost_visible wpb_top-to-bottom top-to-bottom wpb_start_animation animated\">\n<figure class=\"wpb_wrapper vc_figure\">\n<div class=\"vc_single_image-wrapper\"><img decoding=\"async\" src=\"https:\/\/multicredit.ch\/wp\/wp-content\/uploads\/c-med.jpg\" alt=\"\" title=\"\"><\/div><figcaption>\n<h4>Credito medico<\/h4>\n<p>Finanziare l&#039;intervento e le cure mediche<\/p>\n<\/figcaption><\/figure>\n<\/div>\n<div class=\"vc_btn3-container text-center\"><a class=\"btn-circle-2\" href=\"https:\/\/www.multicredit.ch\/fr\/credit\/pret-medical\/\" title=\"Credito domestico\"><span class=\"round\">&gt;<\/span><\/a><\/div>\n<p>[\/vc_column][vc_column width=&#8221;1\/5&#8243; data_aos=&#8221;fade-down&#8221; data_aos_delay=&#8221;200&#8243;]<\/p>\n<div class=\"wpb_single_image wpb_content_element vc_align_center  wpb_animate_when_almost_visible wpb_top-to-bottom top-to-bottom wpb_start_animation animated\">\n<figure class=\"wpb_wrapper vc_figure\">\n<div class=\"vc_single_image-wrapper\"><img decoding=\"async\" src=\"https:\/\/multicredit.ch\/wp\/wp-content\/uploads\/c-all.jpg\" alt=\"\" title=\"\"><\/div><figcaption>\n<h4>Crediti vari<\/h4>\n<p>Per tutti gli altri progetti<\/p>\n<\/figcaption><\/figure>\n<\/div>\n<div class=\"vc_btn3-container text-center\"><a class=\"btn-circle-2\" href=\"https:\/\/www.multicredit.ch\/fr\/credit\/credits-divers\/\" title=\"Credito domestico\"><span class=\"round\">&gt;<\/span><\/a><\/div>\n<p>[\/vc_column][\/vc_row][vc_row full_width=&#8221;stretch_row&#8221; el_class=&#8221;white-bck regularpadding steps&#8221;][vc_column data_aos=&#8221;fade-in&#8221;]<\/p>\n<div class=\"blocktitle title-center title-dark\" clearfix\"><H2><span class=\"ez-toc-section\" id=\"Il_tuo_credito_in_4_passi\"><\/span>Il tuo credito in 4 passi<\/H2><\/p>\n<h4>Facile e veloce<\/h4>\n<\/div>\n<p>[vc_row_inner equal_height=&#8221;yes&#8221;][vc_column_inner width=&#8221;1\/4&#8243;][vc_pie value=&#8221;25&#8243; label_value=&#8221;1&#8243; color=&#8221;custom&#8221; title=&#8221;Richiesta&#8221; custom_color=&#8221;#df003c&#8221;][vc_column_text]<\/p>\n<p style=\"text-align: center;\">Compila il modulo di richiesta di credito in base alle tue esigenze.<\/p>\n<h5 style=\"text-align: center;\">2 min<\/h5>\n<p>[\/vc_column_text][\/vc_column_inner][vc_column_inner width=&#8221;1\/4&#8243;][vc_pie label_value=&#8221;2&#8243; color=&#8221;custom&#8221; title=&#8221;Proposta&#8221; custom_color=&#8221;#df003c&#8221;][vc_column_text]<\/p>\n<p style=\"text-align: center;\">Analizziamo la tua richiesta e ti offriamo una soluzione su misura per il tuo profilo.<\/p>\n<h5 style=\"text-align: center;\">12 ore<\/h5>\n<p>[\/vc_column_text][\/vc_column_inner][vc_column_inner width=&#8221;1\/4&#8243;][vc_pie value=&#8221;75&#8243; label_value=&#8221;3&#8243; color=&#8221;custom&#8221; title=&#8221;Firma&#8221; custom_color=&#8221;#df003c&#8221;][vc_column_text]<\/p>\n<p style=\"text-align: center;\">Una volta redatto il contratto, non dovrai fare altro che firmarlo e inviarcelo.<\/p>\n<h5 style=\"text-align: center;\">Questa fase dipende dalla tua reattivit\u00e0.<\/h5>\n<p>[\/vc_column_text][\/vc_column_inner][vc_column_inner width=&#8221;1\/4&#8243;][vc_pie value=&#8221;100&#8243; label_value=&#8221;4&#8243; color=&#8221;custom&#8221; title=&#8221;Trasferimento&#8221; custom_color=&#8221;#df003c&#8221;][vc_column_text]<\/p>\n<p style=\"text-align: center;\">L&#8217;importo sar\u00e0 trasferito sul tuo conto.<\/p>\n<h5 style=\"text-align: center;\">14 giorni (termine legale)<\/h5>\n<p>[\/vc_column_text][\/vc_column_inner][\/vc_row_inner][\/vc_column][\/vc_row][vc_row full_width=&#8221;stretch_row&#8221; content_placement=&#8221;middle&#8221; el_class=&#8221;lightgrey-bck bigpadding checklist&#8221;][vc_column data_aos=&#8221;fade-in&#8221;]<\/p>\n<div class=\"blocktitle title-left title-dark\" clearfix\"><H3><span class=\"ez-toc-section\" id=\"Lascia_che_ti_aiutiamo_a_trovare_la_migliore_offerta_di_credito_possibile\"><\/span>Lascia che ti aiutiamo a trovare la migliore offerta di credito possibile<\/H3><\/p>\n<h4>Siamo sempre alla ricerca della migliore offerta possibile per i nostri clienti in tutta la Svizzera.<\/h4>\n<\/div>\n<p>[vc_row_inner][vc_column_inner width=&#8221;1\/2&#8243;][vc_column_text]Affidati all&#8217;esperienza di <strong>MultiCredit<\/strong> per trasformare le tue aspirazioni in realt\u00e0 con la tua nuova offerta di credito. I nostri specialisti sono a disposizione per rispondere a tutte le tue domande, offrirti una consulenza personalizzata e guidarti verso la soluzione di credito pi\u00f9 adatta a te, utilizzando strumenti innovativi che siamo orgogliosi di essere gli unici a offrire! <\/p>\n<p>Fai il primo passo verso un sostegno finanziario su misura contattando oggi stesso il nostro team. <strong>MultiCredit<\/strong>, perch\u00e9 i tuoi progetti meritano un&#8217;attenzione speciale e una competenza impeccabile per ottenere il s\u00ec alla tua migliore offerta di credito.[\/vc_column_text][vc_btn title=&#8221;Scoprire&#8221; link=&#8221;url:https%3A%2F%2Fwww.multicredit.ch%2Ffr%2Fa-propos%2F|title:Chi%20siamo|&#8221;][\/vc_column_inner][vc_column_inner width=&#8221;1\/2&#8243;][vc_column_text]<\/p>\n<ul>\n<li><strong>Sicurezza e riservatezza<\/strong><\/li>\n<li><strong>Prossimit\u00e0 e responsabilit\u00e0<\/strong><\/li>\n<li><strong>Ritiro garantito in meno di 24 ore<\/strong><\/li>\n<li><strong>Tariffe pi\u00f9 basse rispetto alla concorrenza<\/strong><\/li>\n<\/ul>\n<h4 style=\"text-align: right;\">Offerta di credito<\/h4>\n<p>[\/vc_column_text][\/vc_column_inner][\/vc_row_inner][\/vc_column][\/vc_row]<\/section>\n","protected":false},"excerpt":{"rendered":"<p>Trasforma il tuo progetto in realt\u00e0<\/p>\n","protected":false},"author":25,"featured_media":11773,"parent":12359,"menu_order":-9,"comment_status":"closed","ping_status":"closed","template":"template-credit.php","meta":{"inline_featured_image":false,"footnotes":"","_links_to":"","_links_to_target":""},"categories":[298],"class_list":["post-30588","page","type-page","status-publish","has-post-thumbnail","hentry","category-credito"],"_links":{"self":[{"href":"https:\/\/multicredit.ch\/it\/wp-json\/wp\/v2\/pages\/30588","targetHints":{"allow":["GET"]}}],"collection":[{"href":"https:\/\/multicredit.ch\/it\/wp-json\/wp\/v2\/pages"}],"about":[{"href":"https:\/\/multicredit.ch\/it\/wp-json\/wp\/v2\/types\/page"}],"author":[{"embeddable":true,"href":"https:\/\/multicredit.ch\/it\/wp-json\/wp\/v2\/users\/25"}],"replies":[{"embeddable":true,"href":"https:\/\/multicredit.ch\/it\/wp-json\/wp\/v2\/comments?post=30588"}],"version-history":[{"count":2,"href":"https:\/\/multicredit.ch\/it\/wp-json\/wp\/v2\/pages\/30588\/revisions"}],"predecessor-version":[{"id":30590,"href":"https:\/\/multicredit.ch\/it\/wp-json\/wp\/v2\/pages\/30588\/revisions\/30590"}],"up":[{"embeddable":true,"href":"https:\/\/multicredit.ch\/it\/wp-json\/wp\/v2\/pages\/12359"}],"wp:featuredmedia":[{"embeddable":true,"href":"https:\/\/multicredit.ch\/it\/wp-json\/wp\/v2\/media\/11773"}],"wp:attachment":[{"href":"https:\/\/multicredit.ch\/it\/wp-json\/wp\/v2\/media?parent=30588"}],"wp:term":[{"taxonomy":"category","embeddable":true,"href":"https:\/\/multicredit.ch\/it\/wp-json\/wp\/v2\/categories?post=30588"}],"curies":[{"name":"wp","href":"https:\/\/api.w.org\/{rel}","templated":true}]}}