{"id":30527,"date":"2024-12-06T19:18:00","date_gmt":"2024-12-06T19:18:00","guid":{"rendered":"https:\/\/multicredit.ch\/credito\/calculateur\/"},"modified":"2026-03-10T12:49:52","modified_gmt":"2026-03-10T12:49:52","slug":"calculateur","status":"publish","type":"page","link":"https:\/\/multicredit.ch\/it\/credito\/calculateur\/","title":{"rendered":"Calcolatore di credito: veloce ed efficiente"},"content":{"rendered":"<section class=\"wpb-content-wrapper\">[vc_row][vc_column][vc_empty_space height=&#8221;80px&#8221;][vc_column_text]<iframe style=\"margin: 0; padding: 0; border: none;\" src=\"https:\/\/audioblog.arteradio.com\/embed\/241874\" width=\"100%\"><\/iframe>[\/vc_column_text][\/vc_column][\/vc_row][vc_row][vc_column width=&#8221;1\/2&#8243;]<\/p>\n<div class=\"blocktitle title-center title-dark\" clearfix\"><H2><span class=\"ez-toc-section\" id=\"Calcolatore_di_credito_in_Svizzera\"><\/span>Calcolatore di credito in Svizzera<\/H2><\/p>\n<h4>Un prestito senza complicazioni amministrative. Veloce, semplice e discreto <\/h4>\n<\/div>\n<p>[vc_column_text css_animation=&#8221;fadeIn&#8221;]Noi di <strong>MultiCredit<\/strong> sappiamo che ogni progetto \u00e8 unico. Ecco perch\u00e9 abbiamo sviluppato un <strong>calcolatore di credito intuitivo e accurato<\/strong>, progettato per darti una stima rapida e chiara dei tuoi pagamenti mensili. Un buon calcolatore di credito spesso fa la differenza quando si tratta di pianificare la tua <a href=\"https:\/\/multicredit.ch\/it\/richiesta-di-credito\/\">richiesta di credito<\/a>! Che tu stia cercando di finanziare un&#8217;auto, un lavoro edile o un progetto personale, il nostro strumento \u00e8 il punto di partenza ideale per capire il tuo finanziamento.  <\/p>\n<p style=\"text-align: center;\">Decisione in linea di massima entro <strong>24-48 ore<\/strong>, grazie alla nostra esperienza sul mercato dal 1999. Abbiamo ottenuto migliaia di prestiti per i nostri clienti in tutta la Svizzera.<\/p>\n<p>[\/vc_column_text][\/vc_column][vc_column width=&#8221;1\/2&#8243;][vc_single_image image=&#8221;11653&#8243; img_size=&#8221;large&#8221; css_animation=&#8221;fadeIn&#8221;][\/vc_column][\/vc_row][vc_row][vc_column][vc_empty_space height=&#8221;50px&#8221;][\/vc_column][\/vc_row][vc_row][vc_column width=&#8221;1\/2&#8243;][vc_single_image image=&#8221;11668&#8243; img_size=&#8221;full&#8221; alignment=&#8221;center&#8221; css_animation=&#8221;fadeIn&#8221;][\/vc_column][vc_column width=&#8221;1\/2&#8243;]<\/p>\n<div class=\"blocktitle title-center title-dark\" clearfix\"><H2><span class=\"ez-toc-section\" id=\"Migliaia_di_prestiti_ottenuti_per_i_nostri_clienti_in_Svizzera\"><\/span>Migliaia di prestiti ottenuti per i nostri clienti in Svizzera<\/H2><\/p>\n<h4>Che tu viva a Friburgo, Ginevra, Martigny o anche Berna, non esitare a rivolgerti alla nostra esperienza nel campo del credito.<\/h4>\n<\/div>\n<p>[vc_column_text css_animation=&#8221;fadeIn&#8221;]<\/p>\n<h3><span class=\"ez-toc-section\" id=\"Perche_usare_il_nostro_calcolatore_di_credito\"><\/span><strong>Perch\u00e9 usare il nostro calcolatore di credito?<\/strong><span class=\"ez-toc-section-end\"><\/span><\/h3>\n<ul>\n<li><strong>Stima rapida e precisa:<\/strong> inserisci semplicemente l&#8217;importo che vuoi prendere in prestito sul tuo <a href=\"https:\/\/multicredit.ch\/it\/\">credito<\/a>, il periodo di rimborso e scoprirai subito i tuoi potenziali rimborsi mensili.<\/li>\n<li><strong>Costi reali inseriti nel nostro calcolatore di credito:<\/strong> grazie alla nostra esperienza, il nostro calcolatore incorpora il <strong>Tasso Annuo Effettivo Globale (TAEG)<\/strong> per una stima realistica del costo totale del tuo credito.<\/li>\n<li><strong>Flessibilit\u00e0:<\/strong> regola i parametri in tempo reale per trovare l&#8217;opzione pi\u00f9 adatta alle tue <a href=\"https:\/\/multicredit.ch\/it\/richiesta-di-credito\/\">esigenze di credito<\/a>.<\/li>\n<\/ul>\n<p>[\/vc_column_text][\/vc_column][\/vc_row][vc_row][vc_column][vc_empty_space height=&#8221;50px&#8221;]<\/p>\n<div class=\"blocktitle title-left title-dark\" clearfix\"><H3><span class=\"ez-toc-section\" id=\"Finanziamento_vantaggioso\"><\/span>Finanziamento vantaggioso<\/H3><\/div>\n<p>[vc_column_text css_animation=&#8221;fadeIn&#8221;]<\/p>\n<h3><span class=\"ez-toc-section\" id=\"Lattenzione_e_la_competenza_di_MultiCredit_la_tua_soluzione_su_misura\"><\/span><strong>L&#8217;attenzione e la competenza di MultiCredit: la tua soluzione su misura<\/strong><span class=\"ez-toc-section-end\"><\/span><\/h3>\n<p>Da diversi anni MultiCredit aiuta i privati in Svizzera a trovare soluzioni di credito adeguate e vantaggiose. La nostra missione non si limita a offrire uno strumento di calcolo ad alte prestazioni. Siamo qui per guidarti, consigliarti e supportarti in ogni fase della tua richiesta.  <\/p>\n<ol>\n<li><strong>Ascolto attento:<\/strong><br \/>\nI nostri consulenti si prendono il tempo necessario per capire le tue esigenze, la tua situazione finanziaria e i tuoi progetti. Crediamo che ogni cliente meriti un&#8217;attenzione personalizzata. <\/li>\n<li><strong>Competenza riconosciuta:<\/strong><br \/>\nCon anni di esperienza nel settore del credito, abbiamo aiutato migliaia di persone a realizzare i loro progetti. La nostra conoscenza approfondita ci permette di negoziare tassi competitivi e condizioni vantaggiose per i nostri clienti. <\/li>\n<li><strong>Soluzioni su misura:<\/strong><br \/>\nChe tu abbia bisogno di un piccolo prestito o di un finanziamento pi\u00f9 consistente, ti offriamo importi che vanno da <strong>3.000 a 400.000 CHF<\/strong>, con termini di rimborso flessibili.<\/li>\n<li><strong>Trasparenza totale:<\/strong><br \/>\nTi spieghiamo chiaramente le differenze tra il <strong>tasso nominale<\/strong> e il <strong>tasso effettivo<\/strong> in modo che tu possa prendere una decisione consapevole.<\/li>\n<\/ol>\n<h3><span class=\"ez-toc-section\" id=\"Come_funziona_il_calcolatore_di_credito\"><\/span><strong>Come funziona il calcolatore di credito?<\/strong><span class=\"ez-toc-section-end\"><\/span><\/h3>\n<ol>\n<li><strong>Inserisci l&#8217;importo desiderato:<\/strong> ad esempio, <strong>CHF 20.000<\/strong>.<\/li>\n<li><strong>Indica il periodo di rimborso:<\/strong> Ad esempio, <strong>36 mesi<\/strong>.<\/li>\n<li><strong>Scopri i tuoi rimborsi mensili stimati e il costo totale del credito:<\/strong> il nostro strumento include i costi del TAEG per una simulazione realistica.<\/li>\n<\/ol>\n<hr>\n<h3><span class=\"ez-toc-section\" id=\"MultiCredit_piu_di_un_calcolatore_un_partner_fidato\"><\/span><strong>MultiCredit, pi\u00f9 di un calcolatore: un partner fidato<\/strong><span class=\"ez-toc-section-end\"><\/span><\/h3>\n<p>Una volta effettuata la simulazione, i nostri consulenti sono a disposizione per accompagnarti nel percorso, sia che si tratti di un <a href=\"https:\/\/multicredit.ch\/it\/credito\/credit-vehicule\/credito-auto\/\">prestito auto<\/a> che di un <a href=\"https:\/\/multicredit.ch\/it\/credito\/\">prestito privato<\/a>. Analizziamo il tuo profilo nel dettaglio e ti proponiamo offerte su misura, negoziate con i nostri partner finanziari. Il nostro obiettivo \u00e8 quello di offrirti <strong>la soluzione pi\u00f9 vantaggiosa e pi\u00f9 adatta<\/strong> alle tue esigenze.  <\/p>\n<hr>\n<h3><span class=\"ez-toc-section\" id=\"Agisci_oggi_stesso_utilizzando_il_nostro_calcolatore_di_credito\"><\/span><strong>Agisci oggi stesso utilizzando il nostro calcolatore di credito!<\/strong><span class=\"ez-toc-section-end\"><\/span><\/h3>\n<p>Utilizza il nostro calcolatore di credito online per ottenere un rapido preventivo. Poi lascia che i nostri esperti ti aiutino a trovare la migliore soluzione di finanziamento. Con <strong>MultiCredit<\/strong> puoi beneficiare di un servizio su misura, di un ascolto attento e dell&#8217;esperienza di un attore fidato. Puoi anche contattarci per una soluzione <a href=\"https:\/\/multicredit.ch\/it\/credito\/offre-credit\/carta-di-credito\/\">con carta di credito<\/a>!   <\/p>\n<p><strong>Calcola subito il tuo credito e realizza i tuoi progetti in tutta tranquillit\u00e0!<\/strong><\/p>\n<h4 style=\"text-align: right;\">Calcolatore di credito<\/h4>\n<p>[\/vc_column_text][\/vc_column][\/vc_row]<\/section>\n","protected":false},"excerpt":{"rendered":"<p>[vc_row][vc_column][vc_empty_space height=&#8221;80px&#8221;][vc_column_text][\/vc_column_text][\/vc_column][\/vc_row][vc_row][vc_column width=&#8221;1\/2&#8243;][vc_column_text css_animation=&#8221;fadeIn&#8221;]Noi di MultiCredit sappiamo che ogni progetto \u00e8 unico. Ecco perch\u00e9 abbiamo sviluppato un calcolatore di credito intuitivo e accurato, progettato per darti una stima rapida e chiara dei tuoi pagamenti mensili. Un buon calcolatore di credito spesso fa la differenza quando si tratta di pianificare la tua richiesta di credito! Che [&hellip;]<\/p>\n","protected":false},"author":25,"featured_media":11524,"parent":12359,"menu_order":0,"comment_status":"closed","ping_status":"closed","template":"template-credit.php","meta":{"inline_featured_image":false,"footnotes":"","_links_to":"","_links_to_target":""},"categories":[765],"class_list":["post-30527","page","type-page","status-publish","has-post-thumbnail","hentry","category-credit-independant-it"],"_links":{"self":[{"href":"https:\/\/multicredit.ch\/it\/wp-json\/wp\/v2\/pages\/30527","targetHints":{"allow":["GET"]}}],"collection":[{"href":"https:\/\/multicredit.ch\/it\/wp-json\/wp\/v2\/pages"}],"about":[{"href":"https:\/\/multicredit.ch\/it\/wp-json\/wp\/v2\/types\/page"}],"author":[{"embeddable":true,"href":"https:\/\/multicredit.ch\/it\/wp-json\/wp\/v2\/users\/25"}],"replies":[{"embeddable":true,"href":"https:\/\/multicredit.ch\/it\/wp-json\/wp\/v2\/comments?post=30527"}],"version-history":[{"count":3,"href":"https:\/\/multicredit.ch\/it\/wp-json\/wp\/v2\/pages\/30527\/revisions"}],"predecessor-version":[{"id":30530,"href":"https:\/\/multicredit.ch\/it\/wp-json\/wp\/v2\/pages\/30527\/revisions\/30530"}],"up":[{"embeddable":true,"href":"https:\/\/multicredit.ch\/it\/wp-json\/wp\/v2\/pages\/12359"}],"wp:featuredmedia":[{"embeddable":true,"href":"https:\/\/multicredit.ch\/it\/wp-json\/wp\/v2\/media\/11524"}],"wp:attachment":[{"href":"https:\/\/multicredit.ch\/it\/wp-json\/wp\/v2\/media?parent=30527"}],"wp:term":[{"taxonomy":"category","embeddable":true,"href":"https:\/\/multicredit.ch\/it\/wp-json\/wp\/v2\/categories?post=30527"}],"curies":[{"name":"wp","href":"https:\/\/api.w.org\/{rel}","templated":true}]}}