{"id":27908,"date":"2025-01-10T20:44:07","date_gmt":"2025-01-10T20:44:07","guid":{"rendered":"https:\/\/multicredit.ch\/credito-10000-chf\/"},"modified":"2025-01-27T10:17:09","modified_gmt":"2025-01-27T10:17:09","slug":"credito-10000-chf","status":"publish","type":"page","link":"https:\/\/multicredit.ch\/it\/credito\/offre-credit\/credito-10000-chf\/","title":{"rendered":"Credito 10&#8217;000 CHF"},"content":{"rendered":"<section class=\"wpb-content-wrapper\">[vc_row full_width=&#8221;stretch_row&#8221; el_class=&#8221;white-bck bigpadding&#8221; css=&#8221;.vc_custom_1586929679182{padding-bottom: 24px !important;}&#8221;][vc_column data_aos=&#8221;fade-in&#8221;]<\/p>\n<div class=\"blocktitle title-center title-dark\" clearfix\"><H2><span class=\"ez-toc-section\" id=\"Richiedete_un_credito_di_10000_CHF_con_MultiCredit\"><\/span>Richiedete un credito di 10&#039;000 CHF con MultiCredit.<\/H2><\/div>\n<p>[vc_column_text]Per richiedere un credito privato di 10&#8217;000 CHF presso MultiCredit, seguite i passaggi seguenti. Assicuratevi di preparare tutti i documenti necessari e di comprendere bene le condizioni del prestito prima di inviare la vostra richiesta.[\/vc_column_text][vc_column_text el_class=&#8221;pb-2 maxwidth&#8221;]<br \/>\n<strong>Perch\u00e9 scegliere Multicredit.ch per ottenere la migliore offerta di credito?<\/strong><\/p>\n<h3><span class=\"ez-toc-section\" id=\"Verificate_i_criteri_di_idoneita\"><\/span><strong>Verificate i criteri di idoneit\u00e0<\/strong><span class=\"ez-toc-section-end\"><\/span><\/h3>\n<p>Prima di iniziare il processo di richiesta, assicuratevi di soddisfare i criteri di idoneit\u00e0 di MultiCredit. Generalmente, questi includono:<\/p>\n<ul>\n<li><strong>Et\u00e0<\/strong>: Essere maggiorenni (18 anni o pi\u00f9).<\/li>\n<li><strong>Residenza<\/strong>: Essere residenti in Svizzera.<\/li>\n<li><strong>Reddito stabile<\/strong>: Disporre di un reddito regolare e sufficiente per rimborsare il prestito.<\/li>\n<li><strong>Storico creditizio<\/strong>: Avere un buon storico creditizio senza gravi incidenti finanziari.<\/li>\n<\/ul>\n<h3><span class=\"ez-toc-section\" id=\"Raccogliete_i_documenti_necessari\"><\/span><strong>Raccogliete i documenti necessari<\/strong><span class=\"ez-toc-section-end\"><\/span><\/h3>\n<p>Preparate i seguenti documenti per facilitare la vostra richiesta:<\/p>\n<ul>\n<li><strong>Documento d\u2019identit\u00e0<\/strong>: Passaporto o carta d\u2019identit\u00e0 valida.<\/li>\n<li><strong>Prova di domicilio<\/strong>: Fattura recente (elettricit\u00e0, acqua, ecc.) o contratto di locazione.<\/li>\n<li><strong>Prove di reddito<\/strong>: Ultimi tre cedolini paga, certificato di imposta o dichiarazione dei redditi.<\/li>\n<li><strong>Estratti conto bancari<\/strong>: Estratti degli ultimi tre-sei mesi.<\/li>\n<li><strong>Altri documenti<\/strong>: A seconda delle esigenze specifiche di MultiCredit (ad esempio, certificato di impiego, lettera del datore di lavoro).<\/li>\n<\/ul>\n<p>[\/vc_column_text][vc_column_text]<\/p>\n<h3><span class=\"ez-toc-section\" id=\"I_nostri_punti_di_forza_per_ottenere_le_migliori_offerte_per_i_nostri_clienti_in_tutta_la_Svizzera\"><\/span><strong>I nostri punti di forza per ottenere le migliori offerte per i nostri clienti in tutta la Svizzera<\/strong><span class=\"ez-toc-section-end\"><\/span><\/h3>\n<p>\u2714 <strong>Tassi competitivi<\/strong> \u2013 Offriamo condizioni vantaggiose e personalizzate.<br \/>\n\u2714 <strong>Processo rapido e semplice<\/strong> \u2013 Richiesta online con risposta veloce.<br \/>\n\u2714 <strong>Accompagnamento personalizzato<\/strong> \u2013 Consulenza su misura per ogni cliente.<br \/>\n\u2714 <strong>Flexibilit\u00e0 di rimborso<\/strong> \u2013 Piani adattabili alle vostre esigenze finanziarie.<br \/>\n\u2714 <strong>Confidenzialit\u00e0 garantita<\/strong> \u2013 Trattiamo ogni richiesta con la massima discrezione.<br \/>\n[\/vc_column_text][\/vc_column][\/vc_row][vc_row full_width=&#8221;stretch_row&#8221; el_class=&#8221;white-bck&#8221; css=&#8221;.vc_custom_1586930817763{padding-top: 24px !important;padding-bottom: 0px !important;}&#8221;][vc_column width=&#8221;1\/2&#8243; data_aos=&#8221;fade-up&#8221; el_class=&#8221;checklist&#8221;][vc_column_text]<\/p>\n<h3><span class=\"ez-toc-section\" id=\"I_vantaggi_della_vostra_offerta_di_credito_con_MultiCredit\"><\/span><strong>I vantaggi della vostra offerta di credito con MultiCredit<\/strong><span class=\"ez-toc-section-end\"><\/span><\/h3>\n<p>\u2714 <strong>Decisione preliminare in soli 5 minuti<\/strong> durante il primo contatto telefonico.<br \/>\n\u2714 <strong>Elaborazione gratuita<\/strong> della vostra richiesta e offerta di credito senza impegno.<br \/>\n\u2714 <strong>Massima riservatezza<\/strong> \u2013 Siamo soggetti al segreto bancario.<br \/>\n\u2714 <strong>Rimborso flessibile<\/strong> da 12 a 84 mesi.<br \/>\n\u2714 <strong>Rate mensili adattabili<\/strong> e riduzione degli interessi.<br \/>\n\u2714 <strong>Condizioni flessibili<\/strong> \u2013 durata, tasso e importo su misura per voi.<br \/>\n\u2714 <strong>Estinzione anticipata<\/strong> del prestito in qualsiasi momento senza penalit\u00e0.<br \/>\n[\/vc_column_text][\/vc_column][vc_column width=&#8221;1\/2&#8243; data_aos=&#8221;fade-up&#8221; data_aos_delay=&#8221;250&#8243; el_class=&#8221;checklist&#8221;][vc_column_text]<\/p>\n<h3><span class=\"ez-toc-section\" id=\"I_vantaggi_esclusivi_di_MultiCredit\"><\/span><strong>I vantaggi esclusivi di MultiCredit<\/strong><span class=\"ez-toc-section-end\"><\/span><\/h3>\n<p>\u2714 <strong>Vantaggi fiscali<\/strong> \u2013 Per cittadini svizzeri e titolari di permesso C, possibilit\u00e0 di dedurre gli interessi del debito dalle imposte.<br \/>\n\u2714 <strong>Procedure pi\u00f9 rapide e semplici<\/strong> rispetto a ipoteche e leasing.<br \/>\n\u2714 <strong>Gestione amministrativa<\/strong> \u2013 Il nostro team si occupa di tutte le pratiche per voi.<br \/>\n\u2714 <strong>Processo semplice, veloce e discreto<\/strong> per la massima tranquillit\u00e0.<br \/>\n\u2714 <strong>Dossier curato da specialisti del credito<\/strong> per ottimizzare la vostra richiesta.<br \/>\n\u2714 <strong>Consulenza personalizzata<\/strong> \u2013 A domicilio o presso il nostro ufficio per trovare la soluzione migliore per voi.<br \/>\n[\/vc_column_text][\/vc_column][\/vc_row][vc_row full_width=&#8221;stretch_row&#8221; el_class=&#8221;white-bck bigpadding&#8221; css=&#8221;.vc_custom_1586929684389{padding-top: 24px !important;}&#8221;][vc_column data_aos=&#8221;fade-in&#8221;][vc_column_text el_class=&#8221;pt-2&#8243;]<br \/>\n<strong>Credito privato in Svizzera: semplice, rapido e vantaggioso<\/strong><\/p>\n<p>Per i residenti in Svizzera (Svizzeri, titolari di permesso B, C o di una carta di legittimazione D, E, G, H), aumentare la propria liquidit\u00e0 e risparmiare \u00e8 possibile con MultiCredit. Approfittate di uno studio personalizzato del vostro progetto e ricevete rapidamente un&#8217;offerta di prestito su misura.<\/p>\n<p><strong>Come fare una richiesta di credito con MultiCredit?<\/strong><\/p>\n<p>1\ufe0f\u20e3 <strong>Compilate il modulo di richiesta<\/strong><br \/>\nCompletate la vostra richiesta online sul nostro sito o visitate una delle nostre agenzie.<br \/>\nAssicuratevi di fornire informazioni precise e complete.<\/p>\n<p>2\ufe0f\u20e3 <strong>Inviare la richiesta<\/strong><br \/>\nInviate il modulo con i documenti richiesti tramite il canale di vostra scelta (online, di persona o per posta).<\/p>\n<p>3\ufe0f\u20e3 <strong>Attendete la decisione<\/strong><br \/>\nAnalizzeremo il vostro dossier, verificheremo il vostro storico creditizio e la vostra capacit\u00e0 di rimborso.<br \/>\nLa risposta viene generalmente fornita in pochi giorni.<\/p>\n<p>4\ufe0f\u20e3 <strong>Ricevete e accettate l\u2019offerta di prestito<\/strong><br \/>\nIn caso di approvazione, riceverete un\u2019offerta con i dettagli delle condizioni del credito (tasso di interesse, durata, modalit\u00e0 di rimborso).<br \/>\nLeggete attentamente il contratto prima di accettarlo.<\/p>\n<p>5\ufe0f\u20e3 <strong>Firmate il contratto di prestito<\/strong><br \/>\nUna volta accettate le condizioni, firmate il contratto e conservate una copia per i vostri documenti.<\/p>\n<p>6\ufe0f\u20e3 <strong>Ricevete i fondi<\/strong><br \/>\nDopo la firma, i fondi verranno generalmente trasferiti sul vostro conto bancario entro pochi giorni lavorativi.<\/p>\n<p>Semplice, rapido e sicuro con MultiCredit![\/vc_column_text][\/vc_column][\/vc_row][vc_row full_width=&#8221;stretch_row&#8221; equal_height=&#8221;yes&#8221; el_class=&#8221;lightgrey-bck bigpadding flex-eq-height diagonal-top-bck one-fifth-link-bloc&#8221;][vc_column width=&#8221;1\/5&#8243; data_aos=&#8221;fade-down&#8221; data_aos_delay=&#8221;0&#8243;]<\/p>\n<div class=\"wpb_single_image wpb_content_element vc_align_center  wpb_animate_when_almost_visible wpb_top-to-bottom top-to-bottom wpb_start_animation animated\">\n<figure class=\"wpb_wrapper vc_figure\">\n<div class=\"vc_single_image-wrapper\"><img decoding=\"async\" src=\"https:\/\/multicredit.ch\/wp\/wp-content\/uploads\/c-hab.jpg\" alt=\"\" title=\"\"><\/div><figcaption>\n<h4>Credito per abitazioni<\/h4>\n<p>Strutture finanziarie e alloggi<\/p>\n<\/figcaption><\/figure>\n<\/div>\n<div class=\"vc_btn3-container text-center\"><a class=\"btn-circle-2\" href=\"https:\/\/www.multicredit.ch\/it\/credito\/credito-immobiliare\/\" title=\"Credito casa\" ><span class=\"round\">&gt;<\/span><\/a><\/div>\n<p>[\/vc_column][vc_column width=&#8221;1\/5&#8243; data_aos=&#8221;fade-down&#8221; data_aos_delay=&#8221;50&#8243;]<\/p>\n<div class=\"wpb_single_image wpb_content_element vc_align_center  wpb_animate_when_almost_visible wpb_top-to-bottom top-to-bottom wpb_start_animation animated\">\n<figure class=\"wpb_wrapper vc_figure\">\n<div class=\"vc_single_image-wrapper\"><img decoding=\"async\" src=\"https:\/\/multicredit.ch\/wp\/wp-content\/uploads\/c-auto.jpg\" alt=\"\" title=\"\"><\/div><figcaption>\n<h4>Acquisto auto<\/h4>\n<p>Acquista il tuo veicolo a credito<\/p>\n<\/figcaption><\/figure>\n<\/div>\n<div class=\"vc_btn3-container text-center\"><a class=\"btn-circle-2\" href=\"https:\/\/multicredit.ch\/fr\/credit-vehicule\/financement-automobile\/\" title=\"Credito casa\" target=\"_blank\"><span class=\"round\">&gt;<\/span><\/a><\/div>\n<p>[\/vc_column][vc_column width=&#8221;1\/5&#8243; data_aos=&#8221;fade-down&#8221; data_aos_delay=&#8221;100&#8243;]<\/p>\n<div class=\"wpb_single_image wpb_content_element vc_align_center  wpb_animate_when_almost_visible wpb_top-to-bottom top-to-bottom wpb_start_animation animated\">\n<figure class=\"wpb_wrapper vc_figure\">\n<div class=\"vc_single_image-wrapper\"><img decoding=\"async\" src=\"https:\/\/multicredit.ch\/wp\/wp-content\/uploads\/c-form.jpg\" alt=\"\" title=\"\"><\/div><figcaption>\n<h4>Finanziamento studi o formazione<\/h4>\n<p>Finanziare i suoi studi<\/p>\n<\/figcaption><\/figure>\n<\/div>\n<div class=\"vc_btn3-container text-center\"><a class=\"btn-circle-2\" href=\"https:\/\/www.multicredit.ch\/fr\/credit\/financement-d-etudes-et-de-formations\/\" title=\"Finanziamento casa\" ><span class=\"round\">&gt;<\/span><\/a><\/div>\n<p>[\/vc_column][vc_column width=&#8221;1\/5&#8243; data_aos=&#8221;fade-down&#8221; data_aos_delay=&#8221;150&#8243;]<\/p>\n<div class=\"wpb_single_image wpb_content_element vc_align_center  wpb_animate_when_almost_visible wpb_top-to-bottom top-to-bottom wpb_start_animation animated\">\n<figure class=\"wpb_wrapper vc_figure\">\n<div class=\"vc_single_image-wrapper\"><img decoding=\"async\" src=\"https:\/\/multicredit.ch\/wp\/wp-content\/uploads\/c-med.jpg\" alt=\"\" title=\"\"><\/div><figcaption>\n<h4>Prestito spese mediche<\/h4>\n<p>Finanziate a credito la vostra chirurgia e l&#039;assistenza medica<\/p>\n<\/figcaption><\/figure>\n<\/div>\n<div class=\"vc_btn3-container text-center\"><a class=\"btn-circle-2\" href=\"https:\/\/www.multicredit.ch\/fr\/credit\/pret-medical\/\" title=\"Credito casa\" ><span class=\"round\">&gt;<\/span><\/a><\/div>\n<p>[\/vc_column][vc_column width=&#8221;1\/5&#8243; data_aos=&#8221;fade-down&#8221; data_aos_delay=&#8221;200&#8243;]<\/p>\n<div class=\"wpb_single_image wpb_content_element vc_align_center  wpb_animate_when_almost_visible wpb_top-to-bottom top-to-bottom wpb_start_animation animated\">\n<figure class=\"wpb_wrapper vc_figure\">\n<div class=\"vc_single_image-wrapper\"><img decoding=\"async\" src=\"https:\/\/multicredit.ch\/wp\/wp-content\/uploads\/c-all.jpg\" alt=\"\" title=\"\"><\/div><figcaption>\n<h4>Crediti diversi<\/h4>\n<p>Per tutti gli altri progetti<\/p>\n<\/figcaption><\/figure>\n<\/div>\n<div class=\"vc_btn3-container text-center\"><a class=\"btn-circle-2\" href=\"https:\/\/www.multicredit.ch\/fr\/credit\/credits-divers\/\" title=\"Credito casa\" ><span class=\"round\">&gt;<\/span><\/a><\/div>\n<p>[\/vc_column][\/vc_row][vc_row full_width=&#8221;stretch_row&#8221; el_class=&#8221;white-bck regularpadding steps&#8221;][vc_column data_aos=&#8221;fade-in&#8221;]<\/p>\n<div class=\"blocktitle title-center title-dark\" clearfix\"><H2><span class=\"ez-toc-section\" id=\"Il_tuo_credito_in_4_passi\"><\/span>Il tuo credito in 4 passi<\/H2><\/p>\n<h4>Semplice e veloce<\/h4>\n<\/div>\n<p>[vc_row_inner equal_height=&#8221;yes&#8221;][vc_column_inner width=&#8221;1\/4&#8243;][vc_pie value=&#8221;25&#8243; label_value=&#8221;1&#8243; color=&#8221;custom&#8221; title=&#8221;Richiesta&#8221; custom_color=&#8221;#df003c&#8221;][vc_column_text]<\/p>\n<h3><span class=\"ez-toc-section\" id=\"Remplissez_le_formulaire_de_demande_de_credit_en_2_minutes\"><\/span><strong>Remplissez le formulaire de demande de cr\u00e9dit en 2 minutes !<\/strong><span class=\"ez-toc-section-end\"><\/span><\/h3>\n<p>Il vous suffit de remplir le formulaire de demande de cr\u00e9dit en ligne, en fournissant les informations n\u00e9cessaires selon vos besoins. C\u2019est simple, rapide et vous \u00eates \u00e0 un pas de recevoir votre offre personnalis\u00e9e !<br \/>\n[\/vc_column_text][\/vc_column_inner][vc_column_inner width=&#8221;1\/4&#8243;][vc_pie label_value=&#8221;2&#8243; color=&#8221;custom&#8221; title=&#8221;Proposta&#8221; custom_color=&#8221;#df003c&#8221;][vc_column_text]<\/p>\n<h3><span class=\"ez-toc-section\" id=\"Analyse_de_votre_demande_et_proposition_de_solution_adaptee_en_12_heures\"><\/span><strong>Analyse de votre demande et proposition de solution adapt\u00e9e en 12 heures<\/strong><span class=\"ez-toc-section-end\"><\/span><\/h3>\n<p>Une fois votre demande soumise, nous l&#8217;examinons avec soin pour vous proposer une solution de cr\u00e9dit qui correspond \u00e0 votre profil et \u00e0 vos besoins. Vous recevrez une r\u00e9ponse en moins de 12 heures !<br \/>\n[\/vc_column_text][\/vc_column_inner][vc_column_inner width=&#8221;1\/4&#8243;][vc_pie value=&#8221;75&#8243; label_value=&#8221;3&#8243; color=&#8221;custom&#8221; title=&#8221;Firma&#8221; custom_color=&#8221;#df003c&#8221;][vc_column_text]<\/p>\n<h3><span class=\"ez-toc-section\" id=\"Signature_du_contrat_et_transmission\"><\/span><strong>Signature du contrat et transmission<\/strong><span class=\"ez-toc-section-end\"><\/span><\/h3>\n<p>Une fois le contrat \u00e9tabli, il vous suffit de le signer et de nous le transmettre. Le temps de cette \u00e9tape d\u00e9pend de votre r\u00e9activit\u00e9, mais plus vite vous agissez, plus vite vous recevrez les fonds !<br \/>\n[\/vc_column_text][\/vc_column_inner][vc_column_inner width=&#8221;1\/4&#8243;][vc_pie value=&#8221;100&#8243; label_value=&#8221;4&#8243; color=&#8221;custom&#8221; title=&#8221;Bonificio&#8221; custom_color=&#8221;#df003c&#8221;][vc_column_text]<\/p>\n<h3><span class=\"ez-toc-section\" id=\"Versement_du_montant_sur_votre_compte\"><\/span><strong>Versement du montant sur votre compte<\/strong><span class=\"ez-toc-section-end\"><\/span><\/h3>\n<p>Une fois le contrat sign\u00e9, le montant sera vir\u00e9 sur votre compte bancaire dans un d\u00e9lai l\u00e9gal de 14 jours.<br \/>\n[\/vc_column_text][\/vc_column_inner][\/vc_row_inner][\/vc_column][\/vc_row][vc_row full_width=&#8221;stretch_row&#8221; content_placement=&#8221;middle&#8221; el_class=&#8221;lightgrey-bck bigpadding checklist&#8221;][vc_column data_aos=&#8221;fade-in&#8221;]<\/p>\n<div class=\"blocktitle title-left title-dark\" clearfix\"><H3><span class=\"ez-toc-section\" id=\"_Confiez-nous_la_recherche_de_votre_meilleure_offre_de_credit_Laissez-nous_trouver_la_solution_la_plus_avantageuse_pour_vous_Nous_analysons_vos_besoins_et_vous_proposons_loffre_de_credit_la_mieux_adaptee_a_votre_situation\"><\/span>### **Confiez-nous la recherche de votre meilleure offre de cr\u00e9dit**    Laissez-nous trouver la solution la plus avantageuse pour vous ! Nous analysons vos besoins et vous proposons l\u2019offre de cr\u00e9dit la mieux adapt\u00e9e \u00e0 votre situation.<\/H3><\/p>\n<h4>### **Toujours \u00e0 la recherche de la meilleure offre pour nos clients en Suisse**    Nous mettons tout en \u0153uvre pour trouver les conditions les plus avantageuses, en vous offrant des solutions de cr\u00e9dit personnalis\u00e9es et optimis\u00e9es, peu importe o\u00f9 vous vous trouvez en Suisse.<\/h4>\n<\/div>\n<p>[vc_row_inner][vc_column_inner width=&#8221;1\/2&#8243;][vc_column_text]<\/p>\n<h3><span class=\"ez-toc-section\" id=\"Conseils_supplementaires_pour_obtenir_la_meilleure_offre_de_credit\"><\/span><strong>Conseils suppl\u00e9mentaires pour obtenir la meilleure offre de cr\u00e9dit<\/strong><span class=\"ez-toc-section-end\"><\/span><\/h3>\n<p>\ud83d\udd0d <strong>Comparez les offres<\/strong> : Avant de finaliser votre demande, comparez les taux d&#8217;int\u00e9r\u00eat et les conditions de diff\u00e9rents pr\u00eateurs pour vous assurer de choisir la meilleure option.<\/p>\n<p>\ud83d\udcca <strong>Planifiez votre budget<\/strong> : Assurez-vous que les remboursements mensuels sont compatibles avec votre budget, sans affecter vos autres engagements financiers.<\/p>\n<p>\ud83d\udcdc <strong>Lisez les petits caract\u00e8res<\/strong> : Soyez vigilant aux frais suppl\u00e9mentaires, aux p\u00e9nalit\u00e9s en cas de remboursement anticip\u00e9 et aux autres conditions g\u00e9n\u00e9rales du pr\u00eat.<br \/>\n[\/vc_column_text][vc_btn title=&#8221;Scopri&#8221; link=&#8221;url:https%3A%2F%2Fwww.multicredit.ch%2Fit%2Fchi-siamo%2F|title:Su%20di%20noi|&#8221;][\/vc_column_inner][vc_column_inner width=&#8221;1\/2&#8243;][vc_column_text]<\/p>\n<h3><span class=\"ez-toc-section\" id=\"Nos_engagements_pour_vous_offrir_la_meilleure_experience\"><\/span><strong>Nos engagements pour vous offrir la meilleure exp\u00e9rience<\/strong><span class=\"ez-toc-section-end\"><\/span><\/h3>\n<p>\ud83d\udd12 <strong>S\u00e9curit\u00e9 et confidentialit\u00e9<\/strong> : Vos donn\u00e9es personnelles sont prot\u00e9g\u00e9es et trait\u00e9es avec la plus grande confidentialit\u00e9.<\/p>\n<p>\ud83e\udd1d <strong>Proximit\u00e9 et responsabilit\u00e9<\/strong> : Un accompagnement personnalis\u00e9 pour chaque client, en toute transparence.<\/p>\n<p>\u23f1 <strong>Prise en charge garantie en moins de 24h<\/strong> : Nous nous engageons \u00e0 traiter votre demande dans les plus brefs d\u00e9lais.<\/p>\n<p>\ud83d\udcc9 <strong>Taux inf\u00e9rieur \u00e0 la concurrence<\/strong> : Profitez de taux avantageux, parmi les plus bas du march\u00e9.<\/p>\n<p>\ud83d\udcb3 <strong>Offre de cr\u00e9dit personnalis\u00e9e<\/strong> : Une solution de cr\u00e9dit sur mesure, adapt\u00e9e \u00e0 vos besoins et \u00e0 votre profil financier.<br \/>\n[\/vc_column_text][\/vc_column_inner][\/vc_row_inner][\/vc_column][\/vc_row]<\/section>\n","protected":false},"excerpt":{"rendered":"<p>Realizzate i vostri progetti in maniera semplice<\/p>\n","protected":false},"author":25,"featured_media":11773,"parent":30588,"menu_order":-9,"comment_status":"closed","ping_status":"closed","template":"template-credit.php","meta":{"inline_featured_image":false,"footnotes":"","_links_to":"","_links_to_target":""},"categories":[298],"class_list":["post-27908","page","type-page","status-publish","has-post-thumbnail","hentry","category-credito"],"_links":{"self":[{"href":"https:\/\/multicredit.ch\/it\/wp-json\/wp\/v2\/pages\/27908","targetHints":{"allow":["GET"]}}],"collection":[{"href":"https:\/\/multicredit.ch\/it\/wp-json\/wp\/v2\/pages"}],"about":[{"href":"https:\/\/multicredit.ch\/it\/wp-json\/wp\/v2\/types\/page"}],"author":[{"embeddable":true,"href":"https:\/\/multicredit.ch\/it\/wp-json\/wp\/v2\/users\/25"}],"replies":[{"embeddable":true,"href":"https:\/\/multicredit.ch\/it\/wp-json\/wp\/v2\/comments?post=27908"}],"version-history":[{"count":5,"href":"https:\/\/multicredit.ch\/it\/wp-json\/wp\/v2\/pages\/27908\/revisions"}],"predecessor-version":[{"id":27913,"href":"https:\/\/multicredit.ch\/it\/wp-json\/wp\/v2\/pages\/27908\/revisions\/27913"}],"up":[{"embeddable":true,"href":"https:\/\/multicredit.ch\/it\/wp-json\/wp\/v2\/pages\/30588"}],"wp:featuredmedia":[{"embeddable":true,"href":"https:\/\/multicredit.ch\/it\/wp-json\/wp\/v2\/media\/11773"}],"wp:attachment":[{"href":"https:\/\/multicredit.ch\/it\/wp-json\/wp\/v2\/media?parent=27908"}],"wp:term":[{"taxonomy":"category","embeddable":true,"href":"https:\/\/multicredit.ch\/it\/wp-json\/wp\/v2\/categories?post=27908"}],"curies":[{"name":"wp","href":"https:\/\/api.w.org\/{rel}","templated":true}]}}