{"id":25386,"date":"2023-01-25T15:09:38","date_gmt":"2023-01-25T15:09:38","guid":{"rendered":"https:\/\/multicredit.ch\/credit-rating-check\/"},"modified":"2023-06-02T14:51:22","modified_gmt":"2023-06-02T14:51:22","slug":"credit-rating-check","status":"publish","type":"page","link":"https:\/\/multicredit.ch\/it\/richiesta-di-credito\/credit-rating-check\/","title":{"rendered":"Conoscete il vostro punteggio di credito, rating di credito ? Controllate ora il vostro punteggio di credito e la valutazione del credito con ZEK, CRIF, ecc."},"content":{"rendered":"<section class=\"wpb-content-wrapper\">[vc_row full_width=&#8221;stretch_row&#8221; content_placement=&#8221;middle&#8221; css=&#8221;.vc_custom_1681240976640{padding-top: 16px !important;}&#8221;][vc_column][vc_empty_space][vc_column_text css=&#8221;.vc_custom_1681321846560{padding-bottom: -32px !important;}&#8221;]<\/p>\n<h2><span class=\"ez-toc-section\" id=\"Perche_e_necessario_ripulire_un_punteggio_di_credito_negativo_un_rating_di_credito_negativo_per_sfruttare_migliori_opportunita\"><\/span>Perch\u00e9 \u00e8 necessario ripulire un punteggio di credito negativo, un rating di credito negativo, per sfruttare migliori opportunit\u00e0?<span class=\"ez-toc-section-end\"><\/span><\/h2>\n<p>[\/vc_column_text][vc_row_inner content_placement=&#8221;middle&#8221; css=&#8221;.vc_custom_1681219929827{margin-top: -16px !important;}&#8221;][vc_column_inner width=&#8221;1\/2&#8243;][vc_column_text]Senza un buon punteggio di credito, non sar\u00e0 possibile ottenere credito, leasing o pagamenti di bollette attraverso varie piattaforme e potrebbero essere negati alloggi e posti di lavoro!<\/p>\n<p>Diversi istituti di verifica dei dati finanziari controllano le vostre azioni in relazione alla regolarit\u00e0 dei vostri pagamenti e alla regolarit\u00e0 dei vostri impegni (ad esempio <a href=\"https:\/\/www.zek.ch\/fr-ch\/preneurs-de-credit-et-de-leasing\" target=\"_blank\" rel=\"noopener\">ZEK\/IKO<\/a>, Cresura, <a href=\"https:\/\/www.intrum.ch\/de\/konsumenten\/\" target=\"_blank\" rel=\"noopener\">Intrum<\/a>, Creditreform, CRIF,&#8230;). Le societ\u00e0 di intelligence economica cercano di capire quale sia il vostro profilo di rischio e quale sia il vostro rigore nei confronti degli impegni finanziari e delle fatture. Pertanto, vi attribuiscono un punteggio di credito, noto anche come rating. I dati a cui sono interessati sono, ad esempio<\/p>\n<ul>\n<li class=\"ql-heading\" data-block-id=\"block-dbbef3f2-9d39-469e-80b8-5e7002fe61fc\">codici negativi alla ZEK\/IKO<\/li>\n<li class=\"ql-heading\" data-block-id=\"block-dbbef3f2-9d39-469e-80b8-5e7002fe61fc\">pagamenti mensili e regolarit\u00e0 dei pagamenti<\/li>\n<li class=\"ql-heading\" data-block-id=\"block-dbbef3f2-9d39-469e-80b8-5e7002fe61fc\">Saldi delle carte di credito e piani di rimborso<\/li>\n<li class=\"ql-heading\" data-block-id=\"block-dbbef3f2-9d39-469e-80b8-5e7002fe61fc\">ritardi nei pagamenti<\/li>\n<li class=\"ql-heading\" data-block-id=\"block-dbbef3f2-9d39-469e-80b8-5e7002fe61fc\">azione penale\/ordine di pagamento<\/li>\n<\/ul>\n<p>[\/vc_column_text][\/vc_column_inner][vc_column_inner width=&#8221;1\/2&#8243;][vc_single_image image=&#8221;25985&#8243; img_size=&#8221;full&#8221; alignment=&#8221;center&#8221;][vc_empty_space][vc_single_image image=&#8221;25943&#8243; img_size=&#8221;full&#8221; alignment=&#8221;center&#8221;][\/vc_column_inner][\/vc_row_inner][vc_row_inner css=&#8221;.vc_custom_1681240932611{margin-top: -32px !important;}&#8221;][vc_column_inner width=&#8221;1\/12&#8243;][\/vc_column_inner][vc_column_inner width=&#8221;10\/12&#8243;][vc_column_text]<\/p>\n<ul>\n<li>Ci\u00f2 richiede un&#8217;azione manuale e il coinvolgimento del creditore (la persona a cui si deve il denaro) per ripulire alcuni dati critici.<\/li>\n<li>Questa pulizia \u00e8 molto importante per molti tipi di richieste comuni: per ottenere una linea di credito (leasing, mutuo, ecc.), una carta di credito, un alloggio e in alcuni casi un lavoro (polizia, medicina, insegnamento, ecc.). La qualit\u00e0 del punteggio \u00e8 fondamentale.<\/li>\n<li>Quanto pi\u00f9 negativo \u00e8 il vostro punteggio, o rating di credito, tanto pi\u00f9 alti sono i tassi che gli istituti finanziari applicano per la vostra situazione pi\u00f9 rischiosa.<\/li>\n<\/ul>\n<p>[\/vc_column_text][\/vc_column_inner][vc_column_inner width=&#8221;1\/12&#8243;][\/vc_column_inner][\/vc_row_inner][\/vc_column][\/vc_row][vc_row full_width=&#8221;stretch_row_content&#8221; css=&#8221;.vc_custom_1680710082444{background-color: #0247d3 !important;}&#8221;][vc_column][vc_column_text]<\/p>\n<div class=\"blocktitle title-center title-light maxwidth\">\n<h2><span class=\"ez-toc-section\" id=\"Le_agenzie_di_credito_svizzere_non_hanno_segreti_per_noi_e_la_nostra_lunga_esperienza_ci_permette_di_sapere_esattamente_quali_sono_i_punteggi_di_credito_i_rating_i_codici_e_le_opportunita_di_miglioramento_disponibili_in_modo_che_possiate_beneficiare_dei_migliori_tassi_per_il_vostro_credito\"><\/span>Le agenzie di credito svizzere non hanno segreti per noi e la nostra lunga esperienza ci permette di sapere esattamente quali sono i punteggi di credito, i rating, i codici e le opportunit\u00e0 di miglioramento disponibili, in modo che possiate beneficiare dei migliori tassi per il vostro credito.<span class=\"ez-toc-section-end\"><\/span><\/h2>\n<\/div>\n<p>[\/vc_column_text][\/vc_column][\/vc_row][vc_row full_width=&#8221;stretch_row&#8221; css=&#8221;.vc_custom_1685717477682{background-color: #0247d3 !important;}&#8221;][vc_column][vc_raw_html]JTNDZGl2JTIwaWQlM0QlMjJ2dWUtZGlhZ25vc3RpYy1mb3JtLWNvbnRhaW5lciUyMiUyMGNsYXNzJTNEJTIyZmxleC1jZW50ZXItY2VudGVyJTIyJTNFJTNDJTJGZGl2JTNF[\/vc_raw_html][vc_raw_js]JTNDc2NyaXB0JTNFbG9hZERpYWdub3N0aWNGb3JtJTI4JTI5JTNDJTJGc2NyaXB0JTNF[\/vc_raw_js][\/vc_column][\/vc_row][vc_row full_width=&#8221;stretch_row_content&#8221; css=&#8221;.vc_custom_1681283200601{padding-bottom: 32px !important;background-color: #0247d3 !important;}&#8221;][vc_column width=&#8221;3\/12&#8243;][\/vc_column][vc_column width=&#8221;2\/12&#8243;][vc_btn title=&#8221;&#8221; align=&#8221;center&#8221; i_icon_fontawesome=&#8221;fas fa-envelope&#8221; add_icon=&#8221;true&#8221; link=&#8221;url:mailto%3Ainfo%40multicredit.ch|&#8221;][\/vc_column][vc_column width=&#8221;2\/12&#8243;][vc_btn title=&#8221;&#8221; align=&#8221;center&#8221; i_icon_fontawesome=&#8221;fas fa-phone&#8221; add_icon=&#8221;true&#8221; link=&#8221;url:tel%3A079%20936%2031%2075|&#8221;][\/vc_column][vc_column width=&#8221;2\/12&#8243;][vc_btn title=&#8221;&#8221; align=&#8221;center&#8221; i_icon_fontawesome=&#8221;fab fa-whatsapp&#8221; add_icon=&#8221;true&#8221; link=&#8221;url:https%3A%2F%2Fapi.whatsapp.com%2Fsend%3Fphone%3D41799363175|&#8221;][\/vc_column][vc_column width=&#8221;3\/12&#8243;][\/vc_column][\/vc_row][vc_row][vc_column]<\/p>\n<div class=\"blocktitle title-left title-dark\" clearfix\"><H2><span class=\"ez-toc-section\" id=\"Domande_frequenti_sul_punteggio_di_credito_rating_di_credito\"><\/span>Domande frequenti sul punteggio di credito \/ rating di credito<\/H2><\/div>\n<p>[vc_toggle title=&#8221;Che cos&#8217;\u00e8 il rating del credito, noto anche come punteggio o valutazione del credito?&#8221;]<\/p>\n<h3 data-block-id=\"block-a5c28f75-1808-43f6-bec1-73c5f7896563\"><\/h3>\n<p>In Svizzera esistono registri che consentono a qualsiasi organizzazione di conoscere il vostro rating (chiamato anche scoring). Banche, gestori di immobili, concessionari di auto&#8230; qualsiasi organizzazione che presta denaro, affitta immobili, concede leasing&#8230; consulta questi registri prima di convalidare una decisione. Inutile dire che il vostro punteggio pu\u00f2 giocare a vostro favore e a vostro sfavore se siete considerati cattivi pagatori.<\/p>\n<p>Liquidit\u00e0, solvibilit\u00e0 e merito creditizio sono i tre criteri principali presi in considerazione dalla banca.<\/p>\n<ul>\n<li>Liquidit\u00e0: si tratta di tutti i contanti e i saldi in cassa. Come regola generale, si sommano stipendio, pensione, affitto o dividendi e si sottraggono le spese pi\u00f9 importanti (affitto, impegni continui come abbonamenti ricorrenti, ecc.).<\/li>\n<li>Solvibilit\u00e0: \u00e8 la storia che avete con la Procura del&#8217;ufficio esecuzione.<\/li>\n<li>Onorabilit\u00e0: \u00e8 la capacit\u00e0 di una persona di pagare o onorare i crediti, che \u00e8 ci\u00f2 che le organizzazioni guardano, cio\u00e8 le vostre abitudini di pagamento e la vostra regolarit\u00e0.<\/li>\n<\/ul>\n<p>[\/vc_toggle][vc_row_inner equal_height=&#8221;yes&#8221; gap=&#8221;15&#8243;][vc_column_inner width=&#8221;1\/3&#8243; css=&#8221;.vc_custom_1680095002445{background-color: #0247d3 !important;border-radius: 35px !important;}&#8221;][vc_empty_space][vc_icon icon_fontawesome=&#8221;fas fa-hand-holding-usd&#8221; color=&#8221;custom&#8221; size=&#8221;xl&#8221; align=&#8221;center&#8221; custom_color=&#8221;#ffffff&#8221;][vc_custom_heading text=&#8221;Avete un flusso di cassa regolare&#8221; font_container=&#8221;tag:h2|text_align:left|color:%23ffffff&#8221; google_fonts=&#8221;font_family:Open%20Sans%3A300%2C300italic%2Cregular%2Citalic%2C600%2C600italic%2C700%2C700italic%2C800%2C800italic|font_style:400%20regular%3A400%3Anormal&#8221;][vc_column_text]<\/p>\n<p style=\"color: white;\">C&#8217;\u00e8 una differenza positiva tra i flussi di cassa in entrata e le spese correnti.<\/p>\n<p>[\/vc_column_text][\/vc_column_inner][vc_column_inner width=&#8221;1\/3&#8243; css=&#8221;.vc_custom_1680095743564{background-color: #0247d3 !important;border-radius: 35px !important;}&#8221;][vc_empty_space][vc_icon icon_fontawesome=&#8221;fas fa-gavel&#8221; color=&#8221;custom&#8221; size=&#8221;xl&#8221; align=&#8221;center&#8221; custom_color=&#8221;#ffffff&#8221;][vc_custom_heading text=&#8221;Siete segnalati come meritevoli di credito&#8221; font_container=&#8221;tag:h2|text_align:left|color:%23ffffff&#8221; google_fonts=&#8221;font_family:Open%20Sans%3A300%2C300italic%2Cregular%2Citalic%2C600%2C600italic%2C700%2C700italic%2C800%2C800italic|font_style:400%20regular%3A400%3Anormal&#8221;][vc_column_text]<\/p>\n<p style=\"color: white;\">Non ci sono segnalazioni negative alla Procura.<\/p>\n<p>[\/vc_column_text][\/vc_column_inner][vc_column_inner width=&#8221;1\/3&#8243; css=&#8221;.vc_custom_1680095750236{background-color: #0247d3 !important;border-radius: 35px !important;}&#8221;][vc_empty_space][vc_icon icon_fontawesome=&#8221;fas fa-handshake&#8221; color=&#8221;custom&#8221; size=&#8221;xl&#8221; align=&#8221;center&#8221; custom_color=&#8221;#ffffff&#8221;][vc_custom_heading text=&#8221;Lei \u00e8 segnalato come onorevole&#8221; font_container=&#8221;tag:h2|text_align:left|color:%23ffffff&#8221; google_fonts=&#8221;font_family:Open%20Sans%3A300%2C300italic%2Cregular%2Citalic%2C600%2C600italic%2C700%2C700italic%2C800%2C800italic|font_style:400%20regular%3A400%3Anormal&#8221;][vc_column_text]<\/p>\n<p style=\"color: white;\">Avete una storia positiva con lo ZEK (Ufficio Centrale del Credito).<\/p>\n<p>[\/vc_column_text][\/vc_column_inner][\/vc_row_inner][vc_empty_space][vc_toggle title=&#8221;Quali sono le banche dati sulla solvibilit\u00e0 in Svizzera?&#8221;]Registri cantonali delle esecuzioni, <a href=\"https:\/\/www.zek.ch\/fr-ch\/preneurs-de-credit-et-de-leasing\" target=\"_blank\" rel=\"noopener\">ZEK<\/a>, Cresura, <a href=\"https:\/\/www.intrum.ch\/fr\/consommateurs\/\" target=\"_blank\" rel=\"noopener\">Intrum<\/a>, Creditreform, <a href=\"https:\/\/www.crif.ch\/\" target=\"_blank\" rel=\"noopener\">CRIF,<\/a> IKO sono organizzazioni che archiviano i vostri ritardi di pagamento, i rating negativi e i codici negativi depositati contro di voi, le fatture non pagate, i crediti non rimborsati in tempo e tutte le irregolarit\u00e0 relative ai pagamenti in relazione a fatture, crediti e carte di credito.<\/p>\n<p><a href=\"https:\/\/www.fedlex.admin.ch\/eli\/cc\/2002\/593\/fr\" target=\"_blank\" rel=\"noopener\">La legge sul credito al consumo<\/a> obbliga le banche finanziatrici a controllare i vostri dati in questi database prima di accettare una richiesta. Ogni anno in Svizzera vengono effettuati milioni di ordini di pagamento e sequestri. Ci\u00f2 dimostra la quantit\u00e0 di informazioni che questi database incorporano ogni giorno.[\/vc_toggle][vc_toggle title=&#8221;Perch\u00e9 far controllare i documenti ufficiali da un professionista?&#8221;]Tutte queste organizzazioni rivendono questi dati alle banche come abbonamento per tutte le aziende che desiderano verificare l&#8217;affidabilit\u00e0 creditizia dei propri clienti&#8230; Ci si pu\u00f2 trovare in una spirale negativa essendo iscritti a vari istituti che applicano criteri pi\u00f9 o meno invasivi.<\/p>\n<p>Ad esempio, nel database CRIF \u00e8 presente una sezione &#8220;procedimenti giudiziari&#8221;. Sotto questa parte &#8220;ufficiale&#8221;, c&#8217;\u00e8 una casella per la segnalazione da parte dei negozi partner. Se, ad esempio, ci sono ancora addebiti aperti (avete deciso di non pagare i solleciti ma solo la fattura iniziale) o c&#8217;\u00e8 stato un ritardo in un pagamento anche se non \u00e8 andato in tribunale, o avete dovuto rinegoziare un accordo di pagamento a causa di circostanze finanziarie impreviste, potreste essere elencati come cattivi pagatori! Solo un professionista sa esattamente cosa significano questi codici e cosa si pu\u00f2 fare e quando avviare una nuova operazione finanziaria (ad esempio una richiesta di credito) per beneficiare di una classe di rischio pi\u00f9 vantaggiosa e di tassi ridotti al minimo. Se siete considerati un buon rischio, otterrete tassi migliori e ci\u00f2 dipende dai vostri precedenti con le agenzie di intelligence economica.[\/vc_toggle][vc_toggle title=&#8221;Perch\u00e9 ci sono dati errati in questi database?&#8221;]I motivi possono essere molteplici, come ad esempio un errore umano o tecnico, oppure un ritardo nell&#8217;aggiornamento del vostro stato. \u00c8 importante notare che i dati possono cambiare a seconda che un reclamo venga ritirato, un pagamento saldato o un sequestro completato. Tuttavia, \u00e8 importante che questi dati corrispondano alla vostra realt\u00e0. Spesso non \u00e8 cos\u00ec.<\/p>\n<p>Ultimamente, alcuni casi sono aperti all&#8217;interpretazione per evitare un effetto di doppia penalit\u00e0.[\/vc_toggle][vc_toggle title=&#8221;Come posso verificare che il mio punteggio di credito, detto anche rating, sia buono?&#8221;]Spesso la storia viene interpretata o registrata in modo errato in questi registri. I nostri team hanno una vasta esperienza in questo settore e conoscono tutti i dettagli dei sistemi coinvolti.<\/p>\n<p>Eliminando i dati negativi e assicurandosi che le annotazioni siano corrette e rappresentative della vostra situazione attuale, migliorerete il vostro punteggio in modo da avere la giusta credibilit\u00e0 presso gli organi decisionali. Potrete cos\u00ec beneficiare di tariffe migliori e di soluzioni pi\u00f9 vantaggiose.<\/p>\n<p>Vi forniamo informazioni e vi aiutiamo a compiere i passi necessari per assicurarci che comprendiate i codici negativi e le misure da adottare.[\/vc_toggle][vc_toggle title=&#8221;Quali sono le conseguenze di una storia creditizia negativa che ha portato a un cattivo punteggio e quindi a un cattivo rating?&#8221;]\u00c8 molto difficile che vi venga concesso un prestito, un credito, un leasing, una carta di credito, un contratto di locazione o anche un&#8217;agevolazione di pagamento mensile se siete registrati nei sistemi centrali di informazione economica. Potreste vedervi rifiutare il credito, il leasing, la carta di credito o ricevere condizioni meno favorevoli.<\/p>\n<ul>\n<li>Non avete pagato puntualmente il saldo della carta di credito. Controllate il vostro limite, potrebbe non esservi consentito di riportare il saldo.<\/li>\n<li>Non avete pagato le rate mensili in tempo.<\/li>\n<\/ul>\n<p>Ma non solo una cattiva storia della carta di credito! Qualsiasi pagamento andato male pu\u00f2 causare molti problemi.<\/p>\n<ul>\n<li>Avete dimenticato di pagare il vostro abbonamento telefonico (Swisscom, Salt, Sunrise)?<\/li>\n<li>Avete dimenticato di pagare la bolletta dell&#8217;elettricit\u00e0 e vi \u00e8 stato inviato un sollecito tramite una societ\u00e0 di riscossione?<\/li>\n<li>Avete dimenticato di pagare una fattura medica e siete stati contattati da INTRUM, INKASSOMED?<\/li>\n<li>Siete in ritardo con il pagamento dell&#8217;abbonamento al fitness e vi siete imbattuti in una societ\u00e0 di riscossione di qualche tipo (ce ne sono centinaia)?<\/li>\n<\/ul>\n<p>S\u00ec, anche questo pu\u00f2 rendervi inammissibili a diversi programmi, crediti, alloggi e persino in alcuni settori professionali! Le aziende preferiscono vendere le loro fatture a societ\u00e0 che passano il 100% del loro tempo a inseguire i clienti, a emettere solleciti, ordini di pagamento e procedimenti legali! Perch\u00e9? Per la loro immagine e per potersi concentrare sul loro core business, riducendo i costi di gestione e diminuendo il rischio di mancato pagamento da parte dei clienti.[\/vc_toggle][vc_empty_space][vc_toggle title=&#8221;Quanto tempo richiede una diagnosi finanziaria?&#8221;]Dopo 24 ore lavorative, riceverete una diagnosi di base.<\/p>\n<p>Dopo 3-5 giorni lavorativi, riceverete un&#8217;analisi e un rapporto completo sulla vostra situazione finanziaria e consigli sul da farsi.[\/vc_toggle][vc_toggle title=&#8221;Quanto costa una diagnosi finanziaria con Multicredit.ch?&#8221;]A partire da 200 potrete godere di un servizio completo che comprende :<\/p>\n<ul>\n<li>analisi dei procedimenti giudiziari<\/li>\n<li>analisi di bilancio<\/li>\n<li>analisi dei documenti dell&#8217;Ufficio Centrale del Credito (ZEK)<\/li>\n<li>ricerca economica, studio di caso<\/li>\n<\/ul>\n<p>[\/vc_toggle][vc_toggle title=&#8221;Perch\u00e9 scegliere MultiCredit?&#8221;]<a href=\"https:\/\/multicredit.ch\/it\/miglior-tasso-di-credito-contattaci\/\">I nostri consulenti<\/a> hanno lavorato per diversi anni in varie istituzioni finanziarie e conoscono bene gli enti da contattare, il loro funzionamento e tutte le caselle nascoste in cui potrebbero risiedere informazioni tossiche su di voi.<\/p>\n<p>La nostra diagnosi va oltre la procedura automatica generata dalla maggior parte dei fornitori, in quanto controlliamo ulteriori elementi.<\/p>\n<p>Se volete rivedere la vostra situazione, fatelo con un fornitore altamente qualificato![\/vc_toggle][vc_column_text]<\/p>\n<h2><span class=\"ez-toc-section\" id=\"Consiglio_MultiCredit_riprendete_il_controllo_delle_vostre_finanze_migliorando_il_vostro_punteggiocredito_ed_evitate_di_pagare_troppo_o_di_essere_esclusi_da_molti_servizi_o_dalle_migliori_opportunita_per_tutta_la_vita\"><\/span>Consiglio MultiCredit: riprendete il controllo delle vostre finanze migliorando il vostro punteggio\/credito ed evitate di pagare troppo o di essere esclusi da molti servizi o dalle migliori opportunit\u00e0 per tutta la vita!<span class=\"ez-toc-section-end\"><\/span><\/h2>\n<p>Molti dei vostri progetti potrebbero soffrire di una situazione finanziaria con una storia negativa nei registri delle banche, delle societ\u00e0 di rating e degli organismi di vigilanza.<br \/>\nSe vi siete visti sfuggire pi\u00f9 volte delle opportunit\u00e0, dovete sospettare che il vostro rating vi abbia danneggiato! Siamo qui per restituirvi la vostra indipendenza finanziaria, affinch\u00e9 possiate godervi appieno la vita e non essere relegati in secondo piano.[\/vc_column_text][vc_single_image image=&#8221;23183&#8243; img_size=&#8221;FULL&#8221; alignment=&#8221;center&#8221;][vc_row_inner][vc_column_inner width=&#8221;1\/6&#8243;][\/vc_column_inner][vc_column_inner width=&#8221;2\/3&#8243;][\/vc_column_inner][vc_column_inner width=&#8221;1\/6&#8243;][\/vc_column_inner][\/vc_row_inner][\/vc_column][\/vc_row][vc_row full_width=&#8221;stretch_row&#8221; el_class=&#8221;diagonal-bck gradient-bck bigpadding full-width&#8221;][vc_column data_aos=&#8221;fade-in&#8221;][vc_column_text css=&#8221;.vc_custom_1586938811774{padding-top: 96px !important;}&#8221;]<\/p>\n<div class=\"blocktitle title-center title-light maxwidth\">\n<h2><span class=\"ez-toc-section\" id=\"MultiCredit_beneficia_delle_numerose_raccomandazioni_dei_suoi_clienti_e_li_ringrazia_per_il_loro_sostegno\"><\/span>MultiCredit beneficia delle numerose raccomandazioni dei suoi clienti e li ringrazia per il loro sostegno.<span class=\"ez-toc-section-end\"><\/span><\/h2>\n<\/div>\n<p>[\/vc_column_text][\/vc_column][\/vc_row][vc_row][vc_column][\/vc_column][\/vc_row]<\/section>\n","protected":false},"excerpt":{"rendered":"<p>[vc_row full_width=&#8221;stretch_row&#8221; content_placement=&#8221;middle&#8221; css=&#8221;.vc_custom_1681240976640{padding-top: 16px !important;}&#8221;][vc_column][vc_empty_space][vc_column_text css=&#8221;.vc_custom_1681321846560{padding-bottom: -32px !important;}&#8221;] Perch\u00e9 \u00e8 necessario ripulire un punteggio di credito negativo, un rating di credito negativo, per sfruttare migliori opportunit\u00e0? [\/vc_column_text][vc_row_inner content_placement=&#8221;middle&#8221; css=&#8221;.vc_custom_1681219929827{margin-top: -16px !important;}&#8221;][vc_column_inner width=&#8221;1\/2&#8243;][vc_column_text]Senza un buon punteggio di credito, non sar\u00e0 possibile ottenere credito, leasing o pagamenti di bollette attraverso varie piattaforme e potrebbero essere negati [&hellip;]<\/p>\n","protected":false},"author":4,"featured_media":11773,"parent":12269,"menu_order":0,"comment_status":"closed","ping_status":"closed","template":"template-diagnostic.php","meta":{"inline_featured_image":false,"footnotes":"","_links_to":"","_links_to_target":""},"categories":[298,765,300],"class_list":["post-25386","page","type-page","status-publish","has-post-thumbnail","hentry","category-credito","category-credit-independant-it","category-varie"],"_links":{"self":[{"href":"https:\/\/multicredit.ch\/it\/wp-json\/wp\/v2\/pages\/25386","targetHints":{"allow":["GET"]}}],"collection":[{"href":"https:\/\/multicredit.ch\/it\/wp-json\/wp\/v2\/pages"}],"about":[{"href":"https:\/\/multicredit.ch\/it\/wp-json\/wp\/v2\/types\/page"}],"author":[{"embeddable":true,"href":"https:\/\/multicredit.ch\/it\/wp-json\/wp\/v2\/users\/4"}],"replies":[{"embeddable":true,"href":"https:\/\/multicredit.ch\/it\/wp-json\/wp\/v2\/comments?post=25386"}],"version-history":[{"count":34,"href":"https:\/\/multicredit.ch\/it\/wp-json\/wp\/v2\/pages\/25386\/revisions"}],"predecessor-version":[{"id":26250,"href":"https:\/\/multicredit.ch\/it\/wp-json\/wp\/v2\/pages\/25386\/revisions\/26250"}],"up":[{"embeddable":true,"href":"https:\/\/multicredit.ch\/it\/wp-json\/wp\/v2\/pages\/12269"}],"wp:featuredmedia":[{"embeddable":true,"href":"https:\/\/multicredit.ch\/it\/wp-json\/wp\/v2\/media\/11773"}],"wp:attachment":[{"href":"https:\/\/multicredit.ch\/it\/wp-json\/wp\/v2\/media?parent=25386"}],"wp:term":[{"taxonomy":"category","embeddable":true,"href":"https:\/\/multicredit.ch\/it\/wp-json\/wp\/v2\/categories?post=25386"}],"curies":[{"name":"wp","href":"https:\/\/api.w.org\/{rel}","templated":true}]}}