{"id":25201,"date":"2023-04-05T12:25:05","date_gmt":"2023-04-05T12:25:05","guid":{"rendered":"https:\/\/multicredit.ch\/domanda-rifiutata\/"},"modified":"2023-04-26T11:02:06","modified_gmt":"2023-04-26T11:02:06","slug":"domanda-rifiutata","status":"publish","type":"page","link":"https:\/\/multicredit.ch\/it\/domanda-rifiutata\/","title":{"rendered":"Purtroppo la sua domanda \u00e8 stata respinta."},"content":{"rendered":"<section class=\"wpb-content-wrapper\">\n<p>[vc_row full_width=&#8221;stretch_row_content&#8221; gap=&#8221;10&#8243; equal_height=&#8221;yes&#8221; content_placement=&#8221;middle&#8221; el_class=&#8221;white-bck checklist&#8221;][vc_column data_aos=&#8221;fade-in&#8221;]<\/p>\n<div class=\"blocktitle title-center title-dark\" clearfix\"><H2>Purtroppo la sua domanda \u00e8 stata respinta...<\/H2><\/p>\n<h4>Scoprite come sbloccare la situazione:<\/h4>\n<\/div>\n<p>[vc_row_inner equal_height=&#8221;yes&#8221; content_placement=&#8221;middle&#8221; gap=&#8221;25&#8243; css=&#8221;.vc_custom_1680698769522{padding-top: 48px !important;padding-right: 24px !important;padding-bottom: 48px !important;padding-left: 24px !important;background-color: #0247d3 !important;}&#8221;][vc_column_inner width=&#8221;1\/3&#8243; css=&#8221;.vc_custom_1680091712355{background-color: #ffffff !important;border-radius: 35px !important;}&#8221;][vc_icon icon_fontawesome=&#8221;fas fa-birthday-cake&#8221; color=&#8221;custom&#8221; size=&#8221;xl&#8221; align=&#8221;center&#8221; custom_color=&#8221;#df003c&#8221;]<\/p>\n<div class=\"blocktitle title-center title-dark\" clearfix\"><H3><span class=\"ez-toc-section\" id=\"1_Leta_non_e_appropriata_troppo_giovanetroppo_vecchio\"><\/span>1. L&#039;et\u00e0 non \u00e8 appropriata (troppo giovane\/troppo vecchio)<\/H3><\/p>\n<h4>Controllare la data di nascita<\/h4>\n<\/div>\n<p>[vc_column_text]<img loading=\"lazy\" decoding=\"async\" class=\"alignnone wp-image-25103\" src=\"https:\/\/multicredit.ch\/wp\/wp-content\/uploads\/Icone-croix-Branding-asset-300x300.png\" alt=\"\" width=\"24\" height=\"24\" title=\"\" srcset=\"https:\/\/multicredit.ch\/wp\/wp-content\/uploads\/Icone-croix-Branding-asset-300x300.png 300w, https:\/\/multicredit.ch\/wp\/wp-content\/uploads\/Icone-croix-Branding-asset-1024x1024.png 1024w, https:\/\/multicredit.ch\/wp\/wp-content\/uploads\/Icone-croix-Branding-asset-150x150.png 150w, https:\/\/multicredit.ch\/wp\/wp-content\/uploads\/Icone-croix-Branding-asset-768x768.png 768w, https:\/\/multicredit.ch\/wp\/wp-content\/uploads\/Icone-croix-Branding-asset.png 1080w\" sizes=\"auto, (max-width: 24px) 100vw, 24px\" \/> \u00c8 stato commesso un errore nella data di nascita.<\/p>\n<p><img loading=\"lazy\" decoding=\"async\" class=\"alignnone wp-image-25103\" src=\"https:\/\/multicredit.ch\/wp\/wp-content\/uploads\/Icone-croix-Branding-asset-300x300.png\" alt=\"\" width=\"24\" height=\"24\" title=\"\" srcset=\"https:\/\/multicredit.ch\/wp\/wp-content\/uploads\/Icone-croix-Branding-asset-300x300.png 300w, https:\/\/multicredit.ch\/wp\/wp-content\/uploads\/Icone-croix-Branding-asset-1024x1024.png 1024w, https:\/\/multicredit.ch\/wp\/wp-content\/uploads\/Icone-croix-Branding-asset-150x150.png 150w, https:\/\/multicredit.ch\/wp\/wp-content\/uploads\/Icone-croix-Branding-asset-768x768.png 768w, https:\/\/multicredit.ch\/wp\/wp-content\/uploads\/Icone-croix-Branding-asset.png 1080w\" sizes=\"auto, (max-width: 24px) 100vw, 24px\" \/> Avete meno di 18 anni.<\/p>\n<p><img loading=\"lazy\" decoding=\"async\" class=\"alignnone wp-image-25103\" src=\"https:\/\/multicredit.ch\/wp\/wp-content\/uploads\/Icone-croix-Branding-asset-300x300.png\" alt=\"\" width=\"24\" height=\"24\" title=\"\" srcset=\"https:\/\/multicredit.ch\/wp\/wp-content\/uploads\/Icone-croix-Branding-asset-300x300.png 300w, https:\/\/multicredit.ch\/wp\/wp-content\/uploads\/Icone-croix-Branding-asset-1024x1024.png 1024w, https:\/\/multicredit.ch\/wp\/wp-content\/uploads\/Icone-croix-Branding-asset-150x150.png 150w, https:\/\/multicredit.ch\/wp\/wp-content\/uploads\/Icone-croix-Branding-asset-768x768.png 768w, https:\/\/multicredit.ch\/wp\/wp-content\/uploads\/Icone-croix-Branding-asset.png 1080w\" sizes=\"auto, (max-width: 24px) 100vw, 24px\" \/> Avete pi\u00f9 di 69 anni. Purtroppo non saremo in grado di rispondere alla vostra richiesta.<\/p>\n<p>L&#8217;et\u00e0 \u00e8 un criterio essenziale nella richiesta di credito. La responsabilit\u00e0 non \u00e8 nostra, ma delle norme e delle leggi in vigore.[\/vc_column_text][\/vc_column_inner][vc_column_inner width=&#8221;1\/3&#8243; css=&#8221;.vc_custom_1680091902238{background-color: #ffffff !important;border-radius: 35px !important;}&#8221;][vc_icon icon_fontawesome=&#8221;fas fa-briefcase&#8221; color=&#8221;custom&#8221; size=&#8221;xl&#8221; align=&#8221;center&#8221; custom_color=&#8221;#df003c&#8221;]<\/p>\n<div class=\"blocktitle title-center title-dark\" clearfix\"><H3><span class=\"ez-toc-section\" id=\"Il_vostro_status_professionale_eo_personale_non_e_appropriato\"><\/span>Il vostro status professionale e\/o personale non \u00e8 appropriato.<\/H3><\/p>\n<h4>Dovete aspettare un cambiamento nella vostra situazione<\/h4>\n<\/div>\n<p>[vc_column_text]<img loading=\"lazy\" decoding=\"async\" class=\"alignnone wp-image-25103\" src=\"https:\/\/multicredit.ch\/wp\/wp-content\/uploads\/Icone-croix-Branding-asset-300x300.png\" alt=\"\" width=\"24\" height=\"24\" title=\"\" srcset=\"https:\/\/multicredit.ch\/wp\/wp-content\/uploads\/Icone-croix-Branding-asset-300x300.png 300w, https:\/\/multicredit.ch\/wp\/wp-content\/uploads\/Icone-croix-Branding-asset-1024x1024.png 1024w, https:\/\/multicredit.ch\/wp\/wp-content\/uploads\/Icone-croix-Branding-asset-150x150.png 150w, https:\/\/multicredit.ch\/wp\/wp-content\/uploads\/Icone-croix-Branding-asset-768x768.png 768w, https:\/\/multicredit.ch\/wp\/wp-content\/uploads\/Icone-croix-Branding-asset.png 1080w\" sizes=\"auto, (max-width: 24px) 100vw, 24px\" \/> Il vostro reddito netto \u00e8 inferiore a 2.700 franchi svizzeri al mese e siete single.<\/p>\n<p><img loading=\"lazy\" decoding=\"async\" class=\"alignnone wp-image-25103\" src=\"https:\/\/multicredit.ch\/wp\/wp-content\/uploads\/Icone-croix-Branding-asset-300x300.png\" alt=\"\" width=\"24\" height=\"24\" title=\"\" srcset=\"https:\/\/multicredit.ch\/wp\/wp-content\/uploads\/Icone-croix-Branding-asset-300x300.png 300w, https:\/\/multicredit.ch\/wp\/wp-content\/uploads\/Icone-croix-Branding-asset-1024x1024.png 1024w, https:\/\/multicredit.ch\/wp\/wp-content\/uploads\/Icone-croix-Branding-asset-150x150.png 150w, https:\/\/multicredit.ch\/wp\/wp-content\/uploads\/Icone-croix-Branding-asset-768x768.png 768w, https:\/\/multicredit.ch\/wp\/wp-content\/uploads\/Icone-croix-Branding-asset.png 1080w\" sizes=\"auto, (max-width: 24px) 100vw, 24px\" \/> Siete attualmente disoccupati.<\/p>\n<p>Vi preghiamo di richiamarci se la situazione \u00e8 stata modificata o se avete dimenticato di fornire alcune informazioni che potrebbero cambiare la situazione. Se avete dimenticato di indicare un reddito aggiuntivo, contattateci per ricominciare la procedura.[\/vc_column_text][\/vc_column_inner][vc_column_inner width=&#8221;1\/3&#8243; css=&#8221;.vc_custom_1680091912255{background-color: #ffffff !important;border-radius: 35px !important;}&#8221;][vc_icon icon_fontawesome=&#8221;fas fa-exclamation-triangle&#8221; color=&#8221;custom&#8221; size=&#8221;xl&#8221; align=&#8221;center&#8221; custom_color=&#8221;#df003c&#8221;]<\/p>\n<div class=\"blocktitle title-center title-dark\" clearfix\"><H3><span class=\"ez-toc-section\" id=\"3_Il_vostro_punteggio_di_credito_e_negativo\"><\/span>3. Il vostro punteggio di credito \u00e8 negativo!<\/H3><\/p>\n<h4>I dati finanziari devono essere ripuliti<\/h4>\n<\/div>\n<p>[vc_column_text]<img loading=\"lazy\" decoding=\"async\" class=\"alignnone wp-image-25103\" src=\"https:\/\/multicredit.ch\/wp\/wp-content\/uploads\/Icone-croix-Branding-asset-300x300.png\" alt=\"\" width=\"24\" height=\"24\" title=\"\" srcset=\"https:\/\/multicredit.ch\/wp\/wp-content\/uploads\/Icone-croix-Branding-asset-300x300.png 300w, https:\/\/multicredit.ch\/wp\/wp-content\/uploads\/Icone-croix-Branding-asset-1024x1024.png 1024w, https:\/\/multicredit.ch\/wp\/wp-content\/uploads\/Icone-croix-Branding-asset-150x150.png 150w, https:\/\/multicredit.ch\/wp\/wp-content\/uploads\/Icone-croix-Branding-asset-768x768.png 768w, https:\/\/multicredit.ch\/wp\/wp-content\/uploads\/Icone-croix-Branding-asset.png 1080w\" sizes=\"auto, (max-width: 24px) 100vw, 24px\" \/> Siete iscritti erroneamente nei registri di controllo finanziario: procedimenti giudiziari, ZEK, IKO, CRIF, ecc.<\/p>\n<p><img loading=\"lazy\" decoding=\"async\" class=\"alignnone wp-image-25103\" src=\"https:\/\/multicredit.ch\/wp\/wp-content\/uploads\/Icone-croix-Branding-asset-300x300.png\" alt=\"\" width=\"24\" height=\"24\" title=\"\" srcset=\"https:\/\/multicredit.ch\/wp\/wp-content\/uploads\/Icone-croix-Branding-asset-300x300.png 300w, https:\/\/multicredit.ch\/wp\/wp-content\/uploads\/Icone-croix-Branding-asset-1024x1024.png 1024w, https:\/\/multicredit.ch\/wp\/wp-content\/uploads\/Icone-croix-Branding-asset-150x150.png 150w, https:\/\/multicredit.ch\/wp\/wp-content\/uploads\/Icone-croix-Branding-asset-768x768.png 768w, https:\/\/multicredit.ch\/wp\/wp-content\/uploads\/Icone-croix-Branding-asset.png 1080w\" sizes=\"auto, (max-width: 24px) 100vw, 24px\" \/> A seguito di un ritardo nel pagamento di una fattura ricorrente (vari abbonamenti), \u00e8 stato emess n signalement a \u00e9t\u00e9 fait \u00e0A seguito di un ritardo nel pagamento di una fattu o un avvertimento.<\/p>\n<p>Se il vostro score di credito \u00e8 negativo, non potrete ottenere una carta di credito o un prestito. Contattateci per una diagnosi finanziaria.[\/vc_column_text][vc_btn title=&#8221;Migliorate il vostro punteggio di credito oggi stesso e approfittate dei tassi bassi&#8221; align=&#8221;center&#8221; button_block=&#8221;true&#8221; link=&#8221;url:https%3A%2F%2Fmulticredit.ch%2Ffr%2Fcredit-rating-check%2F|title:Conoscete%20il%20vostro%20punteggio%20di%20credito%3F%20Controllate%20subito%20il%20vostro%20punteggio%20finanziario%20con%20ZEK%2C%20CRIF%2C%20ecc.|&#8221;][\/vc_column_inner][\/vc_row_inner][vc_row_inner css=&#8221;.vc_custom_1681211908106{background-color: #0247d3 !important;}&#8221;][vc_column_inner width=&#8221;1\/3&#8243; css=&#8221;.vc_custom_1680097392694{border-radius: 35px !important;}&#8221;][vc_btn title=&#8221;Contattateci per telefono&#8221; align=&#8221;center&#8221; i_icon_fontawesome=&#8221;fas fa-phone&#8221; button_block=&#8221;true&#8221; add_icon=&#8221;true&#8221; link=&#8221;url:tel%3A079%20936%2031%2075|&#8221;][\/vc_column_inner][vc_column_inner width=&#8221;1\/3&#8243;][vc_btn title=&#8221;Contattateci via e-mail&#8221; align=&#8221;center&#8221; i_icon_fontawesome=&#8221;fas fa-envelope&#8221; button_block=&#8221;true&#8221; add_icon=&#8221;true&#8221; link=&#8221;url:http%3A%2F%2Finfo%40multicredit.ch|&#8221;][\/vc_column_inner][vc_column_inner width=&#8221;1\/3&#8243;][vc_btn title=&#8221;Contattateci via Whatsapp&#8221; align=&#8221;center&#8221; i_icon_fontawesome=&#8221;fab fa-whatsapp&#8221; button_block=&#8221;true&#8221; add_icon=&#8221;true&#8221; link=&#8221;url:https%3A%2F%2Fapi.whatsapp.com%2Fsend%3Fphone%3D41799363175|&#8221;][\/vc_column_inner][\/vc_row_inner][\/vc_column][\/vc_row][vc_row full_width=&#8221;stretch_row&#8221; content_placement=&#8221;middle&#8221; el_class=&#8221;white-bck bigpadding checklist&#8221;][vc_column data_aos=&#8221;fade-in&#8221;][vc_empty_space height=&#8221;35px&#8221;][vc_icon icon_fontawesome=&#8221;fas fa-info-circle&#8221; color=&#8221;custom&#8221; size=&#8221;xl&#8221; align=&#8221;center&#8221; custom_color=&#8221;#df003c&#8221;]<\/p>\n<div class=\"blocktitle title-center title-dark\" clearfix\"><H2><span class=\"ez-toc-section\" id=\"Lo_sapevate\"><\/span>Lo sapevate?<\/H2><\/div>\n<p>[vc_column_text el_class=&#8221;maxwidth&#8221; css=&#8221;.vc_custom_1681455200638{padding-bottom: 48px !important;}&#8221;]Se il credito non \u00e8 possibile, ci sono altre soluzioni. State cercando di migliorar\u00e0 am\u00e9lie una situazione finanziaria difficile?<\/p>\n<ul>\n<li>Modalit\u00e0 di pagamento<\/li>\n<li>Cause legali<\/li>\n<li>Riconoscimento del debito<\/li>\n<li>Problemi di credito passati o presenti<\/li>\n<\/ul>\n<p>Possiamo offrirvi un aiuto professionale per riequilibrare il vostro bilancio e rimettervi in carreggiata. Il nostro team rimane a vostra disposizione per ulteriori informazioni.[\/vc_column_text][vc_row_inner][vc_column_inner width=&#8221;1\/3&#8243;][\/vc_column_inner][vc_column_inner width=&#8221;1\/3&#8243;][\/vc_column_inner][vc_column_inner width=&#8221;1\/3&#8243;][\/vc_column_inner][\/vc_row_inner][vc_empty_space height=&#8221;150px&#8221;][\/vc_column][\/vc_row][vc_row full_width=&#8221;stretch_row&#8221; el_class=&#8221;diagonal-bck gradient-bck bigpadding full-width&#8221;][vc_column data_aos=&#8221;fade-in&#8221;][vc_column_text css=&#8221;.vc_custom_1681455483047{padding-top: 96px !important;}&#8221;]<\/p>\n<div class=\"blocktitle title-center title-light maxwidth\">\n<h2><span class=\"ez-toc-section\" id=\"MultiCredit_beneficia_delle_numerose_raccomandazioni_dei_suoi_clienti_e_li_ringrazia_per_il_loro_sostegno\"><\/span>MultiCredit beneficia delle numerose <a href=\"https:\/\/multicredit.ch\/it\/faq\/\">raccomandazioni<\/a> dei suoi clienti e li ringrazia per il loro sostegno.<span class=\"ez-toc-section-end\"><\/span><\/h2>\n<\/div>\n<p>[\/vc_column_text][\/vc_column][\/vc_row]<\/p>\n<\/section>\n","protected":false},"excerpt":{"rendered":"<p>Riceverete presto ulteriori informazioni per posta e SMS, controllate i vostri messaggi di spam. Anche il nostro consulente vi chiamer\u00e0.<\/p>\n","protected":false},"author":4,"featured_media":24792,"parent":0,"menu_order":0,"comment_status":"closed","ping_status":"closed","template":"template-basic.php","meta":{"inline_featured_image":false,"footnotes":"","_links_to":"","_links_to_target":""},"categories":[298,306,757,305,299,694,666,239,300],"class_list":["post-25201","page","type-page","status-publish","has-post-thumbnail","hentry","category-credito","category-carta-di-credito","category-credit-pme-it","category-credito-auto","category-credito-immobiliare","category-credito-per-la-formazione","category-credito-salute","category-riacquisto-di-credito","category-varie"],"_links":{"self":[{"href":"https:\/\/multicredit.ch\/it\/wp-json\/wp\/v2\/pages\/25201","targetHints":{"allow":["GET"]}}],"collection":[{"href":"https:\/\/multicredit.ch\/it\/wp-json\/wp\/v2\/pages"}],"about":[{"href":"https:\/\/multicredit.ch\/it\/wp-json\/wp\/v2\/types\/page"}],"author":[{"embeddable":true,"href":"https:\/\/multicredit.ch\/it\/wp-json\/wp\/v2\/users\/4"}],"replies":[{"embeddable":true,"href":"https:\/\/multicredit.ch\/it\/wp-json\/wp\/v2\/comments?post=25201"}],"version-history":[{"count":12,"href":"https:\/\/multicredit.ch\/it\/wp-json\/wp\/v2\/pages\/25201\/revisions"}],"predecessor-version":[{"id":26102,"href":"https:\/\/multicredit.ch\/it\/wp-json\/wp\/v2\/pages\/25201\/revisions\/26102"}],"wp:featuredmedia":[{"embeddable":true,"href":"https:\/\/multicredit.ch\/it\/wp-json\/wp\/v2\/media\/24792"}],"wp:attachment":[{"href":"https:\/\/multicredit.ch\/it\/wp-json\/wp\/v2\/media?parent=25201"}],"wp:term":[{"taxonomy":"category","embeddable":true,"href":"https:\/\/multicredit.ch\/it\/wp-json\/wp\/v2\/categories?post=25201"}],"curies":[{"name":"wp","href":"https:\/\/api.w.org\/{rel}","templated":true}]}}