{"id":19926,"date":"2022-05-24T14:21:19","date_gmt":"2022-05-24T14:21:19","guid":{"rendered":"https:\/\/www.multicredit.ch\/programma-di-affiliazione\/"},"modified":"2022-08-09T11:36:58","modified_gmt":"2022-08-09T11:36:58","slug":"programma-di-affiliazione","status":"publish","type":"page","link":"https:\/\/multicredit.ch\/it\/programma-di-affiliazione\/","title":{"rendered":"Programma di affiliazione"},"content":{"rendered":"<section class=\"wpb-content-wrapper\">[vc_row][vc_column][vc_empty_space height=&#8221;60px&#8221;][vc_column_text]<\/p>\n<h3 style=\"text-align: center;\"><span class=\"ez-toc-section\" id=\"Offriamo_commissioni_vantaggiose_e_progressive\"><\/span>Offriamo commissioni vantaggiose e progressive<span class=\"ez-toc-section-end\"><\/span><\/h3>\n<p>[\/vc_column_text][vc_empty_space height=&#8221;60px&#8221;][\/vc_column][\/vc_row][vc_row][vc_column width=&#8221;1\/2&#8243;][vc_column_text]<\/p>\n<h4>Partecipa al programma di affiliazione<a href=\"https:\/\/www.multicredit.ch\/it\/\"> MultiCredit<\/a><\/h4>\n<p>Questa \u00e8 l&#8217;occasione perfetta per avere <strong>un&#8217;entrata supplementare<\/strong>. Premiamo il vostro impegno. Pi\u00f9 clienti convertite, pi\u00f9 alta sar\u00e0 la vostra <strong>commissione<\/strong>.<\/p>\n<p>Il funzionamento \u00e8 molto semplice. Innanzitutto, raccomandate i nostri servizi sul vostro blog, sul vostro sito web, sulla vostra rivista, sui vostri social network o ai i vostri amici. Una volta che i vostri visitatori si rivolgono ai nostri servizi e diventano clienti, la commissione sar\u00e0 pagata.[\/vc_column_text][\/vc_column][vc_column width=&#8221;1\/2&#8243;][vc_column_text]<\/p>\n<h4>Poter gaudagnare guadagnare facilmente<\/h4>\n<p>MultiCredit vi offre l&#8217;opportunit\u00e0 di diventare nostro affiliato. Raccomandando i <a href=\"https:\/\/multicredit.ch\/it\/credito\/\">nostri servizi<\/a> sulle vostre piattaforme, vi paghiamo l&#8217;importo ogni mese sul vostro conto. Collaborare con noi significa beneficiare di un alto livello di reattivit\u00e0, semplicit\u00e0 nelle procedure e soprattutto pagamenti regolari.<\/p>\n<p><strong>Alimentate le proprie casse stando comodamente seduti.<\/strong>[\/vc_column_text][\/vc_column][\/vc_row][vc_row][vc_column][vc_empty_space height=&#8221;60px&#8221;][vc_empty_space height=&#8221;60px&#8221;][\/vc_column][\/vc_row][vc_row][vc_column width=&#8221;1\/2&#8243;][vc_single_image image=&#8221;11599&#8243; img_size=&#8221;full&#8221;][\/vc_column][vc_column width=&#8221;1\/2&#8243;][vc_empty_space][vc_empty_space][vc_empty_space][vc_empty_space][vc_empty_space][vc_column_text]<\/p>\n<h4>Perch\u00e9 diventare un affiliato MultiCredit?<\/h4>\n<ul>\n<li>Offrire ai clienti un servizio eccellente nella gestione dei prestiti personali.<\/li>\n<li>Proporre al vostro pubblico un&#8217;ampia gamma di servizi in tutta la Svizzera,\u00a0 rispondiamo in 8 lingue.<\/li>\n<li>Ricevere commissioni tra i <strong>500 e i 3&#8217;000 franchi<\/strong> svizzeri, a seconda del volume di affari.<\/li>\n<\/ul>\n<p>[\/vc_column_text][\/vc_column][\/vc_row][vc_row][vc_column][vc_empty_space height=&#8221;60px&#8221;][vc_empty_space height=&#8221;60px&#8221;][vc_empty_space height=&#8221;60px&#8221;][vc_column_text]<\/p>\n<h1 style=\"text-align: center;\"><span class=\"ez-toc-section\" id=\"3_passi\"><\/span>3 passi<span class=\"ez-toc-section-end\"><\/span><\/h1>\n<p>[\/vc_column_text][\/vc_column][\/vc_row][vc_row][vc_column width=&#8221;1\/3&#8243;][vc_single_image image=&#8221;20761&#8243; img_size=&#8221;full&#8221;][vc_column_text]<\/p>\n<h3 style=\"text-align: center;\"><span class=\"ez-toc-section\" id=\"Unisciti_a_noi\"><\/span>Unisciti a noi<span class=\"ez-toc-section-end\"><\/span><\/h3>\n<p>[\/vc_column_text][vc_column_text]<\/p>\n<p style=\"text-align: center;\">Unitevi a centinaia di creatori, blogger e siti web che guadagnano con il programma di affiliazione MultiCredit.<\/p>\n<p>[\/vc_column_text][\/vc_column][vc_column width=&#8221;1\/3&#8243;][vc_single_image image=&#8221;20770&#8243; img_size=&#8221;full&#8221;][vc_column_text]<\/p>\n<h3 style=\"text-align: center;\"><span class=\"ez-toc-section\" id=\"Raccomandaci\"><\/span>Raccomandaci<span class=\"ez-toc-section-end\"><\/span><\/h3>\n<p>[\/vc_column_text][vc_column_text]<\/p>\n<p style=\"text-align: center;\">Condividete i nostri servizi con i vostri clienti. Possiamo collaborare scambiandoci link, articoli o acquistando lead.<\/p>\n<p>[\/vc_column_text][\/vc_column][vc_column width=&#8221;1\/3&#8243;][vc_single_image image=&#8221;20778&#8243; img_size=&#8221;full&#8221;][vc_column_text]<\/p>\n<h3 style=\"text-align: center;\"><span class=\"ez-toc-section\" id=\"Ricevete_il_vostro_importo\"><\/span>Ricevete il vostro importo<span class=\"ez-toc-section-end\"><\/span><\/h3>\n<p>[\/vc_column_text][vc_column_text]<\/p>\n<p style=\"text-align: center;\">Pi\u00f9 alto \u00e8 il volume, pi\u00f9 si guadagna. La somma guadagnata viene versata direttamente sul vostro conto.<\/p>\n<p>[\/vc_column_text][\/vc_column][\/vc_row][vc_row][vc_column][vc_empty_space][vc_empty_space][vc_empty_space][vc_empty_space][vc_empty_space][\/vc_column][\/vc_row][vc_row][vc_column width=&#8221;1\/2&#8243;][vc_column_text]<\/p>\n<h2 style=\"text-align: center;\"><span class=\"ez-toc-section\" id=\"Il_nostro_programma_in_breve\"><\/span>Il nostro programma in breve<span class=\"ez-toc-section-end\"><\/span><\/h2>\n<p>[\/vc_column_text][vc_column_text]Scegliendo MultiCredit come partner, avrete accesso a:<\/p>\n<ul>\n<li>Commissioni interessanti che evolgono nel tempo<\/li>\n<li>Registrazione gratuita tramite il nostro modulo<\/li>\n<li>Pagamento mensile<\/li>\n<li>Un&#8217;ampia rete di partner<\/li>\n<li>Pi\u00f9 visualizzazioni sul vostro sito<\/li>\n<\/ul>\n<p>La commissione \u00e8 proporzionale al tipo di contatti forniti. Un singolo lead vi far\u00e0 guadagnare un importo inferiore, ma un lead che si trasforma in cliente pu\u00f2 farvi guadagnare il doppio.<\/p>\n<p>Le nostre opzioni sono molteplici e personalizzabili, ma il risultato finale \u00e8 sempre lo stesso: <strong>si viene pagati!<\/strong>[\/vc_column_text][\/vc_column][vc_column width=&#8221;1\/2&#8243;][vc_single_image image=&#8221;20787&#8243; img_size=&#8221;full&#8221;][\/vc_column][\/vc_row][vc_row][vc_column][vc_empty_space][vc_empty_space][vc_empty_space][vc_empty_space][vc_empty_space][vc_empty_space][vc_column_text]<\/p>\n<h4 style=\"text-align: center;\">Raccomandate uno dei principali fornitori di credito al consumo della Svizzera<\/h4>\n<p>[\/vc_column_text][vc_column_text]<\/p>\n<p style=\"text-align: center;\">Con <a href=\"https:\/\/multicredit.ch\/it\/multicredit-fribourg-chi-siamo\/\">23 anni di esperienza<\/a> nel mercato svizzero dei finanziamenti, vantiamo una solida reputazione. Con servizi di qualit\u00e0, un team di collaboratori esperti e un&#8217;attivit\u00e0 in tutta la Svizzera, aiutiamo migliaia di clienti a realizzare i loro sogni.<\/p>\n<h4 style=\"text-align: center;\">Guadagnate reddito passivo<\/h4>\n<p style=\"text-align: center;\">Raccomandando servizi affidabili, accumulerete rapidamente guadagni e aumenterete il vostro tasso di commissione. Prima si inizia, prima si guadagna: \u00e8 cos\u00ec semplice.<\/p>\n<p>[\/vc_column_text][\/vc_column][\/vc_row][vc_row][vc_column el_class=&#8221;white-bg-form&#8221;][vc_empty_space][vc_empty_space][vc_empty_space][vc_column_text]<\/p>\n<h3 style=\"text-align: center;\"><span class=\"ez-toc-section\" id=\"Inserisci_i_tuoi_dati_per_diventare_un_affiliato\"><\/span>Inserisci i tuoi dati per diventare un affiliato<span class=\"ez-toc-section-end\"><\/span><\/h3>\n<p>[\/vc_column_text]<\/p>\n<div class=\"wpcf7 no-js\" id=\"wpcf7-f20925-o1\" lang=\"it-IT\" dir=\"ltr\" data-wpcf7-id=\"20925\">\n<div class=\"screen-reader-response\">\n<p role=\"status\" aria-live=\"polite\" aria-atomic=\"true\">\n<ul><\/ul>\n<\/div>\n<form action=\"\/it\/wp-json\/wp\/v2\/pages\/19926#wpcf7-f20925-o1\" method=\"post\" class=\"wpcf7-form init\" aria-label=\"Contact form\" enctype=\"multipart\/form-data\" novalidate=\"novalidate\" data-status=\"init\">\n<fieldset class=\"hidden-fields-container\"><input type=\"hidden\" name=\"_wpcf7\" value=\"20925\" \/><input type=\"hidden\" name=\"_wpcf7_version\" value=\"6.1.5\" \/><input type=\"hidden\" name=\"_wpcf7_locale\" value=\"it_IT\" \/><input type=\"hidden\" name=\"_wpcf7_unit_tag\" value=\"wpcf7-f20925-o1\" \/><input type=\"hidden\" name=\"_wpcf7_container_post\" value=\"0\" \/><input type=\"hidden\" name=\"_wpcf7_posted_data_hash\" value=\"\" \/><input type=\"hidden\" name=\"_wpcf7_recaptcha_response\" value=\"\" \/><br \/>\n<\/fieldset>\n<p><span class=\"wpcf7-form-control-wrap\" data-name=\"Nome\"><input size=\"40\" maxlength=\"400\" class=\"wpcf7-form-control wpcf7-text wpcf7-validates-as-required\" id=\"nome\" aria-required=\"true\" aria-invalid=\"false\" placeholder=\"Nome*\" value=\"\" type=\"text\" name=\"Nome\" \/><\/span><br \/>\n<span class=\"wpcf7-form-control-wrap\" data-name=\"Cognome\"><input size=\"40\" maxlength=\"400\" class=\"wpcf7-form-control wpcf7-text wpcf7-validates-as-required\" aria-required=\"true\" aria-invalid=\"false\" placeholder=\"Cognome*\" value=\"\" type=\"text\" name=\"Cognome\" \/><\/span><br \/>\n<span class=\"wpcf7-form-control-wrap\" data-name=\"Vostra\"><input size=\"40\" maxlength=\"400\" class=\"wpcf7-form-control wpcf7-text\" id=\"vostra\" aria-invalid=\"false\" placeholder=\"Vostra azienda\" value=\"\" type=\"text\" name=\"Vostra\" \/><\/span><br \/>\n<span class=\"wpcf7-form-control-wrap\" data-name=\"Mail\"><input size=\"40\" maxlength=\"400\" class=\"wpcf7-form-control wpcf7-email wpcf7-validates-as-required wpcf7-text wpcf7-validates-as-email\" id=\"mail\" aria-required=\"true\" aria-invalid=\"false\" placeholder=\"Mail*\" value=\"\" type=\"email\" name=\"Mail\" \/><\/span><span class=\"wpcf7-form-control-wrap\" data-name=\"CAP\"><input size=\"40\" maxlength=\"400\" class=\"wpcf7-form-control wpcf7-text wpcf7-validates-as-required\" id=\"cap\" aria-required=\"true\" aria-invalid=\"false\" placeholder=\"CAP*\" value=\"\" type=\"text\" name=\"CAP\" \/><\/span><span class=\"wpcf7-form-control-wrap\" data-name=\"Localita\"><input size=\"40\" maxlength=\"400\" class=\"wpcf7-form-control wpcf7-text wpcf7-validates-as-required\" id=\"localita\" aria-required=\"true\" aria-invalid=\"false\" placeholder=\"Localita*\" value=\"\" type=\"text\" name=\"Localita\" \/><\/span><br \/>\n<span class=\"wpcf7-form-control-wrap\" data-name=\"Telefono\"><input size=\"40\" maxlength=\"400\" class=\"wpcf7-form-control wpcf7-tel wpcf7-validates-as-required wpcf7-text wpcf7-validates-as-tel\" id=\"tel\" aria-required=\"true\" aria-invalid=\"false\" placeholder=\"Telefono*\" value=\"\" type=\"tel\" name=\"Telefono\" \/><\/span><br \/>\n<span class=\"wpcf7-form-control-wrap\" data-name=\"file\"><input size=\"40\" class=\"wpcf7-form-control wpcf7-file\" id=\"I\" accept=\".pdf,.doc,.docx\" aria-invalid=\"false\" type=\"file\" name=\"file\" \/><\/span><br \/>\n<span class=\"wpcf7-form-control-wrap\" data-name=\"Messaggio\"><textarea cols=\"40\" rows=\"10\" maxlength=\"2000\" class=\"wpcf7-form-control wpcf7-textarea\" id=\"message\" aria-invalid=\"false\" placeholder=\"Messaggio\" name=\"Messaggio\"><\/textarea><\/span><br \/>\n<input class=\"wpcf7-form-control wpcf7-submit has-spinner\" id=\"submit\" type=\"submit\" value=\"Inviare\" \/>\n<\/p>\n<p><input type=\"hidden\" id=\"ct_checkjs_cf7_692f93be8c7a41525c0baf2076aecfb4\" name=\"ct_checkjs_cf7\" value=\"0\" \/><script >setTimeout(function(){var ct_input_name = \"ct_checkjs_cf7_692f93be8c7a41525c0baf2076aecfb4\";if (document.getElementById(ct_input_name) !== null) {var ct_input_value = document.getElementById(ct_input_name).value;document.getElementById(ct_input_name).value = document.getElementById(ct_input_name).value.replace(ct_input_value, 'f350882909af177e6ae7f21ccaa78745bceacc83bdcef37d25207814ac5fc89e');}}, 1000);<\/script><input\n                    class=\"apbct_special_field apbct_email_id__wp_contact_form_7\"\n                    name=\"apbct__email_id__wp_contact_form_7\"\n                    aria-label=\"apbct__label_id__wp_contact_form_7\"\n                    type=\"text\" size=\"30\" maxlength=\"200\" autocomplete=\"off\"\n                    value=\"\"\n                \/><\/p>\n<div class=\"wpcf7-response-output\" aria-hidden=\"true\"><\/div>\n<\/form>\n<\/div>\n<p>[\/vc_column][\/vc_row]<\/section>\n","protected":false},"excerpt":{"rendered":"<p>VINCIAMO INSIEME<\/p>\n","protected":false},"author":4,"featured_media":11653,"parent":0,"menu_order":0,"comment_status":"closed","ping_status":"closed","template":"","meta":{"inline_featured_image":false,"footnotes":"","_links_to":"","_links_to_target":""},"categories":[],"class_list":["post-19926","page","type-page","status-publish","has-post-thumbnail","hentry"],"_links":{"self":[{"href":"https:\/\/multicredit.ch\/it\/wp-json\/wp\/v2\/pages\/19926","targetHints":{"allow":["GET"]}}],"collection":[{"href":"https:\/\/multicredit.ch\/it\/wp-json\/wp\/v2\/pages"}],"about":[{"href":"https:\/\/multicredit.ch\/it\/wp-json\/wp\/v2\/types\/page"}],"author":[{"embeddable":true,"href":"https:\/\/multicredit.ch\/it\/wp-json\/wp\/v2\/users\/4"}],"replies":[{"embeddable":true,"href":"https:\/\/multicredit.ch\/it\/wp-json\/wp\/v2\/comments?post=19926"}],"version-history":[{"count":19,"href":"https:\/\/multicredit.ch\/it\/wp-json\/wp\/v2\/pages\/19926\/revisions"}],"predecessor-version":[{"id":20926,"href":"https:\/\/multicredit.ch\/it\/wp-json\/wp\/v2\/pages\/19926\/revisions\/20926"}],"wp:featuredmedia":[{"embeddable":true,"href":"https:\/\/multicredit.ch\/it\/wp-json\/wp\/v2\/media\/11653"}],"wp:attachment":[{"href":"https:\/\/multicredit.ch\/it\/wp-json\/wp\/v2\/media?parent=19926"}],"wp:term":[{"taxonomy":"category","embeddable":true,"href":"https:\/\/multicredit.ch\/it\/wp-json\/wp\/v2\/categories?post=19926"}],"curies":[{"name":"wp","href":"https:\/\/api.w.org\/{rel}","templated":true}]}}