{"id":19913,"date":"2022-05-24T14:15:09","date_gmt":"2022-05-24T14:15:09","guid":{"rendered":"https:\/\/www.multicredit.ch\/procacciatori-di-affari-commercianti-e-agenti-di-commercio\/"},"modified":"2022-08-11T09:48:16","modified_gmt":"2022-08-11T09:48:16","slug":"procacciatori-di-affari-commercianti-e-agenti-di-commercio","status":"publish","type":"page","link":"https:\/\/multicredit.ch\/it\/procacciatori-di-affari-commercianti-e-agenti-di-commercio\/","title":{"rendered":"Procacciatori d&#8217;affari commercianti e agenti di commercio"},"content":{"rendered":"<section class=\"wpb-content-wrapper\">[vc_row][vc_column][vc_empty_space height=&#8221;60px&#8221;][vc_column_text]<\/p>\n<h3 style=\"text-align: center;\"><span class=\"ez-toc-section\" id=\"Diventate_partner_MultiCredit_e_lavoriamo_insieme_verso_il_successo\"><\/span>Diventate partner MultiCredit e lavoriamo insieme verso il successo!<span class=\"ez-toc-section-end\"><\/span><\/h3>\n<p>[\/vc_column_text][vc_empty_space height=&#8221;60px&#8221;][\/vc_column][\/vc_row][vc_row][vc_column width=&#8221;1\/2&#8243;][vc_column_text]<br \/>\nSiete artigiani, venditori di pannelli fotovoltaici o solari, venditori di riscaldamento, sanitari, mobili, cucine, rimorchi, auto e veicoli di seconda mano, operai edili, meccanici o carrozzieri e <strong>siete alla ricerca di soluzioni di pagamento alternative?<\/strong><br \/>\n[\/vc_column_text][vc_column_text]<br \/>\nVolete sviluppare la vostra attivit\u00e0 e semplificare la vita ai vostri clienti?<\/p>\n<h4>Se la vostra risposta \u00e8 s\u00ec, lavoriamo insieme!<\/h4>\n<p>[\/vc_column_text][\/vc_column][vc_column width=&#8221;1\/2&#8243;][vc_column_text]<a href=\"https:\/\/www.multicredit.ch\/it\/\"><strong>MultiCredit<\/strong><\/a> \u00e8 soprattutto una soluzione rapida, semplice e discreta. Ci impegniamo a negoziare nell&#8217;interesse dei nostri clienti.<\/p>\n<p>Contattateci per saperne di pi\u00f9 sui nostri servizi. Saremo lieti di discutere di come instaurare una collaborazione reciproca.<\/p>\n<p>Compilate il modulo in fondo alla pagina per saperne di pi\u00f9 su di noi. Lasciateci i vostri dati e vi contatteremo al pi\u00f9 presto.[\/vc_column_text][\/vc_column][\/vc_row][vc_row][vc_column][vc_empty_space][vc_empty_space height=&#8221;60px&#8221;][vc_empty_space height=&#8221;60px&#8221;][\/vc_column][\/vc_row][vc_row][vc_column width=&#8221;1\/2&#8243;][vc_column_text]<\/p>\n<h2><span class=\"ez-toc-section\" id=\"I_vostri_vantaggi\"><\/span>I vostri vantaggi?<span class=\"ez-toc-section-end\"><\/span><\/h2>\n<p>Dal <strong>1999<\/strong> siamo diventati gli specialisti del credito al consumo. I <a href=\"https:\/\/multicredit.ch\/it\/multicredit-fribourg-chi-siamo\/\">nostri principi guida<\/a> sono la soddisfazione dei clienti di tutta la Svizzera, le relazioni umane al centro delle nostre attivit\u00e0 e i servizi su misura, ci consentono di elaborare oltre<strong> 15&#8217;000<\/strong> domande all&#8217;anno. Avrete accesso alla nostra rete di partner finanziari\u00a0 garantendovi una partnership affidabile e professionale con personale esperto.<\/p>\n<ul>\n<li>Fare del cross-selling<\/li>\n<li>Presentare ai clienti soluzioni di pagamento alternative<\/li>\n<li>Aumentare le vendite<\/li>\n<li>Ricevere una commissione<\/li>\n<li>Nessun rischio finanziario<\/li>\n<li>Accesso alla nostra rete di partner<\/li>\n<\/ul>\n<p>[\/vc_column_text][\/vc_column][vc_column width=&#8221;1\/2&#8243;][vc_single_image image=&#8221;11546&#8243; img_size=&#8221;full&#8221;][\/vc_column][\/vc_row][vc_row][vc_column][vc_empty_space height=&#8221;60px&#8221;][vc_empty_space height=&#8221;90px&#8221;][vc_empty_space height=&#8221;60px&#8221;][\/vc_column][\/vc_row][vc_row][vc_column width=&#8221;1\/2&#8243;][vc_single_image image=&#8221;12121&#8243; img_size=&#8221;full&#8221;][\/vc_column][vc_column width=&#8221;1\/2&#8243;][vc_column_text]<\/p>\n<h3><span class=\"ez-toc-section\" id=\"I_vantaggi_per_i_vostri_clienti\"><\/span>I vantaggi per i vostri clienti?<span class=\"ez-toc-section-end\"><\/span><\/h3>\n<p>Lavorando insieme, non solo offrite ai vostri clienti la <a href=\"https:\/\/multicredit.ch\/it\/richiesta-di-credito\/\"><strong>libert\u00e0 finanziaria<\/strong><\/a>, ma <strong>semplificate anche la loro vita quotidiana<\/strong>. Con MultiCredit i progetti sono sempre in buone mani e tutte le pratiche sono trattate con cura.<\/p>\n<ul>\n<li style=\"text-align: left;\">Pi\u00f9 libert\u00e0 finanziaria<\/li>\n<li style=\"text-align: left;\">Pagamento a rate mensili<\/li>\n<li style=\"text-align: left;\">Risposta entro 48 ore<\/li>\n<li style=\"text-align: left;\">Decisione di principio in 5 minuti<\/li>\n<li style=\"text-align: left;\">Elaborazione della pratica in 8 lingue diverse<\/li>\n<\/ul>\n<p>[\/vc_column_text][\/vc_column][\/vc_row][vc_row][vc_column][vc_empty_space height=&#8221;60px&#8221;][vc_empty_space height=&#8221;60px&#8221;][\/vc_column][\/vc_row][vc_row][vc_column][vc_empty_space height=&#8221;60px&#8221;][\/vc_column][\/vc_row][vc_row][vc_column][vc_column_text]<\/p>\n<h3><span class=\"ez-toc-section\" id=\"Contattateci_ora_per_ricevere_una_commissione_su_ogni_transazione_effettuata\"><\/span>Contattateci ora per ricevere una commissione su ogni transazione effettuata<span class=\"ez-toc-section-end\"><\/span><\/h3>\n<p>[\/vc_column_text][\/vc_column][\/vc_row][vc_row][vc_column width=&#8221;1\/2&#8243; el_class=&#8221;white-bg-form&#8221;]<\/p>\n<div class=\"wpcf7 no-js\" id=\"wpcf7-f20999-o1\" lang=\"it-IT\" dir=\"ltr\" data-wpcf7-id=\"20999\">\n<div class=\"screen-reader-response\">\n<p role=\"status\" aria-live=\"polite\" aria-atomic=\"true\">\n<ul><\/ul>\n<\/div>\n<form action=\"\/it\/wp-json\/wp\/v2\/pages\/19913#wpcf7-f20999-o1\" method=\"post\" class=\"wpcf7-form init\" aria-label=\"Contact form\" enctype=\"multipart\/form-data\" novalidate=\"novalidate\" data-status=\"init\">\n<fieldset class=\"hidden-fields-container\"><input type=\"hidden\" name=\"_wpcf7\" value=\"20999\" \/><input type=\"hidden\" name=\"_wpcf7_version\" value=\"6.1.5\" \/><input type=\"hidden\" name=\"_wpcf7_locale\" value=\"it_IT\" \/><input type=\"hidden\" name=\"_wpcf7_unit_tag\" value=\"wpcf7-f20999-o1\" \/><input type=\"hidden\" name=\"_wpcf7_container_post\" value=\"0\" \/><input type=\"hidden\" name=\"_wpcf7_posted_data_hash\" value=\"\" \/><input type=\"hidden\" name=\"_wpcf7_recaptcha_response\" value=\"\" \/><br \/>\n<\/fieldset>\n<p><span class=\"wpcf7-form-control-wrap\" data-name=\"Nome\"><input size=\"40\" maxlength=\"400\" class=\"wpcf7-form-control wpcf7-text wpcf7-validates-as-required\" id=\"nome\" aria-required=\"true\" aria-invalid=\"false\" placeholder=\"Nome*\" value=\"\" type=\"text\" name=\"Nome\" \/><\/span><br \/>\n<span class=\"wpcf7-form-control-wrap\" data-name=\"Cognome\"><input size=\"40\" maxlength=\"400\" class=\"wpcf7-form-control wpcf7-text wpcf7-validates-as-required\" aria-required=\"true\" aria-invalid=\"false\" placeholder=\"Cognome*\" value=\"\" type=\"text\" name=\"Cognome\" \/><\/span><br \/>\n<span class=\"wpcf7-form-control-wrap\" data-name=\"Vostra\"><input size=\"40\" maxlength=\"400\" class=\"wpcf7-form-control wpcf7-text\" id=\"vostra\" aria-invalid=\"false\" placeholder=\"Vostra azienda\" value=\"\" type=\"text\" name=\"Vostra\" \/><\/span><br \/>\n<span class=\"wpcf7-form-control-wrap\" data-name=\"Mail\"><input size=\"40\" maxlength=\"400\" class=\"wpcf7-form-control wpcf7-email wpcf7-validates-as-required wpcf7-text wpcf7-validates-as-email\" id=\"mail\" aria-required=\"true\" aria-invalid=\"false\" placeholder=\"Mail*\" value=\"\" type=\"email\" name=\"Mail\" \/><\/span><span class=\"wpcf7-form-control-wrap\" data-name=\"CAP\"><input size=\"40\" maxlength=\"400\" class=\"wpcf7-form-control wpcf7-text wpcf7-validates-as-required\" id=\"cap\" aria-required=\"true\" aria-invalid=\"false\" placeholder=\"CAP*\" value=\"\" type=\"text\" name=\"CAP\" \/><\/span><span class=\"wpcf7-form-control-wrap\" data-name=\"Localita\"><input size=\"40\" maxlength=\"400\" class=\"wpcf7-form-control wpcf7-text wpcf7-validates-as-required\" id=\"localita\" aria-required=\"true\" aria-invalid=\"false\" placeholder=\"Localita*\" value=\"\" type=\"text\" name=\"Localita\" \/><\/span><br \/>\n<span class=\"wpcf7-form-control-wrap\" data-name=\"Telefono\"><input size=\"40\" maxlength=\"400\" class=\"wpcf7-form-control wpcf7-tel wpcf7-validates-as-required wpcf7-text wpcf7-validates-as-tel\" id=\"tel\" aria-required=\"true\" aria-invalid=\"false\" placeholder=\"Telefono*\" value=\"\" type=\"tel\" name=\"Telefono\" \/><\/span><br \/>\n<span class=\"wpcf7-form-control-wrap\" data-name=\"file\"><input size=\"40\" class=\"wpcf7-form-control wpcf7-file\" id=\"I\" accept=\".pdf,.doc,.docx\" aria-invalid=\"false\" type=\"file\" name=\"file\" \/><\/span><br \/>\n<span class=\"wpcf7-form-control-wrap\" data-name=\"Messaggio\"><textarea cols=\"40\" rows=\"10\" maxlength=\"2000\" class=\"wpcf7-form-control wpcf7-textarea\" id=\"message\" aria-invalid=\"false\" placeholder=\"Messaggio\" name=\"Messaggio\"><\/textarea><\/span><br \/>\n<input class=\"wpcf7-form-control wpcf7-submit has-spinner\" id=\"submit\" type=\"submit\" value=\"Inviare\" \/>\n<\/p>\n<p><input type=\"hidden\" id=\"ct_checkjs_cf7_d1f255a373a3cef72e03aa9d980c7eca\" name=\"ct_checkjs_cf7\" value=\"0\" \/><script >setTimeout(function(){var ct_input_name = \"ct_checkjs_cf7_d1f255a373a3cef72e03aa9d980c7eca\";if (document.getElementById(ct_input_name) !== null) {var ct_input_value = document.getElementById(ct_input_name).value;document.getElementById(ct_input_name).value = document.getElementById(ct_input_name).value.replace(ct_input_value, 'f350882909af177e6ae7f21ccaa78745bceacc83bdcef37d25207814ac5fc89e');}}, 1000);<\/script><input\n                    class=\"apbct_special_field apbct_email_id__wp_contact_form_7\"\n                    name=\"apbct__email_id__wp_contact_form_7\"\n                    aria-label=\"apbct__label_id__wp_contact_form_7\"\n                    type=\"text\" size=\"30\" maxlength=\"200\" autocomplete=\"off\"\n                    value=\"\"\n                \/><\/p>\n<div class=\"wpcf7-response-output\" aria-hidden=\"true\"><\/div>\n<\/form>\n<\/div>\n<p>[\/vc_column][vc_column width=&#8221;1\/2&#8243;][vc_column_text]<\/p>\n<h4 style=\"text-align: center;\">Commissioni interessanti<\/h4>\n<p>[\/vc_column_text][vc_column_text]<\/p>\n<p style=\"text-align: center;\">Ci prendiamo cura dei nostri clienti e dei nostri partner. Con una comunicazione umana e orientata alla soluzione, offriamo finanziamenti semplici, veloci ed efficaci.<\/p>\n<p style=\"text-align: center;\">Il vostro lavoro viene sistematicamente ricompensato. <strong>Se volete aumentare le vostre vendite, semplificare la vita ai vostri clienti e ricevere una commissione<\/strong>, inviateci gratuitamente le vostre informazioni tramite il nostro formulario.<\/p>\n<p>[\/vc_column_text][vc_column_text]<\/p>\n<h4 style=\"text-align: center;\">Un approccio semplice<\/h4>\n<p>[\/vc_column_text][vc_column_text]<\/p>\n<p style=\"text-align: center;\">Ci occupiamo di tutte le pratiche amministrative. Abbiamo semplificato le procedure con un alto livello di reattivit\u00e0 da parte del nostro team. Tutto ci\u00f2 che dovete fare \u00e8 seguire 4 passi:<\/p>\n<ul>\n<li style=\"text-align: left;\">Inserite i vostri dati tramite il nostro modulo<\/li>\n<li style=\"text-align: left;\">Il nostro Key Account Manager vi contatter\u00e0 entro 24 ore.<\/li>\n<li style=\"text-align: left;\">Viene fissato un incontro tra il cliente e il nostro collaboratore.<\/li>\n<li style=\"text-align: left;\">Firma dei documenti di accordo<\/li>\n<\/ul>\n<p>[\/vc_column_text][vc_column_text]<\/p>\n<p style=\"text-align: center;\"><strong>Lavorare con MultiCredit \u00e8 una garanzia di collaborare con uno dei migliori fornitori di credito al consumo in Svizzera!<\/strong><\/p>\n<p>[\/vc_column_text][vc_single_image image=&#8221;20969&#8243; img_size=&#8221;medium&#8221; alignment=&#8221;center&#8221;][vc_column_text]<\/p>\n<p style=\"text-align: center;\">aslan@multicredit.ch<br \/>\n<a href=\"tel:+41764123789\"><span class=\"\">+41 76 412 37 89<\/span><\/a><\/p>\n<h5 style=\"text-align: center;\">LINGUE<\/h5>\n<p style=\"text-align: center;\">Francese, inglese, tedesco e turco<\/p>\n<p>[\/vc_column_text][\/vc_column][\/vc_row]<\/section>\n","protected":false},"excerpt":{"rendered":"<p>INSIEME VERSO IL SUCCESSO<\/p>\n","protected":false},"author":4,"featured_media":19515,"parent":0,"menu_order":0,"comment_status":"closed","ping_status":"closed","template":"template-w-stats.php","meta":{"inline_featured_image":false,"footnotes":"","_links_to":"","_links_to_target":""},"categories":[],"class_list":["post-19913","page","type-page","status-publish","has-post-thumbnail","hentry"],"_links":{"self":[{"href":"https:\/\/multicredit.ch\/it\/wp-json\/wp\/v2\/pages\/19913","targetHints":{"allow":["GET"]}}],"collection":[{"href":"https:\/\/multicredit.ch\/it\/wp-json\/wp\/v2\/pages"}],"about":[{"href":"https:\/\/multicredit.ch\/it\/wp-json\/wp\/v2\/types\/page"}],"author":[{"embeddable":true,"href":"https:\/\/multicredit.ch\/it\/wp-json\/wp\/v2\/users\/4"}],"replies":[{"embeddable":true,"href":"https:\/\/multicredit.ch\/it\/wp-json\/wp\/v2\/comments?post=19913"}],"version-history":[{"count":16,"href":"https:\/\/multicredit.ch\/it\/wp-json\/wp\/v2\/pages\/19913\/revisions"}],"predecessor-version":[{"id":20968,"href":"https:\/\/multicredit.ch\/it\/wp-json\/wp\/v2\/pages\/19913\/revisions\/20968"}],"wp:featuredmedia":[{"embeddable":true,"href":"https:\/\/multicredit.ch\/it\/wp-json\/wp\/v2\/media\/19515"}],"wp:attachment":[{"href":"https:\/\/multicredit.ch\/it\/wp-json\/wp\/v2\/media?parent=19913"}],"wp:term":[{"taxonomy":"category","embeddable":true,"href":"https:\/\/multicredit.ch\/it\/wp-json\/wp\/v2\/categories?post=19913"}],"curies":[{"name":"wp","href":"https:\/\/api.w.org\/{rel}","templated":true}]}}