{"id":19906,"date":"2022-05-20T12:19:36","date_gmt":"2022-05-20T12:19:36","guid":{"rendered":"https:\/\/www.multicredit.ch\/procacciatori-di-affari-finanziari\/"},"modified":"2022-08-09T14:35:04","modified_gmt":"2022-08-09T14:35:04","slug":"procacciatori-di-affari-finanziari","status":"publish","type":"page","link":"https:\/\/multicredit.ch\/it\/procacciatori-di-affari-finanziari\/","title":{"rendered":"Contributori finanziari"},"content":{"rendered":"<section class=\"wpb-content-wrapper\">[vc_row][vc_column][vc_empty_space height=&#8221;60px&#8221;][vc_column_text el_class=&#8221;maxwidth&#8221;]<\/p>\n<h3 style=\"text-align: center;\"><span class=\"ez-toc-section\" id=\"Diventate_partner_di_MultiCredit_e_lavoriamo_insieme_per_il_successo\"><\/span>Diventate partner di\u00a0 MultiCredit e lavoriamo insieme per il successo!<span class=\"ez-toc-section-end\"><\/span><\/h3>\n<p>[\/vc_column_text][vc_empty_space height=&#8221;60px&#8221;][\/vc_column][\/vc_row][vc_row][vc_column width=&#8221;1\/2&#8243;][vc_column_text]<br \/>\nSiete broker, avvocati o procacciatori\u00a0 d&#8217;affari, intermediari finanziari,\u00a0 consulenti bancari, consulenti finanziarii, agenti immobiliari o\u00a0 consulenti aziendali?<\/p>\n<p>Volete sviluppare la vostra attivit\u00e0 e avere successo sul mercato?<\/p>\n<h4>Se la vostra risposta \u00e8 s\u00ec, lavoriamo insieme!<\/h4>\n<p>[\/vc_column_text][\/vc_column][vc_column width=&#8221;1\/2&#8243;][vc_column_text]<strong>MultiCredit<\/strong> \u00e8 soprattutto una soluzione rapida, semplice e discreta. Ci impegniamo a negoziare nell&#8217;interesse dei nostri clienti.<\/p>\n<p><a href=\"https:\/\/multicredit.ch\/it\/miglior-tasso-di-credito-contattaci\/\">Contattateci<\/a> per saperne di pi\u00f9 sui nostri servizi. Saremo lieti di discutere di come instaurare una collaborazione reciproca.<\/p>\n<p>Compilate il modulo in fondo alla pagina per maggiori informazioni\u00a0 sulla nostra azienda. Lasciateci i vostri dati e vi contatteremo al pi\u00f9 presto.[\/vc_column_text][\/vc_column][\/vc_row][vc_row][vc_column][vc_empty_space][vc_empty_space height=&#8221;60px&#8221;][vc_empty_space height=&#8221;60px&#8221;][\/vc_column][\/vc_row][vc_row][vc_column width=&#8221;1\/2&#8243;][vc_column_text]<\/p>\n<h2><span class=\"ez-toc-section\" id=\"I_vostri_vantaggi\"><\/span>I vostri vantaggi?<span class=\"ez-toc-section-end\"><\/span><\/h2>\n<p>Paghiamo una <strong>commissione di acquisizione<\/strong> per ogni affare concluso (contratto accettato e firmato) attraverso il vostro intermediario. Possiamo impegnarci a sostenervi e dare un valore aggiunto ai vostri clienti. Beneficiate della nostra vasta esperienza nel mercato del credito al consumo.<\/p>\n<ul>\n<li>Nessun rischio finanziario<\/li>\n<li>Pagamento per ogni affare concluso<\/li>\n<li>Migliorate la vostra immagine presso i clienti offrendogli soluzioni per i loro progetti.<\/li>\n<\/ul>\n<p>[\/vc_column_text][\/vc_column][vc_column width=&#8221;1\/2&#8243;][vc_single_image image=&#8221;19519&#8243; img_size=&#8221;full&#8221; alignment=&#8221;center&#8221;][\/vc_column][\/vc_row][vc_row][vc_column][vc_empty_space height=&#8221;60px&#8221;][vc_empty_space height=&#8221;90px&#8221;][vc_empty_space height=&#8221;60px&#8221;][\/vc_column][\/vc_row][vc_row][vc_column width=&#8221;1\/2&#8243;][vc_single_image image=&#8221;19527&#8243; img_size=&#8221;full&#8221; alignment=&#8221;center&#8221;][\/vc_column][vc_column width=&#8221;1\/2&#8243;][vc_column_text]<\/p>\n<h2><span class=\"ez-toc-section\" id=\"I_vantaggi_per_i_vostri_clienti\"><\/span>I vantaggi per i vostri clienti?<span class=\"ez-toc-section-end\"><\/span><\/h2>\n<p>I nostri servizi sono adatti a tutti i progetti da <a href=\"https:\/\/multicredit.ch\/it\/credito\/\">3&#8217;000 a 400&#8217;000 franchi<\/a> svizzeri e con un periodo di rimborso da 12 a 84 mesi. In questo modo i vostri clienti avranno soluzioni alternative e libert\u00e0 finanziaria.<\/p>\n<ul>\n<li>Consulenza personale e professionale in 8 lingue diverse<\/li>\n<li>Decisione di principio in 5 minuti<\/li>\n<li>Offerta gratuita e non vincolante<\/li>\n<\/ul>\n<p>[\/vc_column_text][\/vc_column][\/vc_row][vc_row][vc_column][vc_empty_space height=&#8221;60px&#8221;][\/vc_column][\/vc_row][vc_row][vc_column][vc_empty_space height=&#8221;60px&#8221;][vc_empty_space height=&#8221;60px&#8221;][\/vc_column][\/vc_row][vc_row][vc_column width=&#8221;1\/2&#8243;][\/vc_column][vc_column width=&#8221;1\/2&#8243;][\/vc_column][\/vc_row][vc_row][vc_column width=&#8221;1\/2&#8243;][vc_empty_space][vc_empty_space][vc_empty_space][vc_empty_space][vc_empty_space][vc_empty_space][vc_empty_space][vc_column_text]<\/p>\n<h4 style=\"text-align: center;\">Il nostro direttore sar\u00e0 lieto di rispondere alle vostre domande.<\/h4>\n<p>[\/vc_column_text][vc_column_text]<\/p>\n<h4 style=\"text-align: center;\"><a href=\"https:\/\/www.linkedin.com\/in\/m%C3%BCn%C3%BCr-aslan-credit-leasing-factoring\/\" target=\"_blank\" rel=\"noopener\">M\u00fcn\u00fcr Aslan<\/a><br \/>\n076 412 37 89<br \/>\n<a href=\"mailto:aslan@multicredit.ch\">aslan@multicredit.ch<\/a><\/h4>\n<p>[\/vc_column_text][\/vc_column][vc_column width=&#8221;1\/2&#8243;][vc_single_image image=&#8221;19535&#8243; img_size=&#8221;full&#8221; alignment=&#8221;center&#8221;][\/vc_column][\/vc_row][vc_row][vc_column][vc_empty_space height=&#8221;60px&#8221;][vc_empty_space height=&#8221;60px&#8221;][vc_empty_space][vc_column_text]<\/p>\n<h2><span class=\"ez-toc-section\" id=\"Compilate_questo_modulo_per_collaborare_con_il_nostro_team\"><\/span>Compilate questo modulo per collaborare con il nostro team<span class=\"ez-toc-section-end\"><\/span><\/h2>\n<p>[\/vc_column_text][\/vc_column][\/vc_row][vc_row][vc_column width=&#8221;1\/2&#8243; el_class=&#8221;white-bg-form&#8221;]<\/p>\n<div class=\"wpcf7 no-js\" id=\"wpcf7-f20993-o1\" lang=\"it-IT\" dir=\"ltr\" data-wpcf7-id=\"20993\">\n<div class=\"screen-reader-response\">\n<p role=\"status\" aria-live=\"polite\" aria-atomic=\"true\">\n<ul><\/ul>\n<\/div>\n<form action=\"\/it\/wp-json\/wp\/v2\/pages\/19906#wpcf7-f20993-o1\" method=\"post\" class=\"wpcf7-form init\" aria-label=\"Contact form\" enctype=\"multipart\/form-data\" novalidate=\"novalidate\" data-status=\"init\">\n<fieldset class=\"hidden-fields-container\"><input type=\"hidden\" name=\"_wpcf7\" value=\"20993\" \/><input type=\"hidden\" name=\"_wpcf7_version\" value=\"6.1.5\" \/><input type=\"hidden\" name=\"_wpcf7_locale\" value=\"it_IT\" \/><input type=\"hidden\" name=\"_wpcf7_unit_tag\" value=\"wpcf7-f20993-o1\" \/><input type=\"hidden\" name=\"_wpcf7_container_post\" value=\"0\" \/><input type=\"hidden\" name=\"_wpcf7_posted_data_hash\" value=\"\" \/><input type=\"hidden\" name=\"_wpcf7_recaptcha_response\" value=\"\" \/><br \/>\n<\/fieldset>\n<p><span class=\"wpcf7-form-control-wrap\" data-name=\"Nome\"><input size=\"40\" maxlength=\"400\" class=\"wpcf7-form-control wpcf7-text wpcf7-validates-as-required\" id=\"nome\" aria-required=\"true\" aria-invalid=\"false\" placeholder=\"Nome*\" value=\"\" type=\"text\" name=\"Nome\" \/><\/span><br \/>\n<span class=\"wpcf7-form-control-wrap\" data-name=\"Cognome\"><input size=\"40\" maxlength=\"400\" class=\"wpcf7-form-control wpcf7-text wpcf7-validates-as-required\" aria-required=\"true\" aria-invalid=\"false\" placeholder=\"Cognome*\" value=\"\" type=\"text\" name=\"Cognome\" \/><\/span><br \/>\n<span class=\"wpcf7-form-control-wrap\" data-name=\"Vostra\"><input size=\"40\" maxlength=\"400\" class=\"wpcf7-form-control wpcf7-text\" id=\"vostra\" aria-invalid=\"false\" placeholder=\"Vostra azienda\" value=\"\" type=\"text\" name=\"Vostra\" \/><\/span><br \/>\n<span class=\"wpcf7-form-control-wrap\" data-name=\"Mail\"><input size=\"40\" maxlength=\"400\" class=\"wpcf7-form-control wpcf7-email wpcf7-validates-as-required wpcf7-text wpcf7-validates-as-email\" id=\"mail\" aria-required=\"true\" aria-invalid=\"false\" placeholder=\"Mail*\" value=\"\" type=\"email\" name=\"Mail\" \/><\/span><span class=\"wpcf7-form-control-wrap\" data-name=\"CAP\"><input size=\"40\" maxlength=\"400\" class=\"wpcf7-form-control wpcf7-text wpcf7-validates-as-required\" id=\"cap\" aria-required=\"true\" aria-invalid=\"false\" placeholder=\"CAP*\" value=\"\" type=\"text\" name=\"CAP\" \/><\/span><span class=\"wpcf7-form-control-wrap\" data-name=\"Localita\"><input size=\"40\" maxlength=\"400\" class=\"wpcf7-form-control wpcf7-text wpcf7-validates-as-required\" id=\"localita\" aria-required=\"true\" aria-invalid=\"false\" placeholder=\"Localita*\" value=\"\" type=\"text\" name=\"Localita\" \/><\/span><br \/>\n<span class=\"wpcf7-form-control-wrap\" data-name=\"Telefono\"><input size=\"40\" maxlength=\"400\" class=\"wpcf7-form-control wpcf7-tel wpcf7-validates-as-required wpcf7-text wpcf7-validates-as-tel\" id=\"tel\" aria-required=\"true\" aria-invalid=\"false\" placeholder=\"Telefono*\" value=\"\" type=\"tel\" name=\"Telefono\" \/><\/span><br \/>\n<span class=\"wpcf7-form-control-wrap\" data-name=\"file\"><input size=\"40\" class=\"wpcf7-form-control wpcf7-file\" id=\"I\" accept=\".pdf,.doc,.docx\" aria-invalid=\"false\" type=\"file\" name=\"file\" \/><\/span><br \/>\n<span class=\"wpcf7-form-control-wrap\" data-name=\"Messaggio\"><textarea cols=\"40\" rows=\"10\" maxlength=\"2000\" class=\"wpcf7-form-control wpcf7-textarea\" id=\"message\" aria-invalid=\"false\" placeholder=\"Messaggio\" name=\"Messaggio\"><\/textarea><\/span><br \/>\n<input class=\"wpcf7-form-control wpcf7-submit has-spinner\" id=\"submit\" type=\"submit\" value=\"Inviare\" \/>\n<\/p>\n<p><input type=\"hidden\" id=\"ct_checkjs_cf7_f0adc8838f4bdedde4ec2cfad0515589\" name=\"ct_checkjs_cf7\" value=\"0\" \/><script >setTimeout(function(){var ct_input_name = \"ct_checkjs_cf7_f0adc8838f4bdedde4ec2cfad0515589\";if (document.getElementById(ct_input_name) !== null) {var ct_input_value = document.getElementById(ct_input_name).value;document.getElementById(ct_input_name).value = document.getElementById(ct_input_name).value.replace(ct_input_value, 'f350882909af177e6ae7f21ccaa78745bceacc83bdcef37d25207814ac5fc89e');}}, 1000);<\/script><input\n                    class=\"apbct_special_field apbct_email_id__wp_contact_form_7\"\n                    name=\"apbct__email_id__wp_contact_form_7\"\n                    aria-label=\"apbct__label_id__wp_contact_form_7\"\n                    type=\"text\" size=\"30\" maxlength=\"200\" autocomplete=\"off\"\n                    value=\"\"\n                \/><\/p>\n<div class=\"wpcf7-response-output\" aria-hidden=\"true\"><\/div>\n<\/form>\n<\/div>\n<p>[\/vc_column][vc_column width=&#8221;1\/2&#8243;][vc_empty_space][vc_empty_space][vc_empty_space][vc_empty_space][vc_column_text]<\/p>\n<h4 style=\"text-align: center;\">Generare un reddito aggiuntivo<\/h4>\n<p>[\/vc_column_text][vc_column_text]<\/p>\n<p style=\"text-align: center;\"><strong>Guadagnare con noi non \u00e8 mai stato cos\u00ec semplice e facile!<\/strong><\/p>\n<p style=\"text-align: center;\">Garantiamo una collaborazione bidirezionale. Se siete alla ricerca di nuove opportunit\u00e0, siamo a vostra disposizione per sviluppare le nostre attivit\u00e0. <strong>Maggiore \u00e8 il numero di clienti che trovate, pi\u00f9 elevato sar\u00e0 l&#8217;importo che riceverete.<\/strong><\/p>\n<p>[\/vc_column_text][vc_column_text]<\/p>\n<h4 style=\"text-align: center;\">Collaborazione flessibile<\/h4>\n<p>[\/vc_column_text][vc_column_text]<\/p>\n<p style=\"text-align: center;\">Dal 1999 siamo specializzati nel credito al consumo. Ci\u00f2 che ci rende diversi \u00e8 la nostra flessibilit\u00e0 sul mercato. Abbiamo un team competente ed esperto e ci siamo adattati ai cambiamenti pur rimanendo specializzati nella stessa linea di business.<\/p>\n<p style=\"text-align: center;\"><strong>Se desiderate prestazioni e produttivit\u00e0 per la vostra azienda<\/strong>, inviateci i vostri dati tramite il modulo. In modo rapido, semplice e discreto, elaboriamo la vostra richiesta entro 24 ore. Una volta ricevute le vostre informazioni, il nostro Key Account Manager sar\u00e0 lieto di ricontattarvi per organizzare un incontro.<\/p>\n<p>[\/vc_column_text][vc_column_text]<\/p>\n<p style=\"text-align: center;\"><strong>Trovare la soluzione migliore nell&#8217;interesse del cliente \u00e8 la nostra missione principale.<\/strong><\/p>\n<p>[\/vc_column_text][\/vc_column][\/vc_row]<\/section>\n","protected":false},"excerpt":{"rendered":"<p>INSIEME VERSO IL SUCCESSO <\/p>\n","protected":false},"author":4,"featured_media":19515,"parent":0,"menu_order":0,"comment_status":"closed","ping_status":"closed","template":"","meta":{"inline_featured_image":false,"footnotes":"","_links_to":"","_links_to_target":""},"categories":[],"class_list":["post-19906","page","type-page","status-publish","has-post-thumbnail","hentry"],"_links":{"self":[{"href":"https:\/\/multicredit.ch\/it\/wp-json\/wp\/v2\/pages\/19906","targetHints":{"allow":["GET"]}}],"collection":[{"href":"https:\/\/multicredit.ch\/it\/wp-json\/wp\/v2\/pages"}],"about":[{"href":"https:\/\/multicredit.ch\/it\/wp-json\/wp\/v2\/types\/page"}],"author":[{"embeddable":true,"href":"https:\/\/multicredit.ch\/it\/wp-json\/wp\/v2\/users\/4"}],"replies":[{"embeddable":true,"href":"https:\/\/multicredit.ch\/it\/wp-json\/wp\/v2\/comments?post=19906"}],"version-history":[{"count":11,"href":"https:\/\/multicredit.ch\/it\/wp-json\/wp\/v2\/pages\/19906\/revisions"}],"predecessor-version":[{"id":21007,"href":"https:\/\/multicredit.ch\/it\/wp-json\/wp\/v2\/pages\/19906\/revisions\/21007"}],"wp:featuredmedia":[{"embeddable":true,"href":"https:\/\/multicredit.ch\/it\/wp-json\/wp\/v2\/media\/19515"}],"wp:attachment":[{"href":"https:\/\/multicredit.ch\/it\/wp-json\/wp\/v2\/media?parent=19906"}],"wp:term":[{"taxonomy":"category","embeddable":true,"href":"https:\/\/multicredit.ch\/it\/wp-json\/wp\/v2\/categories?post=19906"}],"curies":[{"name":"wp","href":"https:\/\/api.w.org\/{rel}","templated":true}]}}