{"id":16226,"date":"2020-03-10T09:53:00","date_gmt":"2020-03-10T09:53:00","guid":{"rendered":"https:\/\/www.multicredit.ch\/faq\/"},"modified":"2021-08-02T20:56:38","modified_gmt":"2021-08-02T20:56:38","slug":"faq","status":"publish","type":"page","link":"https:\/\/multicredit.ch\/it\/faq\/","title":{"rendered":"FAQ"},"content":{"rendered":"<section class=\"wpb-content-wrapper\">[vc_row][vc_column]<\/p>\n<div class=\"blocktitle title-left title-dark\" clearfix\"><H2>MultiCredit FAQ - Come possiamo aiutarla?<\/H2><\/p>\n<h4>MultiCredit ha le risposte a tutte le tue domande!<\/h4>\n<\/div>\n<p>[vc_column_text]Probabilmente avete molte domande sulle domande di credito e i diversi aspetti legati ad esse. MultiCredit ha le risposte a tutte le tue domande. Non esitate a contattarci per qualsiasi altra domanda (FAQ)! [\/vc_column_text][\/vc_column][\/vc_row][vc_row][vc_column][vc_column_text]<\/p>\n<h3><span class=\"ez-toc-section\" id=\"Come_posso_ottenere_un_credito_e_che_spese_devo_pagare\"><\/span><strong>Come posso ottenere un credito e che spese devo pagare?<\/strong><span class=\"ez-toc-section-end\"><\/span><\/h3>\n<p>Pu\u00f2 ottenere un\u2019offerta gratuita e senza impegno semplicemente effettuando una richiesta (<a href=\"https:\/\/multicredit.ch\/it\/richiesta-di-credito\/\">sul sito internet<\/a>, per telefono o presso la nostra sede). Non c\u2019\u00e8 da versare nessun importo per il rilascio del prestito o per l\u2019analisi del suo dossier, solo in caso di firma del contratto dovr\u00e0 naturalmente rimborsare il prestito (e interessi) tramite il pagamento dei bollettini di versamento o ordine permanente.<\/p>\n<p>&nbsp;<\/p>\n<h3><span class=\"ez-toc-section\" id=\"Ho_un_permesso_di_soggiorno_B_o_C_Posso_avere_un_credito_al_consumo_in_Svizzera\"><\/span><strong>Ho un permesso di soggiorno B o C. Posso avere un credito al consumo in Svizzera?<\/strong><span class=\"ez-toc-section-end\"><\/span><\/h3>\n<p>Tutte le persone residenti in Svizzera e aventi un <a href=\"https:\/\/www.sem.admin.ch\/sem\/it\/home\/themen\/aufenthalt\/eu_efta.html\" target=\"_blank\" rel=\"noopener\">permesso di soggiorno B, C, G<\/a> o una carta di legittimazione possono contattarci per ottenere un prestito personale.<\/p>\n<p>&nbsp;<\/p>\n<h3><span class=\"ez-toc-section\" id=\"E_possibile_rimborsare_il_prestito_in_anticipo_e_prima_della_scadenza_del_contratto_Ho_dei_vantaggi_a_farlo\"><\/span><strong>\u00c8 possibile rimborsare il prestito in anticipo e prima della scadenza del contratto? Ho dei vantaggi a farlo?<\/strong><span class=\"ez-toc-section-end\"><\/span><\/h3>\n<p>Secondo la legge sul credito al consumo, \u00e8 possibile rimborsare il prestito in anticipo, prima della scadenza del contratto e in qualsiasi momento senza spese Per farlo e quindi ottenere una riduzione degli interessi, pu\u00f2, sia richiedere il saldo finale del prestito oppure pagare ogni mese un importo superiore e di conseguenza anticipare il rimborso. Ci contatti per una simulazione!<\/p>\n<p>&nbsp;<\/p>\n<h3><span class=\"ez-toc-section\" id=\"Come_posso_richiedere_un_riacquisto_un_consolidamento_dei_miei_prestiti_leasing_o_il_saldo_delle_mie_carte_di_credito\"><\/span><strong>Come posso <a href=\"https:\/\/multicredit.ch\/it\/credito\/riacquisto-prestito\/\">richiedere un riacquisto, un consolidamento<\/a> dei miei prestiti, leasing, o il saldo delle mie carte di credito?<\/strong><span class=\"ez-toc-section-end\"><\/span><\/h3>\n<p>Ci occupiamo di tutte le pratiche amministrative che riguardano il riacquisto o raggruppamento di prestiti. Grazie a questa soluzione diminuir\u00e0 le sue spese mensili, beneficer\u00e0 di un miglior tasso e avr\u00e0 sola una fattura da pagare.<\/p>\n<p>&nbsp;<\/p>\n<h3><span class=\"ez-toc-section\" id=\"I_pensionati_AI_assicurazione_invalidita_e_i_pensionati_AVS_possono_ottenere_un_prestito_personale\"><\/span><strong>I pensionati AI (assicurazione invalidit\u00e0) e i pensionati AVS possono ottenere un prestito personale?<\/strong><span class=\"ez-toc-section-end\"><\/span><\/h3>\n<p>Il credito \u00e8 concesso ai pensionati con assicurazione invalidit\u00e0 e ai pensionati AVS in base al calcolo del loro reddito. Prendiamo in considerazione solo il reddito versato sul proprio conto bancario. Non rilasciamo crediti ai clienti che ricevono prestazioni complementari e aventi un\u2019et\u00e0 massima di 68 anni. La invitiamo a fare una richiesta per conoscere l&#8217;importo esatto che potrebbe ottenere.<\/p>\n<p>&nbsp;<\/p>\n<h3><span class=\"ez-toc-section\" id=\"I_liberi_professionisti_quadri_dirigenti_o_manager_di_una_societa_possono_far_richiesta_di_un_prestito_personale\"><\/span><strong>I liberi professionisti, quadri, dirigenti o manager di una societ\u00e0 possono far richiesta di un prestito personale?<\/strong><span class=\"ez-toc-section-end\"><\/span><\/h3>\n<p>Un lavoratore autonomo, un socio, un direttore d&#8217;azienda o un dirigente pu\u00f2 richiedere un prestito personale e beneficiare dei vantaggi. \u00c8 veloce, semplice e discreto! Gli importi variano da CHF 3.000 a CHF 400.000 e i rimborsi possono essere da 12 a 84 mesi. Naturalmente, \u00e8 possibile rimborsare il prestito in anticipo e beneficiare di una riduzione degli interessi.<\/p>\n<p>&nbsp;<\/p>\n<h3><span class=\"ez-toc-section\" id=\"Quali_sono_le_differenze_tra_leasing_e_credito_al_consumo\"><\/span><strong>Quali sono le differenze tra leasing e credito al consumo?<\/strong><span class=\"ez-toc-section-end\"><\/span><\/h3>\n<p>Con un credito al consumo, gli interessi sono detraibili dalle tasse, il veicolo le appartiene, \u00e8 libero di stipulare la copertura assicurativa che preferisce e soprattutto pu\u00f2 vendere il veicolo in qualsiasi momento senza penalit\u00e0. Inoltre, pagando in contanti la sua auto, pu\u00f2 negoziare l&#8217;importo! Con un leasing, non ha tutti questi vantaggi perch\u00e9 il leasing equivale a un affitto del veicolo e quindi avr\u00e0 meno flessibilit\u00e0. \u00c8 importante calcolare tutti i costi associati al leasing e confrontarli. Ci contatti per una consulenza gratuita.<\/p>\n<p>&nbsp;<\/p>\n<h3><span class=\"ez-toc-section\" id=\"Quali_sono_le_opzioni_per_il_periodo_di_rimborso_di_un_prestito_personale\"><\/span><strong>Quali sono le opzioni per il periodo di rimborso di un prestito personale?<\/strong><span class=\"ez-toc-section-end\"><\/span><\/h3>\n<p>Ha la possibilit\u00e0 di rimborsare entro 12 e 84 mesi, ma questo dipender\u00e0 dalla sua situazione finanziaria e dalla validit\u00e0 del suo permesso di soggiorno. Ci contatti per maggiori informazioni.<\/p>\n<p>&nbsp;<\/p>\n<h3><span class=\"ez-toc-section\" id=\"Chi_puo_prendere_un_credito_al_consumo\"><\/span><strong>Chi pu\u00f2 prendere un credito al consumo?<\/strong><span class=\"ez-toc-section-end\"><\/span><\/h3>\n<p>Prima di tutto \u00e8 necessario avere un\u2019attivit\u00e0 lavorativa in Svizzera e non avere cause legali sulla fedina penale. Si deve essere cittadino svizzero o titolare di un permesso di soggiorno (B, C, G o carta di legittimazione) e avere tra i 20 e i 68 anni. In ogni momento pu\u00f2 richiedere un&#8217;offerta gratuita e non vincolante. Ci contatti per maggiori informazioni.<\/p>\n<p>&nbsp;<\/p>\n<h3><span class=\"ez-toc-section\" id=\"I_tassi_di_interessi_sono_fissi_per_tutta_la_durata_di_un_contratto\"><\/span><strong>I tassi di interessi sono fissi per tutta la durata di un contratto?<\/strong><span class=\"ez-toc-section-end\"><\/span><\/h3>\n<p>S\u00ec, quando si ottiene un prestito personale, il tasso d&#8217;interesse \u00e8 fisso per tutto il periodo del contratto, non c&#8217;\u00e8 nessuna variazione o fluttuazione nel tasso.<\/p>\n<p>&nbsp;<\/p>\n<h3><span class=\"ez-toc-section\" id=\"Posso_ottenere_un_supplemento_di_credito_anche_se_ho_gia_un_prestito_in_corso_presso_unaltra_banca\"><\/span><strong>Posso ottenere un supplemento di credito anche se ho gi\u00e0 un prestito in corso presso un\u2019altra banca?<\/strong><span class=\"ez-toc-section-end\"><\/span><\/h3>\n<p>Naturalmente! Lei ha la possibilit\u00e0 di ottenere un supplemento di credito sulla base di quello che la sua situazione finanziaria le permette. Per far ci\u00f2, \u00e8 necessario fare una richiesta per venire a conoscenza dell\u2019importo massimo che le potr\u00e0 essere accordato.<\/p>\n<p>&nbsp;<\/p>\n<p><strong>Ho stipulato una copertura assicurativa opzionale &#8220;assicurazione di protezione delle rate mensili o PPI&#8221; in caso di inabilit\u00e0 al lavoro e disoccupazione e ora sono disoccupato, che cosa devo fare?<\/strong><\/p>\n<p>Se ha sottoscritto questa copertura assicurativa fin dall&#8217;inizio, potr\u00e0 beneficiare della copertura, ovvero la compagnia assicurativa pagher\u00e0 la banca per un massimo di 9-12 mesi (a seconda dell\u2019assicurazione stipulata). Non appena avrete trovato un lavoro, la copertura si fermer\u00e0. Naturalmente, per maggiori informazioni e dettagli contrattuali \u00e8 sempre consigliato leggere le condizioni generali della compagnia assicurativa.<\/p>\n<p>&nbsp;<\/p>\n<h3><span class=\"ez-toc-section\" id=\"Quando_ricevero_lattestazione_fiscale_per_la_dichiarazione_dei_redditi\"><\/span><strong>Quando ricever\u00f2 l\u2019attestazione fiscale per la dichiarazione dei redditi?<\/strong><span class=\"ez-toc-section-end\"><\/span><\/h3>\n<p>In genere, l\u2019attestazione fiscale parte automaticamente al cliente, ogni anno, verso la met\u00e0 di gennaio. Non esiti a contattarci per richiederne una.<\/p>\n<p>&nbsp;<\/p>\n<h3><span class=\"ez-toc-section\" id=\"Chi_e_Cashflex_MultiCredit\"><\/span><strong>Chi \u00e8 Cashflex MultiCredit?<\/strong><span class=\"ez-toc-section-end\"><\/span><\/h3>\n<p>Siamo una societ\u00e0 di consulenza e intermediazione di credito al consumo e forniamo servizi in tutta la Svizzera. La societ\u00e0 \u00e8 iscritta al registro di commercio di Friburgo. I nostri consulenti parlano francese, tedesco, italiano, inglese, portoghese, spagnolo, turco.<\/p>\n<p>&nbsp;<\/p>\n<p>&nbsp;<\/p>\n<h3><span class=\"ez-toc-section\" id=\"Devo_pagare_delle_spese_di_apertura_del_dossier_a_Cashflex_MultiCredit\"><\/span><strong>Devo pagare delle spese di apertura del dossier a <a href=\"https:\/\/g.page\/Multicredit?share\">Cashflex MultiCredit<\/a>?<\/strong><span class=\"ez-toc-section-end\"><\/span><\/h3>\n<p>Non ci sono alcune spese da pagare, l\u2019offerta \u00e8 gratuita e senza impegno da parte vostra.<\/p>\n<p>&nbsp;<\/p>\n<h3><span class=\"ez-toc-section\" id=\"Da_quanto_tempo_Cashflex_MultiCredit_e_sul_mercato\"><\/span><strong>Da quanto tempo Cashflex MultiCredit \u00e8 sul mercato?<\/strong><span class=\"ez-toc-section-end\"><\/span><\/h3>\n<p>Siamo attivi sul mercato dei finanziamenti dal 1999, abbiamo dunque una lunga esperienza e conoscenza del nostro mestiere.<\/p>\n<p>&nbsp;<\/p>\n<h3><span class=\"ez-toc-section\" id=\"Chi_dirige_Cashflex_MultiCredit\"><\/span><strong>Chi dirige Cashflex MultiCredit?<\/strong><span class=\"ez-toc-section-end\"><\/span><\/h3>\n<p>La societ\u00e0 \u00e8 diretta dal 1999 dal Sig. <a href=\"https:\/\/www.linkedin.com\/in\/m\u00fcn\u00fcr-aslan-credit-leasing-factoring\/\" target=\"_blank\" rel=\"noopener\">M\u00fcn\u00fcr ASLAN<\/a>, padre di due figlie e domiciliato nel cantone di Zugo. \u00c8 titolare di un brevetto federale di specialista in economia bancaria (ISFB) e di un Diploma di Gestione dei Rischi Aziendali (DAS, UNIGE). Il signor ASLAN \u00e8 un padre di famiglia che vive nel cantone di Zugo con la sua compagna e le loro 3 figlie. La societ\u00e0 conta 8 collaboratori nella sede di Friburgo.[\/vc_column_text][\/vc_column][\/vc_row]<\/section>\n","protected":false},"excerpt":{"rendered":"<p>Chiedeteci una consulenza gratuita.<\/p>\n","protected":false},"author":4,"featured_media":11643,"parent":0,"menu_order":100,"comment_status":"closed","ping_status":"closed","template":"","meta":{"inline_featured_image":false,"footnotes":"","_links_to":"","_links_to_target":""},"categories":[],"class_list":["post-16226","page","type-page","status-publish","has-post-thumbnail","hentry"],"_links":{"self":[{"href":"https:\/\/multicredit.ch\/it\/wp-json\/wp\/v2\/pages\/16226","targetHints":{"allow":["GET"]}}],"collection":[{"href":"https:\/\/multicredit.ch\/it\/wp-json\/wp\/v2\/pages"}],"about":[{"href":"https:\/\/multicredit.ch\/it\/wp-json\/wp\/v2\/types\/page"}],"author":[{"embeddable":true,"href":"https:\/\/multicredit.ch\/it\/wp-json\/wp\/v2\/users\/4"}],"replies":[{"embeddable":true,"href":"https:\/\/multicredit.ch\/it\/wp-json\/wp\/v2\/comments?post=16226"}],"version-history":[{"count":6,"href":"https:\/\/multicredit.ch\/it\/wp-json\/wp\/v2\/pages\/16226\/revisions"}],"predecessor-version":[{"id":16346,"href":"https:\/\/multicredit.ch\/it\/wp-json\/wp\/v2\/pages\/16226\/revisions\/16346"}],"wp:featuredmedia":[{"embeddable":true,"href":"https:\/\/multicredit.ch\/it\/wp-json\/wp\/v2\/media\/11643"}],"wp:attachment":[{"href":"https:\/\/multicredit.ch\/it\/wp-json\/wp\/v2\/media?parent=16226"}],"wp:term":[{"taxonomy":"category","embeddable":true,"href":"https:\/\/multicredit.ch\/it\/wp-json\/wp\/v2\/categories?post=16226"}],"curies":[{"name":"wp","href":"https:\/\/api.w.org\/{rel}","templated":true}]}}