{"id":15226,"date":"2021-05-21T08:43:40","date_gmt":"2021-05-21T08:43:40","guid":{"rendered":"https:\/\/www.multicredit.ch\/credito\/credito-per-liberi-professionisti\/"},"modified":"2022-04-19T10:04:32","modified_gmt":"2022-04-19T10:04:32","slug":"credito-per-liberi-professionisti","status":"publish","type":"page","link":"https:\/\/multicredit.ch\/it\/credito\/credito-per-liberi-professionisti\/","title":{"rendered":"Prestito Personale per i Lavoratori Indipendenti con Multicredit"},"content":{"rendered":"<section class=\"wpb-content-wrapper\">[vc_row][vc_column][vc_empty_space height=&#8221;80px&#8221;][\/vc_column][\/vc_row][vc_row][vc_column width=&#8221;1\/2&#8243;]<\/p>\n<div class=\"blocktitle title-center title-dark\" clearfix\"><H3><span class=\"ez-toc-section\" id=\"Hai_bisogno_di_contanti_Pensa_al_credito_indipendente\"><\/span>Hai bisogno di contanti? Pensa al credito indipendente<\/H3><\/p>\n<h4>Un prestito senza complicazioni amministrative. Veloce, semplice e discreto<\/h4>\n<\/div>\n<p>[vc_column_text css_animation=&#8221;fadeIn&#8221;]<\/p>\n<p style=\"text-align: center;\">Siete liberi professionisti, soci-dirigenti della vostra societ\u00e0 a responsabilit\u00e0 limitata o direttori della societ\u00e0 e avete bisogno di un prestito rapidamente?<\/p>\n<p style=\"text-align: center;\">Richiedere un prestito online per liberi professionisti tramite il nostro sito \u00a0Multicredit, non \u00e8 mai stato cos\u00ec facile. Ottenete un finanziamento per lo sviluppo della vostra impresa, rapidamente<strong> da CHF 10&#8217;000 a 400&#8217;000<\/strong> con un periodo di <strong>rimborso da 12 a 84 mesi.<\/strong><\/p>\n<p style=\"text-align: center;\">Decisione di principio da <strong>24 a 48<\/strong> ore grazie alla nostra esperienza sul mercato dal 1999.<\/p>\n<p style=\"text-align: center;\">Completate il\u00a0<a href=\"https:\/\/multicredit.ch\/it\/richiesta-di-credito\/\">formulario online<\/a> o semplicemente <a href=\"tel:0263222310\">contattateci<\/a> per un offerta gratuito e senza impegno.<\/p>\n<p>[\/vc_column_text][\/vc_column][vc_column width=&#8221;1\/2&#8243;][vc_single_image image=&#8221;11650&#8243; img_size=&#8221;large&#8221; css_animation=&#8221;fadeIn&#8221;][\/vc_column][\/vc_row][vc_row][vc_column][vc_empty_space height=&#8221;50px&#8221;][\/vc_column][\/vc_row][vc_row][vc_column width=&#8221;1\/2&#8243;][vc_single_image image=&#8221;11665&#8243; img_size=&#8221;full&#8221; alignment=&#8221;center&#8221; css_animation=&#8221;fadeIn&#8221;][\/vc_column][vc_column width=&#8221;1\/2&#8243;]<\/p>\n<div class=\"blocktitle title-center title-dark\" clearfix\"><H3><span class=\"ez-toc-section\" id=\"Molti_vantaggi\"><\/span>Molti vantaggi!<\/H3><\/div>\n<p>[vc_column_text css_animation=&#8221;fadeIn&#8221;]<br \/>\nA differenza di un credito commerciale che richiede molti documenti e una tempistica piuttosto lunga per la decisione finale,\u00a0 il credito per liberi professionisti \u00e8 <strong>pi\u00f9 veloce<\/strong> e richiede <strong>meno documenti:<\/strong><\/p>\n<ul>\n<li>L&#8217;ultimo certificato dell&#8217;imponibile personale<\/li>\n<li>Un documento d&#8217;identit\u00e0<\/li>\n<li>Se invece siete proprietari dell&#8217;azienda, dovrete inviarci anche \u00a0le ultime tre buste paga. (solo per gli amministratori della Sagl &#8211; SA)<\/li>\n<\/ul>\n<p>Se siete\u00a0 <strong>medici, avvocati,\u00a0 ingegneri, agenti immobiliari, broker assicurativi, insegnanti, panettieri o farmacisti<\/strong>, siamo al vostro fianco.[\/vc_column_text][\/vc_column][\/vc_row][vc_row][vc_column][vc_empty_space height=&#8221;50px&#8221;]<\/p>\n<div class=\"blocktitle title-left title-dark\" clearfix\"><H3><span class=\"ez-toc-section\" id=\"Finanziamento_vantaggioso\"><\/span>Finanziamento vantaggioso<\/H3><\/div>\n<p>[vc_column_text css_animation=&#8221;fadeIn&#8221;]<\/p>\n<ul>\n<li>Uno dei principali vantaggi di questo tipo di credito \u00e8 che potete rimborsare il prestito in qualsiasi momento o addirittura pagarlo in anticipo. Questo avr\u00e0 un impatto significativo sulla parte degli interessi. Non dimenticate che gli interessi sono <a href=\"https:\/\/www.moneyland.ch\/fr\/credit-deductions-fiscales\" target=\"_blank\" rel=\"noopener\">detraibili dalle tasse.<\/a><\/li>\n<li>Che siate una ditta individuale, una societ\u00e0 di pi\u00f9 persone, una societ\u00e0 a responsabilit\u00e0 limitata, una societ\u00e0 di capitali, ecc. sono richiesti almeno due anni di esperienza. Qualunque sia il vostro settore di attivit\u00e0, troveremo e vi sottoporremo la soluzione pi\u00f9 adatta alle vostre esigenze di liquidit\u00e0.<\/li>\n<\/ul>\n<p>[\/vc_column_text][\/vc_column][\/vc_row]<\/section>\n","protected":false},"excerpt":{"rendered":"<p>[vc_row][vc_column][vc_empty_space height=&#8221;80px&#8221;][\/vc_column][\/vc_row][vc_row][vc_column width=&#8221;1\/2&#8243;][vc_column_text css_animation=&#8221;fadeIn&#8221;] Siete liberi professionisti, soci-dirigenti della vostra societ\u00e0 a responsabilit\u00e0 limitata o direttori della societ\u00e0 e avete bisogno di un prestito rapidamente? Richiedere un prestito online per liberi professionisti tramite il nostro sito \u00a0Multicredit, non \u00e8 mai stato cos\u00ec facile. Ottenete un finanziamento per lo sviluppo della vostra impresa, rapidamente da CHF [&hellip;]<\/p>\n","protected":false},"author":4,"featured_media":11524,"parent":12359,"menu_order":0,"comment_status":"closed","ping_status":"closed","template":"template-credit.php","meta":{"inline_featured_image":false,"footnotes":"","_links_to":"","_links_to_target":""},"categories":[765],"class_list":["post-15226","page","type-page","status-publish","has-post-thumbnail","hentry","category-credit-independant-it"],"_links":{"self":[{"href":"https:\/\/multicredit.ch\/it\/wp-json\/wp\/v2\/pages\/15226","targetHints":{"allow":["GET"]}}],"collection":[{"href":"https:\/\/multicredit.ch\/it\/wp-json\/wp\/v2\/pages"}],"about":[{"href":"https:\/\/multicredit.ch\/it\/wp-json\/wp\/v2\/types\/page"}],"author":[{"embeddable":true,"href":"https:\/\/multicredit.ch\/it\/wp-json\/wp\/v2\/users\/4"}],"replies":[{"embeddable":true,"href":"https:\/\/multicredit.ch\/it\/wp-json\/wp\/v2\/comments?post=15226"}],"version-history":[{"count":10,"href":"https:\/\/multicredit.ch\/it\/wp-json\/wp\/v2\/pages\/15226\/revisions"}],"predecessor-version":[{"id":18636,"href":"https:\/\/multicredit.ch\/it\/wp-json\/wp\/v2\/pages\/15226\/revisions\/18636"}],"up":[{"embeddable":true,"href":"https:\/\/multicredit.ch\/it\/wp-json\/wp\/v2\/pages\/12359"}],"wp:featuredmedia":[{"embeddable":true,"href":"https:\/\/multicredit.ch\/it\/wp-json\/wp\/v2\/media\/11524"}],"wp:attachment":[{"href":"https:\/\/multicredit.ch\/it\/wp-json\/wp\/v2\/media?parent=15226"}],"wp:term":[{"taxonomy":"category","embeddable":true,"href":"https:\/\/multicredit.ch\/it\/wp-json\/wp\/v2\/categories?post=15226"}],"curies":[{"name":"wp","href":"https:\/\/api.w.org\/{rel}","templated":true}]}}