{"id":12332,"date":"2020-02-10T15:28:42","date_gmt":"2020-02-10T15:28:42","guid":{"rendered":"https:\/\/www.multicredit.ch\/contact\/"},"modified":"2023-01-24T15:20:28","modified_gmt":"2023-01-24T15:20:28","slug":"miglior-tasso-di-credito-contattaci","status":"publish","type":"page","link":"https:\/\/multicredit.ch\/it\/miglior-tasso-di-credito-contattaci\/","title":{"rendered":"Contattare"},"content":{"rendered":"<section class=\"wpb-content-wrapper\">[vc_row el_class=&#8221;white-bck bigpadding white-bg-form&#8221;][vc_column width=&#8221;1\/2&#8243;]<\/p>\n<div class=\"blocktitle title-left title-dark\" clearfix\"><H2><span class=\"ez-toc-section\" id=\"Siamo_qui_per_farvi_ottenere_il_miglior_tasso_di_credito_Contattateci\"><\/span>Siamo qui per farvi ottenere il miglior tasso di credito. Contattateci!<\/H2><\/p>\n<h4>Il nostro team sar\u00e0 lieto di rispondere alle vostre domande.<\/h4>\n<\/div>\n<p>[vc_column_text]Ci impegniamo a mettere al primo posto gli interessi dei nostri clienti, negoziando il miglior tasso di credito possibile. Inoltre, diamo grande importanza alle relazioni con i clienti.[\/vc_column_text][vc_column_text]Potete anche contattarci direttamente da :<\/p>\n<ul>\n<li>Telefono :<a href=\"tel:026 322 23 10\"> 026 322 23 10<\/a><\/li>\n<li>Telefono cellulare : <a href=\"tel:0799363175\">079 936 31 75<\/a><\/li>\n<li>Mail : <a href=\"mailto:info@multicredit.ch\">info@multicredit.ch<\/a><\/li>\n<\/ul>\n<p>[\/vc_column_text]<\/p>\n<div class=\"blocktitle title-left title-dark\" clearfix\"><H3><span class=\"ez-toc-section\" id=\"La_garanzia_delle_migliori_condizioni_di_credito_in_Svizzera\"><\/span>La garanzia delle migliori condizioni di credito in Svizzera!<\/H3><\/p>\n<h4>MultiCr\u00e9dit vi consiglia rapidamente e gratuitamente<\/h4>\n<\/div>\n<p>[vc_column_text]<\/p>\n<ul>\n<li>Consulenza su misura per finanziare il tuo progetto<\/li>\n<li>Garanzia del miglior tasso di credito<\/li>\n<li><a href=\"https:\/\/www.google.com\/maps\/place\/Rue+de+la+Banque+4,+1700+Fribourg\/@46.8039045,7.1526062,17z\/data=!3m1!4b1!4m5!3m4!1s0x478e692e6f35c2fb:0xb945e3fefdcb12d4!8m2!3d46.8039045!4d7.1547949\" target=\"_blank\" rel=\"noopener\">Possiamo anche darvi il benvenuto in rue de la banque 4, a Friburgo<\/a><\/li>\n<\/ul>\n<p>[\/vc_column_text][\/vc_column][vc_column width=&#8221;1\/2&#8243;][vc_empty_space]<\/p>\n<div class=\"wpcf7 no-js\" id=\"wpcf7-f12722-o1\" lang=\"it-IT\" dir=\"ltr\" data-wpcf7-id=\"12722\">\n<div class=\"screen-reader-response\">\n<p role=\"status\" aria-live=\"polite\" aria-atomic=\"true\">\n<ul><\/ul>\n<\/div>\n<form action=\"\/it\/wp-json\/wp\/v2\/pages\/12332#wpcf7-f12722-o1\" method=\"post\" class=\"wpcf7-form init\" aria-label=\"Contact form\" novalidate=\"novalidate\" data-status=\"init\">\n<fieldset class=\"hidden-fields-container\"><input type=\"hidden\" name=\"_wpcf7\" value=\"12722\" \/><input type=\"hidden\" name=\"_wpcf7_version\" value=\"6.1.5\" \/><input type=\"hidden\" name=\"_wpcf7_locale\" value=\"it_IT\" \/><input type=\"hidden\" name=\"_wpcf7_unit_tag\" value=\"wpcf7-f12722-o1\" \/><input type=\"hidden\" name=\"_wpcf7_container_post\" value=\"0\" \/><input type=\"hidden\" name=\"_wpcf7_posted_data_hash\" value=\"\" \/><input type=\"hidden\" name=\"_wpcf7_recaptcha_response\" value=\"\" \/><br \/>\n<\/fieldset>\n<p><span class=\"wpcf7-form-control-wrap\" data-name=\"Sujet\"><select class=\"wpcf7-form-control wpcf7-select wpcf7-validates-as-required\" id=\"sujet\" aria-required=\"true\" aria-invalid=\"false\" name=\"Sujet\"><option value=\"Per cosa vorresti contattarci?\">Per cosa vorresti contattarci?<\/option><option value=\"Richiesta generale\">Richiesta generale<\/option><option value=\"Credito\">Credito<\/option><option value=\"Riacquisto del credito\">Riacquisto del credito<\/option><option value=\"Carta di credito\">Carta di credito<\/option><option value=\"Richiesta di sponsorizzazione\">Richiesta di sponsorizzazione<\/option><\/select><\/span><br \/>\n<span class=\"wpcf7-form-control-wrap\" data-name=\"Prenom\"><input size=\"40\" maxlength=\"400\" class=\"wpcf7-form-control wpcf7-text wpcf7-validates-as-required\" id=\"prenom\" aria-required=\"true\" aria-invalid=\"false\" placeholder=\"Nome*\" value=\"\" type=\"text\" name=\"Prenom\" \/><\/span><br \/>\n<span class=\"wpcf7-form-control-wrap\" data-name=\"Nom\"><input size=\"40\" maxlength=\"400\" class=\"wpcf7-form-control wpcf7-text wpcf7-validates-as-required\" aria-required=\"true\" aria-invalid=\"false\" placeholder=\"Cognome*\" value=\"\" type=\"text\" name=\"Nom\" \/><\/span><br \/>\n<span class=\"wpcf7-form-control-wrap\" data-name=\"Mail\"><input size=\"40\" maxlength=\"400\" class=\"wpcf7-form-control wpcf7-email wpcf7-validates-as-required wpcf7-text wpcf7-validates-as-email\" id=\"mail\" aria-required=\"true\" aria-invalid=\"false\" placeholder=\"e-mail*\" value=\"\" type=\"email\" name=\"Mail\" \/><\/span><br \/>\n<span class=\"wpcf7-form-control-wrap\" data-name=\"NPA\"><input size=\"40\" maxlength=\"400\" class=\"wpcf7-form-control wpcf7-text wpcf7-validates-as-required\" id=\"npa\" aria-required=\"true\" aria-invalid=\"false\" placeholder=\"NPA*\" value=\"\" type=\"text\" name=\"NPA\" \/><\/span><span class=\"wpcf7-form-control-wrap\" data-name=\"Localite\"><input size=\"40\" maxlength=\"400\" class=\"wpcf7-form-control wpcf7-text wpcf7-validates-as-required\" id=\"localite\" aria-required=\"true\" aria-invalid=\"false\" placeholder=\"Citt\u00e0*\" value=\"\" type=\"text\" name=\"Localite\" \/><\/span><br \/>\n<span class=\"wpcf7-form-control-wrap\" data-name=\"Telephone\"><input size=\"40\" maxlength=\"400\" class=\"wpcf7-form-control wpcf7-tel wpcf7-validates-as-required wpcf7-text wpcf7-validates-as-tel\" id=\"tel\" aria-required=\"true\" aria-invalid=\"false\" placeholder=\"Telefono*\" value=\"\" type=\"tel\" name=\"Telephone\" \/><\/span><br \/>\n<span class=\"wpcf7-form-control-wrap\" data-name=\"Message\"><textarea cols=\"40\" rows=\"10\" maxlength=\"2000\" class=\"wpcf7-form-control wpcf7-textarea\" id=\"message\" aria-invalid=\"false\" placeholder=\"Messaggio\" name=\"Message\"><\/textarea><\/span><br \/>\n<input class=\"wpcf7-form-control wpcf7-submit has-spinner\" id=\"submit\" type=\"submit\" value=\"Inviare\" \/>\n<\/p>\n<p><input type=\"hidden\" id=\"ct_checkjs_cf7_069d3bb002acd8d7dd095917f9efe4cb\" name=\"ct_checkjs_cf7\" value=\"0\" \/><script >setTimeout(function(){var ct_input_name = \"ct_checkjs_cf7_069d3bb002acd8d7dd095917f9efe4cb\";if (document.getElementById(ct_input_name) !== null) {var ct_input_value = document.getElementById(ct_input_name).value;document.getElementById(ct_input_name).value = document.getElementById(ct_input_name).value.replace(ct_input_value, 'f350882909af177e6ae7f21ccaa78745bceacc83bdcef37d25207814ac5fc89e');}}, 1000);<\/script><input\n                    class=\"apbct_special_field apbct_email_id__wp_contact_form_7\"\n                    name=\"apbct__email_id__wp_contact_form_7\"\n                    aria-label=\"apbct__label_id__wp_contact_form_7\"\n                    type=\"text\" size=\"30\" maxlength=\"200\" autocomplete=\"off\"\n                    value=\"\"\n                \/><\/p>\n<div class=\"wpcf7-response-output\" aria-hidden=\"true\"><\/div>\n<\/form>\n<\/div>\n<p>[\/vc_column][\/vc_row][vc_row][vc_column][vc_separator][vc_empty_space][\/vc_column][\/vc_row][vc_row][vc_column width=&#8221;1\/2&#8243;]<\/p>\n<div class=\"blocktitle title-left title-dark\" clearfix\"><H2><span class=\"ez-toc-section\" id=\"Clienti_soddisfatti_in_tutta_la_Svizzera\"><\/span>Clienti soddisfatti in tutta la Svizzera<\/H2><\/div>\n<p>[vc_column_text]<\/p>\n<h4 style=\"text-align: left;\">Conosciamo a fondo il mercato del credito<\/h4>\n<p>Siamo gli specialisti del credito al consumo in Svizzera. Con un volume totale di 650 milioni di franchi svizzeri, siamo un esempio di longevit\u00e0, avendo mantenuto lo stesso tipo di attivit\u00e0 dal 1999. Grazie al nostro approccio orientato alla soluzione, le vostre esigenze saranno soddisfatte dal nostro personale.<\/p>\n<p>Vi piacciono la flessibilit\u00e0 e la reattivit\u00e0? Allora questo \u00e8 il posto giusto per voi, perch\u00e9 vi offriamo una consulenza fidata per telefono, in video, online o direttamente in ufficio. Richiedete subito un <a href=\"https:\/\/multicredit.ch\/it\/richiesta-di-credito\/\">credito online<\/a> e prendete in mano i vostri progetti.<\/p>\n<h4 style=\"text-align: left;\">Perch\u00e9 i clienti si fidano di noi?<\/h4>\n<ul>\n<li>Abbiamo un processo semplice, veloce ed efficiente.<\/li>\n<li style=\"text-align: left;\">Abbiamo un<a href=\"https:\/\/multicredit.ch\/it\/multicredit-fribourg-chi-siamo\/\"> team<\/a> preparato e competente.<\/li>\n<li style=\"text-align: left;\">I nostri consulenti sono multilingue e trattano i dossier in 8 lingue diverse.<\/li>\n<li style=\"text-align: left;\">Avrete una risposta entro 24 ore lavorative.<\/li>\n<li style=\"text-align: left;\">Trattamento dei progetti dei clienti con un follow-up completo.<\/li>\n<li style=\"text-align: left;\">Rispetto delle normative bancarie.<\/li>\n<li style=\"text-align: left;\">Analisi della situazione di ogni cliente per evitare il sovraindebitamento.<\/li>\n<\/ul>\n<p>[\/vc_column_text][vc_empty_space][\/vc_column][vc_column width=&#8221;1\/2&#8243;][vc_empty_space][vc_empty_space][vc_empty_space][vc_empty_space][vc_empty_space][vc_single_image image=&#8221;21088&#8243; img_size=&#8221;full&#8221; alignment=&#8221;right&#8221;][\/vc_column][\/vc_row][vc_row][vc_column][vc_separator][vc_empty_space][vc_column_text]<\/p>\n<h5 style=\"text-align: center;\">In tutti i campi, umani e personalizzati, i vostri progetti sono in buone mani.<\/h5>\n<p>[\/vc_column_text][\/vc_column][\/vc_row]<\/section>\n","protected":false},"excerpt":{"rendered":"<p>Dove ci incontriamo? Contattateci!<\/p>\n","protected":false},"author":4,"featured_media":11648,"parent":0,"menu_order":-4,"comment_status":"closed","ping_status":"closed","template":"template-w-stats.php","meta":{"inline_featured_image":false,"footnotes":"","_links_to":"","_links_to_target":""},"categories":[],"class_list":["post-12332","page","type-page","status-publish","has-post-thumbnail","hentry"],"_links":{"self":[{"href":"https:\/\/multicredit.ch\/it\/wp-json\/wp\/v2\/pages\/12332","targetHints":{"allow":["GET"]}}],"collection":[{"href":"https:\/\/multicredit.ch\/it\/wp-json\/wp\/v2\/pages"}],"about":[{"href":"https:\/\/multicredit.ch\/it\/wp-json\/wp\/v2\/types\/page"}],"author":[{"embeddable":true,"href":"https:\/\/multicredit.ch\/it\/wp-json\/wp\/v2\/users\/4"}],"replies":[{"embeddable":true,"href":"https:\/\/multicredit.ch\/it\/wp-json\/wp\/v2\/comments?post=12332"}],"version-history":[{"count":44,"href":"https:\/\/multicredit.ch\/it\/wp-json\/wp\/v2\/pages\/12332\/revisions"}],"predecessor-version":[{"id":23045,"href":"https:\/\/multicredit.ch\/it\/wp-json\/wp\/v2\/pages\/12332\/revisions\/23045"}],"wp:featuredmedia":[{"embeddable":true,"href":"https:\/\/multicredit.ch\/it\/wp-json\/wp\/v2\/media\/11648"}],"wp:attachment":[{"href":"https:\/\/multicredit.ch\/it\/wp-json\/wp\/v2\/media?parent=12332"}],"wp:term":[{"taxonomy":"category","embeddable":true,"href":"https:\/\/multicredit.ch\/it\/wp-json\/wp\/v2\/categories?post=12332"}],"curies":[{"name":"wp","href":"https:\/\/api.w.org\/{rel}","templated":true}]}}