{"id":12326,"date":"2020-03-10T09:52:52","date_gmt":"2020-03-10T09:52:52","guid":{"rendered":"https:\/\/www.multicredit.ch\/carte-de-credit\/"},"modified":"2023-06-28T09:07:23","modified_gmt":"2023-06-28T09:07:23","slug":"carta-di-credito","status":"publish","type":"page","link":"https:\/\/multicredit.ch\/it\/credito\/offre-credit\/carta-di-credito\/","title":{"rendered":"Carta di Credito Svizzera di Multicredit"},"content":{"rendered":"<section class=\"wpb-content-wrapper\">[vc_row el_class=&#8221;white-bck bigpadding&#8221;][vc_column data_aos=&#8221;fade-in&#8221;]<\/p>\n<div class=\"blocktitle title-center title-dark\" clearfix\"><H2><span class=\"ez-toc-section\" id=\"Un_limite_di_credito_aumentato\"><\/span>Un limite di credito aumentato<\/H2><\/p>\n<h4>Tutte le nostre soluzioni per quando siete in negativo con una o pi\u00f9 carte.<\/h4>\n<\/div>\n<p>[vc_column_text el_class=&#8221;maxwidth&#8221;]<\/p>\n<p style=\"text-align: center;\">Desiderate avere un limite di credito pi\u00f9 elevato e di una maggiore liquidit\u00e0?<\/p>\n<p style=\"text-align: center;\">Se siete maggiorenni e solvibili e in molti casi anche dopo i 70 anni, analizzeremo le migliori soluzioni per ottenere la vostra nuova carta e un limite pi\u00f9 alto di quello offerto dalla maggior parte delle organizzazioni tradizionali.<\/p>\n<p style=\"text-align: center;\"><strong>Tra CHF 3&#8217;000 e CHF 400&#8217;000 di credito, scegliete la comodit\u00e0 di avere un budget pi\u00f9 adeguato alla vostra situazione e soprattutto pi\u00f9 accessibile.<\/strong><\/p>\n<p>[\/vc_column_text][\/vc_column][\/vc_row][vc_row full_width=&#8221;stretch_row&#8221; content_placement=&#8221;middle&#8221; el_class=&#8221;lightgrey-bck diagonal-bottom-bck bigpadding&#8221;][vc_column width=&#8221;1\/2&#8243; data_aos=&#8221;fade-in&#8221; data_aos_delay=&#8221;250&#8243; el_class=&#8221;checklist&#8221;]<\/p>\n<div class=\"blocktitle title-left title-dark\" clearfix\"><H2><span class=\"ez-toc-section\" id=\"Studio_della_solvibilita_e_onorabilita\"><\/span>Studio della solvibilit\u00e0 e onorabilit\u00e0<\/H2><\/p>\n<h4>Una nuova carta di credito : si, ma in modo ragionevole!<\/h4>\n<\/div>\n<p>[vc_column_text]Dal 1999, l&#8217;esperienza di MultiCredit ha permesso a migliaia di clienti, anche di quasi 70 anni, di avere accesso a una nuova carta di credito.<\/p>\n<p>Grazie allo studio dettagliato del vostro dossier da parte dei nostri specialisti, otterrete tutti i vantaggi di una carta di credito:<\/p>\n<ul>\n<li>Delle rate mensili flessibili e adattabili per tutta la loro durata.<\/li>\n<li>Scelta minima degli importi da addebitare dal 10% al 15% del saldo aperto.<\/li>\n<li>Possibilit\u00e0 di ottenere una riserva finanziaria pi\u00f9 elevata.<\/li>\n<li>Beneficiate di un metodo di pagamento sicuro e vantaggioso.<\/li>\n<li>Fate i pagamenti senza contatto.<\/li>\n<li>Accedete al vostro conto online e al servizio d\u2019assistenza dei nostri partner.<\/li>\n<li>Moderne e sicure, queste carte vi permetteranno di gestire il vostro budget con il massimo del confort.<\/li>\n<\/ul>\n<p>[\/vc_column_text][\/vc_column][vc_column width=&#8221;1\/2&#8243; data_aos=&#8221;fade-left&#8221;][vc_single_image image=&#8221;11536&#8243; img_size=&#8221;full&#8221; alignment=&#8221;center&#8221; css_animation=&#8221;none&#8221;][\/vc_column][\/vc_row][vc_row el_class=&#8221;white-bck bigpadding&#8221;][vc_column data_aos=&#8221;fade-in&#8221;]<\/p>\n<div class=\"blocktitle title-center title-dark\" clearfix\"><H2><span class=\"ez-toc-section\" id=\"Piu_flessibilita_piu_chiarezza\"><\/span>Pi\u00f9 flessibilit\u00e0, pi\u00f9 chiarezza<\/H2><\/p>\n<h4>Necessit\u00e0 di migliorare il vostro budget ?<\/h4>\n<\/div>\n<p>[vc_column_text el_class=&#8221;maxwidth&#8221;]<\/p>\n<p style=\"text-align: center;\">Avete raggiunto il limite della vostra carta di credito? Una situazione professionale, eccezionale o familiare non vi permette pi\u00f9 di far fronte alle vostre fatture abituali e avete bisogno di denaro contante supplementare?<\/p>\n<p style=\"text-align: center;\">Non privatevi della vostra autonomia per colpa degli eventi. Lasciatevi consigliare gratuitamente dagli specialisti di MultiCredit.<\/p>\n<p style=\"text-align: center;\"><a href=\"https:\/\/multicredit.ch\/it\/credito\/offre-credit\/carta-di-credito\/richiesta\/\"><strong> Con la carta di credito che fa per voi, date pi\u00f9 credito al vostro credito.<\/strong><\/a><\/p>\n<p>[\/vc_column_text][\/vc_column][\/vc_row][vc_row full_width=&#8221;stretch_row&#8221; content_placement=&#8221;middle&#8221; el_class=&#8221;lightgrey-bck bigpadding comp-neg-margin-bottom checklist&#8221;][vc_column data_aos=&#8221;fade-in&#8221;]<\/p>\n<div class=\"blocktitle title-left title-dark\" clearfix\"><H2><span class=\"ez-toc-section\" id=\"Semplice_e_rapido_la_carta_di_credito\"><\/span>Semplice e rapido, la carta di credito<\/H2><\/p>\n<h4>Richiedete la vostra carta di credito in 2 minuti.<\/h4>\n<\/div>\n<p>[vc_row_inner][vc_column_inner width=&#8221;1\/2&#8243;][vc_column_text]Domandate un\u2019offerta online affidateci il vostro dossier. Se il tempo stringe, i nostri consigli rapidi, gratuiti e personalizzati sono la vera soluzione.<\/p>\n<p>I nostri specialisti studiano le condizioni per la vostra nuova carta di credito o per aumentare il pi\u00f9 possibile il vostro massimale in base alle vostre necessit\u00e0.<\/p>\n<p><a href=\"https:\/\/www.bfs.admin.ch\/bfs\/it\/home\/statistiche\/situazione-economica-sociale-popolazione\/redditi-consumo-e-patrimonio\/indebitamento.html\" target=\"_blank\" rel=\"noopener\"><strong>Per non incoraggiare l&#8217;eccessivo indebitamento noi di MultiCredit, consigliamo sempre i nostri clienti ad una sana gestione del credito.<\/strong><\/a>[\/vc_column_text][\/vc_column_inner][vc_column_inner width=&#8221;1\/2&#8243;][vc_column_text]<\/p>\n<ul>\n<li><strong>Sicurezza e riservatezza<\/strong><\/li>\n<li><strong>Prossimit\u00e0 e responsabilit\u00e0<\/strong><\/li>\n<li><strong>Presa in carico garantita in meno di 24 ore<\/strong><\/li>\n<li><strong>Tasso di credito inferiore a quello della concorrenza<\/strong><\/li>\n<\/ul>\n<p>[\/vc_column_text][\/vc_column_inner][\/vc_row_inner][\/vc_column][\/vc_row]<\/section>\n","protected":false},"excerpt":{"rendered":"<p>Tutti i vantaggi in tasca<\/p>\n","protected":false},"author":4,"featured_media":11625,"parent":30588,"menu_order":-7,"comment_status":"closed","ping_status":"closed","template":"template-w-calc.php","meta":{"inline_featured_image":false,"footnotes":"","_links_to":"","_links_to_target":""},"categories":[306],"class_list":["post-12326","page","type-page","status-publish","has-post-thumbnail","hentry","category-carta-di-credito"],"_links":{"self":[{"href":"https:\/\/multicredit.ch\/it\/wp-json\/wp\/v2\/pages\/12326","targetHints":{"allow":["GET"]}}],"collection":[{"href":"https:\/\/multicredit.ch\/it\/wp-json\/wp\/v2\/pages"}],"about":[{"href":"https:\/\/multicredit.ch\/it\/wp-json\/wp\/v2\/types\/page"}],"author":[{"embeddable":true,"href":"https:\/\/multicredit.ch\/it\/wp-json\/wp\/v2\/users\/4"}],"replies":[{"embeddable":true,"href":"https:\/\/multicredit.ch\/it\/wp-json\/wp\/v2\/comments?post=12326"}],"version-history":[{"count":22,"href":"https:\/\/multicredit.ch\/it\/wp-json\/wp\/v2\/pages\/12326\/revisions"}],"predecessor-version":[{"id":26375,"href":"https:\/\/multicredit.ch\/it\/wp-json\/wp\/v2\/pages\/12326\/revisions\/26375"}],"up":[{"embeddable":true,"href":"https:\/\/multicredit.ch\/it\/wp-json\/wp\/v2\/pages\/30588"}],"wp:featuredmedia":[{"embeddable":true,"href":"https:\/\/multicredit.ch\/it\/wp-json\/wp\/v2\/media\/11625"}],"wp:attachment":[{"href":"https:\/\/multicredit.ch\/it\/wp-json\/wp\/v2\/media?parent=12326"}],"wp:term":[{"taxonomy":"category","embeddable":true,"href":"https:\/\/multicredit.ch\/it\/wp-json\/wp\/v2\/categories?post=12326"}],"curies":[{"name":"wp","href":"https:\/\/api.w.org\/{rel}","templated":true}]}}