{"id":12317,"date":"2020-03-10T09:56:22","date_gmt":"2020-03-10T09:56:22","guid":{"rendered":"https:\/\/www.multicredit.ch\/rachat-de-pret\/leasing\/"},"modified":"2021-08-02T20:49:34","modified_gmt":"2021-08-02T20:49:34","slug":"riacquisto-leasing","status":"publish","type":"page","link":"https:\/\/multicredit.ch\/it\/credito\/riacquisto-prestito\/riacquisto-leasing\/","title":{"rendered":"Leasing Riacquisto Del Suo Veicolo &#8211; Nessun Costo Nascosto"},"content":{"rendered":"<section class=\"wpb-content-wrapper\">[vc_row el_class=&#8221;white-bck bigpadding&#8221; css=&#8221;.vc_custom_1594909790748{padding-top: 0px !important;}&#8221;][vc_column data_aos=&#8221;fade-in&#8221;]<\/p>\n<div class=\"blocktitle title-center title-dark\" clearfix\"><H2><span class=\"ez-toc-section\" id=\"Riacquisto_leasing_credito_VS_leasing_pensateci\"><\/span>Riacquisto leasing (credito) VS leasing, pensateci<\/H2><\/p>\n<h4>Con MultiCredit, analizzate le vostre spese e risparmiate.<\/h4>\n<\/div>\n<p>[vc_column_text el_class=&#8221;maxwidth&#8221;]<\/p>\n<p style=\"text-align: center;\">Per finanziare il vostro veicolo, un credito pu\u00f2 essere a volte pi\u00f9 adatto di un <a href=\"https:\/\/www.tcs.ch\/fr\/tests-conseils\/conseils\/achat-vente-vehicule\/financement.php\" target=\"_blank\" rel=\"noopener\">leasing<\/a>. Finanziate il valore\u00a0residuo del vostro mezzo in leasing.<\/p>\n<p style=\"text-align: center;\">Da CHF 3\u2019000 a CHF 400\u2019000, il riacquisto del leasing, permette un rimborso a breve termine, un costo\u00a0complessivo pi\u00f9 interessante ed evita tutti i costi nascosti del leasing.<\/p>\n<p style=\"text-align: center;\"><strong>Niente pi\u00f9 vincoli per la vendita, l\u2019assicurazione, la manutenzione e il chilometraggio.<\/strong><\/p>\n<p>[\/vc_column_text][\/vc_column][\/vc_row][vc_row full_width=&#8221;stretch_row&#8221; content_placement=&#8221;middle&#8221; el_class=&#8221;lightgrey-bck diagonal-bottom-bck bigpadding&#8221;][vc_column width=&#8221;1\/2&#8243; data_aos=&#8221;fade-in&#8221; data_aos_delay=&#8221;250&#8243; el_class=&#8221;checklist&#8221;]<\/p>\n<div class=\"blocktitle title-left title-dark\" clearfix\"><H2><span class=\"ez-toc-section\" id=\"Quali_sono_i_vantaggi_del_riacquisto_del_leasing\"><\/span>Quali sono i vantaggi del riacquisto del leasing ?<\/H2><\/p>\n<h4>Alleggerite il vostro budget, ottimizzate le vostre capacit\u00e0 di finanziamento, diventate proprietari. <\/h4>\n<\/div>\n<p>[vc_column_text]<\/p>\n<ul>\n<li>Riscatto completo del veicolo (sia che si tratti di un\u2019auto o altro).<\/li>\n<li>Un tasso d&#8217;interesse al livello pi\u00f9 basso possibile, in base alla vostra situazione.<\/li>\n<li>La possibilit\u00e0 da decidere autonomamente la durata del rimborso del prestito.<\/li>\n<li>Possibilit\u00e0 di chiedere un credito supplementare.<\/li>\n<li>Con le nostre assicurazioni, proteggete il vostro prestito con un&#8217;assicurazione a rate mensili in caso di decesso e facoltativamente in caso di malattia, infortunio, invalidit\u00e0 e incapacit\u00e0 al lavoro.<\/li>\n<\/ul>\n<p>[\/vc_column_text][vc_column_text]<strong>Il riacquisto del leasing \u00e8 la soluzione pi\u00f9 rapida, pi\u00f9 semplice e pi\u00f9 libera per diventare completamente proprietari del vostro mezzo.<\/strong>[\/vc_column_text][\/vc_column][vc_column width=&#8221;1\/2&#8243; data_aos=&#8221;fade-left&#8221;][vc_single_image image=&#8221;11556&#8243; img_size=&#8221;full&#8221; alignment=&#8221;center&#8221; css_animation=&#8221;none&#8221;][\/vc_column][\/vc_row][vc_row content_placement=&#8221;middle&#8221; el_class=&#8221;white-bck bigpadding&#8221;][vc_column width=&#8221;1\/2&#8243; data_aos=&#8221;fade-right&#8221;][vc_single_image image=&#8221;11551&#8243; img_size=&#8221;full&#8221; alignment=&#8221;center&#8221; css_animation=&#8221;none&#8221;][\/vc_column][vc_column width=&#8221;1\/2&#8243; data_aos=&#8221;fade-in&#8221; data_aos_delay=&#8221;250&#8243; el_class=&#8221;checklist&#8221;]<\/p>\n<div class=\"blocktitle title-center title-dark\" clearfix\"><H2><span class=\"ez-toc-section\" id=\"Riacquisto_del_leasing_per_auto\"><\/span>Riacquisto del leasing per auto<\/H2><\/p>\n<h4>Offritevi diverse opzioni e pi\u00f9 libert\u00e0. <\/h4>\n<\/div>\n<p>[vc_column_text]Con il riacquisto del leasing potete :<\/p>\n<ul>\n<li>Scegliere liberamente la vostra assicurazione.<\/li>\n<li>Dimenticare il limite del chilometraggio.<\/li>\n<li>Rivendere il vostro mezzo in qualsiasi momento e al prezzo che desiderate.<\/li>\n<li>Finanziare un nuovo veicolo.<\/li>\n<li>Suddividere il vostro rimborso su un periodo che va da 12 a 84 mesi.<\/li>\n<\/ul>\n<p>[\/vc_column_text][vc_column_text]<strong>Offerta gratuita, rapida e senza nessun obbligo sul riacquisto del leasing per ogni tipo di veicolo.<\/strong>[\/vc_column_text][\/vc_column][\/vc_row][vc_row full_width=&#8221;stretch_row&#8221; content_placement=&#8221;middle&#8221; el_class=&#8221;lightgrey-bck bigpadding comp-neg-margin-bottom checklist&#8221;][vc_column]<\/p>\n<div class=\"blocktitle title-center title-dark\" clearfix\"><H2><span class=\"ez-toc-section\" id=\"Semplice_rapido_e_senza_obblighi\"><\/span>Semplice, rapido e senza obblighi<\/H2><\/p>\n<h4>Per ottenere un riacquisto del leasing, servono solo 2 minuti!<\/h4>\n<\/div>\n<p>[vc_column_text]<\/p>\n<p style=\"text-align: center;\">MultiCredit vi rende la vita pi\u00f9 facile. Il nostro team si occupa di tutte le procedure amministrative per il riacquisto del contratto di leasing. Non esitate a contattarci per saperne di pi\u00f9 e chiedere un&#8217;offerta con la massima discrezione!<\/p>\n<p style=\"text-align: center;\">Approfittate della nostra consulenza professionale gratuita, rapida e senza impegno. <a href=\"https:\/\/multicredit.ch\/it\/richiesta-di-credito\/\">Inviateci il nostro modulo di richiesta online in soli 2 minuti.<\/a><\/p>\n<p>[\/vc_column_text][\/vc_column][\/vc_row]<\/section>\n","protected":false},"excerpt":{"rendered":"<p>Passate in modalit\u00e0 libert\u00e0<\/p>\n","protected":false},"author":4,"featured_media":11605,"parent":12311,"menu_order":0,"comment_status":"closed","ping_status":"closed","template":"template-rachat.php","meta":{"inline_featured_image":false,"footnotes":"","_links_to":"","_links_to_target":""},"categories":[305,239],"class_list":["post-12317","page","type-page","status-publish","has-post-thumbnail","hentry","category-credito-auto","category-riacquisto-di-credito"],"_links":{"self":[{"href":"https:\/\/multicredit.ch\/it\/wp-json\/wp\/v2\/pages\/12317","targetHints":{"allow":["GET"]}}],"collection":[{"href":"https:\/\/multicredit.ch\/it\/wp-json\/wp\/v2\/pages"}],"about":[{"href":"https:\/\/multicredit.ch\/it\/wp-json\/wp\/v2\/types\/page"}],"author":[{"embeddable":true,"href":"https:\/\/multicredit.ch\/it\/wp-json\/wp\/v2\/users\/4"}],"replies":[{"embeddable":true,"href":"https:\/\/multicredit.ch\/it\/wp-json\/wp\/v2\/comments?post=12317"}],"version-history":[{"count":12,"href":"https:\/\/multicredit.ch\/it\/wp-json\/wp\/v2\/pages\/12317\/revisions"}],"predecessor-version":[{"id":17705,"href":"https:\/\/multicredit.ch\/it\/wp-json\/wp\/v2\/pages\/12317\/revisions\/17705"}],"up":[{"embeddable":true,"href":"https:\/\/multicredit.ch\/it\/wp-json\/wp\/v2\/pages\/12311"}],"wp:featuredmedia":[{"embeddable":true,"href":"https:\/\/multicredit.ch\/it\/wp-json\/wp\/v2\/media\/11605"}],"wp:attachment":[{"href":"https:\/\/multicredit.ch\/it\/wp-json\/wp\/v2\/media?parent=12317"}],"wp:term":[{"taxonomy":"category","embeddable":true,"href":"https:\/\/multicredit.ch\/it\/wp-json\/wp\/v2\/categories?post=12317"}],"curies":[{"name":"wp","href":"https:\/\/api.w.org\/{rel}","templated":true}]}}