{"id":12314,"date":"2020-03-10T09:56:11","date_gmt":"2020-03-10T09:56:11","guid":{"rendered":"https:\/\/www.multicredit.ch\/rachat-de-pret\/rachat-de-credit-en-cours\/"},"modified":"2023-03-23T11:42:07","modified_gmt":"2023-03-23T11:42:07","slug":"riacquisto-credito","status":"publish","type":"page","link":"https:\/\/multicredit.ch\/it\/credito\/riacquisto-prestito\/riacquisto-credito\/","title":{"rendered":"Riacquisto di Credito Con i Migliori Tassi in Svizzera"},"content":{"rendered":"<section class=\"wpb-content-wrapper\">\n<p>[vc_row el_class=&#8221;white-bck bigpadding&#8221;][vc_column data_aos=&#8221;fade-in&#8221;]<\/p>\n<div class=\"blocktitle title-center title-dark\" clearfix\"><H2><span class=\"ez-toc-section\" id=\"Il_riacquisto_del_credido\"><\/span>Il riacquisto del credido<\/H2><\/p>\n<h4>Una soluzione semplice che merita di essere conosciuta.<\/h4>\n<\/div>\n<p>[vc_column_text el_class=&#8221;maxwidth&#8221;]<\/p>\n<p style=\"text-align: center;\">Avete diversi prestiti in corso, state pagando troppe rate mensili, il vostro tasso di interesse \u00e8 troppo alto? L&#8217;accumulo di crediti pu\u00f2 portare a un sovraindebitamento.<\/p>\n<p style=\"text-align: center;\">MultiCredit studier\u00e0 la possibilit\u00e0 di riacquistare i vostri crediti per ottimizzare il vostro budget. Le nostre soluzioni finanziarie vi offrono flessibilit\u00e0.<\/p>\n<p style=\"text-align: center;\"><strong>Prestiti privati, carte di credito e leasing: e se vi aiutassimo a pianificare le vostre finanze con le soluzioni pi\u00f9 adatte al vostro profilo?<\/strong><\/p>\n<p>[\/vc_column_text][\/vc_column][\/vc_row][vc_row full_width=&#8221;stretch_row&#8221; content_placement=&#8221;middle&#8221; el_class=&#8221;lightgrey-bck diagonal-bottom-bck bigpadding&#8221;][vc_column width=&#8221;1\/2&#8243; data_aos=&#8221;fade-in&#8221; data_aos_delay=&#8221;250&#8243;]<\/p>\n<div class=\"blocktitle title-left title-dark\" clearfix\"><H2><span class=\"ez-toc-section\" id=\"I_vantaggi\"><\/span>I vantaggi<\/H2><\/p>\n<h4>Troppi prestiti in corso ? Spese troppo alte ? Allora risparmiate !<\/h4>\n<\/div>\n<p>[vc_column_text]Il riacquisto del credito \u00e8 una soluzione finanziaria interessante per permettere il giusto riequilibrio del budget e ottimizzare i suoi bisogni in finanziamento.<\/p>\n<ul>\n<li>Negoziamo per voi i miglior tassi.<\/li>\n<li>Il riacquisto permette di riorganizzare i vostri pagamenti quando l\u2019accumulo delle rate diventa troppo importante.<\/li>\n<li>Riduce le vostre fatture mensili, i tassi e di conseguenza le vostre finanze.<\/li>\n<\/ul>\n<p>[\/vc_column_text][vc_column_text]<strong>MultiCredit vi aiuta a scegliere le modalit\u00e0 per una gestione pi\u00f9 sana del vostro budget ed evitare il sovraindebitamento.<\/strong>[\/vc_column_text][\/vc_column][vc_column width=&#8221;1\/2&#8243; data_aos=&#8221;fade-left&#8221;][vc_single_image image=&#8221;11521&#8243; img_size=&#8221;full&#8221; alignment=&#8221;center&#8221; css_animation=&#8221;none&#8221;][\/vc_column][\/vc_row][vc_row el_class=&#8221;white-bck bigpadding&#8221;][vc_column data_aos=&#8221;fade-in&#8221;]<\/p>\n<div class=\"blocktitle title-center title-dark\" clearfix\"><H2><span class=\"ez-toc-section\" id=\"Piu_flessibilita_piu_chiarezza\"><\/span>Pi\u00f9 flessibilit\u00e0, pi\u00f9 chiarezza<\/H2><\/p>\n<h4>Il chiarimento della sua situazione finanziaria offre maggiori prestazioni.<\/h4>\n<\/div>\n<p>[vc_column_text el_class=&#8221;maxwidth&#8221;]<\/p>\n<p style=\"text-align: center;\">Sostituite i vari pagamenti mensili dei diversi istituti di credito in un unico pagamento mensile notevolmente ridotto.<\/p>\n<p style=\"text-align: center;\">Il riacquisto del credito consente di avere un solo interlocutore. Riceverete un&#8217;unica fattura mensile per tutti i vostri prestiti.<\/p>\n<p style=\"text-align: center;\"><strong>MultiCredit vi fornisce documenti chiari, leggibili e facilmente comprensibili.<\/strong><\/p>\n<p>[\/vc_column_text][\/vc_column][\/vc_row][vc_row full_width=&#8221;stretch_row&#8221; content_placement=&#8221;middle&#8221; el_class=&#8221;lightgrey-bck bigpadding comp-neg-margin-bottom checklist&#8221;][vc_column data_aos=&#8221;fade-in&#8221;]<\/p>\n<div class=\"blocktitle title-left title-dark\" clearfix\"><H2><span class=\"ez-toc-section\" id=\"Semplice_e_rapido_il_riacquisto_del_credito\"><\/span>Semplice e rapido, il riacquisto del credito<\/H2><\/p>\n<h4>inviateci la vostra richiesta, in soli 2 minuti.<\/h4>\n<\/div>\n<p>[vc_row_inner][vc_column_inner width=&#8221;1\/2&#8243;][vc_column_text]Siete interessati a riacquistare un prestito? Non esitate a richiedere un&#8217;offerta attraverso il nostro modulo online.<\/p>\n<p>Il nostro team vi contatter\u00e0 rapidamente per farvi un&#8217;offerta <strong>gratuita e non vincolante<\/strong>.<\/p>\n<p>Compilate il nostro modulo online e indicate nella voce &#8220;importo desiderato&#8221; il totale dei vostri debiti che desiderate riacquistare.[\/vc_column_text][\/vc_column_inner][vc_column_inner width=&#8221;1\/2&#8243;][vc_column_text]<\/p>\n<ul>\n<li><strong>Sicurezza e riservatezza<\/strong><\/li>\n<li><strong>Prossimit\u00e0 e responsabilit\u00e0<\/strong><\/li>\n<li><strong>Presa in carico garantita in meno di 24 ore<\/strong><\/li>\n<li><strong>Tasso di credito inferiore a quello della concorrenza<\/strong><\/li>\n<\/ul>\n<p>[\/vc_column_text][\/vc_column_inner][\/vc_row_inner][vc_raw_html css=&#8221;.vc_custom_1655189064537{margin-top: 32px !important;margin-bottom: 55px !important;}&#8221;]JTNDaW5wdXQlMjBzdHlsZSUzRCUyMm1hcmdpbiUzQSUyMGF1dG8lM0JkaXNwbGF5JTNBJTIwYmxvY2slM0J3aWR0aCUzQSUyMDQwJTI1JTNCJTIyJTIwdHlwZSUzRCUyMmJ1dHRvbiUyMiUyMGNsYXNzJTNEJTIyYnRuJTIyJTIwaWQlM0QlMjJib3V0b24tc2F2b2lyLXBsdXMlMjIlMjB2YWx1ZSUzRCUyMkxlZ2dpJTIwZGklMjBwaSVDMyVCOSUyMiUzRSUwQSUzQ2RpdiUyMGlkJTNEJTIycGFyYWdyYXBoZS1jYWNoZSUyMiUyMHN0eWxlJTNEJTIyZGlzcGxheSUzQW5vbmUlM0J0ZXh0LWFsaWduJTNBanVzdGlmeSUzQiUyMiUzRSUwQSUzQ2gyJTIwY2xhc3MlM0QlMjJ0aXRsZS1sZWZ0JTIyJTNFU2NvcHJpdGUlMjB0dXR0byUyMHF1ZWxsbyUyMGNoZSUyMGMlRTIlODAlOTklQzMlQTglMjBkYSUyMHNhcGVyZSUyMHN1bCUyMHJpZmluYW56aWFtZW50byUyMGRlbCUyMHZvc3RybyUyMGF0dHVhbGUlMjBwcmVzdGl0byUyMSUzQyUyRmgyJTNFJTBBTXVsdGljcmVkaXQuY2glMjB2aSUyMGd1aWRhJTIwc3UlMjBjaSVDMyVCMiUyMGElMjBjdWklMjBiaXNvZ25hJTIwcHJlc3RhcmUlMjBhdHRlbnppb25lJTIwcXVhbmRvJTIwc2klMjBlc3Rpbmd1ZSUyMHVuJTIwcHJlc3RpdG8lMjBpbiUyMHZpc3RhJTIwZGklMjB1biUyMGNhbWJpbyUyMGRpJTIwZmluYW56aWF0b3JlLiUyME5vbiUyMCVDMyVBOCUyMG1haSUyMHVuYSUyMGJ1b25hJTIwaWRlYSUyMGNvbnRyYXJyZSUyMHVuJTIwbnVvdm8lMjBkZWJpdG8lMjBwZXIlMjBjb3ByaXJlJTIwbGUlMjByYXRlJTIwcmVnb2xhcmklMjBkZWklMjB2b3N0cmklMjBwcmVzdGl0aSUyMGVzaXN0ZW50aS4lMjBOb24lMjBmYXJldGUlMjBhbHRybyUyMGNoZSUyMGF1bWVudGFyZSUyMGlsJTIwY2FyaWNvJTIwZmluYW56aWFyaW8lMjBpbnZlY2UlMjBkaSUyMGFsbGVnZ2VyaXJsby4lMjBTb3N0aXR1aXJlJTIwaWwlMjBwcmVzdGl0byUyMGVzaXN0ZW50ZSUyMGNvbiUyMHVuJTIwcHJlc3RpdG8lMjBvbmxpbmUlMjBwaSVDMyVCOSUyMGNvbnZlbmllbnRlJTJDJTIwaW4lMjBhbGN1bmklMjBjYXNpJTJDJTIwcHUlQzMlQjIlMjBlc3NlcmUlMjBjb252ZW5pZW50ZS4lMjBRdWFuZG8lMjByaWZpbmFuemlhdGUlMjB1biUyMHByZXN0aXRvJTJDJTIwc29zdGl0dWl0ZSUyMGNvbXBsZXRhbWVudGUlMjBpbCUyMHZvc3RybyUyMHByZXN0aXRvJTIwZXNpc3RlbnRlJTIwY29uJTIwdW4lMjdhbHRlcm5hdGl2YSUyMHBpJUMzJUI5JTIwZWNvbm9taWNhLiUwQSUwQSUzQ2gyJTIwY2xhc3MlM0QlMjJ0aXRsZS1sZWZ0JTIyJTNFUXVhbnRvJTIwY29zdGElMjBkaXNkaXJlJTIwdW4lMjBwcmVzdGl0byUzRiUzQyUyRmgyJTNFJTBBQ29uZm9ybWVtZW50ZSUyMGFsbGElMjBsZWdnZSUyMHN2aXp6ZXJhJTIwc3VsJTIwY3JlZGl0byUyMGFsJTIwY29uc3VtbyUyMGklMjBjcmVkaXRvcmklMjBub24lMjBwb3Nzb25vJTIwYWRkZWJpdGFyZSUyMHVuYSUyMHBlbmFsZSUyMHNlJTIwZGlzZGljaSUyMHVuJTIwcHJlc3RpdG8lMjBwcmltYSUyMGRlbGxhJTIwc2NhZGVuemEuJTIwUHVvaSUyMHJpbWJvcnNhcmUlMjB1biUyMHByZXN0aXRvJTIwaW4lMjBxdWFsc2lhc2klMjBtb21lbnRvJTJDJTIwc2VuemElMjBkb3ZlciUyMHBhZ2FyZSUyMHBlbmFsaSUyMHBlciUyMGNvcHJpcmUlMjBsJTI3YW1tYW5jbyUyMGRlbCUyMHByZXN0YXRvcmUlMjBzdWklMjBmdXR1cmklMjBwYWdhbWVudGklMjBkZWdsaSUyMGludGVyZXNzaS4lMjBJbiUyMGVmZmV0dGklMkMlMjB0dXR0aSUyMGklMjBmaW5hbnppYXRvcmklMjBzdml6emVyaSUyMGFjY2V0dGFubyUyMGlsJTIwcmlhY3F1aXN0byUyMGRlaSUyMHByZXN0aXRpLiUyMEFsY3VuaSUyQyUyMGNvbWUlMjBsYSUyMEJhbmNhJTIwTWlncm9zJTJDJTIwcGVyJTIwZXNlbXBpbyUyQyUyMGVzaWdlJTIwcGVyZmlubyUyMGNoZSUyMHZlbmdhbm8lMjB0cmFzZmVyaXRpJTIwYXV0b21hdGljYW1lbnRlJTIwaSUyMGNyZWRpdGklMjBlc2lzdGVudGklMjBkYSUyMGFsdHJpJTIwcHJlc3RhdG9yaSUyMHF1YW5kbyUyMHNpJTIwZmElMjByaWNoaWVzdGElMjBkaSUyMHByZXN0aXRvLiUyMEluJTIwY2FzbyUyMGRpJTIwcmlmaW5hbnppYW1lbnRvJTJDJTIwaSUyMG51b3ZpJTIwY3JlZGl0b3JpJTIwZGklMjBzb2xpdG8lMjByaWNoaWVkb25vJTIwdW5hJTIwZGljaGlhcmF6aW9uZSUyMGZpbmFsZSUyMGRhbGwlMjd1bHRpbW8lMjBmaW5hbnppYXRvcmUuJTIwU2ZvcnR1bmF0YW1lbnRlJTJDJTIwaW4lMjBhbGN1bmUlMjBiYW5jaGUlMkMlMjBjaSUyMHNvbm8lMjBkZWklMjBjb3N0aSUyMGFzc29jaWF0aS4lMjBQZXIlMjBlc2VtcGlvJTJDJTIwQ2VtYnJhJTIwTW9uZXklMjBCYW5rJTIwYWRkZWJpdGElMjB1bmElMjB0YXNzYSUyMGRpJTIwMTUwJTIwQ0hGJTIwcGVyJTIwdW4lMjBlc3RyYXR0byUyMGNvbnRvJTIwZmluYWxlJTIwZGVsJTIwcHJlc3RpdG8uJTIwQmFuay1ub3clMkMlMjBpbnZlY2UlMkMlMjBmYSUyMHBhZ2FyZSUyMHVuYSUyMHRhc3NhJTIwcGVyJTIwaWwlMjBjb250ZWdnaW8lMjBmaW5hbGUlMkMlMjBjaGUlMjB2YXJpYSUyMGElMjBzZWNvbmRhJTIwZGVsJTIwcHJlc3RpdG8lMjAlMjhtYXNzaW1vJTIwMjAwJTIwQ0hGJTI5LiUwQSUwQSUzQ2gyJTIwY2xhc3MlM0QlMjJ0aXRsZS1sZWZ0JTIyJTNFUmlmaW5hbnppYW1lbnRvJTIwZGVsJTIwcHJlc3RpdG8lMjAlM0ElMjB2YWxlJTIwbGElMjBwZW5hJTIwJTNGJTNDJTJGaDIlM0UlMEFMJTI3aW50ZXJlc3NlJTIwYWQlMjB1biUyMHJpZmluYW56aWFtZW50byUyMGRlbCUyMHByZXN0aXRvJTIwZGlwZW5kZSUyMGRhaSUyMHRhc3NpJTIwZGklMjBpbnRlcmVzc2UlMjBkZWwlMjBjcmVkaXRvJTIwZXNpc3RlbnRlJTIwcmlzcGV0dG8lMjBhbCUyMG51b3ZvLiUyMFBvaWNoJUMzJUE5JTIwbGUlMjBzcGVzZSUyMGRlZ2xpJTIwaW50ZXJlc3NpJTIwYXVtZW50YW5vJTIwcXVhbmRvJTIwaWwlMjB0YXNzbyUyMGRpJTIwaW50ZXJlc3NlJTIwYW5udWFsZSUyMGVmZmV0dGl2byUyMGF1bWVudGElMkMlMjBwZXIlMjBxdWVzdG8lMjBkb3ZyZWJiZSUyMGVzc2VyZSUyMGFsbG9yYSUyMHByZXNhJTIwaW4lMjBjb25zaWRlcmF6aW9uZSUyMHVuJTI3aXN0aXR1emlvbmUlMjBmaW5hbnppYXJpYSUyMGNvbiUyMHVuJTIwdGFzc28lMjBkaSUyMGludGVyZXNzZSUyMGFubnVhbGUlMjBwaSVDMyVCOSUyMGJhc3NvJTIwZSUyMHF1aW5kaSUyMHNvc3RpdHVpcmUlMjBpbCUyMHByZXN0aXRvLiUyMFNlJTIwaWwlMjBudW92byUyMGNyZWRpdG8lMjAlQzMlQTglMjBzaWduaWZpY2F0aXZhbWVudGUlMjBwaSVDMyVCOSUyMGVjb25vbWljbyUyQyUyMGlsJTIwcmlmaW5hbnppYW1lbnRvJTIwZGVsJTIwcHJlc3RpdG8uJTIwQWxsb3JhJTJDJTIwJUMzJUE4JTIwY2VydGFtZW50ZSUyMHZhbnRhZ2dpb3NvLiUyMFBvdGV0ZSUyMGZhY2lsbWVudGUlMjBjb25mcm9udGFyZSUyMGklMjBjb3N0aSUyMGNvbnRhdHRhbmRvJTIwaSUyMG5vc3RyaSUyMGVzcGVydGklMjBwZXIlMjB1biUyN29mZmVydGElMjBzZW56YSUyMGltcGVnbm8uJTIwSWwlMjBzZWd1ZW50ZSUyMGVzZW1waW8lMjBwdSVDMyVCMiUyMGlsbHVzdHJhcnZpJTIwaWwlMjBjYWxjb2xvJTIwZGVsJTIwcmlmaW5hbnppYW1lbnRvJTNBJTIwaW1tYWdpbmF0ZSUyMGRpJTIwYXZlciUyMHByZXNvJTIwdW4lMjBwcmVzdGl0byUyMHBlcnNvbmFsZSUyMGRpJTIwNTAuMDAwJTIwZnJhbmNoaSUyMHN2aXp6ZXJpJTIwY29uJTIwdW5hJTIwZHVyYXRhJTIwZGklMjA4NCUyMG1lc2klMjBlJTIwdW4lMjB0YXNzbyUyMGQlMjdpbnRlcmVzc2UlMjBkZWwlMjA5JTJDOSUyNSUyQyUyMGlsJTIwY2hlJTIwcG9ydGElMjBhJTIwdW4lMjBjb3N0byUyMHRvdGFsZSUyMGQlMjdpbnRlcmVzc2UlMjBkaSUyMDE4LjU5NiUyMGZyYW5jaGkuJTIwRG9wbyUyMHVuJTIwYW5ubyUyQyUyMGRlY2lkZSUyMGRpJTIwcmlmaW5hbnppYXJlJTIwaWwlMjBwcmVzdGl0byUyMGNvbiUyMHVubyUyMG51b3ZvLiUyMFZpJTIwdmllbmUlMjBwcm9wb3N0byUyMHVuJTIwbnVvdm8lMjB0YXNzbyUyMGQlMjdpbnRlcmVzc2UlMjBkZWwlMjA1JTJDOSUyNSUyQyUyMGNvbiUyMHVuJTIwY29uc2VndWVudGUlMjBjb3N0byUyMHRvdGFsZSUyMGRlZ2xpJTIwaW50ZXJlc3NpJTIwcGVyJTIwaSUyMHJlc3RhbnRpJTIwNzIlMjBtZXNpJTIwZGklMjA5LjIzMiUyMGZyYW5jaGklMjBzdml6emVyaS5RdWVzdG8lMjBjYW1iaWFtZW50byUyMHZpJTIwZmFyJUMzJUEwJTIwcmlzcGFybWlhcmUlMjBjaXJjYSUyMDYuMDAwJTIwZnJhbmNoaSUyMGRpJTIwaW50ZXJlc3NpJTIwZmlubyUyMGFsbGElMjBjb21wbGV0YSUyMGVzdGluemlvbmUlMjBkZWwlMjBwcmVzdGl0by4lMjBEYSUyMHF1ZXN0byUyMGltcG9ydG8lMkMlMjBkb3ZldGUlMjBwZXIlQzMlQjIlMjBkZXRyYXJyZSUyMGwlRTIlODAlOTlldmVudHVhbGUlMjBzcGVzYSUyMGFkZGViaXRhdGElMjBkYWwlMjB2ZWNjaGlvJTIwaXN0aXR1dG8lMjBkaSUyMGNyZWRpdG8lMjBwZXIlMjB1biUyMHJlbmRpY29udG8lMjBmaW5hbGUuJTIwU2UlMjBxdWVzdGklMjBjb3N0aSUyMGFtbW9udGFubyUyMGElMjAxNTAlMjBmcmFuY2hpJTJDJTIwcGVyJTIwZXNlbXBpbyUyQyUyMHJpc3Bhcm1pZXJldGUlMjB1biUyMHRvdGFsZSUyMGRpJTIwY2lyY2ElMjA1Ljg1MCUyMGZyYW5jaGkuJTIwRGF0byUyMGNoZSUyMGlsJTIwY29zdG8lMjBkZWwlMjB0YXNzbyUyMGQlMjdpbnRlcmVzc2UlMjBhbGwlMjdpbml6aW8lMjBkZWwlMjBwZXJpb2RvJTIwZGklMjBwcmVzdGl0byUyMCVDMyVBOCUyMHBpJUMzJUI5JTIwYWx0byUyMGUlMjBkaW1pbnVpc2NlJTIwbmVsJTIwdGVtcG8lMkMlMjBNdWx0aUNyZWRpdCUyMGNvbnNpZ2xpYSUyMGFpJTIwc3VvaSUyMGNsaWVudGklMjBkaSUyMGNvbnNpZGVyYXJlJTIwdW4lMjByaWZpbmFuemlhbWVudG8lMjBkZWwlMjBjcmVkaXRvJTIwbmVpJTIwcHJpbWklMjBhbm5pJTIwZGVsJTIwcGVyaW9kbyUyMGRpJTIwcHJlc3RpdG8lMkMlMjBpbiUyMHF1ZXN0byUyMG1vZG8lMjBpbiUyMGVmZmV0dGklMjBwb3J0ZXIlQzMlQTAlMjBhJTIwdW4lMjBtYWdnaW9yZSUyMHJpc3Bhcm1pby4lMEElMEElMEElM0NoMiUyMGNsYXNzJTNEJTIydGl0bGUtbGVmdCUyMiUzRVB1cnRyb3BwbyUyQyUyMGlsJTIwcmlmaW5hbnppYW1lbnRvJTIwbm9uJTIwJUMzJUE4JTIwc2VtcHJlJTIwcG9zc2liaWxlJTIwJTIxJTNDJTJGaDIlM0UlMEFQdSVDMyVCMiUyMGVzc2VyZSUyMGFiYmFzdGFuemElMjBmYWNpbGUlMjB0cm92YXJlJTIwdW4lMjBwcmVzdGl0byUyMGNoZSUyMGNvc3RpJTIwbWVubyUyMGRlbCUyMHR1byUyMGF0dHVhbGUlMkMlMjBtYSUyMGlsJTIwcmlmaW5hbnppYW1lbnRvJTIwY29uJTIwcHJlc3RpdGklMjBwaSVDMyVCOSUyMGNvbnZlbmllbnRpJTIwbm9uJTIwJUMzJUE4JTIwc2VtcHJlJTIwcG9zc2liaWxlLiUyMFF1ZXN0byUyMHBlcmNoJUMzJUE5JTIwaSUyMHByZXN0YXRvcmklMjBwaSVDMyVCOSUyMGVjb25vbWljaSUyMCUyOGZvcm5pdG9yaSUyMGRpJTIwcHJlc3RpdGklMjBhJTIwYmFzc28lMjBjb3N0byUyOSUyMHNwZXNzbyUyMGZpc3Nhbm8lMjBkZWklMjByZXF1aXNpdGklMjBlbGV2YXRpJTIwcGVyJTIwY29uY2VkZXJlJTIwbGUlMjByaWNoaWVzdGUlMjBkaSUyMHByZXN0aXRvLiUyMCVDMyU4OCUyMHF1aW5kaSUyMGltcG9ydGFudGUlMjBjaGUlMjB0dSUyMG90dGVuZ2ElMjBsYSUyMGNvbmZlcm1hJTIwZGklMjB1bmElMjBzb3N0aXR1emlvbmUlMjBkZWwlMjBwcmVzdGl0byUyMGRhbCUyMG51b3ZvJTIwcHJlc3RhdG9yZSUyMHByaW1hJTIwZGklMjBjYW5jZWxsYXJlJTIwaWwlMjB0dW8lMjBwcmVzdGl0byUyMGNvbiUyMGxhJTIwdmVjY2hpYSUyMGJhbmNhJTJDJTIwaWwlMjBjaGUlMjB0aSUyMGV2aXRlciVDMyVBMCUyMGRpJTIwcmltYW5lcmUlMjBibG9jY2F0byUyMHNlJTIwaWwlMjBudW92byUyMHByZXN0YXRvcmUlMjBmaW5pc2NlJTIwcGVyJTIwcmlmaXV0YXJ0aSUyMHNlJTIwbm9uJTIwc29kZGlzZmklMjBpJTIwbG9ybyUyMGNyaXRlcmkuJTBBJTBBJTNDaDIlMjBjbGFzcyUzRCUyMnRpdGxlLWxlZnQlMjIlM0VBdW1lbnRhcmUlMjBsJUUyJTgwJTk5aW1wb3J0byUyMG8lMjBsYSUyMGR1cmF0YSUyMGRpJTIwdW4lMjBwcmVzdGl0byUzQyUyRmgyJTNFJTBBU2UlMjBhdmV0ZSUyMGJpc29nbm8lMjBkaSUyMHVuYSUyMHNvbW1hJTIwcGklQzMlQjklMjBncmFuZGUlMjByaXNwZXR0byUyMGFsbCUyN2FtbW9udGFyZSUyMGRlbCUyMHZvc3RybyUyMGF0dHVhbGUlMjBwcmVzdGl0byUyQyUyMCVDMyVBOCUyMHBvc3NpYmlsZSUyMHJpZmluYW56aWFybG8lMjBjb24lMjB1bm8lMjBwaSVDMyVCOSUyMGdyYW5kZS4lMjBTaSUyMHB1JUMzJUIyJTIwYW5jaGUlMjBzb2xvJTIwcHJvbHVuZ2FyZSUyMGlsJTIwcGVyaW9kbyUyMGRpJTIwYW1tb3J0YW1lbnRvJTJDJTIwbWFudGVuZW5kbyUyMGxvJTIwc3Rlc3NvJTIwaW1wb3J0by4lMjBOYXR1cmFsbWVudGUlMjBxdWVzdG8lMjBwdSVDMyVCMiUyMGFpdXRhcmUlMjBhZCUyMGFsbGV2aWFyZSUyMGxvJTIwc3RyZXNzJTIwZmluYW56aWFyaW8lMkMlMjBtYSUyMGFsbG8lMjBzdGVzc28lMjB0ZW1wbyUyMGJpc29nbmElMjBzYXBlcmUlMjBjaGUlMjBwaSVDMyVCOSUyMGx1bmdhJTIwJUMzJUE4JTIwbGElMjBkdXJhdGElMjBkZWwlMjBwcmVzdGl0byUyQyUyMHBpJUMzJUI5JTIwYWx0byUyMCVDMyVBOCUyMGlsJTIwY29zdG8lMjB0b3RhbGUlMjBkZWwlMjBwcmVzdGl0by4lMEElMEElM0NoMiUyMGNsYXNzJTNEJTIydGl0bGUtbGVmdCUyMiUzRVF1YWxpJTIwdGFwcGUlMjBiaXNvZ25hJTIwc2VndWlyZSUyMHBlciUyMHJpZmluYW56aWFyZSUyMHVuJTIwcHJlc3RpdG8lMjBpbiUyMFN2aXp6ZXJhJTNGJTNDJTJGaDIlM0UlMEExLiUyMFBlciUyMHByaW1hJTIwY29zYSUyMGJpc29nbmElMjBjb25mcm9udGFyZSUyMGNvbiUyMGFsdHJlJTIwb2ZmZXJ0ZSUyMGklMjBjb3N0aSUyMGRlaSUyMHRhc3NpJTIwZCUyN2ludGVyZXNzZSUyMHBlciUyMGlsJTIwcGVyaW9kbyUyMHJlc3RhbnRlLSUzRSUyMHF1ZXN0ZSUyMGluZm9ybWF6aW9uaSUyMHNhcmFubm8lMjBmb3JuaXRlJTIwZGFpJTIwbm9zdHJpJTIwZXNwZXJ0aSUyMGluJTIwdW4lMjdvZmZlcnRhJTIwZGV0dGFnbGlhdGElMjBlJTIwc2VuemElMjBpbXBlZ25vLiUyMEklMjBub3N0cmklMjBjb25zdWxlbnRpJTIwY2FsY29sZXJhbm5vJTIwYW5jaGUlMjBpbCUyMHBvdGVuemlhbGUlMjBkaSUyMHJpc3Bhcm1pbyUyMGRlbCUyMHJpZmluYW56aWFtZW50byUyQyUyMGluJTIwbW9kbyUyMGNoZSUyMHBvc3NpYXRlJTIwcHJlbmRlcmUlMjB1bmElMjBkZWNpc2lvbmUlMjBmYWNpbG1lbnRlLiUwQTIuJTIwSWwlMjB2b3N0cm8lMjBhdHR1YWxlJTIwY3JlZGl0b3JlJTIwcG90cmViYmUlMjBhZGRlYml0YXJ2aSUyMGRlbGxlJTIwc3Blc2UlMjBwZXIlMjBsYSUyMHJpY2hpZXN0YSUyMGRlbCUyMHNhbGRvJTIwZmluYWxlJTIwZGVsJTIwcHJlc3RpdG8lMjAtJTNFJTIwR2xpJTIwZXNwZXJ0aSUyMGRpJTIwTXVsdGlDcmVkaXQlMjB2aSUyMGRhcmFubm8lMjBxdWVzdG8lMjBpbXBvcnRvJTJDJTIwcXVpbmRpJTIwbm9uJTIwc2FyJUMzJUEwJTIwbmVjZXNzYXJpbyUyMGNlcmNhcmUlMjBxdWVzdGUlMjBpbmZvcm1hemlvbmkuJTIwJTBBMy4lMjBDb25mZXJtYXRlJTIwbGElMjBudW92YSUyMG9mZmVydGElMjB2YW50YWdnaW9zYSUyMHBlciUyMGlsJTIwcmlmaW5hbnppYW1lbnRvJTIwZGVsJTIwbnVvdm8lMjBwcmVzdGl0JTBBNC4lMjBBbm51bGxhbWVudG8lMjBkZWwlMjB2b3N0cm8lMjBwcmVzdGl0byUyMGF0dHVhbGUlMjAtJTNFJTIwTXVsdGlDcmVkaXQlMjBzaSUyMG9jY3VwYSUyMGRpJTIwdHV0dGUlMjBxdWVzdGUlMjBwcmF0aWNoZSUyMGFtbWluaXN0cmF0aXZlJTIwcGVyJTIwdm9pLiUyME5vbiUyMGRvdnJldGUlMjBwZW5zYXJlJTIwYSUyMG51bGxhLiUwQSUzQyUyRmRpdiUzRQ==[\/vc_raw_html][\/vc_column][\/vc_row]<\/p>\n<\/section>\n","protected":false},"excerpt":{"rendered":"<p>Per risparmiare: riacquistate!<\/p>\n","protected":false},"author":4,"featured_media":11599,"parent":12311,"menu_order":0,"comment_status":"closed","ping_status":"closed","template":"template-rachat.php","meta":{"inline_featured_image":false,"footnotes":"","_links_to":"","_links_to_target":""},"categories":[239],"class_list":["post-12314","page","type-page","status-publish","has-post-thumbnail","hentry","category-riacquisto-di-credito"],"_links":{"self":[{"href":"https:\/\/multicredit.ch\/it\/wp-json\/wp\/v2\/pages\/12314","targetHints":{"allow":["GET"]}}],"collection":[{"href":"https:\/\/multicredit.ch\/it\/wp-json\/wp\/v2\/pages"}],"about":[{"href":"https:\/\/multicredit.ch\/it\/wp-json\/wp\/v2\/types\/page"}],"author":[{"embeddable":true,"href":"https:\/\/multicredit.ch\/it\/wp-json\/wp\/v2\/users\/4"}],"replies":[{"embeddable":true,"href":"https:\/\/multicredit.ch\/it\/wp-json\/wp\/v2\/comments?post=12314"}],"version-history":[{"count":20,"href":"https:\/\/multicredit.ch\/it\/wp-json\/wp\/v2\/pages\/12314\/revisions"}],"predecessor-version":[{"id":24740,"href":"https:\/\/multicredit.ch\/it\/wp-json\/wp\/v2\/pages\/12314\/revisions\/24740"}],"up":[{"embeddable":true,"href":"https:\/\/multicredit.ch\/it\/wp-json\/wp\/v2\/pages\/12311"}],"wp:featuredmedia":[{"embeddable":true,"href":"https:\/\/multicredit.ch\/it\/wp-json\/wp\/v2\/media\/11599"}],"wp:attachment":[{"href":"https:\/\/multicredit.ch\/it\/wp-json\/wp\/v2\/media?parent=12314"}],"wp:term":[{"taxonomy":"category","embeddable":true,"href":"https:\/\/multicredit.ch\/it\/wp-json\/wp\/v2\/categories?post=12314"}],"curies":[{"name":"wp","href":"https:\/\/api.w.org\/{rel}","templated":true}]}}