{"id":12266,"date":"2020-03-24T08:14:50","date_gmt":"2020-03-24T08:14:50","guid":{"rendered":"https:\/\/www.multicredit.ch\/calculateur-de-budget\/"},"modified":"2020-05-25T12:55:47","modified_gmt":"2020-05-25T12:55:47","slug":"calcolatore-di-bilancio","status":"publish","type":"page","link":"https:\/\/multicredit.ch\/it\/calcolatore-di-bilancio\/","title":{"rendered":"Calcolatore di bilancio"},"content":{"rendered":"<section class=\"wpb-content-wrapper\">[vc_row full_width=&#8221;stretch_row&#8221; el_class=&#8221;gradient-bck bigpadding&#8221;][vc_column]<\/p>\n<div class=\"blocktitle title-center title-light\" clearfix\"><H2><span class=\"ez-toc-section\" id=\"Testimonianze\"><\/span>Testimonianze<\/H2><\/p>\n<h4>Ci parlano dei loro piani<\/h4>\n<\/div>\n<p>[\/vc_column][\/vc_row][vc_row full_width=&#8221;stretch_row&#8221; el_class=&#8221;light-grey-bck bigpadding&#8221;][vc_column width=&#8221;1\/2&#8243; data_aos=&#8221;fade-in&#8221; data_aos_delay=&#8221;250&#8243;][vc_column_text]<\/p>\n<h2><span class=\"ez-toc-section\" id=\"La_testimonianza_di_Maria_e_Giovanni_un_prestito_rapido_e_facile_da_rinnovare\"><\/span>La testimonianza di Maria e Giovanni, un prestito rapido e facile da rinnovare<span class=\"ez-toc-section-end\"><\/span><\/h2>\n<p>Giovani proprietari in pensione di una casa con giardino, Marie e Jean volevano poter disporre il loro terreno per aggiungere una piscina, pensando in particolare alle frequenti visite dei loro nipoti.<\/p>\n<h3><span class=\"ez-toc-section\" id=\"Il_loro_progetto\"><\/span>Il loro progetto<span class=\"ez-toc-section-end\"><\/span><\/h3>\n<p>Marie e Jean non conoscono il costo esatto dell&#8217;opera, ma la stimano a 20&#8217;000 Chf e desiderano avviarla senza indugio. Si rivolgono quindi a MultiCredit per ottenere <strong>un credito rotativo rapido<\/strong> e facilmente adattabile alle loro esigenze.<\/p>\n<h3><span class=\"ez-toc-section\" id=\"La_richiesta_di_prestito_rotativo\"><\/span>La richiesta di prestito rotativo<span class=\"ez-toc-section-end\"><\/span><\/h3>\n<p>Per ottenere un&#8217;offerta gratuita e non vincolante, una coppia di pensionati deve fornire come documenti solo una copia dei propri documenti d&#8217;identit\u00e0, una copia della polizza LAMal (assicurazione malattia di base) e una copia delle proprie decisioni previdenziali. Poich\u00e9 Marie e Jean preferiscono usare il telefono, hanno potuto fare la loro richiesta molto semplicemente contattando la nostra agenzia e inviandoci una copia dei loro documenti per posta.<\/p>\n<h3><span class=\"ez-toc-section\" id=\"La_nostra_offerta\"><\/span>La nostra offerta<span class=\"ez-toc-section-end\"><\/span><\/h3>\n<p>Una volta ricevuti i documenti, il nostro team ha proposto rapidamente una soluzione di prestito di 25.000 euro in 60 mesi. Con un tasso del 6,9%, si tratta di un pagamento mensile fisso di soli 595 euro, che include il rimborso del prestito e il pagamento degli interessi. Una volta ricevuto e firmato il contratto, Maria e Giovanni hanno potuto ricevere il loro denaro direttamente sul loro conto bancario entro 14 giorni.[\/vc_column_text][\/vc_column][vc_column width=&#8221;1\/2&#8243; data_aos=&#8221;fade-left&#8221; el_class=&#8221;sticky&#8221;][vc_single_image image=&#8221;11516&#8243; img_size=&#8221;full&#8221; alignment=&#8221;center&#8221;][\/vc_column][\/vc_row][vc_row full_width=&#8221;stretch_row&#8221; el_class=&#8221;white-bck bigpadding&#8221;][vc_column width=&#8221;1\/2&#8243; data_aos=&#8221;fade-right&#8221; el_class=&#8221;sticky&#8221;][vc_single_image image=&#8221;11511&#8243; img_size=&#8221;full&#8221; alignment=&#8221;center&#8221;][\/vc_column][vc_column width=&#8221;1\/2&#8243; data_aos=&#8221;fade-in&#8221; data_aos_delay=&#8221;250&#8243;][vc_column_text]<\/p>\n<h2><span class=\"ez-toc-section\" id=\"La_testimonianza_di_Lucie_e_Antoine_su_una_riserva_di_5000_%E2%80%93\"><\/span>La testimonianza di Lucie e Antoine, su una riserva di 5.000. &#8211;<span class=\"ez-toc-section-end\"><\/span><\/h2>\n<p>Antoine lavora come infermiera a Ginevra, mentre Lucie si prende cura della loro unica figlia di 3 anni. A causa di diverse spese legate all&#8217;arredamento del loro soggiorno, la coppia ha bisogno di <strong>una riserva finanziaria di circa 5&#8217;000 Chf<\/strong>.<\/p>\n<h3><span class=\"ez-toc-section\" id=\"La_domanda_di_credito\"><\/span>La domanda di credito<span class=\"ez-toc-section-end\"><\/span><\/h3>\n<p>Per richiedere il loro prestito, Lucie e Antoine hanno contattato direttamente MultiCredit per telefono. Hanno optato per un piano di rimborso di 24 mesi, che lascia loro un comodo margine di budget per affrontare l&#8217;imprevisto.<\/p>\n<h3><span class=\"ez-toc-section\" id=\"La_nostra_proposta\"><\/span>La nostra proposta<span class=\"ez-toc-section-end\"><\/span><\/h3>\n<p>Dopo aver studiato il dossier e i documenti inviati, il nostro team ha potuto negoziare con i nostri partner un&#8217;offerta di prestito fino a 10&#8217;000 Chf su 24 mesi, con un tasso del 6,9%. Non avendo bisogno di una tale riserva di denaro, la coppia ha scelto un prestito di 8&#8217;000 Chf, per un costo mensile di 357 Chf.<\/p>\n<h3><span class=\"ez-toc-section\" id=\"Utilizzo_della_riserva_finanziaria\"><\/span>Utilizzo della riserva finanziaria<span class=\"ez-toc-section-end\"><\/span><\/h3>\n<p>Una volta versato il denaro del prestito, Lucie e Antoine sono liberi di utilizzare l&#8217;importo ottenuto secondo le loro esigenze e i loro desideri. Con questa riserva di denaro, Antoine ha potuto pagare le ultime bollette relative all&#8217;arredamento del loro soggiorno, comprare un nuovo letto per la figlia e una nuova bicicletta per s\u00e9 e la moglie.[\/vc_column_text][\/vc_column][\/vc_row][vc_row full_width=&#8221;stretch_row&#8221; el_class=&#8221;light-grey-bck bigpadding&#8221;][vc_column width=&#8221;1\/2&#8243; data_aos=&#8221;fade-in&#8221; data_aos_delay=&#8221;250&#8243;][vc_column_text]<\/p>\n<h2><span class=\"ez-toc-section\" id=\"La_testimonianza_di_Hanelore_e_Kevin_comprare_un_kayak_con_un_prestito_privato\"><\/span>La testimonianza di Hanelore e Kevin: comprare un kayak con un prestito privato<span class=\"ez-toc-section-end\"><\/span><\/h2>\n<p>Hanelore \u00e8 un parrucchiere e Kevin \u00e8 un veterinario. Vivono insieme da due anni ormai. Per provare nuove avventure, la coppia ha deciso di acquistare due kayak e ha cercato la soluzione di un prestito privato per finanziare questo progetto.<\/p>\n<h3><span class=\"ez-toc-section\" id=\"Il_progetto_la_scelta_del_modello_di_kayak\"><\/span>Il progetto: la scelta del modello di kayak<span class=\"ez-toc-section-end\"><\/span><\/h3>\n<p>Mentre \u00e8 possibile acquistare kayak gonfiabili a prezzi intorno ai 500 Chf, la coppia ha preferito scegliere la qualit\u00e0. Alla fine, hanno optato:<\/p>\n<ul>\n<li>Due kayak per il tempo libero, monoposto, a 1680 ciascuno<\/li>\n<li>Un rimorchio per il trasporto di kayak del valore di 2&#8217;200.-<\/li>\n<li>Il costo totale \u00e8 di<strong> 4&#8217;580.-<\/strong><\/li>\n<\/ul>\n<h3><span class=\"ez-toc-section\" id=\"A_quale_nome_devo_richiedere_il_prestito\"><\/span>A quale nome devo richiedere il prestito?<span class=\"ez-toc-section-end\"><\/span><\/h3>\n<p>Poich\u00e9 Hanelore e Kevin non erano sposati, non hanno avuto la possibilit\u00e0 di presentare una domanda &#8220;congiunta&#8221; che tenesse conto del loro reddito combinato. Dato che Kevin, medico di professione e impiegato in una clinica, guadagna pi\u00f9 di Hanelore, hanno deciso di chiedere il prestito a suo nome. Dato che vivono in una casa, \u00e8 stato possibile ottimizzare il budget considerando che Kevin paga &#8220;solo&#8221; la met\u00e0 dell&#8217;affitto.<\/p>\n<h3><span class=\"ez-toc-section\" id=\"Lofferta\"><\/span>L&#8217;offerta<span class=\"ez-toc-section-end\"><\/span><\/h3>\n<p>Essendo Kevin in una buona situazione, il nostro team \u00e8 stato in grado di offrire loro un prestito di 5&#8217;000 Chf per 12 mesi. Con un breve periodo di rimborso, il pagamento mensile \u00e8 un po&#8217; pi\u00f9 alto, ma il totale degli interessi \u00e8 molto vantaggioso. Infatti, con un tasso del 6,9%, la coppia dovr\u00e0 pagare <strong>solo 183 Chf di interessi in totale!<\/strong> Con i soldi ottenuti, la coppia \u00e8 stata in grado di finanziare senza difficolt\u00e0 l&#8217;acquisto di un kayak ciascuno.[\/vc_column_text][\/vc_column][vc_column width=&#8221;1\/2&#8243; data_aos=&#8221;fade-left&#8221; el_class=&#8221;sticky&#8221;][vc_single_image image=&#8221;12121&#8243; img_size=&#8221;full&#8221; alignment=&#8221;center&#8221;][\/vc_column][\/vc_row]<\/section>\n","protected":false},"excerpt":{"rendered":"<p>Mettete in conto facilmente il vostro credito<\/p>\n","protected":false},"author":4,"featured_media":11658,"parent":0,"menu_order":-2,"comment_status":"closed","ping_status":"closed","template":"template-budget-calculator.php","meta":{"inline_featured_image":false,"footnotes":"","_links_to":"","_links_to_target":""},"categories":[],"class_list":["post-12266","page","type-page","status-publish","has-post-thumbnail","hentry"],"_links":{"self":[{"href":"https:\/\/multicredit.ch\/it\/wp-json\/wp\/v2\/pages\/12266","targetHints":{"allow":["GET"]}}],"collection":[{"href":"https:\/\/multicredit.ch\/it\/wp-json\/wp\/v2\/pages"}],"about":[{"href":"https:\/\/multicredit.ch\/it\/wp-json\/wp\/v2\/types\/page"}],"author":[{"embeddable":true,"href":"https:\/\/multicredit.ch\/it\/wp-json\/wp\/v2\/users\/4"}],"replies":[{"embeddable":true,"href":"https:\/\/multicredit.ch\/it\/wp-json\/wp\/v2\/comments?post=12266"}],"version-history":[{"count":6,"href":"https:\/\/multicredit.ch\/it\/wp-json\/wp\/v2\/pages\/12266\/revisions"}],"predecessor-version":[{"id":13695,"href":"https:\/\/multicredit.ch\/it\/wp-json\/wp\/v2\/pages\/12266\/revisions\/13695"}],"wp:featuredmedia":[{"embeddable":true,"href":"https:\/\/multicredit.ch\/it\/wp-json\/wp\/v2\/media\/11658"}],"wp:attachment":[{"href":"https:\/\/multicredit.ch\/it\/wp-json\/wp\/v2\/media?parent=12266"}],"wp:term":[{"taxonomy":"category","embeddable":true,"href":"https:\/\/multicredit.ch\/it\/wp-json\/wp\/v2\/categories?post=12266"}],"curies":[{"name":"wp","href":"https:\/\/api.w.org\/{rel}","templated":true}]}}