{"id":12263,"date":"2020-04-20T07:50:35","date_gmt":"2020-04-20T07:50:35","guid":{"rendered":"https:\/\/www.multicredit.ch\/pc\/"},"modified":"2023-04-12T14:15:03","modified_gmt":"2023-04-12T14:15:03","slug":"pc","status":"publish","type":"page","link":"https:\/\/multicredit.ch\/it\/pc\/","title":{"rendered":"Informativa sulla privacy"},"content":{"rendered":"<section class=\"wpb-content-wrapper\">\n<p>[vc_row][vc_column][vc_column_text]<\/p>\n<h2><span class=\"ez-toc-section\" id=\"Informativa_sulla_privacy-2\"><\/span>Informativa sulla privacy<span class=\"ez-toc-section-end\"><\/span><\/h2>\n<h3><span class=\"ez-toc-section\" id=\"Mouseflow\"><\/span>Mouseflow<span class=\"ez-toc-section-end\"><\/span><\/h3>\n<p>Questo sito web utilizza Mouseflow: uno strumento di analisi dei siti web che fornisce replay delle sessioni, mappe di calore, imbuti, analisi dei moduli, campagne di feedback e altre caratteristiche\/funzioni simili. Mouseflow pu\u00f2 registrare i clic, i movimenti del mouse, gli scorrimenti, la compilazione di moduli (battitura di tasti) in campi non esclusi, le pagine visitate e i contenuti, il tempo trascorso sul sito, il browser, il sistema operativo, il tipo di dispositivo (desktop\/tablet\/telefono), la risoluzione dello schermo, il tipo di visitatore (prima volta\/ritorno), il referente, l&#8217;indirizzo IP anonimo, la posizione (citt\u00e0\/paese), la lingua e altri metadati simili. Mouseflow non raccoglie informazioni sulle pagine in cui non \u00e8 installato e non traccia n\u00e9 raccoglie informazioni al di fuori del browser web. Se si desidera annullare l&#8217;iscrizione, \u00e8 possibile farlo all&#8217;indirizzo https:\/\/mouseflow.com\/opt-out. Se desiderate ottenere una copia dei vostri dati, correggerli o cancellarli, vi preghiamo di contattarci prima o, come opzione secondaria, di contattare Mouseflow all&#8217;indirizzo privacy@mouseflow.com.<\/p>\n<p>Per ulteriori informazioni, consultare l&#8217;informativa sulla privacy di Mouseflow all&#8217;indirizzo <a href=\"http:\/\/mouseflow.com\/privacy\" target=\"_blank\" rel=\"noopener\">http:\/\/mouseflow.com\/privacy<\/a>\/.<\/p>\n<p>Per ulteriori informazioni su Mouseflow e il GDPR, visitare <a href=\"https:\/\/mouseflow.com\/gdpr\" target=\"_blank\" rel=\"noopener\">https:\/\/mouseflow.com\/gdpr<\/a>\/.<\/p>\n<h3><span class=\"ez-toc-section\" id=\"Annunci_Microsoft\"><\/span>Annunci Microsoft<span class=\"ez-toc-section-end\"><\/span><\/h3>\n<p>Soluzione per la gestione di campagne di ricerca a pagamento su Bing e Yahoo. I dati sono archiviati da Microsoft e ospitati su server negli Stati Uniti. Ci permette di personalizzare gli annunci e di misurare l&#8217;impatto delle nostre campagne pubblicitarie.<br \/>\nMeta Ads, Facebook e Instagram Ads<br \/>\nUna soluzione per la gestione delle campagne pubblicitarie sui social network. I dati sono archiviati da Facebook e ospitati su server negli Stati Uniti. Ci consente di personalizzare le inserzioni visualizzate e di misurare l&#8217;impatto delle campagne pubblicitarie.<\/p>\n<h3><span class=\"ez-toc-section\" id=\"Annunci_di_Linkedin\"><\/span>Annunci di Linkedin<span class=\"ez-toc-section-end\"><\/span><\/h3>\n<p>Una soluzione per la gestione di campagne pubblicitarie sui social network. Le informazioni provenienti da LinkedIn Ads sono ospitate su server negli Stati Uniti. Ci permettono di personalizzare gli annunci e di misurare l&#8217;impatto delle nostre campagne pubblicitarie.<\/p>\n<p>Customer Relationship Management, CRM Mastige, uno strumento di propriet\u00e0 di Cashflex MultiCredit Ltd., che \u00e8 stato sviluppato internamente.<br \/>\nLa nostra soluzione di gestione sviluppata internamente e i cui dati sono archiviati presso Infomaniak Network SA, l&#8217;host internet numero uno in Svizzera. Ci preoccupiamo di garantire che i dati dei nostri clienti siano protetti in conformit\u00e0 con la legge sulla protezione dei dati (GDPR). \u00c8 possibile contattarci in qualsiasi momento per posta per rimuovere queste informazioni dal nostro database.<\/p>\n<h3><span class=\"ez-toc-section\" id=\"Cookie_per_lanalisi_del_pubblico_Google_Analytics\"><\/span>Cookie per l&#8217;analisi del pubblico : Google Analytics<span class=\"ez-toc-section-end\"><\/span><\/h3>\n<p>Questo sito web utilizza Google Analytics. Google Analytics utilizza dei &#8220;cookies&#8221;, che sono file di testo che vengono depositati sul vostro computer per consentire al sito web di analizzare come gli utenti utilizzano il sito. Le informazioni generate dal cookie sull&#8217;utilizzo del sito web da parte dell&#8217;utente vengono trasmesse a un server di Google negli Stati Uniti e l\u00ec memorizzate. Il vostro indirizzo IP sar\u00e0 per\u00f2 prima di tutto abbreviato e reso anonimo da Google all&#8217;interno degli Stati membri dell&#8217;UE o di altri Stati dell&#8217;Accordo sullo Spazio economico europeo. Solo in casi eccezionali l&#8217;indirizzo IP completo viene trasferito su un server di Google negli USA e l\u00ec viene abbreviato. Google utilizzer\u00e0 queste informazioni per conto del gestore del sito web per valutare il vostro utilizzo del sito web, compilare report sulle attivit\u00e0 del sito web e fornire al gestore del sito web ulteriori servizi relativi all&#8217;utilizzo del sito web e di Internet in generale. Google trasmetter\u00e0 queste informazioni a terzi, se richiesto dalla legge o se tali terzi elaborano le informazioni per conto di Google. L&#8217;indirizzo IP trasmesso nell&#8217;ambito di Google Analytics dal vostro browser non viene combinato con altri dati di Google. Potete rifiutarvi di usare i cookies selezionando l&#8217;impostazione appropriata sul vostro software del browser. Desideriamo tuttavia far notare che in questo caso potrebbe non essere possibile utilizzare tutte le funzioni offerte da questo sito web in modo completo. Inoltre, potete impedire il rilevamento dei dati relativi al vostro utilizzo del sito web (compreso il vostro indirizzo IP) generati dal cookie per Google e l&#8217;elaborazione di questi dati da parte di Google scaricando e installando il plug-in del browser disponibile al seguente link (https:\/\/tools.google.com\/dlpage\/gaoptout?hl=fr). Potete anche cliccare su questo link per impedire la raccolta da parte di Google Analytics. Un cookie opt-out viene quindi memorizzato sul vostro dispositivo e impedir\u00e0 la raccolta dei vostri dati quando visiterete questo sito web in futuro. Per ulteriori informazioni su questo argomento, visitare il sito https:\/\/www.google.com\/intl\/de\/analytics\/privacyoverview.html.<\/p>\n<h3><span class=\"ez-toc-section\" id=\"Cookies_per_il_tracciamento_delle_conversioni_di_Google_Ads\"><\/span>Cookies per il tracciamento delle conversioni di Google Ads<span class=\"ez-toc-section-end\"><\/span><\/h3>\n<p>Questo sito web utilizza il programma di pubblicit\u00e0 online &#8220;Google Ads&#8221; e, nell&#8217;ambito di questo, il tracciamento delle conversioni. Il cookie per il tracciamento delle conversioni si attiva quando un utente clicca su un annuncio pubblicato da Google. Questi cookie perdono la loro validit\u00e0 dopo 90 giorni e non vengono utilizzati per l&#8217;identificazione personale. Se visitate alcune pagine di questo sito web e il cookie non \u00e8 ancora scaduto, Google e noi sappiamo che avete cliccato sull&#8217;annuncio e siete stati reindirizzati a questa pagina. Ogni cliente di Google Ads riceve un cookie diverso. I cookie non possono quindi essere rintracciati attraverso i siti web dei clienti AdWords. Le informazioni ottenute tramite il cookie di conversione consentono a CASHFLEX MULTICREDIT S\u00c0RL di compilare statistiche di conversione. Siamo informati del numero totale di utenti che hanno cliccato sul nostro annuncio e che sono stati reindirizzati a una pagina con un tag di tracciamento della conversione. Tuttavia, non otteniamo alcuna informazione di identificazione personale degli utenti. Se non si desidera partecipare al tracciamento, \u00e8 possibile disattivare facilmente il cookie di tracciamento delle conversioni di Google nelle impostazioni utente del browser web. Non sarete inclusi nelle statistiche di tracciamento delle conversioni.<\/p>\n<h3><span class=\"ez-toc-section\" id=\"Pixel_di_Facebook\"><\/span>Pixel di Facebook<span class=\"ez-toc-section-end\"><\/span><\/h3>\n<p>Su questo sito web viene utilizzato lo strumento di comunicazione Sito web Custom Audiences di Facebook. Per il suo utilizzo, i pixel di Facebook sono integrati nei nostri siti web, che vi contraddistinguono come visitatori del nostro sito web in forma anonima, cio\u00e8 senza potervi identificare come persone. Quando successivamente vi collegate a Facebook, un checksum non reversibile e quindi non personale (valore hash) dei vostri dati di utilizzo viene inviato a Facebook a scopo di analisi e di marketing. Questo permette a Facebook di attribuire la visita alle nostre pagine al vostro account utente. Possiamo utilizzare queste informazioni per visualizzare gli annunci su Facebook. Per il prodotto Website Website Custom Audiences, viene menzionato il cookie Facebook. Per ulteriori informazioni sullo scopo e l&#8217;entit\u00e0 del rilevamento dei dati e sull&#8217;elaborazione e l&#8217;utilizzo dei dati da parte di Facebook, nonch\u00e9 sulle possibilit\u00e0 di configurare le impostazioni per proteggere la vostra sfera privata, consultate le direttive sulla protezione dei dati di Facebook, che potete trovare su www.facebook.com\/ads\/website_custom_audiences e https:\/\/www.facebook.com\/privacy\/explanation. Se si desidera opporsi all&#8217;utilizzo del sito web Facebook Custom Audiences, \u00e8 possibile farlo qui: www.facebook.com\/ads\/website_custom_audiences.<\/p>\n<h3><span class=\"ez-toc-section\" id=\"Retargeting\"><\/span>Retargeting<span class=\"ez-toc-section-end\"><\/span><\/h3>\n<p>Il nostro sito web utilizza tecnologie di retargeting. Utilizziamo queste tecnologie per rendere l&#8217;offerta Internet pi\u00f9 interessante per voi. Questa tecnica permette di avvicinare gli utenti di Internet che hanno gi\u00e0 dimostrato interesse per il nostro negozio e i nostri prodotti attraverso la pubblicit\u00e0 sui siti dei nostri partner. Siamo convinti che sia pi\u00f9 interessante per gli utenti di Internet vedere una pubblicit\u00e0 mirata per aree di interesse piuttosto che una pubblicit\u00e0 senza tale riferimento alle aree di interesse. La visualizzazione di questi mezzi pubblicitari sulle pagine dei nostri partner si basa sulla tecnologia dei cookie e su un&#8217;analisi del comportamento d&#8217;uso precedente. Questa forma di pubblicit\u00e0 viene effettuata in modo completamente anonimo. Nessun dato personale viene memorizzato e nessun profilo di utilizzo viene associato ai vostri dati personali. L&#8217;utente acconsente all&#8217;utilizzo dei cookie per la raccolta, la memorizzazione e la valutazione dei propri dati di utilizzo. L&#8217;utente accetta inoltre che i suoi dati possano essere memorizzati nei cookies dopo la fine della sessione del browser e che possano essere richiamati, ad esempio, la prossima volta che visita il sito web. Potete revocare questa accettazione in qualsiasi momento con effetto per il futuro rifiutando l&#8217;uso dei cookie nelle impostazioni del vostro browser.<\/p>\n<h3><span class=\"ez-toc-section\" id=\"Fari_di_retargeting\"><\/span>Fari di retargeting<span class=\"ez-toc-section-end\"><\/span><\/h3>\n<p>Questo sito web utilizza tag di retargeting. Questi tag corrispondono a un elemento JavaScript inserito nel codice sorgente del sito web. Quando un utente visita una pagina di questo sito web che contiene un tag di retargeting, un provider di pubblicit\u00e0 online (come Google) inserisce un cookie sul computer dell&#8217;utente e lo assegna alle liste dei corrispondenti gruppi target di retargeting. Questo cookie viene utilizzato anche per attivare campagne di retargeting (&#8220;pubblicit\u00e0 basata sugli interessi&#8221;) su altri siti web. Gli studi hanno dimostrato che la visualizzazione di pubblicit\u00e0 basata sugli interessi \u00e8 pi\u00f9 interessante della pubblicit\u00e0 senza un riferimento diretto agli interessi o ai siti web precedentemente visitati. I fornitori di terze parti, tra cui Google, utilizzano questi cookie per visualizzare gli annunci in base alle precedenti visite di un utente al nostro sito web. A questo proposito non vengono registrati dati personali. Gli utenti di questo sito web possono disattivare l&#8217;uso dei cookies da parte di Google visitando la pagina &#8220;Impostazioni dell&#8217;annuncio&#8221; di Google. Inoltre, gli utenti possono disattivare l&#8217;uso dei cookie da parte di fornitori terzi visitando la pagina di disattivazione della &#8220;Network Advertising Initiative&#8221; ed effettuando le impostazioni appropriate.<\/p>\n<h3><span class=\"ez-toc-section\" id=\"Cookie_di_navigazione\"><\/span>Cookie di navigazione<span class=\"ez-toc-section-end\"><\/span><\/h3>\n<p>Se vai alla pagina di accesso, verr\u00e0 creato un cookie temporaneo per determinare se il tuo browser accetta i cookie. Non contiene dati personali e verr\u00e0 eliminato automaticamente alla chiusura del browser.<\/p>\n<p>Quando accedi, imposteremo un numero di cookie per memorizzare le informazioni di accesso e le preferenze dello schermo. La durata di un cookie di accesso \u00e8 di due giorni, quella di un cookie di opzione schermo \u00e8 di un anno. Se selezioni &#8220;Ricordami&#8221;, il cookie di accesso verr\u00e0 conservato per due settimane. Se esci dal tuo account, il cookie di accesso verr\u00e0 eliminato.<\/p>\n<p>Modificando o pubblicando una pubblicazione, un cookie aggiuntivo verr\u00e0 salvato nel tuo browser. Questo cookie non include alcun dato personale. Dice solo l&#8217;ID del post che hai appena modificato. Scade dopo un giorno.<\/p>\n<h3><span class=\"ez-toc-section\" id=\"Contenuto_incorporato_da_altri_siti\"><\/span>Contenuto incorporato da altri siti<span class=\"ez-toc-section-end\"><\/span><\/h3>\n<p>Gli articoli su questo sito possono includere contenuti integrati (ad esempio video, immagini, articoli, ecc.). Il contenuto incorporato da altri siti si comporta come se il visitatore passasse a quell&#8217;altro sito.<\/p>\n<p>Questi siti Web potrebbero raccogliere dati su di te, utilizzare i cookie, incorporare strumenti di tracciamento di terze parti, tenere traccia delle tue interazioni con questo contenuto incorporato se hai un account collegato al loro sito Web.<\/p>\n<p>Per maggiori informazioni puoi visitare la pagina delle <a href=\"https:\/\/multicredit.ch\/it\/cg\/\">nostre condizioni generali<\/a>.[\/vc_column_text][vc_empty_space][\/vc_column][\/vc_row]<\/p>\n<\/section>\n","protected":false},"excerpt":{"rendered":"<p>Utilizzo dei dati personali raccolti<\/p>\n","protected":false},"author":4,"featured_media":0,"parent":0,"menu_order":0,"comment_status":"closed","ping_status":"closed","template":"template-w-calc.php","meta":{"inline_featured_image":false,"footnotes":"","_links_to":"","_links_to_target":""},"categories":[],"class_list":["post-12263","page","type-page","status-publish","hentry"],"_links":{"self":[{"href":"https:\/\/multicredit.ch\/it\/wp-json\/wp\/v2\/pages\/12263","targetHints":{"allow":["GET"]}}],"collection":[{"href":"https:\/\/multicredit.ch\/it\/wp-json\/wp\/v2\/pages"}],"about":[{"href":"https:\/\/multicredit.ch\/it\/wp-json\/wp\/v2\/types\/page"}],"author":[{"embeddable":true,"href":"https:\/\/multicredit.ch\/it\/wp-json\/wp\/v2\/users\/4"}],"replies":[{"embeddable":true,"href":"https:\/\/multicredit.ch\/it\/wp-json\/wp\/v2\/comments?post=12263"}],"version-history":[{"count":10,"href":"https:\/\/multicredit.ch\/it\/wp-json\/wp\/v2\/pages\/12263\/revisions"}],"predecessor-version":[{"id":25680,"href":"https:\/\/multicredit.ch\/it\/wp-json\/wp\/v2\/pages\/12263\/revisions\/25680"}],"wp:attachment":[{"href":"https:\/\/multicredit.ch\/it\/wp-json\/wp\/v2\/media?parent=12263"}],"wp:term":[{"taxonomy":"category","embeddable":true,"href":"https:\/\/multicredit.ch\/it\/wp-json\/wp\/v2\/categories?post=12263"}],"curies":[{"name":"wp","href":"https:\/\/api.w.org\/{rel}","templated":true}]}}