{"id":12200,"date":"2020-02-10T15:28:42","date_gmt":"2020-02-10T15:28:42","guid":{"rendered":"https:\/\/www.multicredit.ch\/a-propos\/"},"modified":"2024-12-10T15:32:11","modified_gmt":"2024-12-10T15:32:11","slug":"multicredit-fribourg-chi-siamo","status":"publish","type":"page","link":"https:\/\/multicredit.ch\/it\/multicredit-fribourg-chi-siamo\/","title":{"rendered":"Pi\u00f9 su Multicredit"},"content":{"rendered":"<section class=\"wpb-content-wrapper\">[vc_row content_placement=&#8221;middle&#8221; el_class=&#8221;white-bck bigpadding&#8221; css=&#8221;.vc_custom_1586936879557{padding-bottom: 0px !important;}&#8221;][vc_column width=&#8221;1\/2&#8243; data_aos=&#8221;fade-right&#8221;][vc_single_image image=&#8221;11762&#8243; img_size=&#8221;full&#8221; alignment=&#8221;center&#8221;][\/vc_column][vc_column width=&#8221;1\/2&#8243; data_aos=&#8221;fade-in&#8221; data_aos_delay=&#8221;250&#8243;]<\/p>\n<div class=\"blocktitle title-left title-dark\" clearfix\"><H2><span class=\"ez-toc-section\" id=\"MultiCredit_in_Svizzera\"><\/span>MultiCredit in Svizzera<\/H2><\/p>\n<h4>Trovare la soluzione migliore nell'interesse del nostro cliente \u00e8 la nostra prima missione<\/h4>\n<\/div>\n<p>[vc_column_text]La missione di MultiCredit a Fribourg \u00e8 quella di aiutare i propri clienti nel quotidiano, in modo personalizzato, per fornire soluzioni durature e su misura.<\/p>\n<p>Per soddisfare questi criteri, l&#8217;agenzia studia molteplici soluzioni, collabora con i partner bancari pi\u00f9 efficienti e negozia i migliori servizi.[\/vc_column_text][\/vc_column][\/vc_row][vc_row full_width=&#8221;stretch_row&#8221; el_class=&#8221;lightgrey-bck biggerpadding diagonal-top-bck&#8221;][vc_column width=&#8221;1\/2&#8243; data_aos=&#8221;fade-in&#8221; data_aos_delay=&#8221;250&#8243; el_class=&#8221;checklist&#8221;]<\/p>\n<div class=\"blocktitle title-left title-dark\" clearfix\"><H2><span class=\"ez-toc-section\" id=\"La_nostra_storia\"><\/span>La nostra storia<\/H2><\/div>\n<p>[vc_column_text]<strong>Nel 1999<\/strong>, signor Aslan ha deciso di fondare la sua societ\u00e0 di finanziamento, secondo i suoi valori:<\/p>\n<p><em style=\"font-size: 22px;\">&#8220;Il rispetto e la comunicazione = la qualit\u00e0 nell\u2019arte del servizio&#8221;<\/em><\/p>\n<p><strong>Il suo obiettivo : <\/strong>dare priorit\u00e0 a finanziamenti ragionevoli e pi\u00f9 accessibili.[\/vc_column_text][vc_column_text]<strong>Aiutiamo i nostri clienti a :<\/strong><\/p>\n<ul>\n<li>Realizzare un sogno, un progetto.<\/li>\n<li>Risolvere una situazione temporaneamente complicata.<\/li>\n<li>Semplificare la vita quotidiana.<\/li>\n<li>Offrire un&#8217;alternativa al rifiuto dei finanziamenti da parte delle banche tradizionali.<\/li>\n<li>Sbloccare una particolare situazione finanziaria.<\/li>\n<\/ul>\n<p>[\/vc_column_text][\/vc_column][vc_column width=&#8221;1\/2&#8243; data_aos=&#8221;fade-left&#8221;][vc_single_image image=&#8221;13016&#8243; img_size=&#8221;full&#8221; alignment=&#8221;center&#8221;][vc_column_text]<\/p>\n<p style=\"font-size: 14px; text-align: right; margin-bottom: 4px;\"><strong>Il signor M\u00fcn\u00fcr ASLAN &#8211; Direttore<\/strong><\/p>\n<p style=\"text-align: right;\"><a href=\"https:\/\/www.linkedin.com\/in\/maslan-credit-kredit-loan\/\" target=\"_blank\" rel=\"noopener noreferrer\"><img decoding=\"async\" src=\"https:\/\/www.multicredit.ch\/wp\/wp-content\/uploads\/icons-linkedin.svg\" width=\"30px\" height=\"30px\" alt=\"\" title=\"\"><\/a><\/p>\n<p>[\/vc_column_text][\/vc_column][\/vc_row][vc_row full_width=&#8221;stretch_row&#8221; el_class=&#8221;lightgrey-bck biggerpadding&#8221;][vc_column width=&#8221;1\/2&#8243; data_aos=&#8221;fade-right&#8221;][vc_single_image image=&#8221;11665&#8243; img_size=&#8221;full&#8221; alignment=&#8221;center&#8221;][\/vc_column][vc_column width=&#8221;1\/2&#8243; data_aos=&#8221;fade-in&#8221; data_aos_delay=&#8221;250&#8243;]<\/p>\n<div class=\"blocktitle title-left title-dark\" clearfix\"><H2><span class=\"ez-toc-section\" id=\"Dal_1999\"><\/span>Dal 1999<\/H2><\/div>\n<p>[vc_column_text el_class=&#8221;checklist&#8221;]<\/p>\n<ul>\n<li>MultiCredit ha trattato pi\u00f9 150&#8217;000 richieste di credito.<\/li>\n<li>Possiede un portafoglio di pi\u00f9 di 65&#8217;000 clienti.<\/li>\n<li>Assicura il trattamento dei dati esclusivamente in Svizzera, garantendone la sicurezza.<\/li>\n<li>Garantisce il migliore tasso al cliente.<\/li>\n<li>Fornisce una consulenza adattata e pertinente.<\/li>\n<li>Offre un reale valore aggiunto durante l&#8217;accensione di un prestito.<\/li>\n<li>Fa del suo meglio per difendere gli interessi dei suoi clienti.<\/li>\n<\/ul>\n<p>[\/vc_column_text][vc_column_text el_class=&#8221;checklist&#8221;]<strong>Queste qualit\u00e0 hanno fatto di MultiCredit uno dei principali attori del brokeraggio finanziario in tutta la Svizzera.<\/strong>[\/vc_column_text][\/vc_column][\/vc_row][vc_row full_width=&#8221;stretch_row&#8221; content_placement=&#8221;middle&#8221; el_class=&#8221;white-bck bigpadding checklist&#8221;][vc_column data_aos=&#8221;fade-in&#8221;]<\/p>\n<div class=\"blocktitle title-center title-dark\" clearfix\"><H2><span class=\"ez-toc-section\" id=\"I_nostri_valori\"><\/span>I nostri valori<\/H2><\/p>\n<h4>I valori di MultiCredit, basati sull\u2019 impegno a difendere gli interessi dei suoi clienti e la sua vicinanza, le hanno permesso di distinguersi, di affermare la sua reputazione e la sua credibilit\u00e0.<\/h4>\n<\/div>\n<p>[vc_column_text el_class=&#8221;maxwidth&#8221; css=&#8221;.vc_custom_1654866311736{padding-bottom: 48px !important;}&#8221;]<\/p>\n<p style=\"text-align: center;\"><strong>Conoscere i nostri valori, significa capire quanto ci impegniamo per voi :<\/strong><\/p>\n<p>[\/vc_column_text][vc_row_inner css=&#8221;.vc_custom_1586939025248{padding-bottom: 48px !important;}&#8221;][vc_column_inner width=&#8221;1\/3&#8243;]<\/p>\n<div class=\"blocktitle title-center title-dark\" clearfix\"><H3><span class=\"ez-toc-section\" id=\"Qualsiasi_tipo\"><\/span>Qualsiasi tipo<\/H3><\/p>\n<h4>qualsiasi orizzonte<\/h4>\n<\/div>\n<p>[vc_column_text]<\/p>\n<p style=\"text-align: center;\">MultiCredit ha la capacit\u00e0 di poter gestire le pi\u00f9 svariate richieste dei propri clienti residenti in Svizzera, e provenienti dalle pi\u00f9 diverse realt\u00e0. &#8220;Incontrare i nostri clienti e poter parlare con ognuno nella loro lingua \u00e8 una scelta che ci sta a cuore.<\/p>\n<p style=\"text-align: center;\">Le competenze esperte e multilingue del nostro team (che parla diverse lingue) sono un perfetto esempio di questo impegno. \u00bb<\/p>\n<p>[\/vc_column_text][\/vc_column_inner][vc_column_inner width=&#8221;1\/3&#8243;]<\/p>\n<div class=\"blocktitle title-center title-dark\" clearfix\"><H3><span class=\"ez-toc-section\" id=\"Umanita\"><\/span>Umanit\u00e0<\/H3><\/p>\n<h4>sempre umanit\u00e0<\/h4>\n<\/div>\n<p>[vc_column_text]<\/p>\n<p style=\"text-align: center;\">Dietro ogni richiesta che riceviamo c\u2019\u00e8 sempre una situazione particolare. Per questo noi di Multicredit prendiamo in considerazione la globalit\u00e0 del vostro dossier.<\/p>\n<p style=\"text-align: center;\">Diamo sempre la priorit\u00e0 al credito sostenibile e monitoriamo sistematicamente la situazione dei nostri clienti per evitare qualsiasi rischio di sovraindebitamento.<\/p>\n<p>[\/vc_column_text][\/vc_column_inner][vc_column_inner width=&#8221;1\/3&#8243;]<\/p>\n<div class=\"blocktitle title-center title-dark\" clearfix\"><H3><span class=\"ez-toc-section\" id=\"Personalizzato\"><\/span>Personalizzato<\/H3><\/p>\n<h4>servizi<\/h4>\n<\/div>\n<p>[vc_column_text]<\/p>\n<p style=\"text-align: center;\">Cosa c\u2019\u00e8 al centro della nostra preoccupazione\u00a0: offrirvi servizi adeguati alla vostra situazione personale. Questo a volte significa cercare per voi soluzioni alternative quando il prodotto richiesto non \u00e8 realizzabile.<\/p>\n<p style=\"text-align: center;\">Attribuiamo grande importanza alla sicurezza dei vostri dati personali, particolarmente attenzione al segreto bancario e alla riservatezza delle informazioni personali.<\/p>\n<p>[\/vc_column_text][\/vc_column_inner][\/vc_row_inner][\/vc_column][\/vc_row][vc_row full_width=&#8221;stretch_row&#8221; el_class=&#8221;diagonal-bck gradient-bck bigpadding full-width&#8221;][vc_column data_aos=&#8221;fade-in&#8221;][vc_column_text css=&#8221;.vc_custom_1587638218714{padding-top: 96px !important;}&#8221;]<\/p>\n<div class=\"blocktitle title-center title-light maxwidth\">\n<h2><span class=\"ez-toc-section\" id=\"Multicredit_gode_di_numerose_raccomandazioni_dei_suoi_clienti_e_li_ringrazia\"><\/span>Multicredit, gode di numerose raccomandazioni dei suoi clienti e li ringrazia.<span class=\"ez-toc-section-end\"><\/span><\/h2>\n<\/div>\n<p>[\/vc_column_text][\/vc_column][\/vc_row][vc_row full_width=&#8221;stretch_row&#8221; el_class=&#8221;white-bck bigpadding&#8221;][vc_column data_aos=&#8221;fade-in&#8221;]<\/p>\n<div class=\"blocktitle title-center title-dark\" clearfix\"><H2><span class=\"ez-toc-section\" id=\"Servizi\"><\/span>Servizi<\/H2><\/p>\n<h4>Prestiti personali, riacquisto di prestiti, riacquisto di crediti, riacquisto di leasing, riacquisto e consolidamento di saldi di carte di credito, carte di credito, ma anche alleggerimento del debito: i nostri specialisti vi sosterranno e vi consiglieranno in tutti questi settori.<\/h4>\n<\/div>\n<p>[vc_row_inner][vc_column_inner el_class=&#8221;checklist&#8221; width=&#8221;1\/2&#8243;][vc_column_text]<\/p>\n<h3 style=\"text-align: left;\"><span class=\"ez-toc-section\" id=\"Siete\"><\/span>Siete :<span class=\"ez-toc-section-end\"><\/span><\/h3>\n<p>Salariati, funzionari, quadri, dirigenti, funzionari internazionali, frontalieri, espatriati\u2026<\/p>\n<p>Lavoriamo frequentemente con voi per una nuova offerta o per una semplice consulenza..<br \/>\n[\/vc_column_text][vc_empty_space][vc_column_text css=&#8221;.vc_custom_1622033567808{padding-top: 32px !important;}&#8221;]<\/p>\n<h3 style=\"text-align: left;\"><span class=\"ez-toc-section\" id=\"State_cercando_una_soluzione_specifica\"><\/span>State cercando una soluzione specifica?<span class=\"ez-toc-section-end\"><\/span><\/h3>\n<p>Contattate la nostra agenzia di credito per telefono, visitate il nostro sito web o inoltrate una richiesta di prestito, gratuita e confidenziale direttamente tramite <a href=\"https:\/\/multicredit.ch\/it\/richiesta-di-credito\/\">il nostro modulo online<\/a>.<br \/>\n[\/vc_column_text][\/vc_column_inner][vc_column_inner el_class=&#8221;checklist&#8221; width=&#8221;1\/2&#8243;][vc_column_text]<\/p>\n<ul>\n<li>Trattiamo le richieste di credito ogni anno <strong>in tutta la Svizzera<\/strong>.<\/li>\n<li>Elaboriamo pi\u00f9 di <strong>15&#8217;000 richieste all\u2019anno<\/strong>.<\/li>\n<li>La nostra agenzia \u00e8 composta da circa 10 collaboratori\/<strong>esperti<\/strong>\/<strong>consulenti<\/strong>, al vostro servizio.<\/li>\n<li>Trattiamo i nostri dossier nelle principali lingue richieste (<strong>francese, tedesco, inglese, italiano, portoghese, spagnolo, turco, &#8230;<\/strong>).<\/li>\n<li>Proponiamo ai nostri clienti una <strong>consulenza globale<\/strong> per ogni situazione.<\/li>\n<li>Abbiamo un ampio portafoglio di prodotti<strong> per tutte le esigenze<\/strong>.<\/li>\n<li>Custodiamo i vostri dati personali unicamente in <strong>Svizzera<\/strong> in server sicuri.<\/li>\n<li>Garantiamo che la vostra pratica sar\u00e0 trattata <strong>in meno di 24 ore<\/strong>.<\/li>\n<li>Offriamo tassi di credito<strong> pi\u00f9 bassi rispetto alla concorrenza<\/strong>.<\/li>\n<li><strong>Non forniamo solo un&#8217;offerta di prestito, ma anche un&#8217;analisi finanziaria supplementare e raccomandazioni personalizzate.<\/strong><\/li>\n<\/ul>\n<p>[\/vc_column_text][\/vc_column_inner][\/vc_row_inner][vc_empty_space][vc_separator][\/vc_column][\/vc_row]<\/section>\n","protected":false},"excerpt":{"rendered":"<p>Al vostro fianco dal 1999<\/p>\n","protected":false},"author":4,"featured_media":30788,"parent":0,"menu_order":-6,"comment_status":"closed","ping_status":"closed","template":"","meta":{"inline_featured_image":false,"footnotes":"","_links_to":"","_links_to_target":""},"categories":[],"class_list":["post-12200","page","type-page","status-publish","has-post-thumbnail","hentry"],"_links":{"self":[{"href":"https:\/\/multicredit.ch\/it\/wp-json\/wp\/v2\/pages\/12200","targetHints":{"allow":["GET"]}}],"collection":[{"href":"https:\/\/multicredit.ch\/it\/wp-json\/wp\/v2\/pages"}],"about":[{"href":"https:\/\/multicredit.ch\/it\/wp-json\/wp\/v2\/types\/page"}],"author":[{"embeddable":true,"href":"https:\/\/multicredit.ch\/it\/wp-json\/wp\/v2\/users\/4"}],"replies":[{"embeddable":true,"href":"https:\/\/multicredit.ch\/it\/wp-json\/wp\/v2\/comments?post=12200"}],"version-history":[{"count":42,"href":"https:\/\/multicredit.ch\/it\/wp-json\/wp\/v2\/pages\/12200\/revisions"}],"predecessor-version":[{"id":27639,"href":"https:\/\/multicredit.ch\/it\/wp-json\/wp\/v2\/pages\/12200\/revisions\/27639"}],"wp:featuredmedia":[{"embeddable":true,"href":"https:\/\/multicredit.ch\/it\/wp-json\/wp\/v2\/media\/30788"}],"wp:attachment":[{"href":"https:\/\/multicredit.ch\/it\/wp-json\/wp\/v2\/media?parent=12200"}],"wp:term":[{"taxonomy":"category","embeddable":true,"href":"https:\/\/multicredit.ch\/it\/wp-json\/wp\/v2\/categories?post=12200"}],"curies":[{"name":"wp","href":"https:\/\/api.w.org\/{rel}","templated":true}]}}