{"id":8,"date":"2020-02-10T15:28:42","date_gmt":"2020-02-10T15:28:42","guid":{"rendered":"http:\/\/multicredit.diabolo.com\/?page_id=8"},"modified":"2026-01-28T16:18:27","modified_gmt":"2026-01-28T16:18:27","slug":"contactez-nous","status":"publish","type":"page","link":"https:\/\/multicredit.ch\/fr\/contactez-nous\/","title":{"rendered":"Contact"},"content":{"rendered":"<section class=\"wpb-content-wrapper\">[vc_row el_class=&#8221;white-bck bigpadding white-bg-form&#8221;][vc_column width=&#8221;1\/2&#8243;]<\/p>\n<div class=\"blocktitle title-left title-dark\" clearfix\"><H2><span class=\"ez-toc-section\" id=\"Nous_sommes_la_pour_vous_obtenir_le_meilleur_taux_de_credit_Contactez-nous\"><\/span>Nous sommes l\u00e0 pour vous obtenir le meilleur taux de cr\u00e9dit. Contactez-nous !<\/H2><\/p>\n<h4>Notre \u00e9quipe sera ravie de r\u00e9pondre \u00e0 vos questions.<\/h4>\n<\/div>\n<p>[vc_column_text]Nous nous effor\u00e7ons de faire passer les int\u00e9r\u00eats de nos clients en premier lieu notamment par la n\u00e9gociation du meilleur taux de cr\u00e9dit possible. De plus nous mettons \u00e9galement beaucoup d&#8217;importance \u00e0 la relation clients.<\/p>\n<p>Contactez-nous directement :<\/p>\n<ul>\n<li>T\u00e9l\u00e9phone : <a href=\"tel:0263222310\">026 322 23 10<\/a><\/li>\n<li>Portable :<a href=\"tel:0799363175\"> 079 936 31 75<\/a><\/li>\n<li>Mail : <a href=\"mailto:info@multicredit.ch\">info@multicredit.ch<\/a><\/li>\n<\/ul>\n<p>[\/vc_column_text]<\/p>\n<div class=\"blocktitle title-left title-dark\" clearfix\"><H3><span class=\"ez-toc-section\" id=\"La_garantie_des_meilleures_conditions_de_financement_en_Suisse\"><\/span>La garantie des meilleures conditions de financement en Suisse !<\/H3><\/p>\n<h4>MultiCr\u00e9dit vous conseille rapidement et gratuitement, Contactez-nous!<\/h4>\n<\/div>\n<p>[vc_column_text]<\/p>\n<ul>\n<li><a href=\"https:\/\/multicredit.ch\/fr\/demande-de-credit\/\">Conseil sur mesure pour financer votre projet<\/a><\/li>\n<li>Garantie du meilleur taux de cr\u00e9dit<\/li>\n<li><a href=\"https:\/\/www.google.com\/maps\/place\/Rue+de+la+Banque+4,+1700+Fribourg\/@46.8039045,7.1526062,17z\/data=!3m1!4b1!4m5!3m4!1s0x478e692e6f35c2fb:0xb945e3fefdcb12d4!8m2!3d46.8039045!4d7.1547949\" target=\"_blank\" rel=\"noopener\">Accueil \u00e9galement possible \u00e0 la rue de la banque 4, \u00e0 Fribourg<\/a><\/li>\n<\/ul>\n<p>[\/vc_column_text][\/vc_column][vc_column width=&#8221;1\/2&#8243;][vc_empty_space][vc_empty_space][vc_empty_space]<\/p>\n<div class=\"wpcf7 no-js\" id=\"wpcf7-f11440-o1\" lang=\"fr-FR\" dir=\"ltr\" data-wpcf7-id=\"11440\">\n<div class=\"screen-reader-response\">\n<p role=\"status\" aria-live=\"polite\" aria-atomic=\"true\">\n<ul><\/ul>\n<\/div>\n<form action=\"\/fr\/wp-json\/wp\/v2\/pages\/8#wpcf7-f11440-o1\" method=\"post\" class=\"wpcf7-form init\" aria-label=\"Contact form\" novalidate=\"novalidate\" data-status=\"init\">\n<fieldset class=\"hidden-fields-container\"><input type=\"hidden\" name=\"_wpcf7\" value=\"11440\" \/><input type=\"hidden\" name=\"_wpcf7_version\" value=\"6.1.5\" \/><input type=\"hidden\" name=\"_wpcf7_locale\" value=\"fr_FR\" \/><input type=\"hidden\" name=\"_wpcf7_unit_tag\" value=\"wpcf7-f11440-o1\" \/><input type=\"hidden\" name=\"_wpcf7_container_post\" value=\"0\" \/><input type=\"hidden\" name=\"_wpcf7_posted_data_hash\" value=\"\" \/><input type=\"hidden\" name=\"_wpcf7_recaptcha_response\" value=\"\" \/><br \/>\n<\/fieldset>\n<p><span class=\"wpcf7-form-control-wrap\" data-name=\"Sujet\"><select class=\"wpcf7-form-control wpcf7-select wpcf7-validates-as-required\" id=\"sujet\" aria-required=\"true\" aria-invalid=\"false\" name=\"Sujet\"><option value=\"A quel sujet souhaitez-vous nous contacter ?\">A quel sujet souhaitez-vous nous contacter ?<\/option><option value=\"Demande g\u00e9n\u00e9rale\">Demande g\u00e9n\u00e9rale<\/option><option value=\"Cr\u00e9dit\">Cr\u00e9dit<\/option><option value=\"Rachat de cr\u00e9dit\">Rachat de cr\u00e9dit<\/option><option value=\"Carte de cr\u00e9dit\">Carte de cr\u00e9dit<\/option><option value=\"Demande de sponsoring\">Demande de sponsoring<\/option><\/select><\/span><br \/>\n<span class=\"wpcf7-form-control-wrap\" data-name=\"Prenom\"><input size=\"40\" maxlength=\"400\" class=\"wpcf7-form-control wpcf7-text wpcf7-validates-as-required\" id=\"prenom\" aria-required=\"true\" aria-invalid=\"false\" placeholder=\"Pr\u00e9nom*\" value=\"\" type=\"text\" name=\"Prenom\" \/><\/span><br \/>\n<span class=\"wpcf7-form-control-wrap\" data-name=\"Nom\"><input size=\"40\" maxlength=\"400\" class=\"wpcf7-form-control wpcf7-text wpcf7-validates-as-required\" aria-required=\"true\" aria-invalid=\"false\" placeholder=\"Nom*\" value=\"\" type=\"text\" name=\"Nom\" \/><\/span><br \/>\n<span class=\"wpcf7-form-control-wrap\" data-name=\"Mail\"><input size=\"40\" maxlength=\"400\" class=\"wpcf7-form-control wpcf7-email wpcf7-validates-as-required wpcf7-text wpcf7-validates-as-email\" id=\"mail\" aria-required=\"true\" aria-invalid=\"false\" placeholder=\"Votre email*\" value=\"\" type=\"email\" name=\"Mail\" \/><\/span><br \/>\n<span class=\"wpcf7-form-control-wrap\" data-name=\"NPA\"><input size=\"40\" maxlength=\"400\" class=\"wpcf7-form-control wpcf7-text wpcf7-validates-as-required\" id=\"npa\" aria-required=\"true\" aria-invalid=\"false\" placeholder=\"NPA*\" value=\"\" type=\"text\" name=\"NPA\" \/><\/span><span class=\"wpcf7-form-control-wrap\" data-name=\"Localite\"><input size=\"40\" maxlength=\"400\" class=\"wpcf7-form-control wpcf7-text wpcf7-validates-as-required\" id=\"localite\" aria-required=\"true\" aria-invalid=\"false\" placeholder=\"Localit\u00e9*\" value=\"\" type=\"text\" name=\"Localite\" \/><\/span><br \/>\n<span class=\"wpcf7-form-control-wrap\" data-name=\"Telephone\"><input size=\"40\" maxlength=\"400\" class=\"wpcf7-form-control wpcf7-tel wpcf7-validates-as-required wpcf7-text wpcf7-validates-as-tel\" id=\"tel\" aria-required=\"true\" aria-invalid=\"false\" placeholder=\"T\u00e9l\u00e9phone*\" value=\"\" type=\"tel\" name=\"Telephone\" \/><\/span><br \/>\n<span class=\"wpcf7-form-control-wrap\" data-name=\"Message\"><textarea cols=\"40\" rows=\"10\" maxlength=\"2000\" class=\"wpcf7-form-control wpcf7-textarea\" id=\"message\" aria-invalid=\"false\" placeholder=\"Message\" name=\"Message\"><\/textarea><\/span><br \/>\n<input class=\"wpcf7-form-control wpcf7-submit has-spinner\" id=\"submit\" type=\"submit\" value=\"Envoyer\" \/>\n<\/p>\n<p><input type=\"hidden\" id=\"ct_checkjs_cf7_53e3a7161e428b65688f14b84d61c610\" name=\"ct_checkjs_cf7\" value=\"0\" \/><script >setTimeout(function(){var ct_input_name = \"ct_checkjs_cf7_53e3a7161e428b65688f14b84d61c610\";if (document.getElementById(ct_input_name) !== null) {var ct_input_value = document.getElementById(ct_input_name).value;document.getElementById(ct_input_name).value = document.getElementById(ct_input_name).value.replace(ct_input_value, 'f350882909af177e6ae7f21ccaa78745bceacc83bdcef37d25207814ac5fc89e');}}, 1000);<\/script><input\n                    class=\"apbct_special_field apbct_email_id__wp_contact_form_7\"\n                    name=\"apbct__email_id__wp_contact_form_7\"\n                    aria-label=\"apbct__label_id__wp_contact_form_7\"\n                    type=\"text\" size=\"30\" maxlength=\"200\" autocomplete=\"off\"\n                    value=\"\"\n                \/><\/p>\n<div class=\"wpcf7-response-output\" aria-hidden=\"true\"><\/div>\n<\/form>\n<\/div>\n<p>[\/vc_column][\/vc_row][vc_row][vc_column][vc_separator][\/vc_column][\/vc_row][vc_row][vc_column width=&#8221;1\/2&#8243;]<\/p>\n<div class=\"blocktitle title-left title-dark\" clearfix\"><H2><span class=\"ez-toc-section\" id=\"Des_clients_satisfaits_partout_en_Suisse\"><\/span>Des clients satisfaits partout en Suisse<\/H2><\/div>\n<p>[vc_empty_space][vc_column_text]<\/p>\n<h4 style=\"text-align: left;\">Nous connaissons parfaitement le march\u00e9 du cr\u00e9dit<\/h4>\n<p style=\"text-align: left;\">Nous sommes les sp\u00e9cialistes du cr\u00e9dit \u00e0 la consommation en Suisse. Avec un volume global de CHF 650 millions, nous repr\u00e9sentons un exemple de long\u00e9vit\u00e9 puisque nous avons conserv\u00e9 le m\u00eame type d&#8217;activit\u00e9 depuis 1999. Avec une orientation sur les solutions, vos demandes trouverons un \u00e9cho aupr\u00e8s de nos collaborateurs.<\/p>\n<p style=\"text-align: left;\">Vous aimez la flexibilit\u00e9 et la r\u00e9activit\u00e9 ? C&#8217;est le bon endroit car nous vous proposons des conseils de confiance par t\u00e9l\u00e9phone, en visio, en ligne ou directement au bureau. Faites votre <a href=\"https:\/\/multicredit.ch\/fr\/demande-de-credit\/\">demande de cr\u00e9dit en ligne<\/a> d\u00e8s maintenant et prenez vos projets en main.<\/p>\n<h4 style=\"text-align: left;\">Pourquoi les clients nous font confiance ?<\/h4>\n<p style=\"text-align: left;\">Parce que leur satisfaction est au c\u0153ur de nos activit\u00e9s.<\/p>\n<ul>\n<li>Une proc\u00e9dure simple, rapide et efficace<\/li>\n<li style=\"text-align: left;\">Une <a href=\"https:\/\/multicredit.ch\/fr\/multicredit-fribourg-a-propos\/\">\u00e9quipe<\/a> form\u00e9e et comp\u00e9tente.<\/li>\n<li style=\"text-align: left;\">Des conseill\u00e8res polyglottes et qui traitent en 8 langues diff\u00e9rentes.<\/li>\n<li style=\"text-align: left;\">Une r\u00e9ponse en 24h jours ouvrables.<\/li>\n<li style=\"text-align: left;\">Un traitement des projets des clients avec un suivi complet.<\/li>\n<li style=\"text-align: left;\">Un respect des r\u00e9glementations bancaires.<\/li>\n<li style=\"text-align: left;\">Une analyse de la situation de chaque client pour \u00e9viter le surendettement.<\/li>\n<\/ul>\n<p>[\/vc_column_text][vc_empty_space][\/vc_column][vc_column width=&#8221;1\/2&#8243;][vc_empty_space][vc_empty_space][vc_empty_space][vc_empty_space][vc_empty_space][vc_empty_space][vc_single_image image=&#8221;21034&#8243; img_size=&#8221;full&#8221; alignment=&#8221;right&#8221;][\/vc_column][\/vc_row][vc_row][vc_column][vc_separator][\/vc_column][\/vc_row][vc_row][vc_column][vc_empty_space][vc_column_text]<\/p>\n<h5 style=\"text-align: center;\">Tous terrains, de l&#8217;humain et sur-mesure, vos projets sont entre de bonnes mains.<\/h5>\n<p>[\/vc_column_text][\/vc_column][\/vc_row]<\/section>\n","protected":false},"excerpt":{"rendered":"<p>Pour savoir, ou se voir, contactez-nous<\/p>\n","protected":false},"author":4,"featured_media":11645,"parent":0,"menu_order":-4,"comment_status":"closed","ping_status":"closed","template":"template-w-stats.php","meta":{"inline_featured_image":false,"footnotes":"","_links_to":"","_links_to_target":""},"categories":[],"class_list":["post-8","page","type-page","status-publish","has-post-thumbnail","hentry"],"_links":{"self":[{"href":"https:\/\/multicredit.ch\/fr\/wp-json\/wp\/v2\/pages\/8","targetHints":{"allow":["GET"]}}],"collection":[{"href":"https:\/\/multicredit.ch\/fr\/wp-json\/wp\/v2\/pages"}],"about":[{"href":"https:\/\/multicredit.ch\/fr\/wp-json\/wp\/v2\/types\/page"}],"author":[{"embeddable":true,"href":"https:\/\/multicredit.ch\/fr\/wp-json\/wp\/v2\/users\/4"}],"replies":[{"embeddable":true,"href":"https:\/\/multicredit.ch\/fr\/wp-json\/wp\/v2\/comments?post=8"}],"version-history":[{"count":36,"href":"https:\/\/multicredit.ch\/fr\/wp-json\/wp\/v2\/pages\/8\/revisions"}],"predecessor-version":[{"id":30251,"href":"https:\/\/multicredit.ch\/fr\/wp-json\/wp\/v2\/pages\/8\/revisions\/30251"}],"wp:featuredmedia":[{"embeddable":true,"href":"https:\/\/multicredit.ch\/fr\/wp-json\/wp\/v2\/media\/11645"}],"wp:attachment":[{"href":"https:\/\/multicredit.ch\/fr\/wp-json\/wp\/v2\/media?parent=8"}],"wp:term":[{"taxonomy":"category","embeddable":true,"href":"https:\/\/multicredit.ch\/fr\/wp-json\/wp\/v2\/categories?post=8"}],"curies":[{"name":"wp","href":"https:\/\/api.w.org\/{rel}","templated":true}]}}