{"id":7,"date":"2020-02-10T15:28:42","date_gmt":"2020-02-10T15:28:42","guid":{"rendered":"http:\/\/multicredit.diabolo.com\/?page_id=7"},"modified":"2026-03-17T13:52:14","modified_gmt":"2026-03-17T13:52:14","slug":"multicredit-fribourg-a-propos","status":"publish","type":"page","link":"https:\/\/multicredit.ch\/fr\/multicredit-fribourg-a-propos\/","title":{"rendered":"En savoir plus sur Multicredit"},"content":{"rendered":"<section class=\"wpb-content-wrapper\">[vc_row content_placement=&#8221;middle&#8221; el_class=&#8221;white-bck bigpadding&#8221; css=&#8221;.vc_custom_1586936879557{padding-bottom: 0px !important;}&#8221;][vc_column width=&#8221;1\/2&#8243; data_aos=&#8221;fade-right&#8221;][vc_single_image image=&#8221;11762&#8243; img_size=&#8221;full&#8221; alignment=&#8221;center&#8221;][\/vc_column][vc_column width=&#8221;1\/2&#8243; data_aos=&#8221;fade-in&#8221; data_aos_delay=&#8221;250&#8243;]<\/p>\n<div class=\"blocktitle title-left title-dark\" clearfix\"><H2>MultiCredit en Suisse<\/H2><\/p>\n<h4>Trouver la meilleure solution dans l\u2019int\u00e9r\u00eat de notre client est notre premi\u00e8re mission.<\/h4>\n<\/div>\n<p>[vc_column_text]MultiCredit \u00e0 Fribourg a pour vocation de soutenir ses clients dans leur quotidien gr\u00e2ce \u00e0 un conseil sur mesure et pertinent pour des solutions sur-mesure durables.<\/p>\n<p>Pour r\u00e9pondre \u00e0 ces crit\u00e8res, l\u2019agence \u00e9tudie les multiples options, collabore avec les partenaires bancaires les plus efficaces et n\u00e9gocie les meilleures prestations pour ses clients.[\/vc_column_text][\/vc_column][\/vc_row][vc_row full_width=&#8221;stretch_row&#8221; el_class=&#8221;lightgrey-bck biggerpadding diagonal-top-bck&#8221;][vc_column width=&#8221;1\/2&#8243; data_aos=&#8221;fade-in&#8221; data_aos_delay=&#8221;250&#8243; el_class=&#8221;checklist&#8221;]<\/p>\n<div class=\"blocktitle title-left title-dark\" clearfix\"><H2>Historique<\/H2><\/div>\n<p>[vc_column_text]<strong>En 1999,<\/strong> M. Aslan a d\u00e9cid\u00e9 de fonder son entreprise de financement selon ses valeurs<strong>\u00a0:<\/strong><\/p>\n<p><em style=\"font-size: 22px;\">&#8220;Le respect et la communication = la qualit\u00e9 dans l&#8217;art de servir&#8221;<\/em><\/p>\n<p><strong>Son objectif : <\/strong>privil\u00e9gier un financement raisonnable et plus accessible.[\/vc_column_text][vc_column_text]<strong>Nous aidons nos clients \u00e0 :<\/strong><\/p>\n<ul>\n<li>R\u00e9aliser un r\u00eave, un projet<\/li>\n<li>R\u00e9soudre une situation temporairement compliqu\u00e9e<\/li>\n<li>Simplifier leur quotidien<\/li>\n<li>Offrir une alternative au refus de financement par les banques traditionnelles<\/li>\n<li>D\u00e9bloquer une situation financi\u00e8re particuli\u00e8re<\/li>\n<\/ul>\n<p>[\/vc_column_text][\/vc_column][vc_column width=&#8221;1\/2&#8243; data_aos=&#8221;fade-left&#8221;][vc_single_image image=&#8221;13016&#8243; img_size=&#8221;full&#8221; alignment=&#8221;center&#8221;][vc_column_text]<\/p>\n<p style=\"font-size: 14px; text-align: right; margin-bottom: 4px;\"><strong>Monsieur M\u00fcn\u00fcr ASLAN &#8211; Directeur<\/strong><\/p>\n<p style=\"text-align: right;\"><a href=\"https:\/\/www.linkedin.com\/in\/maslan-credit-kredit-loan\/\" target=\"_blank\" rel=\"noopener noreferrer\"><img decoding=\"async\" src=\"https:\/\/www.multicredit.ch\/wp\/wp-content\/uploads\/icons-linkedin.svg\" width=\"30px\" height=\"30px\" alt=\"\" title=\"\"><\/a><\/p>\n<p>[\/vc_column_text][\/vc_column][\/vc_row][vc_row full_width=&#8221;stretch_row&#8221; el_class=&#8221;lightgrey-bck biggerpadding&#8221;][vc_column width=&#8221;1\/2&#8243; data_aos=&#8221;fade-right&#8221;][vc_single_image image=&#8221;11665&#8243; img_size=&#8221;full&#8221; alignment=&#8221;center&#8221;][\/vc_column][vc_column width=&#8221;1\/2&#8243; data_aos=&#8221;fade-in&#8221; data_aos_delay=&#8221;250&#8243;]<\/p>\n<div class=\"blocktitle title-left title-dark\" clearfix\"><H2>Depuis 1999<\/H2><\/div>\n<p>[vc_column_text el_class=&#8221;checklist&#8221;]<\/p>\n<ul>\n<li>MultiCredit a trait\u00e9 plus de 150&#8217;000 demandes de cr\u00e9dit<\/li>\n<li>Conserve un portefeuille de plus de 65&#8217;000 clients<\/li>\n<li>Assure un traitement en Suisse exclusivement, garantissant la s\u00e9curit\u00e9 des donn\u00e9es<\/li>\n<li>Garantit le meilleur taux \u00e0 l\u2019emprunteur<\/li>\n<li>Apporte un conseil adapt\u00e9 et pertinent<\/li>\n<li>Propose une r\u00e9elle valeur ajout\u00e9e lors de la constitution d\u2019un pr\u00eat<\/li>\n<li>Fait le maximum pour d\u00e9fendre les int\u00e9r\u00eats de ses clients<\/li>\n<\/ul>\n<p>[\/vc_column_text][vc_column_text el_class=&#8221;checklist&#8221;]<strong>Ces qualit\u00e9s ont fait de Multicredit un des acteurs majeurs du courtage financier pour toute la Suisse.<\/strong>[\/vc_column_text][\/vc_column][\/vc_row][vc_row full_width=&#8221;stretch_row&#8221; content_placement=&#8221;middle&#8221; el_class=&#8221;white-bck bigpadding checklist&#8221;][vc_column data_aos=&#8221;fade-in&#8221;]<\/p>\n<div class=\"blocktitle title-center title-dark\" clearfix\"><H2>Nos valeurs<\/H2><\/p>\n<h4>Les valeurs de MultiCredit, bas\u00e9es sur l\u2019engagement \u00e0 d\u00e9fendre les int\u00e9r\u00eats de ses clients et sa proximit\u00e9, lui ont permis de se distinguer, d\u2019\u00e9tablir sa r\u00e9putation et sa cr\u00e9dibilit\u00e9.<\/h4>\n<\/div>\n<p>[vc_column_text el_class=&#8221;maxwidth&#8221; css=&#8221;.vc_custom_1654862983442{padding-bottom: 48px !important;}&#8221;]<\/p>\n<p style=\"text-align: center;\"><strong>Conna\u00eetre nos valeurs, c\u2019est comprendre jusqu\u2019o\u00f9 nous nous engageons pour vous :<\/strong><\/p>\n<p>[\/vc_column_text][vc_row_inner css=&#8221;.vc_custom_1586939025248{padding-bottom: 48px !important;}&#8221;][vc_column_inner width=&#8221;1\/3&#8243;]<\/p>\n<div class=\"blocktitle title-center title-dark\" clearfix\"><H3>Tous terrains<\/H3><\/p>\n<h4>tous horizons<\/h4>\n<\/div>\n<p>[vc_column_text]<\/p>\n<p style=\"text-align: center;\">MultiCredit se veut capable de traiter des demandes les plus vari\u00e9es provenant de ses clients r\u00e9sidant en Suisse, mais provenant des horizons les plus divers.<\/p>\n<p style=\"text-align: center;\">\u00ab Rencontrer notre client\u00e8le et pouvoir parler avec chacun sa propre langue est un choix qui nous tient \u00e0 c\u0153ur. Notre expertise et nos collaborateurs polyglottes (qui parlent plusieurs langues) illustrent parfaitement cet engagement. \u00bb<\/p>\n<p>[\/vc_column_text][\/vc_column_inner][vc_column_inner width=&#8221;1\/3&#8243;]<\/p>\n<div class=\"blocktitle title-center title-dark\" clearfix\"><H3>De l\u2019humain<\/H3><\/p>\n<h4>toujours de l\u2019humain<\/h4>\n<\/div>\n<p>[vc_column_text]<\/p>\n<p style=\"text-align: center;\">Derri\u00e8re chaque demande, il y a une situation particuli\u00e8re, c\u2019est pourquoi chez MultiCredit nous prenons la globalit\u00e9 de votre dossier en consid\u00e9ration.<\/p>\n<p style=\"text-align: center;\">Nous privil\u00e9gions toujours le cr\u00e9dit raisonnable et nous contr\u00f4lons syst\u00e9matiquement la situation de nos clients afin d&#8217;\u00e9viter tout risque de surendettement.<\/p>\n<p>[\/vc_column_text][\/vc_column_inner][vc_column_inner width=&#8221;1\/3&#8243;]<\/p>\n<div class=\"blocktitle title-center title-dark\" clearfix\"><H3>Sur mesure<\/H3><\/p>\n<h4>Des services<\/h4>\n<\/div>\n<p>[vc_column_text]<\/p>\n<p style=\"text-align: center;\">Au c\u0153ur de notre pr\u00e9occupation\u00a0: vous proposer les services adapt\u00e9s \u00e0 votre situation personnelle. Cela signifie parfois, chercher pour vous des solutions alternatives lorsque le produit demand\u00e9 n\u2019est pas r\u00e9alisable.<\/p>\n<p style=\"text-align: center;\">Nous accordons une importance capitale \u00e0 la s\u00e9curit\u00e9 des donn\u00e9es et sommes particuli\u00e8rement vigilants de respecter le secret bancaire ainsi qu&#8217;\u00e0 la confidentialit\u00e9 des informations personnelles.<\/p>\n<p>[\/vc_column_text][\/vc_column_inner][\/vc_row_inner][\/vc_column][\/vc_row][vc_row full_width=&#8221;stretch_row&#8221; el_class=&#8221;diagonal-bck gradient-bck bigpadding full-width&#8221;][vc_column data_aos=&#8221;fade-in&#8221;][vc_column_text css=&#8221;.vc_custom_1587638218714{padding-top: 96px !important;}&#8221;]<\/p>\n<div class=\"blocktitle title-center title-light maxwidth\">\n<h2><span class=\"ez-toc-section\" id=\"MultiCredit_beneficie_des_nombreuses_recommandations_de_ses_clients_et_les_en_remercie\"><\/span>MultiCredit b\u00e9n\u00e9ficie des nombreuses recommandations de ses clients et les en remercie.<span class=\"ez-toc-section-end\"><\/span><\/h2><div id=\"ez-toc-container\" class=\"ez-toc-v2_0_79_2 counter-hierarchy ez-toc-counter ez-toc-grey ez-toc-container-direction\">\n<label for=\"ez-toc-cssicon-toggle-item-69f34a76c8454\" class=\"ez-toc-cssicon-toggle-label\"><div class=\"ez-toc-title\" style=\"cursor:inherit\">Sommaire<\/div>\n<span class=\"ez-toc-cssicon\"><span class=\"eztoc-hide\" style=\"display:none;\">Toggle<\/span><span class=\"ez-toc-icon-toggle-span\"><svg style=\"fill: #999;color:#999\" xmlns=\"http:\/\/www.w3.org\/2000\/svg\" class=\"list-377408\" width=\"20px\" height=\"20px\" viewBox=\"0 0 24 24\" fill=\"none\"><path d=\"M6 6H4v2h2V6zm14 0H8v2h12V6zM4 11h2v2H4v-2zm16 0H8v2h12v-2zM4 16h2v2H4v-2zm16 0H8v2h12v-2z\" fill=\"currentColor\"><\/path><\/svg><svg style=\"fill: #999;color:#999\" class=\"arrow-unsorted-368013\" xmlns=\"http:\/\/www.w3.org\/2000\/svg\" width=\"10px\" height=\"10px\" viewBox=\"0 0 24 24\" version=\"1.2\" baseProfile=\"tiny\"><path d=\"M18.2 9.3l-6.2-6.3-6.2 6.3c-.2.2-.3.4-.3.7s.1.5.3.7c.2.2.4.3.7.3h11c.3 0 .5-.1.7-.3.2-.2.3-.5.3-.7s-.1-.5-.3-.7zM5.8 14.7l6.2 6.3 6.2-6.3c.2-.2.3-.5.3-.7s-.1-.5-.3-.7c-.2-.2-.4-.3-.7-.3h-11c-.3 0-.5.1-.7.3-.2.2-.3.5-.3.7s.1.5.3.7z\"\/><\/svg><\/span><\/span><\/label><input type=\"checkbox\"  id=\"ez-toc-cssicon-toggle-item-69f34a76c8454\" checked \/><nav><ul class='ez-toc-list ez-toc-list-level-1 ' ><li class='ez-toc-page-1 ez-toc-heading-level-2'><a class=\"ez-toc-link ez-toc-heading-1\" href=\"https:\/\/multicredit.ch\/fr\/multicredit-fribourg-a-propos\/#MultiCredit_beneficie_des_nombreuses_recommandations_de_ses_clients_et_les_en_remercie\" >MultiCredit b\u00e9n\u00e9ficie des nombreuses recommandations de ses clients et les en remercie.<\/a><ul class='ez-toc-list-level-3' ><li class='ez-toc-heading-level-3'><a class=\"ez-toc-link ez-toc-heading-2\" href=\"https:\/\/multicredit.ch\/fr\/multicredit-fribourg-a-propos\/#Vous_etes\" >Vous \u00eates\u00a0<\/a><\/li><li class='ez-toc-page-1 ez-toc-heading-level-3'><a class=\"ez-toc-link ez-toc-heading-3\" href=\"https:\/\/multicredit.ch\/fr\/multicredit-fribourg-a-propos\/#Vous_cherchez_une_solution_specifique\" >Vous cherchez une solution sp\u00e9cifique ?<\/a><\/li><\/ul><\/li><\/ul><\/nav><\/div>\n\n<\/div>\n<p>[\/vc_column_text][\/vc_column][\/vc_row][vc_row full_width=&#8221;stretch_row&#8221; el_class=&#8221;white-bck bigpadding&#8221;][vc_column data_aos=&#8221;fade-in&#8221;]<\/p>\n<div class=\"blocktitle title-center title-dark\" clearfix\"><H2>Services<\/H2><\/p>\n<h4>Pr\u00eat personnel, rachat de pr\u00eat, rachat de leasing, rachat et regroupement de soldes de carte de cr\u00e9dit, carte de cr\u00e9dit, mais aussi aide au d\u00e9sendettement: nos sp\u00e9cialistes vous accompagnent et vous conseillent dans tous ces domaines.<\/h4>\n<\/div>\n<p>[vc_row_inner][vc_column_inner el_class=&#8221;checklist&#8221; width=&#8221;1\/2&#8243;][vc_column_text]<\/p>\n<h3 style=\"text-align: left;\"><span class=\"ez-toc-section\" id=\"Vous_etes\"><\/span>Vous \u00eates\u00a0:<span class=\"ez-toc-section-end\"><\/span><\/h3>\n<p style=\"text-align: left;\">Salari\u00e9s, fonctionnaires, cadres, dirigeants, fonctionnaires internationaux, frontaliers, expatri\u00e9s\u2026<\/p>\n<p style=\"text-align: left;\">Nous travaillons r\u00e9guli\u00e8rement avec vous pour une nouvelle offre ou simplement un conseil.<\/p>\n<p>[\/vc_column_text][vc_empty_space][vc_column_text css=&#8221;.vc_custom_1622033567808{padding-top: 32px !important;}&#8221;]<\/p>\n<h3 style=\"text-align: left;\"><span class=\"ez-toc-section\" id=\"Vous_cherchez_une_solution_specifique\"><\/span>Vous cherchez une solution sp\u00e9cifique ?<span class=\"ez-toc-section-end\"><\/span><\/h3>\n<p style=\"text-align: left;\">N&#8217;h\u00e9sitez pas \u00e0 faire appel \u00e0 notre agence de cr\u00e9dit par t\u00e9l\u00e9phone, \u00e0 explorer notre site web ou encore \u00e0 effectuer <a href=\"https:\/\/multicredit.ch\/fr\/demande-de-credit\/\">une demande de pr\u00eat gratuite<\/a> et confidentielle directement via notre formulaire en ligne.<\/p>\n<p>[\/vc_column_text][\/vc_column_inner][vc_column_inner el_class=&#8221;checklist&#8221; width=&#8221;1\/2&#8243;][vc_column_text]<\/p>\n<ul>\n<li>Nous traitons\u00a0les demandes de cr\u00e9dit chaque ann\u00e9e\u00a0<strong>\u00e0 travers toute la Suisse<\/strong><\/li>\n<li>Nous traitons plus de <strong>15&#8217;000 demandes par an<\/strong><\/li>\n<li>Dans notre agence, une dizaine de collaborateurs, <strong>experts<\/strong> et <strong>conseillers<\/strong> sont \u00e0 votre service<\/li>\n<li>Nous traitons les dossiers dans la langue des nombreuses nationalit\u00e9s qui nous sollicitent (<strong>fran\u00e7ais, allemand, anglais, italien, portugais, espagnol, turc, .<\/strong>..)<\/li>\n<li>Un <strong>conseil global<\/strong> vous est apport\u00e9 pour trouver une solution adapt\u00e9e \u00e0 chaque situation<\/li>\n<li>Nous disposons d\u2019un large portefeuille de produits correspondant \u00e0 <strong>tous les besoins<\/strong><\/li>\n<li>Vos donn\u00e9es sont h\u00e9berg\u00e9es en <strong>Suisse<\/strong> uniquement via des <strong>serveurs s\u00e9curis\u00e9s<\/strong><\/li>\n<li>Une <strong>prise en charge<\/strong> de votre dossier<strong> en moins de 24h <\/strong>est garantie<\/li>\n<li>Nous proposons des <strong>taux de cr\u00e9dit inf\u00e9rieurs \u00e0 la concurrence<\/strong><\/li>\n<li><strong>Nous fournissons non seulement une offre de pr\u00eat, mais aussi une analyse financi\u00e8re suppl\u00e9mentaire et des recommandations personnalis\u00e9es.<\/strong><\/li>\n<\/ul>\n<p>[\/vc_column_text][\/vc_column_inner][\/vc_row_inner][vc_empty_space][vc_empty_space][vc_separator][\/vc_column][\/vc_row]<\/section>\n","protected":false},"excerpt":{"rendered":"<p>Proche de vous depuis 1999<\/p>\n","protected":false},"author":4,"featured_media":30784,"parent":0,"menu_order":-6,"comment_status":"closed","ping_status":"closed","template":"","meta":{"inline_featured_image":false,"footnotes":"","_links_to":"","_links_to_target":""},"categories":[],"class_list":["post-7","page","type-page","status-publish","has-post-thumbnail","hentry"],"_links":{"self":[{"href":"https:\/\/multicredit.ch\/fr\/wp-json\/wp\/v2\/pages\/7","targetHints":{"allow":["GET"]}}],"collection":[{"href":"https:\/\/multicredit.ch\/fr\/wp-json\/wp\/v2\/pages"}],"about":[{"href":"https:\/\/multicredit.ch\/fr\/wp-json\/wp\/v2\/types\/page"}],"author":[{"embeddable":true,"href":"https:\/\/multicredit.ch\/fr\/wp-json\/wp\/v2\/users\/4"}],"replies":[{"embeddable":true,"href":"https:\/\/multicredit.ch\/fr\/wp-json\/wp\/v2\/comments?post=7"}],"version-history":[{"count":143,"href":"https:\/\/multicredit.ch\/fr\/wp-json\/wp\/v2\/pages\/7\/revisions"}],"predecessor-version":[{"id":27638,"href":"https:\/\/multicredit.ch\/fr\/wp-json\/wp\/v2\/pages\/7\/revisions\/27638"}],"wp:featuredmedia":[{"embeddable":true,"href":"https:\/\/multicredit.ch\/fr\/wp-json\/wp\/v2\/media\/30784"}],"wp:attachment":[{"href":"https:\/\/multicredit.ch\/fr\/wp-json\/wp\/v2\/media?parent=7"}],"wp:term":[{"taxonomy":"category","embeddable":true,"href":"https:\/\/multicredit.ch\/fr\/wp-json\/wp\/v2\/categories?post=7"}],"curies":[{"name":"wp","href":"https:\/\/api.w.org\/{rel}","templated":true}]}}