{"id":371,"date":"2020-03-24T08:14:50","date_gmt":"2020-03-24T08:14:50","guid":{"rendered":"https:\/\/multicredit.ch\/wp\/?page_id=371"},"modified":"2021-06-16T14:29:42","modified_gmt":"2021-06-16T14:29:42","slug":"calculateur-de-budget","status":"publish","type":"page","link":"https:\/\/multicredit.ch\/fr\/calculateur-de-budget\/","title":{"rendered":"Calculateur de budget"},"content":{"rendered":"<section class=\"wpb-content-wrapper\">[vc_row full_width=&#8221;stretch_row&#8221; el_class=&#8221;gradient-bck bigpadding&#8221;][vc_column]<\/p>\n<div class=\"blocktitle title-center title-light\" clearfix\"><H2><span class=\"ez-toc-section\" id=\"Calculateur_de_budget_temoignages\"><\/span>Calculateur de budget : t\u00e9moignages<\/H2><\/p>\n<h4>Ils nous parlent de leurs projets<\/h4>\n<\/div>\n<p>[\/vc_column][\/vc_row][vc_row full_width=&#8221;stretch_row&#8221; el_class=&#8221;light-grey-bck bigpadding&#8221;][vc_column width=&#8221;1\/2&#8243; data_aos=&#8221;fade-in&#8221; data_aos_delay=&#8221;250&#8243;][vc_column_text]<\/p>\n<h2><span class=\"ez-toc-section\" id=\"Le_temoignage_de_Marie_et_Jean_pret_renouvelable_rapide_et_facile\"><\/span>Le t\u00e9moignage de Marie et Jean, pr\u00eat renouvelable rapide et facile<span class=\"ez-toc-section-end\"><\/span><\/h2>\n<p>Jeunes retrait\u00e9s propri\u00e9taires d&#8217;une maison avec jardin, Marie et Jean ont souhait\u00e9 pouvoir am\u00e9nager leur terrain pour y ajouter une piscine, en pensant tout particulier aux visites fr\u00e9quentes de leurs petits enfants.<\/p>\n<h3><span class=\"ez-toc-section\" id=\"Leur_projet\"><\/span>Leur projet<span class=\"ez-toc-section-end\"><\/span><\/h3>\n<p>Marie et Jean ignorent le co\u00fbt exact des travaux, mais estiment ceux-ci \u00e0 20&#8217;000 Chf et souhaitent entamer ceux-ci sans d\u00e9lai. Ils font donc appel \u00e0 MultiCredit pour obtenir<a href=\"https:\/\/multicredit.ch\/fr\/credit\/rachat-de-pret\/rachat-de-credit-en-cours\/\"> <b>un cr\u00e9dit renouvelable rapide<\/b><\/a>\u00a0qui puisse s&#8217;adapter facilement \u00e0 leurs besoins.<\/p>\n<h3><span class=\"ez-toc-section\" id=\"La_demande_de_pret_renouvelable\"><\/span>La demande de pr\u00eat renouvelable<span class=\"ez-toc-section-end\"><\/span><\/h3>\n<p>Pour obtenir une offre gratuite et sans engagement un couple retrait\u00e9 n&#8217;a qu&#8217;\u00e0 fournir comme documents une copie des pi\u00e8ces d&#8217;identit\u00e9, une copie de la police <a href=\"https:\/\/www.fedlex.admin.ch\/eli\/cc\/1995\/1328_1328_1328\/fr\" target=\"_blank\" rel=\"noopener\">LAMal<\/a> (assurance maladie de base), ainsi qu&#8217;une copie des d\u00e9cisions de rente. Marie et Jean pr\u00e9f\u00e9rant l&#8217;utilisation du t\u00e9l\u00e9phone, ils ont pu effectuer leur demande tr\u00e8s simplement en contactant notre agence et nous envoyer une copie de leurs documents par courrier postal.<\/p>\n<h3><span class=\"ez-toc-section\" id=\"Notre_offre\"><\/span>Notre offre<span class=\"ez-toc-section-end\"><\/span><\/h3>\n<p>Une fois les documents re\u00e7us, notre \u00e9quipe a su rapidement proposer une solution de pr\u00eat de 25&#8217;000.- sur 60 mois. Avec un taux de 6.9%, cela repr\u00e9sente une mensualit\u00e9 fixe de 595.- seulement, qui comprend amortissement du pr\u00eat et paiement des int\u00e9r\u00eats. Le contrat re\u00e7u et sign\u00e9, Marie et Jean ont pu recevoir leur argent directement sur leur compte bancaire dans les 14 jours.[\/vc_column_text][\/vc_column][vc_column width=&#8221;1\/2&#8243; data_aos=&#8221;fade-left&#8221; el_class=&#8221;sticky&#8221;][vc_single_image image=&#8221;11516&#8243; img_size=&#8221;full&#8221; alignment=&#8221;center&#8221;][\/vc_column][\/vc_row][vc_row full_width=&#8221;stretch_row&#8221; el_class=&#8221;white-bck bigpadding&#8221;][vc_column width=&#8221;1\/2&#8243; data_aos=&#8221;fade-right&#8221; el_class=&#8221;sticky&#8221;][vc_single_image image=&#8221;11511&#8243; img_size=&#8221;full&#8221; alignment=&#8221;center&#8221;][\/vc_column][vc_column width=&#8221;1\/2&#8243; data_aos=&#8221;fade-in&#8221; data_aos_delay=&#8221;250&#8243;][vc_column_text]<\/p>\n<h2><span class=\"ez-toc-section\" id=\"Le_temoignage_de_Lucie_et_Antoine_sur_une_reserve_dargent_de_5000\"><\/span>Le t\u00e9moignage de Lucie et Antoine, sur une r\u00e9serve d&#8217;argent de 5&#8217;000.-<span class=\"ez-toc-section-end\"><\/span><\/h2>\n<p>Antoine travaille comme infirmier \u00e0 Gen\u00e8ve, tandis que Lucie s&#8217;occupe de leur fille unique de 3 ans. Suite \u00e0 plusieurs d\u00e9penses li\u00e9es \u00e0 l&#8217;am\u00e9nagement de leur salon, <b>le couple a besoin d&#8217;une r\u00e9serve financi\u00e8re d&#8217;environ 5&#8217;000 Chf<\/b>.<\/p>\n<h3><span class=\"ez-toc-section\" id=\"La_demande_de_credit\"><\/span>La demande de cr\u00e9dit<span class=\"ez-toc-section-end\"><\/span><\/h3>\n<p>Pour effectuer leur demande de pr\u00eat, Lucie et Antoine se sont directement adress\u00e9s \u00e0 MultiCredit par t\u00e9l\u00e9phone. Ils ont opt\u00e9 pour un remboursement sur 24 mois, ce qui leur laisse une marge budg\u00e9taire confortable afin de faire face aux impr\u00e9vus.<\/p>\n<h3><span class=\"ez-toc-section\" id=\"Notre_proposition\"><\/span>Notre proposition<span class=\"ez-toc-section-end\"><\/span><\/h3>\n<p>Apr\u00e8s \u00e9tude du dossier (selon le calculateur de budget) et des documents envoy\u00e9s, notre \u00e9quipe a pu n\u00e9gocier aupr\u00e8s de nos partenaires une offre de pr\u00eat de maximum 10&#8217;000 Chf sur 24 mois, avec un taux de 6.9%. N&#8217;ayant pas besoin d&#8217;une telle r\u00e9serve d&#8217;argent, le couple a choisi un emprunt de 8&#8217;000 Chf, soit un co\u00fbt mensuel de 357 Chf.<\/p>\n<h3><span class=\"ez-toc-section\" id=\"Utilisation_de_la_reserve_financiere\"><\/span>Utilisation de la r\u00e9serve financi\u00e8re<span class=\"ez-toc-section-end\"><\/span><\/h3>\n<p>Une fois l&#8217;argent du pr\u00eat vers\u00e9, Lucie et Antoine sont libres d&#8217;utiliser le montant obtenu selon leurs besoins et leurs envies. Avec cette r\u00e9serve d&#8217;argent, Antoine a ainsi pu payer les derni\u00e8res factures li\u00e9es \u00e0 l&#8217;am\u00e9nagement de leur salon, acheter un nouveau lit pour leur fille, ainsi qu&#8217;un v\u00e9lo neuf pour lui-m\u00eame et son \u00e9pouse.[\/vc_column_text][\/vc_column][\/vc_row][vc_row full_width=&#8221;stretch_row&#8221; el_class=&#8221;light-grey-bck bigpadding&#8221;][vc_column width=&#8221;1\/2&#8243; data_aos=&#8221;fade-in&#8221; data_aos_delay=&#8221;250&#8243;][vc_column_text]<\/p>\n<h2><span class=\"ez-toc-section\" id=\"Le_temoignage_dHanelore_et_Kevin_achat_dun_kayak_avec_un_pret_prive\"><\/span>Le t\u00e9moignage d&#8217;Hanelore et Kevin: achat d&#8217;un kayak avec un pr\u00eat priv\u00e9<span class=\"ez-toc-section-end\"><\/span><\/h2>\n<p>Hanelore est coiffeuse tandis que Kevin est m\u00e9decin-v\u00e9t\u00e9rinaire. Tous deux vivent en concubinage depuis maintenant 2 ans. Afin de tenter de nouvelles aventures, le couple a d\u00e9cid\u00e9 de s&#8217;offrir deux kayaks, et se sont pench\u00e9s sur la solution du pr\u00eat priv\u00e9 afin de financer ce projet.<\/p>\n<h3><span class=\"ez-toc-section\" id=\"Le_projet_le_choix_du_modele_de_kayak\"><\/span>Le projet: le choix du mod\u00e8le de kayak<span class=\"ez-toc-section-end\"><\/span><\/h3>\n<p>S&#8217;il est possible d&#8217;acheter des kayaks gonflables pour des prix avoisinant les 500 Chf, le couple a pr\u00e9f\u00e9r\u00e9 choisir la qualit\u00e9. Au final, ils ont opt\u00e9 pour:<\/p>\n<ul>\n<li>Deux kayaks de loisir, monoplace, \u00e0 1680.- chacun<\/li>\n<li>Une remorque de transport pour kayaks valant 2&#8217;200.-<\/li>\n<li>Soit un co\u00fbt total de\u00a0<b>4&#8217;580.-<\/b><\/li>\n<\/ul>\n<h3><span class=\"ez-toc-section\" id=\"A_quel_nom_faire_la_demande_demprunt\"><\/span>A quel nom faire la demande d&#8217;emprunt ?<span class=\"ez-toc-section-end\"><\/span><\/h3>\n<p>Hanelore et Kevin n&#8217;\u00e9tant pas mari\u00e9s, ils ont n&#8217;ont pas eu la possibilit\u00e9 faire une demande &#8220;commune&#8221; qui prenne en compte leurs revenus combin\u00e9s. Comme Kevin, m\u00e9decin de profession et employ\u00e9 dans une clinique, gagne plus que Hanelore, ils ont d\u00e9cid\u00e9 de r\u00e9aliser l&#8217;emprunt en son nom. Comme ils vivent en m\u00e9nage, il a \u00e9t\u00e9 possible d&#8217;optimiser le budget en consid\u00e9rant que Kevin ne paye &#8220;que&#8221; la moiti\u00e9 du loyer.<\/p>\n<h3><span class=\"ez-toc-section\" id=\"Calculateur_de_budget_loffre\"><\/span>Calculateur de budget : l&#8217;offre<span class=\"ez-toc-section-end\"><\/span><\/h3>\n<p>Kevin ayant une bonne situation, notre \u00e9quipe a pu leur proposer un pr\u00eat de 5&#8217;000 Chf sur 12 mois. Avec une dur\u00e9e de remboursement courte, la mensualit\u00e9 est un peu plus \u00e9lev\u00e9e, mais l&#8217;int\u00e9r\u00eat total tr\u00e8s avantageux. En effet, avec un taux de 6.9%, le couple n&#8217;aura \u00e0 payer <b>que 183 Chf d&#8217;int\u00e9r\u00eat au total<\/b>! Avec l&#8217;argent obtenu, le couple a pu financer l&#8217;achat d&#8217;un kayak chacun sans difficult\u00e9.[\/vc_column_text][\/vc_column][vc_column width=&#8221;1\/2&#8243; data_aos=&#8221;fade-left&#8221; el_class=&#8221;sticky&#8221;][vc_single_image image=&#8221;12121&#8243; img_size=&#8221;full&#8221; alignment=&#8221;center&#8221;][\/vc_column][\/vc_row]<\/section>\n","protected":false},"excerpt":{"rendered":"<p>Budgetez facilement votre cr\u00e9dit<\/p>\n","protected":false},"author":4,"featured_media":11655,"parent":0,"menu_order":-2,"comment_status":"closed","ping_status":"closed","template":"template-budget-calculator.php","meta":{"inline_featured_image":false,"footnotes":"","_links_to":"","_links_to_target":""},"categories":[],"class_list":["post-371","page","type-page","status-publish","has-post-thumbnail","hentry"],"_links":{"self":[{"href":"https:\/\/multicredit.ch\/fr\/wp-json\/wp\/v2\/pages\/371","targetHints":{"allow":["GET"]}}],"collection":[{"href":"https:\/\/multicredit.ch\/fr\/wp-json\/wp\/v2\/pages"}],"about":[{"href":"https:\/\/multicredit.ch\/fr\/wp-json\/wp\/v2\/types\/page"}],"author":[{"embeddable":true,"href":"https:\/\/multicredit.ch\/fr\/wp-json\/wp\/v2\/users\/4"}],"replies":[{"embeddable":true,"href":"https:\/\/multicredit.ch\/fr\/wp-json\/wp\/v2\/comments?post=371"}],"version-history":[{"count":35,"href":"https:\/\/multicredit.ch\/fr\/wp-json\/wp\/v2\/pages\/371\/revisions"}],"predecessor-version":[{"id":15891,"href":"https:\/\/multicredit.ch\/fr\/wp-json\/wp\/v2\/pages\/371\/revisions\/15891"}],"wp:featuredmedia":[{"embeddable":true,"href":"https:\/\/multicredit.ch\/fr\/wp-json\/wp\/v2\/media\/11655"}],"wp:attachment":[{"href":"https:\/\/multicredit.ch\/fr\/wp-json\/wp\/v2\/media?parent=371"}],"wp:term":[{"taxonomy":"category","embeddable":true,"href":"https:\/\/multicredit.ch\/fr\/wp-json\/wp\/v2\/categories?post=371"}],"curies":[{"name":"wp","href":"https:\/\/api.w.org\/{rel}","templated":true}]}}