{"id":303,"date":"2020-03-10T14:39:48","date_gmt":"2020-03-10T14:39:48","guid":{"rendered":"https:\/\/multicredit.ch\/wp\/?page_id=303"},"modified":"2025-11-23T08:24:27","modified_gmt":"2025-11-23T08:24:27","slug":"pret-renovation-travaux","status":"publish","type":"page","link":"https:\/\/multicredit.ch\/fr\/credit\/pret-renovation-travaux\/","title":{"rendered":"Obtenir un pr\u00eat pour la r\u00e9novation ou la construction en 3 \u00e9tapes simples"},"content":{"rendered":"<section class=\"wpb-content-wrapper\">[vc_row el_class=&#8221;white-bck bigpadding&#8221;][vc_column data_aos=&#8221;fade-in&#8221;]<\/p>\n<div class=\"blocktitle title-center title-dark\" clearfix\"><H2><span class=\"ez-toc-section\" id=\"Financez_amenagements_et_habitations_grace_au_credit_travaux\"><\/span>Financez am\u00e9nagements et habitations gr\u00e2ce au cr\u00e9dit travaux<\/H2><\/p>\n<h4>Plus rapide et plus simple que l\u2019hypoth\u00e8que, profitez des meilleurs taux du march\u00e9.<\/h4>\n<\/div>\n<p>[vc_column_text el_class=&#8221;maxwidth&#8221;]<\/p>\n<p style=\"text-align: center;\">Pour d\u00e9m\u00e9nager, r\u00e9nover, remplacer une chaudi\u00e8re ou acheter du mobilier, MultiCredit vous conseille pour choisir la meilleure formule de pr\u00eat habitation ou cr\u00e9dit travaux en fonction de votre situation globale. R\u00e9alisez un emprunt \u00ab raisonnable \u00bb de CHF 3&#8217;000 \u00e0 CHF 400&#8217;000.<\/p>\n<p style=\"text-align: center;\">Engag\u00e9s pour nos clients depuis 1999, nous leur faisons b\u00e9n\u00e9ficier des meilleurs taux d\u2019int\u00e9r\u00eat\u00a0 du march\u00e9.<\/p>\n<p style=\"text-align: center;\"><strong>En 2 minutes, demandez gratuitement et sans engagement une offre en ligne ou contactez nos sp\u00e9cialistes.<\/strong><\/p>\n<p>[\/vc_column_text][\/vc_column][\/vc_row][vc_row full_width=&#8221;stretch_row&#8221; content_placement=&#8221;middle&#8221; el_class=&#8221;lightgrey-bck diagonal-bottom-bck bigpadding&#8221;][vc_column width=&#8221;1\/2&#8243; data_aos=&#8221;fade-in&#8221; data_aos_delay=&#8221;250&#8243; el_class=&#8221;checklist&#8221;]<\/p>\n<div class=\"blocktitle title-left title-dark\" clearfix\"><H2><span class=\"ez-toc-section\" id=\"Credit_travaux_la_solution_flexible_et_adaptable\"><\/span>Cr\u00e9dit travaux: la solution flexible et adaptable<\/H2><\/p>\n<h4>Budget serr\u00e9 ou d\u00e9penses importantes ? Nous adaptons le cr\u00e9dit au cas par cas.<\/h4>\n<\/div>\n<p>[vc_column_text]MultiCredit vous apporte une r\u00e9ponse personnalis\u00e9e pour financer vos travaux urgents ou votre projet de vie. Plus pr\u00e9cis\u00e9ment, les cr\u00e9dits travaux offrent les avantages suivants:<\/p>\n<ul>\n<li>Mensualit\u00e9s adapt\u00e9es \u00e0 votre budget sur une dur\u00e9e de 12 \u00e0 84 mois<\/li>\n<li>Proc\u00e9dures administratives all\u00e9g\u00e9es<\/li>\n<li>Traitement de votre dossier tr\u00e8s rapidement<\/li>\n<li>Modalit\u00e9s de remboursements selon vos pr\u00e9f\u00e9rences<\/li>\n<li>Nous n\u00e9gocions pour vous, avec nos partenaires, afin de vous faire b\u00e9n\u00e9ficier des conditions les plus avantageuses du march\u00e9<\/li>\n<\/ul>\n<p><strong>Dans ces conditions, le cr\u00e9dit travaux s&#8217;av\u00e8re \u00eatre une alternative avantageuse. D&#8217;autant plus qu&#8217;il permet d&#8217;obtenir des d\u00e9ductions fiscales et des regroupement de cr\u00e9dits. Y avez-vous song\u00e9 ?<\/strong>[\/vc_column_text][\/vc_column][vc_column width=&#8221;1\/2&#8243; data_aos=&#8221;fade-left&#8221;][vc_single_image image=&#8221;11511&#8243; img_size=&#8221;full&#8221; alignment=&#8221;center&#8221; css_animation=&#8221;none&#8221;][\/vc_column][\/vc_row][vc_row el_class=&#8221;white-bck bigpadding&#8221;][vc_column data_aos=&#8221;fade-in&#8221;]<\/p>\n<div class=\"blocktitle title-center title-dark\" clearfix\"><H2><span class=\"ez-toc-section\" id=\"Simplifiez_et_soufflez\"><\/span>Simplifiez et soufflez<\/H2><\/p>\n<h4>Confiez-nous votre dossier et nous faisons les d\u00e9marches administratives pour vous.<\/h4>\n<\/div>\n<p>[vc_column_text el_class=&#8221;maxwidth&#8221;]<\/p>\n<p style=\"text-align: center;\">Pour chaque dossier \u00e0 traiter, nous simplifions les d\u00e9marches administratives et nous vous conseillons rapidement.<\/p>\n<p style=\"text-align: center;\">Besoin d\u2019un cr\u00e9dit d\u00e9m\u00e9nagement rapidement\u00a0? Am\u00e9liorez votre confort, nous adaptons votre cr\u00e9dit.<\/p>\n<p style=\"text-align: center;\">En totalit\u00e9 ou en compl\u00e9ment de votre apport personnel, le cr\u00e9dit habitation est envisageable. Recevoir notre proposition de cr\u00e9dit habitation ne vous engage pas.<\/p>\n<p style=\"text-align: center;\"><strong>B\u00e9n\u00e9ficiez de tous les avantages du cr\u00e9dit habitation.<\/strong><\/p>\n<p>[\/vc_column_text][\/vc_column][\/vc_row][vc_row full_width=&#8221;stretch_row&#8221; content_placement=&#8221;middle&#8221; el_class=&#8221;lightgrey-bck bigpadding comp-neg-margin-bottom checklist&#8221;][vc_column width=&#8221;1\/2&#8243; data_aos=&#8221;fade-right&#8221;][vc_single_image image=&#8221;11516&#8243; img_size=&#8221;full&#8221; alignment=&#8221;center&#8221; css_animation=&#8221;none&#8221;][\/vc_column][vc_column width=&#8221;1\/2&#8243; data_aos=&#8221;fade-in&#8221; data_aos_delay=&#8221;250&#8243;]<\/p>\n<div class=\"blocktitle title-left title-dark\" clearfix\"><H2><span class=\"ez-toc-section\" id=\"Bien_plus_quun_simple_financement\"><\/span>Bien plus qu\u2019un simple financement<\/H2><\/p>\n<h4>Prendre un cr\u00e9dit chez nous peut aussi vous permettre de faire des \u00e9conomies.<\/h4>\n<\/div>\n<p>[vc_column_text]Le cr\u00e9dit habitation vous offre plus d\u2019options avantageuses.<\/p>\n<ul>\n<li>Contrairement \u00e0 l\u2019hypoth\u00e8que, le remboursement anticip\u00e9 est parfaitement l\u00e9gal et peut \u00eatre total ou partiel, \u00e0 tout moment.<\/li>\n<li>Trouvez plus rapidement une solution raisonnable \u00e0 votre besoin de liquidit\u00e9.<\/li>\n<li>Optez pour des mensualit\u00e9s qui ne vous mettent pas dans le rouge.<\/li>\n<li>Assurer vos arri\u00e8res avec une assurance mensualit\u00e9s en cas de d\u00e9c\u00e8s, et en option en cas de maladie, invalidit\u00e9, accident et incapacit\u00e9 de travail.<\/li>\n<\/ul>\n<p>Pour conclure, le cr\u00e9dit travaux se r\u00e9v\u00e8le une option \u00e0 ne pas \u00e9carter![\/vc_column_text][vc_column_text]Pour en savoir plus sur nos propositions de financement, compl\u00e9tez notre formulaire de demande de cr\u00e9dit en ligne en deux minutes seulement.<\/p>\n<p><strong>Recevez gratuitement une proposition sans engagement.<\/strong>[\/vc_column_text][\/vc_column][\/vc_row]<\/section>\n","protected":false},"excerpt":{"rendered":"<p>Les meilleurs taux pour le changement<\/p>\n","protected":false},"author":4,"featured_media":11563,"parent":235,"menu_order":0,"comment_status":"closed","ping_status":"closed","template":"template-credit.php","meta":{"inline_featured_image":false,"footnotes":"","_links_to":"","_links_to_target":""},"categories":[8],"class_list":["post-303","page","type-page","status-publish","has-post-thumbnail","hentry","category-credit-immobilier"],"_links":{"self":[{"href":"https:\/\/multicredit.ch\/fr\/wp-json\/wp\/v2\/pages\/303","targetHints":{"allow":["GET"]}}],"collection":[{"href":"https:\/\/multicredit.ch\/fr\/wp-json\/wp\/v2\/pages"}],"about":[{"href":"https:\/\/multicredit.ch\/fr\/wp-json\/wp\/v2\/types\/page"}],"author":[{"embeddable":true,"href":"https:\/\/multicredit.ch\/fr\/wp-json\/wp\/v2\/users\/4"}],"replies":[{"embeddable":true,"href":"https:\/\/multicredit.ch\/fr\/wp-json\/wp\/v2\/comments?post=303"}],"version-history":[{"count":51,"href":"https:\/\/multicredit.ch\/fr\/wp-json\/wp\/v2\/pages\/303\/revisions"}],"predecessor-version":[{"id":17723,"href":"https:\/\/multicredit.ch\/fr\/wp-json\/wp\/v2\/pages\/303\/revisions\/17723"}],"up":[{"embeddable":true,"href":"https:\/\/multicredit.ch\/fr\/wp-json\/wp\/v2\/pages\/235"}],"wp:featuredmedia":[{"embeddable":true,"href":"https:\/\/multicredit.ch\/fr\/wp-json\/wp\/v2\/media\/11563"}],"wp:attachment":[{"href":"https:\/\/multicredit.ch\/fr\/wp-json\/wp\/v2\/media?parent=303"}],"wp:term":[{"taxonomy":"category","embeddable":true,"href":"https:\/\/multicredit.ch\/fr\/wp-json\/wp\/v2\/categories?post=303"}],"curies":[{"name":"wp","href":"https:\/\/api.w.org\/{rel}","templated":true}]}}